{"id":4198,"date":"2020-04-22T09:42:02","date_gmt":"2020-04-22T09:42:02","guid":{"rendered":"https:\/\/multihoster.org\/easybytez-2\/"},"modified":"2020-04-22T11:16:42","modified_gmt":"2020-04-22T11:16:42","slug":"easybytez-2","status":"publish","type":"page","link":"https:\/\/multihoster.org\/es\/easybytez-2\/","title":{"rendered":"Easybytez Premium Cuenta: El Filehoster De Un Vistazo"},"content":{"rendered":"\n<figure class=\"wp-block-image\"><img src=\"https:\/\/lh3.googleusercontent.com\/7sfcXzV_u2BPeouW-wuBjXqm-MqY932QRkL-JyOSuK8zPkTenI_E2y9N1CSskXlVvXUk4p9xSKJGO8Sf6Ih44wVJ_hMs6n57ybNKpCeG-IQrrKkupcu--8JouUcWxCYFXSUN36E\" alt=\"Easybytez logo\"\/><\/figure>\n\n\n\n<p>Easybytez es un proveedor de alojamiento de archivos que ofrece descargas y subidas de archivos en cualquier momento y lugar. Se admiten muchos tipos de archivos para la subida, como fotos, v\u00eddeos, documentos y archivos archivados. A diferencia de otros proveedores de alojamiento de archivos m\u00e1s caros, complejos y complicados, Easybytez hace honor a su nombre al poner a tu alcance un alojamiento de archivos f\u00e1cil y de primera calidad.  Cargar y descargar archivos de Easybytez es gratuito, sin embargo, si deseas experimentar el servicio de cuenta premium de Easybytez y aprovechar las caracter\u00edsticas que ofrece, registrarse en una cuenta premium es muy f\u00e1cil. Desde s\u00f3lo 3,99 d\u00f3lares, puedes aprovechar al m\u00e1ximo la cuenta premium de Easybytez durante 7 d\u00edas. Puedes descargar archivos de m\u00faltiples hosts, tener tiempo de almacenamiento ilimitado para tus archivos, pausar y reanudar las descargas, tablero de anuncios gratuito y saltar los captchas. Lo que hace que la cuenta premium de Easybytez se destaque de otros sitios web es que puedes beneficiarte de todos ellos sin preocuparte por la seguridad y la protecci\u00f3n de tus archivos. En comparaci\u00f3n con los proveedores de alojamiento de archivos m\u00e1s populares de Internet, el servicio de Easybytez es m\u00e1s barato por un margen enorme y ofrece casi las mismas caracter\u00edsticas que se encuentran en esos sitios web.<\/p>\n\n\n<a class=\"maxbutton-2 maxbutton maxbutton-cta\" target=\"_blank\" rel=\"nofollow noopener\" href=\"\/go\/\"><span class='mb-text'>&gt;&gt; Ir a la p\u00e1gina web original de Linkifier<\/span><\/a>\n\n\n<p><\/p>\n\n\n\n<h2>LAS CARACTER\u00cdSTICAS DE LA CUENTA PREMIUM DE EASYBYTEZ<\/h2>\n\n\n\n<h3>INTERFAZ AMIGABLE PARA EL USUARIO<\/h3>\n\n\n\n<p>Con una interfaz de usuario f\u00e1cil de usar y entender, subir y bajar sus archivos al <a rel=\"noreferrer noopener\" aria-label=\"almacenamiento en la nube  (opens in a new tab)\" href=\"https:\/\/www.techopedia.com\/definition\/26535\/cloud-storage\" target=\"_blank\">almacenamiento en la nube <\/a>de Easybyte se ha hecho f\u00e1cil.  Disponer de una cuenta premium le permitir\u00e1 subir y descargar de forma r\u00e1pida y sencilla, sin la molestia de tener que pasar por diferentes enlaces o molestos anuncios. Para subir un archivo, puede arrastrar y soltar sus archivos en su navegador y la subida se iniciar\u00e1 autom\u00e1ticamente. Las descargas con un solo clic est\u00e1n disponibles para tus propios archivos, a los que se puede acceder f\u00e1cilmente a trav\u00e9s de tu perfil. Puedes compartir este enlace con quien desees, aunque el tiempo de que disponen para descargar y acceder a tu archivo es limitado, antes de que el enlace desaparezca y tengas que generar otro. Tambi\u00e9n puedes ordenar y organizar tus archivos subidos f\u00e1cilmente por categor\u00edas como el tama\u00f1o del archivo, la fecha de subida o el tipo de archivo, minimizando as\u00ed el tiempo de b\u00fasqueda de un determinado archivo en caso de que lo necesites. El sitio web de Easybytez es f\u00e1cilmente accesible para cualquier persona, siempre que est\u00e9 conectada a Internet a trav\u00e9s de sus ordenadores personales o dispositivos m\u00f3viles. Por ejemplo, cuando se necesita transferir un archivo de la computadora personal de la casa a otro dispositivo de la oficina en el trabajo, s\u00f3lo hay que cargarlo en casa y acceder a \u00e9l f\u00e1cilmente y descargar el archivo de otra computadora con unos pocos clics.<\/p>\n\n\n\n<h3>DURACI\u00d3N DE ALMACENAMIENTO DE ARCHIVOS ILIMITADA<\/h3>\n\n\n\n<p>Con una cuenta gratuita, cualquier archivo que subas se almacenar\u00e1 en los servidores hasta siete d\u00edas, y despu\u00e9s de eso se eliminar\u00e1 para siempre. Sin embargo, si usted est\u00e1 trabajando en archivos grandes que necesitan ser almacenados o respaldados remotamente por per\u00edodos de tiempo prolongados, el uso de una cuenta premium le permitir\u00e1 utilizar los servidores de almacenamiento en nube de Easybytez como una copia de seguridad secundaria para estos archivos. Las empresas y los peque\u00f1os negocios que buscan una copia de seguridad remota para sus archivos cr\u00edticos pueden beneficiarse m\u00e1s de estas caracter\u00edsticas. Hoy en d\u00eda es necesario contar con una soluci\u00f3n fiable de almacenamiento de copias de seguridad. Cuando usted ha eliminado accidentalmente un archivo importante en su computadora o dispositivo, usted puede acceder y recuperarlo f\u00e1cilmente desde los servidores en nube. Tenga la seguridad de que los archivos que subi\u00f3 nunca ser\u00e1n eliminados y siempre estar\u00e1n asegurados siempre y cuando ingrese a su cuenta premium por lo menos una vez cada 30 d\u00edas.<\/p>\n\n\n\n<h3>VELOCIDADES M\u00c1XIMAS DE CARGA Y DESCARGA<\/h3>\n\n\n\n<p>Tambi\u00e9n se dispone de velocidades m\u00e1ximas de descarga para las cuentas premium para asegurar una transferencia r\u00e1pida de archivos como documentos, fotos o v\u00eddeos. Las cuentas premium tambi\u00e9n tienen derecho a tener prioridades a la hora de descargar un archivo. Nunca tendr\u00e1s que esperar para descargar los archivos que necesites y todo se puede hacer con un solo clic, mientras que los usuarios gratuitos tienen restricciones como la de tener s\u00f3lo 1 archivo descargado en un momento dado. Las velocidades m\u00e1ximas de transferencia de archivos tambi\u00e9n est\u00e1n incluidas en la cuenta premium, lo que te permite subir m\u00e1s archivos en un corto per\u00edodo de tiempo. El uso de <a rel=\"noreferrer noopener\" aria-label=\"gestores de descarga (opens in a new tab)\" href=\"https:\/\/encyclopedia2.thefreedictionary.com\/download+manager\" target=\"_blank\">gestores de descarga<\/a> tambi\u00e9n est\u00e1 permitido para los usuarios premium para garantizar que se utiliza la m\u00e1xima velocidad proporcionada por el proveedor de servicios y le permite organizar sus descargas de la forma que le resulte m\u00e1s conveniente. Los usuarios gratuitos s\u00f3lo pueden subir un archivo a la vez con un l\u00edmite de 200mb por archivo, mientras que los usuarios con cuenta premium pueden subir varios archivos a la vez, con un tama\u00f1o m\u00e1ximo de subida de 5gb por archivo.<\/p>\n\n\n\n<h3>M\u00daLTIPLES DESCARGAS Y REANUDACI\u00d3N DE LAS DESCARGAS<\/h3>\n\n\n\n<p>Los usuarios de la cuenta premium de Easybytez pueden descargar varios archivos a la vez. Sin tener que esperar a que un archivo termine de descargarse, puede comenzar a descargar archivos enormes e inmediatamente descargar otro. Esto te ahorrar\u00e1 tiempo si est\u00e1s descargando archivos grandes, como v\u00eddeos que se dividen en varios archivos. La reanudaci\u00f3n de las descargas tambi\u00e9n est\u00e1 permitida cuando se suscribe a un plan premium. En caso de que necesites hacer una pausa en la descarga de un archivo, la pr\u00f3xima vez que reanudes la descarga del archivo comenzar\u00e1 justo donde lo dejaste, incluso si apagaste el equipo y saliste del navegador. La comodidad de tener que reanudar la descarga de archivos est\u00e1 a su disposici\u00f3n cuando se hace uso de la cuenta premium de Easybyte. Los usuarios de la cuenta premium pueden subir hasta 5gb por archivo, y estos pueden ser almacenados indefinidamente en los servidores en nube de Easybytez.<\/p>\n\n\n<a class=\"maxbutton-2 maxbutton maxbutton-cta\" target=\"_blank\" rel=\"nofollow noopener\" href=\"\/go\/\"><span class='mb-text'>&gt;&gt; Ir a la p\u00e1gina web original de Linkifier<\/span><\/a>\n\n\n<p><\/p>\n\n\n\n<h3>PUBLICIDAD E INTERFAZ LIBRE DE CAPTCHA<\/h3>\n\n\n\n<p>La mayor\u00eda de los sitios web tienen anuncios para apoyar su financiaci\u00f3n para mantenerlo en funcionamiento. Los <a rel=\"noreferrer noopener\" aria-label=\"CAPTCHAs  (opens in a new tab)\" href=\"https:\/\/techterms.com\/definition\/captcha\" target=\"_blank\">CAPTCHAs <\/a>se implementan para evitar que los bots env\u00eden spam en las descargas y subidas de contenido a los servidores. Los usuarios de cuentas premium tienen el privilegio de una interfaz sin anuncios y no necesitan responder a los captchas para empezar a subir o bajar archivos. Esto asegura que los usuarios gratuitos no interfieran y sobrecarguen las <a rel=\"noreferrer noopener\" aria-label=\"capacidades de ancho de banda (opens in a new tab)\" href=\"https:\/\/techterms.com\/definition\/bandwidth\" target=\"_blank\">capacidades de ancho de banda<\/a> del servidor y proporciona a las cuentas premium la prioridad a la hora de descargar archivos.<\/p>\n\n\n\n<h3>ALOJAMIENTO DE ARCHIVOS BARATO Y A LA VEZ SEGURO<\/h3>\n\n\n\n<p>Las contrase\u00f1as pueden ser usadas para proteger tus archivos personales como fotos y videos. Otros usuarios pueden buscar y descargar archivos de cualquier persona en todo el mundo y, al poner una contrase\u00f1a segura a sus archivos, no pueden descargarlos sin su contrase\u00f1a y su permiso. Se utilizan m\u00e9todos de seguridad extendidos al subir y bajar archivos para evitar comportamientos innecesarios e intrusivos. En caso de un acceso desconocido a su cuenta, (como el acceso desde un dispositivo que no utiliza habitualmente o desde una direcci\u00f3n IP no reconocida) se le enviar\u00e1 un correo electr\u00f3nico de confirmaci\u00f3n para confirmar su identidad.<\/p>\n\n\n\n<p>Ning\u00fan otro servicio de alojamiento de archivos se acerca a las caracter\u00edsticas de la cuenta premium de EasyBytez. A partir de $3.99, puedes utilizar todos los beneficios de ser titular de una cuenta premium por 7 d\u00edas. Renovar su suscripci\u00f3n le dar\u00e1 un descuento, y al disponer de una cuenta premium de mayor duraci\u00f3n disfrutar\u00e1 de descuentos de hasta un 25%. El pago de EasyBytez premium es seguro e instant\u00e1neo. La mayor\u00eda de las tarjetas de cr\u00e9dito como Mastercard, Visa, Citibank o American Express son aceptadas en la p\u00e1gina de pago. Tambi\u00e9n hay varios proveedores de pago disponibles en la p\u00e1gina web si los encuentra m\u00e1s convenientes que los m\u00e9todos de pago tradicionales. El pago realizado en el sitio web de Easybytez es r\u00e1pido y seguro.<\/p>\n\n\n\n<h2>CUENTA GRATUITA FRENTE A UNA CUENTA PREMIUM<\/h2>\n\n\n\n<figure class=\"wp-block-table\"><table class=\"\"><tbody><tr><td>CARACTER\u00cdSTICAS<\/td><td>GRATIS<\/td><td>PREMIUM<\/td><\/tr><tr><td>VELOCIDAD DE DESCARGA<\/td><td>300Kb\/s<\/td><td>ILIMITADO<\/td><\/tr><tr><td>ANCHO DE BANDA<\/td><td>LIMITADA<\/td><td>M\u00c1XIMO<\/td><\/tr><tr><td>ANUNCIOS Y CAPTCHA<\/td><td>S\u00cd<\/td><td>NO<\/td><\/tr><tr><td>N\u00daMERO DE ARCHIVOS POR DESCARGA<\/td><td>1 A LA VEZ<\/td><td>HASTA 5 ARCHIVOS<\/td><\/tr><tr><td>CAPACIDAD DE DESCARGA<\/td><td>1GB\/HORA<\/td><td>ILIMITADO<\/td><\/tr><tr><td>TAMA\u00d1O M\u00c1XIMO DEL ARCHIVO PARA SUBIRLO<\/td><td>200MB<\/td><td>5GB<\/td><\/tr><tr><td>REANUDACI\u00d3N DE LAS DESCARGAS<\/td><td>NO<\/td><td>PERMITIDO<\/td><\/tr><tr><td>APOYO A LOS GESTORES DE DESCARGAS<\/td><td>NO<\/td><td>S\u00cd<\/td><\/tr><tr><td>DESCARGAS INSTANT\u00c1NEAS<\/td><td>NO<\/td><td>S\u00cd<\/td><\/tr><\/tbody><\/table><\/figure>\n\n\n\n<h2>ES F\u00c1CIL HACER USO DE UNA CUENTA PREMIUM<\/h2>\n\n\n\n<p>Es f\u00e1cil hacer uso de una cuenta premium si as\u00ed lo desea. En la p\u00e1gina web de Easybytez s\u00f3lo tienes que hacer clic en la pesta\u00f1a PREMIUM que se encuentra en la parte superior de la p\u00e1gina web. Esto te llevar\u00e1 a la p\u00e1gina de registro. Rellene la informaci\u00f3n necesaria e importante, elija la duraci\u00f3n de su suscripci\u00f3n y se le proporcionar\u00e1n los m\u00e9todos de pago. Tambi\u00e9n se le enviar\u00e1 un correo electr\u00f3nico para la confirmaci\u00f3n de su registro junto con los datos de su cuenta. <\/p>\n\n\n\n<figure class=\"wp-block-image\"><img src=\"https:\/\/lh6.googleusercontent.com\/XbpNEtdZIwyLYqDb6VDaBfktDsH_4QFTTdxK_4JYpbvaryOdF2KqUAK-mJm6sfLFfUWbYCA6ESdCTpwelxYWwg-yFOp_ZxStE14vbCRgj9fgS39BWocuoHNxqQ6zg72MQWdCtR4\" alt=\"Easybytez premium account link\"\/><\/figure>\n\n\n\n<figure class=\"wp-block-image\"><img src=\"https:\/\/lh5.googleusercontent.com\/w3uqvoyy9XNtC6Gd_seRXm2oGWEmKi9Mgm6elv3umo3eQ21EWsymgjp7gS_iNMI6MmNeKs1TVuH51iGm-5J8wp2fZe_1xg9jIoQedv6-J-ef4xSrfmIu3ZaBJS4TGozQnE8Tqic\" alt=\"Easybytez user registration form\"\/><\/figure>\n\n\n\n<p>Se aconseja el pago con tarjeta de cr\u00e9dito ya que es r\u00e1pido, seguro y la mayor\u00eda de las veces el pago es instant\u00e1neo. Sin embargo, si no tiene tarjeta de cr\u00e9dito, tambi\u00e9n se aconseja el pago a trav\u00e9s de Paypal. Los m\u00e9todos de pago y los planes de suscripci\u00f3n se enumeran a continuaci\u00f3n.<\/p>\n\n\n\n<figure class=\"wp-block-table\"><table class=\"\"><tbody><tr><td>7 d\u00edas de prima<\/td><td>30 d\u00edas de prima<\/td><td>90 d\u00edas de prima<\/td><td>180 d\u00edas de prima<\/td><td>365 d\u00edas de prima<\/td><\/tr><tr><td>$3.99<\/td><td>$7.99<\/td><td>$17.99<\/td><td>$29.99<\/td><td>$54.99<\/td><\/tr><\/tbody><\/table><\/figure>\n\n\n\n<figure class=\"wp-block-image\"><img src=\"https:\/\/lh6.googleusercontent.com\/2cW4_B8fAFVEit8qPeWTkTYLv4VYbm0HSLnm24RPfRMPZE0-CoeF2ejrZosb5aF8Hp2KpD2A4cVupO70JC4qqYKNHpEjXqRR-Zwi1DlPI7vLdXl19eGEocdHHKHH5q2xjL_Mtek\" alt=\"Easybytez payment methods\"\/><\/figure>\n\n\n\n<h2>\u00bfES EASYBYTEZ SEGURO?<\/h2>\n\n\n\n<p>Easybytez asegura que toda la informaci\u00f3n compartida por sus usuarios, como la informaci\u00f3n de la tarjeta de cr\u00e9dito o su direcci\u00f3n de correo electr\u00f3nico, est\u00e1 segura. Cualquier informaci\u00f3n que tengan nunca se comparte con nadie. Incluso los archivos que has subido est\u00e1n asegurados y protegidos contra los hackers que intentan acceder a tus archivos sin tu consentimiento. Se han implementado protocolos avanzados de encriptaci\u00f3n y seguridad de archivos para protegerle a usted y a la privacidad de sus archivos. Aunque se permite subir cualquier archivo a los servidores, se inicia un an\u00e1lisis inicial de los archivos para detectar malware o actividades sospechosas.  Tambi\u00e9n se implementa un mantenimiento constante para evitar la p\u00e9rdida de datos. Todos los archivos subidos y almacenados en los servidores son propiedad del usuario y Easybytez no interfiere con ellos de ninguna manera. Siempre puede confiar en que los m\u00e9todos de seguridad de Easybytez se implementan para ahorrar tiempo y costes en sus necesidades de copia de seguridad y almacenamiento en l\u00ednea.<\/p>\n\n\n<a class=\"maxbutton-2 maxbutton maxbutton-cta\" target=\"_blank\" rel=\"nofollow noopener\" href=\"\/go\/\"><span class='mb-text'>&gt;&gt; Ir a la p\u00e1gina web original de Linkifier<\/span><\/a>\n\n\n<p><\/p>\n","protected":false},"excerpt":{"rendered":"<p>Easybytez es un proveedor de alojamiento de archivos que ofrece descargas y subidas de archivos en cualquier momento y lugar.<\/p>\n","protected":false},"author":2,"featured_media":0,"parent":0,"menu_order":0,"comment_status":"closed","ping_status":"closed","template":"","meta":[],"yoast_head":"<!-- This site is optimized with the Yoast SEO plugin v18.3 - https:\/\/yoast.com\/wordpress\/plugins\/seo\/ -->\n<title>Easybytez Premium Cuenta: El Filehoster De Un Vistazo<\/title>\n<meta name=\"description\" content=\"Si Easybytez es un proveedor de confianza o no, puedes encontrar la respuesta en el test actual en Multihoster.org \u279c Haz clic ahora \u271a para leer nuestras experiencias!\" \/>\n<meta name=\"robots\" content=\"index, follow, max-snippet:-1, max-image-preview:large, max-video-preview:-1\" \/>\n<link rel=\"canonical\" href=\"https:\/\/multihoster.org\/es\/easybytez-2\/\" \/>\n<meta property=\"og:locale\" content=\"es_ES\" \/>\n<meta property=\"og:type\" content=\"article\" \/>\n<meta property=\"og:title\" content=\"Easybytez Premium Cuenta: El Filehoster De Un Vistazo\" \/>\n<meta property=\"og:description\" content=\"Si Easybytez es un proveedor de confianza o no, puedes encontrar la respuesta en el test actual en Multihoster.org \u279c Haz clic ahora \u271a para leer nuestras experiencias!\" \/>\n<meta property=\"og:url\" content=\"https:\/\/multihoster.org\/es\/easybytez-2\/\" \/>\n<meta property=\"og:site_name\" content=\"Multihoster.org\" \/>\n<meta property=\"article:modified_time\" content=\"2020-04-22T11:16:42+00:00\" \/>\n<meta property=\"og:image\" content=\"https:\/\/lh3.googleusercontent.com\/7sfcXzV_u2BPeouW-wuBjXqm-MqY932QRkL-JyOSuK8zPkTenI_E2y9N1CSskXlVvXUk4p9xSKJGO8Sf6Ih44wVJ_hMs6n57ybNKpCeG-IQrrKkupcu--8JouUcWxCYFXSUN36E\" \/>\n<meta name=\"twitter:card\" content=\"summary\" \/>\n<meta name=\"twitter:label1\" content=\"Tiempo de lectura\" \/>\n\t<meta name=\"twitter:data1\" content=\"9 minutos\" \/>\n<script type=\"application\/ld+json\" class=\"yoast-schema-graph\">{\"@context\":\"https:\/\/schema.org\",\"@graph\":[{\"@type\":\"WebSite\",\"@id\":\"https:\/\/multihoster.org\/#website\",\"url\":\"https:\/\/multihoster.org\/\",\"name\":\"Multihoster.org\",\"description\":\"Reviews of the major Filehosting services\",\"potentialAction\":[{\"@type\":\"SearchAction\",\"target\":{\"@type\":\"EntryPoint\",\"urlTemplate\":\"https:\/\/multihoster.org\/?s={search_term_string}\"},\"query-input\":\"required name=search_term_string\"}],\"inLanguage\":\"es\"},{\"@type\":\"ImageObject\",\"@id\":\"https:\/\/multihoster.org\/es\/easybytez-2\/#primaryimage\",\"inLanguage\":\"es\",\"url\":\"https:\/\/lh3.googleusercontent.com\/7sfcXzV_u2BPeouW-wuBjXqm-MqY932QRkL-JyOSuK8zPkTenI_E2y9N1CSskXlVvXUk4p9xSKJGO8Sf6Ih44wVJ_hMs6n57ybNKpCeG-IQrrKkupcu--8JouUcWxCYFXSUN36E\",\"contentUrl\":\"https:\/\/lh3.googleusercontent.com\/7sfcXzV_u2BPeouW-wuBjXqm-MqY932QRkL-JyOSuK8zPkTenI_E2y9N1CSskXlVvXUk4p9xSKJGO8Sf6Ih44wVJ_hMs6n57ybNKpCeG-IQrrKkupcu--8JouUcWxCYFXSUN36E\"},{\"@type\":\"WebPage\",\"@id\":\"https:\/\/multihoster.org\/es\/easybytez-2\/#webpage\",\"url\":\"https:\/\/multihoster.org\/es\/easybytez-2\/\",\"name\":\"Easybytez Premium Cuenta: El Filehoster De Un Vistazo\",\"isPartOf\":{\"@id\":\"https:\/\/multihoster.org\/#website\"},\"primaryImageOfPage\":{\"@id\":\"https:\/\/multihoster.org\/es\/easybytez-2\/#primaryimage\"},\"datePublished\":\"2020-04-22T09:42:02+00:00\",\"dateModified\":\"2020-04-22T11:16:42+00:00\",\"description\":\"Si Easybytez es un proveedor de confianza o no, puedes encontrar la respuesta en el test actual en Multihoster.org \u279c Haz clic ahora \u271a para leer nuestras experiencias!\",\"breadcrumb\":{\"@id\":\"https:\/\/multihoster.org\/es\/easybytez-2\/#breadcrumb\"},\"inLanguage\":\"es\",\"potentialAction\":[{\"@type\":\"ReadAction\",\"target\":[\"https:\/\/multihoster.org\/es\/easybytez-2\/\"]}]},{\"@type\":\"BreadcrumbList\",\"@id\":\"https:\/\/multihoster.org\/es\/easybytez-2\/#breadcrumb\",\"itemListElement\":[{\"@type\":\"ListItem\",\"position\":1,\"name\":\"Startseite\",\"item\":\"https:\/\/multihoster.org\/es\/\"},{\"@type\":\"ListItem\",\"position\":2,\"name\":\"Easybytez Premium Cuenta: El Filehoster De Un Vistazo\"}]}]}<\/script>\n<!-- \/ Yoast SEO plugin. -->","yoast_head_json":{"title":"Easybytez Premium Cuenta: El Filehoster De Un Vistazo","description":"Si Easybytez es un proveedor de confianza o no, puedes encontrar la respuesta en el test actual en Multihoster.org \u279c Haz clic ahora \u271a para leer nuestras experiencias!","robots":{"index":"index","follow":"follow","max-snippet":"max-snippet:-1","max-image-preview":"max-image-preview:large","max-video-preview":"max-video-preview:-1"},"canonical":"https:\/\/multihoster.org\/es\/easybytez-2\/","og_locale":"es_ES","og_type":"article","og_title":"Easybytez Premium Cuenta: El Filehoster De Un Vistazo","og_description":"Si Easybytez es un proveedor de confianza o no, puedes encontrar la respuesta en el test actual en Multihoster.org \u279c Haz clic ahora \u271a para leer nuestras experiencias!","og_url":"https:\/\/multihoster.org\/es\/easybytez-2\/","og_site_name":"Multihoster.org","article_modified_time":"2020-04-22T11:16:42+00:00","og_image":[{"url":"https:\/\/lh3.googleusercontent.com\/7sfcXzV_u2BPeouW-wuBjXqm-MqY932QRkL-JyOSuK8zPkTenI_E2y9N1CSskXlVvXUk4p9xSKJGO8Sf6Ih44wVJ_hMs6n57ybNKpCeG-IQrrKkupcu--8JouUcWxCYFXSUN36E"}],"twitter_card":"summary","twitter_misc":{"Tiempo de lectura":"9 minutos"},"schema":{"@context":"https:\/\/schema.org","@graph":[{"@type":"WebSite","@id":"https:\/\/multihoster.org\/#website","url":"https:\/\/multihoster.org\/","name":"Multihoster.org","description":"Reviews of the major Filehosting services","potentialAction":[{"@type":"SearchAction","target":{"@type":"EntryPoint","urlTemplate":"https:\/\/multihoster.org\/?s={search_term_string}"},"query-input":"required name=search_term_string"}],"inLanguage":"es"},{"@type":"ImageObject","@id":"https:\/\/multihoster.org\/es\/easybytez-2\/#primaryimage","inLanguage":"es","url":"https:\/\/lh3.googleusercontent.com\/7sfcXzV_u2BPeouW-wuBjXqm-MqY932QRkL-JyOSuK8zPkTenI_E2y9N1CSskXlVvXUk4p9xSKJGO8Sf6Ih44wVJ_hMs6n57ybNKpCeG-IQrrKkupcu--8JouUcWxCYFXSUN36E","contentUrl":"https:\/\/lh3.googleusercontent.com\/7sfcXzV_u2BPeouW-wuBjXqm-MqY932QRkL-JyOSuK8zPkTenI_E2y9N1CSskXlVvXUk4p9xSKJGO8Sf6Ih44wVJ_hMs6n57ybNKpCeG-IQrrKkupcu--8JouUcWxCYFXSUN36E"},{"@type":"WebPage","@id":"https:\/\/multihoster.org\/es\/easybytez-2\/#webpage","url":"https:\/\/multihoster.org\/es\/easybytez-2\/","name":"Easybytez Premium Cuenta: El Filehoster De Un Vistazo","isPartOf":{"@id":"https:\/\/multihoster.org\/#website"},"primaryImageOfPage":{"@id":"https:\/\/multihoster.org\/es\/easybytez-2\/#primaryimage"},"datePublished":"2020-04-22T09:42:02+00:00","dateModified":"2020-04-22T11:16:42+00:00","description":"Si Easybytez es un proveedor de confianza o no, puedes encontrar la respuesta en el test actual en Multihoster.org \u279c Haz clic ahora \u271a para leer nuestras experiencias!","breadcrumb":{"@id":"https:\/\/multihoster.org\/es\/easybytez-2\/#breadcrumb"},"inLanguage":"es","potentialAction":[{"@type":"ReadAction","target":["https:\/\/multihoster.org\/es\/easybytez-2\/"]}]},{"@type":"BreadcrumbList","@id":"https:\/\/multihoster.org\/es\/easybytez-2\/#breadcrumb","itemListElement":[{"@type":"ListItem","position":1,"name":"Startseite","item":"https:\/\/multihoster.org\/es\/"},{"@type":"ListItem","position":2,"name":"Easybytez Premium Cuenta: El Filehoster De Un Vistazo"}]}]}},"_links":{"self":[{"href":"https:\/\/multihoster.org\/es\/wp-json\/wp\/v2\/pages\/4198"}],"collection":[{"href":"https:\/\/multihoster.org\/es\/wp-json\/wp\/v2\/pages"}],"about":[{"href":"https:\/\/multihoster.org\/es\/wp-json\/wp\/v2\/types\/page"}],"author":[{"embeddable":true,"href":"https:\/\/multihoster.org\/es\/wp-json\/wp\/v2\/users\/2"}],"replies":[{"embeddable":true,"href":"https:\/\/multihoster.org\/es\/wp-json\/wp\/v2\/comments?post=4198"}],"version-history":[{"count":3,"href":"https:\/\/multihoster.org\/es\/wp-json\/wp\/v2\/pages\/4198\/revisions"}],"predecessor-version":[{"id":4228,"href":"https:\/\/multihoster.org\/es\/wp-json\/wp\/v2\/pages\/4198\/revisions\/4228"}],"wp:attachment":[{"href":"https:\/\/multihoster.org\/es\/wp-json\/wp\/v2\/media?parent=4198"}],"curies":[{"name":"wp","href":"https:\/\/api.w.org\/{rel}","templated":true}]}}