{"id":4240,"date":"2020-04-22T11:30:45","date_gmt":"2020-04-22T11:30:45","guid":{"rendered":"https:\/\/multihoster.org\/yuvutu\/"},"modified":"2020-04-22T15:36:30","modified_gmt":"2020-04-22T15:36:30","slug":"yuvutu","status":"publish","type":"page","link":"https:\/\/multihoster.org\/es\/yuvutu\/","title":{"rendered":"Yuvutu Premium Cuenta: El mejor sitio de streaming de un vistazo"},"content":{"rendered":"\n<div class=\"wp-block-image\"><figure class=\"aligncenter\"><img src=\"https:\/\/lh5.googleusercontent.com\/ksS0ngJd_qKDwy5l-mYDrqPQU6ueIVHGZOFdfmxVLcbxiBXqjSVR4K0_Hn078Vvkoy_qdsFqx0RIGuNvEuyxbd2fgJS9FmPQYkoQ9RA47DyGh5reN8tGpEobW4Tw6QNkJaRunA9M\" alt=\"Yuvutu Premium Account: The Best Streaming Site at a Glance\"\/><\/figure><\/div>\n\n\n\n<p>Hay muchos sitios web de videos para adultos y los videos para adultos en alta definici\u00f3n se convirtieron f\u00e1cilmente en la tendencia, pero todos sabemos que estos videos con gui\u00f3n son cada vez m\u00e1s clich\u00e9s a medida que pasa el tiempo. Las investigaciones dicen que la mayor\u00eda de las personas que ven porno no s\u00f3lo basan sus b\u00fasquedas en la calidad de los videos o en las propias estrellas del porno. Hay un gran n\u00famero de personas que prefieren los videos realistas m\u00e1s que los de gui\u00f3n.<\/p>\n\n\n\n<p>Los videos para adultos ya han recorrido un largo camino. Ahora hay videos pornogr\u00e1ficos con RV que son populares entre el p\u00fablico joven. Otro es el de los videos interactivos donde depende de ti lo que los actores hagan en la siguiente escena. Muy atractivo, pero \u00bfno se siente muy poco natural? La industria del porno puede haberse desarrollado para un bien mayor pero tambi\u00e9n est\u00e1 reduciendo el p\u00fablico potencial al utilizar esquemas tan complejos en sus contenidos.<\/p>\n\n\n\n<p>Con todo lo que la industria del porno ha desarrollado, todav\u00eda hay sitios pornogr\u00e1ficos que se mantienen fieles a la idea principal de los videos para adultos. Yuvutu tiene como objetivo atender a todo tipo de personas que de alguna manera pueden tropezar con su sitio web.<\/p>\n\n\n<a class=\"maxbutton-2 maxbutton maxbutton-cta\" target=\"_blank\" rel=\"nofollow noopener\" href=\"\/go\/\"><span class='mb-text'>&gt;&gt; Ir a la p\u00e1gina web original de Linkifier <\/span><\/a>\n\n\n<p><\/p>\n\n\n\n<h2>\u00bfQu\u00e9 es Yuvutu?<\/h2>\n\n\n\n<p>Yuvutu es un sitio web de primera cuando se trata de videos porno amateur. Consiste en una biblioteca de miles de videos adultos de diferentes usuarios de todo el mundo. Tambi\u00e9n puedes subir tus v\u00eddeos caseros t\u00fa mismo y compartirlos con otros miles de usuarios. Yuvutu no es s\u00f3lo un archivo de v\u00eddeos adultos amateur, sino tambi\u00e9n un lugar para hacer un blog, conocer a otras personas y hacer nuevos amigos.<\/p>\n\n\n\n<p>Yuvutu tiene un enfoque muy refrescante. No como los sitios pornogr\u00e1ficos convencionales de alta definici\u00f3n, Yuvutu ofrece una sensaci\u00f3n m\u00e1s inmersiva y natural en el sitio web. Yuvutu no muestra a esas atractivas estrellas porno, sino que le da a la gente normal la oportunidad de tener una oportunidad en la industria pornogr\u00e1fica, permiti\u00e9ndoles subir y producir sus propios videos para adultos. La biblioteca consiste principalmente en videos hechos en casa. No esperes que tu estrella porno latina favorita est\u00e9 aqu\u00ed. En Yuvutu, destacan a las personas normales como t\u00fa.<\/p>\n\n\n\n<h2>Las cosas que nos encantan de Yuvutu<\/h2>\n\n\n\n<h3>Yuvutu y su \u00fanica biblioteca de contenidos<\/h3>\n\n\n\n<p>No es de extra\u00f1ar que Yuvutu tenga una amplia gama de audiencias en todo el planeta. Sus rangos demogr\u00e1ficos son de cualquier edad. Esto demuestra que Internet sigue estando en los videos m\u00e1s realistas, aquellos que parecen ser tomados con dispositivos de baja calidad. En realidad, es el atractivo de Yuvutu. Cuando hablamos de porno, lo primero que se me ocurre son sitios como Pornhub o Spankbang. Los videos en HD son muy entretenidos por su calidad porque honestamente queremos ver claramente lo que vinimos a buscar en cada sitio porno. Pero la forma en que la historia y las escenas son muy predecibles y el clich\u00e9 reduce la emoci\u00f3n. Yuvutu nos lleva al mundo m\u00e1s inmersivo de la gente com\u00fan y sus actividades despu\u00e9s de la noche. La secci\u00f3n VOD junto con VideoBox a\u00f1ade una forma m\u00e1s conveniente de transmitir videos al adquirir una cuenta Yuvutu Premium.<\/p>\n\n\n\n<figure class=\"wp-block-image\"><img src=\"https:\/\/lh3.googleusercontent.com\/YXGvwqX6IsjgPzcQQWPunCdHAv-JDBy9HlavQ6IbmtWdj1DV5KtvTzAiSOEX66_cLg3GvoNUp0xMVM3zB5mqCms_NOPZIxeHD5HH-ARrhwd-CtEApayx8218eLfhl3-UR_yKYm2L\" alt=\"Yuvutu Videos Library\"\/><\/figure>\n\n\n\n<h3>Yuvutu con su sitio web simplista<\/h3>\n\n\n\n<p>Si miras de cerca, la p\u00e1gina web de Yuvutu es muy b\u00e1sica. Incluso podemos decir que es muy primitiva. Sin embargo, esto a\u00f1adi\u00f3 al atractivo del sitio web. El dise\u00f1o b\u00e1sico del sitio web lo hace menos intimidante para la mayor\u00eda de la gente. Con el dise\u00f1o, m\u00e1s gente se dedica a explorar y subir su propio contenido. Esta cualidad de Yuvutu es muy atractiva para las audiencias, haci\u00e9ndola una de las mayores p\u00e1ginas web de c\u00e1maras en vivo de Internet.<\/p>\n\n\n\n<h3>Yuvutu tiene una de las mejores c\u00e1maras en vivo<\/h3>\n\n\n\n<p>Yuvutu es el hogar de las c\u00e1maras en vivo de calidad. Hay varios videos que se hicieron populares en Internet que tienen sus ra\u00edces en Yuvutu. En cierto sentido, toda la biblioteca de Yuvutu es un tesoro de c\u00e1maras de calidad, cada una \u00fanica a su manera. Dado que los principales actores de estas c\u00e1maras en vivo son las propias audiencias y suscriptores, puedes encontrar casi todo lo que buscas, desde las MILFs calientes hasta esos \u00e9banos calientes que s\u00f3lo quieren compa\u00f1\u00eda. Tambi\u00e9n puede proporcionar interacciones entre los propios clientes. Puedes pasar tu tiempo viendo las c\u00e1maras en vivo o puedes hacer tu propio show en vivo y reunir a tu propio p\u00fablico y fans.<\/p>\n\n\n<a class=\"maxbutton-2 maxbutton maxbutton-cta\" target=\"_blank\" rel=\"nofollow noopener\" href=\"\/go\/\"><span class='mb-text'>&gt;&gt; Ir a la p\u00e1gina web original de Linkifier <\/span><\/a>\n\n\n<h3>Yuvutu y su bulliciosa comunidad<\/h3>\n\n\n\n<p>Yuvutu est\u00e1 compuesto por casi cualquier persona que puedas imaginar. El sitio proporciona muchas maneras para que sus suscriptores se mezclen entre s\u00ed. Los chats en vivo son un ejemplo. Con el Live Chat, puedes conocer a otras personas alrededor del mundo que s\u00f3lo quieren una compa\u00f1\u00eda como t\u00fa. Y como la comunidad est\u00e1 compuesta por varias personas de todo el mundo, los Live Chats abren una ventana para las interacciones en el extranjero. Los Foros es otra forma de interactuar con diferentes usuarios que se re\u00fanen para compartir sus ideas y pensamientos sobre cualquier tema. Aqu\u00ed es tambi\u00e9n donde los administradores reciben cualquier sugerencia para mejorar el sitio web. La secci\u00f3n de Blog es otra forma de comunicarse con otros miembros de la comunidad. Acabas de encontrar una cita? escr\u00edbela en tu blog. Si s\u00f3lo quieres compartir lo que has estado sintiendo \u00faltimamente, depende de ti.<\/p>\n\n\n\n<figure class=\"wp-block-image\"><img src=\"https:\/\/lh3.googleusercontent.com\/qydOcysoQej5b7ysuajTE-4YAQVm9OGfNz4jnMelMSgvvIXJ9hEJ4skrRGHYC9qybITYoND184DK3bQkMfpQoNUqCpI5sZV48qy7nrwjNtWW_JGsH-hiNsgZj_I7ePGzdofpUvyM\" alt=\"Yuvutu Blog page\"\/><\/figure>\n\n\n\n<h3>Yuvutu es tambi\u00e9n un sitio de citas<\/h3>\n\n\n\n<p>Yuvutu, lo creas o no, tambi\u00e9n es un sitio de citas. Aunque parezca que el sitio web s\u00f3lo se centra en el contenido de v\u00eddeo para adultos, tambi\u00e9n es una gran manera de encontrar a esa persona especial que podr\u00edas estar buscando. Yuvutu permite a sus miembros encontrar a su pareja y ocasionalmente conseguir sus propias citas. Al igual que cualquier aplicaci\u00f3n para citas, Yuvutu ofrece opciones para que selecciones a las personas y encuentres a la persona que est\u00e1s buscando. La secci\u00f3n de citas tiene muchas caracter\u00edsticas que puedes usar para refinar tu b\u00fasqueda. Desde el sexo, la preferencia sexual, la edad e incluso la ubicaci\u00f3n, puedes ajustar tus propias preferencias para optimizar la funci\u00f3n de b\u00fasqueda de pareja. Tambi\u00e9n tiene una p\u00e1gina de perfil como cualquier otro medio social o sitio de citas.<\/p>\n\n\n\n<figure class=\"wp-block-image\"><img src=\"https:\/\/lh6.googleusercontent.com\/N8wWY7PHkjMaxYZVZfF98b3fTGQ3l5tfUktw_lWHqbMIEVBoBN7ho7U8XZ2J-nOHFU_PEK9Kc_ZhDg-19dTubKbmly50p1FbG2GMCaXCx8yb0x8JvRTach0UtAtY13hqC68HBMLH\" alt=\"Yuvutu Dating window\"\/><\/figure>\n\n\n\n<h2>Yuvutu Premium: \u00bfPor qu\u00e9 deber\u00eda suscribirse?<\/h2>\n\n\n\n<p>Yuvutu Premium es una forma de apoyar el sitio web. Al hacer uso de una cuenta Yuvutu Premium se te ofrecen diferentes ventajas que pueden hacer tu experiencia Yuvutu m\u00e1s f\u00e1cil y divertida. El titular de una cuenta Yuvutu Premium tiene derecho a varias funciones para que se sumerja completamente en la observaci\u00f3n y la navegaci\u00f3n de la gran cantidad de v\u00eddeos de la biblioteca Yuvutu.<\/p>\n\n\n\n<p>Como propietario de una cuenta Yuvutu Premium, se le dan los siguientes privilegios.<\/p>\n\n\n\n<p><strong>Videos en HD<\/strong><\/p>\n\n\n\n<p>Los titulares de la cuenta Yuvutu Premium pueden ver y disfrutar de los v\u00eddeos para adultos en alta definici\u00f3n. Aunque todos los videos son amateurs, Yuvutu todav\u00eda tiene una amplia lista de videos en alta definici\u00f3n para que sus usuarios los disfruten durante su tiempo libre. S\u00ed, as\u00ed es, tienen c\u00e1maras y videos de alta calidad. Parece descabellado, pero puedes comprobarlo todo por ti mismo.<\/p>\n\n\n\n<p><strong>No hay anuncios<\/strong><\/p>\n\n\n\n<p>Los propietarios de cuentas Yuvutu Premium pueden disfrutar de ver v\u00eddeos para adultos sin que les molesten los anuncios y otras ventanas emergentes. Ver videos amateur de calidad libremente y sin ser interrumpidos. No hay necesidad de luchar con los anuncios que no se pueden saltar y los enlaces aleatorios. S\u00f3lo un buen Yuvutu y rel\u00e1jate.<\/p>\n\n\n\n<p><strong>Charlas en vivo<\/strong><\/p>\n\n\n\n<p>Una de las caracter\u00edsticas m\u00e1s buscadas de la Yuvutu Premium es la funci\u00f3n de Chat en Vivo. Este Chat en Vivo te permite mezclarte y ser amigo de otros miembros y subidores. Los chats en vivo est\u00e1n abiertos las 24 horas del d\u00eda, los 7 d\u00edas de la semana, as\u00ed que puedes divertirte conociendo a gente nueva de la que puedes ser amigo.<\/p>\n\n\n\n<p><strong>C\u00e1maras en vivo<\/strong><\/p>\n\n\n\n<p>La comunidad Yuvutu Premium tambi\u00e9n ofrece acceso a c\u00e1maras en vivo. Estos son shows en vivo de diferentes usuarios alrededor del mundo. Tambi\u00e9n puedes tener tu propio streaming en directo y conseguir audiencia y seguidores propios.<\/p>\n\n\n\n<p><strong>Foros<\/strong><\/p>\n\n\n\n<p>Los titulares de la cuenta Yuvutu Premium tambi\u00e9n pueden discutir en sus foros. Es otra forma de interactuar con la comunidad y permitir que el sitio busque sugerencias para mejorar a\u00fan m\u00e1s el sitio web y sus servicios a los clientes y usuarios.<\/p>\n\n\n\n<p><strong>Mayor ancho de banda<\/strong><\/p>\n\n\n\n<p>Dado que el titular de una cuenta Yuvutu Premium tiene mayor prioridad en el tr\u00e1fico de datos, puede asegurar una experiencia de streaming sin problemas. El titular de una cuenta Premium tiene una mayor asignaci\u00f3n de ancho de banda en comparaci\u00f3n con un usuario gratuito, lo que significa que todos los v\u00eddeos se almacenan en un b\u00fafer m\u00e1s r\u00e1pido y puedes transmitir todo lo que quieras.<\/p>\n\n\n\n<h2>Yuvutu Premium Cuenta: \u00bfC\u00f3mo consigues la tuya? <\/h2>\n\n\n\n<figure class=\"wp-block-image\"><img src=\"https:\/\/lh6.googleusercontent.com\/fTQs4pIIhRVSJ1ofBemQh8mfn8GrIYDHhU6FRtBBDtCQ6uIsl9I1LaR1BLB_UHLL9E9lmYCOGiguSXo8kw75N07nv2cPIUnHI63nsWzkDfawHp3qC3loAwi421UgnRtwOEyvyJCk\" alt=\"Yuvutu Premium account registration page\"\/><\/figure>\n\n\n\n<p>Para disfrutar de los incre\u00edbles beneficios de la Yuvutu Premium s\u00f3lo tienes que rellenar el formulario que se proporciona en su p\u00e1gina de Suscripci\u00f3n. S\u00f3lo tienes que rellenar toda la informaci\u00f3n necesaria y luego proceder a la ventana de pago. Con tan s\u00f3lo 74,95 d\u00f3lares al a\u00f1o, puedes utilizar todos los contenidos y caracter\u00edsticas premium que ofrece la cuenta Yuvutu Premium. Despu\u00e9s de pagar, ya est\u00e1s listo para explorar m\u00e1s el sitio web y disfrutar de la interacci\u00f3n y la navegaci\u00f3n de su vasto tesoro de videos.<\/p>\n\n\n\n<h2>Yuvutu Revista: Su portal de videos amateurs de calidad<\/h2>\n\n\n\n<p>Ahora la pr\u00f3xima vez que considere buscar un buen sitio para disfrutar de un buen contenido para adultos, \u00bfpor qu\u00e9 no intenta el sitio web de Yuvutu? Yuvutu puede carecer de la est\u00e9tica de un buen sitio pornogr\u00e1fico, pero todos podemos decir que sus c\u00e1maras en vivo son de las mejores que hay. El servicio Premium ofrece tarifas de suscripci\u00f3n baratas, pero sabr\u00e1s que no le falta servicio ni caracter\u00edsticas.<\/p>\n\n\n<a class=\"maxbutton-2 maxbutton maxbutton-cta\" target=\"_blank\" rel=\"nofollow noopener\" href=\"\/go\/\"><span class='mb-text'>&gt;&gt; Ir a la p\u00e1gina web original de Linkifier <\/span><\/a>","protected":false},"excerpt":{"rendered":"<p>Hay muchos sitios web de videos para adultos y los videos para adultos en alta definici\u00f3n se convirtieron f\u00e1cilmente en<\/p>\n","protected":false},"author":2,"featured_media":0,"parent":0,"menu_order":0,"comment_status":"closed","ping_status":"closed","template":"","meta":[],"yoast_head":"<!-- This site is optimized with the Yoast SEO plugin v18.3 - https:\/\/yoast.com\/wordpress\/plugins\/seo\/ -->\n<title>Yuvutu Premium Cuenta - El mejor sitio de streaming de un vistazo<\/title>\n<meta name=\"description\" content=\"\u00bfEs Yuvutu un proveedor de confianza o no, puedes encontrar la respuesta en el test actual en Multihoster.org \u279c Haz clic ahora \u271a para leer nuestras experiencias!\" \/>\n<meta name=\"robots\" content=\"index, follow, max-snippet:-1, max-image-preview:large, max-video-preview:-1\" \/>\n<link rel=\"canonical\" href=\"https:\/\/multihoster.org\/es\/yuvutu\/\" \/>\n<meta property=\"og:locale\" content=\"es_ES\" \/>\n<meta property=\"og:type\" content=\"article\" \/>\n<meta property=\"og:title\" content=\"Yuvutu Premium Cuenta - El mejor sitio de streaming de un vistazo\" \/>\n<meta property=\"og:description\" content=\"\u00bfEs Yuvutu un proveedor de confianza o no, puedes encontrar la respuesta en el test actual en Multihoster.org \u279c Haz clic ahora \u271a para leer nuestras experiencias!\" \/>\n<meta property=\"og:url\" content=\"https:\/\/multihoster.org\/es\/yuvutu\/\" \/>\n<meta property=\"og:site_name\" content=\"Multihoster.org\" \/>\n<meta property=\"article:modified_time\" content=\"2020-04-22T15:36:30+00:00\" \/>\n<meta property=\"og:image\" content=\"https:\/\/lh5.googleusercontent.com\/ksS0ngJd_qKDwy5l-mYDrqPQU6ueIVHGZOFdfmxVLcbxiBXqjSVR4K0_Hn078Vvkoy_qdsFqx0RIGuNvEuyxbd2fgJS9FmPQYkoQ9RA47DyGh5reN8tGpEobW4Tw6QNkJaRunA9M\" \/>\n<meta name=\"twitter:card\" content=\"summary\" \/>\n<meta name=\"twitter:label1\" content=\"Tiempo de lectura\" \/>\n\t<meta name=\"twitter:data1\" content=\"9 minutos\" \/>\n<script type=\"application\/ld+json\" class=\"yoast-schema-graph\">{\"@context\":\"https:\/\/schema.org\",\"@graph\":[{\"@type\":\"WebSite\",\"@id\":\"https:\/\/multihoster.org\/#website\",\"url\":\"https:\/\/multihoster.org\/\",\"name\":\"Multihoster.org\",\"description\":\"Reviews of the major Filehosting services\",\"potentialAction\":[{\"@type\":\"SearchAction\",\"target\":{\"@type\":\"EntryPoint\",\"urlTemplate\":\"https:\/\/multihoster.org\/?s={search_term_string}\"},\"query-input\":\"required name=search_term_string\"}],\"inLanguage\":\"es\"},{\"@type\":\"ImageObject\",\"@id\":\"https:\/\/multihoster.org\/es\/yuvutu\/#primaryimage\",\"inLanguage\":\"es\",\"url\":\"https:\/\/lh5.googleusercontent.com\/ksS0ngJd_qKDwy5l-mYDrqPQU6ueIVHGZOFdfmxVLcbxiBXqjSVR4K0_Hn078Vvkoy_qdsFqx0RIGuNvEuyxbd2fgJS9FmPQYkoQ9RA47DyGh5reN8tGpEobW4Tw6QNkJaRunA9M\",\"contentUrl\":\"https:\/\/lh5.googleusercontent.com\/ksS0ngJd_qKDwy5l-mYDrqPQU6ueIVHGZOFdfmxVLcbxiBXqjSVR4K0_Hn078Vvkoy_qdsFqx0RIGuNvEuyxbd2fgJS9FmPQYkoQ9RA47DyGh5reN8tGpEobW4Tw6QNkJaRunA9M\"},{\"@type\":\"WebPage\",\"@id\":\"https:\/\/multihoster.org\/es\/yuvutu\/#webpage\",\"url\":\"https:\/\/multihoster.org\/es\/yuvutu\/\",\"name\":\"Yuvutu Premium Cuenta - El mejor sitio de streaming de un vistazo\",\"isPartOf\":{\"@id\":\"https:\/\/multihoster.org\/#website\"},\"primaryImageOfPage\":{\"@id\":\"https:\/\/multihoster.org\/es\/yuvutu\/#primaryimage\"},\"datePublished\":\"2020-04-22T11:30:45+00:00\",\"dateModified\":\"2020-04-22T15:36:30+00:00\",\"description\":\"\u00bfEs Yuvutu un proveedor de confianza o no, puedes encontrar la respuesta en el test actual en Multihoster.org \u279c Haz clic ahora \u271a para leer nuestras experiencias!\",\"breadcrumb\":{\"@id\":\"https:\/\/multihoster.org\/es\/yuvutu\/#breadcrumb\"},\"inLanguage\":\"es\",\"potentialAction\":[{\"@type\":\"ReadAction\",\"target\":[\"https:\/\/multihoster.org\/es\/yuvutu\/\"]}]},{\"@type\":\"BreadcrumbList\",\"@id\":\"https:\/\/multihoster.org\/es\/yuvutu\/#breadcrumb\",\"itemListElement\":[{\"@type\":\"ListItem\",\"position\":1,\"name\":\"Startseite\",\"item\":\"https:\/\/multihoster.org\/es\/\"},{\"@type\":\"ListItem\",\"position\":2,\"name\":\"Yuvutu Premium Cuenta: El mejor sitio de streaming de un vistazo\"}]}]}<\/script>\n<!-- \/ Yoast SEO plugin. -->","yoast_head_json":{"title":"Yuvutu Premium Cuenta - El mejor sitio de streaming de un vistazo","description":"\u00bfEs Yuvutu un proveedor de confianza o no, puedes encontrar la respuesta en el test actual en Multihoster.org \u279c Haz clic ahora \u271a para leer nuestras experiencias!","robots":{"index":"index","follow":"follow","max-snippet":"max-snippet:-1","max-image-preview":"max-image-preview:large","max-video-preview":"max-video-preview:-1"},"canonical":"https:\/\/multihoster.org\/es\/yuvutu\/","og_locale":"es_ES","og_type":"article","og_title":"Yuvutu Premium Cuenta - El mejor sitio de streaming de un vistazo","og_description":"\u00bfEs Yuvutu un proveedor de confianza o no, puedes encontrar la respuesta en el test actual en Multihoster.org \u279c Haz clic ahora \u271a para leer nuestras experiencias!","og_url":"https:\/\/multihoster.org\/es\/yuvutu\/","og_site_name":"Multihoster.org","article_modified_time":"2020-04-22T15:36:30+00:00","og_image":[{"url":"https:\/\/lh5.googleusercontent.com\/ksS0ngJd_qKDwy5l-mYDrqPQU6ueIVHGZOFdfmxVLcbxiBXqjSVR4K0_Hn078Vvkoy_qdsFqx0RIGuNvEuyxbd2fgJS9FmPQYkoQ9RA47DyGh5reN8tGpEobW4Tw6QNkJaRunA9M"}],"twitter_card":"summary","twitter_misc":{"Tiempo de lectura":"9 minutos"},"schema":{"@context":"https:\/\/schema.org","@graph":[{"@type":"WebSite","@id":"https:\/\/multihoster.org\/#website","url":"https:\/\/multihoster.org\/","name":"Multihoster.org","description":"Reviews of the major Filehosting services","potentialAction":[{"@type":"SearchAction","target":{"@type":"EntryPoint","urlTemplate":"https:\/\/multihoster.org\/?s={search_term_string}"},"query-input":"required name=search_term_string"}],"inLanguage":"es"},{"@type":"ImageObject","@id":"https:\/\/multihoster.org\/es\/yuvutu\/#primaryimage","inLanguage":"es","url":"https:\/\/lh5.googleusercontent.com\/ksS0ngJd_qKDwy5l-mYDrqPQU6ueIVHGZOFdfmxVLcbxiBXqjSVR4K0_Hn078Vvkoy_qdsFqx0RIGuNvEuyxbd2fgJS9FmPQYkoQ9RA47DyGh5reN8tGpEobW4Tw6QNkJaRunA9M","contentUrl":"https:\/\/lh5.googleusercontent.com\/ksS0ngJd_qKDwy5l-mYDrqPQU6ueIVHGZOFdfmxVLcbxiBXqjSVR4K0_Hn078Vvkoy_qdsFqx0RIGuNvEuyxbd2fgJS9FmPQYkoQ9RA47DyGh5reN8tGpEobW4Tw6QNkJaRunA9M"},{"@type":"WebPage","@id":"https:\/\/multihoster.org\/es\/yuvutu\/#webpage","url":"https:\/\/multihoster.org\/es\/yuvutu\/","name":"Yuvutu Premium Cuenta - El mejor sitio de streaming de un vistazo","isPartOf":{"@id":"https:\/\/multihoster.org\/#website"},"primaryImageOfPage":{"@id":"https:\/\/multihoster.org\/es\/yuvutu\/#primaryimage"},"datePublished":"2020-04-22T11:30:45+00:00","dateModified":"2020-04-22T15:36:30+00:00","description":"\u00bfEs Yuvutu un proveedor de confianza o no, puedes encontrar la respuesta en el test actual en Multihoster.org \u279c Haz clic ahora \u271a para leer nuestras experiencias!","breadcrumb":{"@id":"https:\/\/multihoster.org\/es\/yuvutu\/#breadcrumb"},"inLanguage":"es","potentialAction":[{"@type":"ReadAction","target":["https:\/\/multihoster.org\/es\/yuvutu\/"]}]},{"@type":"BreadcrumbList","@id":"https:\/\/multihoster.org\/es\/yuvutu\/#breadcrumb","itemListElement":[{"@type":"ListItem","position":1,"name":"Startseite","item":"https:\/\/multihoster.org\/es\/"},{"@type":"ListItem","position":2,"name":"Yuvutu Premium Cuenta: El mejor sitio de streaming de un vistazo"}]}]}},"_links":{"self":[{"href":"https:\/\/multihoster.org\/es\/wp-json\/wp\/v2\/pages\/4240"}],"collection":[{"href":"https:\/\/multihoster.org\/es\/wp-json\/wp\/v2\/pages"}],"about":[{"href":"https:\/\/multihoster.org\/es\/wp-json\/wp\/v2\/types\/page"}],"author":[{"embeddable":true,"href":"https:\/\/multihoster.org\/es\/wp-json\/wp\/v2\/users\/2"}],"replies":[{"embeddable":true,"href":"https:\/\/multihoster.org\/es\/wp-json\/wp\/v2\/comments?post=4240"}],"version-history":[{"count":5,"href":"https:\/\/multihoster.org\/es\/wp-json\/wp\/v2\/pages\/4240\/revisions"}],"predecessor-version":[{"id":4333,"href":"https:\/\/multihoster.org\/es\/wp-json\/wp\/v2\/pages\/4240\/revisions\/4333"}],"wp:attachment":[{"href":"https:\/\/multihoster.org\/es\/wp-json\/wp\/v2\/media?parent=4240"}],"curies":[{"name":"wp","href":"https:\/\/api.w.org\/{rel}","templated":true}]}}