{"id":4256,"date":"2020-04-15T11:45:16","date_gmt":"2020-04-15T11:45:16","guid":{"rendered":"https:\/\/multihoster.org\/filefactory-2\/"},"modified":"2020-04-22T15:40:17","modified_gmt":"2020-04-22T15:40:17","slug":"filefactory-2","status":"publish","type":"page","link":"https:\/\/multihoster.org\/es\/filefactory-2\/","title":{"rendered":"Filefactory Premium Cuenta: El Filehoster De Un Vistazo"},"content":{"rendered":"\n<figure class=\"wp-block-image\"><img src=\"https:\/\/lh5.googleusercontent.com\/E_85ShbDJEwMU3bWL8XisrxKHczS1iTxaFdenH1gnImK_rmTuC_IeeXrYvd0MMxfD6MnFUPT7vbxcxsNQx0qOiylgHATd69Q35KgcHcTqoHy_QPLocrlW5mP43UHW8UwJrGYtgk\" alt=\"FileFactory Logo\"\/><\/figure>\n\n\n<a class=\"maxbutton-2 maxbutton maxbutton-cta\" target=\"_blank\" rel=\"nofollow noopener\" href=\"\/go\/\"><span class='mb-text'>&gt;&gt; Ir a la p\u00e1gina web original de Linkifier<\/span><\/a>\n\n\n<p><\/p>\n\n\n\n<h2>Acerca de FileFactory<\/h2>\n\n\n\n<p>FileFactory es un servicio gratuito de almacenamiento y alojamiento de archivos. Fue fundado y lanzado en 2005. Tiene su sede en el lugar de Hong Kong, la isla de Hong Kong.<\/p>\n\n\n\n<p>Las personas que est\u00e1n registradas para ser uno de los miembros de FileFactory e incluso las personas no registradas o an\u00f3nimas de todo el mundo pueden acceder a \u00e9l en l\u00ednea. Los usuarios pueden descargar o transmitir aqu\u00ed sin l\u00edmites y si es un miembro premium, no hay l\u00edmites para el ancho de banda o la descarga. <\/p>\n\n\n\n<h3><strong>Caracter\u00edsticas<\/strong><\/h3>\n\n\n\n<ol><li>El art\u00edculo de TrafficShare<\/li><li> Transmisi\u00f3n y descarga ilimitada<\/li><li> Interfaz de usuario simple y f\u00e1cil de usar<\/li><li> Capacidad de almacenamiento ilimitada<\/li><li> B\u00fasqueda y gesti\u00f3n de archivos (s\u00f3lo para usuarios registrados en FileFactory)<\/li><li> Panel de control<\/li><li> Creaci\u00f3n de un directorio de archivos o carpetas<\/li><li> Puede subir varias carpetas o archivos con cualquier tipo de archivo<\/li><li> M\u00e9todo remoto de carga<\/li><li> Estad\u00edsticas<\/li><li> Programa de afiliaci\u00f3n y referencia para ganar dinero<\/li><\/ol>\n\n\n\n<h3><strong>Idiomas soportados<\/strong><\/h3>\n\n\n\n<ul><li>Ingl\u00e9s<\/li><li> Dan\u00e9s<\/li><li> Holand\u00e9s<\/li><li> Franc\u00e9s<\/li><li> Alem\u00e1n<\/li><li> Japon\u00e9s<\/li><li> Noruego<\/li><li> Portugu\u00e9s<\/li><li> Sueco<\/li><li> Espa\u00f1ol<\/li><\/ul>\n\n\n\n<h3><strong>Navegadores web compatibles con FileFactory<\/strong><\/h3>\n\n\n\n<figure class=\"wp-block-table\"><table class=\"\"><tbody><tr><td>Google Chrome (muy recomendado)<\/td><td>Mozilla Firefox (recomendado)<\/td><\/tr><tr><td>Microsoft Edge<\/td><td>Safari<\/td><\/tr><\/tbody><\/table><\/figure>\n\n\n\n<p>FileFactory recomienda a los usuarios que necesiten actualizar las versiones de sus navegadores web para obtener y experimentar las \u00faltimas caracter\u00edsticas, funciones y servicios de FileFactory.<\/p>\n\n\n\n<h2>FileFactory TrafficShare<\/h2>\n\n\n\n<p>TrafficShare es una de las mejores caracter\u00edsticas de FileFactory porque puede darte la mayor velocidad de descarga de un archivo. Cuando esta caracter\u00edstica est\u00e1 activada, FileFactory le da a los usuarios 100 GB de datos por mes.<\/p>\n\n\n\n<p>Los miembros de la cuenta Premium de FileFactory siempre pueden experimentar la velocidad ilimitada, el ancho de banda y las descargas de archivos de FileFactory sin anuncios y sin l\u00edmites, mientras que los miembros de la cuenta gratuita de FileFactory no pueden, pero FileFactory tiene una manera de que las cuentas gratuitas experimenten el mismo beneficio con las cuentas Premium. <\/p>\n\n\n\n<h3>\u00bfC\u00f3mo se activa la funci\u00f3n TrafficShare de FileFactory?<\/h3>\n\n\n\n<p>Para activar la funci\u00f3n FileFactory TrafficShare para todas las carpetas y archivos, siga los siguientes pasos:<\/p>\n\n\n\n<ol><li>Ve al sitio de FileFactory.<\/li><li> Vaya a la p\u00e1gina de la cuenta de FileFactory.<\/li><li> Vaya a la p\u00e1gina de resumen de la cuenta de FileFactory.<\/li><li> Encuentra el bot\u00f3n de \u00abTrafficShare\u00bb y enci\u00e9ndelo para que se encienda.<\/li><\/ol>\n\n\n\n<p>Para activar la funci\u00f3n FileFactory TrafficShare para una carpeta y un archivo espec\u00edficos, siga los siguientes pasos:<\/p>\n\n\n\n<ol><li>Ve a la carpeta o al archivo que quieras para activar el TrafficShare.<\/li><li> Haz clic con el bot\u00f3n derecho del rat\u00f3n en el nombre de la carpeta para mostrar las opciones.<\/li><li> Elige y haz clic en \u00abConfiguraci\u00f3n\u00bb.<\/li><li> Haz clic en \u00abActivar TrafficShare\u00bb.<\/li><\/ol>\n\n\n\n<h2>Cuentas de FileFactory<\/h2>\n\n\n\n<figure class=\"wp-block-table\"><table class=\"\"><tbody><tr><td>Cuenta gratuita de FileFactory<\/td><td>Cuenta Premium de FileFactory<\/td><\/tr><tr><td>El precio es gratis<br> Tiene muchos anuncios o popups<br> Tiene un n\u00famero limitado de descargas pero tiene un buen ancho de banda y buenas velocidades de descarga<br> Descarga r\u00e1pida<br> No tiene una funci\u00f3n de descarga directa para iniciar instant\u00e1neamente la descarga de archivos<br> No puede reanudar las descargas interrumpidas o rotas, o pausadas o detenidas usando cualquier administrador de descargas o software.<br> Tiene la funci\u00f3n TrafficShare<br> Los archivos de los usuarios se mantienen en los servidores de FileFactory por s\u00f3lo treinta (30) d\u00edas. Si un usuario no ha descargado un archivo en ese tiempo, el archivo ser\u00e1 autom\u00e1ticamente eliminado por el sistema FileFactory. Descargar el archivo completamente o en su totalidad har\u00e1 que el archivo sea retenido y mantenido en los servidores de FileFactory por otros treinta (30) d\u00edas. Por lo tanto, si un usuario contin\u00faa descargando archivos, los archivos seguir\u00e1n estando activos.<\/td><td>Los usuarios deben pagar por esto pero reciben los beneficios en su totalidad.<br> No tiene anuncios o popups<br> Tiene un mejor y un n\u00famero ilimitado de descargas, anchos de banda y velocidad de descarga ilimitada<br> Descarga m\u00e1s r\u00e1pida<br> Tiene una funci\u00f3n de descarga directa para iniciar instant\u00e1neamente la descarga de archivos<br> Puede reanudar descargas interrumpidas o rotas o pausadas o detenidas usando cualquier administrador de descargas o software.<br> Tiene la caracter\u00edstica de TrafficShare<br> Los archivos del usuario se mantienen en los servidores de FileFactory durante mucho tiempo mientras la cuenta Premium de FileFactory del usuario est\u00e9 activa y si la cuenta Premium de FileFactory del usuario a\u00fan no ha caducado.<br><br><br><br><\/td><\/tr><\/tbody><\/table><\/figure>\n\n\n\n<h3><strong>Acceso a la cuenta de FileFactory<\/strong><\/h3>\n\n\n\n<p>Se puede acceder a las cuentas gratuitas y a las cuentas premium de FileFactory en m\u00faltiples dispositivos, como ordenadores de sobremesa, port\u00e1tiles, tabletas o tel\u00e9fonos m\u00f3viles, pero la funci\u00f3n de \u00abinicio de sesi\u00f3n \u00fanico\u00bb de FileFactory s\u00f3lo permite un dispositivo para una cuenta a la vez. Si la misma cuenta se conecta a diferentes dispositivos, la cuenta conectada desde otros dispositivos se desconectar\u00e1 autom\u00e1ticamente por el sistema FileFactory y s\u00f3lo la sesi\u00f3n activa permanecer\u00e1 abierta.<\/p>\n\n\n\n<h3><strong>Enlaces de descarga de FileFactory Premium<\/strong><\/h3>\n\n\n\n<p>Los enlaces son importantes para que una carpeta o un archivo espec\u00edfico se pueda localizar y acceder.<\/p>\n\n\n\n<p>Los enlaces de descarga de FileFactory Premium se generan cuando hay necesidad de descargar usando una cuenta de FileFactory Premium.<\/p>\n\n\n\n<p>Hay dos (2) tipos de enlaces de descarga:<\/p>\n\n\n\n<ol><li>Enlaces directos<\/li><li> Enlaces normales &#8211; Estos enlaces no expiran y se utilizan para generar un enlace de descarga Premium de una carpeta o un archivo.<\/li><\/ol>\n\n\n\n<h3><strong>FileFactory Premium Cuenta <\/strong><\/h3>\n\n\n\n<p>Suscribirse a los planes Premium de FileFactory da acceso a la cuenta Premium de FileFactory.<\/p>\n\n\n\n<p><strong>Planes de cuentas Premium de FileFactory<\/strong><\/p>\n\n\n\n<figure class=\"wp-block-table\"><table class=\"\"><tbody><tr><td>N\u00famero de d\u00edas<\/td><td>Precio en USD<\/td><td>Precio por mes\u2026<\/td><td>Reembolsos<\/td><td>Beneficios<\/td><\/tr><tr><td>30<\/td><td>$13<\/td><td>$13<\/td><td>cada 30 d\u00edas<\/td><td>No hay l\u00edmites de velocidad y descarga<br> No hay Popups<\/td><\/tr><tr><td>90<\/td><td>$35<\/td><td>$12<\/td><td>cada 90 d\u00edas<\/td><td>No hay l\u00edmites de velocidad y descarga<br> No hay Popups<\/td><\/tr><tr><td>180<\/td><td>$59<\/td><td>$10<\/td><td>cada 180 d\u00edas<\/td><td>No hay l\u00edmites de velocidad y descarga<br> No hay Popups<\/td><\/tr><tr><td>365<\/td><td>$94<\/td><td>$8<\/td><td>cada 365 d\u00edas<\/td><td>No hay l\u00edmites de velocidad y descarga<br> No hay Popups<\/td><\/tr><\/tbody><\/table><\/figure>\n\n\n\n<p>La suscripci\u00f3n del usuario al plan se renovar\u00e1 autom\u00e1ticamente al final de cada n\u00famero de d\u00edas. Sin embargo, un usuario puede cancelar su suscripci\u00f3n, pero seguir\u00e1 teniendo acceso a la cuenta Premium de FileFactory hasta la fecha de vencimiento del Plan Premium de FileFactory. Una vez que el Plan Premium de FileFactory pagado termine, la cuenta Premium de FileFactory del usuario se volver\u00e1 inactiva.<\/p>\n\n\n\n<p>Adem\u00e1s, si una cuenta Premium de FileFactory expira, las carpetas y los archivos de la cuenta ser\u00e1n eliminados permanentemente, por lo que FileFactory aconseja a sus miembros que comprueben y se aseguren de que el pago de su Plan FileFactory est\u00e9 siempre actualizado.<\/p>\n\n\n<a class=\"maxbutton-2 maxbutton maxbutton-cta\" target=\"_blank\" rel=\"nofollow noopener\" href=\"\/go\/\"><span class='mb-text'>&gt;&gt; Ir a la p\u00e1gina web original de Linkifier<\/span><\/a>\n\n\n<p><\/p>\n\n\n\n<h2>Compare las cuentas de FileFactory<\/h2>\n\n\n\n<figure class=\"wp-block-table\"><table class=\"\"><tbody><tr><td>CARACTER\u00cdSTICAS<\/td><td>\u00a0An\u00f3nimo<br> (Tipo de usuario)<\/td><td>Libre (tipo de usuario)<\/td><td>Premium (tipo de usuario)<\/td><\/tr><tr><td>Velocidad de descarga<\/td><td>Hasta 50 KB<\/td><td>Hasta 100 KB\/s<\/td><td>Sin l\u00edmites<\/td><\/tr><tr><td>N\u00famero de veces de descarga<\/td><td>1<\/td><td>1<\/td><td>Sin l\u00edmites<\/td><\/tr><tr><td>Per\u00edodo de d\u00edas para el almacenamiento de archivos<\/td><td>Ninguno<\/td><td>30 d\u00edas<\/td><td>Sin l\u00edmites<\/td><\/tr><tr><td>Tama\u00f1o admitido de una carpeta o archivo para subir<\/td><td>No<\/td><td>5 GB<\/td><td>5 GB<\/td><\/tr><tr><td>El tama\u00f1o admitido de una carpeta o un archivo para su descarga<\/td><td>5 GB<\/td><td>5 GB<\/td><td>5 GB<\/td><\/tr><tr><td>\u00bfTiene el Gestor de Descargas<\/td><td>No<\/td><td>No<\/td><td>S\u00ed<\/td><\/tr><tr><td>\u00bfTiene el curr\u00edculum de descarga<\/td><td>No<\/td><td>No<\/td><td>S\u00ed<\/td><\/tr><tr><td>Enlaces de descarga directa<\/td><td>No<\/td><td>No<\/td><td>S\u00ed<\/td><\/tr><tr><td>N\u00famero de <a rel=\"noreferrer noopener\" aria-label=\"banners  (opens in a new tab)\" href=\"https:\/\/www.investopedia.com\/terms\/b\/banneradvertising.asp\" target=\"_blank\">banners <\/a>y <a rel=\"noreferrer noopener\" aria-label=\"popups (opens in a new tab)\" href=\"https:\/\/www.webopedia.com\/TERM\/P\/popup_ad.html\" target=\"_blank\">popups<\/a><\/td><td>Muchos<\/td><td>Pocos<\/td><td>Ninguno<\/td><\/tr><tr><td>Subir archivos usando el <a rel=\"noreferrer noopener\" aria-label=\"Protocolo de Transferencia de Archivos (FTP) (opens in a new tab)\" href=\"https:\/\/www.techopedia.com\/definition\/1872\/file-transfer-protocol-ftp\" target=\"_blank\">Protocolo de Transferencia de Archivos (FTP)<\/a><\/td><td>No<\/td><td>No<\/td><td>S\u00ed<\/td><\/tr><tr><td>Tiene un cargador de archivos<\/td><td>No<\/td><td>S\u00ed<\/td><td>S\u00ed<\/td><\/tr><tr><td>Prioridad de apoyo<\/td><td>No<\/td><td>No<\/td><td>S\u00ed<\/td><\/tr><tr><td>Archivos con gesti\u00f3n de carpetas<\/td><td>No<\/td><td>S\u00ed<\/td><td>S\u00ed<\/td><\/tr><tr><td>Eliminaci\u00f3n y renombramiento de archivos<\/td><td>No<\/td><td>S\u00ed<\/td><td>S\u00ed<\/td><\/tr><\/tbody><\/table><\/figure>\n\n\n\n<p>*KB significa Kilobytes<br> *GB significa Gigabytes<\/p>\n\n\n\n<h2>Pagos para FileFactory <\/h2>\n\n\n\n<p>FileFactory acepta y admite todos los tipos de tarjetas de cr\u00e9dito, Paypal y los revendedores verificados de FileFactory para las transacciones de pago.<\/p>\n\n\n\n<h2>Gana usando FileFactory<\/h2>\n\n\n\n<p>Ganar aqu\u00ed en FileFactory est\u00e1 permitido tanto para las cuentas de FileFactory Free como para las de FileFactory Premium.<\/p>\n\n\n\n<p>A continuaci\u00f3n hay dos (2) maneras de ganar dinero usando el FileFactory:<\/p>\n\n\n\n<h3>1. Pago por venta<\/h3>\n\n\n\n<p>La comisi\u00f3n del Pago por Venta aqu\u00ed es del noventa por ciento (90%) para todos los usuarios que tienen nuevas ventas y para todos los archivos y remisiones se da el cincuenta por ciento (50%) basado en las sesiones. <\/p>\n\n\n\n<p>Esto viene con el programa de afiliados. El seguimiento autom\u00e1tico de los enlaces afiliados y las descargas de archivos se basar\u00e1 en cada sesi\u00f3n utilizando cookies del sitio.<\/p>\n\n\n\n<h3>2. Pago por descarga<\/h3>\n\n\n\n<p>Los usuarios pueden ganar las siguientes tarifas por cada mil (1000) descargas de archivos dependiendo de los grupos de pa\u00edses.<\/p>\n\n\n\n<p>TARIFAS DE GRUPOS DE PA\u00cdSES (A-D)<\/p>\n\n\n\n<figure class=\"wp-block-table\"><table class=\"\"><tbody><tr><td>El tama\u00f1o de un archivo<\/td><td>A<\/td><td>B<\/td><td>C<\/td><td>D<\/td><\/tr><tr><td>10 MB &#8211; 299 MB<\/td><td>$5<\/td><td>$3<\/td><td>$1<\/td><td>$0.50<\/td><\/tr><tr><td>300 MB &#8211; 499 MB<\/td><td>$10<\/td><td>$6<\/td><td>$1<\/td><td>$0.50<\/td><\/tr><tr><td>500 MB &#8211; 999 MB<\/td><td>$20<\/td><td>$7<\/td><td>$2<\/td><td>$0.50<\/td><\/tr><tr><td>M\u00e1s de 1 GB<\/td><td>$40<\/td><td>$10<\/td><td>$3<\/td><td>$1<\/td><\/tr><\/tbody><\/table><\/figure>\n\n\n\n<figure class=\"wp-block-table\"><table class=\"\"><tbody><tr><td>En el caso de los pa\u00edses de Am\u00e9rica, Australia, Canad\u00e1 y el Reino Unido (RU), estos pertenecen al Grupo A.<br> Para los pa\u00edses de Alemania, Austria, B\u00e9lgica, Dinamarca, Espa\u00f1a, Finlandia, Francia, Grecia, Italia, Jap\u00f3n, Noruega, Nueva Zelanda, Pa\u00edses Bajos, Rusia, Suecia y Suiza, pertenecen al Grupo B.<br> En el caso de los pa\u00edses de la Argentina, el Brasil, Chipre, la Rep\u00fablica Checa, Hong Kong, Irlanda, Israel, Malasia, Mauricio, M\u00e9xico, Polonia, Portugal, Singapur, Sud\u00e1frica y Turqu\u00eda, \u00e9stos pertenecen al Grupo C<br> Para todos los dem\u00e1s pa\u00edses no mencionados en los grupos A, B y C, estos pertenecen al grupo D.<\/td><\/tr><\/tbody><\/table><\/figure>\n\n\n\n<p>*MB = Megabytes *GB = Gigabytes<\/p>\n\n\n\n<p>Para que una descarga sea considerada y calificada, lea las siguientes reglas de Pago por Descarga.<\/p>\n\n\n\n<figure class=\"wp-block-table\"><table class=\"\"><tbody><tr><td>Cuenta gratuita de FileFactory \/ Miembro an\u00f3nimo <\/td><td>Miembro de la cuenta Premium de FileFactory<\/td><\/tr><tr><td>Si un miembro libre o an\u00f3nimo descarga el mismo archivo en 24 horas ser\u00e1 contado como 1.<br> Si un miembro libre o an\u00f3nimo descarga 5 archivos diferentes en 24 horas, se contar\u00e1 como 5.<br> Si diferentes miembros gratuitos o an\u00f3nimos descargan 5 veces el mismo archivo en 24 horas, se contar\u00e1 como 5.<br> La descarga de los archivos del usuario en su cuenta de FileFactory no se cuenta.<\/td><td>Si un miembro Premium descarga 5 veces el mismo archivo en 24 horas, ser\u00e1 contado como 1.<br> Si un miembro Premium descarga 5 archivos diferentes en 24 horas, ser\u00e1 contado como 5.<br> Si diferentes miembros Premium descargan 5 veces el mismo archivo en 24 horas, ser\u00e1 contado como 5.<br> La descarga de los archivos del usuario en su cuenta de FileFactory no se cuenta.<\/td><\/tr><\/tbody><\/table><\/figure>\n\n\n\n<p>CONSEJOS:<\/p>\n\n\n\n<ol><li>Subir archivos que son populares o de tendencia en los tiempos actuales.<\/li><li> Usar estrategias de marketing y de compartir como el correo electr\u00f3nico, los blogs, las redes sociales como Facebook y Twitter, y otras formas de aumentar el n\u00famero de acciones, de espectadores y de descargas.<\/li><\/ol>\n\n\n\n<h2>Centro de soporte de FileFactory <\/h2>\n\n\n\n<p>Los usuarios de FileFactory pueden comunicarse con el centro de soporte de FileFactory si tienen problemas o preguntas. Tambi\u00e9n pueden ir a la p\u00e1gina de Preguntas Frecuentes (FAQs) de FileFactory para leer alguna informaci\u00f3n de los diferentes art\u00edculos sobre FileFactory para encontrar algunas respuestas.<\/p>\n\n\n<a class=\"maxbutton-2 maxbutton maxbutton-cta\" target=\"_blank\" rel=\"nofollow noopener\" href=\"\/go\/\"><span class='mb-text'>&gt;&gt; Ir a la p\u00e1gina web original de Linkifier<\/span><\/a>\n\n\n<p><\/p>\n","protected":false},"excerpt":{"rendered":"<p>Acerca de FileFactory FileFactory es un servicio gratuito de almacenamiento y alojamiento de archivos. Fue fundado y lanzado en 2005.<\/p>\n","protected":false},"author":2,"featured_media":0,"parent":0,"menu_order":0,"comment_status":"closed","ping_status":"closed","template":"","meta":[],"yoast_head":"<!-- This site is optimized with the Yoast SEO plugin v18.3 - https:\/\/yoast.com\/wordpress\/plugins\/seo\/ -->\n<title>Filefactory Premium Cuenta: El Filehoster De Un Vistazo<\/title>\n<meta name=\"description\" content=\"Si Filefactory es un proveedor de confianza o no, puedes encontrar la respuesta en el test actual en Multihoster.org \u279c Haz clic ahora \u271a para leer nuestras experiencias!\" \/>\n<meta name=\"robots\" content=\"index, follow, max-snippet:-1, max-image-preview:large, max-video-preview:-1\" \/>\n<link rel=\"canonical\" href=\"https:\/\/multihoster.org\/es\/filefactory-2\/\" \/>\n<meta property=\"og:locale\" content=\"es_ES\" \/>\n<meta property=\"og:type\" content=\"article\" \/>\n<meta property=\"og:title\" content=\"Filefactory Premium Cuenta: El Filehoster De Un Vistazo\" \/>\n<meta property=\"og:description\" content=\"Si Filefactory es un proveedor de confianza o no, puedes encontrar la respuesta en el test actual en Multihoster.org \u279c Haz clic ahora \u271a para leer nuestras experiencias!\" \/>\n<meta property=\"og:url\" content=\"https:\/\/multihoster.org\/es\/filefactory-2\/\" \/>\n<meta property=\"og:site_name\" content=\"Multihoster.org\" \/>\n<meta property=\"article:modified_time\" content=\"2020-04-22T15:40:17+00:00\" \/>\n<meta property=\"og:image\" content=\"https:\/\/lh5.googleusercontent.com\/E_85ShbDJEwMU3bWL8XisrxKHczS1iTxaFdenH1gnImK_rmTuC_IeeXrYvd0MMxfD6MnFUPT7vbxcxsNQx0qOiylgHATd69Q35KgcHcTqoHy_QPLocrlW5mP43UHW8UwJrGYtgk\" \/>\n<meta name=\"twitter:card\" content=\"summary\" \/>\n<meta name=\"twitter:label1\" content=\"Tiempo de lectura\" \/>\n\t<meta name=\"twitter:data1\" content=\"9 minutos\" \/>\n<script type=\"application\/ld+json\" class=\"yoast-schema-graph\">{\"@context\":\"https:\/\/schema.org\",\"@graph\":[{\"@type\":\"WebSite\",\"@id\":\"https:\/\/multihoster.org\/#website\",\"url\":\"https:\/\/multihoster.org\/\",\"name\":\"Multihoster.org\",\"description\":\"Reviews of the major Filehosting services\",\"potentialAction\":[{\"@type\":\"SearchAction\",\"target\":{\"@type\":\"EntryPoint\",\"urlTemplate\":\"https:\/\/multihoster.org\/?s={search_term_string}\"},\"query-input\":\"required name=search_term_string\"}],\"inLanguage\":\"es\"},{\"@type\":\"ImageObject\",\"@id\":\"https:\/\/multihoster.org\/es\/filefactory-2\/#primaryimage\",\"inLanguage\":\"es\",\"url\":\"https:\/\/lh5.googleusercontent.com\/E_85ShbDJEwMU3bWL8XisrxKHczS1iTxaFdenH1gnImK_rmTuC_IeeXrYvd0MMxfD6MnFUPT7vbxcxsNQx0qOiylgHATd69Q35KgcHcTqoHy_QPLocrlW5mP43UHW8UwJrGYtgk\",\"contentUrl\":\"https:\/\/lh5.googleusercontent.com\/E_85ShbDJEwMU3bWL8XisrxKHczS1iTxaFdenH1gnImK_rmTuC_IeeXrYvd0MMxfD6MnFUPT7vbxcxsNQx0qOiylgHATd69Q35KgcHcTqoHy_QPLocrlW5mP43UHW8UwJrGYtgk\"},{\"@type\":\"WebPage\",\"@id\":\"https:\/\/multihoster.org\/es\/filefactory-2\/#webpage\",\"url\":\"https:\/\/multihoster.org\/es\/filefactory-2\/\",\"name\":\"Filefactory Premium Cuenta: El Filehoster De Un Vistazo\",\"isPartOf\":{\"@id\":\"https:\/\/multihoster.org\/#website\"},\"primaryImageOfPage\":{\"@id\":\"https:\/\/multihoster.org\/es\/filefactory-2\/#primaryimage\"},\"datePublished\":\"2020-04-15T11:45:16+00:00\",\"dateModified\":\"2020-04-22T15:40:17+00:00\",\"description\":\"Si Filefactory es un proveedor de confianza o no, puedes encontrar la respuesta en el test actual en Multihoster.org \u279c Haz clic ahora \u271a para leer nuestras experiencias!\",\"breadcrumb\":{\"@id\":\"https:\/\/multihoster.org\/es\/filefactory-2\/#breadcrumb\"},\"inLanguage\":\"es\",\"potentialAction\":[{\"@type\":\"ReadAction\",\"target\":[\"https:\/\/multihoster.org\/es\/filefactory-2\/\"]}]},{\"@type\":\"BreadcrumbList\",\"@id\":\"https:\/\/multihoster.org\/es\/filefactory-2\/#breadcrumb\",\"itemListElement\":[{\"@type\":\"ListItem\",\"position\":1,\"name\":\"Startseite\",\"item\":\"https:\/\/multihoster.org\/es\/\"},{\"@type\":\"ListItem\",\"position\":2,\"name\":\"Filefactory Premium Cuenta: El Filehoster De Un Vistazo\"}]}]}<\/script>\n<!-- \/ Yoast SEO plugin. -->","yoast_head_json":{"title":"Filefactory Premium Cuenta: El Filehoster De Un Vistazo","description":"Si Filefactory es un proveedor de confianza o no, puedes encontrar la respuesta en el test actual en Multihoster.org \u279c Haz clic ahora \u271a para leer nuestras experiencias!","robots":{"index":"index","follow":"follow","max-snippet":"max-snippet:-1","max-image-preview":"max-image-preview:large","max-video-preview":"max-video-preview:-1"},"canonical":"https:\/\/multihoster.org\/es\/filefactory-2\/","og_locale":"es_ES","og_type":"article","og_title":"Filefactory Premium Cuenta: El Filehoster De Un Vistazo","og_description":"Si Filefactory es un proveedor de confianza o no, puedes encontrar la respuesta en el test actual en Multihoster.org \u279c Haz clic ahora \u271a para leer nuestras experiencias!","og_url":"https:\/\/multihoster.org\/es\/filefactory-2\/","og_site_name":"Multihoster.org","article_modified_time":"2020-04-22T15:40:17+00:00","og_image":[{"url":"https:\/\/lh5.googleusercontent.com\/E_85ShbDJEwMU3bWL8XisrxKHczS1iTxaFdenH1gnImK_rmTuC_IeeXrYvd0MMxfD6MnFUPT7vbxcxsNQx0qOiylgHATd69Q35KgcHcTqoHy_QPLocrlW5mP43UHW8UwJrGYtgk"}],"twitter_card":"summary","twitter_misc":{"Tiempo de lectura":"9 minutos"},"schema":{"@context":"https:\/\/schema.org","@graph":[{"@type":"WebSite","@id":"https:\/\/multihoster.org\/#website","url":"https:\/\/multihoster.org\/","name":"Multihoster.org","description":"Reviews of the major Filehosting services","potentialAction":[{"@type":"SearchAction","target":{"@type":"EntryPoint","urlTemplate":"https:\/\/multihoster.org\/?s={search_term_string}"},"query-input":"required name=search_term_string"}],"inLanguage":"es"},{"@type":"ImageObject","@id":"https:\/\/multihoster.org\/es\/filefactory-2\/#primaryimage","inLanguage":"es","url":"https:\/\/lh5.googleusercontent.com\/E_85ShbDJEwMU3bWL8XisrxKHczS1iTxaFdenH1gnImK_rmTuC_IeeXrYvd0MMxfD6MnFUPT7vbxcxsNQx0qOiylgHATd69Q35KgcHcTqoHy_QPLocrlW5mP43UHW8UwJrGYtgk","contentUrl":"https:\/\/lh5.googleusercontent.com\/E_85ShbDJEwMU3bWL8XisrxKHczS1iTxaFdenH1gnImK_rmTuC_IeeXrYvd0MMxfD6MnFUPT7vbxcxsNQx0qOiylgHATd69Q35KgcHcTqoHy_QPLocrlW5mP43UHW8UwJrGYtgk"},{"@type":"WebPage","@id":"https:\/\/multihoster.org\/es\/filefactory-2\/#webpage","url":"https:\/\/multihoster.org\/es\/filefactory-2\/","name":"Filefactory Premium Cuenta: El Filehoster De Un Vistazo","isPartOf":{"@id":"https:\/\/multihoster.org\/#website"},"primaryImageOfPage":{"@id":"https:\/\/multihoster.org\/es\/filefactory-2\/#primaryimage"},"datePublished":"2020-04-15T11:45:16+00:00","dateModified":"2020-04-22T15:40:17+00:00","description":"Si Filefactory es un proveedor de confianza o no, puedes encontrar la respuesta en el test actual en Multihoster.org \u279c Haz clic ahora \u271a para leer nuestras experiencias!","breadcrumb":{"@id":"https:\/\/multihoster.org\/es\/filefactory-2\/#breadcrumb"},"inLanguage":"es","potentialAction":[{"@type":"ReadAction","target":["https:\/\/multihoster.org\/es\/filefactory-2\/"]}]},{"@type":"BreadcrumbList","@id":"https:\/\/multihoster.org\/es\/filefactory-2\/#breadcrumb","itemListElement":[{"@type":"ListItem","position":1,"name":"Startseite","item":"https:\/\/multihoster.org\/es\/"},{"@type":"ListItem","position":2,"name":"Filefactory Premium Cuenta: El Filehoster De Un Vistazo"}]}]}},"_links":{"self":[{"href":"https:\/\/multihoster.org\/es\/wp-json\/wp\/v2\/pages\/4256"}],"collection":[{"href":"https:\/\/multihoster.org\/es\/wp-json\/wp\/v2\/pages"}],"about":[{"href":"https:\/\/multihoster.org\/es\/wp-json\/wp\/v2\/types\/page"}],"author":[{"embeddable":true,"href":"https:\/\/multihoster.org\/es\/wp-json\/wp\/v2\/users\/2"}],"replies":[{"embeddable":true,"href":"https:\/\/multihoster.org\/es\/wp-json\/wp\/v2\/comments?post=4256"}],"version-history":[{"count":2,"href":"https:\/\/multihoster.org\/es\/wp-json\/wp\/v2\/pages\/4256\/revisions"}],"predecessor-version":[{"id":4339,"href":"https:\/\/multihoster.org\/es\/wp-json\/wp\/v2\/pages\/4256\/revisions\/4339"}],"wp:attachment":[{"href":"https:\/\/multihoster.org\/es\/wp-json\/wp\/v2\/media?parent=4256"}],"curies":[{"name":"wp","href":"https:\/\/api.w.org\/{rel}","templated":true}]}}