{"id":430,"date":"2018-05-22T16:56:42","date_gmt":"2018-05-22T16:56:42","guid":{"rendered":"https:\/\/multihoster.org\/?page_id=430"},"modified":"2020-10-28T09:30:19","modified_gmt":"2020-10-28T09:30:19","slug":"rapidgator2","status":"publish","type":"page","link":"https:\/\/multihoster.org\/es\/rapidgator2\/","title":{"rendered":"Rapidgator Premium Account &#8211; El Filehoster de un vistazo"},"content":{"rendered":"\n<p>No estamos afiliados, asociados, autorizados, respaldados o de alguna manera oficialmente conectados con Rapidgator.net<\/p>\n\n\n<p class=\"normal\"><span lang=\"de\"><img loading=\"lazy\" class=\"size-full wp-image-4672 alignleft\" src=\"https:\/\/multihoster.org\/wp-content\/uploads\/2020\/06\/rapidgator_logo.png\" alt=\"rapidgator_logo\" width=\"363\" height=\"62\" srcset=\"https:\/\/multihoster.org\/wp-content\/uploads\/2020\/06\/rapidgator_logo.png 363w, https:\/\/multihoster.org\/wp-content\/uploads\/2020\/06\/rapidgator_logo-300x51.png 300w\" sizes=\"(max-width: 363px) 100vw, 363px\" \/>El Filehoster Rapidgator ha estado activo en el alojamiento de archivos y la industria de intercambio de archivos desde 2010 y desde entonces la empresa se ha establecido con varios millones de usuarios por d\u00eda y pertenece a la primera clase en el campo de alojamiento de archivos. Al colocar estrat\u00e9gicamente los servidores en los nodos de Internet, el proveedor quiere ofrecer a sus usuarios la mejor velocidad posible de descarga y carga a trav\u00e9s de cuentas premium.<br><\/span><\/p>\n<p class=\"normal\"><span lang=\"de\">Los siguientes elementos centrales se destacan en la filosof\u00eda corporativa de Rapidgator:<\/span><\/p>\n<ul>\n<li class=\"normal\"><span lang=\"de\">servicio<br><\/span><\/li>\n<li class=\"normal\"><span lang=\"de\">Respeto por el cliente<br><\/span><\/li>\n<li class=\"normal\"><span lang=\"de\">aval<br><\/span><\/li>\n<li class=\"normal\"><span lang=\"de\">t\u00e9cnica<br><\/span><\/li>\n<li class=\"normal\"><span lang=\"de\">Excelencia<br><\/span><\/li>\n<\/ul>\n\n<p><a class=\"fasc-button fasc-size-xlarge fasc-type-glossy fasc-rounded-medium ico-fa fasc-ico-after fa-share\" style=\"background-color: #43585e; color: #ffffff;\" target=\"_blank\" rel=\"nofollow noopener noreferrer\" href=\"https:\/\/multihoster.org\/rapidgator\/goto\/\">Comprar la cuenta Premium<\/a><\/p>\n<h2><span lang=\"de\">Caracter\u00edsticas positivas del proveedor<\/span><\/h2>\n<ul>\n<li>cuenta gratis<\/li>\n<li>espacio de almacenamiento ilimitado posible<\/li>\n<li>muy alto grado de seguridad<\/li>\n<li>Velocidad m\u00e1xima de hasta 10 TB<\/li>\n<li>salario atractivo<\/li>\n<\/ul>\n<h2><span lang=\"de\">Toda la gama Rapidgator de un vistazo<br><\/span><\/h2>\n<p class=\"normal\"><span lang=\"de\">Adem\u00e1s de la cuenta Premium de Rapidgator, que incluye una amplia gama de servicios, Filehoster ofrece la creaci\u00f3n de una cuenta gratuita. Con esto, los usuarios ya pueden utilizar una cierta gama de servicios y probar la oferta de Rapidgator.<\/span><\/p>\n<p>Si est\u00e1 convencido por el proveedor, puede cambiar de una cuenta gratuita a una cuenta premium. Se le ofrece una velocidad m\u00e1xima de hasta 10 TB. Como parte del almacenamiento, usted tiene acceso a tarifas con una capacidad de almacenamiento de 3 TB y tarifas ilimitadas donde los datos deben ser descargados al menos una vez cada 60 d\u00edas para poder permanecer almacenados en los servidores web.<\/p>\n<p>El software moderno garantiza el m\u00e1ximo grado de seguridad, que est\u00e1 respaldado por la Garant\u00eda de Satisfacci\u00f3n y la Garant\u00eda de Calidad <a href=\"https:\/\/www.trustedshops.de\/guetesiegel\/\" target=\"_blank\" rel=\"noopener noreferrer\">Sello TRUSTed.<\/a>&nbsp; Tambi\u00e9n es posible ganar dinero en Rapidgator.net de una manera relajada.<\/p>\n<h2><span lang=\"de\">Ofertas de bonos<br><\/span><\/h2>\n<p class=\"normal\"><span lang=\"de\">Con Rapidgator no s\u00f3lo puede cargar y descargar varios archivos, sino tambi\u00e9n ganar mucho dinero &#8211; \u00bfc\u00f3mo funciona?<br><\/span><\/p>\n<p class=\"normal\"><span lang=\"de\">Es f\u00e1cil &#8211; todo lo que necesita para ganar dinero con Rapidgator es subir archivos y utilizar el sistema de bonos para obtener sus ganancias pagadas. El proveedor anuncia que los usuarios ya pueden ganar dinero con la primera carga en Rapidgator, por lo que los costes de la cuenta Premium de Rapidgator se amortizan r\u00e1pidamente.<br><\/span><\/p>\n<h2><span lang=\"de\">Costos y opciones de pago<br><\/span><\/h2>\n<p><img loading=\"lazy\" class=\"alignnone size-full wp-image-4737\" src=\"https:\/\/multihoster.org\/wp-content\/uploads\/2020\/06\/rapidgator-payment-method-1.png\" alt=\"\" width=\"716\" height=\"475\" srcset=\"https:\/\/multihoster.org\/wp-content\/uploads\/2020\/06\/rapidgator-payment-method-1.png 716w, https:\/\/multihoster.org\/wp-content\/uploads\/2020\/06\/rapidgator-payment-method-1-300x199.png 300w\" sizes=\"(max-width: 716px) 100vw, 716px\" \/><\/p>\n<p class=\"normal\"><span lang=\"de\">En total, Rapidgator.net le ofrece nueve tarifas diferentes, que son muy diversas, para que cada uno pueda encontrar la oferta perfecta por s\u00ed mismo. Encontrar\u00e1 tarifas con un almacenamiento m\u00e1ximo de 3 TB y 10 TB, as\u00ed como tarifas con almacenamiento ilimitado, que pueden ser limitadas en el tiempo dependiendo de la popularidad de los datos. Los precios oscilan entre $14.99 por una suscripci\u00f3n de un mes y $99.99 por una suscripci\u00f3n anual.<\/span><\/p>\n\n<table id=\"tablepress-27\" class=\"tablepress tablepress-id-27\">\n<thead>\n<tr class=\"row-1 odd\">\n\t<th class=\"column-1\">pasaje<\/th><th class=\"column-2\">14,99$<\/th><th class=\"column-3\">14,99$<\/th><th class=\"column-4\">29,99$<\/th><th class=\"column-5\">39.99$<\/th><th class=\"column-6\">39.99$<\/th><th class=\"column-7\">49,99$<\/th><th class=\"column-8\">69,99$<\/th><th class=\"column-9\">99,99$<\/th><th class=\"column-10\">99,99$<\/th>\n<\/tr>\n<\/thead>\n<tbody class=\"row-hover\">\n<tr class=\"row-2 even\">\n\t<td class=\"column-1\">vigencia<\/td><td class=\"column-2\">30 d\u00edas<\/td><td class=\"column-3\">30 d\u00edas<\/td><td class=\"column-4\">60 d\u00edas<\/td><td class=\"column-5\">90 d\u00edas<\/td><td class=\"column-6\">90 d\u00edas<\/td><td class=\"column-7\">180 d\u00edas<\/td><td class=\"column-8\">180 d\u00edas<\/td><td class=\"column-9\">365 d\u00edas<\/td><td class=\"column-10\">365 d\u00edas<\/td>\n<\/tr>\n<tr class=\"row-3 odd\">\n\t<td class=\"column-1\">celeridad<\/td><td class=\"column-2\">1 TB<\/td><td class=\"column-3\">1 TB<\/td><td class=\"column-4\">2 TB<\/td><td class=\"column-5\">4 TB<\/td><td class=\"column-6\">4 TB<\/td><td class=\"column-7\">6 TB<\/td><td class=\"column-8\">6 TB<\/td><td class=\"column-9\">12 TB<\/td><td class=\"column-10\">12 TB<\/td>\n<\/tr>\n<tr class=\"row-4 even\">\n\t<td class=\"column-1\">permanencia<\/td><td class=\"column-2\">sin l\u00edmite<\/td><td class=\"column-3\">3 TB<\/td><td class=\"column-4\">3 TB<\/td><td class=\"column-5\">sin l\u00edmite<\/td><td class=\"column-6\">3 TB<\/td><td class=\"column-7\">sin l\u00edmite<\/td><td class=\"column-8\">3 TB<\/td><td class=\"column-9\">sin l\u00edmite<\/td><td class=\"column-10\">10 TB<\/td>\n<\/tr>\n<\/tbody>\n<\/table>\n<!-- #tablepress-27 from cache -->\n<p>En cuanto a las opciones de pago de la Cuenta Premium, puede elegir entre el pago con tarjeta VISA, tarjeta Maestro o Mastercard. Aquellos que dan especial importancia a la seguridad en el pago por Internet pueden utilizar los m\u00e9todos \u00abverified by VISA\u00bb y \u00abMastercard SecureCode\u00bb. Estos son los procedimientos de seguridad de VISA y Mastercard, que interponen una verificaci\u00f3n adicional al comprar para que pueda comprar con seguridad el producto deseado de Rapidgator y proteger sus datos, as\u00ed como su dinero.<\/p>\n<p>Tambi\u00e9n hay muchas otras formas de pago, como Paysafecard, Google Play o Apple pay. Transferencia bancaria normal, compra a revendedores y otras opciones tambi\u00e9n est\u00e1n disponibles, incluyendo el pago en una moneda digital como Bitcoin o Litecoin.<\/p>\n<p>&nbsp;<\/p>\n<p><a class=\"fasc-button fasc-size-xlarge fasc-type-glossy fasc-rounded-medium ico-fa fasc-ico-after fa-share\" style=\"background-color: #43585e; color: #ffffff;\" target=\"_blank\" rel=\"nofollow noopener noreferrer\" href=\"https:\/\/multihoster.org\/rapidgator\/goto\/\">Comprar la cuenta Premium<\/a><\/p>\n<h2><span lang=\"de\">Aviso de privacidad y protecci\u00f3n de datos<\/span><\/h2>\n<p>En lo que se refiere a la privacidad y la protecci\u00f3n de datos, el proveedor establece los est\u00e1ndares m\u00e1s altos para s\u00ed mismo. Al utilizar los servicios de Rapidgator.net, se almacena autom\u00e1ticamente diversa informaci\u00f3n, incluyendo no s\u00f3lo la direcci\u00f3n IP sino tambi\u00e9n otros datos personales y demogr\u00e1ficos.<\/p>\n<p>Sus datos ser\u00e1n utilizados para los siguientes fines:<\/p>\n<ul>\n<li>Ejecuci\u00f3n y conclusi\u00f3n de operaciones financieras<\/li>\n<li>Solicitudes de feedback y contacto sobre el servicio y la aplicaci\u00f3n<\/li>\n<li>Responder a correos electr\u00f3nicos, consultas, comentarios, quejas, etc.<\/li>\n<li>Presentaci\u00f3n y an\u00e1lisis del uso y tendencias del servicio<\/li>\n<li>Personalizaci\u00f3n y mejora del servicio<\/li>\n<li>Transmisi\u00f3n de mensajes, informaci\u00f3n adicional, confirmaciones, actualizaciones,<\/li>\n<li>Notificaciones de seguridad, etc.<\/li>\n<li>Notificaci\u00f3n de cambios en el servicio y la aplicaci\u00f3n<\/li>\n<\/ul>\n<p>Los datos personales s\u00f3lo se transmiten a terceros en algunos casos, por ejemplo, a entidades de cr\u00e9dito para el proceso de pago y a proveedores de correo electr\u00f3nico para el env\u00edo de mensajes. Adem\u00e1s, la informaci\u00f3n s\u00f3lo se transmitir\u00e1 a otras partes con permiso expreso.<\/p>\n<p>Adem\u00e1s, los datos demogr\u00e1ficos se transmiten a los socios que no tienen referencia personal. En raras ocasiones, Rapidgator puede, por razones legales, sentirse obligado a revelar datos si es necesario para proteger la ley, la propiedad y la seguridad.<\/p>\n<h2><span lang=\"de\">Servicio postventa<br><\/span><\/h2>\n<p class=\"normal\"><span lang=\"de\">El servicio de atenci\u00f3n al cliente de Rapidgator.net est\u00e1 disponible en alem\u00e1n, lo que significa que cada usuario alem\u00e1n recibe un soporte impecable. Un servicio telef\u00f3nico de atenci\u00f3n al cliente no se ofrece, las posibles consultas se pueden hacer a trav\u00e9s de formulario de comentarios. Si buscas una soluci\u00f3n r\u00e1pida, tambi\u00e9n te recomendamos que eches un vistazo a la secci\u00f3n de preguntas frecuentes, que responde a las preguntas que se hacen regularmente muchos usuarios.<br><\/span><\/p>\n<h2><span lang=\"de\">Facilidad de uso<br><\/span><\/h2>\n<p class=\"normal\"><span lang=\"de\">La creaci\u00f3n de la cuenta en Rapidgator tarda s\u00f3lo unos segundos y se completa r\u00e1pidamente. Inmediatamente despu\u00e9s de iniciar sesi\u00f3n, puede utilizar la funci\u00f3n \u00abCargar archivo\u00bb en su cuenta de Rapidgator y cargar el archivo deseado a los servidores web de Rapidgator ya sea a trav\u00e9s de carga web, FTP o carga remota.<br><\/span><\/p>\n<p class=\"normal\"><span lang=\"de\">Todos los dem\u00e1s servicios tambi\u00e9n se encuentran en la parte superior derecha de la p\u00e1gina. Aqu\u00ed puede ver la informaci\u00f3n m\u00e1s reciente, comprar un plan Rapidgator Premium, ver sus ganancias, acceder a su cuenta y ponerse en contacto con el servicio de asistencia. En la parte superior de la esquina, se puede seleccionar el idioma para que cualquiera pueda introducir la informaci\u00f3n en la p\u00e1gina en su idioma nativo.<br><\/span><\/p>\n<h2>Aplicaci\u00f3n M\u00f3vil<\/h2>\n<p>Si desea disfrutar de las ventajas de la plataforma Rapidgator.net sobre la marcha desde su smartphone o tableta, puede simplemente descargar la aplicaci\u00f3n proporcionada para este fin <a href=\"https:\/\/itunes.apple.com\/us\/app\/rapidgator-net-file-manager\/id1214212470?l=en&amp;ls=1&amp;mt=8\" target=\"_blank\" rel=\"noopener noreferrer\">a iTunes para dispositivos Apple<\/a> as\u00ed como <a href=\"https:\/\/play.google.com\/store\/apps\/details?id=net.rapidgator&amp;hl=de\" target=\"_blank\" rel=\"noopener noreferrer\">en Google Play Store para dispositivos m\u00f3viles que ejecuten el sistema operativo Android.<\/a><\/p>\n<h2><span lang=\"de\">Las ventajas de una cuenta premium con Rapidgator<br><\/span><\/h2>\n<p>Con una Cuenta Premium es posible cargar y descargar archivos en Rapidgator.net con una velocidad extraordinariamente r\u00e1pida. Tambi\u00e9n se beneficia de la posibilidad de iniciar tantas descargas como desee al mismo tiempo sin tener que esperar en una cola. Gracias al ancho de banda de un TB o m\u00e1s, se pueden descargar archivos de hasta 5 GB de tama\u00f1o con gran rapidez.<\/p>\n<p>Las tarifas m\u00e1s bajas comienzan en $14.99. Ambas tarifas le ofrecen una suscripci\u00f3n de 30 d\u00edas y un ancho de banda de TB. La diferencia radica en el almacenamiento: mientras que la primera tarifa de Rapidgator Premium le permite almacenar un n\u00famero ilimitado de archivos que se eliminan 60 d\u00edas despu\u00e9s de la \u00faltima descarga, la segunda tarifa ofrece un almacenamiento m\u00e1ximo de 3 TB. En el segundo caso, los datos no se borran aunque no se hayan descargado en 60 d\u00edas.<\/p>\n<p>Con una suscripci\u00f3n de 60 d\u00edas por $29.99, el plan Rapidgator Premium tambi\u00e9n le permite almacenar hasta 3 TB de datos y disfrutar de 2 TB de mayor velocidad.<\/p>\n<p>La velocidad es a\u00fan m\u00e1s r\u00e1pida con la suscripci\u00f3n de 90 d\u00edas, que est\u00e1 disponible por $39.99. Dentro del alcance de esta tarifa usted puede descargar y cargar los archivos deseados con un ancho de banda de hasta 4 TB con su cuenta de Rapidgator.&nbsp; Puede elegir entre una tarifa con almacenamiento ilimitado, donde se aplica la regla de los 60 d\u00edas, y una tarifa limitada con una capacidad de almacenamiento de 3 TB.<\/p>\n<p>Si elige la suscripci\u00f3n de 180 d\u00edas por $49.99, puede disfrutar de una velocidad de 6 TB y cargar archivos ilimitados que se almacenan hasta 60 d\u00edas despu\u00e9s de la \u00faltima descarga. La suscripci\u00f3n Rapidgator Premium de 180 d\u00edas por $69.99 le ofrece el mismo ancho de banda y 3 TB de almacenamiento ilimitado.<\/p>\n<p>La velocidad m\u00e1xima de 12 TB est\u00e1 disponible con la suscripci\u00f3n anual, que est\u00e1 disponible por $99.99 en dos versiones diferentes. Puede elegir entre la suscripci\u00f3n Rapidgator Premium con 10 TB de almacenamiento y la tarifa Premium con almacenamiento ilimitado seg\u00fan la regla de los 60 d\u00edas.<\/p>\n<h2><span lang=\"de\">Nuestra conclusi\u00f3n sobre Rapidgator<br><\/span><\/h2>\n<p class=\"normal\"><span lang=\"de\">Como uno de los mayores proveedores en la industria del alojamiento de archivos y compartici\u00f3n de archivos, Rapidgator da gran importancia a un alto nivel de seguridad. La protecci\u00f3n de datos y la privacidad tambi\u00e9n son muy importantes aqu\u00ed. Aunque el servicio de atenci\u00f3n al cliente no est\u00e1 disponible por tel\u00e9fono, la asistencia t\u00e9cnica alemana siempre puede proporcionar una asistencia adecuada con todos los problemas relacionados con la cuenta de Rapidgator.<br><\/span><\/p>\n<p>Rapidgator destaca sobre todo por su amplia gama de productos, en la que puede elegir entre nueve suscripciones diferentes en el marco de las tarifas Rapidgator Premium. Puede elegir una cuenta premium con espacio de almacenamiento limitado o una cuenta Rapidgator con almacenamiento ilimitado. Si selecciona Rapidgator Premium con almacenamiento ilimitado, los datos s\u00f3lo se conservan durante m\u00e1s de 60 d\u00edas si se ha realizado una descarga durante este per\u00edodo.<\/p>\n<p class=\"normal\"><span lang=\"de\">El sitio web tambi\u00e9n es f\u00e1cil de usar y permite al usuario ver todo lo importante de un vistazo.<br><\/span><\/p>\n<p class=\"normal\"><span lang=\"de\">Algunos usuarios pueden estar interesados en el programa de bonificaci\u00f3n, que ofrece una forma de ganar dinero cargando datos, para que pueda recuperar f\u00e1cilmente el dinero que paga por la tarifa Rapidgator Premium.<\/span><\/p>\n<p><a class=\"fasc-button fasc-size-xlarge fasc-type-glossy fasc-rounded-medium ico-fa fasc-ico-after fa-share\" style=\"background-color: #43585e; color: #ffffff;\" target=\"_blank\" rel=\"nofollow noopener noreferrer\" href=\"https:\/\/multihoster.org\/rapidgator\/goto\/\">Comprar la cuenta Premium<\/a><\/p>","protected":false},"excerpt":{"rendered":"<p>No estamos afiliados, asociados, autorizados, respaldados o de alguna manera oficialmente conectados con Rapidgator.net El Filehoster Rapidgator ha estado activo<\/p>\n","protected":false},"author":2,"featured_media":0,"parent":0,"menu_order":0,"comment_status":"closed","ping_status":"closed","template":"","meta":[],"yoast_head":"<!-- This site is optimized with the Yoast SEO plugin v18.3 - https:\/\/yoast.com\/wordpress\/plugins\/seo\/ -->\n<title>lll\u25b7 Rapidgator Premium Account seria o no +++ Test en Multihoster.org<\/title>\n<meta name=\"description\" content=\"Si Rapidgator es un proveedor de buena reputaci\u00f3n o no, puede encontrar la respuesta en la prueba actual en Multihoster.org \u279c Ahora haga clic en \u271a para leer nuestras experiencias!\" \/>\n<meta name=\"robots\" content=\"index, follow, max-snippet:-1, max-image-preview:large, max-video-preview:-1\" \/>\n<link rel=\"canonical\" href=\"https:\/\/multihoster.org\/es\/rapidgator2\/\" \/>\n<meta property=\"og:locale\" content=\"es_ES\" \/>\n<meta property=\"og:type\" content=\"article\" \/>\n<meta property=\"og:title\" content=\"lll\u25b7 Rapidgator Premium Account seria o no +++ Test en Multihoster.org\" \/>\n<meta property=\"og:description\" content=\"Si Rapidgator es un proveedor de buena reputaci\u00f3n o no, puede encontrar la respuesta en la prueba actual en Multihoster.org \u279c Ahora haga clic en \u271a para leer nuestras experiencias!\" \/>\n<meta property=\"og:url\" content=\"https:\/\/multihoster.org\/es\/rapidgator2\/\" \/>\n<meta property=\"og:site_name\" content=\"Multihoster.org\" \/>\n<meta property=\"article:modified_time\" content=\"2020-10-28T09:30:19+00:00\" \/>\n<meta property=\"og:image\" content=\"https:\/\/multihoster.org\/wp-content\/uploads\/2020\/06\/rapidgator_logo.png\" \/>\n<meta name=\"twitter:card\" content=\"summary\" \/>\n<meta name=\"twitter:label1\" content=\"Tiempo de lectura\" \/>\n\t<meta name=\"twitter:data1\" content=\"8 minutos\" \/>\n<script type=\"application\/ld+json\" class=\"yoast-schema-graph\">{\"@context\":\"https:\/\/schema.org\",\"@graph\":[{\"@type\":\"WebSite\",\"@id\":\"https:\/\/multihoster.org\/#website\",\"url\":\"https:\/\/multihoster.org\/\",\"name\":\"Multihoster.org\",\"description\":\"Reviews of the major Filehosting services\",\"potentialAction\":[{\"@type\":\"SearchAction\",\"target\":{\"@type\":\"EntryPoint\",\"urlTemplate\":\"https:\/\/multihoster.org\/?s={search_term_string}\"},\"query-input\":\"required name=search_term_string\"}],\"inLanguage\":\"es\"},{\"@type\":\"ImageObject\",\"@id\":\"https:\/\/multihoster.org\/es\/rapidgator2\/#primaryimage\",\"inLanguage\":\"es\",\"url\":\"https:\/\/multihoster.org\/wp-content\/uploads\/2020\/06\/rapidgator_logo.png\",\"contentUrl\":\"https:\/\/multihoster.org\/wp-content\/uploads\/2020\/06\/rapidgator_logo.png\",\"width\":363,\"height\":62,\"caption\":\"rapidgator_logo\"},{\"@type\":\"WebPage\",\"@id\":\"https:\/\/multihoster.org\/es\/rapidgator2\/#webpage\",\"url\":\"https:\/\/multihoster.org\/es\/rapidgator2\/\",\"name\":\"lll\u25b7 Rapidgator Premium Account seria o no +++ Test en Multihoster.org\",\"isPartOf\":{\"@id\":\"https:\/\/multihoster.org\/#website\"},\"primaryImageOfPage\":{\"@id\":\"https:\/\/multihoster.org\/es\/rapidgator2\/#primaryimage\"},\"datePublished\":\"2018-05-22T16:56:42+00:00\",\"dateModified\":\"2020-10-28T09:30:19+00:00\",\"description\":\"Si Rapidgator es un proveedor de buena reputaci\u00f3n o no, puede encontrar la respuesta en la prueba actual en Multihoster.org \u279c Ahora haga clic en \u271a para leer nuestras experiencias!\",\"breadcrumb\":{\"@id\":\"https:\/\/multihoster.org\/es\/rapidgator2\/#breadcrumb\"},\"inLanguage\":\"es\",\"potentialAction\":[{\"@type\":\"ReadAction\",\"target\":[\"https:\/\/multihoster.org\/es\/rapidgator2\/\"]}]},{\"@type\":\"BreadcrumbList\",\"@id\":\"https:\/\/multihoster.org\/es\/rapidgator2\/#breadcrumb\",\"itemListElement\":[{\"@type\":\"ListItem\",\"position\":1,\"name\":\"Startseite\",\"item\":\"https:\/\/multihoster.org\/es\/\"},{\"@type\":\"ListItem\",\"position\":2,\"name\":\"Rapidgator Premium Account &#8211; El Filehoster de un vistazo\"}]}]}<\/script>\n<!-- \/ Yoast SEO plugin. -->","yoast_head_json":{"title":"lll\u25b7 Rapidgator Premium Account seria o no +++ Test en Multihoster.org","description":"Si Rapidgator es un proveedor de buena reputaci\u00f3n o no, puede encontrar la respuesta en la prueba actual en Multihoster.org \u279c Ahora haga clic en \u271a para leer nuestras experiencias!","robots":{"index":"index","follow":"follow","max-snippet":"max-snippet:-1","max-image-preview":"max-image-preview:large","max-video-preview":"max-video-preview:-1"},"canonical":"https:\/\/multihoster.org\/es\/rapidgator2\/","og_locale":"es_ES","og_type":"article","og_title":"lll\u25b7 Rapidgator Premium Account seria o no +++ Test en Multihoster.org","og_description":"Si Rapidgator es un proveedor de buena reputaci\u00f3n o no, puede encontrar la respuesta en la prueba actual en Multihoster.org \u279c Ahora haga clic en \u271a para leer nuestras experiencias!","og_url":"https:\/\/multihoster.org\/es\/rapidgator2\/","og_site_name":"Multihoster.org","article_modified_time":"2020-10-28T09:30:19+00:00","og_image":[{"url":"https:\/\/multihoster.org\/wp-content\/uploads\/2020\/06\/rapidgator_logo.png"}],"twitter_card":"summary","twitter_misc":{"Tiempo de lectura":"8 minutos"},"schema":{"@context":"https:\/\/schema.org","@graph":[{"@type":"WebSite","@id":"https:\/\/multihoster.org\/#website","url":"https:\/\/multihoster.org\/","name":"Multihoster.org","description":"Reviews of the major Filehosting services","potentialAction":[{"@type":"SearchAction","target":{"@type":"EntryPoint","urlTemplate":"https:\/\/multihoster.org\/?s={search_term_string}"},"query-input":"required name=search_term_string"}],"inLanguage":"es"},{"@type":"ImageObject","@id":"https:\/\/multihoster.org\/es\/rapidgator2\/#primaryimage","inLanguage":"es","url":"https:\/\/multihoster.org\/wp-content\/uploads\/2020\/06\/rapidgator_logo.png","contentUrl":"https:\/\/multihoster.org\/wp-content\/uploads\/2020\/06\/rapidgator_logo.png","width":363,"height":62,"caption":"rapidgator_logo"},{"@type":"WebPage","@id":"https:\/\/multihoster.org\/es\/rapidgator2\/#webpage","url":"https:\/\/multihoster.org\/es\/rapidgator2\/","name":"lll\u25b7 Rapidgator Premium Account seria o no +++ Test en Multihoster.org","isPartOf":{"@id":"https:\/\/multihoster.org\/#website"},"primaryImageOfPage":{"@id":"https:\/\/multihoster.org\/es\/rapidgator2\/#primaryimage"},"datePublished":"2018-05-22T16:56:42+00:00","dateModified":"2020-10-28T09:30:19+00:00","description":"Si Rapidgator es un proveedor de buena reputaci\u00f3n o no, puede encontrar la respuesta en la prueba actual en Multihoster.org \u279c Ahora haga clic en \u271a para leer nuestras experiencias!","breadcrumb":{"@id":"https:\/\/multihoster.org\/es\/rapidgator2\/#breadcrumb"},"inLanguage":"es","potentialAction":[{"@type":"ReadAction","target":["https:\/\/multihoster.org\/es\/rapidgator2\/"]}]},{"@type":"BreadcrumbList","@id":"https:\/\/multihoster.org\/es\/rapidgator2\/#breadcrumb","itemListElement":[{"@type":"ListItem","position":1,"name":"Startseite","item":"https:\/\/multihoster.org\/es\/"},{"@type":"ListItem","position":2,"name":"Rapidgator Premium Account &#8211; El Filehoster de un vistazo"}]}]}},"_links":{"self":[{"href":"https:\/\/multihoster.org\/es\/wp-json\/wp\/v2\/pages\/430"}],"collection":[{"href":"https:\/\/multihoster.org\/es\/wp-json\/wp\/v2\/pages"}],"about":[{"href":"https:\/\/multihoster.org\/es\/wp-json\/wp\/v2\/types\/page"}],"author":[{"embeddable":true,"href":"https:\/\/multihoster.org\/es\/wp-json\/wp\/v2\/users\/2"}],"replies":[{"embeddable":true,"href":"https:\/\/multihoster.org\/es\/wp-json\/wp\/v2\/comments?post=430"}],"version-history":[{"count":9,"href":"https:\/\/multihoster.org\/es\/wp-json\/wp\/v2\/pages\/430\/revisions"}],"predecessor-version":[{"id":4750,"href":"https:\/\/multihoster.org\/es\/wp-json\/wp\/v2\/pages\/430\/revisions\/4750"}],"wp:attachment":[{"href":"https:\/\/multihoster.org\/es\/wp-json\/wp\/v2\/media?parent=430"}],"curies":[{"name":"wp","href":"https:\/\/api.w.org\/{rel}","templated":true}]}}