{"id":4378,"date":"2020-04-16T15:45:17","date_gmt":"2020-04-16T15:45:17","guid":{"rendered":"https:\/\/multihoster.org\/fileboom-2\/"},"modified":"2020-04-23T11:10:07","modified_gmt":"2020-04-23T11:10:07","slug":"fileboom-2","status":"publish","type":"page","link":"https:\/\/multihoster.org\/es\/fileboom-2\/","title":{"rendered":"FileBoom Premium Cuenta: El Filehoster De Un Vistazo"},"content":{"rendered":"\n<div class=\"wp-block-image\"><figure class=\"aligncenter\"><img src=\"https:\/\/lh6.googleusercontent.com\/CxrQlUrEqHUGytbKIXRKTBE5iOTePxQV1007Gp6AtDosm-ZPTakFqyaZuB0n_18sdTGcoM65JLOGrxaR5iLyMvJjuM7sNzCR3WB645azwwUip3X9bdRsvVxmU0XR7L5oGDv9SH4\" alt=\"FileBoom logo\"\/><\/figure><\/div>\n\n\n<a class=\"maxbutton-2 maxbutton maxbutton-cta\" target=\"_blank\" rel=\"nofollow noopener\" href=\"\/go\/\"><span class='mb-text'>&gt;&gt; Ir a la p\u00e1gina web original de Linkifier <\/span><\/a>\n\n\n<p><\/p>\n\n\n\n<h2>\u00bfPor qu\u00e9 usar Fileboom?<\/h2>\n\n\n\n<p>FileBoom es un sitio 100% seguro para subir, guardar, descargar y compartir archivos, sean o no tan importantes. <\/p>\n\n\n\n<p>El usuario no tiene que preocuparse por sus datos porque FileBoom puede ofrecer un almacenamiento 100% seguro para guardar los archivos. Todos los archivos y las descargas aqu\u00ed est\u00e1n asegurados mediante el uso de tecnolog\u00eda de encriptaci\u00f3n en su sistema. Todas las transacciones son seguras porque FileBoom utiliza la tecnolog\u00eda de encriptaci\u00f3n Secure Sockets Layer o SSL junto con la firma de 128 bits de <a rel=\"noreferrer noopener\" aria-label=\"VeriSign (opens in a new tab)\" href=\"https:\/\/en.wikipedia.org\/wiki\/Verisign\" target=\"_blank\">VeriSign<\/a>.<\/p>\n\n\n\n<p>Tambi\u00e9n tiene una velocidad y un ancho de banda muy r\u00e1pidos para cada descarga de un archivo y permite la transferencia de archivos en poco tiempo. <\/p>\n\n\n\n<p>Si una persona quiere hacer un bing de sus archivos, puede guardarlo todo en el sitio FileBoom, as\u00ed que dondequiera que est\u00e9 y siempre que necesite un archivo para enviar o compartir o para ver o presentar, puede acceder al sitio FileBoom sin utilizar ninguna unidad flash ni ning\u00fan otro disco o almacenamiento externo y sin preocuparse siquiera por el tama\u00f1o del archivo.<\/p>\n\n\n\n<p>Adem\u00e1s, el sitio FileBoom es accesible a cualquier dispositivo a trav\u00e9s de cualquier navegador con la ayuda de una conexi\u00f3n a Internet.<\/p>\n\n\n\n<div class=\"wp-block-image\"><figure class=\"alignright\"><img src=\"https:\/\/lh4.googleusercontent.com\/TE6YeHqhuqCouM2nZVVNGTs4ttRgSZKicLQI_KLEQll3m-OHBUiiIjcUkQSRLG_SPn2DB5tEkreIrrB9os5WeBMjgpnMob9XSHjLMcUvl8x743gKUgkYLdaGA0m0ohjDaeDYJxI\" alt=\"FileBoom Languages\"\/><\/figure><\/div>\n\n\n\n<p>Adem\u00e1s, el sitio FileBoom soporta dos (2) idiomas diferentes. Estos son el ingl\u00e9s y el japon\u00e9s. Un usuario puede cambiar el bot\u00f3n EN para cambiar al idioma ingl\u00e9s y el car\u00e1cter japon\u00e9s para cambiar al idioma japon\u00e9s.<\/p>\n\n\n\n<p>FileBoom permite a sus usuarios utilizar cualquier herramienta de descarga o acelerador de descarga para acelerar el proceso de descarga. Un usuario puede usar el Gestor de Descargas de Internet o IDM, JDownloader, Download Accelerator Plus y otros.<\/p>\n\n\n\n<p>Tipos de subida de archivos en el sitio FileBoom:<\/p>\n\n\n\n<ol><li>Carga de archivos<\/li><li> Subida de Flash<\/li><li> Carga remota<\/li><\/ol>\n\n\n\n<p>Moviendo un archivo en el sitio FileBoom:<\/p>\n\n\n\n<p>Hay dos (2) maneras de mover un archivo o archivos de un usuario.<\/p>\n\n\n\n<ol><li>Arrastrar y soltar &#8211; Un usuario puede hacer la forma de arrastrar y soltar para mover un archivo o archivos a una carpeta espec\u00edfica. <\/li><li> Editar &#8211; Un usuario puede seleccionar un archivo o archivos, luego hacer clic en el bot\u00f3n \u00abEDITAR\u00bb y elegir la ubicaci\u00f3n donde quiere mover el archivo o archivos.<\/li><\/ol>\n\n\n\n<h2>FileBoom: Las cuentas<\/h2>\n\n\n\n<p>FileBoom s\u00f3lo permite a los usuarios de trece o m\u00e1s a\u00f1os de edad acceder a su sitio y servicios y no permite cuentas m\u00faltiples o duplicadas de usuarios. Si FileBoom encuentra alguna cuenta como esa, la eliminar\u00e1n autom\u00e1ticamente. <\/p>\n\n\n\n<p>Si un usuario no tiene a\u00fan una cuenta en FileBoom, puede tomarse el tiempo de rellenar el formulario de registro de FileBoom para crear su cuenta. Debe introducir un nombre completo v\u00e1lido, una direcci\u00f3n de correo electr\u00f3nico y una contrase\u00f1a en el formulario de registro de FileBoom y debe volver a introducir su contrase\u00f1a para verificarla. El usuario debe marcar el bot\u00f3n \u00abCREAR CUENTA DE USUARIO\u00bb para enviar la informaci\u00f3n con \u00e9xito. Despu\u00e9s de eso, el usuario tendr\u00e1 su cuenta y acceso a las caracter\u00edsticas y servicios del sitio FileBoom.<\/p>\n\n\n\n<figure class=\"wp-block-image\"><img src=\"https:\/\/lh6.googleusercontent.com\/hkO2ARhvoeZjlFGjLUqs4RNsbgir12DHGPTMK_-lcBhYZdvcDJDy3-6W_23KDb2iHuY-znbGj0XnWYnmVz82bKOFxM20A5p7n0AiGRAnYH1KmELXbvGUwZw_DiOLGADl2uVlRUk\" alt=\"VK\"\/><\/figure>\n\n\n\n<p>Si un usuario ya tiene una cuenta en Fileboom, puede ir a la p\u00e1gina de inicio de sesi\u00f3n de FileBoom e introducir la direcci\u00f3n de correo electr\u00f3nico y la contrase\u00f1a de su cuenta. Todos los detalles deben ser introducidos correctamente para asegurarse de que \u00e9l o ella puede acceder con \u00e9xito al sitio de FileBoom. Un usuario tambi\u00e9n puede iniciar sesi\u00f3n a trav\u00e9s de Facebook, Twitter, VK y Google Plus. El usuario debe marcar el bot\u00f3n \u00abIniciar sesi\u00f3n\u00bb para acceder a su cuenta en FileBoom.<\/p>\n\n\n\n<p>Si un usuario tiene alguna pregunta o problema con respecto a la compra de la cuenta Premium de FileBoom, la forma m\u00e1s r\u00e1pida es contactar con el servicio de atenci\u00f3n al cliente de FileBoom.<\/p>\n\n\n\n<figure class=\"wp-block-table\"><table class=\"\"><tbody><tr><td>El usuario no debe subir ning\u00fan archivo o contenido del sitio FileBoom que contenga violencia o pornograf\u00eda y que tenga los derechos de autor o que no tenga permiso para utilizarlo, compartirlo o subirlo. Si se encuentran archivos de este tipo, FileBoom eliminar\u00e1, cancelar\u00e1 o suspender\u00e1 inmediatamente la cuenta de usuario.<\/td><\/tr><\/tbody><\/table><\/figure>\n\n\n\n<p>FileBoom tiene dos (2) tipos de cuentas diferentes, estas son la Cuenta Gratuita de FileBoom y la Cuenta Premium de FileBoom.<\/p>\n\n\n\n<p>Las diferencias entre los dos son:<\/p>\n\n\n\n<ul><li>Un usuario de la Cuenta Premium de FileBoom puede descargar muchos archivos al mismo tiempo, mientras que un usuario de la Cuenta Gratuita de FileBoom s\u00f3lo puede descargar un \u00fanico archivo de uno en uno.<\/li><li> Un usuario de la Cuenta Premium de FileBoom puede experimentar una carga y descarga de archivos m\u00e1s r\u00e1pida que un usuario de la Cuenta Gratuita de FileBoom.<\/li><li> Un usuario de la Cuenta Gratuita de FileBoom necesita esperar cu\u00e1ntos segundos antes de poder descargar un archivo, mientras que un usuario de la Cuenta Premium de FileBoom puede descargar un archivo inmediatamente sin esperar segundos.<\/li><li> Un usuario de la Cuenta Gratuita de FileBoom puede ver anuncios en el sitio FileBoom mientras que un usuario de la Cuenta Premium de FileBoom.<\/li><\/ul>\n\n\n\n<h3>Caracter\u00edsticas de las cuentas gratuitas y premium de FileBoom<\/h3>\n\n\n\n<figure class=\"wp-block-table\"><table class=\"\"><tbody><tr><td>Tipo de cuenta FileBoom<\/td><td>Velocidades de descarga <\/td><td>Inicio de las descargas<\/td><td>\u00bfTiene un acelerador de descargas?<\/td><td>\u00bfTiene un curr\u00edculum para descargar?<\/td><td>Descarga de m\u00faltiples archivos simult\u00e1neamente<\/td><\/tr><tr><td>Cuenta gratuita<\/td><td>Demasiado lento<\/td><td>La descarga comenzar\u00e1 despu\u00e9s de 30 segundos<\/td><td>X<\/td><td>X<\/td><td>X<\/td><\/tr><tr><td>Cuenta Premium <\/td><td>R\u00e1pido<\/td><td>La descarga comenzar\u00e1 inmediatamente sin esperar unos segundos<\/td><td>\u2713<\/td><td>\u2713<\/td><td>\u2713<\/td><\/tr><\/tbody><\/table><\/figure>\n\n\n\n<figure class=\"wp-block-table\"><table class=\"\"><tbody><tr><td>Tipo de cuenta FileBoom<\/td><td>Subir por FTP<\/td><td>Subir a trav\u00e9s de HTTP<\/td><\/tr><tr><td>Cuenta gratuita <\/td><td>X<\/td><td>X<\/td><\/tr><tr><td>Cuenta Premium <\/td><td>\u2713<\/td><td>\u2713<\/td><\/tr><\/tbody><\/table><\/figure>\n\n\n\n<figure class=\"wp-block-table\"><table class=\"\"><tbody><tr><td>Tipo de cuenta FileBoom<\/td><td>Tipo de archivo<\/td><td>Tama\u00f1o m\u00e1ximo de un archivo<\/td><td>\u00bfCu\u00e1nto tiempo se guardan los archivos en el almac\u00e9n?<\/td><\/tr><tr><td>Cuenta gratuita <\/td><td>Cualquier<\/td><td>500 MB o 0.5 GB<\/td><td>30 d\u00edas o 1 mes<\/td><\/tr><tr><td>Cuenta Premium <\/td><td>Cualquier<\/td><td>5000 MB o 5 GB<\/td><td>90 d\u00edas o 2 meses<\/td><\/tr><\/tbody><\/table><\/figure>\n\n\n\n<p>*MB es para Megabytes y GB es para Gigabytes<\/p>\n\n\n<a class=\"maxbutton-2 maxbutton maxbutton-cta\" target=\"_blank\" rel=\"nofollow noopener\" href=\"\/go\/\"><span class='mb-text'>&gt;&gt; Ir a la p\u00e1gina web original de Linkifier <\/span><\/a>\n\n\n<p><\/p>\n\n\n\n<h3>Compra de la cuenta FileBoom Premium<\/h3>\n\n\n\n<p>El usuario puede seleccionar uno de los siguientes tipos de cuenta Premium de FileBoom que quiere comprar y utilizar. <\/p>\n\n\n\n<p>Los precios de la cuenta Premium de FileBoom<\/p>\n\n\n\n<figure class=\"wp-block-table\"><table class=\"\"><tbody><tr><td>No. de d\u00edas o meses<\/td><td>Cantidad<\/td><td>Cantidad por d\u00eda<\/td><td>Cargos o tarifas ocultas<\/td><td>\u00bfEs libre de publicidad?<\/td><td>\u00bfEst\u00e1 asegurado?<\/td><\/tr><tr><td>3 d\u00edas<\/td><td>6.95 USD<\/td><td>2.32 USD<\/td><td>Ninguno<\/td><td>S\u00ed<\/td><td>S\u00ed<\/td><\/tr><tr><td>1 mes<\/td><td>16.95 USD<\/td><td>0.56 USD<\/td><td>Ninguno<\/td><td>S\u00ed<\/td><td>S\u00ed<\/td><\/tr><tr><td>2 meses<\/td><td>41.95 USD<\/td><td>0.47 USD<\/td><td>Ninguno<\/td><td>S\u00ed<\/td><td>S\u00ed<\/td><\/tr><tr><td>12 meses<\/td><td>113.95 USD<\/td><td>0.31 USD<\/td><td>Ninguno<\/td><td>S\u00ed<\/td><td>S\u00ed<\/td><\/tr><\/tbody><\/table><\/figure>\n\n\n\n<p>La compra y el pago de los usuarios aqu\u00ed en FileBoom es 100% seguro y tambi\u00e9n 100% seguro. Todas las transacciones, especialmente las financieras, est\u00e1n encriptadas, as\u00ed que no hay nada de qu\u00e9 preocuparse.<\/p>\n\n\n\n<p>Un usuario puede pagar usando las siguientes opciones de FileBoom para el pago:<\/p>\n\n\n\n<ul><li>PayPal<\/li><li> Revendedores de FileBoom <\/li><li> Visa <\/li><li> MasterCard<\/li><li> American Express<\/li><li> Descubra la tarjeta<\/li><li> Oficina de Cr\u00e9dito del Jap\u00f3n o JCB <\/li><\/ul>\n\n\n\n<p>Despu\u00e9s de una compra exitosa de la Cuenta Premium de FileBoom, se enviar\u00e1 un mensaje de confirmaci\u00f3n y un c\u00f3digo de activaci\u00f3n para la Cuenta Premium de FileBoom a la direcci\u00f3n de correo electr\u00f3nico del usuario.<\/p>\n\n\n\n<p>El revendedor de FileBoom o el propio FileBoom enviar\u00e1 un c\u00f3digo de activaci\u00f3n de cuarenta (40) caracteres con una combinaci\u00f3n de n\u00fameros y letras a la direcci\u00f3n de correo electr\u00f3nico del usuario. Si un usuario ha pagado correctamente la cuenta Premium de FileBoom y no recibe el mensaje de confirmaci\u00f3n o el c\u00f3digo de activaci\u00f3n, deber\u00e1 ponerse en contacto con FileBoom o con el revendedor de FileBoom. Por lo general, el c\u00f3digo de activaci\u00f3n se env\u00eda en la Bandeja de entrada de un correo electr\u00f3nico, pero el usuario siempre debe comprobar tambi\u00e9n su carpeta de correo no deseado o spam.<\/p>\n\n\n\n<figure class=\"wp-block-image\"><img src=\"https:\/\/lh3.googleusercontent.com\/aVw7UisiyildOJQ6jCxSM7a218_0lqaVn9GFA6r7fXrj8C6ePpPlXaAWPAXoYbX0ShCg18os_IEhdos_4w8PJeHtEooP_XzaX-Uh4_QOa3vms97ZmSQJCaNTZDk4dGt1MKqs6Zk\" alt=\"\"\/><\/figure>\n\n\n\n<p>Un c\u00f3digo de activaci\u00f3n es muy importante para que un usuario que haya comprado la cuenta Premium de FileBoom pueda activar y utilizar todas sus funciones Premium de FileBoom. Siga los pasos que se indican a continuaci\u00f3n para activarla.<\/p>\n\n\n\n<ol><li>Un usuario debe ir al sitio de FileBoom para acceder a su cuenta.<\/li><li> Ir a la p\u00e1gina de activaci\u00f3n de FileBoom.<\/li><li> Ver la imagen de al lado. \u2192<\/li><li> El usuario debe introducir la direcci\u00f3n de correo electr\u00f3nico de su cuenta y el c\u00f3digo de activaci\u00f3n correcto de la Cuenta Premium de FileBoom.<\/li><li> Compruebe el \u00abNo soy un robot\u00bb para mostrar el CAPTCHA. Siga las instrucciones para el CAPTCHA.<\/li><li> Por \u00faltimo, el usuario debe marcar el bot\u00f3n \u00abEnviar\u00bb para enviar el c\u00f3digo de activaci\u00f3n y FileBoom verificar\u00e1 si es v\u00e1lido.<\/li><\/ol>\n\n\n\n<p>Si es un c\u00f3digo de activaci\u00f3n v\u00e1lido, entonces la cuenta del usuario seguramente se activar\u00e1 con la Cuenta Premium de FileBoom y ahora podr\u00e1 utilizar todas las funciones y servicios de FileBoom Premium.<\/p>\n\n\n\n<h2>Problems when Accessing the FileBoom site and files<\/h2>\n\n\n\n<figure class=\"wp-block-table\"><table class=\"\"><tbody><tr><td>Error 401 o \u00ab401 No autorizado\u00bb: URL temporal inv\u00e1lida\u00bb<\/td><\/tr><\/tbody><\/table><\/figure>\n\n\n\n<p>Cuando un usuario est\u00e1 descargando un archivo pero de repente un error 401 o \u00ab401 No autorizado\u00bb: Temp URL invalid\u00bb aparece, esto sucede porque el servicio de FileBoom siempre est\u00e1 cambiando el Protocolo de Internet o las direcciones IP de sus usuarios lo que hizo que el sistema de seguridad de FileBoom pensara que una cuenta de usuario fue hackeada, entonces el sistema de seguridad de FileBoom va a bloquear el enlace actual al que un usuario est\u00e1 accediendo.<\/p>\n\n\n\n<p>En ese caso, el equipo de seguridad de Fileboom recomienda a los usuarios que utilicen una <a rel=\"noreferrer noopener\" aria-label=\"Red Privada Virtual (VPN) (opens in a new tab)\" href=\"https:\/\/www.cisco.com\/c\/en\/us\/products\/security\/vpn-endpoint-security-clients\/what-is-vpn.html\" target=\"_blank\">Red Privada Virtual (VPN)<\/a> o un <a rel=\"noreferrer noopener\" aria-label=\"Servidor Proxy (opens in a new tab)\" href=\"https:\/\/en.wikipedia.org\/wiki\/Proxy_server\" target=\"_blank\">Servidor Proxy<\/a> P\u00fablico cuando accedan al sitio de FileBoom y a sus caracter\u00edsticas y servicios.<\/p>\n\n\n\n<p>A continuaci\u00f3n se encuentra la Red Privada Virtual (VPN) recomendada por FileBoom:<\/p>\n\n\n\n<ul><li>Hot VPN &#8211; Esta VPN es s\u00f3lo para los usuarios de FileBoom Premium). Funciona bien y es muy f\u00e1cil de usar.<\/li><li> CyberGhost VPN<\/li><li> Escudo del punto caliente<\/li><\/ul>\n\n\n\n<p>En el caso del servidor proxy p\u00fablico, los usuarios pueden configurarlo en la configuraci\u00f3n del proxy de su dispositivo LAN o en la configuraci\u00f3n de la red o la red. <\/p>\n\n\n\n<figure class=\"wp-block-table\"><table class=\"\"><tbody><tr><td>Error 503<\/td><\/tr><\/tbody><\/table><\/figure>\n\n\n\n<p>Cuando un usuario descarga un archivo pero luego obtiene un error 503, es porque el servidor est\u00e1 en mantenimiento. FileBoom sugiere que un usuario deber\u00eda intentar descargar el archivo la pr\u00f3xima vez.<\/p>\n\n\n\n<figure class=\"wp-block-table\"><table class=\"\"><tbody><tr><td>\u00abLo siento, este archivo est\u00e1 bloqueado o eliminado\u00bb<\/td><\/tr><\/tbody><\/table><\/figure>\n\n\n\n<p>Cuando un usuario no puede descargar un archivo espec\u00edfico, a causa de este mensaje, es porque el archivo ya fue eliminado por el que lo subi\u00f3 o simplemente por el propietario del mismo. <\/p>\n\n\n\n<p>El enlace de descarga del archivo espec\u00edfico ya no es accesible. Un usuario puede enviar un mensaje al equipo de FileBoom para pedirlo. S\u00f3lo aseg\u00farese de que incluir\u00e1 el enlace de ese archivo, el mensaje de error, la captura de pantalla, el navegador web que utiliza y la versi\u00f3n del mismo, y la descripci\u00f3n.<\/p>\n\n\n\n<h3>\u00bfTiene alg\u00fan problema para cargar la p\u00e1gina de descarga y el CAPTCHA?<\/h3>\n\n\n\n<p>Si un usuario experimenta un problema al cargar la p\u00e1gina de descarga del sitio FileBoom y los CAPTCHAs, FileBoom sugiere que intente acceder o utilizar el sitio en otros navegadores como Internet Explorer (IE) o Google Chrome.<\/p>\n\n\n<a class=\"maxbutton-2 maxbutton maxbutton-cta\" target=\"_blank\" rel=\"nofollow noopener\" href=\"\/go\/\"><span class='mb-text'>&gt;&gt; Ir a la p\u00e1gina web original de Linkifier <\/span><\/a>\n\n\n<p><\/p>\n","protected":false},"excerpt":{"rendered":"<p>\u00bfPor qu\u00e9 usar Fileboom? FileBoom es un sitio 100% seguro para subir, guardar, descargar y compartir archivos, sean o no<\/p>\n","protected":false},"author":2,"featured_media":0,"parent":0,"menu_order":0,"comment_status":"closed","ping_status":"closed","template":"","meta":[],"yoast_head":"<!-- This site is optimized with the Yoast SEO plugin v18.3 - https:\/\/yoast.com\/wordpress\/plugins\/seo\/ -->\n<title>FileBoom Premium Cuenta: El Filehoster De Un Vistazo<\/title>\n<meta name=\"description\" content=\"Si FileBoom es un proveedor de confianza o no, puedes encontrar la respuesta en el test actual en Multihoster.org \u279c Haz clic ahora \u271a para leer nuestras experiencias!\" \/>\n<meta name=\"robots\" content=\"index, follow, max-snippet:-1, max-image-preview:large, max-video-preview:-1\" \/>\n<link rel=\"canonical\" href=\"https:\/\/multihoster.org\/es\/fileboom-2\/\" \/>\n<meta property=\"og:locale\" content=\"es_ES\" \/>\n<meta property=\"og:type\" content=\"article\" \/>\n<meta property=\"og:title\" content=\"FileBoom Premium Cuenta: El Filehoster De Un Vistazo\" \/>\n<meta property=\"og:description\" content=\"Si FileBoom es un proveedor de confianza o no, puedes encontrar la respuesta en el test actual en Multihoster.org \u279c Haz clic ahora \u271a para leer nuestras experiencias!\" \/>\n<meta property=\"og:url\" content=\"https:\/\/multihoster.org\/es\/fileboom-2\/\" \/>\n<meta property=\"og:site_name\" content=\"Multihoster.org\" \/>\n<meta property=\"article:modified_time\" content=\"2020-04-23T11:10:07+00:00\" \/>\n<meta property=\"og:image\" content=\"https:\/\/lh6.googleusercontent.com\/CxrQlUrEqHUGytbKIXRKTBE5iOTePxQV1007Gp6AtDosm-ZPTakFqyaZuB0n_18sdTGcoM65JLOGrxaR5iLyMvJjuM7sNzCR3WB645azwwUip3X9bdRsvVxmU0XR7L5oGDv9SH4\" \/>\n<meta name=\"twitter:card\" content=\"summary\" \/>\n<meta name=\"twitter:label1\" content=\"Tiempo de lectura\" \/>\n\t<meta name=\"twitter:data1\" content=\"9 minutos\" \/>\n<script type=\"application\/ld+json\" class=\"yoast-schema-graph\">{\"@context\":\"https:\/\/schema.org\",\"@graph\":[{\"@type\":\"WebSite\",\"@id\":\"https:\/\/multihoster.org\/#website\",\"url\":\"https:\/\/multihoster.org\/\",\"name\":\"Multihoster.org\",\"description\":\"Reviews of the major Filehosting services\",\"potentialAction\":[{\"@type\":\"SearchAction\",\"target\":{\"@type\":\"EntryPoint\",\"urlTemplate\":\"https:\/\/multihoster.org\/?s={search_term_string}\"},\"query-input\":\"required name=search_term_string\"}],\"inLanguage\":\"es\"},{\"@type\":\"ImageObject\",\"@id\":\"https:\/\/multihoster.org\/es\/fileboom-2\/#primaryimage\",\"inLanguage\":\"es\",\"url\":\"https:\/\/lh6.googleusercontent.com\/CxrQlUrEqHUGytbKIXRKTBE5iOTePxQV1007Gp6AtDosm-ZPTakFqyaZuB0n_18sdTGcoM65JLOGrxaR5iLyMvJjuM7sNzCR3WB645azwwUip3X9bdRsvVxmU0XR7L5oGDv9SH4\",\"contentUrl\":\"https:\/\/lh6.googleusercontent.com\/CxrQlUrEqHUGytbKIXRKTBE5iOTePxQV1007Gp6AtDosm-ZPTakFqyaZuB0n_18sdTGcoM65JLOGrxaR5iLyMvJjuM7sNzCR3WB645azwwUip3X9bdRsvVxmU0XR7L5oGDv9SH4\"},{\"@type\":\"WebPage\",\"@id\":\"https:\/\/multihoster.org\/es\/fileboom-2\/#webpage\",\"url\":\"https:\/\/multihoster.org\/es\/fileboom-2\/\",\"name\":\"FileBoom Premium Cuenta: El Filehoster De Un Vistazo\",\"isPartOf\":{\"@id\":\"https:\/\/multihoster.org\/#website\"},\"primaryImageOfPage\":{\"@id\":\"https:\/\/multihoster.org\/es\/fileboom-2\/#primaryimage\"},\"datePublished\":\"2020-04-16T15:45:17+00:00\",\"dateModified\":\"2020-04-23T11:10:07+00:00\",\"description\":\"Si FileBoom es un proveedor de confianza o no, puedes encontrar la respuesta en el test actual en Multihoster.org \u279c Haz clic ahora \u271a para leer nuestras experiencias!\",\"breadcrumb\":{\"@id\":\"https:\/\/multihoster.org\/es\/fileboom-2\/#breadcrumb\"},\"inLanguage\":\"es\",\"potentialAction\":[{\"@type\":\"ReadAction\",\"target\":[\"https:\/\/multihoster.org\/es\/fileboom-2\/\"]}]},{\"@type\":\"BreadcrumbList\",\"@id\":\"https:\/\/multihoster.org\/es\/fileboom-2\/#breadcrumb\",\"itemListElement\":[{\"@type\":\"ListItem\",\"position\":1,\"name\":\"Startseite\",\"item\":\"https:\/\/multihoster.org\/es\/\"},{\"@type\":\"ListItem\",\"position\":2,\"name\":\"FileBoom Premium Cuenta: El Filehoster De Un Vistazo\"}]}]}<\/script>\n<!-- \/ Yoast SEO plugin. -->","yoast_head_json":{"title":"FileBoom Premium Cuenta: El Filehoster De Un Vistazo","description":"Si FileBoom es un proveedor de confianza o no, puedes encontrar la respuesta en el test actual en Multihoster.org \u279c Haz clic ahora \u271a para leer nuestras experiencias!","robots":{"index":"index","follow":"follow","max-snippet":"max-snippet:-1","max-image-preview":"max-image-preview:large","max-video-preview":"max-video-preview:-1"},"canonical":"https:\/\/multihoster.org\/es\/fileboom-2\/","og_locale":"es_ES","og_type":"article","og_title":"FileBoom Premium Cuenta: El Filehoster De Un Vistazo","og_description":"Si FileBoom es un proveedor de confianza o no, puedes encontrar la respuesta en el test actual en Multihoster.org \u279c Haz clic ahora \u271a para leer nuestras experiencias!","og_url":"https:\/\/multihoster.org\/es\/fileboom-2\/","og_site_name":"Multihoster.org","article_modified_time":"2020-04-23T11:10:07+00:00","og_image":[{"url":"https:\/\/lh6.googleusercontent.com\/CxrQlUrEqHUGytbKIXRKTBE5iOTePxQV1007Gp6AtDosm-ZPTakFqyaZuB0n_18sdTGcoM65JLOGrxaR5iLyMvJjuM7sNzCR3WB645azwwUip3X9bdRsvVxmU0XR7L5oGDv9SH4"}],"twitter_card":"summary","twitter_misc":{"Tiempo de lectura":"9 minutos"},"schema":{"@context":"https:\/\/schema.org","@graph":[{"@type":"WebSite","@id":"https:\/\/multihoster.org\/#website","url":"https:\/\/multihoster.org\/","name":"Multihoster.org","description":"Reviews of the major Filehosting services","potentialAction":[{"@type":"SearchAction","target":{"@type":"EntryPoint","urlTemplate":"https:\/\/multihoster.org\/?s={search_term_string}"},"query-input":"required name=search_term_string"}],"inLanguage":"es"},{"@type":"ImageObject","@id":"https:\/\/multihoster.org\/es\/fileboom-2\/#primaryimage","inLanguage":"es","url":"https:\/\/lh6.googleusercontent.com\/CxrQlUrEqHUGytbKIXRKTBE5iOTePxQV1007Gp6AtDosm-ZPTakFqyaZuB0n_18sdTGcoM65JLOGrxaR5iLyMvJjuM7sNzCR3WB645azwwUip3X9bdRsvVxmU0XR7L5oGDv9SH4","contentUrl":"https:\/\/lh6.googleusercontent.com\/CxrQlUrEqHUGytbKIXRKTBE5iOTePxQV1007Gp6AtDosm-ZPTakFqyaZuB0n_18sdTGcoM65JLOGrxaR5iLyMvJjuM7sNzCR3WB645azwwUip3X9bdRsvVxmU0XR7L5oGDv9SH4"},{"@type":"WebPage","@id":"https:\/\/multihoster.org\/es\/fileboom-2\/#webpage","url":"https:\/\/multihoster.org\/es\/fileboom-2\/","name":"FileBoom Premium Cuenta: El Filehoster De Un Vistazo","isPartOf":{"@id":"https:\/\/multihoster.org\/#website"},"primaryImageOfPage":{"@id":"https:\/\/multihoster.org\/es\/fileboom-2\/#primaryimage"},"datePublished":"2020-04-16T15:45:17+00:00","dateModified":"2020-04-23T11:10:07+00:00","description":"Si FileBoom es un proveedor de confianza o no, puedes encontrar la respuesta en el test actual en Multihoster.org \u279c Haz clic ahora \u271a para leer nuestras experiencias!","breadcrumb":{"@id":"https:\/\/multihoster.org\/es\/fileboom-2\/#breadcrumb"},"inLanguage":"es","potentialAction":[{"@type":"ReadAction","target":["https:\/\/multihoster.org\/es\/fileboom-2\/"]}]},{"@type":"BreadcrumbList","@id":"https:\/\/multihoster.org\/es\/fileboom-2\/#breadcrumb","itemListElement":[{"@type":"ListItem","position":1,"name":"Startseite","item":"https:\/\/multihoster.org\/es\/"},{"@type":"ListItem","position":2,"name":"FileBoom Premium Cuenta: El Filehoster De Un Vistazo"}]}]}},"_links":{"self":[{"href":"https:\/\/multihoster.org\/es\/wp-json\/wp\/v2\/pages\/4378"}],"collection":[{"href":"https:\/\/multihoster.org\/es\/wp-json\/wp\/v2\/pages"}],"about":[{"href":"https:\/\/multihoster.org\/es\/wp-json\/wp\/v2\/types\/page"}],"author":[{"embeddable":true,"href":"https:\/\/multihoster.org\/es\/wp-json\/wp\/v2\/users\/2"}],"replies":[{"embeddable":true,"href":"https:\/\/multihoster.org\/es\/wp-json\/wp\/v2\/comments?post=4378"}],"version-history":[{"count":1,"href":"https:\/\/multihoster.org\/es\/wp-json\/wp\/v2\/pages\/4378\/revisions"}],"predecessor-version":[{"id":4390,"href":"https:\/\/multihoster.org\/es\/wp-json\/wp\/v2\/pages\/4378\/revisions\/4390"}],"wp:attachment":[{"href":"https:\/\/multihoster.org\/es\/wp-json\/wp\/v2\/media?parent=4378"}],"curies":[{"name":"wp","href":"https:\/\/api.w.org\/{rel}","templated":true}]}}