{"id":4404,"date":"2020-04-23T12:54:44","date_gmt":"2020-04-23T12:54:44","guid":{"rendered":"https:\/\/multihoster.org\/upload-cd\/"},"modified":"2020-05-29T14:24:58","modified_gmt":"2020-05-29T14:24:58","slug":"upload-cd","status":"publish","type":"page","link":"https:\/\/multihoster.org\/es\/upload-cd\/","title":{"rendered":"Upload.cd Premium Cuenta: El Filehoster De Un Vistazo"},"content":{"rendered":"<a class=\"maxbutton-2 maxbutton maxbutton-cta\" target=\"_blank\" rel=\"nofollow noopener\" href=\"\/go\/\"><span class='mb-text'>&gt;&gt; Ir a la p\u00e1gina web original de Linkifier<\/span><\/a>\n\n\n<p><\/p>\n\n\n\n<h2>\u00bfQu\u00e9 es Upload.cd?<\/h2>\n\n\n\n<p>Upload.cd viene de la propia palabra \u00abupload\u00bb que es para subir o alojar archivos de usuarios en su sitio. El sitio Upload.cd est\u00e1 disponible para cualquier lugar del mundo. Es un sitio de almacenamiento seguro y fiable y est\u00e1 respaldado por el <a rel=\"noreferrer noopener\" aria-label=\"servicio de nube (opens in a new tab)\" href=\"https:\/\/www.webopedia.com\/TERM\/C\/cloud_services.html\" target=\"_blank\">servicio de nube<\/a> que puede ser utilizado para diferentes cosas.<\/p>\n\n\n\n<ul><li>El sitio Upload.cd puede utilizarse como una capacidad de almacenamiento remoto para hacer copias de seguridad de cualquier tipo de archivos o datos del usuario.<\/li><li> Upload.cd site puede utilizarse como una ayuda o una herramienta para transferir o enviar archivos de una persona a otra o incluso a varios n\u00fameros de personas. Es una gran ayuda para todas las personas porque no dar\u00e1n demasiado esfuerzo y tiempo para ello que utilizar el correo electr\u00f3nico para adjuntar sus archivos para enviarlos a otros.<\/li><li> El sitio upload.cd puede ser utilizado para descargar un archivo o archivos de un usuario con la ayuda de un navegador web.<\/li><li> El sitio Upload.cd se utiliza para compartir un archivo o archivos de forma r\u00e1pida y segura con cualquier persona.<\/li><\/ul>\n\n\n\n<p>El sitio upload.cd y los servidores est\u00e1n asegurados. Se utiliza la encriptaci\u00f3n que es el 256-bit de <a rel=\"noreferrer noopener\" aria-label=\"Secure Sockets Layer o SSL (opens in a new tab)\" href=\"https:\/\/www.cloudflare.com\/learning\/ssl\/what-is-ssl\/\" target=\"_blank\">Secure Sockets Layer o SSL<\/a> en todas las p\u00e1ginas del sitio web. Asegurar el sitio y los servidores evitar\u00e1 que un hacker robe la informaci\u00f3n de alg\u00fan usuario especialmente para el pago. Un usuario puede acceder al sitio de Upload.cd a trav\u00e9s de los navegadores web en cualquier dispositivo con una conexi\u00f3n a Internet.<\/p>\n\n\n\n<p>Un usuario puede subir al cd cualquier tipo de archivos como m\u00fasica (wav, mp3, wma, etc.), v\u00eddeos (mpg, mpeg-4, avi, etc.) y documentos (doc\/docx, xlsx, pdf, ppt, etc.). El usuario debe recordar que todos los archivos que suba al sitio Upload.cd se consideran confidenciales y privados y que no pueden ser accesibles para otras personas en p\u00fablico, salvo cuando el propietario o Upload.cder del archivo les da permiso para acceder o ver el archivo del usuario.<\/p>\n\n\n\n<figure class=\"wp-block-table\"><table><tbody><tr><td>\u00bfQu\u00e9 es el SSL? SSL es el t\u00e9rmino corto para la Capa de Conexi\u00f3n Segura. Es uno de los valores desarrollados en la tecnolog\u00eda moderna. Se utiliza para crear un enlace que est\u00e1 encriptado para asegurar los datos. Se utiliza generalmente para sitios web o navegadores web y correos electr\u00f3nicos.<\/td><\/tr><\/tbody><\/table><\/figure>\n\n\n\n<h2>Cuentas de usuario en Upload.cd<\/h2>\n\n\n\n<p>Upload.cd.cd tiene tres (3) tipos de cuentas de usuario.<\/p>\n\n\n\n<ol><li>Upload.cd Cuenta gratuita (Invitado),<\/li><li> Cuenta registrada de upload.cd, y<\/li><li> Cuenta Premium de Upload.cd<\/li><\/ol>\n\n\n\n<p>Si alguna vez un usuario quiere ser miembro de Upload.cd o si quiere comprar un paquete de la Cuenta Premium de Upload.cd, debe registrarse primero en la p\u00e1gina de registro del sitio Upload.cd. <\/p>\n\n\n\n<p>Para inscribirse, el usuario debe rellenar los siguientes campos y hacer en el registro de Upload.cd.<\/p>\n\n\n\n<ul><li>El nombre de un usuario<\/li><li> La direcci\u00f3n de correo electr\u00f3nico de un usuario<\/li><\/ul>\n\n\n\n<p>*La direcci\u00f3n de correo electr\u00f3nico de un usuario no se enviar\u00e1 a ninguna otra parte o no se utilizar\u00e1 para otros fines, sino que s\u00f3lo se utilizar\u00e1 para los servicios del sitio Upload.cd.<\/p>\n\n\n\n<ul><li>Una contrase\u00f1a que \u00e9l o ella quiere. (Esto es necesario volver a escribirla para asegurarse)<\/li><\/ul>\n\n\n\n<p>*Se utiliza una contrase\u00f1a para la protecci\u00f3n de la cuenta y la informaci\u00f3n del usuario. Por lo tanto, es responsabilidad del usuario mantener su contrase\u00f1a en secreto para mantener la cuenta a salvo. Si un usuario se conecta a otras computadoras o dispositivos, aseg\u00farese de que la cuenta se cierra despu\u00e9s de su uso para asegurarse de que nadie pueda acceder a ella.<\/p>\n\n\n\n<ul><li>Debe estar de acuerdo con los t\u00e9rminos y la pol\u00edtica del sitio Upload.cd.<\/li><li> Un usuario debe escribir el c\u00f3digo CAPTCHA correcto en la imagen. Si no entiende los c\u00f3digos CAPTCHA de la imagen, haga clic en el icono de actualizaci\u00f3n para mostrar un nuevo c\u00f3digo CAPTCHA.<\/li><\/ul>\n\n\n\n<p>Despu\u00e9s de que un usuario termine de rellenar todos los campos, debe hacer clic en el bot\u00f3n \u00abEnviar\u00bb para enviar su informaci\u00f3n a Upload. Despu\u00e9s de eso, \u00e9l o ella ser\u00e1 un miembro registrado ahora de Upload.cd ya sea de forma gratuita, registrado o con una cuenta Premium. Adem\u00e1s, \u00e9l o ella ahora puede comprar cualquiera de los paquetes Premium de Upload.cd.<\/p>\n\n\n\n<h2>PREGUNTAS FRECUENTES: Cuenta Premium de Upload.cd<\/h2>\n\n\n\n<h3><strong>1. \u00bfNo recuerdas la contrase\u00f1a de la cuenta de usuario de Upload.cd?<\/strong><\/h3>\n\n\n\n<p>Si un usuario no puede recordar su contrase\u00f1a, se recomienda que vaya a la p\u00e1gina de recuperaci\u00f3n de contrase\u00f1a del sitio Upload.cd. Se requiere la direcci\u00f3n de correo electr\u00f3nico del usuario para ingresar porque es aqu\u00ed donde Upload.cd enviar\u00e1 la nueva contrase\u00f1a temporal de la cuenta Upload.cd del usuario en un plazo de cinco (5) a diez (10) minutos. El usuario debe revisar la bandeja de entrada, el correo basura o la carpeta de correo no deseado de su correo electr\u00f3nico para ello. Puede cambiarla en cualquier momento en la configuraci\u00f3n de su cuenta del sitio Upload.cd. El usuario debe hacer clic en el bot\u00f3n \u00abRestaurar\u00bb para enviar su solicitud a Upload.cd para recuperar la contrase\u00f1a. <\/p>\n\n\n\n<h3><strong>2. \u00bfQuieres eliminar una cuenta de usuario de Upload.cd?<\/strong><\/h3>\n\n\n\n<p>Para eliminar la cuenta de un usuario, \u00e9ste debe enviar un mensaje al equipo de soporte de Upload.cd. Elija \u00abEliminaci\u00f3n de la cuenta\u00bb como asunto del mensaje y haga clic en \u00abEnviar\u00bb. Un usuario tambi\u00e9n puede enviar a trav\u00e9s del correo electr\u00f3nico de Upload.cd a support@upload.cd con el mismo t\u00edtulo de asunto. Entonces, el equipo de Upload.cd ser\u00e1 el que lo elimine por ti.<\/p>\n\n\n\n<h3><strong>3. \u00bfQuieres enviar un mensaje a Upload.cd?<\/strong><\/h3>\n\n\n\n<p>Si un usuario tiene alguna pregunta o consulta o comentarios sobre el sitio Upload.cd, las caracter\u00edsticas de Upload.cd y los servicios de Upload.cd, puede enviar un mensaje a trav\u00e9s de la p\u00e1gina de contacto del sitio Upload.cd. El nombre de usuario, la direcci\u00f3n de correo electr\u00f3nico, el asunto, el mensaje y un captcha deben ser llenados en la p\u00e1gina de contacto, luego, \u00e9l o ella debe hacer clic en el bot\u00f3n \u00abEnviar\u00bb para enviar el mensaje al equipo de Upload.cd.<\/p>\n\n\n<a class=\"maxbutton-2 maxbutton maxbutton-cta\" target=\"_blank\" rel=\"nofollow noopener\" href=\"\/go\/\"><span class='mb-text'>&gt;&gt; Ir a la p\u00e1gina web original de Linkifier<\/span><\/a>\n\n\n<p><\/p>\n\n\n\n<figure class=\"wp-block-table\"><table><tbody><tr><td>\u00bfQu\u00e9 es el CAPTCHA? Un CAPTCHA es un t\u00e9rmino corto usado para el \u00abTest de Turing P\u00fablico Completamente Automatizado para diferenciar a los ordenadores y a los humanos\u00bb. Consiste en diferentes letras, n\u00fameros, s\u00edmbolos o im\u00e1genes que se utilizan para verificar si una persona es real o s\u00f3lo spam o un robot. <\/td><\/tr><\/tbody><\/table><\/figure>\n\n\n\n<p>Si un usuario pertenece a la cuenta gratuita de Upload.cd, es posible que experimente algunos problemas como errores en el sitio al intentar descargar un archivo debido al tr\u00e1fico de la red cuando muchos usuarios est\u00e1n descargando, pero este problema no se experimenta cuando un usuario pertenece a la cuenta Premium de Upload.cd, porque los usuarios Premium tienen prioridad en los servidores del sitio Upload.cd. <\/p>\n\n\n\n<p>Por favor, mire la siguiente tabla para ver las diferentes caracter\u00edsticas o servicios del sitio Upload.cd para los diferentes tipos de cuentas de usuario.<\/p>\n\n\n\n<p>Caracter\u00edsticas o servicios de Upload.cd<\/p>\n\n\n\n<figure class=\"wp-block-table\"><table><tbody><tr><td>Cuenta de usuario Tipo de Upload.cd<\/td><td>Velocidad de descarga<\/td><td>N\u00famero de descargas<\/td><td>Capacidad del espacio de almacenamiento<\/td><td>Tiempo de espera para la descarga<\/td><td>Limitaciones de la descarga<\/td><td>Puede reanudar las descargas<\/td><td>\u00bfTiene Anuncios y CAPTCHAS?<\/td><td>\u00bfSeguro? \u00bfSeguro?<\/td><\/tr><tr><td>Cuenta gratuita <\/td><td>Hasta 50 kilobytes por segundo (50 KB\/s)<\/td><td>1<\/td><td>Cero gigabytes (0 GB)<\/td><td>La descarga comenzar\u00e1 despu\u00e9s de sesenta (60) segundos o un (1) minuto<\/td><td>S\u00f3lo se puede descargar un (1) archivo cada tres (3) horas<\/td><td>No hay descarga de curr\u00edculum<\/td><td>S\u00ed<\/td><td>S\u00ed<\/td><\/tr><tr><td>Cuenta registrada <\/td><td>Hasta 80 kilobytes por segundo (80 KB\/s)<\/td><td>1<\/td><td>Cincuenta gigabytes (50 GB)<\/td><td>La descarga comenzar\u00e1 despu\u00e9s de treinta (30) segundos<\/td><td>S\u00f3lo se puede descargar un (1) archivo cada tres (3) horas<\/td><td>No hay descarga de curr\u00edculum<\/td><td>S\u00ed<\/td><td>S\u00ed<\/td><\/tr><tr><td>Cuenta Premium <\/td><td>Velocidad de descarga ilimitada<\/td><td>N\u00famero ilimitado de descargas de archivos<\/td><td>Quinientos gigabytes (500 GB)<\/td><td>No hay tiempo de espera cuando se descarga un archivo o archivos<\/td><td>No hay tiempo de espera cuando se descarga un archivo o archivos<\/td><td>Puede reanudar el archivo o archivos en pausa para descargar<\/td><td>Ninguno<\/td><td>S\u00ed<\/td><\/tr><\/tbody><\/table><\/figure>\n\n\n\n<h2>Cuenta Premium de Upload.cd<\/h2>\n\n\n\n<figure class=\"wp-block-table\"><table><tbody><tr><td>No. de meses:<\/td><td>1 mes<\/td><td>2 meses<\/td><td>6 meses<\/td><td>12 meses<\/td><\/tr><tr><td>Precio:<\/td><td>15.99 USD<\/td><td>34.99 USD<\/td><td>53.99 USD (El precio original es 54.99 USD)<\/td><td>87.99 USD(El precio original es 89.99 USD)<\/td><\/tr><\/tbody><\/table><\/figure>\n\n\n\n<figure class=\"wp-block-table\"><table><tbody><tr><td>El tiempo de entrega de estos paquetes es muy corto, entre tres (3) minutos y dos (2) horas.<\/td><\/tr><\/tbody><\/table><\/figure>\n\n\n\n<p><strong>\u00bfD\u00f3nde puede un usuario comprar y pagar el Paquete Premium de Upload.cd?<\/strong><\/p>\n\n\n\n<ol><li>Un usuario puede comprar Paquetes Premium de Upload.cd usando el sitio Upload.cd que est\u00e1 en Upload.cd.cd a trav\u00e9s de PayPal o tarjetas de cr\u00e9dito.<\/li><li> Un usuario puede comprar Paquetes Premium de Upload.cd a trav\u00e9s de los revendedores oficiales de Upload.cd Premium por medio de PayPal.<\/li><li> Otras opciones admitidas para el pago del Paquete Premium de Upload.cd:<\/li><\/ol>\n\n\n\n<figure class=\"wp-block-table\"><table><tbody><tr><td>Skrill<\/td><td>Tarjetas de cr\u00e9dito (Visa y MasterCard)<\/td><td>Bitcoin o Altcoin cualquier cartera digital con bitcoin<\/td><td>Transferencia bancaria o telegr\u00e1fica<\/td><td> Alfa-Click<\/td><td>HSBC (Corporaci\u00f3n Bancaria de Hong Kong y Shanghai)<\/td><td>Dotpay (pago electr\u00f3nico)<\/td><\/tr><tr><td>American Express<\/td><td>WebMoney<\/td><td>Dinero perfecto<\/td><td>Santander Rio<\/td><td>Banco de Chile<\/td><td>Sberbank<\/td><td>WebPay plus<\/td><\/tr><tr><td>Paysafe card<\/td><td>Amazon<\/td><td>RED LINK<\/td><td>Red Compra<\/td><td>Moneta&nbsp;<\/td><td>Faktura<\/td><td>One Card<\/td><\/tr><tr><td>Japan Credit Bureau (JCB)<\/td><td>Paysera<\/td><td>IDEAL (pago en l\u00ednea)<\/td><td>QIWI Wallet<\/td><td>OXXO<\/td><td>GiroPay<\/td><td>Revendedores oficiales de Upload.cd<\/td><\/tr><\/tbody><\/table><\/figure>\n\n\n\n<p>La informaci\u00f3n de pago de los usuarios est\u00e1 encriptada y no ser\u00e1 almacenada por Upload.cd en sus servidores para mantenerla segura y protegida. <\/p>\n\n\n\n<h2>Algunos consejos o instrucciones para usar la cuenta Premium de Upload.cd<\/h2>\n\n\n\n<p><strong>\u00bfC\u00f3mo comprar un Paquete Premium de Upload.cd?<\/strong><\/p>\n\n\n\n<ol><li>Un usuario deber\u00eda tener que ingresar primero en su cuenta en el sitio Upload.cd. Si un usuario no tiene una cuenta en Upload.cd, debe necesitar registrarse primero.<\/li><li> El usuario debe decidir y seleccionar el paquete premium de Upload.cd que desea.<\/li><li> Haga clic en el bot\u00f3n \u00abCOMPRAR AHORA\u00bb para proceder a la comprobaci\u00f3n del Paquete Premium de Upload.cd seleccionado.<\/li><li> Haga clic en el bot\u00f3n \u00abCheckout\u00bb para pagar el Paquete Premium de Upload.cd seleccionado.<\/li><li> Upload.cd enviara un SMS o mensaje de texto al usuario sobre el codigo de cupon de Upload.cd Premium seleccionado.<\/li><\/ol>\n\n\n\n<p><strong>Activaci\u00f3n del c\u00f3digo de cup\u00f3n del paquete Premium de Upload.cd<\/strong><\/p>\n\n\n\n<ol><li>Un usuario deber\u00eda tener que ingresar primero en su cuenta en el sitio Upload.cd. Si un usuario no tiene una cuenta en Upload.cd, debe necesitar registrarse primero.<\/li><li> Un usuario puede ahora introducir el c\u00f3digo del <a href=\"https:\/\/www.investopedia.com\/terms\/c\/coupon.asp\" target=\"_blank\" rel=\"noreferrer noopener\" aria-label=\"cup\u00f3n  (opens in a new tab)\">cup\u00f3n <\/a>de la prima de Upload.cd en la p\u00e1gina del cup\u00f3n de canje.<\/li><li> Haga clic en el bot\u00f3n \u00abCheck it\u00bb de Upload.cd para verificar que los c\u00f3digos de cup\u00f3n introducidos son v\u00e1lidos y correctos. Si es v\u00e1lido y correcto, el Paquete Premium de Upload.cd que compr\u00f3 se activar\u00e1 en su cuenta de Upload.cd.<\/li><\/ol>\n\n\n\n<p><strong>\u00bfQuieres cancelar la suscripci\u00f3n a la Cuenta Premium de Upload.cd?<\/strong><\/p>\n\n\n\n<p>Para cancelar la suscripci\u00f3n de un usuario de la cuenta Premium de Upload.cd, debe enviar un mensaje al equipo de asistencia de Upload.cd. Elija \u00abCancelar suscripci\u00f3n\u00bb como asunto del mensaje y haga clic en \u00abEnviar\u00bb. Un usuario tambi\u00e9n puede enviar a trav\u00e9s del correo electr\u00f3nico de Upload.cd a support@upload.cd con el mismo t\u00edtulo de asunto. Entonces, el equipo de Upload.cd ser\u00e1 el que lo cancele por ti.<\/p>\n\n\n<a class=\"maxbutton-2 maxbutton maxbutton-cta\" target=\"_blank\" rel=\"nofollow noopener\" href=\"\/go\/\"><span class='mb-text'>&gt;&gt; Ir a la p\u00e1gina web original de Linkifier<\/span><\/a>\n\n\n<p><\/p>\n","protected":false},"excerpt":{"rendered":"<p>\u00bfQu\u00e9 es Upload.cd? Upload.cd viene de la propia palabra \u00abupload\u00bb que es para subir o alojar archivos de usuarios en<\/p>\n","protected":false},"author":2,"featured_media":0,"parent":0,"menu_order":0,"comment_status":"closed","ping_status":"closed","template":"","meta":[],"yoast_head":"<!-- This site is optimized with the Yoast SEO plugin v18.3 - https:\/\/yoast.com\/wordpress\/plugins\/seo\/ -->\n<title>Upload.cd Premium Cuenta: El Filehoster De Un Vistazo<\/title>\n<meta name=\"description\" content=\"Es Upload.cd un proveedor de confianza o no, puedes encontrar la respuesta en el test actual en Multihoster.org \u279c Haz clic ahora \u271a para leer nuestras experiencias!\" \/>\n<meta name=\"robots\" content=\"index, follow, max-snippet:-1, max-image-preview:large, max-video-preview:-1\" \/>\n<link rel=\"canonical\" href=\"https:\/\/multihoster.org\/es\/upload-cd\/\" \/>\n<meta property=\"og:locale\" content=\"es_ES\" \/>\n<meta property=\"og:type\" content=\"article\" \/>\n<meta property=\"og:title\" content=\"Upload.cd Premium Cuenta: El Filehoster De Un Vistazo\" \/>\n<meta property=\"og:description\" content=\"Es Upload.cd un proveedor de confianza o no, puedes encontrar la respuesta en el test actual en Multihoster.org \u279c Haz clic ahora \u271a para leer nuestras experiencias!\" \/>\n<meta property=\"og:url\" content=\"https:\/\/multihoster.org\/es\/upload-cd\/\" \/>\n<meta property=\"og:site_name\" content=\"Multihoster.org\" \/>\n<meta property=\"article:modified_time\" content=\"2020-05-29T14:24:58+00:00\" \/>\n<meta name=\"twitter:card\" content=\"summary\" \/>\n<meta name=\"twitter:label1\" content=\"Tiempo de lectura\" \/>\n\t<meta name=\"twitter:data1\" content=\"10 minutos\" \/>\n<script type=\"application\/ld+json\" class=\"yoast-schema-graph\">{\"@context\":\"https:\/\/schema.org\",\"@graph\":[{\"@type\":\"WebSite\",\"@id\":\"https:\/\/multihoster.org\/#website\",\"url\":\"https:\/\/multihoster.org\/\",\"name\":\"Multihoster.org\",\"description\":\"Reviews of the major Filehosting services\",\"potentialAction\":[{\"@type\":\"SearchAction\",\"target\":{\"@type\":\"EntryPoint\",\"urlTemplate\":\"https:\/\/multihoster.org\/?s={search_term_string}\"},\"query-input\":\"required name=search_term_string\"}],\"inLanguage\":\"es\"},{\"@type\":\"WebPage\",\"@id\":\"https:\/\/multihoster.org\/es\/upload-cd\/#webpage\",\"url\":\"https:\/\/multihoster.org\/es\/upload-cd\/\",\"name\":\"Upload.cd Premium Cuenta: El Filehoster De Un Vistazo\",\"isPartOf\":{\"@id\":\"https:\/\/multihoster.org\/#website\"},\"datePublished\":\"2020-04-23T12:54:44+00:00\",\"dateModified\":\"2020-05-29T14:24:58+00:00\",\"description\":\"Es Upload.cd un proveedor de confianza o no, puedes encontrar la respuesta en el test actual en Multihoster.org \u279c Haz clic ahora \u271a para leer nuestras experiencias!\",\"breadcrumb\":{\"@id\":\"https:\/\/multihoster.org\/es\/upload-cd\/#breadcrumb\"},\"inLanguage\":\"es\",\"potentialAction\":[{\"@type\":\"ReadAction\",\"target\":[\"https:\/\/multihoster.org\/es\/upload-cd\/\"]}]},{\"@type\":\"BreadcrumbList\",\"@id\":\"https:\/\/multihoster.org\/es\/upload-cd\/#breadcrumb\",\"itemListElement\":[{\"@type\":\"ListItem\",\"position\":1,\"name\":\"Startseite\",\"item\":\"https:\/\/multihoster.org\/es\/\"},{\"@type\":\"ListItem\",\"position\":2,\"name\":\"Upload.cd Premium Cuenta: El Filehoster De Un Vistazo\"}]}]}<\/script>\n<!-- \/ Yoast SEO plugin. -->","yoast_head_json":{"title":"Upload.cd Premium Cuenta: El Filehoster De Un Vistazo","description":"Es Upload.cd un proveedor de confianza o no, puedes encontrar la respuesta en el test actual en Multihoster.org \u279c Haz clic ahora \u271a para leer nuestras experiencias!","robots":{"index":"index","follow":"follow","max-snippet":"max-snippet:-1","max-image-preview":"max-image-preview:large","max-video-preview":"max-video-preview:-1"},"canonical":"https:\/\/multihoster.org\/es\/upload-cd\/","og_locale":"es_ES","og_type":"article","og_title":"Upload.cd Premium Cuenta: El Filehoster De Un Vistazo","og_description":"Es Upload.cd un proveedor de confianza o no, puedes encontrar la respuesta en el test actual en Multihoster.org \u279c Haz clic ahora \u271a para leer nuestras experiencias!","og_url":"https:\/\/multihoster.org\/es\/upload-cd\/","og_site_name":"Multihoster.org","article_modified_time":"2020-05-29T14:24:58+00:00","twitter_card":"summary","twitter_misc":{"Tiempo de lectura":"10 minutos"},"schema":{"@context":"https:\/\/schema.org","@graph":[{"@type":"WebSite","@id":"https:\/\/multihoster.org\/#website","url":"https:\/\/multihoster.org\/","name":"Multihoster.org","description":"Reviews of the major Filehosting services","potentialAction":[{"@type":"SearchAction","target":{"@type":"EntryPoint","urlTemplate":"https:\/\/multihoster.org\/?s={search_term_string}"},"query-input":"required name=search_term_string"}],"inLanguage":"es"},{"@type":"WebPage","@id":"https:\/\/multihoster.org\/es\/upload-cd\/#webpage","url":"https:\/\/multihoster.org\/es\/upload-cd\/","name":"Upload.cd Premium Cuenta: El Filehoster De Un Vistazo","isPartOf":{"@id":"https:\/\/multihoster.org\/#website"},"datePublished":"2020-04-23T12:54:44+00:00","dateModified":"2020-05-29T14:24:58+00:00","description":"Es Upload.cd un proveedor de confianza o no, puedes encontrar la respuesta en el test actual en Multihoster.org \u279c Haz clic ahora \u271a para leer nuestras experiencias!","breadcrumb":{"@id":"https:\/\/multihoster.org\/es\/upload-cd\/#breadcrumb"},"inLanguage":"es","potentialAction":[{"@type":"ReadAction","target":["https:\/\/multihoster.org\/es\/upload-cd\/"]}]},{"@type":"BreadcrumbList","@id":"https:\/\/multihoster.org\/es\/upload-cd\/#breadcrumb","itemListElement":[{"@type":"ListItem","position":1,"name":"Startseite","item":"https:\/\/multihoster.org\/es\/"},{"@type":"ListItem","position":2,"name":"Upload.cd Premium Cuenta: El Filehoster De Un Vistazo"}]}]}},"_links":{"self":[{"href":"https:\/\/multihoster.org\/es\/wp-json\/wp\/v2\/pages\/4404"}],"collection":[{"href":"https:\/\/multihoster.org\/es\/wp-json\/wp\/v2\/pages"}],"about":[{"href":"https:\/\/multihoster.org\/es\/wp-json\/wp\/v2\/types\/page"}],"author":[{"embeddable":true,"href":"https:\/\/multihoster.org\/es\/wp-json\/wp\/v2\/users\/2"}],"replies":[{"embeddable":true,"href":"https:\/\/multihoster.org\/es\/wp-json\/wp\/v2\/comments?post=4404"}],"version-history":[{"count":3,"href":"https:\/\/multihoster.org\/es\/wp-json\/wp\/v2\/pages\/4404\/revisions"}],"predecessor-version":[{"id":4568,"href":"https:\/\/multihoster.org\/es\/wp-json\/wp\/v2\/pages\/4404\/revisions\/4568"}],"wp:attachment":[{"href":"https:\/\/multihoster.org\/es\/wp-json\/wp\/v2\/media?parent=4404"}],"curies":[{"name":"wp","href":"https:\/\/api.w.org\/{rel}","templated":true}]}}