{"id":4425,"date":"2020-04-23T13:10:23","date_gmt":"2020-04-23T13:10:23","guid":{"rendered":"https:\/\/multihoster.org\/vidto\/"},"modified":"2020-04-23T16:04:43","modified_gmt":"2020-04-23T16:04:43","slug":"vidto","status":"publish","type":"page","link":"https:\/\/multihoster.org\/es\/vidto\/","title":{"rendered":"Vidto Premium Cuenta: El mejor sitio para los servicios de streaming"},"content":{"rendered":"<a class=\"maxbutton-2 maxbutton maxbutton-cta\" target=\"_blank\" rel=\"nofollow noopener\" href=\"\/go\/\"><span class='mb-text'>&gt;&gt; Ir a la p\u00e1gina web original de Linkifier <\/span><\/a>\n\n\n<p><\/p>\n\n\n\n<h2>\u00bfQu\u00e9 es Vidto?<\/h2>\n\n\n\n<p>Vidto es uno de los mejores sitios para servicios de streaming. La gente puede usar su sitio para transmitir videos como documentales, dibujos animados o anime, pel\u00edculas, pel\u00edculas, espect\u00e1culos y otros g\u00e9neros de videos. El sitio de Vidto es accesible en cualquier dispositivo con una conexi\u00f3n a Internet. Los usuarios pueden acceder a su sitio en los navegadores web para comenzar a transmitir.<\/p>\n\n\n\n<h2>Vidto Premium Cuenta<\/h2>\n\n\n\n<p>Las ventajas de tener una cuenta Vidto Premium<\/p>\n\n\n\n<ul><li>Los usuarios pueden descargar cualquier video del sitio de Vidto sin tener que esperar.<\/li><li>Los usuarios experimentar\u00e1n una velocidad muy alta en la descarga de cualquier video y en la transmisi\u00f3n de cualquier video usando la Cuenta Premium de Vidto.<\/li><li>No hay anuncios en las p\u00e1ginas web del sitio de Vidto.<\/li><li>Los usuarios experimentar\u00e1n una velocidad de transmisi\u00f3n muy r\u00e1pida para los videos.<\/li><li>Los usuarios pueden usar diferentes gestores de descarga o descargar software o sitios de descarga si quieren descargar cualquier v\u00eddeo del sitio de Vidto.<\/li><li>Los usuarios pueden transmitir cualquier video con alta definici\u00f3n o alta calidad.<\/li><li>Los usuarios pueden reproducir o transmitir v\u00eddeos a trav\u00e9s de los modos online y offline.<\/li><li>Los usuarios pueden guardar los v\u00eddeos a trav\u00e9s del modo sin conexi\u00f3n.<\/li><\/ul>\n\n\n\n<h2>Vidto: Descargando videos<\/h2>\n\n\n\n<p>Algunas cosas que los usuarios deben saber sobre la descarga de videos en Vidto:<\/p>\n\n\n\n<p><strong>P1: \u00bfQu\u00e9 deben hacer los usuarios si no pueden descargar ning\u00fan v\u00eddeo del sitio de Vidto?<\/strong><\/p>\n\n\n\n<p>A1: Si los usuarios no pueden descargar ning\u00fan v\u00eddeo del sitio de Vidto, pueden utilizar cualquier software o cualquier aplicaci\u00f3n de grabaci\u00f3n de v\u00eddeo o de captura de pantalla para grabar el v\u00eddeo con sonido que los usuarios necesiten en su pantalla. Esto es lo que tambi\u00e9n llamaron el m\u00e9todo de \u00abGrabaci\u00f3n en bruto\u00bb.<\/p>\n\n\n\n<p><strong>P2: \u00bfPueden los usuarios abrir y reproducir los videos que han descargado del sitio de Vidto en sus dispositivos?<\/strong><\/p>\n\n\n\n<p>A2: S\u00ed, cuando los usuarios descargaron los videos usando un descargador en sus dispositivos, usualmente convierte autom\u00e1ticamente el archivo de video a un tipo de video mp4, para que puedan abrir y reproducir los videos que han descargado del sitio de Vidto. <\/p>\n\n\n\n<p><strong>P3: \u00bfPueden los usuarios compartir los videos que han descargado del sitio de Vidto con otras personas?<\/strong><\/p>\n\n\n\n<p>A3: Despu\u00e9s de que los usuarios hayan descargado cualquier v\u00eddeo del sitio de Vidto, s\u00f3lo pueden utilizar estos v\u00eddeos para su uso personal, pero no pueden compartirlo en los medios sociales ni enviarlo a otras personas utilizando la herramienta o aplicaci\u00f3n para compartir en sus dispositivos. <\/p>\n\n\n\n<p><strong>P4: \u00bfPueden los usuarios convertir el v\u00eddeo a otros formatos de v\u00eddeo despu\u00e9s de haberlo descargado del sitio de Vidto?<\/strong><\/p>\n\n\n\n<p>A4: S\u00ed, los usuarios pueden convertir el video a otros formatos de video que quieran y que hayan descargado del lado de Vidto.<\/p>\n\n\n\n<p><strong>P5: \u00bfEs legal o no la descarga de videos del sitio de Vidto?<\/strong><\/p>\n\n\n\n<p>A5: S\u00ed, es seguro y legal descargar cualquier video del sitio de Vidto, pero depende de sus t\u00e9rminos y condiciones porque hay videos con derechos de autor, por lo que los usuarios deber\u00e1n pedir primero permiso al propietario del video.<\/p>\n\n\n\n<h3>\u00bfQu\u00e9 hay que tener en cuenta cuando los usuarios buscan un descargador de v\u00eddeo?<\/h3>\n\n\n\n<p>Cuando los usuarios buscan un descargador de video, deben considerar estas cosas a continuaci\u00f3n.  <\/p>\n\n\n\n<ul><li>Los usuarios deben comprobar si la interfaz gr\u00e1fica de usuario o GUI del software o del sitio o la aplicaci\u00f3n es clara, sencilla y f\u00e1cil de usar.<\/li><li>\u00bfContiene el Descargador de Video s\u00f3lo una funci\u00f3n o muchas funciones?<\/li><li>Los usuarios deben comprobar si el descargador de v\u00eddeo tiene una funci\u00f3n para la conversi\u00f3n de los v\u00eddeos descargados a diferentes tipos o formatos de v\u00eddeo.<\/li><\/ul>\n\n\n\n<h3>Descarga de videos de Vidto usando tel\u00e9fonos m\u00f3viles<\/h3>\n\n\n\n<p>Hay usuarios que quieren descargar videos con sus tel\u00e9fonos m\u00f3viles, por lo que Vidto les permite usar sus m\u00f3viles y descargar un descargador de videos que pueden descargar directamente desde Vidto. Pueden utilizar Google Play Store o App Store para buscar un descargador de v\u00eddeo.<\/p>\n\n\n\n<h2>Vidto: Suscripci\u00f3n<\/h2>\n\n\n\n<p>Para descargar los videos, los usuarios pueden suscribirse a Vidto. Despu\u00e9s de que los usuarios se suscriben, se les permite guardar cualquier v\u00eddeo, para que lo reproduzcan en modo offline. Definitivamente, es una decisi\u00f3n muy importante suscribirse.<\/p>\n\n\n<a class=\"maxbutton-2 maxbutton maxbutton-cta\" target=\"_blank\" rel=\"nofollow noopener\" href=\"\/go\/\"><span class='mb-text'>&gt;&gt; Ir a la p\u00e1gina web original de Linkifier <\/span><\/a>\n\n\n<h2>Vidto: Accediendo al sitio<\/h2>\n\n\n\n<h3>\u00bfQu\u00e9 hacer si el sitio de Vidto est\u00e1 en el extremo del usuario?<\/h3>\n\n\n\n<p>Si los usuarios est\u00e1n tratando de acceder al sitio de Vidto pero luego sucede y parece que no funciona, entonces deben tratar de hacer las seis (6) formas de soluci\u00f3n de problemas que se indican a continuaci\u00f3n.<\/p>\n\n\n\n<p>1st Way \u2192 Los usuarios deben tratar de refrescar su navegador web presionando las teclas CTRL + F5 al mismo tiempo o simplemente pueden presionar la tecla F5. Si el problema sigue sin resolverse, entonces por favor proceda a la 2\u00aa v\u00eda.<\/p>\n\n\n\n<p>2nd Way \u2192 Los usuarios deben comprobar su conexi\u00f3n a Internet. Deber\u00edan apagar su<a href=\"https:\/\/www.lifewire.com\/difference-between-modem-and-router-4159854\" target=\"_blank\" rel=\"noreferrer noopener\" aria-label=\" m\u00f3dem o router  (opens in a new tab)\"> m\u00f3dem o router <\/a>y reiniciar sus dispositivos. Despu\u00e9s de reiniciar su dispositivo, entonces enci\u00e9ndalo (m\u00f3dem o router) de nuevo. Hacer la limpieza de las cookies y de los <a href=\"https:\/\/en.wikipedia.org\/wiki\/Cache_(computing)\" target=\"_blank\" rel=\"noreferrer noopener\" aria-label=\"cach\u00e9s (opens in a new tab)\">cach\u00e9s<\/a>. Si el problema sigue sin resolverse, entonces por favor proceda a la 3\u00aa v\u00eda.<\/p>\n\n\n\n<p>3rd Way \u2192 Los usuarios deben comprobar la configuraci\u00f3n del cortafuegos de sus dispositivos porque puede ser una de las razones por las que no se puede acceder correctamente al sitio de Vidto. Pueden desactivar los antiviruses o los cortafuegos temporalmente. Por lo tanto, si se puede acceder al sitio de Vidto ahora despu\u00e9s de desactivar los antiviruses o el firewall, significa que el software del dispositivo del usuario est\u00e1 causando el problema. Si el problema sigue sin resolverse, entonces por favor proceda a la cuarta v\u00eda.<\/p>\n\n\n\n<p>4th Way \u2192 Los usuarios deben comprobar la configuraci\u00f3n del proxy de su red, luego pueden configurar el servidor proxy en autom\u00e1tico o pueden ponerse en contacto con su administrador de red para asegurarse de que el servidor proxy configurado funciona. Si el problema sigue sin resolverse, entonces por favor proceda a la 5\u00aa v\u00eda.<\/p>\n\n\n\n<p>5th Way \u2192 Los usuarios deben comprobar la configuraci\u00f3n de su red y deben tratar de a\u00f1adir el sitio de Vidto en los sitios de confianza del navegador web. Si el problema sigue sin resolverse, entonces por favor proceda a la 6\u00aa v\u00eda.<\/p>\n\n\n\n<p>6th Way \u2192 Si el problema sigue ah\u00ed, entonces el Sistema de Nombres de Dominio o DNS podr\u00eda ser la causa de ello. Este es un servicio que traduce el nombre de dominio de Vidto a un formato de Protocolo de Internet o direcci\u00f3n IP que una computadora puede entender. Los usuarios pueden borrar o limpiar el DNS introduciendo este comando \u00abipconfig \/flushdns\u00bb en la l\u00ednea de comandos de su dispositivo, ya sea que el sistema operativo sea Windows, MAC OS, Linux. Si a\u00fan as\u00ed no funciona, pueden contactar con el Proveedor de Servicios de Internet o el ISP es el responsable de gestionar el DNS.<\/p>\n\n\n\n<h3>\u00bfQu\u00e9 hacer si hay un problema con el sitio de Vidto?<\/h3>\n\n\n\n<p>Si los usuarios est\u00e1n tratando de acceder a Vidto, pero luego el sitio tiene un problema debido a su servidor, entonces necesitan tratar de hacer las dos (2) maneras siguientes.<\/p>\n\n\n\n<ol><li>Los usuarios pueden intentar refrescar el sitio o reiniciar el servicio del cliente DNS.<\/li><li>Los usuarios pueden esperar a que el sitio de Vidto est\u00e9 funcionando de nuevo.<\/li><li>Los usuarios pueden enviar sus preguntas o inquietudes a su cuenta de medios sociales en Facebook o Twitter.<\/li><\/ol>\n\n\n\n<h2>Vidto: Transmisi\u00f3n de videos<\/h2>\n\n\n\n<p><strong>Entonces, \u00bfqu\u00e9 significa \u00abstreaming\u00bb?<\/strong><\/p>\n\n\n\n<p>El t\u00e9rmino \u00abstreaming\u00bb significa que se trata de la transferencia continua de los datos de un archivo o archivos, incluidos los audios o sonidos y v\u00eddeos, de un servidor a un cliente espec\u00edfico. Un ejemplo sencillo de esto es cuando la gente ve cualquier programa de televisi\u00f3n o escucha cualquier podcast o cualquier m\u00fasica con sus dispositivos conectados a Internet. Estas acciones no son como cuando los usuarios descargan un archivo o archivos y luego acceden a ellos m\u00e1s tarde porque se hacen en tiempo real. Con el streaming, el archivo de v\u00eddeo que se est\u00e1 transmitiendo en el dispositivo del usuario se almacena de forma remota y se transmite a trav\u00e9s de la red.<\/p>\n\n\n\n<p>Con el streaming, los usuarios pueden utilizar el navegador web o un plug-in o una extensi\u00f3n o una aplicaci\u00f3n para empezar a reproducir el v\u00eddeo antes de que todos los datos del mismo se hayan transmitido con la ayuda de Internet.<\/p>\n\n\n\n<figure class=\"wp-block-table\"><table class=\"\"><tbody><tr><td class=\"has-text-align-center\" data-align=\"center\"><strong>Los factores que pueden afectar a la transmisi\u00f3n<\/strong><\/td><\/tr><\/tbody><\/table><\/figure>\n\n\n\n<figure class=\"wp-block-table\"><table class=\"\"><tbody><tr><td>El lado de la red<\/td><td>El lado del usuario<\/td><\/tr><tr><td>Por la latencia de la red. \u2192 Tiene diferentes factores que afectan o influyen en la latencia, incluida la ubicaci\u00f3n del contenido donde los usuarios intentan acceder a los archivos que est\u00e1n almacenados all\u00ed.<\/td><td>Por los problemas en la Fidelidad Inal\u00e1mbrica o WiFi. \u2192 Si los usuarios reinician el m\u00f3dem o el router, o hay cambios en la Ethernet, puede ayudar a mejorar o aumentar el rendimiento del streaming.<\/td><\/tr><tr><td>Para la congesti\u00f3n de la red. \u2192 Se trata de cuando hay un mont\u00f3n de datos que se env\u00edan a trav\u00e9s de la red. Esto puede resultar en la reducci\u00f3n de la calidad o en la disminuci\u00f3n del rendimiento de la transmisi\u00f3n.<\/td><td>Para los dispositivos de los usuarios que tienen un rendimiento lento. \u2192 Al reproducir cualquier video, un dispositivo debe tener suficiente o gran capacidad de procesamiento, porque cuando los usuarios transmiten un video y hay otras aplicaciones que se ejecutan en segundo plano, esto afectar\u00e1 el rendimiento de la transmisi\u00f3n. La transmisi\u00f3n tambi\u00e9n ser\u00e1 lenta.<\/td><\/tr><tr><td><br><\/td><td>Por la cantidad de ancho de banda. \u2192 Por lo general, una red dom\u00e9stica necesita unos cuatro megabytes por segundo (4 Mbps) de ancho de banda para reproducir una buena calidad de v\u00eddeo, pero para los v\u00eddeos de alta definici\u00f3n, la red dom\u00e9stica necesitar\u00e1 algo m\u00e1s que tener s\u00f3lo cuatro megabytes por segundo (4 Mbps).<\/td><\/tr><\/tbody><\/table><\/figure>\n\n\n<a class=\"maxbutton-2 maxbutton maxbutton-cta\" target=\"_blank\" rel=\"nofollow noopener\" href=\"\/go\/\"><span class='mb-text'>&gt;&gt; Ir a la p\u00e1gina web original de Linkifier <\/span><\/a>","protected":false},"excerpt":{"rendered":"<p>\u00bfQu\u00e9 es Vidto? Vidto es uno de los mejores sitios para servicios de streaming. La gente puede usar su sitio<\/p>\n","protected":false},"author":2,"featured_media":0,"parent":0,"menu_order":0,"comment_status":"closed","ping_status":"closed","template":"","meta":[],"yoast_head":"<!-- This site is optimized with the Yoast SEO plugin v18.3 - https:\/\/yoast.com\/wordpress\/plugins\/seo\/ -->\n<title>Vidto Premium Cuenta \u2013 El mejor sitio para los servicios de streaming<\/title>\n<meta name=\"description\" content=\"Si Vidto es un proveedor de confianza o no, puedes encontrar la respuesta en el test actual en Multihoster.org \u279c Haz clic ahora \u271a para leer nuestras experiencias!\" \/>\n<meta name=\"robots\" content=\"index, follow, max-snippet:-1, max-image-preview:large, max-video-preview:-1\" \/>\n<link rel=\"canonical\" href=\"https:\/\/multihoster.org\/es\/vidto\/\" \/>\n<meta property=\"og:locale\" content=\"es_ES\" \/>\n<meta property=\"og:type\" content=\"article\" \/>\n<meta property=\"og:title\" content=\"Vidto Premium Cuenta \u2013 El mejor sitio para los servicios de streaming\" \/>\n<meta property=\"og:description\" content=\"Si Vidto es un proveedor de confianza o no, puedes encontrar la respuesta en el test actual en Multihoster.org \u279c Haz clic ahora \u271a para leer nuestras experiencias!\" \/>\n<meta property=\"og:url\" content=\"https:\/\/multihoster.org\/es\/vidto\/\" \/>\n<meta property=\"og:site_name\" content=\"Multihoster.org\" \/>\n<meta property=\"article:modified_time\" content=\"2020-04-23T16:04:43+00:00\" \/>\n<meta name=\"twitter:card\" content=\"summary\" \/>\n<meta name=\"twitter:label1\" content=\"Tiempo de lectura\" \/>\n\t<meta name=\"twitter:data1\" content=\"9 minutos\" \/>\n<script type=\"application\/ld+json\" class=\"yoast-schema-graph\">{\"@context\":\"https:\/\/schema.org\",\"@graph\":[{\"@type\":\"WebSite\",\"@id\":\"https:\/\/multihoster.org\/#website\",\"url\":\"https:\/\/multihoster.org\/\",\"name\":\"Multihoster.org\",\"description\":\"Reviews of the major Filehosting services\",\"potentialAction\":[{\"@type\":\"SearchAction\",\"target\":{\"@type\":\"EntryPoint\",\"urlTemplate\":\"https:\/\/multihoster.org\/?s={search_term_string}\"},\"query-input\":\"required name=search_term_string\"}],\"inLanguage\":\"es\"},{\"@type\":\"WebPage\",\"@id\":\"https:\/\/multihoster.org\/es\/vidto\/#webpage\",\"url\":\"https:\/\/multihoster.org\/es\/vidto\/\",\"name\":\"Vidto Premium Cuenta \u2013 El mejor sitio para los servicios de streaming\",\"isPartOf\":{\"@id\":\"https:\/\/multihoster.org\/#website\"},\"datePublished\":\"2020-04-23T13:10:23+00:00\",\"dateModified\":\"2020-04-23T16:04:43+00:00\",\"description\":\"Si Vidto es un proveedor de confianza o no, puedes encontrar la respuesta en el test actual en Multihoster.org \u279c Haz clic ahora \u271a para leer nuestras experiencias!\",\"breadcrumb\":{\"@id\":\"https:\/\/multihoster.org\/es\/vidto\/#breadcrumb\"},\"inLanguage\":\"es\",\"potentialAction\":[{\"@type\":\"ReadAction\",\"target\":[\"https:\/\/multihoster.org\/es\/vidto\/\"]}]},{\"@type\":\"BreadcrumbList\",\"@id\":\"https:\/\/multihoster.org\/es\/vidto\/#breadcrumb\",\"itemListElement\":[{\"@type\":\"ListItem\",\"position\":1,\"name\":\"Startseite\",\"item\":\"https:\/\/multihoster.org\/es\/\"},{\"@type\":\"ListItem\",\"position\":2,\"name\":\"Vidto Premium Cuenta: El mejor sitio para los servicios de streaming\"}]}]}<\/script>\n<!-- \/ Yoast SEO plugin. -->","yoast_head_json":{"title":"Vidto Premium Cuenta \u2013 El mejor sitio para los servicios de streaming","description":"Si Vidto es un proveedor de confianza o no, puedes encontrar la respuesta en el test actual en Multihoster.org \u279c Haz clic ahora \u271a para leer nuestras experiencias!","robots":{"index":"index","follow":"follow","max-snippet":"max-snippet:-1","max-image-preview":"max-image-preview:large","max-video-preview":"max-video-preview:-1"},"canonical":"https:\/\/multihoster.org\/es\/vidto\/","og_locale":"es_ES","og_type":"article","og_title":"Vidto Premium Cuenta \u2013 El mejor sitio para los servicios de streaming","og_description":"Si Vidto es un proveedor de confianza o no, puedes encontrar la respuesta en el test actual en Multihoster.org \u279c Haz clic ahora \u271a para leer nuestras experiencias!","og_url":"https:\/\/multihoster.org\/es\/vidto\/","og_site_name":"Multihoster.org","article_modified_time":"2020-04-23T16:04:43+00:00","twitter_card":"summary","twitter_misc":{"Tiempo de lectura":"9 minutos"},"schema":{"@context":"https:\/\/schema.org","@graph":[{"@type":"WebSite","@id":"https:\/\/multihoster.org\/#website","url":"https:\/\/multihoster.org\/","name":"Multihoster.org","description":"Reviews of the major Filehosting services","potentialAction":[{"@type":"SearchAction","target":{"@type":"EntryPoint","urlTemplate":"https:\/\/multihoster.org\/?s={search_term_string}"},"query-input":"required name=search_term_string"}],"inLanguage":"es"},{"@type":"WebPage","@id":"https:\/\/multihoster.org\/es\/vidto\/#webpage","url":"https:\/\/multihoster.org\/es\/vidto\/","name":"Vidto Premium Cuenta \u2013 El mejor sitio para los servicios de streaming","isPartOf":{"@id":"https:\/\/multihoster.org\/#website"},"datePublished":"2020-04-23T13:10:23+00:00","dateModified":"2020-04-23T16:04:43+00:00","description":"Si Vidto es un proveedor de confianza o no, puedes encontrar la respuesta en el test actual en Multihoster.org \u279c Haz clic ahora \u271a para leer nuestras experiencias!","breadcrumb":{"@id":"https:\/\/multihoster.org\/es\/vidto\/#breadcrumb"},"inLanguage":"es","potentialAction":[{"@type":"ReadAction","target":["https:\/\/multihoster.org\/es\/vidto\/"]}]},{"@type":"BreadcrumbList","@id":"https:\/\/multihoster.org\/es\/vidto\/#breadcrumb","itemListElement":[{"@type":"ListItem","position":1,"name":"Startseite","item":"https:\/\/multihoster.org\/es\/"},{"@type":"ListItem","position":2,"name":"Vidto Premium Cuenta: El mejor sitio para los servicios de streaming"}]}]}},"_links":{"self":[{"href":"https:\/\/multihoster.org\/es\/wp-json\/wp\/v2\/pages\/4425"}],"collection":[{"href":"https:\/\/multihoster.org\/es\/wp-json\/wp\/v2\/pages"}],"about":[{"href":"https:\/\/multihoster.org\/es\/wp-json\/wp\/v2\/types\/page"}],"author":[{"embeddable":true,"href":"https:\/\/multihoster.org\/es\/wp-json\/wp\/v2\/users\/2"}],"replies":[{"embeddable":true,"href":"https:\/\/multihoster.org\/es\/wp-json\/wp\/v2\/comments?post=4425"}],"version-history":[{"count":4,"href":"https:\/\/multihoster.org\/es\/wp-json\/wp\/v2\/pages\/4425\/revisions"}],"predecessor-version":[{"id":4495,"href":"https:\/\/multihoster.org\/es\/wp-json\/wp\/v2\/pages\/4425\/revisions\/4495"}],"wp:attachment":[{"href":"https:\/\/multihoster.org\/es\/wp-json\/wp\/v2\/media?parent=4425"}],"curies":[{"name":"wp","href":"https:\/\/api.w.org\/{rel}","templated":true}]}}