{"id":452,"date":"2018-05-22T17:05:26","date_gmt":"2018-05-22T17:05:26","guid":{"rendered":"https:\/\/multihoster.org\/?page_id=452"},"modified":"2018-09-12T06:57:00","modified_gmt":"2018-09-12T06:57:00","slug":"smoozed","status":"publish","type":"page","link":"https:\/\/multihoster.org\/es\/smoozed\/","title":{"rendered":"Smoozed &#8211; El Multihoster de un vistazo"},"content":{"rendered":"<p><img loading=\"lazy\" class=\"alignleft wp-image-255\" src=\"https:\/\/multihoster.org\/wp-content\/uploads\/2018\/05\/smoozed_logo.jpg\" alt=\"logo\" width=\"302\" height=\"139\" srcset=\"https:\/\/multihoster.org\/wp-content\/uploads\/2018\/05\/smoozed_logo.jpg 574w, https:\/\/multihoster.org\/wp-content\/uploads\/2018\/05\/smoozed_logo-300x138.jpg 300w\" sizes=\"(max-width: 302px) 100vw, 302px\" \/>Smoozed se describe como una empresa joven y prometedora que ofrece una interesante gama de diferentes servicios de intermediaci\u00f3n. Adem\u00e1s del alojamiento de archivos, esto tambi\u00e9n incluye el acceso a un servidor VPN. Nos gustar\u00eda presentarle al hoster Smoozed y compartir con usted nuestra experiencia y conocimiento sobre servicios, opciones de pago, la lista de hosters y mucho m\u00e1s.<\/p>\n<p class=\"normal\"><span lang=\"de\">El hoster Smoozed coloca los siguientes tres valores en el primer plano de la filosof\u00eda de la empresa:<\/span><\/p>\n<ul>\n<li>privado realmente seguro<\/li>\n<li>irreprochable<\/li>\n<li>control del coste total<\/li>\n<\/ul>\n\n<p><a class=\"fasc-button fasc-size-xlarge fasc-type-glossy fasc-rounded-medium ico-fa fasc-ico-after fa-share\" style=\"background-color: #43585e; color: #ffffff;\" rel=\"nofollow\" href=\"https:\/\/multihoster.org\/smoozed\/goto\/\">Ir a Smoozed.com<\/a><\/p>\n<h2>Caracter\u00edsticas positivas del proveedor<\/h2>\n<ul>\n<li>gran selecci\u00f3n de filehosters<\/li>\n<li>tasa anual favorable<\/li>\n<li>m\u00e1s de 40 filehosters accesibles<\/li>\n<li>Servicio de atenci\u00f3n al cliente en alem\u00e1n e ingl\u00e9s<\/li>\n<li>Atractivas oportunidades de ganancias<\/li>\n<\/ul>\n<h2><span lang=\"de\">Toda la gama Smoozed de un vistazo<\/span><\/h2>\n<p class=\"normal\"><span lang=\"de\">Smoozed le ofrece un total de tres tarifas diferentes. En este punto, todas las tarifas ofrecen la misma gama de servicios, s\u00f3lo la duraci\u00f3n de la tarifa var\u00eda de una suscripci\u00f3n a otra. La tarifa b\u00e1sica es v\u00e1lida durante 30 d\u00edas, la tarifa avanzada durante 6 meses y la tarifa Ultra durante 12 meses. <\/span><\/p>\n<h2><span lang=\"de\">Ofertas de bonos<\/span><\/h2>\n<p class=\"normal\"><span lang=\"de\">Una oferta de bonificaci\u00f3n interesante de Smoozed es el Smoozed Addon para el navegador Google Chrome. Esto permite evitar las restricciones de velocidad y los tiempos de espera en las p\u00e1ginas de Internet de libre acceso.<\/span><\/p>\n<p class=\"normal\"><span lang=\"de\">Como muchos otros proveedores, Smoozed ofrece un atractivo programa de bonos con el cual usted puede ganar m\u00e1s que un peque\u00f1o dinero de bolsillo, dependiendo de su tiempo y motivaci\u00f3n. Cualquiera que logre ganar a alguien como cliente de Smoozed recibe una comisi\u00f3n completa del 40 por ciento en la primera venta &#8211; adem\u00e1s, todos los pedidos subsiguientes tambi\u00e9n son remunerados con una comisi\u00f3n del 30 por ciento. Al entregar tantos espejos como sea posible, tambi\u00e9n es posible maximizar la remuneraci\u00f3n del PPV.<\/span><\/p>\n<p class=\"normal\"><span lang=\"de\">A diferencia de otros proveedores que s\u00f3lo pagan una comisi\u00f3n por ciertos m\u00e9todos de pago, usted siempre recibe una comisi\u00f3n de Smoozed, no importa c\u00f3mo el cliente paga. El dinero ganado se paga normalmente dentro de las 24 horas siguientes a la realizaci\u00f3n del pedido mediante uno de los siguientes m\u00e9todos de pago:<\/span><\/p>\n<ul>\n<li>Bitcoin<\/li>\n<li>Bank<\/li>\n<li>Webmoney<\/li>\n<\/ul>\n<h2><span lang=\"de\">Costos y opciones de pago<\/span><\/h2>\n<p><img loading=\"lazy\" class=\"alignnone wp-image-258 size-full\" src=\"https:\/\/multihoster.org\/wp-content\/uploads\/2018\/05\/cost_of_smoozed.jpg\" alt=\"precios\" width=\"1228\" height=\"536\" srcset=\"https:\/\/multihoster.org\/wp-content\/uploads\/2018\/05\/cost_of_smoozed.jpg 1228w, https:\/\/multihoster.org\/wp-content\/uploads\/2018\/05\/cost_of_smoozed-300x131.jpg 300w, https:\/\/multihoster.org\/wp-content\/uploads\/2018\/05\/cost_of_smoozed-768x335.jpg 768w, https:\/\/multihoster.org\/wp-content\/uploads\/2018\/05\/cost_of_smoozed-1024x447.jpg 1024w\" sizes=\"(max-width: 1228px) 100vw, 1228px\" \/><\/p>\n<p class=\"normal\"><span lang=\"de\">Con el fin de utilizar los servicios de Smoozed, una tarjeta de cr\u00e9dito puede ser utilizada para el pago, pero otros m\u00e9todos de pago tambi\u00e9n son posibles. A continuaci\u00f3n encontrar\u00e1 todos los m\u00e9todos de pago disponibles. El pago an\u00f3nimo a trav\u00e9s de Paysafecard no es posible con Smoozed &#8211; si todav\u00eda desea pagar de forma an\u00f3nima, puede utilizar la moneda Bitcoin.<\/span><\/p>\n<ul>\n<li>VISA-Karte<\/li>\n<li>MasterCard<\/li>\n<li>SEPA express<\/li>\n<li>Handypay<\/li>\n<li>Bitcoin<\/li>\n<\/ul>\n<p>&nbsp;<\/p>\n\n<table id=\"tablepress-39\" class=\"tablepress tablepress-id-39\">\n<thead>\n<tr class=\"row-1 odd\">\n\t<th class=\"column-1\">BASIC<\/th><th class=\"column-2\">ADVANCED<\/th><th class=\"column-3\">ULTRA<\/th>\n<\/tr>\n<\/thead>\n<tbody class=\"row-hover\">\n<tr class=\"row-2 even\">\n\t<td class=\"column-1\">1 mes<\/td><td class=\"column-2\">6 meses<\/td><td class=\"column-3\">12 meses<\/td>\n<\/tr>\n<tr class=\"row-3 odd\">\n\t<td class=\"column-1\">9,95 \u20ac<\/td><td class=\"column-2\">29.99 \u20ac en vez de 49.99 \u20ac<\/td><td class=\"column-3\">39.95 \u20ac en vez de 99.99 \u20ac<\/td>\n<\/tr>\n<tr class=\"row-4 even\">\n\t<td class=\"column-1\">M\u00e1s de 40 Filehosters<\/td><td class=\"column-2\">M\u00e1s de 40 Filehosters<\/td><td class=\"column-3\">M\u00e1s de 40 Filehosters<\/td>\n<\/tr>\n<tr class=\"row-5 odd\">\n\t<td class=\"column-1\">Acceso VPN<\/td><td class=\"column-2\">Acceso VPN<\/td><td class=\"column-3\">Acceso VPN<\/td>\n<\/tr>\n<\/tbody>\n<\/table>\n\n<p><a class=\"fasc-button fasc-size-xlarge fasc-type-glossy fasc-rounded-medium ico-fa fasc-ico-after fa-share\" style=\"background-color: #43585e; color: #ffffff;\" rel=\"nofollow\" href=\"https:\/\/multihoster.org\/smoozed\/goto\/\">Ir a Smoozed.com<\/a><\/p>\n<h2><span lang=\"de\">Aviso de privacidad y protecci\u00f3n de datos<\/span><\/h2>\n<p class=\"normal\"><span lang=\"de\">Como una compa\u00f1\u00eda de multi-hosting que opera internacionalmente, Smoozed promete a sus clientes una protecci\u00f3n de datos completa y la unidad de privacidad. Los primeros datos personales se recogen en el momento de la inscripci\u00f3n. Esta informaci\u00f3n s\u00f3lo se transmitir\u00e1 dentro del alcance de su consentimiento u obligaci\u00f3n legal. En cuanto al almacenamiento de datos, se almacenan principalmente la direcci\u00f3n IP, la fecha y la hora, el nombre de archivo y el tama\u00f1o de archivo. Los datos de la tarjeta de cr\u00e9dito no son almacenados por Smoozed, sino por el respectivo proveedor de servicios de pago. <\/span><\/p>\n<h2><span lang=\"de\">Servicio postventa<\/span><\/h2>\n<p class=\"normal\"><span lang=\"de\">Smoozed servicio al cliente est\u00e1 disponible en Ingl\u00e9s y Alem\u00e1n. Puede seleccionar el formulario de contacto o enviar un correo electr\u00f3nico a soporte. En la parte inferior de la p\u00e1gina, junto a la declaraci\u00f3n de protecci\u00f3n de datos y a las condiciones de pago, encontrar\u00e1 la forma de asistencia t\u00e9cnica. Opcionalmente, tambi\u00e9n puede consultar la secci\u00f3n FAQ, donde se explican las respuestas a las preguntas m\u00e1s frecuentes.<\/span><\/p>\n<h2><span lang=\"de\">Facilidad de uso<\/span><\/h2>\n<p>El sitio web Smoozed ofrece la informaci\u00f3n m\u00e1s importante claramente organizada para que usted pueda ver todo de un vistazo. En la p\u00e1gina de inicio encontrar\u00e1 mucha informaci\u00f3n sobre el servicio antes de iniciar sesi\u00f3n, usted puede ver las razones que hablan por el proveedor y echar un vistazo m\u00e1s de cerca a la cuenta Smoozed Premium. A diferencia de muchos otros hosters de archivos, no puede crear una cuenta gratuita con el hoster Smoozed, pero debe comprar una tarifa premium para iniciar sesi\u00f3n.<\/p>\n<p>Qui\u00e9n se decide por una cuenta Smoozed Premium obtendr\u00e1 una visi\u00f3n general de la cuenta despu\u00e9s de iniciar sesi\u00f3n. Aqu\u00ed puede utilizar la funci\u00f3n \u00abMis carpetas\u00bb para crear nuevas carpetas para sus archivos cargados y descargados. Las opciones \u00abBorrar seleccionado\u00bb, \u00abEnlaces de salida\u00bb y \u00abComprobar nuevo\u00bb est\u00e1n disponibles aqu\u00ed.<\/p>\n<p>M\u00e1s arriba encontrar\u00e1 tambi\u00e9n los apartados \u00abAjustes\u00bb, \u00abResumen de la compensaci\u00f3n\u00bb y \u00abEstad\u00edsticas\u00bb. En la configuraci\u00f3n, la informaci\u00f3n relevante de la cuenta se puede ver y cambiar, y el c\u00f3digo de la API tambi\u00e9n se puede encontrar aqu\u00ed. En \u00abResumen de remuneraci\u00f3n\u00bb puede averiguar qu\u00e9 comisiones recibe por la publicidad de los distintos hosters de ficheros. La compensaci\u00f3n var\u00eda seg\u00fan el proveedor y el pa\u00eds. Adem\u00e1s, el pago de las comisiones ya devengadas puede solicitarse aqu\u00ed.<\/p>\n<p>Las estad\u00edsticas le permiten ver los detalles exactos de las comisiones. Estos incluyen la fecha, el importe de la comisi\u00f3n y el tipo de remuneraci\u00f3n.<\/p>\n<h2><span lang=\"de\">Aplicaci\u00f3n M\u00f3vil<\/span><\/h2>\n<p class=\"normal\"><span lang=\"de\">No hay ninguna aplicaci\u00f3n para el smartphone de Smoozed, pero el filehoster ofrece un <a href=\"https:\/\/chrome.google.com\/webstore\/detail\/smoozedcom\/nkhlemgodcjginbhoelemnjkhmgnaaca\" target=\"_blank\" rel=\"noopener\">Extensi\u00f3n para el navegador&nbsp;<\/a>con los que se pueden utilizar y controlar los servicios del sitio web.<\/span><\/p>\n<h2><span lang=\"de\">Las ventajas de una Cuenta Premium<\/span><\/h2>\n<p class=\"normal\"><span lang=\"de\">Con una cuenta Smoozed Premium no s\u00f3lo puede descargar y cargar datos, como es el caso de muchos hosters de archivos, sino tambi\u00e9n navegar por Internet de forma segura y an\u00f3nima con un servidor VPN. <\/span><\/p>\n<p><img loading=\"lazy\" class=\"alignnone wp-image-257 size-full\" src=\"https:\/\/multihoster.org\/wp-content\/uploads\/2018\/05\/image_1.jpg\" alt=\"ventajas\" width=\"1815\" height=\"803\" srcset=\"https:\/\/multihoster.org\/wp-content\/uploads\/2018\/05\/image_1.jpg 1815w, https:\/\/multihoster.org\/wp-content\/uploads\/2018\/05\/image_1-300x133.jpg 300w, https:\/\/multihoster.org\/wp-content\/uploads\/2018\/05\/image_1-768x340.jpg 768w, https:\/\/multihoster.org\/wp-content\/uploads\/2018\/05\/image_1-1024x453.jpg 1024w\" sizes=\"(max-width: 1815px) 100vw, 1815px\" \/><\/p>\n<p class=\"normal\"><span lang=\"de\">Adem\u00e1s, el Smoozed Premium Package incluye m\u00e1s de 40 hosters de archivos, a los que puedes acceder con la tarifa Pro. Aqu\u00ed usted puede disfrutar de ventajas y caracter\u00edsticas individuales con su Cuenta Premium Smoozed dependiendo del hoster, comenzando con la velocidad m\u00e1xima y extendi\u00e9ndose a un n\u00famero infinito de descargas al mismo tiempo hasta un espacio de almacenamiento m\u00e1s grande.<\/span><\/p>\n<h2><span lang=\"de\">Smoozed Hoster List &#8211; todos los filehosters de un vistazo<\/span><\/h2>\n<p class=\"normal\"><span lang=\"de\">La selecci\u00f3n de hosters de archivos es realmente grande con m\u00e1s de 40 proveedores. A continuaci\u00f3n nos gustar\u00eda presentarle la lista de Smoozed Hoster, para que pueda ver qu\u00e9 hosters de archivos est\u00e1n incluidos en la cuenta Smoozed Premium.<\/span><\/p>\n\n<table id=\"tablepress-11\" class=\"tablepress tablepress-id-11\">\n<tbody class=\"row-hover\">\n<tr class=\"row-1 odd\">\n\t<td class=\"column-1\">alfafile<\/td><td class=\"column-2\">airpravod<\/td><td class=\"column-3\">bigfile<\/td><td class=\"column-4\">datafile<\/td>\n<\/tr>\n<tr class=\"row-2 even\">\n\t<td class=\"column-1\">depfile<\/td><td class=\"column-2\">depostfile<\/td><td class=\"column-3\">easybytez<\/td><td class=\"column-4\">file<\/td>\n<\/tr>\n<tr class=\"row-3 odd\">\n\t<td class=\"column-1\">fileboom<\/td><td class=\"column-2\">filefactory<\/td><td class=\"column-3\">filespace<\/td><td class=\"column-4\">flash-x<\/td>\n<\/tr>\n<tr class=\"row-4 even\">\n\t<td class=\"column-1\">giapeta<\/td><td class=\"column-2\">hitfile<\/td><td class=\"column-3\">keep2share<\/td><td class=\"column-4\">letitbit<\/td>\n<\/tr>\n<tr class=\"row-5 odd\">\n\t<td class=\"column-1\">nowvideo<\/td><td class=\"column-2\">oboom<\/td><td class=\"column-3\">powerwatch<\/td><td class=\"column-4\">rapidgator<\/td>\n<\/tr>\n<tr class=\"row-6 even\">\n\t<td class=\"column-1\">rapidrar<\/td><td class=\"column-2\">rapidu<\/td><td class=\"column-3\">rockfile<\/td><td class=\"column-4\">salefiles<\/td>\n<\/tr>\n<tr class=\"row-7 odd\">\n\t<td class=\"column-1\">share-online<\/td><td class=\"column-2\">shared<\/td><td class=\"column-3\">streamcloud<\/td><td class=\"column-4\">tezfiles<\/td>\n<\/tr>\n<tr class=\"row-8 even\">\n\t<td class=\"column-1\">turbobit<\/td><td class=\"column-2\">tusfiles<\/td><td class=\"column-3\">uploaded<\/td><td class=\"column-4\">uploadrocket<\/td>\n<\/tr>\n<tr class=\"row-9 odd\">\n\t<td class=\"column-1\">uptobox<\/td><td class=\"column-2\">userscloud<\/td><td class=\"column-3\">vidto<\/td><td class=\"column-4\">vip-file<\/td>\n<\/tr>\n<tr class=\"row-10 even\">\n\t<td class=\"column-1\">vivo<\/td><td class=\"column-2\">1fichier<\/td><td class=\"column-3\">2shared<\/td><td class=\"column-4\">4 shared<\/td>\n<\/tr>\n<\/tbody>\n<\/table>\n\n<h2><span lang=\"de\">Nuestra conclusi\u00f3n sobre Smoozed<\/span><\/h2>\n<p class=\"normal\"><span lang=\"de\">Smoozed es el hoster perfecto para cualquiera que busque una gran selecci\u00f3n. Los m\u00e1s de 40 diferentes hosters de archivos proporcionan una amplia variedad, adem\u00e1s el acceso Smoozed VPN es una valiosa funci\u00f3n.<\/span><\/p>\n<p class=\"normal\"><span lang=\"de\">En total hay tres tarifas Smoozed Premium disponibles, que ofrecen la misma gama de servicios para diferentes duraciones. Es posible un contrato de un mes, seis meses o un a\u00f1o. Adem\u00e1s de la tarjeta de cr\u00e9dito, est\u00e1n disponibles los m\u00e9todos de pago Bitcoin, SEPA Express y Handypay. El pago a trav\u00e9s de Paysafecard no funciona para Smoozed.<\/span><\/p>\n<p>Smoozed promete un manejo confiable de sus datos y le ofrece un servicio de atenci\u00f3n al cliente en alem\u00e1n e ingl\u00e9s.<\/p>\n<p>Con una Cuenta Smoozed Premium no s\u00f3lo puede utilizar el valioso servicio de muchos hosters de archivos, sino tambi\u00e9n recibir atractivas comisiones a trav\u00e9s del modelo de remuneraci\u00f3n.<\/p>\n<p><a class=\"fasc-button fasc-size-xlarge fasc-type-glossy fasc-rounded-medium ico-fa fasc-ico-after fa-share\" style=\"background-color: #43585e; color: #ffffff;\" rel=\"nofollow\" href=\"https:\/\/multihoster.org\/smoozed\/goto\/\">Ir a Smoozed.com<\/a><\/p>\n","protected":false},"excerpt":{"rendered":"<p>Smoozed se describe como una empresa joven y prometedora que ofrece una interesante gama de diferentes servicios de intermediaci\u00f3n. Adem\u00e1s<\/p>\n","protected":false},"author":2,"featured_media":0,"parent":0,"menu_order":0,"comment_status":"closed","ping_status":"closed","template":"","meta":[],"yoast_head":"<!-- This site is optimized with the Yoast SEO plugin v18.3 - https:\/\/yoast.com\/wordpress\/plugins\/seo\/ -->\n<title>lll\u25b7 Smoozed Premium Account \u00bfgrave o no? Prueba en Multihoster.org<\/title>\n<meta name=\"description\" content=\"\u00bfEs Smoozed un proveedor de confianza o no? Usted puede encontrar la respuesta en la prueba actual en Multihoster.org \u279c Ahora haga clic en \u271a para leer nuestras experiencias!\" \/>\n<meta name=\"robots\" content=\"index, follow, max-snippet:-1, max-image-preview:large, max-video-preview:-1\" \/>\n<link rel=\"canonical\" href=\"https:\/\/multihoster.org\/es\/smoozed\/\" \/>\n<meta property=\"og:locale\" content=\"es_ES\" \/>\n<meta property=\"og:type\" content=\"article\" \/>\n<meta property=\"og:title\" content=\"lll\u25b7 Smoozed Premium Account \u00bfgrave o no? Prueba en Multihoster.org\" \/>\n<meta property=\"og:description\" content=\"\u00bfEs Smoozed un proveedor de confianza o no? Usted puede encontrar la respuesta en la prueba actual en Multihoster.org \u279c Ahora haga clic en \u271a para leer nuestras experiencias!\" \/>\n<meta property=\"og:url\" content=\"https:\/\/multihoster.org\/es\/smoozed\/\" \/>\n<meta property=\"og:site_name\" content=\"Multihoster.org\" \/>\n<meta property=\"article:modified_time\" content=\"2018-09-12T06:57:00+00:00\" \/>\n<meta property=\"og:image\" content=\"https:\/\/multihoster.org\/wp-content\/uploads\/2018\/05\/smoozed_logo.jpg\" \/>\n<meta name=\"twitter:card\" content=\"summary\" \/>\n<meta name=\"twitter:label1\" content=\"Tiempo de lectura\" \/>\n\t<meta name=\"twitter:data1\" content=\"7 minutos\" \/>\n<script type=\"application\/ld+json\" class=\"yoast-schema-graph\">{\"@context\":\"https:\/\/schema.org\",\"@graph\":[{\"@type\":\"WebSite\",\"@id\":\"https:\/\/multihoster.org\/#website\",\"url\":\"https:\/\/multihoster.org\/\",\"name\":\"Multihoster.org\",\"description\":\"Reviews of the major Filehosting services\",\"potentialAction\":[{\"@type\":\"SearchAction\",\"target\":{\"@type\":\"EntryPoint\",\"urlTemplate\":\"https:\/\/multihoster.org\/?s={search_term_string}\"},\"query-input\":\"required name=search_term_string\"}],\"inLanguage\":\"es\"},{\"@type\":\"ImageObject\",\"@id\":\"https:\/\/multihoster.org\/es\/smoozed\/#primaryimage\",\"inLanguage\":\"es\",\"url\":\"https:\/\/multihoster.org\/wp-content\/uploads\/2018\/05\/smoozed_logo.jpg\",\"contentUrl\":\"https:\/\/multihoster.org\/wp-content\/uploads\/2018\/05\/smoozed_logo.jpg\",\"width\":574,\"height\":264},{\"@type\":\"WebPage\",\"@id\":\"https:\/\/multihoster.org\/es\/smoozed\/#webpage\",\"url\":\"https:\/\/multihoster.org\/es\/smoozed\/\",\"name\":\"lll\u25b7 Smoozed Premium Account \u00bfgrave o no? Prueba en Multihoster.org\",\"isPartOf\":{\"@id\":\"https:\/\/multihoster.org\/#website\"},\"primaryImageOfPage\":{\"@id\":\"https:\/\/multihoster.org\/es\/smoozed\/#primaryimage\"},\"datePublished\":\"2018-05-22T17:05:26+00:00\",\"dateModified\":\"2018-09-12T06:57:00+00:00\",\"description\":\"\u00bfEs Smoozed un proveedor de confianza o no? Usted puede encontrar la respuesta en la prueba actual en Multihoster.org \u279c Ahora haga clic en \u271a para leer nuestras experiencias!\",\"breadcrumb\":{\"@id\":\"https:\/\/multihoster.org\/es\/smoozed\/#breadcrumb\"},\"inLanguage\":\"es\",\"potentialAction\":[{\"@type\":\"ReadAction\",\"target\":[\"https:\/\/multihoster.org\/es\/smoozed\/\"]}]},{\"@type\":\"BreadcrumbList\",\"@id\":\"https:\/\/multihoster.org\/es\/smoozed\/#breadcrumb\",\"itemListElement\":[{\"@type\":\"ListItem\",\"position\":1,\"name\":\"Startseite\",\"item\":\"https:\/\/multihoster.org\/es\/\"},{\"@type\":\"ListItem\",\"position\":2,\"name\":\"Smoozed &#8211; El Multihoster de un vistazo\"}]}]}<\/script>\n<!-- \/ Yoast SEO plugin. -->","yoast_head_json":{"title":"lll\u25b7 Smoozed Premium Account \u00bfgrave o no? Prueba en Multihoster.org","description":"\u00bfEs Smoozed un proveedor de confianza o no? Usted puede encontrar la respuesta en la prueba actual en Multihoster.org \u279c Ahora haga clic en \u271a para leer nuestras experiencias!","robots":{"index":"index","follow":"follow","max-snippet":"max-snippet:-1","max-image-preview":"max-image-preview:large","max-video-preview":"max-video-preview:-1"},"canonical":"https:\/\/multihoster.org\/es\/smoozed\/","og_locale":"es_ES","og_type":"article","og_title":"lll\u25b7 Smoozed Premium Account \u00bfgrave o no? Prueba en Multihoster.org","og_description":"\u00bfEs Smoozed un proveedor de confianza o no? Usted puede encontrar la respuesta en la prueba actual en Multihoster.org \u279c Ahora haga clic en \u271a para leer nuestras experiencias!","og_url":"https:\/\/multihoster.org\/es\/smoozed\/","og_site_name":"Multihoster.org","article_modified_time":"2018-09-12T06:57:00+00:00","og_image":[{"url":"https:\/\/multihoster.org\/wp-content\/uploads\/2018\/05\/smoozed_logo.jpg"}],"twitter_card":"summary","twitter_misc":{"Tiempo de lectura":"7 minutos"},"schema":{"@context":"https:\/\/schema.org","@graph":[{"@type":"WebSite","@id":"https:\/\/multihoster.org\/#website","url":"https:\/\/multihoster.org\/","name":"Multihoster.org","description":"Reviews of the major Filehosting services","potentialAction":[{"@type":"SearchAction","target":{"@type":"EntryPoint","urlTemplate":"https:\/\/multihoster.org\/?s={search_term_string}"},"query-input":"required name=search_term_string"}],"inLanguage":"es"},{"@type":"ImageObject","@id":"https:\/\/multihoster.org\/es\/smoozed\/#primaryimage","inLanguage":"es","url":"https:\/\/multihoster.org\/wp-content\/uploads\/2018\/05\/smoozed_logo.jpg","contentUrl":"https:\/\/multihoster.org\/wp-content\/uploads\/2018\/05\/smoozed_logo.jpg","width":574,"height":264},{"@type":"WebPage","@id":"https:\/\/multihoster.org\/es\/smoozed\/#webpage","url":"https:\/\/multihoster.org\/es\/smoozed\/","name":"lll\u25b7 Smoozed Premium Account \u00bfgrave o no? Prueba en Multihoster.org","isPartOf":{"@id":"https:\/\/multihoster.org\/#website"},"primaryImageOfPage":{"@id":"https:\/\/multihoster.org\/es\/smoozed\/#primaryimage"},"datePublished":"2018-05-22T17:05:26+00:00","dateModified":"2018-09-12T06:57:00+00:00","description":"\u00bfEs Smoozed un proveedor de confianza o no? Usted puede encontrar la respuesta en la prueba actual en Multihoster.org \u279c Ahora haga clic en \u271a para leer nuestras experiencias!","breadcrumb":{"@id":"https:\/\/multihoster.org\/es\/smoozed\/#breadcrumb"},"inLanguage":"es","potentialAction":[{"@type":"ReadAction","target":["https:\/\/multihoster.org\/es\/smoozed\/"]}]},{"@type":"BreadcrumbList","@id":"https:\/\/multihoster.org\/es\/smoozed\/#breadcrumb","itemListElement":[{"@type":"ListItem","position":1,"name":"Startseite","item":"https:\/\/multihoster.org\/es\/"},{"@type":"ListItem","position":2,"name":"Smoozed &#8211; El Multihoster de un vistazo"}]}]}},"_links":{"self":[{"href":"https:\/\/multihoster.org\/es\/wp-json\/wp\/v2\/pages\/452"}],"collection":[{"href":"https:\/\/multihoster.org\/es\/wp-json\/wp\/v2\/pages"}],"about":[{"href":"https:\/\/multihoster.org\/es\/wp-json\/wp\/v2\/types\/page"}],"author":[{"embeddable":true,"href":"https:\/\/multihoster.org\/es\/wp-json\/wp\/v2\/users\/2"}],"replies":[{"embeddable":true,"href":"https:\/\/multihoster.org\/es\/wp-json\/wp\/v2\/comments?post=452"}],"version-history":[{"count":7,"href":"https:\/\/multihoster.org\/es\/wp-json\/wp\/v2\/pages\/452\/revisions"}],"predecessor-version":[{"id":1414,"href":"https:\/\/multihoster.org\/es\/wp-json\/wp\/v2\/pages\/452\/revisions\/1414"}],"wp:attachment":[{"href":"https:\/\/multihoster.org\/es\/wp-json\/wp\/v2\/media?parent=452"}],"curies":[{"name":"wp","href":"https:\/\/api.w.org\/{rel}","templated":true}]}}