{"id":472,"date":"2018-05-22T16:55:54","date_gmt":"2018-05-22T16:55:54","guid":{"rendered":"https:\/\/multihoster.org\/?page_id=472"},"modified":"2018-09-12T08:04:33","modified_gmt":"2018-09-12T08:04:33","slug":"uploaded","status":"publish","type":"page","link":"https:\/\/multihoster.org\/es\/uploaded\/","title":{"rendered":"Uploaded Premium Account &#8211; El Filehoster de un vistazo"},"content":{"rendered":"<p class=\"normal\"><span lang=\"de\"><img loading=\"lazy\" class=\"alignleft wp-image-260\" src=\"https:\/\/multihoster.org\/wp-content\/uploads\/2018\/05\/uploaded_logo.jpg\" alt=\"logo\" width=\"231\" height=\"135\" srcset=\"https:\/\/multihoster.org\/wp-content\/uploads\/2018\/05\/uploaded_logo.jpg 675w, https:\/\/multihoster.org\/wp-content\/uploads\/2018\/05\/uploaded_logo-300x175.jpg 300w\" sizes=\"(max-width: 231px) 100vw, 231px\" \/>El proveedor Uploaded es un servicio de proveedor de almacenamiento en nube, que proviene de Suiza y ofrece espacio de almacenamiento virtual en el que los usuarios pueden almacenar sus archivos personales. Adem\u00e1s de una amplia gama de tarifas premium, el proveedor tambi\u00e9n ofrece una cuenta gratuita. As\u00ed que puede probar el servicio Filehoster antes de comprar Uploaded Premium.<\/span><\/p>\n<p>&nbsp;<\/p>\n\n<p><a class=\"fasc-button fasc-size-xlarge fasc-type-glossy fasc-rounded-medium ico-fa fasc-ico-after fa-share\" style=\"background-color: #43585e; color: #ffffff;\" rel=\"nofollow\" href=\"https:\/\/multihoster.org\/uploaded\/goto\/\">Ir a Uploaded.net<\/a><\/p>\n<h2><span lang=\"de\">Caracter\u00edsticas positivas del proveedor<\/span><\/h2>\n<ul>\n<li>Tarifa superior a partir de 4,99 euros<\/li>\n<li>atractivas oportunidades de ganancias<\/li>\n<li>upgrade premium gratis a trav\u00e9s de puntos<\/li>\n<li>Soporte telef\u00f3nico<\/li>\n<li>Tarifas para clientes corporativos<\/li>\n<\/ul>\n<h2><span lang=\"de\">La oferta completa de Uploaded de un vistazo<\/span><\/h2>\n<p class=\"normal\"><span lang=\"de\">El Filehoster Uploaded le ofrece una variedad de tarifas premium para clientes privados, as\u00ed como dos tarifas para clientes corporativos. Si compras una cuenta premium en Uploaded, puedes utilizar todo el alcance del proveedor. Sin embargo, incluso con una cuenta gratuita puede probar el servicio del proveedor hasta cierto punto. Usando un cup\u00f3n cargado, que puede encontrar en Internet con un poco de suerte, puede reducir el precio de compra de una cuenta Premium cargada. As\u00ed que vale la pena buscar atractivos cupones cargados en blogs, p\u00e1ginas de cupones u otros sitios web.<\/span><\/p>\n<h2><span lang=\"de\">Oferta para clientes privados<\/span><\/h2>\n<p class=\"normal\"><span lang=\"de\">La oferta para clientes privados consiste en un total de 6 tarifas, que van desde 4,99 euros a 99,99 euros al mes en t\u00e9rminos de precios. Las tarifas de la Prima Cargada se pueden comprar por 48 horas, un mes, tres meses y seis meses. La gama tambi\u00e9n incluye una suscripci\u00f3n anual y una de dos a\u00f1os. Al final de la tarifa premium cargada recibir\u00e1 un cierto n\u00famero de puntos, que puede utilizar para ampliar su cuenta y su rango funcional sin ning\u00fan precio financiero.<\/span><\/p>\n<h2><span lang=\"de\">Oferta para clientes corporativos<\/span><\/h2>\n<p><img loading=\"lazy\" class=\"alignnone wp-image-262 size-full\" src=\"https:\/\/multihoster.org\/wp-content\/uploads\/2018\/05\/image_1-1.jpg\" alt=\"p\u00e1gina de inicio\" width=\"1411\" height=\"887\" srcset=\"https:\/\/multihoster.org\/wp-content\/uploads\/2018\/05\/image_1-1.jpg 1411w, https:\/\/multihoster.org\/wp-content\/uploads\/2018\/05\/image_1-1-300x189.jpg 300w, https:\/\/multihoster.org\/wp-content\/uploads\/2018\/05\/image_1-1-768x483.jpg 768w, https:\/\/multihoster.org\/wp-content\/uploads\/2018\/05\/image_1-1-1024x644.jpg 1024w\" sizes=\"(max-width: 1411px) 100vw, 1411px\" \/><\/p>\n<p class=\"normal\"><span lang=\"de\">Adem\u00e1s de la oferta para clientes privados, Uploaded tambi\u00e9n ofrece dos productos corporativos para clientes corporativos. Estos precios premium cargados s\u00f3lo pueden ser utilizados por clientes comerciales y no por clientes privados. Estas son las tarifas Corporate Premium y Corporate Premium Plus. Ambas tarifas tienen una duraci\u00f3n de 12 meses. La tarifa Corporate Premium le ofrece 500 GB de almacenamiento de copias de seguridad al mes y 500 GB de tr\u00e1fico h\u00edbrido corporativo al mes. La tarifa Premium Plus aumenta el almacenamiento y el tr\u00e1fico de 500 GB a 1 TB. <\/span><\/p>\n<h2><span lang=\"de\">ofertas de bonos<\/span><\/h2>\n<p>Uploaded te ofrece varias formas de ganar y ahorrar dinero en la plataforma. El atractivo sistema de puntos le permite comprar una suscripci\u00f3n gratuita de 30 d\u00edas. Al acumular suficientes puntos puedes usar el Servicio Premium sin tener que comprar una cuenta en Uploaded.<\/p>\n<p>Otra opci\u00f3n es generar ingresos subiendo archivos. Cualquiera que haya contratado un plan Uploaded Premium y suba archivos populares que son descargados con frecuencia por otros usuarios puede esperar un pago que valga la pena.<\/p>\n<p>Adem\u00e1s, puede recibir una comisi\u00f3n por reclutar nuevos usuarios. Tanto la creaci\u00f3n de una cuenta gratuita y la compra de una cuenta cargada, as\u00ed como los posibles pedidos de seguimiento son remunerados.<\/p>\n<h2><span lang=\"de\">Costos y opciones de pago<\/span><\/h2>\n<p><img loading=\"lazy\" class=\"alignnone wp-image-264 size-full\" src=\"https:\/\/multihoster.org\/wp-content\/uploads\/2018\/05\/cost_of_uploaded.jpg\" alt=\"precios\" width=\"1474\" height=\"667\" srcset=\"https:\/\/multihoster.org\/wp-content\/uploads\/2018\/05\/cost_of_uploaded.jpg 1474w, https:\/\/multihoster.org\/wp-content\/uploads\/2018\/05\/cost_of_uploaded-300x136.jpg 300w, https:\/\/multihoster.org\/wp-content\/uploads\/2018\/05\/cost_of_uploaded-768x348.jpg 768w, https:\/\/multihoster.org\/wp-content\/uploads\/2018\/05\/cost_of_uploaded-1024x463.jpg 1024w\" sizes=\"(max-width: 1474px) 100vw, 1474px\" \/><\/p>\n<p>El rango de carga se divide en seis tarifas. La tarifa m\u00e1s barata es por 48 horas, la segunda m\u00e1s barata por un mes y la siguiente por tres meses. Adem\u00e1s, hay una suscripci\u00f3n de seis meses, una tasa anual y una cuenta de prima por dos a\u00f1os.<\/p>\n<p>Usted obtiene la cuenta de 48 horas por 4,99 euros. Por 9,99 Euros puedes utilizar los servicios de Uploaded durante un mes y por 24,99 Euros hasta tres meses. Para una suscripci\u00f3n de seis meses, el precio sube s\u00f3lo 15 euros hasta 29,99 euros y para una suscripci\u00f3n anual hasta 69,99 euros. Obtendr\u00e1s las mejores condiciones si compras la cuenta de 2 a\u00f1os a un precio de 99,99 euros.<\/p>\n<p>Puede pagar c\u00f3modamente su Cuenta Premium Cargada con su tarjeta de cr\u00e9dito o hacer que se le cargue el dinero de su cuenta mediante d\u00e9bito directo. La compra de la cuenta cargada a trav\u00e9s de Paysafe, la transferencia inmediata, as\u00ed como SMS Pay y Call2Pay tambi\u00e9n es posible. Adem\u00e1s, el proveedor acepta Bitcoins como medio de pago v\u00e1lido.<\/p>\n<p>&nbsp;<\/p>\n\n<table id=\"tablepress-33\" class=\"tablepress tablepress-id-33\">\n<thead>\n<tr class=\"row-1 odd\">\n\t<th class=\"column-1\">4,99 \u20ac<\/th><th class=\"column-2\">9,99 \u20ac<\/th><th class=\"column-3\">24,99 \u20ac<\/th><th class=\"column-4\">39,99 \u20ac<\/th><th class=\"column-5\">69,99 \u20ac<\/th><th class=\"column-6\">99,99 \u20ac<\/th>\n<\/tr>\n<\/thead>\n<tbody class=\"row-hover\">\n<tr class=\"row-2 even\">\n\t<td class=\"column-1\">48 horas<\/td><td class=\"column-2\">1 mes<\/td><td class=\"column-3\">3 Mes<\/td><td class=\"column-4\">6 Mes<\/td><td class=\"column-5\">1 a\u00f1o<\/td><td class=\"column-6\">2 a\u00f1os<\/td>\n<\/tr>\n<tr class=\"row-3 odd\">\n\t<td class=\"column-1\">500 Puntos<\/td><td class=\"column-2\">1,000 Puntos<\/td><td class=\"column-3\">2,000 Puntos<\/td><td class=\"column-4\">6,000 Puntos<\/td><td class=\"column-5\">7,000 Puntos<\/td><td class=\"column-6\">9,000 Puntos<\/td>\n<\/tr>\n<tr class=\"row-4 even\">\n\t<td class=\"column-1\">velocidad m\u00e1xima<\/td><td class=\"column-2\">velocidad m\u00e1xima<\/td><td class=\"column-3\">velocidad m\u00e1xima<\/td><td class=\"column-4\">velocidad m\u00e1xima<\/td><td class=\"column-5\">velocidad m\u00e1xima<\/td><td class=\"column-6\">velocidad m\u00e1xima<\/td>\n<\/tr>\n<tr class=\"row-5 odd\">\n\t<td class=\"column-1\">Descargas paralelas<\/td><td class=\"column-2\">Descargas paralelas<\/td><td class=\"column-3\">Descargas paralelas<\/td><td class=\"column-4\">Descargas paralelas<\/td><td class=\"column-5\">Descargas paralelas<\/td><td class=\"column-6\">Descargas paralelas<\/td>\n<\/tr>\n<tr class=\"row-6 even\">\n\t<td class=\"column-1\">Sin tiempo de espera<\/td><td class=\"column-2\">Sin tiempo de espera<\/td><td class=\"column-3\">Sin tiempo de espera<\/td><td class=\"column-4\">Sin tiempo de espera<\/td><td class=\"column-5\">Sin tiempo de espera<\/td><td class=\"column-6\">Sin tiempo de espera<\/td>\n<\/tr>\n<tr class=\"row-7 odd\">\n\t<td class=\"column-1\">gesti\u00f3n<\/td><td class=\"column-2\">gesti\u00f3n<\/td><td class=\"column-3\">gesti\u00f3n<\/td><td class=\"column-4\">gesti\u00f3n<\/td><td class=\"column-5\">gesti\u00f3n<\/td><td class=\"column-6\">gesti\u00f3n<\/td>\n<\/tr>\n<tr class=\"row-8 even\">\n\t<td class=\"column-1\">con administrador de archivos<\/td><td class=\"column-2\">con administrador de archivos<\/td><td class=\"column-3\">con administrador de archivos<\/td><td class=\"column-4\">con administrador de archivos<\/td><td class=\"column-5\">con administrador de archivos<\/td><td class=\"column-6\">con administrador de archivos<\/td>\n<\/tr>\n<\/tbody>\n<\/table>\n<!-- #tablepress-33 from cache -->\n<p><a class=\"fasc-button fasc-size-xlarge fasc-type-glossy fasc-rounded-medium ico-fa fasc-ico-after fa-share\" style=\"background-color: #43585e; color: #ffffff;\" rel=\"nofollow\" href=\"https:\/\/multihoster.org\/uploaded\/goto\/\">Ir a Uploaded.net<\/a><\/p>\n<h2><span lang=\"de\">Aviso de privacidad y protecci\u00f3n de datos<\/span><\/h2>\n<p class=\"normal\"><span lang=\"de\">En la b\u00fasqueda del hoster de archivos perfecto, los factores de protecci\u00f3n de datos y privacidad juegan, naturalmente, un papel muy importante en el proceso de toma de decisiones. Con el proveedor Uploaded puede estar seguro de que sus datos ser\u00e1n tratados de forma segura y confidencial. El proveedor explica el tratamiento exacto de sus datos en el marco de las condiciones generales y las directrices.<\/span><\/p>\n<p class=\"normal\"><span lang=\"de\">Los datos almacenados no ser\u00e1n vistos por el proveedor sin orden legal. Mediante la utilizaci\u00f3n de los servicios de Uploaded, la informaci\u00f3n se almacena autom\u00e1ticamente, incluyendo tanto los datos personales en el marco del registro y los datos an\u00f3nimos, que se eval\u00faa con fines estad\u00edsticos. De acuerdo con las directrices de protecci\u00f3n de datos, el proveedor se compromete a no transmitir los datos a terceros, a menos que exista una obligaci\u00f3n legal.<\/span><\/p>\n<h2><span lang=\"de\">servicio postventa<\/span><\/h2>\n<p class=\"normal\"><span lang=\"de\">El enlace al soporte de Uploaded se encuentra en la parte inferior de la p\u00e1gina. Desde all\u00ed se llega al \u00e1rea de soporte, donde hay dos opciones. En primer lugar, puede ponerse en contacto con el servicio de atenci\u00f3n al cliente directamente por tel\u00e9fono utilizando el n\u00famero proporcionado. Opcionalmente, tambi\u00e9n puede enviar su solicitud por escrito al soporte t\u00e9cnico de Uploaded a trav\u00e9s del formulario de contacto.<\/span><\/p>\n<h2><span lang=\"de\">facilidad de uso<\/span><\/h2>\n<p class=\"normal\"><span lang=\"de\">Despu\u00e9s de iniciar sesi\u00f3n, puede elegir entre Carga de archivos, Carga remota y Carga e importaci\u00f3n FTP. Esto incluye informaci\u00f3n sobre su cuenta, sus ingresos y sus suscripciones. Aqu\u00ed tambi\u00e9n se muestran el tr\u00e1fico y el almacenamiento de copias de seguridad utilizado y disponible. La vista de perfil tambi\u00e9n le permite actualizar su cuenta a una cuenta premium. Arriba encontrar\u00e1 las \u00e1reas \u00abArchivos y carpetas\u00bb y \u00abuDrive\u00bb.<\/span><\/p>\n<p>El proveedor podr\u00eda obtener un peque\u00f1o punto negativo por el hecho de que no hay una funci\u00f3n de b\u00fasqueda directa en la p\u00e1gina. En este punto, sin embargo, otros servicios como el Rapid Search Engine o el Service <a href=\"http:\/\/ddlsearch.free.fr\/\" target=\"_blank\" rel=\"noopener\">B\u00fasqueda DDL Gratis<\/a>&nbsp;puede ser usado.<\/p>\n<h2><span lang=\"de\">Las ventajas de una Cuenta Premium<\/span><\/h2>\n<p class=\"normal\"><span lang=\"de\">Una Cuenta Premium le permite utilizar los servicios de Uploaded con la m\u00e1xima velocidad e iniciar varias descargas simult\u00e1neamente sin ninguna restricci\u00f3n. La descarga comienza inmediatamente y sin publicidad. Usted puede administrar sus archivos cargados, que tienen una durabilidad ilimitada, claramente en el administrador de archivos.<\/span><\/p>\n<h2><span lang=\"de\">Nuestra conclusi\u00f3n sobre el proveedor Subido<\/span><\/h2>\n<p>El proveedor Uploaded puede convencer en el contexto de la protecci\u00f3n de datos y la privacidad con un alto grado de seguridad y ofrece un amplio surtido de tarifas, adem\u00e1s de la cuenta gratuita. Destaca sobre todo la tarifa de 48 horas, que ya est\u00e1 disponible a partir de 4,99 euros. Interesantes son tambi\u00e9n las tarifas para clientes corporativos, que s\u00f3lo son ofrecidas por unos pocos hosters de archivos.<\/p>\n<p>El sitio web es claro y est\u00e1 bien estructurado tanto antes como despu\u00e9s del inicio de sesi\u00f3n. Si tiene alguna pregunta, p\u00f3ngase en contacto con nuestro servicio de atenci\u00f3n al cliente por tel\u00e9fono y a trav\u00e9s del formulario de contacto.<\/p>\n<p>Si elige una Cuenta Premium Cargada, hay otros cinco m\u00e9todos de pago adem\u00e1s de la tarjeta de cr\u00e9dito, d\u00e9bito directo y Bitcoin.<\/p>\n<p>Le recomendamos que busque en Internet un Cup\u00f3n Cargado antes de comprar su Cuenta Cargada. Estos siempre se pueden encontrar directamente en el filehoster u otros sitios web. Simplemente introduzca la palabra clave \u00abUploaded Coupon\u00bb en su navegador para beneficiarse de un mejor precio al comprar su Cuenta Premium Subida.<\/p>\n<p><a class=\"fasc-button fasc-size-xlarge fasc-type-glossy fasc-rounded-medium ico-fa fasc-ico-after fa-share\" style=\"background-color: #43585e; color: #ffffff;\" rel=\"nofollow\" href=\"https:\/\/multihoster.org\/uploaded\/goto\/\">Ir a Uploaded.net<\/a><\/p>\n","protected":false},"excerpt":{"rendered":"<p>El proveedor Uploaded es un servicio de proveedor de almacenamiento en nube, que proviene de Suiza y ofrece espacio de<\/p>\n","protected":false},"author":2,"featured_media":0,"parent":0,"menu_order":0,"comment_status":"closed","ping_status":"closed","template":"","meta":[],"yoast_head":"<!-- This site is optimized with the Yoast SEO plugin v18.3 - https:\/\/yoast.com\/wordpress\/plugins\/seo\/ -->\n<title>lll\u25b7 Uploaded Premium Account \u00bfgrave o no? Prueba en Multihoster.org<\/title>\n<meta name=\"description\" content=\"\u00bfEs Uploaded un proveedor de confianza o no? Usted puede encontrar la respuesta en la prueba actual en Multihoster.org \u279c Ahora haga clic en \u271a para leer nuestras experiencias!\" \/>\n<meta name=\"robots\" content=\"index, follow, max-snippet:-1, max-image-preview:large, max-video-preview:-1\" \/>\n<link rel=\"canonical\" href=\"https:\/\/multihoster.org\/es\/uploaded\/\" \/>\n<meta property=\"og:locale\" content=\"es_ES\" \/>\n<meta property=\"og:type\" content=\"article\" \/>\n<meta property=\"og:title\" content=\"lll\u25b7 Uploaded Premium Account \u00bfgrave o no? Prueba en Multihoster.org\" \/>\n<meta property=\"og:description\" content=\"\u00bfEs Uploaded un proveedor de confianza o no? Usted puede encontrar la respuesta en la prueba actual en Multihoster.org \u279c Ahora haga clic en \u271a para leer nuestras experiencias!\" \/>\n<meta property=\"og:url\" content=\"https:\/\/multihoster.org\/es\/uploaded\/\" \/>\n<meta property=\"og:site_name\" content=\"Multihoster.org\" \/>\n<meta property=\"article:modified_time\" content=\"2018-09-12T08:04:33+00:00\" \/>\n<meta property=\"og:image\" content=\"https:\/\/multihoster.org\/wp-content\/uploads\/2018\/05\/uploaded_logo.jpg\" \/>\n<meta name=\"twitter:card\" content=\"summary\" \/>\n<meta name=\"twitter:label1\" content=\"Tiempo de lectura\" \/>\n\t<meta name=\"twitter:data1\" content=\"7 minutos\" \/>\n<script type=\"application\/ld+json\" class=\"yoast-schema-graph\">{\"@context\":\"https:\/\/schema.org\",\"@graph\":[{\"@type\":\"WebSite\",\"@id\":\"https:\/\/multihoster.org\/#website\",\"url\":\"https:\/\/multihoster.org\/\",\"name\":\"Multihoster.org\",\"description\":\"Reviews of the major Filehosting services\",\"potentialAction\":[{\"@type\":\"SearchAction\",\"target\":{\"@type\":\"EntryPoint\",\"urlTemplate\":\"https:\/\/multihoster.org\/?s={search_term_string}\"},\"query-input\":\"required name=search_term_string\"}],\"inLanguage\":\"es\"},{\"@type\":\"ImageObject\",\"@id\":\"https:\/\/multihoster.org\/es\/uploaded\/#primaryimage\",\"inLanguage\":\"es\",\"url\":\"https:\/\/multihoster.org\/wp-content\/uploads\/2018\/05\/uploaded_logo.jpg\",\"contentUrl\":\"https:\/\/multihoster.org\/wp-content\/uploads\/2018\/05\/uploaded_logo.jpg\",\"width\":675,\"height\":394},{\"@type\":\"WebPage\",\"@id\":\"https:\/\/multihoster.org\/es\/uploaded\/#webpage\",\"url\":\"https:\/\/multihoster.org\/es\/uploaded\/\",\"name\":\"lll\u25b7 Uploaded Premium Account \u00bfgrave o no? Prueba en Multihoster.org\",\"isPartOf\":{\"@id\":\"https:\/\/multihoster.org\/#website\"},\"primaryImageOfPage\":{\"@id\":\"https:\/\/multihoster.org\/es\/uploaded\/#primaryimage\"},\"datePublished\":\"2018-05-22T16:55:54+00:00\",\"dateModified\":\"2018-09-12T08:04:33+00:00\",\"description\":\"\u00bfEs Uploaded un proveedor de confianza o no? Usted puede encontrar la respuesta en la prueba actual en Multihoster.org \u279c Ahora haga clic en \u271a para leer nuestras experiencias!\",\"breadcrumb\":{\"@id\":\"https:\/\/multihoster.org\/es\/uploaded\/#breadcrumb\"},\"inLanguage\":\"es\",\"potentialAction\":[{\"@type\":\"ReadAction\",\"target\":[\"https:\/\/multihoster.org\/es\/uploaded\/\"]}]},{\"@type\":\"BreadcrumbList\",\"@id\":\"https:\/\/multihoster.org\/es\/uploaded\/#breadcrumb\",\"itemListElement\":[{\"@type\":\"ListItem\",\"position\":1,\"name\":\"Startseite\",\"item\":\"https:\/\/multihoster.org\/es\/\"},{\"@type\":\"ListItem\",\"position\":2,\"name\":\"Uploaded Premium Account &#8211; El Filehoster de un vistazo\"}]}]}<\/script>\n<!-- \/ Yoast SEO plugin. -->","yoast_head_json":{"title":"lll\u25b7 Uploaded Premium Account \u00bfgrave o no? Prueba en Multihoster.org","description":"\u00bfEs Uploaded un proveedor de confianza o no? Usted puede encontrar la respuesta en la prueba actual en Multihoster.org \u279c Ahora haga clic en \u271a para leer nuestras experiencias!","robots":{"index":"index","follow":"follow","max-snippet":"max-snippet:-1","max-image-preview":"max-image-preview:large","max-video-preview":"max-video-preview:-1"},"canonical":"https:\/\/multihoster.org\/es\/uploaded\/","og_locale":"es_ES","og_type":"article","og_title":"lll\u25b7 Uploaded Premium Account \u00bfgrave o no? Prueba en Multihoster.org","og_description":"\u00bfEs Uploaded un proveedor de confianza o no? Usted puede encontrar la respuesta en la prueba actual en Multihoster.org \u279c Ahora haga clic en \u271a para leer nuestras experiencias!","og_url":"https:\/\/multihoster.org\/es\/uploaded\/","og_site_name":"Multihoster.org","article_modified_time":"2018-09-12T08:04:33+00:00","og_image":[{"url":"https:\/\/multihoster.org\/wp-content\/uploads\/2018\/05\/uploaded_logo.jpg"}],"twitter_card":"summary","twitter_misc":{"Tiempo de lectura":"7 minutos"},"schema":{"@context":"https:\/\/schema.org","@graph":[{"@type":"WebSite","@id":"https:\/\/multihoster.org\/#website","url":"https:\/\/multihoster.org\/","name":"Multihoster.org","description":"Reviews of the major Filehosting services","potentialAction":[{"@type":"SearchAction","target":{"@type":"EntryPoint","urlTemplate":"https:\/\/multihoster.org\/?s={search_term_string}"},"query-input":"required name=search_term_string"}],"inLanguage":"es"},{"@type":"ImageObject","@id":"https:\/\/multihoster.org\/es\/uploaded\/#primaryimage","inLanguage":"es","url":"https:\/\/multihoster.org\/wp-content\/uploads\/2018\/05\/uploaded_logo.jpg","contentUrl":"https:\/\/multihoster.org\/wp-content\/uploads\/2018\/05\/uploaded_logo.jpg","width":675,"height":394},{"@type":"WebPage","@id":"https:\/\/multihoster.org\/es\/uploaded\/#webpage","url":"https:\/\/multihoster.org\/es\/uploaded\/","name":"lll\u25b7 Uploaded Premium Account \u00bfgrave o no? Prueba en Multihoster.org","isPartOf":{"@id":"https:\/\/multihoster.org\/#website"},"primaryImageOfPage":{"@id":"https:\/\/multihoster.org\/es\/uploaded\/#primaryimage"},"datePublished":"2018-05-22T16:55:54+00:00","dateModified":"2018-09-12T08:04:33+00:00","description":"\u00bfEs Uploaded un proveedor de confianza o no? Usted puede encontrar la respuesta en la prueba actual en Multihoster.org \u279c Ahora haga clic en \u271a para leer nuestras experiencias!","breadcrumb":{"@id":"https:\/\/multihoster.org\/es\/uploaded\/#breadcrumb"},"inLanguage":"es","potentialAction":[{"@type":"ReadAction","target":["https:\/\/multihoster.org\/es\/uploaded\/"]}]},{"@type":"BreadcrumbList","@id":"https:\/\/multihoster.org\/es\/uploaded\/#breadcrumb","itemListElement":[{"@type":"ListItem","position":1,"name":"Startseite","item":"https:\/\/multihoster.org\/es\/"},{"@type":"ListItem","position":2,"name":"Uploaded Premium Account &#8211; El Filehoster de un vistazo"}]}]}},"_links":{"self":[{"href":"https:\/\/multihoster.org\/es\/wp-json\/wp\/v2\/pages\/472"}],"collection":[{"href":"https:\/\/multihoster.org\/es\/wp-json\/wp\/v2\/pages"}],"about":[{"href":"https:\/\/multihoster.org\/es\/wp-json\/wp\/v2\/types\/page"}],"author":[{"embeddable":true,"href":"https:\/\/multihoster.org\/es\/wp-json\/wp\/v2\/users\/2"}],"replies":[{"embeddable":true,"href":"https:\/\/multihoster.org\/es\/wp-json\/wp\/v2\/comments?post=472"}],"version-history":[{"count":5,"href":"https:\/\/multihoster.org\/es\/wp-json\/wp\/v2\/pages\/472\/revisions"}],"predecessor-version":[{"id":1439,"href":"https:\/\/multihoster.org\/es\/wp-json\/wp\/v2\/pages\/472\/revisions\/1439"}],"wp:attachment":[{"href":"https:\/\/multihoster.org\/es\/wp-json\/wp\/v2\/media?parent=472"}],"curies":[{"name":"wp","href":"https:\/\/api.w.org\/{rel}","templated":true}]}}