{"id":828,"date":"2018-08-09T15:44:50","date_gmt":"2018-08-09T15:44:50","guid":{"rendered":"https:\/\/multihoster.org\/?page_id=828"},"modified":"2018-09-11T04:58:15","modified_gmt":"2018-09-11T04:58:15","slug":"datafile","status":"publish","type":"page","link":"https:\/\/multihoster.org\/es\/datafile\/","title":{"rendered":"DataFile Premium Account &#8211; El Filehoster de un vistazo"},"content":{"rendered":"<p><img loading=\"lazy\" class=\" wp-image-1047 alignleft\" src=\"https:\/\/multihoster.org\/wp-content\/uploads\/2018\/08\/datafile.png\" alt=\"datafile\" width=\"401\" height=\"117\" srcset=\"https:\/\/multihoster.org\/wp-content\/uploads\/2018\/08\/datafile.png 425w, https:\/\/multihoster.org\/wp-content\/uploads\/2018\/08\/datafile-300x88.png 300w\" sizes=\"(max-width: 401px) 100vw, 401px\" \/><\/p>\n<p>Gracias a la presencia en el sitio web de DataFile usted puede descargar archivos y compartirlos con otros usuarios o puede descargarlos usted mismo desde cualquier fuente.<\/p>\n<p>Para descargar documentos y otros datos, puede utilizar el descargador gratuito o, si desea entregar archivos m\u00e1s grandes, crear una cuenta de pago en datafile.com.<\/p>\n\n<p><a class=\"fasc-button fasc-size-xlarge fasc-type-glossy fasc-rounded-medium ico-fa fasc-ico-after fa-share\" style=\"background-color: #247edd; color: #ffffff;\" target=\"_blank\" rel=\"nofollow\" href=\"https:\/\/multihoster.org\/datafile\/goto\/\">Ir a DataFile.com<\/a><\/p>\n<p>&nbsp;<\/p>\n<h2 style=\"text-align: left;\">Caracter\u00edsticas positivas del proveedor<\/h2>\n<ul>\n<li>Simple y f\u00e1cil de usar<\/li>\n<li>Amistoso y bueno<\/li>\n<li>Muy f\u00e1cil de usar<\/li>\n<li>Diferentes m\u00e9todos de pago<\/li>\n<\/ul>\n<h2>La oferta completa de DataFile de un vistazo<\/h2>\n<p>Para estar activo en DataFile, primero debe registrarse con una direcci\u00f3n de correo electr\u00f3nico y una contrase\u00f1a y confirmar con un hacker que no es un robot. Al final del proceso, puede aprovechar el servicio gratuito, que le permite descargar archivos con una capacidad m\u00e1xima de 10 GB y una capacidad total de 500 GB, o elegir una cuenta Premium DataFile.<\/p>\n<p><img loading=\"lazy\" class=\"alignnone size-full wp-image-795\" src=\"https:\/\/multihoster.org\/wp-content\/uploads\/2018\/08\/datafile.jpg\" alt=\"datafile\" width=\"1615\" height=\"824\" srcset=\"https:\/\/multihoster.org\/wp-content\/uploads\/2018\/08\/datafile.jpg 1615w, https:\/\/multihoster.org\/wp-content\/uploads\/2018\/08\/datafile-300x153.jpg 300w, https:\/\/multihoster.org\/wp-content\/uploads\/2018\/08\/datafile-768x392.jpg 768w, https:\/\/multihoster.org\/wp-content\/uploads\/2018\/08\/datafile-1024x522.jpg 1024w\" sizes=\"(max-width: 1615px) 100vw, 1615px\" \/><\/p>\n<p>&nbsp;<\/p>\n<p>Esto es v\u00e1lido por 30 d\u00edas y cuesta $14.99, que son 50 centavos por d\u00eda. La ventaja es que puede descargar archivos de hasta 30 gigabytes, que puede almacenarlos indefinidamente si se mantiene su cuenta (si elimina datos, sus datos estar\u00e1n siempre disponibles durante 30 d\u00edas) y que no hay tiempo de espera para la descarga. Hay muchas maneras de pagar DataFile Premium, desde pagar con tarjeta de cr\u00e9dito hasta GooglePlay y Bitcoin, casi todo es posible. Muchos revendedores autorizados tambi\u00e9n est\u00e1n disponibles si la opci\u00f3n de pago adicional solicitada no est\u00e1 directamente disponible a trav\u00e9s de DataFile Premium.<\/p>\n<p><strong>\n<table id=\"tablepress-54\" class=\"tablepress tablepress-id-54\">\n<tbody class=\"row-hover\">\n<tr class=\"row-1 odd\">\n\t<td class=\"column-1\">Sellos<\/td><td class=\"column-2\">Gratuito<\/td><td class=\"column-3\">30 d\u00edas por $14.99<\/td>\n<\/tr>\n<tr class=\"row-2 even\">\n\t<td class=\"column-1\">Velocidad de descarga<\/td><td class=\"column-2\">Tarde<\/td><td class=\"column-3\">Muy r\u00e1pidamente<\/td>\n<\/tr>\n<tr class=\"row-3 odd\">\n\t<td class=\"column-1\">Cargar-GB<\/td><td class=\"column-2\">10 GB<\/td><td class=\"column-3\">30 GB<\/td>\n<\/tr>\n<tr class=\"row-4 even\">\n\t<td class=\"column-1\">Conservaci\u00f3n de datos<\/td><td class=\"column-2\">30 d\u00edas<\/td><td class=\"column-3\">Ilimitado<\/td>\n<\/tr>\n<tr class=\"row-5 odd\">\n\t<td class=\"column-1\">Pausar Descargas<\/td><td class=\"column-2\">Ning\u00fan<\/td><td class=\"column-3\">S\u00ed<\/td>\n<\/tr>\n<tr class=\"row-6 even\">\n\t<td class=\"column-1\">Sin publicidad<\/td><td class=\"column-2\">Ning\u00fan<\/td><td class=\"column-3\">S\u00ed<\/td>\n<\/tr>\n<tr class=\"row-7 odd\">\n\t<td class=\"column-1\">M\u00faltiples Descargas<\/td><td class=\"column-2\">Ning\u00fan<\/td><td class=\"column-3\">S\u00ed<\/td>\n<\/tr>\n<tr class=\"row-8 even\">\n\t<td class=\"column-1\">Retraso en la descarga<\/td><td class=\"column-2\">30 segundos<\/td><td class=\"column-3\">0 segundos<\/td>\n<\/tr>\n<\/tbody>\n<\/table>\n<\/strong><\/p>\n<p><a class=\"fasc-button fasc-size-xlarge fasc-type-glossy fasc-rounded-medium ico-fa fasc-ico-after fa-share\" style=\"background-color: #247edd; color: #ffffff;\" target=\"_blank\" rel=\"nofollow\" href=\"https:\/\/multihoster.org\/datafile\/goto\/\">Ir a DataFile.com<\/a><\/p>\n<h2>Aviso de privacidad y protecci\u00f3n de datos<\/h2>\n<p>Por supuesto, los usuarios del sitio web siempre se aseguran de que sus datos sean tratados de forma confidencial y segura. Hemos examinado cuidadosamente el servicio DataFile y creemos que sus datos de DataFile son absolutamente seguros y ser\u00e1n tratados confidencialmente.<\/p>\n<p>DataFile garantiza la absoluta fiabilidad del tratamiento de sus datos de acuerdo con sus condiciones comerciales. Los datos son anonimizados para mejorar el servicio DataFile y sacar conclusiones t\u00e9cnicas de marketing. Todos los datos de compra, informaci\u00f3n financiera, nombre y apellido y todos los datos personales se mantendr\u00e1n estrictamente confidenciales de acuerdo con las leyes aplicables y de forma segura de acuerdo con las normas m\u00e1s recientes.<\/p>\n<p>En general, los datos contenidos en DataFile son completamente seguros y ser\u00e1n transferidos a socios comerciales directos de acuerdo con los mismos o mayores est\u00e1ndares y leyes aplicables, tales como DataFile. Con DataFile.com, usted puede estar seguro de que su informaci\u00f3n est\u00e1 en manos seguras y nunca ser\u00e1 transmitida a personas no autorizadas.<\/p>\n<h2>Servicio postventa<\/h2>\n<p>Puede ponerse en contacto directamente con DataFile de 3 maneras. Le recomendamos que utilice ambas opciones de Internet. Por un lado, bajo el punto del men\u00fa de la derecha, se encuentra la pesta\u00f1a Contactos, que lleva al formulario de contacto. Aqu\u00ed puede enviar un mensaje a DataFile usando la categor\u00eda apropiada, su direcci\u00f3n de correo electr\u00f3nico y archivos adjuntos en caso de problemas o comentarios. Adem\u00e1s, hay una direcci\u00f3n de correo electr\u00f3nico en la misma pesta\u00f1a que puede utilizar. Tambi\u00e9n encontrar\u00e1 una direcci\u00f3n postal al final de la p\u00e1gina.<\/p>\n<h2>Facilidad de uso<\/h2>\n<p>Cargar datos a un DataFile es muy simple y f\u00e1cil. La carga de archivos se encuentra en la p\u00e1gina de inicio o en la esquina superior izquierda de la pesta\u00f1a \u00abCargar archivos\u00bb. Se encuentra directamente en el centro de la ciudad y no se puede perder. Todas las dem\u00e1s \u00e1reas importantes del sitio son accesibles directamente desde arriba, por lo que siempre tendr\u00e1 todo a mano. La p\u00e1gina est\u00e1 dise\u00f1ada de tal manera que rara vez tiene que desplazarse, y por lo general se puede ver todo de un vistazo.<\/p>\n<p><img loading=\"lazy\" class=\"alignnone size-full wp-image-796\" src=\"https:\/\/multihoster.org\/wp-content\/uploads\/2018\/08\/our-datafile-rating.jpg\" alt=\"rating\" width=\"1675\" height=\"830\" srcset=\"https:\/\/multihoster.org\/wp-content\/uploads\/2018\/08\/our-datafile-rating.jpg 1675w, https:\/\/multihoster.org\/wp-content\/uploads\/2018\/08\/our-datafile-rating-300x149.jpg 300w, https:\/\/multihoster.org\/wp-content\/uploads\/2018\/08\/our-datafile-rating-768x381.jpg 768w, https:\/\/multihoster.org\/wp-content\/uploads\/2018\/08\/our-datafile-rating-1024x507.jpg 1024w\" sizes=\"(max-width: 1675px) 100vw, 1675px\" \/><\/p>\n<p>Al igual que un descargador, todo est\u00e1 dentro, as\u00ed que siempre tienes una buena visi\u00f3n general y no tienes que buscar nada. Los archivos se clasifican en un administrador de archivos muy claro que funciona con iconos grandes, por lo que puede trabajar incluso con los ojos m\u00e1s d\u00e9biles. Varias opciones de clasificaci\u00f3n le permiten encontrar lo que busca de forma r\u00e1pida y fiable, incluso para un gran n\u00famero de archivos.<\/p>\n<p>Un archivo DataFile es generalmente muy simple y conveniente en su estructura. No hay grandes estructuras o sockets, pero todo est\u00e1 dividido en hasta 3 niveles, por lo que casi cualquier persona puede comunicarse muy r\u00e1pidamente y trabajar productivamente con DataFile. Los pasos principales para la descarga y gesti\u00f3n de archivos s\u00f3lo est\u00e1n disponibles en 2 pesta\u00f1as, situadas en la esquina superior izquierda, \u00abUploading files\u00bb y \u00abFiles\u00bb en el centro. Entre los dos puede obtener un archivo de datos Premium en la categor\u00eda \u00abDescargar Premium\u00bb.<\/p>\n<h2>Nuestra conclusi\u00f3n sobre DataFile<\/h2>\n<p>La facilidad de uso y la exhaustividad de DataFile.com es muy ejemplar, y gracias a su simple pero muy buena funcionalidad, son comprensibles y comprensibles para todos. Trabajar con una cuenta DataFile es simple y muy agradable.<\/p>\n<p><a class=\"fasc-button fasc-size-xlarge fasc-type-glossy fasc-rounded-medium ico-fa fasc-ico-after fa-share\" style=\"background-color: #247edd; color: #ffffff;\" target=\"_blank\" rel=\"nofollow\" href=\"https:\/\/multihoster.org\/datafile\/goto\/\">Ir a DataFile.com<\/a><\/p>\n","protected":false},"excerpt":{"rendered":"<p>Gracias a la presencia en el sitio web de DataFile usted puede descargar archivos y compartirlos con otros usuarios o<\/p>\n","protected":false},"author":2,"featured_media":0,"parent":0,"menu_order":0,"comment_status":"closed","ping_status":"closed","template":"","meta":[],"yoast_head":"<!-- This site is optimized with the Yoast SEO plugin v18.3 - https:\/\/yoast.com\/wordpress\/plugins\/seo\/ -->\n<title>ll\u25b7 DataFile Premium Account serio o no? +++ Prueba en Multihoster.org<\/title>\n<meta name=\"description\" content=\"Cargar archivos es r\u00e1pido y f\u00e1cil con DataFile. Te mostramos lo que DataFile puede hacer y c\u00f3mo puedes usarlo.\" \/>\n<meta name=\"robots\" content=\"index, follow, max-snippet:-1, max-image-preview:large, max-video-preview:-1\" \/>\n<link rel=\"canonical\" href=\"https:\/\/multihoster.org\/es\/datafile\/\" \/>\n<meta property=\"og:locale\" content=\"es_ES\" \/>\n<meta property=\"og:type\" content=\"article\" \/>\n<meta property=\"og:title\" content=\"ll\u25b7 DataFile Premium Account serio o no? +++ Prueba en Multihoster.org\" \/>\n<meta property=\"og:description\" content=\"Cargar archivos es r\u00e1pido y f\u00e1cil con DataFile. Te mostramos lo que DataFile puede hacer y c\u00f3mo puedes usarlo.\" \/>\n<meta property=\"og:url\" content=\"https:\/\/multihoster.org\/es\/datafile\/\" \/>\n<meta property=\"og:site_name\" content=\"Multihoster.org\" \/>\n<meta property=\"article:modified_time\" content=\"2018-09-11T04:58:15+00:00\" \/>\n<meta property=\"og:image\" content=\"https:\/\/multihoster.org\/wp-content\/uploads\/2018\/08\/datafile.png\" \/>\n<meta name=\"twitter:card\" content=\"summary\" \/>\n<meta name=\"twitter:label1\" content=\"Tiempo de lectura\" \/>\n\t<meta name=\"twitter:data1\" content=\"4 minutos\" \/>\n<script type=\"application\/ld+json\" class=\"yoast-schema-graph\">{\"@context\":\"https:\/\/schema.org\",\"@graph\":[{\"@type\":\"WebSite\",\"@id\":\"https:\/\/multihoster.org\/#website\",\"url\":\"https:\/\/multihoster.org\/\",\"name\":\"Multihoster.org\",\"description\":\"Reviews of the major Filehosting services\",\"potentialAction\":[{\"@type\":\"SearchAction\",\"target\":{\"@type\":\"EntryPoint\",\"urlTemplate\":\"https:\/\/multihoster.org\/?s={search_term_string}\"},\"query-input\":\"required name=search_term_string\"}],\"inLanguage\":\"es\"},{\"@type\":\"ImageObject\",\"@id\":\"https:\/\/multihoster.org\/es\/datafile\/#primaryimage\",\"inLanguage\":\"es\",\"url\":\"https:\/\/multihoster.org\/wp-content\/uploads\/2018\/08\/datafile.png\",\"contentUrl\":\"https:\/\/multihoster.org\/wp-content\/uploads\/2018\/08\/datafile.png\",\"width\":425,\"height\":124,\"caption\":\"datafile\"},{\"@type\":\"WebPage\",\"@id\":\"https:\/\/multihoster.org\/es\/datafile\/#webpage\",\"url\":\"https:\/\/multihoster.org\/es\/datafile\/\",\"name\":\"ll\u25b7 DataFile Premium Account serio o no? +++ Prueba en Multihoster.org\",\"isPartOf\":{\"@id\":\"https:\/\/multihoster.org\/#website\"},\"primaryImageOfPage\":{\"@id\":\"https:\/\/multihoster.org\/es\/datafile\/#primaryimage\"},\"datePublished\":\"2018-08-09T15:44:50+00:00\",\"dateModified\":\"2018-09-11T04:58:15+00:00\",\"description\":\"Cargar archivos es r\u00e1pido y f\u00e1cil con DataFile. Te mostramos lo que DataFile puede hacer y c\u00f3mo puedes usarlo.\",\"breadcrumb\":{\"@id\":\"https:\/\/multihoster.org\/es\/datafile\/#breadcrumb\"},\"inLanguage\":\"es\",\"potentialAction\":[{\"@type\":\"ReadAction\",\"target\":[\"https:\/\/multihoster.org\/es\/datafile\/\"]}]},{\"@type\":\"BreadcrumbList\",\"@id\":\"https:\/\/multihoster.org\/es\/datafile\/#breadcrumb\",\"itemListElement\":[{\"@type\":\"ListItem\",\"position\":1,\"name\":\"Startseite\",\"item\":\"https:\/\/multihoster.org\/es\/\"},{\"@type\":\"ListItem\",\"position\":2,\"name\":\"DataFile Premium Account &#8211; El Filehoster de un vistazo\"}]}]}<\/script>\n<!-- \/ Yoast SEO plugin. -->","yoast_head_json":{"title":"ll\u25b7 DataFile Premium Account serio o no? +++ Prueba en Multihoster.org","description":"Cargar archivos es r\u00e1pido y f\u00e1cil con DataFile. Te mostramos lo que DataFile puede hacer y c\u00f3mo puedes usarlo.","robots":{"index":"index","follow":"follow","max-snippet":"max-snippet:-1","max-image-preview":"max-image-preview:large","max-video-preview":"max-video-preview:-1"},"canonical":"https:\/\/multihoster.org\/es\/datafile\/","og_locale":"es_ES","og_type":"article","og_title":"ll\u25b7 DataFile Premium Account serio o no? +++ Prueba en Multihoster.org","og_description":"Cargar archivos es r\u00e1pido y f\u00e1cil con DataFile. Te mostramos lo que DataFile puede hacer y c\u00f3mo puedes usarlo.","og_url":"https:\/\/multihoster.org\/es\/datafile\/","og_site_name":"Multihoster.org","article_modified_time":"2018-09-11T04:58:15+00:00","og_image":[{"url":"https:\/\/multihoster.org\/wp-content\/uploads\/2018\/08\/datafile.png"}],"twitter_card":"summary","twitter_misc":{"Tiempo de lectura":"4 minutos"},"schema":{"@context":"https:\/\/schema.org","@graph":[{"@type":"WebSite","@id":"https:\/\/multihoster.org\/#website","url":"https:\/\/multihoster.org\/","name":"Multihoster.org","description":"Reviews of the major Filehosting services","potentialAction":[{"@type":"SearchAction","target":{"@type":"EntryPoint","urlTemplate":"https:\/\/multihoster.org\/?s={search_term_string}"},"query-input":"required name=search_term_string"}],"inLanguage":"es"},{"@type":"ImageObject","@id":"https:\/\/multihoster.org\/es\/datafile\/#primaryimage","inLanguage":"es","url":"https:\/\/multihoster.org\/wp-content\/uploads\/2018\/08\/datafile.png","contentUrl":"https:\/\/multihoster.org\/wp-content\/uploads\/2018\/08\/datafile.png","width":425,"height":124,"caption":"datafile"},{"@type":"WebPage","@id":"https:\/\/multihoster.org\/es\/datafile\/#webpage","url":"https:\/\/multihoster.org\/es\/datafile\/","name":"ll\u25b7 DataFile Premium Account serio o no? +++ Prueba en Multihoster.org","isPartOf":{"@id":"https:\/\/multihoster.org\/#website"},"primaryImageOfPage":{"@id":"https:\/\/multihoster.org\/es\/datafile\/#primaryimage"},"datePublished":"2018-08-09T15:44:50+00:00","dateModified":"2018-09-11T04:58:15+00:00","description":"Cargar archivos es r\u00e1pido y f\u00e1cil con DataFile. Te mostramos lo que DataFile puede hacer y c\u00f3mo puedes usarlo.","breadcrumb":{"@id":"https:\/\/multihoster.org\/es\/datafile\/#breadcrumb"},"inLanguage":"es","potentialAction":[{"@type":"ReadAction","target":["https:\/\/multihoster.org\/es\/datafile\/"]}]},{"@type":"BreadcrumbList","@id":"https:\/\/multihoster.org\/es\/datafile\/#breadcrumb","itemListElement":[{"@type":"ListItem","position":1,"name":"Startseite","item":"https:\/\/multihoster.org\/es\/"},{"@type":"ListItem","position":2,"name":"DataFile Premium Account &#8211; El Filehoster de un vistazo"}]}]}},"_links":{"self":[{"href":"https:\/\/multihoster.org\/es\/wp-json\/wp\/v2\/pages\/828"}],"collection":[{"href":"https:\/\/multihoster.org\/es\/wp-json\/wp\/v2\/pages"}],"about":[{"href":"https:\/\/multihoster.org\/es\/wp-json\/wp\/v2\/types\/page"}],"author":[{"embeddable":true,"href":"https:\/\/multihoster.org\/es\/wp-json\/wp\/v2\/users\/2"}],"replies":[{"embeddable":true,"href":"https:\/\/multihoster.org\/es\/wp-json\/wp\/v2\/comments?post=828"}],"version-history":[{"count":10,"href":"https:\/\/multihoster.org\/es\/wp-json\/wp\/v2\/pages\/828\/revisions"}],"predecessor-version":[{"id":1323,"href":"https:\/\/multihoster.org\/es\/wp-json\/wp\/v2\/pages\/828\/revisions\/1323"}],"wp:attachment":[{"href":"https:\/\/multihoster.org\/es\/wp-json\/wp\/v2\/media?parent=828"}],"curies":[{"name":"wp","href":"https:\/\/api.w.org\/{rel}","templated":true}]}}