{"id":869,"date":"2018-08-09T19:34:03","date_gmt":"2018-08-09T19:34:03","guid":{"rendered":"https:\/\/multihoster.org\/?page_id=869"},"modified":"2019-10-28T16:07:59","modified_gmt":"2019-10-28T16:07:59","slug":"turbobit","status":"publish","type":"page","link":"https:\/\/multihoster.org\/es\/turbobit\/","title":{"rendered":"Turbobit Premium Account &#8211; El Filehoster de un vistazo"},"content":{"rendered":"<p><img loading=\"lazy\" class=\"alignnone size-full wp-image-1076 alignleft\" src=\"https:\/\/multihoster.org\/wp-content\/uploads\/2018\/08\/turbobit.png\" alt=\"turbobit\" width=\"365\" height=\"105\" srcset=\"https:\/\/multihoster.org\/wp-content\/uploads\/2018\/08\/turbobit.png 365w, https:\/\/multihoster.org\/wp-content\/uploads\/2018\/08\/turbobit-300x86.png 300w\" sizes=\"(max-width: 365px) 100vw, 365px\" \/><\/p>\n<p>Con Turbobit usted no s\u00f3lo puede descargar un gran n\u00famero de archivos, sino tambi\u00e9n descargar sus propios archivos y recibir una tarifa atractiva. Puedes elegir entre usar o disfrutar de Turbo.<\/p>\n<p>Estaremos encantados de compartir nuestra experiencia con usted con el proveedor de Turbobit y simplemente recomendarle que tenga su primera experiencia personal con el proveedor de forma gratuita.<\/p>\n<p>Para m\u00e1s informaci\u00f3n, por favor siga el enlace: <a href=\"https:\/\/turbobitpremium.info\/\" target=\"_blank\" rel=\"noopener noreferrer\">Turbobit Premium<\/a><\/p>\n\n<p><a class=\"fasc-button fasc-size-xlarge fasc-type-glossy fasc-rounded-medium ico-fa fasc-ico-after fa-share\" style=\"background-color: #43585e; color: #ffffff;\" target=\"_blank\" rel=\"nofollow noopener noreferrer\" href=\"https:\/\/multihoster.org\/turbobit\/goto\/\">Ir a Turbobit.net<\/a><\/p>\n<h2>La gama completa de Turbobit de un vistazo<\/h2>\n<p>En primer lugar, Turbobit ofrece una cuenta premium que le permite descargar datos a la m\u00e1xima velocidad. Adem\u00e1s, no hay pausas obligatorias, no hay publicidad y tambi\u00e9n puede utilizar el Gestor de Descargas.<\/p>\n<p>Adem\u00e1s de una cuenta Premium llamada Turbo Access, los hu\u00e9spedes pueden probar el servicio de forma gratuita y descargar los archivos solicitados con s\u00f3lo unos clics sin una cuenta.<\/p>\n<p>Si desea comprar una cuenta Turbobit Premium, puede elegir entre cinco suscripciones.<\/p>\n<h2>Ofertas de bonos<\/h2>\n<p>Turbobit es una forma interesante de ganar dinero para aquellos que comparten los archivos m\u00e1s populares. Usted puede cobrar hasta $40 por cada 1000 &#8211; de esta manera usted puede ganar no s\u00f3lo un peque\u00f1o salario, sino tambi\u00e9n un salario mensual completo. Adem\u00e1s, usted puede ganar comisiones valiosas a trav\u00e9s de la publicidad a su proveedor.<\/p>\n<p>&nbsp;<\/p>\n<p><img loading=\"lazy\" class=\"alignnone size-full wp-image-836\" src=\"https:\/\/multihoster.org\/wp-content\/uploads\/2018\/08\/turbobit.jpg\" alt=\"turbobit\" width=\"1457\" height=\"864\" srcset=\"https:\/\/multihoster.org\/wp-content\/uploads\/2018\/08\/turbobit.jpg 1457w, https:\/\/multihoster.org\/wp-content\/uploads\/2018\/08\/turbobit-300x178.jpg 300w, https:\/\/multihoster.org\/wp-content\/uploads\/2018\/08\/turbobit-768x455.jpg 768w, https:\/\/multihoster.org\/wp-content\/uploads\/2018\/08\/turbobit-1024x607.jpg 1024w\" sizes=\"(max-width: 1457px) 100vw, 1457px\" \/><\/p>\n<h2>Costos y opciones de pago<\/h2>\n<p>Si usted tambi\u00e9n desea comprar una cuenta Turbobit Premium, hay varios m\u00e9todos de pago disponibles en Turbobit. Estos incluyen pagos realizados por MasterCard y VISA, as\u00ed como Paypal, S\u20acPA y Skrill. Un pago an\u00f3nimo tambi\u00e9n es posible a trav\u00e9s de Paysafecard o Bitcoin. Tambi\u00e9n puede conectarse a su cuenta Premium usando giropay, WebMoney y muchos otros m\u00e9todos. Var\u00edan desde OPENBUCKS hasta pagos de seguridad.<\/p>\n<p>Si decide renovar autom\u00e1ticamente su suscripci\u00f3n durante el proceso de pago, recibir\u00e1 un 25% de descuento en todas las \u00f3rdenes premium adicionales, lo que reducir\u00e1 significativamente el precio de retiros futuros.<\/p>\n<p><strong>\n<table id=\"tablepress-61\" class=\"tablepress tablepress-id-61\">\n<tbody class=\"row-hover\">\n<tr class=\"row-1 odd\">\n\t<td class=\"column-1\">Turbo 1 semana<\/td><td class=\"column-2\">Turbo 1 mes<\/td><td class=\"column-3\">Turbo 6 meses<\/td><td class=\"column-4\">Turbo 1 a\u00f1o<\/td><td class=\"column-5\">Turbo 2 a\u00f1os<\/td>\n<\/tr>\n<tr class=\"row-2 even\">\n\t<td class=\"column-1\">5,95 $<\/td><td class=\"column-2\">9,95 $<\/td><td class=\"column-3\">34,95 $<\/td><td class=\"column-4\">59,95 $<\/td><td class=\"column-5\">89,95 $<\/td>\n<\/tr>\n<tr class=\"row-3 odd\">\n\t<td class=\"column-1\">0,85 $ por d\u00eda<\/td><td class=\"column-2\">0,33 $ por d\u00eda<\/td><td class=\"column-3\">0,19 $ por d\u00eda<\/td><td class=\"column-4\">0,16 $ por d\u00eda<\/td><td class=\"column-5\">0,12 $ por d\u00eda<\/td>\n<\/tr>\n<\/tbody>\n<\/table>\n<!-- #tablepress-61 from cache --><\/strong><\/p>\n<p><a class=\"fasc-button fasc-size-xlarge fasc-type-glossy fasc-rounded-medium ico-fa fasc-ico-after fa-share\" style=\"background-color: #247edd; color: #ffffff;\" target=\"_blank\" rel=\"nofollow noopener noreferrer\" href=\"https:\/\/multihoster.org\/turbobit\/goto\/\">Ir a Turbobit.net<\/a><\/p>\n<h2>Aviso de privacidad y protecci\u00f3n de datos<\/h2>\n<p>Con respecto a la protecci\u00f3n de datos, el proveedor declara que tomar\u00e1 todas las medidas necesarias para proteger la privacidad y los datos de visitantes y clientes.<\/p>\n<p>Cuando usted visita el sitio web y utiliza los servicios, varios datos se guardan autom\u00e1ticamente. Por ejemplo, cuando se registra, su direcci\u00f3n de correo electr\u00f3nico y su nombre se guardan. Adem\u00e1s, se pueden recopilar datos demogr\u00e1ficos an\u00f3nimos a lo largo del tiempo para optimizar los procesos empresariales y servir mejor a los clientes. Esto incluye datos como su direcci\u00f3n IP, los sitios web que visita, su navegador o la duraci\u00f3n de su visita al sitio web, datos que se almacenan de forma an\u00f3nima y no como datos personales. Tambi\u00e9n puede utilizar cookies.<\/p>\n<p>Sus datos personales est\u00e1n protegidos por un cifrado para garantizar la seguridad vial.<\/p>\n<h2>Servicio postventa<\/h2>\n<p>El servicio de atenci\u00f3n al cliente de Turbobit est\u00e1 disponible v\u00eda e-mail, Skype e ICQ y responde a preguntas individuales de lunes a s\u00e1bado de 12:00 a 18:00. Para contactarnos v\u00eda e-mail, abra el formulario de contacto, seleccione el \u00e1rea deseada y describa su solicitud.<\/p>\n<p>Adem\u00e1s, encontrar\u00e1 una secci\u00f3n de preguntas frecuentes, disponible s\u00f3lo en ingl\u00e9s y ruso.<\/p>\n<h2>Facilidad de uso<\/h2>\n<p>El sitio web tiene una estructura clara para que los visitantes puedan ver r\u00e1pidamente qu\u00e9 servicios ofrece Turbobit. La opci\u00f3n de descarga, para la que ni siquiera tiene que crear una cuenta, se busca r\u00e1pidamente y toda la informaci\u00f3n necesaria sobre el acceso a Turbo es visible de forma r\u00e1pida y clara. Adem\u00e1s, usted puede f\u00e1cilmente actualizar su cuenta Turbobit a una cuenta de gama alta.<\/p>\n<p>En la p\u00e1gina de inicio, los usuarios no registrados pueden ahora cargar un navegador y arrastrar y soltar archivos al cargador mediante \u00abSeleccionar archivo\u00bb o \u00abArrastrar y soltar\u00bb. En la parte superior hay otras dos tarjetas adem\u00e1s de descargar el archivo: Acceso turbo y ganar dinero. Mientras que la primera pesta\u00f1a proporciona al usuario toda la informaci\u00f3n necesaria de la cuenta premium, la segunda pesta\u00f1a ofrece interesantes oportunidades de ingresos que est\u00e1n disponibles para el proveedor de servicios Turbobit.<\/p>\n<p>En la esquina superior izquierda se encuentra la funci\u00f3n \u00abCargar archivo\u00bb y el acceso a \u00abMis archivos\u00bb. Aqu\u00ed puede navegar y organizar los archivos descargados o descargados.<\/p>\n<p>Bas\u00e1ndonos en nuestra experiencia con Turbobit, podemos decir que las cuentas gratuitas y premium de Turbobit ofrecen un valor a\u00f1adido significativo.<\/p>\n<p><img loading=\"lazy\" class=\"alignnone size-full wp-image-837\" src=\"https:\/\/multihoster.org\/wp-content\/uploads\/2018\/08\/turbo_access.jpg\" alt=\"Pricing\" width=\"1365\" height=\"885\" srcset=\"https:\/\/multihoster.org\/wp-content\/uploads\/2018\/08\/turbo_access.jpg 1365w, https:\/\/multihoster.org\/wp-content\/uploads\/2018\/08\/turbo_access-300x195.jpg 300w, https:\/\/multihoster.org\/wp-content\/uploads\/2018\/08\/turbo_access-768x498.jpg 768w, https:\/\/multihoster.org\/wp-content\/uploads\/2018\/08\/turbo_access-1024x664.jpg 1024w\" sizes=\"(max-width: 1365px) 100vw, 1365px\" \/><\/p>\n<h2>Las ventajas de una cuenta premium con Turbobit<\/h2>\n<p>Adem\u00e1s de las caracter\u00edsticas gratuitas de la cuenta, Turbobit Turbo Access ofrece una serie de caracter\u00edsticas. Le permite descargar los archivos que desee a la m\u00e1xima velocidad de descarga sin interferir con sus anuncios. Tambi\u00e9n se eliminan las interrupciones forzadas y se permite el uso del Gestor de Descargas.<\/p>\n<h2>Nuestra conclusi\u00f3n sobre el proveedor Turbobit<\/h2>\n<p>En general, Turbobit es una forma interesante de descargar y descargar archivos. Primero puede probar su cuenta gratuita y luego comprar una cuenta Turbobit Premium, que est\u00e1 disponible con diferentes suscripciones. Gracias a nuestra experiencia, Turbobit es capaz de impresionar con su servicio integral, atractivo potencial de ingresos y facilidad de uso de primera clase.<\/p>\n<p><a class=\"fasc-button fasc-size-xlarge fasc-type-glossy fasc-rounded-medium ico-fa fasc-ico-after fa-share\" style=\"background-color: #43585e; color: #ffffff;\" target=\"_blank\" rel=\"nofollow noopener noreferrer\" href=\"https:\/\/multihoster.org\/turbobit\/goto\/\">Ir a Turbobit.net<\/a><\/p>\n","protected":false},"excerpt":{"rendered":"<p>Con Turbobit usted no s\u00f3lo puede descargar un gran n\u00famero de archivos, sino tambi\u00e9n descargar sus propios archivos y recibir<\/p>\n","protected":false},"author":2,"featured_media":0,"parent":0,"menu_order":0,"comment_status":"closed","ping_status":"closed","template":"","meta":[],"yoast_head":"<!-- This site is optimized with the Yoast SEO plugin v18.3 - https:\/\/yoast.com\/wordpress\/plugins\/seo\/ -->\n<title>lll\u25b7 Turbobit Premium Account serio o no? +++ Prueba en Multihoster.org<\/title>\n<meta name=\"description\" content=\"Estaremos encantados de presentarle el Multihoster Turbobit con m\u00e1s detalle y compartir nuestra experiencia en la cuenta gratuita y la Cuenta Turbobit Premium con usted.\" \/>\n<meta name=\"robots\" content=\"index, follow, max-snippet:-1, max-image-preview:large, max-video-preview:-1\" \/>\n<link rel=\"canonical\" href=\"https:\/\/multihoster.org\/es\/turbobit\/\" \/>\n<meta property=\"og:locale\" content=\"es_ES\" \/>\n<meta property=\"og:type\" content=\"article\" \/>\n<meta property=\"og:title\" content=\"lll\u25b7 Turbobit Premium Account serio o no? +++ Prueba en Multihoster.org\" \/>\n<meta property=\"og:description\" content=\"Estaremos encantados de presentarle el Multihoster Turbobit con m\u00e1s detalle y compartir nuestra experiencia en la cuenta gratuita y la Cuenta Turbobit Premium con usted.\" \/>\n<meta property=\"og:url\" content=\"https:\/\/multihoster.org\/es\/turbobit\/\" \/>\n<meta property=\"og:site_name\" content=\"Multihoster.org\" \/>\n<meta property=\"article:modified_time\" content=\"2019-10-28T16:07:59+00:00\" \/>\n<meta property=\"og:image\" content=\"https:\/\/multihoster.org\/wp-content\/uploads\/2018\/08\/turbobit.png\" \/>\n<meta name=\"twitter:card\" content=\"summary\" \/>\n<meta name=\"twitter:label1\" content=\"Tiempo de lectura\" \/>\n\t<meta name=\"twitter:data1\" content=\"5 minutos\" \/>\n<script type=\"application\/ld+json\" class=\"yoast-schema-graph\">{\"@context\":\"https:\/\/schema.org\",\"@graph\":[{\"@type\":\"WebSite\",\"@id\":\"https:\/\/multihoster.org\/#website\",\"url\":\"https:\/\/multihoster.org\/\",\"name\":\"Multihoster.org\",\"description\":\"Reviews of the major Filehosting services\",\"potentialAction\":[{\"@type\":\"SearchAction\",\"target\":{\"@type\":\"EntryPoint\",\"urlTemplate\":\"https:\/\/multihoster.org\/?s={search_term_string}\"},\"query-input\":\"required name=search_term_string\"}],\"inLanguage\":\"es\"},{\"@type\":\"ImageObject\",\"@id\":\"https:\/\/multihoster.org\/es\/turbobit\/#primaryimage\",\"inLanguage\":\"es\",\"url\":\"https:\/\/multihoster.org\/wp-content\/uploads\/2018\/08\/turbobit.png\",\"contentUrl\":\"https:\/\/multihoster.org\/wp-content\/uploads\/2018\/08\/turbobit.png\",\"width\":365,\"height\":105,\"caption\":\"turbobit\"},{\"@type\":\"WebPage\",\"@id\":\"https:\/\/multihoster.org\/es\/turbobit\/#webpage\",\"url\":\"https:\/\/multihoster.org\/es\/turbobit\/\",\"name\":\"lll\u25b7 Turbobit Premium Account serio o no? +++ Prueba en Multihoster.org\",\"isPartOf\":{\"@id\":\"https:\/\/multihoster.org\/#website\"},\"primaryImageOfPage\":{\"@id\":\"https:\/\/multihoster.org\/es\/turbobit\/#primaryimage\"},\"datePublished\":\"2018-08-09T19:34:03+00:00\",\"dateModified\":\"2019-10-28T16:07:59+00:00\",\"description\":\"Estaremos encantados de presentarle el Multihoster Turbobit con m\u00e1s detalle y compartir nuestra experiencia en la cuenta gratuita y la Cuenta Turbobit Premium con usted.\",\"breadcrumb\":{\"@id\":\"https:\/\/multihoster.org\/es\/turbobit\/#breadcrumb\"},\"inLanguage\":\"es\",\"potentialAction\":[{\"@type\":\"ReadAction\",\"target\":[\"https:\/\/multihoster.org\/es\/turbobit\/\"]}]},{\"@type\":\"BreadcrumbList\",\"@id\":\"https:\/\/multihoster.org\/es\/turbobit\/#breadcrumb\",\"itemListElement\":[{\"@type\":\"ListItem\",\"position\":1,\"name\":\"Startseite\",\"item\":\"https:\/\/multihoster.org\/es\/\"},{\"@type\":\"ListItem\",\"position\":2,\"name\":\"Turbobit Premium Account &#8211; El Filehoster de un vistazo\"}]}]}<\/script>\n<!-- \/ Yoast SEO plugin. -->","yoast_head_json":{"title":"lll\u25b7 Turbobit Premium Account serio o no? +++ Prueba en Multihoster.org","description":"Estaremos encantados de presentarle el Multihoster Turbobit con m\u00e1s detalle y compartir nuestra experiencia en la cuenta gratuita y la Cuenta Turbobit Premium con usted.","robots":{"index":"index","follow":"follow","max-snippet":"max-snippet:-1","max-image-preview":"max-image-preview:large","max-video-preview":"max-video-preview:-1"},"canonical":"https:\/\/multihoster.org\/es\/turbobit\/","og_locale":"es_ES","og_type":"article","og_title":"lll\u25b7 Turbobit Premium Account serio o no? +++ Prueba en Multihoster.org","og_description":"Estaremos encantados de presentarle el Multihoster Turbobit con m\u00e1s detalle y compartir nuestra experiencia en la cuenta gratuita y la Cuenta Turbobit Premium con usted.","og_url":"https:\/\/multihoster.org\/es\/turbobit\/","og_site_name":"Multihoster.org","article_modified_time":"2019-10-28T16:07:59+00:00","og_image":[{"url":"https:\/\/multihoster.org\/wp-content\/uploads\/2018\/08\/turbobit.png"}],"twitter_card":"summary","twitter_misc":{"Tiempo de lectura":"5 minutos"},"schema":{"@context":"https:\/\/schema.org","@graph":[{"@type":"WebSite","@id":"https:\/\/multihoster.org\/#website","url":"https:\/\/multihoster.org\/","name":"Multihoster.org","description":"Reviews of the major Filehosting services","potentialAction":[{"@type":"SearchAction","target":{"@type":"EntryPoint","urlTemplate":"https:\/\/multihoster.org\/?s={search_term_string}"},"query-input":"required name=search_term_string"}],"inLanguage":"es"},{"@type":"ImageObject","@id":"https:\/\/multihoster.org\/es\/turbobit\/#primaryimage","inLanguage":"es","url":"https:\/\/multihoster.org\/wp-content\/uploads\/2018\/08\/turbobit.png","contentUrl":"https:\/\/multihoster.org\/wp-content\/uploads\/2018\/08\/turbobit.png","width":365,"height":105,"caption":"turbobit"},{"@type":"WebPage","@id":"https:\/\/multihoster.org\/es\/turbobit\/#webpage","url":"https:\/\/multihoster.org\/es\/turbobit\/","name":"lll\u25b7 Turbobit Premium Account serio o no? +++ Prueba en Multihoster.org","isPartOf":{"@id":"https:\/\/multihoster.org\/#website"},"primaryImageOfPage":{"@id":"https:\/\/multihoster.org\/es\/turbobit\/#primaryimage"},"datePublished":"2018-08-09T19:34:03+00:00","dateModified":"2019-10-28T16:07:59+00:00","description":"Estaremos encantados de presentarle el Multihoster Turbobit con m\u00e1s detalle y compartir nuestra experiencia en la cuenta gratuita y la Cuenta Turbobit Premium con usted.","breadcrumb":{"@id":"https:\/\/multihoster.org\/es\/turbobit\/#breadcrumb"},"inLanguage":"es","potentialAction":[{"@type":"ReadAction","target":["https:\/\/multihoster.org\/es\/turbobit\/"]}]},{"@type":"BreadcrumbList","@id":"https:\/\/multihoster.org\/es\/turbobit\/#breadcrumb","itemListElement":[{"@type":"ListItem","position":1,"name":"Startseite","item":"https:\/\/multihoster.org\/es\/"},{"@type":"ListItem","position":2,"name":"Turbobit Premium Account &#8211; El Filehoster de un vistazo"}]}]}},"_links":{"self":[{"href":"https:\/\/multihoster.org\/es\/wp-json\/wp\/v2\/pages\/869"}],"collection":[{"href":"https:\/\/multihoster.org\/es\/wp-json\/wp\/v2\/pages"}],"about":[{"href":"https:\/\/multihoster.org\/es\/wp-json\/wp\/v2\/types\/page"}],"author":[{"embeddable":true,"href":"https:\/\/multihoster.org\/es\/wp-json\/wp\/v2\/users\/2"}],"replies":[{"embeddable":true,"href":"https:\/\/multihoster.org\/es\/wp-json\/wp\/v2\/comments?post=869"}],"version-history":[{"count":8,"href":"https:\/\/multihoster.org\/es\/wp-json\/wp\/v2\/pages\/869\/revisions"}],"predecessor-version":[{"id":2305,"href":"https:\/\/multihoster.org\/es\/wp-json\/wp\/v2\/pages\/869\/revisions\/2305"}],"wp:attachment":[{"href":"https:\/\/multihoster.org\/es\/wp-json\/wp\/v2\/media?parent=869"}],"curies":[{"name":"wp","href":"https:\/\/api.w.org\/{rel}","templated":true}]}}