{"id":910,"date":"2018-08-09T17:58:08","date_gmt":"2018-08-09T17:58:08","guid":{"rendered":"https:\/\/multihoster.org\/?page_id=910"},"modified":"2018-09-11T05:23:15","modified_gmt":"2018-09-11T05:23:15","slug":"file-al","status":"publish","type":"page","link":"https:\/\/multihoster.org\/es\/file-al\/","title":{"rendered":"File.al Premium Account &#8211; El Filehoster de un vistazo"},"content":{"rendered":"<p><img loading=\"lazy\" class=\"wp-image-1057 alignleft\" src=\"https:\/\/multihoster.org\/wp-content\/uploads\/2018\/08\/file.al_.png\" alt=\"file.al\" width=\"350\" height=\"158\" srcset=\"https:\/\/multihoster.org\/wp-content\/uploads\/2018\/08\/file.al_.png 406w, https:\/\/multihoster.org\/wp-content\/uploads\/2018\/08\/file.al_-300x135.png 300w\" sizes=\"(max-width: 350px) 100vw, 350px\" \/><\/p>\n<p>Filehoster File.AL le permite descargar varios archivos con una cuenta gratuita. No obstante, las funciones del servicio est\u00e1n limitadas en determinados \u00e1mbitos, como la publicidad.<\/p>\n<p>La actualizaci\u00f3n a file.AL Premium le permite utilizar plenamente el servicio con todas sus funciones y no est\u00e1 sujeto a ninguna restricci\u00f3n.<\/p>\n<p>&nbsp;<\/p>\n\n<p>&nbsp;<\/p>\n<p><a class=\"fasc-button fasc-size-xlarge fasc-type-glossy fasc-rounded-medium ico-fa fasc-ico-after fa-share\" style=\"background-color: #247edd; color: #ffffff;\" target=\"_blank\" rel=\"nofollow\" href=\"https:\/\/multihoster.org\/file-al\/goto\/\">Ir a File.al<\/a><\/p>\n<h2>La oferta completa de File.AL de un vistazo<\/h2>\n<p>Una cuenta gratuita est\u00e1 disponible para descargar y descargar archivos de hasta 5 GB despu\u00e9s del registro. La capacidad total de almacenamiento es de 500 GB.<\/p>\n<p>Si desea utilizar otras funciones, por ejemplo, para trabajar con su cuenta de File.AL sin demoras publicitarias o de descarga, puede actualizar su cuenta de File.AL Premium.<\/p>\n<p>Adem\u00e1s, puede ganar comisiones interesantes descargando archivos y atrayendo nuevos clientes<\/p>\n<h2>Las ventajas de una cuenta Premium en File.AL<\/h2>\n<p>El tama\u00f1o m\u00e1ximo de una cuenta gratuita es de 5 GB, mientras que File.AL le permite descargar archivos premium de hasta 50 GB. La limitaci\u00f3n del espacio de almacenamiento se ha eliminado por completo. Adem\u00e1s, su cuenta Premium File.AL tambi\u00e9n est\u00e1 soportada por un acelerador de descargas. Tambi\u00e9n puede pausar y detener f\u00e1cilmente la descarga sin tener que anunciarse y sin retrasar la descarga. Adem\u00e1s, no hay campanas para descargar desde tu cuenta Premium.<\/p>\n<p><img loading=\"lazy\" class=\"alignnone size-full wp-image-882\" src=\"https:\/\/multihoster.org\/wp-content\/uploads\/2018\/08\/laptop.jpg\" alt=\"laptop\" width=\"1920\" height=\"1153\" srcset=\"https:\/\/multihoster.org\/wp-content\/uploads\/2018\/08\/laptop.jpg 1920w, https:\/\/multihoster.org\/wp-content\/uploads\/2018\/08\/laptop-300x180.jpg 300w, https:\/\/multihoster.org\/wp-content\/uploads\/2018\/08\/laptop-768x461.jpg 768w, https:\/\/multihoster.org\/wp-content\/uploads\/2018\/08\/laptop-1024x615.jpg 1024w\" sizes=\"(max-width: 1920px) 100vw, 1920px\" \/><\/p>\n<h2>Costos y opciones de pago<\/h2>\n<p>Hay varias formas de pagar File.AL Premium. Estas incluyen tarjetas de cr\u00e9dito est\u00e1ndar y Paypal, tarjetas de cr\u00e9dito de Sofort\u00fcberweisung, Sofort\u00fcberweisung, Sofort Banking, Perfect Money y Webmoney. Tambi\u00e9n es posible una simple transferencia. Si desea pagar de forma an\u00f3nima, puede utilizar una de las cuatro monedas encriptadas. Aqu\u00ed puedes elegir entre Bitcoins, Bitcoin Cash, Litecoin y Ethereal. Si no le gusta uno de estos m\u00e9todos, puede utilizar muchos otros m\u00e9todos de pago a trav\u00e9s de los Premium Resellers de File.AL.<\/p>\n<p><strong>\n<table id=\"tablepress-68\" class=\"tablepress tablepress-id-68\">\n<tbody class=\"row-hover\">\n<tr class=\"row-1 odd\">\n\t<td class=\"column-1\">30 d\u00edas <\/td><td class=\"column-2\">60 d\u00edas <\/td><td class=\"column-3\">90 d\u00edas <\/td><td class=\"column-4\">185 d\u00edas <\/td><td class=\"column-5\">356 d\u00edas <\/td>\n<\/tr>\n<tr class=\"row-2 even\">\n\t<td class=\"column-1\">19,95 $<\/td><td class=\"column-2\">29,95 $<\/td><td class=\"column-3\">39,95 $<\/td><td class=\"column-4\">69,95 $<\/td><td class=\"column-5\">99,95 $<\/td>\n<\/tr>\n<\/tbody>\n<\/table>\n<!-- #tablepress-68 from cache --><\/strong><\/p>\n<p><a class=\"fasc-button fasc-size-xlarge fasc-type-glossy fasc-rounded-medium ico-fa fasc-ico-after fa-share\" style=\"background-color: #247edd; color: #ffffff;\" target=\"_blank\" rel=\"nofollow\" href=\"https:\/\/multihoster.org\/file-al\/goto\/\">Ir a File.al<\/a><\/p>\n<p>&nbsp;<\/p>\n<h2>Aviso de privacidad y protecci\u00f3n de datos<\/h2>\n<p>En lo que respecta a la privacidad y la protecci\u00f3n de datos, File.AL no tiene una pol\u00edtica de protecci\u00f3n de datos independiente. Sin embargo, es cierto que la empresa debe cumplir con la legislaci\u00f3n de protecci\u00f3n de datos aplicable. El VA le proporcionar\u00e1 informaci\u00f3n m\u00e1s detallada sobre el servicio, sus derechos y obligaciones en ingl\u00e9s.<\/p>\n<h2>Servicio postventa<\/h2>\n<p>Para ponerse en contacto con el servicio de atenci\u00f3n al cliente de File.AL, consulte la pesta\u00f1a \u00abContactos\u00bb en la parte inferior de la p\u00e1gina. Con un solo clic, puede acceder al Centro de Atenci\u00f3n al Cliente, donde podr\u00e1 abrir un nuevo ticket o comprobar el estado de su ticket actual. El asunto, el nombre, la direcci\u00f3n de correo electr\u00f3nico y la consulta espec\u00edfica son obligatorios dentro del ticket.<\/p>\n<h2>Facilidad de uso<\/h2>\n<p>El sitio web de File.AL es muy claro y sencillo. En la parte superior se encuentran todas las pesta\u00f1as importantes, desde \u00abUpload file\u00bb y \u00abUpgrade to Premium\u00bb, \u00abWork\u00bb, \u00abRegister\u00bb y \u00abLog in\u00bb hasta \u00abForgotten password\u00bb.<\/p>\n<p>En la p\u00e1gina de inicio, puede iniciar sesi\u00f3n con un nombre de usuario o una direcci\u00f3n de correo electr\u00f3nico y una contrase\u00f1a. Como usuario registrado, puede seleccionar las pesta\u00f1as \u00abMi cuenta\u00bb, \u00abMis archivos\u00bb e \u00abInformes\u00bb.<\/p>\n<p>En la pesta\u00f1a \u00abMi cuenta\u00bb podr\u00e1 ver no s\u00f3lo la configuraci\u00f3n de la cuenta de mayor, sino tambi\u00e9n el saldo de la cuenta, el espacio en disco y el tr\u00e1fico que a\u00fan tiene en ese d\u00eda. Adem\u00e1s, encontrar\u00e1 un enlace a los datos que publica, un enlace a socios individuales y mucho m\u00e1s. Esto tambi\u00e9n incluye la configuraci\u00f3n de la velocidad de descarga o la velocidad de la cuenta atr\u00e1s.<\/p>\n<p>En la subp\u00e1gina \u00abMis Archivos\u00bb encontrar\u00e1 informaci\u00f3n m\u00e1s detallada sobre todas las descargas, adem\u00e1s del espacio de almacenamiento ya utilizado.<\/p>\n<p>Haciendo clic en la pesta\u00f1a \u00abInformes\u00bb podr\u00e1 seleccionar el periodo de tiempo deseado y recibir el informe correspondiente. El informe incluye descargas, ventas y facturaci\u00f3n, reembolsos, referencias y sitios web.<\/p>\n<p>&nbsp;<\/p>\n<p><img loading=\"lazy\" class=\"alignnone size-full wp-image-879\" src=\"https:\/\/multihoster.org\/wp-content\/uploads\/2018\/08\/file_al.jpg\" alt=\"File.AL\" width=\"1672\" height=\"872\" srcset=\"https:\/\/multihoster.org\/wp-content\/uploads\/2018\/08\/file_al.jpg 1672w, https:\/\/multihoster.org\/wp-content\/uploads\/2018\/08\/file_al-300x156.jpg 300w, https:\/\/multihoster.org\/wp-content\/uploads\/2018\/08\/file_al-768x401.jpg 768w, https:\/\/multihoster.org\/wp-content\/uploads\/2018\/08\/file_al-1024x534.jpg 1024w\" sizes=\"(max-width: 1672px) 100vw, 1672px\" \/><\/p>\n<p>&nbsp;<\/p>\n<h2>Nuestra conclusi\u00f3n sobre el proveedor de File.AL<\/h2>\n<p>En general, File.AL ofrece una oferta interesante. Los usuarios pueden probarlo gratuitamente en 500 GB de espacio en disco antes de cambiar a File.AL Premium. La presencia en Internet es transparente y permite buscar r\u00e1pidamente toda la informaci\u00f3n y funciones. El contacto con el servicio de atenci\u00f3n al cliente tambi\u00e9n es f\u00e1cil. Puede realizar dep\u00f3sitos en su cuenta Premium File.AL de varias formas, incluso de forma an\u00f3nima.<\/p>\n<p><a class=\"fasc-button fasc-size-xlarge fasc-type-glossy fasc-rounded-medium ico-fa fasc-ico-after fa-share\" style=\"background-color: #247edd; color: #ffffff;\" target=\"_blank\" rel=\"nofollow\" href=\"https:\/\/multihoster.org\/file-al\/goto\/\">Ir a File.al<\/a><\/p>\n","protected":false},"excerpt":{"rendered":"<p>Filehoster File.AL le permite descargar varios archivos con una cuenta gratuita. No obstante, las funciones del servicio est\u00e1n limitadas en<\/p>\n","protected":false},"author":2,"featured_media":0,"parent":0,"menu_order":0,"comment_status":"closed","ping_status":"closed","template":"","meta":[],"yoast_head":"<!-- This site is optimized with the Yoast SEO plugin v18.3 - https:\/\/yoast.com\/wordpress\/plugins\/seo\/ -->\n<title>lll\u25b7 File.al Premium Account serio o no? +++ Prueba en Multihoster.org<\/title>\n<meta name=\"description\" content=\"\u00bfQuiere saber si Filehoster File.AL es la opci\u00f3n correcta? Con mucho gusto le presentaremos detalladamente al proveedor y a la cuenta Premium de File.AL.\" \/>\n<meta name=\"robots\" content=\"index, follow, max-snippet:-1, max-image-preview:large, max-video-preview:-1\" \/>\n<link rel=\"canonical\" href=\"https:\/\/multihoster.org\/es\/file-al\/\" \/>\n<meta property=\"og:locale\" content=\"es_ES\" \/>\n<meta property=\"og:type\" content=\"article\" \/>\n<meta property=\"og:title\" content=\"lll\u25b7 File.al Premium Account serio o no? +++ Prueba en Multihoster.org\" \/>\n<meta property=\"og:description\" content=\"\u00bfQuiere saber si Filehoster File.AL es la opci\u00f3n correcta? Con mucho gusto le presentaremos detalladamente al proveedor y a la cuenta Premium de File.AL.\" \/>\n<meta property=\"og:url\" content=\"https:\/\/multihoster.org\/es\/file-al\/\" \/>\n<meta property=\"og:site_name\" content=\"Multihoster.org\" \/>\n<meta property=\"article:modified_time\" content=\"2018-09-11T05:23:15+00:00\" \/>\n<meta property=\"og:image\" content=\"https:\/\/multihoster.org\/wp-content\/uploads\/2018\/08\/file.al_.png\" \/>\n<meta name=\"twitter:card\" content=\"summary\" \/>\n<meta name=\"twitter:label1\" content=\"Tiempo de lectura\" \/>\n\t<meta name=\"twitter:data1\" content=\"4 minutos\" \/>\n<script type=\"application\/ld+json\" class=\"yoast-schema-graph\">{\"@context\":\"https:\/\/schema.org\",\"@graph\":[{\"@type\":\"WebSite\",\"@id\":\"https:\/\/multihoster.org\/#website\",\"url\":\"https:\/\/multihoster.org\/\",\"name\":\"Multihoster.org\",\"description\":\"Reviews of the major Filehosting services\",\"potentialAction\":[{\"@type\":\"SearchAction\",\"target\":{\"@type\":\"EntryPoint\",\"urlTemplate\":\"https:\/\/multihoster.org\/?s={search_term_string}\"},\"query-input\":\"required name=search_term_string\"}],\"inLanguage\":\"es\"},{\"@type\":\"ImageObject\",\"@id\":\"https:\/\/multihoster.org\/es\/file-al\/#primaryimage\",\"inLanguage\":\"es\",\"url\":\"https:\/\/multihoster.org\/wp-content\/uploads\/2018\/08\/file.al_.png\",\"contentUrl\":\"https:\/\/multihoster.org\/wp-content\/uploads\/2018\/08\/file.al_.png\",\"width\":406,\"height\":183,\"caption\":\"file.al\"},{\"@type\":\"WebPage\",\"@id\":\"https:\/\/multihoster.org\/es\/file-al\/#webpage\",\"url\":\"https:\/\/multihoster.org\/es\/file-al\/\",\"name\":\"lll\u25b7 File.al Premium Account serio o no? +++ Prueba en Multihoster.org\",\"isPartOf\":{\"@id\":\"https:\/\/multihoster.org\/#website\"},\"primaryImageOfPage\":{\"@id\":\"https:\/\/multihoster.org\/es\/file-al\/#primaryimage\"},\"datePublished\":\"2018-08-09T17:58:08+00:00\",\"dateModified\":\"2018-09-11T05:23:15+00:00\",\"description\":\"\u00bfQuiere saber si Filehoster File.AL es la opci\u00f3n correcta? Con mucho gusto le presentaremos detalladamente al proveedor y a la cuenta Premium de File.AL.\",\"breadcrumb\":{\"@id\":\"https:\/\/multihoster.org\/es\/file-al\/#breadcrumb\"},\"inLanguage\":\"es\",\"potentialAction\":[{\"@type\":\"ReadAction\",\"target\":[\"https:\/\/multihoster.org\/es\/file-al\/\"]}]},{\"@type\":\"BreadcrumbList\",\"@id\":\"https:\/\/multihoster.org\/es\/file-al\/#breadcrumb\",\"itemListElement\":[{\"@type\":\"ListItem\",\"position\":1,\"name\":\"Startseite\",\"item\":\"https:\/\/multihoster.org\/es\/\"},{\"@type\":\"ListItem\",\"position\":2,\"name\":\"File.al Premium Account &#8211; El Filehoster de un vistazo\"}]}]}<\/script>\n<!-- \/ Yoast SEO plugin. -->","yoast_head_json":{"title":"lll\u25b7 File.al Premium Account serio o no? +++ Prueba en Multihoster.org","description":"\u00bfQuiere saber si Filehoster File.AL es la opci\u00f3n correcta? Con mucho gusto le presentaremos detalladamente al proveedor y a la cuenta Premium de File.AL.","robots":{"index":"index","follow":"follow","max-snippet":"max-snippet:-1","max-image-preview":"max-image-preview:large","max-video-preview":"max-video-preview:-1"},"canonical":"https:\/\/multihoster.org\/es\/file-al\/","og_locale":"es_ES","og_type":"article","og_title":"lll\u25b7 File.al Premium Account serio o no? +++ Prueba en Multihoster.org","og_description":"\u00bfQuiere saber si Filehoster File.AL es la opci\u00f3n correcta? Con mucho gusto le presentaremos detalladamente al proveedor y a la cuenta Premium de File.AL.","og_url":"https:\/\/multihoster.org\/es\/file-al\/","og_site_name":"Multihoster.org","article_modified_time":"2018-09-11T05:23:15+00:00","og_image":[{"url":"https:\/\/multihoster.org\/wp-content\/uploads\/2018\/08\/file.al_.png"}],"twitter_card":"summary","twitter_misc":{"Tiempo de lectura":"4 minutos"},"schema":{"@context":"https:\/\/schema.org","@graph":[{"@type":"WebSite","@id":"https:\/\/multihoster.org\/#website","url":"https:\/\/multihoster.org\/","name":"Multihoster.org","description":"Reviews of the major Filehosting services","potentialAction":[{"@type":"SearchAction","target":{"@type":"EntryPoint","urlTemplate":"https:\/\/multihoster.org\/?s={search_term_string}"},"query-input":"required name=search_term_string"}],"inLanguage":"es"},{"@type":"ImageObject","@id":"https:\/\/multihoster.org\/es\/file-al\/#primaryimage","inLanguage":"es","url":"https:\/\/multihoster.org\/wp-content\/uploads\/2018\/08\/file.al_.png","contentUrl":"https:\/\/multihoster.org\/wp-content\/uploads\/2018\/08\/file.al_.png","width":406,"height":183,"caption":"file.al"},{"@type":"WebPage","@id":"https:\/\/multihoster.org\/es\/file-al\/#webpage","url":"https:\/\/multihoster.org\/es\/file-al\/","name":"lll\u25b7 File.al Premium Account serio o no? +++ Prueba en Multihoster.org","isPartOf":{"@id":"https:\/\/multihoster.org\/#website"},"primaryImageOfPage":{"@id":"https:\/\/multihoster.org\/es\/file-al\/#primaryimage"},"datePublished":"2018-08-09T17:58:08+00:00","dateModified":"2018-09-11T05:23:15+00:00","description":"\u00bfQuiere saber si Filehoster File.AL es la opci\u00f3n correcta? Con mucho gusto le presentaremos detalladamente al proveedor y a la cuenta Premium de File.AL.","breadcrumb":{"@id":"https:\/\/multihoster.org\/es\/file-al\/#breadcrumb"},"inLanguage":"es","potentialAction":[{"@type":"ReadAction","target":["https:\/\/multihoster.org\/es\/file-al\/"]}]},{"@type":"BreadcrumbList","@id":"https:\/\/multihoster.org\/es\/file-al\/#breadcrumb","itemListElement":[{"@type":"ListItem","position":1,"name":"Startseite","item":"https:\/\/multihoster.org\/es\/"},{"@type":"ListItem","position":2,"name":"File.al Premium Account &#8211; El Filehoster de un vistazo"}]}]}},"_links":{"self":[{"href":"https:\/\/multihoster.org\/es\/wp-json\/wp\/v2\/pages\/910"}],"collection":[{"href":"https:\/\/multihoster.org\/es\/wp-json\/wp\/v2\/pages"}],"about":[{"href":"https:\/\/multihoster.org\/es\/wp-json\/wp\/v2\/types\/page"}],"author":[{"embeddable":true,"href":"https:\/\/multihoster.org\/es\/wp-json\/wp\/v2\/users\/2"}],"replies":[{"embeddable":true,"href":"https:\/\/multihoster.org\/es\/wp-json\/wp\/v2\/comments?post=910"}],"version-history":[{"count":9,"href":"https:\/\/multihoster.org\/es\/wp-json\/wp\/v2\/pages\/910\/revisions"}],"predecessor-version":[{"id":1333,"href":"https:\/\/multihoster.org\/es\/wp-json\/wp\/v2\/pages\/910\/revisions\/1333"}],"wp:attachment":[{"href":"https:\/\/multihoster.org\/es\/wp-json\/wp\/v2\/media?parent=910"}],"curies":[{"name":"wp","href":"https:\/\/api.w.org\/{rel}","templated":true}]}}