{"id":949,"date":"2018-08-09T19:19:21","date_gmt":"2018-08-09T19:19:21","guid":{"rendered":"https:\/\/multihoster.org\/?page_id=949"},"modified":"2018-09-12T05:49:42","modified_gmt":"2018-09-12T05:49:42","slug":"nitroflare","status":"publish","type":"page","link":"https:\/\/multihoster.org\/es\/nitroflare\/","title":{"rendered":"Nitroflare Premium Account &#8211; El Filehoster de un vistazo"},"content":{"rendered":"<p><img loading=\"lazy\" class=\"alignnone size-full wp-image-1066 alignleft\" src=\"https:\/\/multihoster.org\/wp-content\/uploads\/2018\/08\/nitroflare.png\" alt=\"nitroflare\" width=\"414\" height=\"94\" srcset=\"https:\/\/multihoster.org\/wp-content\/uploads\/2018\/08\/nitroflare.png 414w, https:\/\/multihoster.org\/wp-content\/uploads\/2018\/08\/nitroflare-300x68.png 300w\" sizes=\"(max-width: 414px) 100vw, 414px\" \/><\/p>\n<p>NitroFlare es uno de los mejores de la industria y se describe como el mejor y m\u00e1s r\u00e1pido servicio para descargar, almacenar y compartir datos de forma segura a trav\u00e9s de Internet. Filehoster ofrece un servicio internacional de transferencia, almacenamiento, backup y distribuci\u00f3n de datos.<\/p>\n<p>NitroFlare explica en la p\u00e1gina principal que la velocidad del servidor es casi ilimitada y que no hay servicios comparables que ofrezcan el mismo nivel de calidad. Por supuesto, el proveedor se refiere al servicio NitroFlare Premium, que se proporciona contra pago.<\/p>\n\n<p><a class=\"fasc-button fasc-size-xlarge fasc-type-glossy fasc-rounded-medium ico-fa fasc-ico-after fa-share\" style=\"background-color: #43585e; color: #ffffff;\" target=\"_blank\" rel=\"nofollow\" href=\"https:\/\/multihoster.org\/nitroflare\/goto\/\">Ir a Nitroflare.com<\/a><\/p>\n<h2>Toda la gama NitroFlare de un vistazo<\/h2>\n<p>NitroFlare le permite descargar varios archivos de hasta 10 GB en su navegador, de forma remota o FTP a los servidores del proveedor de servicios de Internet con una cuenta gratuita.<\/p>\n<p>Adem\u00e1s de su cuenta gratuita, tiene un total de cinco suscripciones de pago a su cuenta NitroFlare Premium, para que pueda disfrutar de toda la gama de servicios NitroFlare. NitroFlare Premium ofrece un per\u00edodo de prueba de 2 d\u00edas y tarifas por 30 d\u00edas, 90 d\u00edas, 180 d\u00edas y 365 d\u00edas. La suscripci\u00f3n de prueba de dos d\u00edas es s\u00f3lo ligeramente m\u00e1s barata que la tarifa de 30 d\u00edas, lo que lleva r\u00e1pidamente al visitante a una suscripci\u00f3n NitroFlare Premium de 30 d\u00edas.<\/p>\n<h2>Ofertas de bonos<\/h2>\n<p>NitroFlare ofrece no s\u00f3lo la posibilidad de descargar y descargar archivos, sino tambi\u00e9n una forma interesante de ganar dinero y promocionar el servicio. Dependiendo del tipo de cuenta, puede recibir una comisi\u00f3n de hasta el 10% si su proveedor de servicios est\u00e1 utilizando nuevos clientes a trav\u00e9s de usted.<\/p>\n<p><img loading=\"lazy\" class=\"alignnone size-full wp-image-919\" src=\"https:\/\/multihoster.org\/wp-content\/uploads\/2018\/08\/nitroflare.jpg\" alt=\"Nitroflare\" width=\"894\" height=\"632\" srcset=\"https:\/\/multihoster.org\/wp-content\/uploads\/2018\/08\/nitroflare.jpg 894w, https:\/\/multihoster.org\/wp-content\/uploads\/2018\/08\/nitroflare-300x212.jpg 300w, https:\/\/multihoster.org\/wp-content\/uploads\/2018\/08\/nitroflare-768x543.jpg 768w\" sizes=\"(max-width: 894px) 100vw, 894px\" \/><\/p>\n<h2>Costos y opciones de pago<\/h2>\n<p>Las opciones de pago de las primas de NitroFlare incluyen los m\u00e9todos de pago con tarjeta de cr\u00e9dito m\u00e1s populares. Se aceptaron tarjetas VISA, MasterCard, American Express y Discover Card. Otros m\u00e9todos, como WebMoney, tambi\u00e9n est\u00e1n disponibles para pagar NitroFlare Premium. Si desea pagar de forma an\u00f3nima, puede hacerlo a trav\u00e9s de Bitcoin.<\/p>\n<p><strong>\n<table id=\"tablepress-75\" class=\"tablepress tablepress-id-75\">\n<tbody class=\"row-hover\">\n<tr class=\"row-1 odd\">\n\t<td class=\"column-1\">Trial<\/td><td class=\"column-2\">Medium<\/td><td class=\"column-3\">Popular<\/td><td class=\"column-4\">Big<\/td><td class=\"column-5\">Huge<\/td>\n<\/tr>\n<tr class=\"row-2 even\">\n\t<td class=\"column-1\">2 d\u00edas<\/td><td class=\"column-2\">30 d\u00edas<\/td><td class=\"column-3\">90 d\u00edas<\/td><td class=\"column-4\">180 d\u00edas<\/td><td class=\"column-5\">365 d\u00edas<\/td>\n<\/tr>\n<tr class=\"row-3 odd\">\n\t<td class=\"column-1\">10 $<\/td><td class=\"column-2\">12 $<\/td><td class=\"column-3\">30 $<\/td><td class=\"column-4\">50 $<\/td><td class=\"column-5\">90 $<\/td>\n<\/tr>\n<\/tbody>\n<\/table>\n<!-- #tablepress-75 from cache --><\/strong><\/p>\n<p><a class=\"fasc-button fasc-size-xlarge fasc-type-glossy fasc-rounded-medium ico-fa fasc-ico-after fa-share\" style=\"background-color: #43585e; color: #ffffff;\" target=\"_blank\" rel=\"nofollow\" href=\"https:\/\/multihoster.org\/nitroflare\/goto\/\">Ir a Nitroflare.com<\/a><\/p>\n<h2>Aviso de privacidad y protecci\u00f3n de datos<\/h2>\n<p>La privacidad y la protecci\u00f3n de datos son cada vez m\u00e1s importantes para muchos consumidores. Cuando se trata de protecci\u00f3n de datos y privacidad, puede contar con la fiabilidad de NitroFlare.<\/p>\n<p>El proveedor almacena informaci\u00f3n t\u00edpica como su direcci\u00f3n IP, direcci\u00f3n de correo electr\u00f3nico, nombre y archivos descargados y cargados. Al utilizar NitroFlare, tambi\u00e9n acepta el uso de cookies, que a menudo mejoran su experiencia.<\/p>\n<p>NitroFlare no almacena datos personales porque el proceso de pago incluye servicios de pago separados que procesan los datos.<\/p>\n<h2>Servicio postventa<\/h2>\n<p>En la parte superior de la p\u00e1gina web, en la secci\u00f3n \u00abSoporte\u00bb, encontrar\u00e1 un enlace a nuestro servicio de atenci\u00f3n al cliente. Se le pedir\u00e1 que encuentre la soluci\u00f3n por primera vez en el campo de preguntas y respuestas en la parte superior de la p\u00e1gina de destino. A continuaci\u00f3n encontrar\u00e1 un formulario de contacto donde podr\u00e1 proporcionarnos su direcci\u00f3n de correo electr\u00f3nico, tema y aplicaci\u00f3n espec\u00edfica. A continuaci\u00f3n, puede confirmar la campana y enviar el mensaje.<\/p>\n<p><img loading=\"lazy\" class=\"alignnone size-full wp-image-920\" src=\"https:\/\/multihoster.org\/wp-content\/uploads\/2018\/08\/support.jpg\" alt=\"support\" width=\"859\" height=\"624\" srcset=\"https:\/\/multihoster.org\/wp-content\/uploads\/2018\/08\/support.jpg 859w, https:\/\/multihoster.org\/wp-content\/uploads\/2018\/08\/support-300x218.jpg 300w, https:\/\/multihoster.org\/wp-content\/uploads\/2018\/08\/support-768x558.jpg 768w\" sizes=\"(max-width: 859px) 100vw, 859px\" \/><\/p>\n<h2>Facilidad de uso<\/h2>\n<p>La presencia de nitroflare.com en Internet est\u00e1 claramente estructurada para que usted pueda ver todo lo que es importante en la p\u00e1gina de inicio. Incluso sin una cuenta, puede descargar archivos de hasta 10 GB mediante un navegador web, FTP o mando a distancia. Adem\u00e1s, en la parte superior de la p\u00e1gina encontrar\u00e1 las subp\u00e1ginas \u00abBonos\u00bb, \u00abDinero ganado\u00bb y \u00abApoyo\u00bb.<\/p>\n<p>Al hacer clic en \u00abUsuario\u00bb en la esquina superior derecha de la p\u00e1gina se accede a la vista de cuenta. Puede ver la capacidad de memoria disponible, el saldo de la cuenta y las opciones de ganancias, entre otras cosas. Tambi\u00e9n puedes encontrar estad\u00edsticas de clics, descargas y ventas.<\/p>\n<p>Desde aqu\u00ed puede ir a la pesta\u00f1a \u00abMis archivos\u00bb, donde puede organizar y navegar por sus archivos de forma pr\u00e1ctica. Tambi\u00e9n puede abrir informes de afiliados y crear una cuenta FTP. Tambi\u00e9n puede examinar sus descargas individuales y referencias de ventas y encontrar enlaces a dos API de programadores.<\/p>\n<h2>Ventajas de una cuenta Premium con NitroFlare<\/h2>\n<p>Con su cuenta NitroFlare Premium, podr\u00e1 disfrutar de la m\u00e1xima velocidad cuando visite el sitio web NitroFlare.com. Adem\u00e1s, no s\u00f3lo puede descargar pel\u00edculas, sino tambi\u00e9n verlas en l\u00ednea.<\/p>\n<p>Adem\u00e1s, la publicidad no perturba la tranquilidad del usuario cuando utiliza el servicio y utiliza NitroFlare Premium gracias al servicio de atenci\u00f3n al cliente prioritario.<\/p>\n<h2>Conclusi\u00f3n sobre NitroFlare<\/h2>\n<p>En conclusi\u00f3n, NitroFlare ofrece una interesante gama de productos que se pueden utilizar de forma gratuita o mediante pago. Con Premium NitroFlare usted tiene todas las opciones y puede disfrutar de la m\u00e1xima velocidad, pero el tama\u00f1o de su cuenta gratuita es limitado. El sitio web tiene una estructura clara, por lo que puede encontrar r\u00e1pidamente toda la informaci\u00f3n y funciones. Pruebe la oferta gratuita de NitroFlare y actual\u00edcela a NitroFlare Premium si lo desea.<\/p>\n<p><a class=\"fasc-button fasc-size-xlarge fasc-type-glossy fasc-rounded-medium ico-fa fasc-ico-after fa-share\" style=\"background-color: #43585e; color: #ffffff;\" target=\"_blank\" rel=\"nofollow\" href=\"https:\/\/multihoster.org\/nitroflare\/goto\/\">Ir a Nitroflare.com<\/a><\/p>\n","protected":false},"excerpt":{"rendered":"<p>NitroFlare es uno de los mejores de la industria y se describe como el mejor y m\u00e1s r\u00e1pido servicio para<\/p>\n","protected":false},"author":2,"featured_media":0,"parent":0,"menu_order":0,"comment_status":"closed","ping_status":"closed","template":"","meta":[],"yoast_head":"<!-- This site is optimized with the Yoast SEO plugin v18.3 - https:\/\/yoast.com\/wordpress\/plugins\/seo\/ -->\n<title>lll\u25b7 NitroFlare Premium Account serio o no? +++ Prueba en Multihoster.org<\/title>\n<meta name=\"description\" content=\"Hemos echado un vistazo m\u00e1s de cerca al hoster de archivos NitroFlare y estaremos encantados de presentarle al proveedor.\" \/>\n<meta name=\"robots\" content=\"index, follow, max-snippet:-1, max-image-preview:large, max-video-preview:-1\" \/>\n<link rel=\"canonical\" href=\"https:\/\/multihoster.org\/es\/nitroflare\/\" \/>\n<meta property=\"og:locale\" content=\"es_ES\" \/>\n<meta property=\"og:type\" content=\"article\" \/>\n<meta property=\"og:title\" content=\"lll\u25b7 NitroFlare Premium Account serio o no? +++ Prueba en Multihoster.org\" \/>\n<meta property=\"og:description\" content=\"Hemos echado un vistazo m\u00e1s de cerca al hoster de archivos NitroFlare y estaremos encantados de presentarle al proveedor.\" \/>\n<meta property=\"og:url\" content=\"https:\/\/multihoster.org\/es\/nitroflare\/\" \/>\n<meta property=\"og:site_name\" content=\"Multihoster.org\" \/>\n<meta property=\"article:modified_time\" content=\"2018-09-12T05:49:42+00:00\" \/>\n<meta property=\"og:image\" content=\"https:\/\/multihoster.org\/wp-content\/uploads\/2018\/08\/nitroflare.png\" \/>\n<meta name=\"twitter:card\" content=\"summary\" \/>\n<meta name=\"twitter:label1\" content=\"Tiempo de lectura\" \/>\n\t<meta name=\"twitter:data1\" content=\"4 minutos\" \/>\n<script type=\"application\/ld+json\" class=\"yoast-schema-graph\">{\"@context\":\"https:\/\/schema.org\",\"@graph\":[{\"@type\":\"WebSite\",\"@id\":\"https:\/\/multihoster.org\/#website\",\"url\":\"https:\/\/multihoster.org\/\",\"name\":\"Multihoster.org\",\"description\":\"Reviews of the major Filehosting services\",\"potentialAction\":[{\"@type\":\"SearchAction\",\"target\":{\"@type\":\"EntryPoint\",\"urlTemplate\":\"https:\/\/multihoster.org\/?s={search_term_string}\"},\"query-input\":\"required name=search_term_string\"}],\"inLanguage\":\"es\"},{\"@type\":\"ImageObject\",\"@id\":\"https:\/\/multihoster.org\/es\/nitroflare\/#primaryimage\",\"inLanguage\":\"es\",\"url\":\"https:\/\/multihoster.org\/wp-content\/uploads\/2018\/08\/nitroflare.png\",\"contentUrl\":\"https:\/\/multihoster.org\/wp-content\/uploads\/2018\/08\/nitroflare.png\",\"width\":414,\"height\":94,\"caption\":\"nitroflare\"},{\"@type\":\"WebPage\",\"@id\":\"https:\/\/multihoster.org\/es\/nitroflare\/#webpage\",\"url\":\"https:\/\/multihoster.org\/es\/nitroflare\/\",\"name\":\"lll\u25b7 NitroFlare Premium Account serio o no? +++ Prueba en Multihoster.org\",\"isPartOf\":{\"@id\":\"https:\/\/multihoster.org\/#website\"},\"primaryImageOfPage\":{\"@id\":\"https:\/\/multihoster.org\/es\/nitroflare\/#primaryimage\"},\"datePublished\":\"2018-08-09T19:19:21+00:00\",\"dateModified\":\"2018-09-12T05:49:42+00:00\",\"description\":\"Hemos echado un vistazo m\u00e1s de cerca al hoster de archivos NitroFlare y estaremos encantados de presentarle al proveedor.\",\"breadcrumb\":{\"@id\":\"https:\/\/multihoster.org\/es\/nitroflare\/#breadcrumb\"},\"inLanguage\":\"es\",\"potentialAction\":[{\"@type\":\"ReadAction\",\"target\":[\"https:\/\/multihoster.org\/es\/nitroflare\/\"]}]},{\"@type\":\"BreadcrumbList\",\"@id\":\"https:\/\/multihoster.org\/es\/nitroflare\/#breadcrumb\",\"itemListElement\":[{\"@type\":\"ListItem\",\"position\":1,\"name\":\"Startseite\",\"item\":\"https:\/\/multihoster.org\/es\/\"},{\"@type\":\"ListItem\",\"position\":2,\"name\":\"Nitroflare Premium Account &#8211; El Filehoster de un vistazo\"}]}]}<\/script>\n<!-- \/ Yoast SEO plugin. -->","yoast_head_json":{"title":"lll\u25b7 NitroFlare Premium Account serio o no? +++ Prueba en Multihoster.org","description":"Hemos echado un vistazo m\u00e1s de cerca al hoster de archivos NitroFlare y estaremos encantados de presentarle al proveedor.","robots":{"index":"index","follow":"follow","max-snippet":"max-snippet:-1","max-image-preview":"max-image-preview:large","max-video-preview":"max-video-preview:-1"},"canonical":"https:\/\/multihoster.org\/es\/nitroflare\/","og_locale":"es_ES","og_type":"article","og_title":"lll\u25b7 NitroFlare Premium Account serio o no? +++ Prueba en Multihoster.org","og_description":"Hemos echado un vistazo m\u00e1s de cerca al hoster de archivos NitroFlare y estaremos encantados de presentarle al proveedor.","og_url":"https:\/\/multihoster.org\/es\/nitroflare\/","og_site_name":"Multihoster.org","article_modified_time":"2018-09-12T05:49:42+00:00","og_image":[{"url":"https:\/\/multihoster.org\/wp-content\/uploads\/2018\/08\/nitroflare.png"}],"twitter_card":"summary","twitter_misc":{"Tiempo de lectura":"4 minutos"},"schema":{"@context":"https:\/\/schema.org","@graph":[{"@type":"WebSite","@id":"https:\/\/multihoster.org\/#website","url":"https:\/\/multihoster.org\/","name":"Multihoster.org","description":"Reviews of the major Filehosting services","potentialAction":[{"@type":"SearchAction","target":{"@type":"EntryPoint","urlTemplate":"https:\/\/multihoster.org\/?s={search_term_string}"},"query-input":"required name=search_term_string"}],"inLanguage":"es"},{"@type":"ImageObject","@id":"https:\/\/multihoster.org\/es\/nitroflare\/#primaryimage","inLanguage":"es","url":"https:\/\/multihoster.org\/wp-content\/uploads\/2018\/08\/nitroflare.png","contentUrl":"https:\/\/multihoster.org\/wp-content\/uploads\/2018\/08\/nitroflare.png","width":414,"height":94,"caption":"nitroflare"},{"@type":"WebPage","@id":"https:\/\/multihoster.org\/es\/nitroflare\/#webpage","url":"https:\/\/multihoster.org\/es\/nitroflare\/","name":"lll\u25b7 NitroFlare Premium Account serio o no? +++ Prueba en Multihoster.org","isPartOf":{"@id":"https:\/\/multihoster.org\/#website"},"primaryImageOfPage":{"@id":"https:\/\/multihoster.org\/es\/nitroflare\/#primaryimage"},"datePublished":"2018-08-09T19:19:21+00:00","dateModified":"2018-09-12T05:49:42+00:00","description":"Hemos echado un vistazo m\u00e1s de cerca al hoster de archivos NitroFlare y estaremos encantados de presentarle al proveedor.","breadcrumb":{"@id":"https:\/\/multihoster.org\/es\/nitroflare\/#breadcrumb"},"inLanguage":"es","potentialAction":[{"@type":"ReadAction","target":["https:\/\/multihoster.org\/es\/nitroflare\/"]}]},{"@type":"BreadcrumbList","@id":"https:\/\/multihoster.org\/es\/nitroflare\/#breadcrumb","itemListElement":[{"@type":"ListItem","position":1,"name":"Startseite","item":"https:\/\/multihoster.org\/es\/"},{"@type":"ListItem","position":2,"name":"Nitroflare Premium Account &#8211; El Filehoster de un vistazo"}]}]}},"_links":{"self":[{"href":"https:\/\/multihoster.org\/es\/wp-json\/wp\/v2\/pages\/949"}],"collection":[{"href":"https:\/\/multihoster.org\/es\/wp-json\/wp\/v2\/pages"}],"about":[{"href":"https:\/\/multihoster.org\/es\/wp-json\/wp\/v2\/types\/page"}],"author":[{"embeddable":true,"href":"https:\/\/multihoster.org\/es\/wp-json\/wp\/v2\/users\/2"}],"replies":[{"embeddable":true,"href":"https:\/\/multihoster.org\/es\/wp-json\/wp\/v2\/comments?post=949"}],"version-history":[{"count":9,"href":"https:\/\/multihoster.org\/es\/wp-json\/wp\/v2\/pages\/949\/revisions"}],"predecessor-version":[{"id":1371,"href":"https:\/\/multihoster.org\/es\/wp-json\/wp\/v2\/pages\/949\/revisions\/1371"}],"wp:attachment":[{"href":"https:\/\/multihoster.org\/es\/wp-json\/wp\/v2\/media?parent=949"}],"curies":[{"name":"wp","href":"https:\/\/api.w.org\/{rel}","templated":true}]}}