{"id":1494,"date":"2018-09-27T07:44:19","date_gmt":"2018-09-27T07:44:19","guid":{"rendered":"https:\/\/multihoster.org\/?page_id=1494"},"modified":"2019-03-18T20:22:35","modified_gmt":"2019-03-18T20:22:35","slug":"fileboom","status":"publish","type":"page","link":"https:\/\/multihoster.org\/fr\/fileboom\/","title":{"rendered":"Compte Premium Fileboom &#8211; L&rsquo;h\u00e9bergeur en un coup d&rsquo;\u0153il"},"content":{"rendered":"<p><img loading=\"lazy\" class=\"size-full wp-image-1467 alignleft\" src=\"https:\/\/multihoster.org\/wp-content\/uploads\/2018\/09\/logo-1.png\" alt=\"logo\" width=\"229\" height=\"54\">Pour l&rsquo;h\u00e9bergeur Fileboom.me le stockage s\u00e9curis\u00e9 de vos fichiers est la priorit\u00e9 absolue. Dans le compte Fileboom, le fournisseur vous permet d&rsquo;enregistrer des fichiers et de t\u00e9l\u00e9charger divers fichiers. Dans le service Fileboom.me il y a \u00e0 la fois un compte gratuit et Fileboom Premium, qui vous permet d&rsquo;utiliser toute l&rsquo;\u00e9tendue. Diff\u00e9rentes m\u00e9thodes de paiement sont disponibles, y compris le fournisseur de services de paiement populaire Paypal.<\/p>\n\n<p><a class=\"fasc-button fasc-size-xlarge fasc-type-glossy fasc-rounded-medium ico-fa fasc-ico-after fa-share\" style=\"background-color: #33809e; color: #ffffff;\" target=\"_blank\" rel=\"nofollow noopener noreferrer\" href=\"https:\/\/multihoster.org\/fileboom\/goto\/\">Allez sur Fileboom.me<\/a><\/p>\n<h2>Caract\u00e9ristiques positives du fournisseur<\/h2>\n<ul>\n<li>Utilisation gratuite possible<\/li>\n<li>Structuration claire<\/li>\n<li>Excellente protection des donn\u00e9es<\/li>\n<li>Caract\u00e9ristiques Premium attrayantes<\/li>\n<\/ul>\n<p>&nbsp;<\/p>\n<p><img loading=\"lazy\" class=\"alignnone size-full wp-image-1463\" src=\"https:\/\/multihoster.org\/wp-content\/uploads\/2018\/09\/overview.png\" alt=\"overview\" width=\"1393\" height=\"311\" srcset=\"https:\/\/multihoster.org\/wp-content\/uploads\/2018\/09\/overview.png 1393w, https:\/\/multihoster.org\/wp-content\/uploads\/2018\/09\/overview-300x67.png 300w, https:\/\/multihoster.org\/wp-content\/uploads\/2018\/09\/overview-768x171.png 768w, https:\/\/multihoster.org\/wp-content\/uploads\/2018\/09\/overview-1024x229.png 1024w\" sizes=\"(max-width: 1393px) 100vw, 1393px\" \/><\/p>\n<h2>L&rsquo;ensemble de la gamme Fileboom en un coup d&rsquo;\u0153il<\/h2>\n<p>Le compte Fileboom gratuit est rapidement cr\u00e9\u00e9 et ne prend que quelques secondes. Apr\u00e8s v\u00e9rification de l&rsquo;adresse e-mail, le service peut \u00eatre utilis\u00e9 dans une mesure limit\u00e9e. Il y a 10 Go d&rsquo;espace de stockage disponible pour le t\u00e9l\u00e9chargement.<\/p>\n<p>Vous pouvez utiliser le maximum de services en achetant un compte Premium Fileboom. Vous trouverez ici la vitesse de t\u00e9l\u00e9chargement maximale, le t\u00e9l\u00e9chargement simultan\u00e9 de plusieurs fichiers ainsi que de nombreuses autres fonctions. Pour l&rsquo;achat de Fileboom Premium, il existe quatre formules diff\u00e9rentes ainsi que diff\u00e9rents modes de paiement accept\u00e9s.<\/p>\n<p>&nbsp;<\/p>\n<h2>Offres de bonus<\/h2>\n<p>En bonus, Fileboom offre la possibilit\u00e9 de s&rsquo;inscrire au programme d&rsquo;affiliation. Si vous \u00eates int\u00e9ress\u00e9 \u00e0 faire une demande pour Fileboom Premium et recevoir une r\u00e9compense pour ce faire, vous pouvez faire les premi\u00e8res \u00e9tapes sous l&rsquo;onglet \u00ab\u00a0Gagner de l&rsquo;argent\u00a0\u00bb. Ici, vous pouvez entrer vos donn\u00e9es personnelles et vous recevrez une r\u00e9ponse dans les 24 heures pendant les jours ouvrables.<\/p>\n<h2>Co\u00fbts et options de paiement<\/h2>\n<p>Si vous voulez non seulement profiter des avantages d&rsquo;un compte Fileboom gratuit, mais aussi des fonctionnalit\u00e9s de Fileboom Premium, vous pouvez choisir entre trois modes de paiement : VISA, MasterCard et American Express. Il est \u00e9galement possible de payer via PayPal et par diff\u00e9rentes m\u00e9thodes locales. De Webmoney et Postbank \u00e0 LBBW et Safety Pay. Le paiement anonyme via PaysafeCard n&rsquo;est pas possible avec Fileboom.<\/p>\n<p><strong>\n<table id=\"tablepress-102\" class=\"tablepress tablepress-id-102\">\n<tbody class=\"row-hover\">\n<tr class=\"row-1 odd\">\n\t<td class=\"column-1\">3 jours<\/td><td class=\"column-2\">30 jours<\/td><td class=\"column-3\">90 jours<\/td><td class=\"column-4\">180 jours<\/td>\n<\/tr>\n<tr class=\"row-2 even\">\n\t<td class=\"column-1\">6,95 $<\/td><td class=\"column-2\">16,95 $<\/td><td class=\"column-3\">41,95 $<\/td><td class=\"column-4\">113,95 $<\/td>\n<\/tr>\n<tr class=\"row-3 odd\">\n\t<td class=\"column-1\">2,23 $ par jour<\/td><td class=\"column-2\">0,56 $ par jour<\/td><td class=\"column-3\">0,47 $ par jour<\/td><td class=\"column-4\">0,31 $ par jour<\/td>\n<\/tr>\n<\/tbody>\n<\/table>\n<!-- #tablepress-102 from cache --><\/strong><\/p>\n<p><a class=\"fasc-button fasc-size-xlarge fasc-type-glossy fasc-rounded-medium ico-fa fasc-ico-after fa-share\" style=\"background-color: #33809e; color: #ffffff;\" target=\"_blank\" rel=\"nofollow noopener noreferrer\" href=\"https:\/\/multihoster.org\/fileboom\/goto\/\">Allez sur Fileboom.me<\/a><\/p>\n<p><img loading=\"lazy\" class=\"alignnone size-full wp-image-1466\" src=\"https:\/\/multihoster.org\/wp-content\/uploads\/2018\/09\/prices-1.png\" alt=\"prices\" width=\"1152\" height=\"463\" srcset=\"https:\/\/multihoster.org\/wp-content\/uploads\/2018\/09\/prices-1.png 1152w, https:\/\/multihoster.org\/wp-content\/uploads\/2018\/09\/prices-1-300x121.png 300w, https:\/\/multihoster.org\/wp-content\/uploads\/2018\/09\/prices-1-768x309.png 768w, https:\/\/multihoster.org\/wp-content\/uploads\/2018\/09\/prices-1-1024x412.png 1024w\" sizes=\"(max-width: 1152px) 100vw, 1152px\" \/><\/p>\n<h2>Avis de confidentialit\u00e9<\/h2>\n<p>Fileboom.me offre une protection compl\u00e8te des donn\u00e9es et un traitement fiable des donn\u00e9es personnelles. Lors de votre inscription, des donn\u00e9es personnelles telles que votre adresse e-mail seront enregistr\u00e9es, ainsi que des donn\u00e9es personnelles et financi\u00e8res pour l&rsquo;achat de Fileboom Premium. Afin de pouvoir am\u00e9liorer le service, le fournisseur collecte diverses donn\u00e9es d&rsquo;utilisateur anonymes. Les cookies sont \u00e9galement utilis\u00e9s pour optimiser l&rsquo;exp\u00e9rience de l&rsquo;utilisateur.<\/p>\n<p>Afin de rendre le processus de paiement aussi s\u00fbr que possible, les processus respectifs sont crypt\u00e9s de mani\u00e8re s\u00e9curis\u00e9e.<\/p>\n<h2>Service apr\u00e8s-vente<\/h2>\n<p>Le service client Fileboom se trouve en bas de la page sous l&rsquo;onglet \u00ab\u00a0Aide\u00a0\u00bb. Arriv\u00e9 dans l&rsquo;espace client, vous trouverez la FAQ ainsi que des id\u00e9es actuelles. A droite du Customer Center, vous trouverez les options \u00ab\u00a0Contactez-nous\u00a0\u00bb et \u00ab\u00a0Donnez votre avis\u00a0\u00bb pour entrer en contact avec l&rsquo;\u00e9quipe Fileboom.<\/p>\n<h2>Facilit\u00e9 d&rsquo;utilisation<\/h2>\n<p>Le site Web est simple et clairement structur\u00e9. L&rsquo;offre de service est d\u00e9j\u00e0 clairement communiqu\u00e9e sur la page d&rsquo;accueil. Le t\u00e9l\u00e9chargement de fichiers est possible via File Upload, Flash Upload ou Remote Upload.<\/p>\n<p>Apr\u00e8s l&rsquo;ouverture de session, vous pouvez g\u00e9rer vos fichiers en haut sous l&rsquo;option \u00ab\u00a0Mes Fichiers\u00a0\u00bb &#8211; \u00e0 partir d&rsquo;ici, vous pouvez \u00e9galement t\u00e9l\u00e9charger vos fichiers. De plus, il y a l&rsquo;onglet \u00ab\u00a0Profils\u00a0\u00bb pour des informations plus d\u00e9taill\u00e9es sur votre profil ainsi que \u00ab\u00a0Premium\u00a0\u00bb et \u00ab\u00a0Gagner de l&rsquo;argent\u00a0\u00bb.<\/p>\n<h2>Les avantages d&rsquo;un compte premium avec Fileboom<\/h2>\n<p>Avec un compte Premium Fileboom, vous pouvez utiliser l&rsquo;ensemble des services du fournisseur et b\u00e9n\u00e9ficier de diverses fonctionnalit\u00e9s.<\/p>\n<p>Vous pouvez utiliser la vitesse de t\u00e9l\u00e9chargement maximale et profiter du d\u00e9marrage instantan\u00e9, de sorte que le temps d&rsquo;attente de 30 secondes est supprim\u00e9. <a href=\"https:\/\/www.heise.de\/download\/product\/free-download-manager-19323\">Download-Manager<\/a> peut \u00eatre utilis\u00e9 sans probl\u00e8me et le t\u00e9l\u00e9chargement FTP et HTTP est \u00e9galement possible. Les fichiers sont stock\u00e9s pendant 90 jours et les t\u00e9l\u00e9chargements peuvent \u00eatre interrompus ou repris \u00e0 volont\u00e9. La taille maximale des fichiers passe de 500 Mo \u00e0 5 Go et le t\u00e9l\u00e9chargement simultan\u00e9 de plusieurs fichiers est \u00e9galement possible avec le compte Premium Fileboom. Le compte premium de Fileboom peut \u00eatre pay\u00e9 de plusieurs fa\u00e7ons, mais pas avec une Paysafecard. Cependant, il est possible d&rsquo;acheter un compte Fileboom Premium avec la Paysafecard aupr\u00e8s de revendeurs de Fileboom Premium.<\/p>\n<h2>Notre conclusion sur le fournisseur Fileboom<\/h2>\n<p>Dans l&rsquo;ensemble Fileboom.me offre une offre int\u00e9ressante, qui peut d\u00e9j\u00e0 \u00eatre utilis\u00e9e avec un compte Fileboom gratuit dans une mesure limit\u00e9e. Vous pouvez profiter de toutes les fonctionnalit\u00e9s, y compris la vitesse de t\u00e9l\u00e9chargement maximale, le t\u00e9l\u00e9chargement simultan\u00e9 de plusieurs fichiers et l&rsquo;utilisation d&rsquo;un acc\u00e9l\u00e9rateur de t\u00e9l\u00e9chargement, avec le compte Fileboom Premium. Pour l&rsquo;achat d&rsquo;un compte Fileboom Premium 3 jours, 30 jours, 90 jours ou 180 jours, vous pouvez choisir parmi diff\u00e9rents fournisseurs de services de paiement, dont le paiement populaire via Paypal. Il n&rsquo;y a pas de m\u00e9thodes de paiement anonymes directement chez le fournisseur, mais vous pouvez utiliser des m\u00e9thodes de paiement comme la Paysafecard chez les revendeurs de Fileboom pour acheter un compte Premium Fileboom.<\/p>\n<p><a class=\"fasc-button fasc-size-xlarge fasc-type-glossy fasc-rounded-medium ico-fa fasc-ico-after fa-share\" style=\"background-color: #33809e; color: #ffffff;\" target=\"_blank\" rel=\"nofollow noopener noreferrer\" href=\"https:\/\/multihoster.org\/fileboom\/goto\/\">Allez sur Fileboom.me<\/a><\/p>\n","protected":false},"excerpt":{"rendered":"<p>Pour l&rsquo;h\u00e9bergeur Fileboom.me le stockage s\u00e9curis\u00e9 de vos fichiers est la priorit\u00e9 absolue. Dans le compte Fileboom, le fournisseur vous<\/p>\n","protected":false},"author":2,"featured_media":0,"parent":0,"menu_order":0,"comment_status":"closed","ping_status":"closed","template":"","meta":[],"yoast_head":"<!-- This site is optimized with the Yoast SEO plugin v18.3 - https:\/\/yoast.com\/wordpress\/plugins\/seo\/ -->\n<title>lll\u25b7 Compte Premium Fileboom s\u00e9rieux ou pas ? Test sur Multihoster.org<\/title>\n<meta name=\"description\" content=\"Souhaitez-vous recevoir des informations plus d\u00e9taill\u00e9es sur Fileboom et le compte Premium Fileboom ? Nous aimerions vous pr\u00e9senter en d\u00e9tail l&#039;h\u00e9bergeur de fichiers.\" \/>\n<meta name=\"robots\" content=\"index, follow, max-snippet:-1, max-image-preview:large, max-video-preview:-1\" \/>\n<link rel=\"canonical\" href=\"https:\/\/multihoster.org\/fr\/fileboom\/\" \/>\n<meta property=\"og:locale\" content=\"fr_FR\" \/>\n<meta property=\"og:type\" content=\"article\" \/>\n<meta property=\"og:title\" content=\"lll\u25b7 Compte Premium Fileboom s\u00e9rieux ou pas ? Test sur Multihoster.org\" \/>\n<meta property=\"og:description\" content=\"Souhaitez-vous recevoir des informations plus d\u00e9taill\u00e9es sur Fileboom et le compte Premium Fileboom ? Nous aimerions vous pr\u00e9senter en d\u00e9tail l&#039;h\u00e9bergeur de fichiers.\" \/>\n<meta property=\"og:url\" content=\"https:\/\/multihoster.org\/fr\/fileboom\/\" \/>\n<meta property=\"og:site_name\" content=\"Multihoster.org\" \/>\n<meta property=\"article:modified_time\" content=\"2019-03-18T20:22:35+00:00\" \/>\n<meta property=\"og:image\" content=\"https:\/\/multihoster.org\/wp-content\/uploads\/2018\/09\/logo-1.png\" \/>\n<meta name=\"twitter:card\" content=\"summary\" \/>\n<meta name=\"twitter:label1\" content=\"Dur\u00e9e de lecture estim\u00e9e\" \/>\n\t<meta name=\"twitter:data1\" content=\"4 minutes\" \/>\n<script type=\"application\/ld+json\" class=\"yoast-schema-graph\">{\"@context\":\"https:\/\/schema.org\",\"@graph\":[{\"@type\":\"WebSite\",\"@id\":\"https:\/\/multihoster.org\/#website\",\"url\":\"https:\/\/multihoster.org\/\",\"name\":\"Multihoster.org\",\"description\":\"Reviews of the major Filehosting services\",\"potentialAction\":[{\"@type\":\"SearchAction\",\"target\":{\"@type\":\"EntryPoint\",\"urlTemplate\":\"https:\/\/multihoster.org\/?s={search_term_string}\"},\"query-input\":\"required name=search_term_string\"}],\"inLanguage\":\"fr-FR\"},{\"@type\":\"ImageObject\",\"@id\":\"https:\/\/multihoster.org\/fr\/fileboom\/#primaryimage\",\"inLanguage\":\"fr-FR\",\"url\":\"https:\/\/multihoster.org\/wp-content\/uploads\/2018\/09\/logo-1.png\",\"contentUrl\":\"https:\/\/multihoster.org\/wp-content\/uploads\/2018\/09\/logo-1.png\",\"width\":229,\"height\":54,\"caption\":\"logo\"},{\"@type\":\"WebPage\",\"@id\":\"https:\/\/multihoster.org\/fr\/fileboom\/#webpage\",\"url\":\"https:\/\/multihoster.org\/fr\/fileboom\/\",\"name\":\"lll\u25b7 Compte Premium Fileboom s\u00e9rieux ou pas ? Test sur Multihoster.org\",\"isPartOf\":{\"@id\":\"https:\/\/multihoster.org\/#website\"},\"primaryImageOfPage\":{\"@id\":\"https:\/\/multihoster.org\/fr\/fileboom\/#primaryimage\"},\"datePublished\":\"2018-09-27T07:44:19+00:00\",\"dateModified\":\"2019-03-18T20:22:35+00:00\",\"description\":\"Souhaitez-vous recevoir des informations plus d\u00e9taill\u00e9es sur Fileboom et le compte Premium Fileboom ? Nous aimerions vous pr\u00e9senter en d\u00e9tail l'h\u00e9bergeur de fichiers.\",\"breadcrumb\":{\"@id\":\"https:\/\/multihoster.org\/fr\/fileboom\/#breadcrumb\"},\"inLanguage\":\"fr-FR\",\"potentialAction\":[{\"@type\":\"ReadAction\",\"target\":[\"https:\/\/multihoster.org\/fr\/fileboom\/\"]}]},{\"@type\":\"BreadcrumbList\",\"@id\":\"https:\/\/multihoster.org\/fr\/fileboom\/#breadcrumb\",\"itemListElement\":[{\"@type\":\"ListItem\",\"position\":1,\"name\":\"Startseite\",\"item\":\"https:\/\/multihoster.org\/fr\/\"},{\"@type\":\"ListItem\",\"position\":2,\"name\":\"Compte Premium Fileboom &#8211; L&rsquo;h\u00e9bergeur en un coup d&rsquo;\u0153il\"}]}]}<\/script>\n<!-- \/ Yoast SEO plugin. -->","yoast_head_json":{"title":"lll\u25b7 Compte Premium Fileboom s\u00e9rieux ou pas ? Test sur Multihoster.org","description":"Souhaitez-vous recevoir des informations plus d\u00e9taill\u00e9es sur Fileboom et le compte Premium Fileboom ? Nous aimerions vous pr\u00e9senter en d\u00e9tail l'h\u00e9bergeur de fichiers.","robots":{"index":"index","follow":"follow","max-snippet":"max-snippet:-1","max-image-preview":"max-image-preview:large","max-video-preview":"max-video-preview:-1"},"canonical":"https:\/\/multihoster.org\/fr\/fileboom\/","og_locale":"fr_FR","og_type":"article","og_title":"lll\u25b7 Compte Premium Fileboom s\u00e9rieux ou pas ? Test sur Multihoster.org","og_description":"Souhaitez-vous recevoir des informations plus d\u00e9taill\u00e9es sur Fileboom et le compte Premium Fileboom ? Nous aimerions vous pr\u00e9senter en d\u00e9tail l'h\u00e9bergeur de fichiers.","og_url":"https:\/\/multihoster.org\/fr\/fileboom\/","og_site_name":"Multihoster.org","article_modified_time":"2019-03-18T20:22:35+00:00","og_image":[{"url":"https:\/\/multihoster.org\/wp-content\/uploads\/2018\/09\/logo-1.png"}],"twitter_card":"summary","twitter_misc":{"Dur\u00e9e de lecture estim\u00e9e":"4 minutes"},"schema":{"@context":"https:\/\/schema.org","@graph":[{"@type":"WebSite","@id":"https:\/\/multihoster.org\/#website","url":"https:\/\/multihoster.org\/","name":"Multihoster.org","description":"Reviews of the major Filehosting services","potentialAction":[{"@type":"SearchAction","target":{"@type":"EntryPoint","urlTemplate":"https:\/\/multihoster.org\/?s={search_term_string}"},"query-input":"required name=search_term_string"}],"inLanguage":"fr-FR"},{"@type":"ImageObject","@id":"https:\/\/multihoster.org\/fr\/fileboom\/#primaryimage","inLanguage":"fr-FR","url":"https:\/\/multihoster.org\/wp-content\/uploads\/2018\/09\/logo-1.png","contentUrl":"https:\/\/multihoster.org\/wp-content\/uploads\/2018\/09\/logo-1.png","width":229,"height":54,"caption":"logo"},{"@type":"WebPage","@id":"https:\/\/multihoster.org\/fr\/fileboom\/#webpage","url":"https:\/\/multihoster.org\/fr\/fileboom\/","name":"lll\u25b7 Compte Premium Fileboom s\u00e9rieux ou pas ? Test sur Multihoster.org","isPartOf":{"@id":"https:\/\/multihoster.org\/#website"},"primaryImageOfPage":{"@id":"https:\/\/multihoster.org\/fr\/fileboom\/#primaryimage"},"datePublished":"2018-09-27T07:44:19+00:00","dateModified":"2019-03-18T20:22:35+00:00","description":"Souhaitez-vous recevoir des informations plus d\u00e9taill\u00e9es sur Fileboom et le compte Premium Fileboom ? Nous aimerions vous pr\u00e9senter en d\u00e9tail l'h\u00e9bergeur de fichiers.","breadcrumb":{"@id":"https:\/\/multihoster.org\/fr\/fileboom\/#breadcrumb"},"inLanguage":"fr-FR","potentialAction":[{"@type":"ReadAction","target":["https:\/\/multihoster.org\/fr\/fileboom\/"]}]},{"@type":"BreadcrumbList","@id":"https:\/\/multihoster.org\/fr\/fileboom\/#breadcrumb","itemListElement":[{"@type":"ListItem","position":1,"name":"Startseite","item":"https:\/\/multihoster.org\/fr\/"},{"@type":"ListItem","position":2,"name":"Compte Premium Fileboom &#8211; L&rsquo;h\u00e9bergeur en un coup d&rsquo;\u0153il"}]}]}},"_links":{"self":[{"href":"https:\/\/multihoster.org\/fr\/wp-json\/wp\/v2\/pages\/1494"}],"collection":[{"href":"https:\/\/multihoster.org\/fr\/wp-json\/wp\/v2\/pages"}],"about":[{"href":"https:\/\/multihoster.org\/fr\/wp-json\/wp\/v2\/types\/page"}],"author":[{"embeddable":true,"href":"https:\/\/multihoster.org\/fr\/wp-json\/wp\/v2\/users\/2"}],"replies":[{"embeddable":true,"href":"https:\/\/multihoster.org\/fr\/wp-json\/wp\/v2\/comments?post=1494"}],"version-history":[{"count":4,"href":"https:\/\/multihoster.org\/fr\/wp-json\/wp\/v2\/pages\/1494\/revisions"}],"predecessor-version":[{"id":2127,"href":"https:\/\/multihoster.org\/fr\/wp-json\/wp\/v2\/pages\/1494\/revisions\/2127"}],"wp:attachment":[{"href":"https:\/\/multihoster.org\/fr\/wp-json\/wp\/v2\/media?parent=1494"}],"curies":[{"name":"wp","href":"https:\/\/api.w.org\/{rel}","templated":true}]}}