{"id":1538,"date":"2018-09-28T05:48:09","date_gmt":"2018-09-28T05:48:09","guid":{"rendered":"https:\/\/multihoster.org\/?page_id=1538"},"modified":"2019-03-18T22:04:32","modified_gmt":"2019-03-18T22:04:32","slug":"filejoker","status":"publish","type":"page","link":"https:\/\/multihoster.org\/fr\/filejoker\/","title":{"rendered":"Compte Premium FileJoker &#8211; L&rsquo;h\u00e9bergeur en un coup d&rsquo;oeil"},"content":{"rendered":"<p style=\"margin: 0cm 0cm 8.0pt 0cm;\"><span style=\"font-family: 'Arial',sans-serif; color: black;\" data-darkreader-inline-color=\"\"><img loading=\"lazy\" class=\"size-medium wp-image-1456 alignleft\" src=\"https:\/\/multihoster.org\/wp-content\/uploads\/2018\/09\/logo-300x72.png\" alt=\"logo\" width=\"300\" height=\"72\" srcset=\"https:\/\/multihoster.org\/wp-content\/uploads\/2018\/09\/logo-300x72.png 300w, https:\/\/multihoster.org\/wp-content\/uploads\/2018\/09\/logo.png 419w\" sizes=\"(max-width: 300px) 100vw, 300px\" \/>Avec FileJoker, vous pouvez choisir entre une version gratuite ou payante. Tout d\u00e9pend de vos besoins, ce qui est le bon choix pour vous. Si vous souhaitez t\u00e9l\u00e9charger ou t\u00e9l\u00e9charger une grande quantit\u00e9 de donn\u00e9es avec l&rsquo;h\u00e9bergeur, il est recommand\u00e9 d&rsquo;acheter la version Premium. Le Compte Premium est \u00e9galement le bon choix si vous souhaitez acc\u00e9der rapidement aux fichiers n\u00e9cessaires sans d\u00e9lai d&rsquo;attente. Cependant, si vous n&rsquo;utilisez que rarement l&rsquo;h\u00e9bergeur et que vous n&rsquo;avez aucun probl\u00e8me de temps d&rsquo;attente, vous pouvez \u00e9galement utiliser la version gratuite.<\/span><\/p>\n\n<p><a class=\"fasc-button fasc-size-xlarge fasc-type-glossy fasc-rounded-medium ico-fa fasc-ico-after fa-share\" style=\"background-color: #247edd; color: #ffffff;\" target=\"_blank\" rel=\"nofollow noopener noreferrer\" href=\"https:\/\/multihoster.org\/filejoker\/goto\/\">Allez sur Filejoker.com<\/a><\/p>\n<h2>Caract\u00e9ristiques positives du fournisseur<\/h2>\n<ul>\n<li>Compte gratuit et service premium<\/li>\n<li>Compte Premium \u00e9tendu<\/li>\n<li>Haute s\u00e9curit\u00e9 dans la protection des donn\u00e9es<\/li>\n<li>Facilit\u00e9 d&rsquo;utilisation convaincante<\/li>\n<\/ul>\n<h3>L&rsquo;entr\u00e9e gratuite est cach\u00e9e<\/h3>\n<p style=\"margin: 0cm 0cm 8.0pt 0cm;\"><span style=\"font-family: 'Arial',sans-serif; color: black;\" data-darkreader-inline-color=\"\">Dans l&rsquo;explication du site Web FileJoker, vous trouverez les versions gratuite et enregistr\u00e9e. La version gratuite peut uniquement \u00eatre t\u00e9l\u00e9charg\u00e9e. Dans la version enregistr\u00e9e, vous pouvez t\u00e9l\u00e9charger 50 Go de donn\u00e9es. Cependant, la possibilit\u00e9 de s&rsquo;inscrire n&rsquo;est pas si facile \u00e0 trouver. Parce qu&rsquo;il n&rsquo;y a pas de bouton d&rsquo;enregistrement normal, il y a un petit d\u00e9tour ici.<\/span><\/p>\n<h3>Inscrivez-vous via l&rsquo;option revendeur<\/h3>\n<p style=\"margin: 0cm 0cm 8.0pt 0cm;\"><span style=\"font-family: 'Arial',sans-serif; color: black;\" data-darkreader-inline-color=\"\">Si vous cliquez sur Premium en haut \u00e0 droite de la page d&rsquo;accueil, vous verrez 4 offres pour 4 p\u00e9riodes &#8211; plus l&rsquo;abonnement est long, moins il est cher. Vous trouverez ci-dessous un certain nombre d&rsquo;options de paiement pour les p\u00e9riodes de r\u00e9servation respectives. Sous ces options de paiement, vous trouverez l&rsquo;option d&rsquo;acheter le compte chez l&rsquo;un des nombreux revendeurs. Si vous cliquez sur le bouton Revendeur, vous trouverez le bouton d&rsquo;enregistrement en haut \u00e0 gauche, petit \u00e0 droite.<\/span><\/p>\n<h2>Modes de paiement<\/h2>\n<p style=\"margin: 0cm 0cm 8.0pt 0cm;\"><span style=\"font-family: 'Arial',sans-serif; color: black;\" data-darkreader-inline-color=\"\">Avec le Hoster FileJoker vous pouvez payer de plusieurs fa\u00e7ons. D&rsquo;une part, les canaux habituels sont possibles via VISA et MasterCard, ainsi que la banque en ligne. D&rsquo;autre part, le site Web offre des m\u00e9thodes de paiement alternatives, o\u00f9 il est \u00e9galement possible de payer via Paysafecard. Il s&rsquo;agit notamment de CoinPayment, WebMonkey et la proc\u00e9dure de paiement par SMS. Le paiement Bitcoin est particuli\u00e8rement int\u00e9ressant, car ici vous obtenez, selon la variante de trois, dix, vingt ou 35 jours, un acc\u00e8s gratuit.<\/span><\/p>\n<p><strong>\n<table id=\"tablepress-110\" class=\"tablepress tablepress-id-110\">\n<tbody class=\"row-hover\">\n<tr class=\"row-1 odd\">\n\t<td class=\"column-1\">30 jours Prime<\/td><td class=\"column-2\">90 jours Prime<\/td><td class=\"column-3\">180 jours Prime<\/td><td class=\"column-4\">365 jours Prime<\/td>\n<\/tr>\n<tr class=\"row-2 even\">\n\t<td class=\"column-1\">14,05 $<\/td><td class=\"column-2\">34,95 $<\/td><td class=\"column-3\">59,95 $<\/td><td class=\"column-4\">89,95 $<\/td>\n<\/tr>\n<tr class=\"row-3 odd\">\n\t<td class=\"column-1\">Bonus Bitcoin 3 Jours\t<\/td><td class=\"column-2\">Bonus Bitcoin 10 Jours<\/td><td class=\"column-3\">Bonus Bitcoin 20 Jours<\/td><td class=\"column-4\">Bonus Bitcoin 35 Jours<\/td>\n<\/tr>\n<\/tbody>\n<\/table>\n<!-- #tablepress-110 from cache --><\/strong><\/p>\n<p><a class=\"fasc-button fasc-size-xlarge fasc-type-glossy fasc-rounded-medium ico-fa fasc-ico-after fa-share\" style=\"background-color: #247edd; color: #ffffff;\" target=\"_blank\" rel=\"nofollow noopener noreferrer\" href=\"https:\/\/multihoster.org\/filejoker\/goto\/\">Allez sur Filejoker.com<\/a><\/p>\n<p><img loading=\"lazy\" class=\"alignnone wp-image-1458 size-full\" src=\"https:\/\/multihoster.org\/wp-content\/uploads\/2018\/09\/prices.png\" alt=\"prices\" width=\"906\" height=\"565\" srcset=\"https:\/\/multihoster.org\/wp-content\/uploads\/2018\/09\/prices.png 906w, https:\/\/multihoster.org\/wp-content\/uploads\/2018\/09\/prices-300x187.png 300w, https:\/\/multihoster.org\/wp-content\/uploads\/2018\/09\/prices-768x479.png 768w\" sizes=\"(max-width: 906px) 100vw, 906px\" \/><\/p>\n<p><img loading=\"lazy\" class=\"alignnone wp-image-1457 size-full\" src=\"https:\/\/multihoster.org\/wp-content\/uploads\/2018\/09\/payment.png\" alt=\"payment-options\" width=\"981\" height=\"71\" srcset=\"https:\/\/multihoster.org\/wp-content\/uploads\/2018\/09\/payment.png 981w, https:\/\/multihoster.org\/wp-content\/uploads\/2018\/09\/payment-300x22.png 300w, https:\/\/multihoster.org\/wp-content\/uploads\/2018\/09\/payment-768x56.png 768w\" sizes=\"(max-width: 981px) 100vw, 981px\" \/><\/p>\n<h2>D\u00e9claration de confidentialit\u00e9<\/h2>\n<p>FileJoker a fait tout son possible pour s&rsquo;assurer que les informations que vous nous fournissez sont trait\u00e9es avec le plus grand soin et dans la plus stricte confidentialit\u00e9, comme d\u00e9crit dans la Politique de confidentialit\u00e9. Il explique comment sont utilis\u00e9es les informations que vous saisissez et les donn\u00e9es obtenues en visitant le site Web.<\/p>\n<p>D&rsquo;une part, les donn\u00e9es g\u00e9n\u00e9r\u00e9es par la visite sont stock\u00e9es de mani\u00e8re anonyme. Il s&rsquo;agit d&rsquo;informations telles que les donn\u00e9es d\u00e9mographiques ou, par exemple, le syst\u00e8me d&rsquo;exploitation et le navigateur utilis\u00e9s. D&rsquo;autre part, les donn\u00e9es fournies lors du processus de connexion sont enregistr\u00e9es. Ceci inclut l&rsquo;adresse e-mail et le mot de passe. Apr\u00e8s l&rsquo;enregistrement, toutes sortes d&rsquo;autres donn\u00e9es peuvent \u00eatre saisies, qui sont bien entendu \u00e9galement stock\u00e9es.<\/p>\n<p>Toutes ces informations sont trait\u00e9es de mani\u00e8re confidentielle, anonymis\u00e9es et crypt\u00e9es pour des raisons de s\u00e9curit\u00e9, conform\u00e9ment \u00e0 la loi. En outre, pour une meilleure utilisation du site Web, les donn\u00e9es sont stock\u00e9es au moyen de cookies, qui garantissent que l&rsquo;utilisateur n&rsquo;a pas besoin de tout saisir \u00e0 plusieurs reprises et peut travailler plus rapidement avec le site Web.<\/p>\n<p>&nbsp;<\/p>\n<h2>Service \u00e0 la client\u00e8le<\/h2>\n<p style=\"margin: 0cm 0cm 8.0pt 0cm;\"><span style=\"font-family: 'Arial',sans-serif; color: black;\" data-darkreader-inline-color=\"\">Les possibilit\u00e9s d&rsquo;entrer en contact avec le fournisseur FileJoker sont limit\u00e9es au minimum. Il s&rsquo;agit simplement d&rsquo;un formulaire de contact que vous pouvez atteindre en cliquant sur \u00ab\u00a0Contact\u00a0\u00bb en bas \u00e0 droite. Cela vous am\u00e8nera \u00e0 une page o\u00f9 vous pouvez entrer votre nom, votre adresse e-mail et un message au milieu. Ci-dessous se trouve une requ\u00eate Captcha, apr\u00e8s quoi le message peut \u00eatre envoy\u00e9.<\/span><\/p>\n<h2>Facilit\u00e9 d&rsquo;utilisation<\/h2>\n<p>Le site FileJoker est tr\u00e8s bien organis\u00e9 et facile \u00e0 utiliser apr\u00e8s l&rsquo;inscription. Toutes les informations n\u00e9cessaires sont \u00e9videntes et l&rsquo;op\u00e9ration se d\u00e9roule sans probl\u00e8me. En haut \u00e0 droite vous trouverez les onglets \u00ab\u00a0Mon compte\u00a0\u00bb, \u00ab\u00a0Mes fichiers\u00a0\u00bb et \u00ab\u00a0Premium\u00a0\u00bb. Avec ce dernier, vous pouvez augmenter la vitesse et la taille de votre espace de stockage en ligne et \u00e9viter les temps d&rsquo;attente. Pour ce faire, vous devez s\u00e9lectionner l&rsquo;un des abonnements. Sous \u00ab\u00a0Mon compte\u00a0\u00bb, vous pouvez effectuer quelques r\u00e9glages pour votre compte. La partie vraiment importante est \u00ab\u00a0Mes Fichiers\u00a0\u00bb, car ici vous pouvez facilement t\u00e9l\u00e9charger vos donn\u00e9es avec le bouton au milieu, \u00ab\u00a0T\u00e9l\u00e9chargez vos fichiers maintenant !<\/p>\n<p>Dans l&rsquo;ensemble, FileJoker marque des points avec une organisation extr\u00eamement simple et claire. Il y a tr\u00e8s peu de niveaux et tout est facile \u00e0 trouver. La plupart des op\u00e9rations peuvent \u00eatre effectu\u00e9es en seulement 2-3 clics. Tout est clairement ordonn\u00e9 et exactement comme la plupart des utilisateurs le savent d\u00e9j\u00e0 d&rsquo;autres sites Web bien connus. Il ne devrait donc gu\u00e8re y avoir de probl\u00e8mes pour les internautes.<\/p>\n<p>&nbsp;<\/p>\n<h2>Les avantages d&rsquo;un compte premium avec Filejoker<\/h2>\n<p>Le compte Filejoker Premium vous permet de maximiser la vitesse de t\u00e9l\u00e9chargement et d&rsquo;ex\u00e9cuter plusieurs t\u00e9l\u00e9chargements \u00e0 la fois. La taille maximale des fichiers \u00e0 t\u00e9l\u00e9charger et la capacit\u00e9 de stockage sont illimit\u00e9es. Il n&rsquo;y a pas de temps d&rsquo;attente ou de r\u00e9ponses captcha, et vous pouvez interrompre et reprendre les t\u00e9l\u00e9chargements, et <a href=\"https:\/\/itunes.apple.com\/us\/app\/zeus-cloud-manager\/id1275020805\" target=\"_blank\" rel=\"noopener noreferrer\">mobile App<\/a> et le soutien aux contacts.<\/p>\n<h2>Notre conclusion sur le fournisseur FileJoker<\/h2>\n<p style=\"margin: 0cm 0cm 8.0pt 0cm;\"><span style=\"font-family: 'Arial',sans-serif; color: black;\" data-darkreader-inline-color=\"\">Le fournisseur FileJoker offre une opportunit\u00e9 gratuite d&rsquo;utiliser le service, ainsi qu&rsquo;un compte premium pour une utilisation sans restriction et sans temps d&rsquo;attente. Ceci donne \u00e0 l&rsquo;utilisateur professionnel et \u00e0 l&rsquo;amateur la possibilit\u00e9 d&rsquo;utiliser le service dans des conditions \u00e9quitables. La possibilit\u00e9 de passer \u00e0 la version premium est facile \u00e0 trouver, ainsi que le paiement, qui peut \u00eatre fait de plusieurs fa\u00e7ons. Le paiement anonyme via Paysafecard n&rsquo;est pas possible directement avec Filejoker, mais avec de nombreux revendeurs Filejoker Premium. L&rsquo;op\u00e9ration est tr\u00e8s simple et intuitive, de sorte que m\u00eame les utilisateurs inexp\u00e9riment\u00e9s peuvent bien g\u00e9rer le site Web. Le FileJoker FileHoster est donc fortement recommand\u00e9 et est en tout cas un bon moyen de t\u00e9l\u00e9charger ou t\u00e9l\u00e9charger des donn\u00e9es.<\/span><\/p>\n<p><a class=\"fasc-button fasc-size-xlarge fasc-type-glossy fasc-rounded-medium ico-fa fasc-ico-after fa-share\" style=\"background-color: #247edd; color: #ffffff;\" target=\"_blank\" rel=\"nofollow noopener noreferrer\" href=\"https:\/\/multihoster.org\/filejoker\/goto\/\">Allez sur Filejoker.com<\/a><\/p>\n","protected":false},"excerpt":{"rendered":"<p>Avec FileJoker, vous pouvez choisir entre une version gratuite ou payante. Tout d\u00e9pend de vos besoins, ce qui est le<\/p>\n","protected":false},"author":2,"featured_media":0,"parent":0,"menu_order":0,"comment_status":"closed","ping_status":"closed","template":"","meta":[],"yoast_head":"<!-- This site is optimized with the Yoast SEO plugin v18.3 - https:\/\/yoast.com\/wordpress\/plugins\/seo\/ -->\n<title>lll\u25b7 Compte Premium FileJoker s\u00e9rieux ou pas ? Test sur Multihoster.org<\/title>\n<meta name=\"description\" content=\"Nous vous offrons toutes les informations importantes sur l&#039;h\u00e9bergeur de fichiers FileJoker et vous montrons quelles fonctions vous pouvez utiliser gratuitement et quelles fonctions vous pouvez utiliser moyennant des frais.\" \/>\n<meta name=\"robots\" content=\"index, follow, max-snippet:-1, max-image-preview:large, max-video-preview:-1\" \/>\n<link rel=\"canonical\" href=\"https:\/\/multihoster.org\/fr\/filejoker\/\" \/>\n<meta property=\"og:locale\" content=\"fr_FR\" \/>\n<meta property=\"og:type\" content=\"article\" \/>\n<meta property=\"og:title\" content=\"lll\u25b7 Compte Premium FileJoker s\u00e9rieux ou pas ? Test sur Multihoster.org\" \/>\n<meta property=\"og:description\" content=\"Nous vous offrons toutes les informations importantes sur l&#039;h\u00e9bergeur de fichiers FileJoker et vous montrons quelles fonctions vous pouvez utiliser gratuitement et quelles fonctions vous pouvez utiliser moyennant des frais.\" \/>\n<meta property=\"og:url\" content=\"https:\/\/multihoster.org\/fr\/filejoker\/\" \/>\n<meta property=\"og:site_name\" content=\"Multihoster.org\" \/>\n<meta property=\"article:modified_time\" content=\"2019-03-18T22:04:32+00:00\" \/>\n<meta property=\"og:image\" content=\"https:\/\/multihoster.org\/wp-content\/uploads\/2018\/09\/logo-300x72.png\" \/>\n<meta name=\"twitter:card\" content=\"summary\" \/>\n<meta name=\"twitter:label1\" content=\"Dur\u00e9e de lecture estim\u00e9e\" \/>\n\t<meta name=\"twitter:data1\" content=\"5 minutes\" \/>\n<script type=\"application\/ld+json\" class=\"yoast-schema-graph\">{\"@context\":\"https:\/\/schema.org\",\"@graph\":[{\"@type\":\"WebSite\",\"@id\":\"https:\/\/multihoster.org\/#website\",\"url\":\"https:\/\/multihoster.org\/\",\"name\":\"Multihoster.org\",\"description\":\"Reviews of the major Filehosting services\",\"potentialAction\":[{\"@type\":\"SearchAction\",\"target\":{\"@type\":\"EntryPoint\",\"urlTemplate\":\"https:\/\/multihoster.org\/?s={search_term_string}\"},\"query-input\":\"required name=search_term_string\"}],\"inLanguage\":\"fr-FR\"},{\"@type\":\"ImageObject\",\"@id\":\"https:\/\/multihoster.org\/fr\/filejoker\/#primaryimage\",\"inLanguage\":\"fr-FR\",\"url\":\"https:\/\/multihoster.org\/wp-content\/uploads\/2018\/09\/logo.png\",\"contentUrl\":\"https:\/\/multihoster.org\/wp-content\/uploads\/2018\/09\/logo.png\",\"width\":419,\"height\":100,\"caption\":\"logo\"},{\"@type\":\"WebPage\",\"@id\":\"https:\/\/multihoster.org\/fr\/filejoker\/#webpage\",\"url\":\"https:\/\/multihoster.org\/fr\/filejoker\/\",\"name\":\"lll\u25b7 Compte Premium FileJoker s\u00e9rieux ou pas ? Test sur Multihoster.org\",\"isPartOf\":{\"@id\":\"https:\/\/multihoster.org\/#website\"},\"primaryImageOfPage\":{\"@id\":\"https:\/\/multihoster.org\/fr\/filejoker\/#primaryimage\"},\"datePublished\":\"2018-09-28T05:48:09+00:00\",\"dateModified\":\"2019-03-18T22:04:32+00:00\",\"description\":\"Nous vous offrons toutes les informations importantes sur l'h\u00e9bergeur de fichiers FileJoker et vous montrons quelles fonctions vous pouvez utiliser gratuitement et quelles fonctions vous pouvez utiliser moyennant des frais.\",\"breadcrumb\":{\"@id\":\"https:\/\/multihoster.org\/fr\/filejoker\/#breadcrumb\"},\"inLanguage\":\"fr-FR\",\"potentialAction\":[{\"@type\":\"ReadAction\",\"target\":[\"https:\/\/multihoster.org\/fr\/filejoker\/\"]}]},{\"@type\":\"BreadcrumbList\",\"@id\":\"https:\/\/multihoster.org\/fr\/filejoker\/#breadcrumb\",\"itemListElement\":[{\"@type\":\"ListItem\",\"position\":1,\"name\":\"Startseite\",\"item\":\"https:\/\/multihoster.org\/fr\/\"},{\"@type\":\"ListItem\",\"position\":2,\"name\":\"Compte Premium FileJoker &#8211; L&rsquo;h\u00e9bergeur en un coup d&rsquo;oeil\"}]}]}<\/script>\n<!-- \/ Yoast SEO plugin. -->","yoast_head_json":{"title":"lll\u25b7 Compte Premium FileJoker s\u00e9rieux ou pas ? Test sur Multihoster.org","description":"Nous vous offrons toutes les informations importantes sur l'h\u00e9bergeur de fichiers FileJoker et vous montrons quelles fonctions vous pouvez utiliser gratuitement et quelles fonctions vous pouvez utiliser moyennant des frais.","robots":{"index":"index","follow":"follow","max-snippet":"max-snippet:-1","max-image-preview":"max-image-preview:large","max-video-preview":"max-video-preview:-1"},"canonical":"https:\/\/multihoster.org\/fr\/filejoker\/","og_locale":"fr_FR","og_type":"article","og_title":"lll\u25b7 Compte Premium FileJoker s\u00e9rieux ou pas ? Test sur Multihoster.org","og_description":"Nous vous offrons toutes les informations importantes sur l'h\u00e9bergeur de fichiers FileJoker et vous montrons quelles fonctions vous pouvez utiliser gratuitement et quelles fonctions vous pouvez utiliser moyennant des frais.","og_url":"https:\/\/multihoster.org\/fr\/filejoker\/","og_site_name":"Multihoster.org","article_modified_time":"2019-03-18T22:04:32+00:00","og_image":[{"url":"https:\/\/multihoster.org\/wp-content\/uploads\/2018\/09\/logo-300x72.png"}],"twitter_card":"summary","twitter_misc":{"Dur\u00e9e de lecture estim\u00e9e":"5 minutes"},"schema":{"@context":"https:\/\/schema.org","@graph":[{"@type":"WebSite","@id":"https:\/\/multihoster.org\/#website","url":"https:\/\/multihoster.org\/","name":"Multihoster.org","description":"Reviews of the major Filehosting services","potentialAction":[{"@type":"SearchAction","target":{"@type":"EntryPoint","urlTemplate":"https:\/\/multihoster.org\/?s={search_term_string}"},"query-input":"required name=search_term_string"}],"inLanguage":"fr-FR"},{"@type":"ImageObject","@id":"https:\/\/multihoster.org\/fr\/filejoker\/#primaryimage","inLanguage":"fr-FR","url":"https:\/\/multihoster.org\/wp-content\/uploads\/2018\/09\/logo.png","contentUrl":"https:\/\/multihoster.org\/wp-content\/uploads\/2018\/09\/logo.png","width":419,"height":100,"caption":"logo"},{"@type":"WebPage","@id":"https:\/\/multihoster.org\/fr\/filejoker\/#webpage","url":"https:\/\/multihoster.org\/fr\/filejoker\/","name":"lll\u25b7 Compte Premium FileJoker s\u00e9rieux ou pas ? Test sur Multihoster.org","isPartOf":{"@id":"https:\/\/multihoster.org\/#website"},"primaryImageOfPage":{"@id":"https:\/\/multihoster.org\/fr\/filejoker\/#primaryimage"},"datePublished":"2018-09-28T05:48:09+00:00","dateModified":"2019-03-18T22:04:32+00:00","description":"Nous vous offrons toutes les informations importantes sur l'h\u00e9bergeur de fichiers FileJoker et vous montrons quelles fonctions vous pouvez utiliser gratuitement et quelles fonctions vous pouvez utiliser moyennant des frais.","breadcrumb":{"@id":"https:\/\/multihoster.org\/fr\/filejoker\/#breadcrumb"},"inLanguage":"fr-FR","potentialAction":[{"@type":"ReadAction","target":["https:\/\/multihoster.org\/fr\/filejoker\/"]}]},{"@type":"BreadcrumbList","@id":"https:\/\/multihoster.org\/fr\/filejoker\/#breadcrumb","itemListElement":[{"@type":"ListItem","position":1,"name":"Startseite","item":"https:\/\/multihoster.org\/fr\/"},{"@type":"ListItem","position":2,"name":"Compte Premium FileJoker &#8211; L&rsquo;h\u00e9bergeur en un coup d&rsquo;oeil"}]}]}},"_links":{"self":[{"href":"https:\/\/multihoster.org\/fr\/wp-json\/wp\/v2\/pages\/1538"}],"collection":[{"href":"https:\/\/multihoster.org\/fr\/wp-json\/wp\/v2\/pages"}],"about":[{"href":"https:\/\/multihoster.org\/fr\/wp-json\/wp\/v2\/types\/page"}],"author":[{"embeddable":true,"href":"https:\/\/multihoster.org\/fr\/wp-json\/wp\/v2\/users\/2"}],"replies":[{"embeddable":true,"href":"https:\/\/multihoster.org\/fr\/wp-json\/wp\/v2\/comments?post=1538"}],"version-history":[{"count":4,"href":"https:\/\/multihoster.org\/fr\/wp-json\/wp\/v2\/pages\/1538\/revisions"}],"predecessor-version":[{"id":2168,"href":"https:\/\/multihoster.org\/fr\/wp-json\/wp\/v2\/pages\/1538\/revisions\/2168"}],"wp:attachment":[{"href":"https:\/\/multihoster.org\/fr\/wp-json\/wp\/v2\/media?parent=1538"}],"curies":[{"name":"wp","href":"https:\/\/api.w.org\/{rel}","templated":true}]}}