{"id":1585,"date":"2018-10-04T14:26:44","date_gmt":"2018-10-04T14:26:44","guid":{"rendered":"https:\/\/multihoster.org\/?page_id=1585"},"modified":"2018-10-04T14:26:44","modified_gmt":"2018-10-04T14:26:44","slug":"offcloud","status":"publish","type":"page","link":"https:\/\/multihoster.org\/fr\/offcloud\/","title":{"rendered":"Offcloud &#8211; Le Multihoster en un coup d&rsquo;\u0153il"},"content":{"rendered":"<p><img loading=\"lazy\" class=\"wp-image-1573 alignleft\" src=\"https:\/\/multihoster.org\/wp-content\/uploads\/2018\/10\/logo.png\" alt=\"logo\" width=\"263\" height=\"110\" srcset=\"https:\/\/multihoster.org\/wp-content\/uploads\/2018\/10\/logo.png 410w, https:\/\/multihoster.org\/wp-content\/uploads\/2018\/10\/logo-300x125.png 300w\" sizes=\"(max-width: 263px) 100vw, 263px\" \/>Le Multihoster Offcloud vous offre la possibilit\u00e9 de t\u00e9l\u00e9charger diff\u00e9rents fichiers et de t\u00e9l\u00e9charger les fichiers souhait\u00e9s dans le nuage. Vous pouvez \u00e9galement faire une sauvegarde en nuage, utiliser une API et des dizaines d&rsquo;autres outils. Vous pouvez choisir entre la version gratuite et un compte premium sur Offcloud.<\/p>\n<p style=\"margin: 20.15pt 0cm 5.95pt 0cm;\"><span style=\"font-family: 'Arial',sans-serif; color: black;\" data-darkreader-inline-color=\"\">Offcloud agit comme un gestionnaire de t\u00e9l\u00e9chargement bas\u00e9 sur le cloud qui supporte un grand nombre de sites Web et offre ainsi un service tr\u00e8s complet. Parmi les sites Web en nuage pris en charge se trouve 1Fichier, <a href=\"https:\/\/multihoster.org\/de\/rapidgator\/\" target=\"_blank\" rel=\"noopener\">Rapidgator<\/a> aussi bien que <a href=\"https:\/\/multihoster.org\/de\/filefactory\/\" target=\"_blank\" rel=\"noopener\">FileFactory<\/a> et bien plus encore. Nous supportons \u00e9galement diff\u00e9rents fournisseurs de streaming, de Soundcloud et Youtube \u00e0 Vimeo en passant par des sites \u00e9rotiques connus. Nous avons test\u00e9 et revu Offcloud. Ci-dessous vous trouverez plus d&rsquo;informations et nos exp\u00e9riences avec Offcloud.<br \/>\n<\/span><\/p>\n<h2><strong>Caract\u00e9ristiques positives du fournisseur<\/strong><\/h2>\n<ul>\n<li style=\"text-align: left;\">compte gratuit et Premium<\/li>\n<li style=\"text-align: left;\">grand choix de sites support\u00e9s<\/li>\n<li style=\"text-align: left;\">divers outils et extensions<\/li>\n<li style=\"text-align: left;\">m\u00e9thodes de paiement anonymes<\/li>\n<li style=\"text-align: left;\">Conception claire et conviviale<\/li>\n<\/ul>\n<p>&nbsp;<\/p>\n<h2 style=\"margin: 18.15pt 0cm 5.95pt 0cm;\"><span style=\"color: black;\" data-darkreader-inline-color=\"\">L&rsquo;ensemble de l&rsquo;offre Offcloud en un coup d&rsquo;\u0153il<\/span><\/h2>\n<p>Si vous voulez d&rsquo;abord tester le service Offcloud, vous pouvez cr\u00e9er un compte gratuit. Vous trouverez l&rsquo;option directement sur la page d&rsquo;accueil, o\u00f9 vous n&rsquo;avez qu&rsquo;\u00e0 entrer l&rsquo;adresse e-mail et en un seul clic l&rsquo;enregistrement est termin\u00e9. Vous recevrez alors un courriel du fournisseur et pourrez d\u00e9finir un mot de passe pour le compte.<\/p>\n<p>Si vous voulez profiter de la gamme maximale de services, vous pouvez mettre \u00e0 niveau votre compte vers un compte Premium Offcloud et fermer l&rsquo;un des quatre tarifs. Ici, vous pouvez choisir des tarifs pour une p\u00e9riode d&rsquo;un mois \u00e0 un an.<\/p>\n<p>&nbsp;<\/p>\n<h2>Offres de bonus<\/h2>\n<p style=\"margin: 18.15pt 0cm 5.95pt 0cm;\"><span style=\"font-family: 'Arial',sans-serif; color: black;\" data-darkreader-inline-color=\"\">Dans le cadre des offres de bonus, vous trouverez deux applications de cloud computing &#8211; <a href=\"https:\/\/chrome.google.com\/webstore\/detail\/offcloudcom-extension\/mhenombkbjeannffjnhcnelokhkfndch\" target=\"_blank\" rel=\"noopener\">Offcloud f\u00fcr Google Chrome<\/a> et Offcloud pour Google Drive. En outre, il existe des extensions pratiques pour le navigateur Internet, pris en charge par les navigateurs Google Chrome, Opera, Firefox et Safari et Edge. De plus, il y a deux outils d&rsquo;automatisation et trois gestionnaires de t\u00e9l\u00e9chargement de bureau. Dans l&rsquo;ensemble, Offcloud propose une large gamme d&rsquo;offres de bonus, qui peuvent m\u00eame \u00eatre utilis\u00e9es en combinaison avec le compte gratuit.<br \/>\n<\/span><\/p>\n<p>En faisant de la publicit\u00e9 pour le fournisseur et en acqu\u00e9rant de nouveaux clients, il est \u00e9galement possible d&rsquo;obtenir des pi\u00e8ces de cr\u00e9dit qui peuvent \u00eatre utilis\u00e9es pour l&rsquo;achat gratuit du compte premium. Il est \u00e9galement possible de gagner une commission directe, qui est pay\u00e9e par Paypal ou Bitcoin. Tout ce qu&rsquo;ils ont \u00e0 faire est de partager le lien de r\u00e9f\u00e9rence personnel et d&rsquo;attendre que quelqu&rsquo;un visite le site du fournisseur via votre lien et cr\u00e9er un compte.<\/p>\n<h2 style=\"margin: 15.9pt 0cm 3.95pt 0cm;\"><span style=\"color: black;\" data-darkreader-inline-color=\"\">Co\u00fbts et modes de paiement <\/span><\/h2>\n<p style=\"margin: 15.9pt 0cm 3.95pt 0cm;\"><span style=\"font-family: 'Arial',sans-serif; color: #434343;\" data-darkreader-inline-color=\"\">Pour le paiement de l&rsquo;adh\u00e9sion, vous avez plusieurs proc\u00e9dures \u00e0 votre disposition. Par exemple, vous pouvez payer par carte de cr\u00e9dit, Paypal ou Alipay. Aussi les fournisseurs de services de paiement Alipay, UnionPay et Neosurf, WebMoney et beaucoup plus sont disponibles. Si vous souhaitez payer la facture de mani\u00e8re anonyme, vous pouvez utiliser les modes de paiement Bitcoin ou Paysafe.<\/span><\/p>\n<p><strong>\n<table id=\"tablepress-118\" class=\"tablepress tablepress-id-118\">\n<thead>\n<tr class=\"row-1 odd\">\n\t<th class=\"column-1\">La bonne trousse<\/th><th class=\"column-2\">Le partenaire utile<\/th>\n<\/tr>\n<\/thead>\n<tbody class=\"row-hover\">\n<tr class=\"row-2 even\">\n\t<td class=\"column-1\">1 mois<\/td><td class=\"column-2\">1 an<\/td>\n<\/tr>\n<tr class=\"row-3 odd\">\n\t<td class=\"column-1\">9,99 $<\/td><td class=\"column-2\">59,99 $<\/td>\n<\/tr>\n<\/tbody>\n<\/table>\n<!-- #tablepress-118 from cache --><\/strong><\/p>\n<p><img loading=\"lazy\" class=\"alignnone size-full wp-image-1473\" src=\"https:\/\/multihoster.org\/wp-content\/uploads\/2018\/09\/prices-2.png\" alt=\"prices\" width=\"844\" height=\"280\" srcset=\"https:\/\/multihoster.org\/wp-content\/uploads\/2018\/09\/prices-2.png 844w, https:\/\/multihoster.org\/wp-content\/uploads\/2018\/09\/prices-2-300x100.png 300w, https:\/\/multihoster.org\/wp-content\/uploads\/2018\/09\/prices-2-768x255.png 768w\" sizes=\"(max-width: 844px) 100vw, 844px\" \/><\/p>\n<h2 style=\"margin: 18.15pt 0cm 5.95pt 0cm;\"><span style=\"color: black;\" data-darkreader-inline-color=\"\">D\u00e9claration de confidentialit\u00e9 <\/span><\/h2>\n<p>Le fournisseur Offcloud s&rsquo;engage \u00e0 traiter vos donn\u00e9es de mani\u00e8re s\u00fbre et fiable. Les donn\u00e9es personnelles, telles que l&rsquo;adresse e-mail et le nom, qui sont fournies lors de l&rsquo;inscription sont enregistr\u00e9es, entre autres choses. En outre, les donn\u00e9es d\u00e9mographiques peuvent \u00eatre utilis\u00e9es pour optimiser les processus commerciaux, qui sont transmis de mani\u00e8re anonyme sans r\u00e9f\u00e9rence directe \u00e0 la personne. Les donn\u00e9es financi\u00e8res sont utilis\u00e9es exclusivement pour les processus pr\u00e9vus. Les cookies peuvent \u00e9galement \u00eatre utilis\u00e9s pour am\u00e9liorer l&rsquo;exp\u00e9rience de l&rsquo;utilisateur.<\/p>\n<h2 style=\"margin: 18.15pt 0cm 5.95pt 0cm;\"><span style=\"color: black;\" data-darkreader-inline-color=\"\">Service \u00e0 la client\u00e8le <\/span><\/h2>\n<p style=\"margin: 18.15pt 0cm 5.95pt 0cm;\"><span style=\"font-family: 'Arial',sans-serif; color: black;\" data-darkreader-inline-color=\"\">Si vous avez des questions sur le service Offcloud, vous pouvez ouvrir un ticket dans le compte sous l&rsquo;\u00e9l\u00e9ment de menu Support. Pour ce faire, on peut d&rsquo;abord d\u00e9crire le sujet brut, puis la demande exacte. En outre, vous pouvez contacter le support Offcloud via Twitter. Avant de contacter le service client\u00e8le, vous pouvez \u00e9galement rechercher dans la FAQ ci-dessous une r\u00e9ponse appropri\u00e9e \u00e0 votre question. Gr\u00e2ce \u00e0 la vaste exp\u00e9rience d&rsquo;Offcloud, de nombreux probl\u00e8mes peuvent d\u00e9j\u00e0 \u00eatre r\u00e9solus ici.<\/span><\/p>\n<h2 style=\"margin: 18.15pt 0cm 5.95pt 0cm;\"><span style=\"color: black;\" data-darkreader-inline-color=\"\">Facilit\u00e9 d&rsquo;utilisation <\/span><\/h2>\n<p>Dans le test Offcloud peut clairement vous convaincre de la facilit\u00e9 d&rsquo;utilisation. Le site web est clairement organis\u00e9 et l&rsquo;enregistrement pour le compte gratuit se fait en quelques secondes sur la page d&rsquo;accueil. Des informations plus d\u00e9taill\u00e9es sur les prix et le service sont rapidement disponibles.<\/p>\n<p>Apr\u00e8s vous \u00eatre connect\u00e9, vous pouvez choisir entre les onglets Instantan\u00e9, Nuage et Distant sur le c\u00f4t\u00e9 gauche de la page dans le cadre des services. Sous l&rsquo;onglet Instant, vous pouvez imm\u00e9diatement diffuser en continu ou t\u00e9l\u00e9charger plusieurs fichiers, l&rsquo;onglet Nuage vous permet de stocker temporairement des fichiers sur Internet et la fonction T\u00e9l\u00e9chargement \u00e0 distance vous permet de t\u00e9l\u00e9charger tout fichier qui n\u00e9cessite uniquement la cr\u00e9ation d&rsquo;un compte distant. Sur le c\u00f4t\u00e9 gauche de votre compte, vous trouverez \u00e9galement les sous-pages Shop, Support, Compte et Applications et Affili\u00e9s. Dans l&rsquo;ensemble, notre test Offcloud montre que le service est simple et facile \u00e0 utiliser &#8211; dans l&rsquo;ensemble, nous n&rsquo;avons eu que des exp\u00e9riences positives avec le fournisseur Offcloud.<\/p>\n<h2 style=\"margin: 18.15pt 0cm 5.95pt 0cm;\"><span style=\"color: black;\" data-darkreader-inline-color=\"\">Les avantages d&rsquo;un compte premium avec Offcloud<\/span><\/h2>\n<p style=\"margin: 18.15pt 0cm 5.95pt 0cm;\"><span style=\"font-family: 'Arial',sans-serif; color: black;\" data-darkreader-inline-color=\"\">Avec un compte Premium Offcloud, vous pouvez utiliser la g\u00e9n\u00e9ration de liens de mani\u00e8re illimit\u00e9e et vous avez acc\u00e8s aux pages Premium Filehoster et aux pages de streaming vid\u00e9o. Il est \u00e9galement possible d&rsquo;utiliser des liens et des aimants BitTorrent. Vous disposez d&rsquo;une bande passante proxy illimit\u00e9e, d&rsquo;un stockage en nuage illimit\u00e9 et d&rsquo;autant de t\u00e9l\u00e9chargements \u00e0 distance que vous le souhaitez. De plus, vous avez la possibilit\u00e9 de t\u00e9l\u00e9charger les fichiers PDF et <a href=\"http:\/\/www.goer.org\/HTML\/\" target=\"_blank\" rel=\"noopener\">PocketHTML<\/a> conversion.<br \/>\n<\/span><\/p>\n<h2 style=\"margin: 18.15pt 0cm 5.95pt 0cm;\"><span style=\"color: black;\" data-darkreader-inline-color=\"\">Notre conclusion sur le fournisseur Offcloud<\/span><\/h2>\n<p style=\"margin: 18.15pt 0cm 5.95pt 0cm;\"><span style=\"font-family: 'Arial',sans-serif; color: black;\" data-darkreader-inline-color=\"\">Dans l&rsquo;ensemble, Offcloud propose une offre tr\u00e8s int\u00e9ressante et \u00e9tendue, qui peut \u00eatre test\u00e9e gratuitement. Si vous souhaitez utiliser le service complet du fournisseur, vous pouvez acheter un abonnement Premium. Pour le paiement du Compte Premium, vous avez le choix entre diff\u00e9rents modes de paiement, dont deux processus de paiement anonymes. Dans le test, le Multihoster Offcloud est tout \u00e0 fait convaincant. Le site Web est bien structur\u00e9 afin que toutes les fonctions et informations soient rapidement visibles. Vous trouverez \u00e9galement une vari\u00e9t\u00e9 d&rsquo;outils pratiques et d&rsquo;extensions. Avec le compte gratuit, vous pouvez facilement cr\u00e9er votre propre exp\u00e9rience hors nuage et, si vous le souhaitez, choisir un compte premium avec toutes les possibilit\u00e9s.<\/span><\/p>\n","protected":false},"excerpt":{"rendered":"<p>Le Multihoster Offcloud vous offre la possibilit\u00e9 de t\u00e9l\u00e9charger diff\u00e9rents fichiers et de t\u00e9l\u00e9charger les fichiers souhait\u00e9s dans le nuage.<\/p>\n","protected":false},"author":2,"featured_media":0,"parent":0,"menu_order":0,"comment_status":"closed","ping_status":"closed","template":"","meta":[],"yoast_head":"<!-- This site is optimized with the Yoast SEO plugin v18.3 - https:\/\/yoast.com\/wordpress\/plugins\/seo\/ -->\n<title>lll\u25b7 Offcloud s\u00e9rieux ou pas ? Test ++++ sur Multihoster.org<\/title>\n<meta name=\"description\" content=\"Vous vous demandez si le Multihoster Offcloud est le bon choix pour vous ? Nous avons examin\u00e9 de pr\u00e8s le fournisseur et sommes heureux de partager notre exp\u00e9rience avec vous.\" \/>\n<meta name=\"robots\" content=\"index, follow, max-snippet:-1, max-image-preview:large, max-video-preview:-1\" \/>\n<link rel=\"canonical\" href=\"https:\/\/multihoster.org\/fr\/offcloud\/\" \/>\n<meta property=\"og:locale\" content=\"fr_FR\" \/>\n<meta property=\"og:type\" content=\"article\" \/>\n<meta property=\"og:title\" content=\"lll\u25b7 Offcloud s\u00e9rieux ou pas ? Test ++++ sur Multihoster.org\" \/>\n<meta property=\"og:description\" content=\"Vous vous demandez si le Multihoster Offcloud est le bon choix pour vous ? Nous avons examin\u00e9 de pr\u00e8s le fournisseur et sommes heureux de partager notre exp\u00e9rience avec vous.\" \/>\n<meta property=\"og:url\" content=\"https:\/\/multihoster.org\/fr\/offcloud\/\" \/>\n<meta property=\"og:site_name\" content=\"Multihoster.org\" \/>\n<meta property=\"og:image\" content=\"https:\/\/multihoster.org\/wp-content\/uploads\/2018\/10\/logo.png\" \/>\n<meta name=\"twitter:card\" content=\"summary\" \/>\n<meta name=\"twitter:label1\" content=\"Dur\u00e9e de lecture estim\u00e9e\" \/>\n\t<meta name=\"twitter:data1\" content=\"6 minutes\" \/>\n<script type=\"application\/ld+json\" class=\"yoast-schema-graph\">{\"@context\":\"https:\/\/schema.org\",\"@graph\":[{\"@type\":\"WebSite\",\"@id\":\"https:\/\/multihoster.org\/#website\",\"url\":\"https:\/\/multihoster.org\/\",\"name\":\"Multihoster.org\",\"description\":\"Reviews of the major Filehosting services\",\"potentialAction\":[{\"@type\":\"SearchAction\",\"target\":{\"@type\":\"EntryPoint\",\"urlTemplate\":\"https:\/\/multihoster.org\/?s={search_term_string}\"},\"query-input\":\"required name=search_term_string\"}],\"inLanguage\":\"fr-FR\"},{\"@type\":\"ImageObject\",\"@id\":\"https:\/\/multihoster.org\/fr\/offcloud\/#primaryimage\",\"inLanguage\":\"fr-FR\",\"url\":\"https:\/\/multihoster.org\/wp-content\/uploads\/2018\/10\/logo.png\",\"contentUrl\":\"https:\/\/multihoster.org\/wp-content\/uploads\/2018\/10\/logo.png\",\"width\":410,\"height\":171,\"caption\":\"logo\"},{\"@type\":\"WebPage\",\"@id\":\"https:\/\/multihoster.org\/fr\/offcloud\/#webpage\",\"url\":\"https:\/\/multihoster.org\/fr\/offcloud\/\",\"name\":\"lll\u25b7 Offcloud s\u00e9rieux ou pas ? Test ++++ sur Multihoster.org\",\"isPartOf\":{\"@id\":\"https:\/\/multihoster.org\/#website\"},\"primaryImageOfPage\":{\"@id\":\"https:\/\/multihoster.org\/fr\/offcloud\/#primaryimage\"},\"datePublished\":\"2018-10-04T14:26:44+00:00\",\"dateModified\":\"2018-10-04T14:26:44+00:00\",\"description\":\"Vous vous demandez si le Multihoster Offcloud est le bon choix pour vous ? Nous avons examin\u00e9 de pr\u00e8s le fournisseur et sommes heureux de partager notre exp\u00e9rience avec vous.\",\"breadcrumb\":{\"@id\":\"https:\/\/multihoster.org\/fr\/offcloud\/#breadcrumb\"},\"inLanguage\":\"fr-FR\",\"potentialAction\":[{\"@type\":\"ReadAction\",\"target\":[\"https:\/\/multihoster.org\/fr\/offcloud\/\"]}]},{\"@type\":\"BreadcrumbList\",\"@id\":\"https:\/\/multihoster.org\/fr\/offcloud\/#breadcrumb\",\"itemListElement\":[{\"@type\":\"ListItem\",\"position\":1,\"name\":\"Startseite\",\"item\":\"https:\/\/multihoster.org\/fr\/\"},{\"@type\":\"ListItem\",\"position\":2,\"name\":\"Offcloud &#8211; Le Multihoster en un coup d&rsquo;\u0153il\"}]}]}<\/script>\n<!-- \/ Yoast SEO plugin. -->","yoast_head_json":{"title":"lll\u25b7 Offcloud s\u00e9rieux ou pas ? Test ++++ sur Multihoster.org","description":"Vous vous demandez si le Multihoster Offcloud est le bon choix pour vous ? Nous avons examin\u00e9 de pr\u00e8s le fournisseur et sommes heureux de partager notre exp\u00e9rience avec vous.","robots":{"index":"index","follow":"follow","max-snippet":"max-snippet:-1","max-image-preview":"max-image-preview:large","max-video-preview":"max-video-preview:-1"},"canonical":"https:\/\/multihoster.org\/fr\/offcloud\/","og_locale":"fr_FR","og_type":"article","og_title":"lll\u25b7 Offcloud s\u00e9rieux ou pas ? Test ++++ sur Multihoster.org","og_description":"Vous vous demandez si le Multihoster Offcloud est le bon choix pour vous ? Nous avons examin\u00e9 de pr\u00e8s le fournisseur et sommes heureux de partager notre exp\u00e9rience avec vous.","og_url":"https:\/\/multihoster.org\/fr\/offcloud\/","og_site_name":"Multihoster.org","og_image":[{"url":"https:\/\/multihoster.org\/wp-content\/uploads\/2018\/10\/logo.png"}],"twitter_card":"summary","twitter_misc":{"Dur\u00e9e de lecture estim\u00e9e":"6 minutes"},"schema":{"@context":"https:\/\/schema.org","@graph":[{"@type":"WebSite","@id":"https:\/\/multihoster.org\/#website","url":"https:\/\/multihoster.org\/","name":"Multihoster.org","description":"Reviews of the major Filehosting services","potentialAction":[{"@type":"SearchAction","target":{"@type":"EntryPoint","urlTemplate":"https:\/\/multihoster.org\/?s={search_term_string}"},"query-input":"required name=search_term_string"}],"inLanguage":"fr-FR"},{"@type":"ImageObject","@id":"https:\/\/multihoster.org\/fr\/offcloud\/#primaryimage","inLanguage":"fr-FR","url":"https:\/\/multihoster.org\/wp-content\/uploads\/2018\/10\/logo.png","contentUrl":"https:\/\/multihoster.org\/wp-content\/uploads\/2018\/10\/logo.png","width":410,"height":171,"caption":"logo"},{"@type":"WebPage","@id":"https:\/\/multihoster.org\/fr\/offcloud\/#webpage","url":"https:\/\/multihoster.org\/fr\/offcloud\/","name":"lll\u25b7 Offcloud s\u00e9rieux ou pas ? Test ++++ sur Multihoster.org","isPartOf":{"@id":"https:\/\/multihoster.org\/#website"},"primaryImageOfPage":{"@id":"https:\/\/multihoster.org\/fr\/offcloud\/#primaryimage"},"datePublished":"2018-10-04T14:26:44+00:00","dateModified":"2018-10-04T14:26:44+00:00","description":"Vous vous demandez si le Multihoster Offcloud est le bon choix pour vous ? Nous avons examin\u00e9 de pr\u00e8s le fournisseur et sommes heureux de partager notre exp\u00e9rience avec vous.","breadcrumb":{"@id":"https:\/\/multihoster.org\/fr\/offcloud\/#breadcrumb"},"inLanguage":"fr-FR","potentialAction":[{"@type":"ReadAction","target":["https:\/\/multihoster.org\/fr\/offcloud\/"]}]},{"@type":"BreadcrumbList","@id":"https:\/\/multihoster.org\/fr\/offcloud\/#breadcrumb","itemListElement":[{"@type":"ListItem","position":1,"name":"Startseite","item":"https:\/\/multihoster.org\/fr\/"},{"@type":"ListItem","position":2,"name":"Offcloud &#8211; Le Multihoster en un coup d&rsquo;\u0153il"}]}]}},"_links":{"self":[{"href":"https:\/\/multihoster.org\/fr\/wp-json\/wp\/v2\/pages\/1585"}],"collection":[{"href":"https:\/\/multihoster.org\/fr\/wp-json\/wp\/v2\/pages"}],"about":[{"href":"https:\/\/multihoster.org\/fr\/wp-json\/wp\/v2\/types\/page"}],"author":[{"embeddable":true,"href":"https:\/\/multihoster.org\/fr\/wp-json\/wp\/v2\/users\/2"}],"replies":[{"embeddable":true,"href":"https:\/\/multihoster.org\/fr\/wp-json\/wp\/v2\/comments?post=1585"}],"version-history":[{"count":2,"href":"https:\/\/multihoster.org\/fr\/wp-json\/wp\/v2\/pages\/1585\/revisions"}],"predecessor-version":[{"id":1589,"href":"https:\/\/multihoster.org\/fr\/wp-json\/wp\/v2\/pages\/1585\/revisions\/1589"}],"wp:attachment":[{"href":"https:\/\/multihoster.org\/fr\/wp-json\/wp\/v2\/media?parent=1585"}],"curies":[{"name":"wp","href":"https:\/\/api.w.org\/{rel}","templated":true}]}}