{"id":1636,"date":"2018-10-04T13:09:36","date_gmt":"2018-10-04T13:09:36","guid":{"rendered":"https:\/\/multihoster.org\/?page_id=1636"},"modified":"2020-06-05T15:50:01","modified_gmt":"2020-06-05T15:50:01","slug":"alfafile","status":"publish","type":"page","link":"https:\/\/multihoster.org\/fr\/alfafile\/","title":{"rendered":"Alfafile Premium Account &#8211; L&rsquo;h\u00e9bergeur de fichiers en un coup d&rsquo;\u0153il"},"content":{"rendered":"\n<p>Nous ne sommes ni affili\u00e9s, ni associ\u00e9s, ni autoris\u00e9s, ni cautionn\u00e9s par Alfafile.net, ni officiellement li\u00e9s \u00e0 ce dernier<\/p>\n\n\n<p><span lang=\"DE\" style=\"font-family: 'Arial','sans-serif'; color: black;\" data-darkreader-inline-color=\"\"><img loading=\"lazy\" class=\"wp-image-4766 alignleft\" src=\"https:\/\/multihoster.org\/wp-content\/uploads\/2020\/06\/alfafile_logo.png\" alt=\"\" width=\"293\" height=\"75\" srcset=\"https:\/\/multihoster.org\/wp-content\/uploads\/2020\/06\/alfafile_logo.png 414w, https:\/\/multihoster.org\/wp-content\/uploads\/2020\/06\/alfafile_logo-300x77.png 300w\" sizes=\"(max-width: 293px) 100vw, 293px\" \/><\/span>Alfafile est actif dans l&rsquo;industrie depuis 2014 et a \u00e9t\u00e9 en mesure d&rsquo;offrir ce service exclusif \u00e0 de nombreux visiteurs depuis lors. Les utilisateurs peuvent t\u00e9l\u00e9charger et enregistrer des fichiers et t\u00e9l\u00e9charger diverses donn\u00e9es sur la plate-forme.<\/p>\n<p>De plus, il y a un gestionnaire de fichiers convivial et une vitesse de t\u00e9l\u00e9chargement maximale dans le compte Alfafile Premium.<\/p>\n<p>Le fournisseur s&rsquo;engage \u00e0 prot\u00e9ger int\u00e9gralement les droits et les informations personnelles de l&rsquo;utilisateur et d\u00e9veloppe constamment ses technologies pour fournir un excellent service.<\/p>\n<p><img loading=\"lazy\" class=\"alignnone size-full wp-image-4757\" src=\"https:\/\/multihoster.org\/wp-content\/uploads\/2020\/06\/alfafile_site.png\" alt=\"alfafile site\" width=\"770\" height=\"510\" srcset=\"https:\/\/multihoster.org\/wp-content\/uploads\/2020\/06\/alfafile_site.png 770w, https:\/\/multihoster.org\/wp-content\/uploads\/2020\/06\/alfafile_site-300x199.png 300w, https:\/\/multihoster.org\/wp-content\/uploads\/2020\/06\/alfafile_site-768x509.png 768w\" sizes=\"(max-width: 770px) 100vw, 770px\" \/><\/p>\n<a class=\"maxbutton-1 maxbutton maxbutton-x\" target=\"_blank\" rel=\"nofollow noopener\" href=\"\/alfafile\/goto\/\"><span class='mb-text'>Acheter un compte premium<\/span><\/a>\n<p>\u00a0<\/p>\n\n<h2><span lang=\"DE\">Caract\u00e9ristiques positives du fournisseur<\/span><\/h2>\n<ul>\n<li>Gratuit et contre paiement<\/li>\n<li>Un service haut de gamme \u00e9tendu<\/li>\n<li>Traitement confidentiel des donn\u00e9es<\/li>\n<li>Interface utilisateur claire<\/li>\n<\/ul>\n<h2><span lang=\"DE\">La gamme compl\u00e8te Alfafile en un coup d&rsquo;\u0153il<\/span><\/h2>\n<p style=\"margin: 18.0pt 0cm 6.0pt 0cm;\"><span lang=\"DE\" style=\"font-family: 'Arial','sans-serif'; color: black;\" data-darkreader-inline-color=\"\">Alfafile vous offre un compte gratuit et le compte Alfafile Premium. Bien que vous ne puissiez utiliser et tester le service que dans une mesure limit\u00e9e avec le compte Alfafile Premium gratuit, toutes les fonctionnalit\u00e9s sont disponibles avec Alfafile Premium. En plus de la vitesse de t\u00e9l\u00e9chargement maximale et de la possibilit\u00e9 de d\u00e9marrer plusieurs t\u00e9l\u00e9chargements en m\u00eame temps, vous pouvez utiliser de nombreuses fonctions suppl\u00e9mentaires dans le compte Alfafile Premium.<\/span><\/p>\n<h2><span lang=\"DE\">Offres de bonus<\/span><\/h2>\n<p style=\"margin: 18.0pt 0cm 6.0pt 0cm;\"><span lang=\"DE\" style=\"font-family: 'Arial','sans-serif'; color: black;\" data-darkreader-inline-color=\"\">Pour tous ceux qui appr\u00e9cient et veulent transmettre le service Alfafile, il y a le programme de partenariat. Ici, vous pouvez annoncer l&rsquo;offre Alfafile Premium avec un lien de parrainage individuel et recevoir une commission attractive allant jusqu&rsquo;\u00e0 50% sur le prix de vente lors de l&rsquo;enregistrement d&rsquo;un nouvel utilisateur.<\/span><\/p>\n<h2 style=\"margin: 16.0pt 0cm 4.0pt 0cm;\"><span lang=\"DE\" style=\"font-size: 16pt; font-family: 'Arial', 'sans-serif'; color: black;\" data-darkreader-inline-color=\"\">Co\u00fbts et modes de paiement<\/span><\/h2>\n<p style=\"margin: 0cm 0cm 12.0pt 0cm;\"><span lang=\"DE\" style=\"font-size: 11.0pt; font-family: 'Arial','sans-serif'; color: black;\" data-darkreader-inline-color=\"\">Pour le paiement du compte Alfafile Premium, vous avez relativement peu d&rsquo;options parmi lesquelles choisir. Le paiement est possible via VISA, Bitcoin, Bitcoin Cash et PAYPASSION. Si vous pr\u00e9f\u00e9rez un autre mode de paiement, vous pouvez acheter Alfafile Premium chez l&rsquo;un des nombreux revendeurs. Plusieurs autres proc\u00e9dures sont possibles ici &#8211; de Webmoney \u00e0 AmazonPayments et cartes de d\u00e9bit \u00e0 MasterCard et American Express.<\/span><\/p>\n<p><strong>\n<table id=\"tablepress-127\" class=\"tablepress tablepress-id-127\">\n<tbody class=\"row-hover\">\n<tr class=\"row-1 odd\">\n\t<td class=\"column-1\">30 jours Prime<\/td><td class=\"column-2\">30 jours Prime<\/td><td class=\"column-3\">30 jours Prime<\/td><td class=\"column-4\">30 jours Prime<\/td>\n<\/tr>\n<tr class=\"row-2 even\">\n\t<td class=\"column-1\">14,99 $<\/td><td class=\"column-2\">34,99 $<\/td><td class=\"column-3\">49,99 $<\/td><td class=\"column-4\">89.99 $<\/td>\n<\/tr>\n<tr class=\"row-3 odd\">\n\t<td class=\"column-1\">1 To de bande passante<\/td><td class=\"column-2\">3 To de bande passante<\/td><td class=\"column-3\">6 To de bande passante<\/td><td class=\"column-4\">12 To de bande passante<\/td>\n<\/tr>\n<tr class=\"row-4 even\">\n\t<td class=\"column-1\">1 To de stockage<\/td><td class=\"column-2\">1 To de stockage<\/td><td class=\"column-3\">5 To de stockage<\/td><td class=\"column-4\">10 To de stockage<\/td>\n<\/tr>\n<\/tbody>\n<\/table>\n<!-- #tablepress-127 from cache --><\/strong><\/p>\n<a class=\"maxbutton-1 maxbutton maxbutton-x\" target=\"_blank\" rel=\"nofollow noopener\" href=\"\/alfafile\/goto\/\"><span class='mb-text'>Acheter un compte premium<\/span><\/a>\n<h2><span lang=\"DE\">D\u00e9claration de confidentialit\u00e9<\/span><\/h2>\n<p>Dans le cadre du stockage actif, Alfafile stocke des donn\u00e9es telles que le nom, l&rsquo;adresse e-mail, la date de naissance et toute autre information que l&rsquo;utilisateur envoie \u00e0 l&rsquo;h\u00f4te du fichier dans le cadre de l&rsquo;offre.<\/p>\n<p>De plus, certaines donn\u00e9es sont collect\u00e9es passivement lors de l&rsquo;utilisation du service Alfafile. Cela inclut l&rsquo;adresse IP et les journaux du serveur. Des cookies sont \u00e9galement utilis\u00e9s, qui am\u00e9liorent l&rsquo;exp\u00e9rience de l&rsquo;utilisateur et sont adapt\u00e9s individuellement \u00e0 l&rsquo;utilisateur.<\/p>\n<h2><span lang=\"DE\">Service apr\u00e8s-vente<\/span><\/h2>\n<p style=\"margin: 18.0pt 0cm 6.0pt 0cm;\"><span lang=\"DE\" style=\"font-size: 11.0pt; font-family: 'Arial','sans-serif'; color: black;\" data-darkreader-inline-color=\"\">Apr\u00e8s l&rsquo;enregistrement, vous acc\u00e9dez au support en cliquant sur l&rsquo;ic\u00f4ne du menu en haut \u00e0 droite et ensuite sur le sous-menu \u00ab\u00a0Support\u00a0\u00bb. Ici, vous pouvez d\u00e9crire votre adresse e-mail, l&rsquo;objet et la demande individuelle et envoyer le message apr\u00e8s la r\u00e9ponse captcha.<\/span><\/p>\n<p><img loading=\"lazy\" class=\"alignnone  wp-image-4785\" src=\"https:\/\/multihoster.org\/wp-content\/uploads\/2020\/06\/alfafile_login-1.png\" alt=\"alfafile_login\" width=\"571\" height=\"366\" srcset=\"https:\/\/multihoster.org\/wp-content\/uploads\/2020\/06\/alfafile_login-1.png 765w, https:\/\/multihoster.org\/wp-content\/uploads\/2020\/06\/alfafile_login-1-300x192.png 300w\" sizes=\"(max-width: 571px) 100vw, 571px\" \/><\/p>\n<h2><span lang=\"DE\">Facilit\u00e9 d&rsquo;utilisation<\/span><\/h2>\n<p>Le Filehoster Alfafile convainc par son interface utilisateur particuli\u00e8rement claire et simple.<\/p>\n<p>Sur la page d&rsquo;accueil, l&rsquo;offre Alfafile est pr\u00e9sent\u00e9e sous forme d&rsquo;images faciles \u00e0 comprendre, tandis qu&rsquo;en haut de la page, vous trouverez les options d&rsquo;inscription, de connexion et d&rsquo;achat du compte premium. En outre, il y a les onglets \u00ab\u00a0Programme d&rsquo;affiliation\u00a0\u00bb pour tous ceux qui veulent faire de la publicit\u00e9 pour Alfafile Premium, \u00ab\u00a0Nouvelles\u00a0\u00bb pour les nouvelles du fournisseur et la zone de questions et r\u00e9ponses, une pr\u00e9sentation de l&rsquo;entreprise et l&rsquo;\u00e9l\u00e9ment de menu pour le support.<\/p>\n<p>Apr\u00e8s vous \u00eatre connect\u00e9, vous pouvez \u00e9galement s\u00e9lectionner les fonctions \u00ab\u00a0Mes fichiers\u00a0\u00bb, \u00ab\u00a0Compte\u00a0\u00bb et \u00ab\u00a0Premium\u00a0\u00bb. Sous l&rsquo;onglet \u00ab\u00a0Mes fichiers\u00a0\u00bb, vous pouvez t\u00e9l\u00e9charger vos fichiers, les g\u00e9rer clairement et, si vous le souhaitez, partager un dossier avec d&rsquo;autres utilisateurs. Cliquez sur \u00ab\u00a0Compte\u00a0\u00bb pour ajouter les rubriques de menu \u00ab\u00a0Paiements\u00a0\u00bb, \u00ab\u00a0Statistiques\u00a0\u00bb, \u00ab\u00a0Fichiers supprim\u00e9s\u00a0\u00bb et \u00ab\u00a0Profils distants\u00a0\u00bb. Les onglets \u00ab\u00a0T\u00e9l\u00e9chargements uniques\u00a0\u00bb, \u00ab\u00a0S\u00e9curit\u00e9 et protection des donn\u00e9es\u00a0\u00bb et \u00ab\u00a0Options de t\u00e9l\u00e9chargement\u00a0\u00bb sont accessibles uniquement aux titulaires d&rsquo;un compte Alfafile Premium. Le compte gratuit offre un volume de stockage de 3 To et une bande passante de 2 Go.<\/p>\n<h2><span lang=\"DE\">Les avantages d&rsquo;un compte premium avec AlfaFile<\/span><\/h2>\n<p style=\"margin: 18.0pt 0cm 6.0pt 0cm;\"><span lang=\"DE\" style=\"font-size: 11.0pt; font-family: 'Arial','sans-serif'; color: black;\" data-darkreader-inline-color=\"\">Vous pouvez choisir parmi un total de quatre forfaits pour acheter le service Premium. Vous b\u00e9n\u00e9ficiez de diverses fonctionnalit\u00e9s, dont une vitesse de t\u00e9l\u00e9chargement maximale. Il est \u00e9galement possible de t\u00e9l\u00e9charger plusieurs t\u00e9l\u00e9chargements en m\u00eame temps. Vous avez des liens directs vers des fichiers, plus besoin d&rsquo;attendre les files d&rsquo;attente de t\u00e9l\u00e9chargement, et profitez de la fonction d&rsquo;annonces gratuites. Alfafile Premium augmente la taille maximale des fichiers t\u00e9l\u00e9charg\u00e9s et t\u00e9l\u00e9charg\u00e9s \u00e0 20 Go &#8211; c&rsquo;est l\u00e0 que le fournisseur se distingue clairement des autres h\u00f4tes de fichiers, qui n&rsquo;autorisent souvent qu&rsquo;une taille maximale de fichier de 5-10 Go par t\u00e9l\u00e9chargement.<\/span><\/p>\n<p><img loading=\"lazy\" class=\"alignnone size-full wp-image-4794\" src=\"https:\/\/multihoster.org\/wp-content\/uploads\/2020\/06\/alfafile_review.png\" alt=\"\" width=\"571\" height=\"428\" srcset=\"https:\/\/multihoster.org\/wp-content\/uploads\/2020\/06\/alfafile_review.png 571w, https:\/\/multihoster.org\/wp-content\/uploads\/2020\/06\/alfafile_review-300x225.png 300w\" sizes=\"(max-width: 571px) 100vw, 571px\" \/><\/p>\n<h2>Notre conclusion sur le fournisseur Alfafile<\/h2>\n<p style=\"margin: 18.0pt 0cm 6.0pt 0cm;\"><span lang=\"DE\" style=\"font-size: 11.0pt; font-family: 'Arial','sans-serif'; color: black;\" data-darkreader-inline-color=\"\">Enfin, nous pouvons recommander le fournisseur Alfafile comme option int\u00e9ressante pour l&rsquo;h\u00e9bergement et le t\u00e9l\u00e9chargement de fichiers. Le Filehoster offre une protection compl\u00e8te des donn\u00e9es, une interface utilisateur conviviale et des fonctions pr\u00e9cieuses dans le compte Premium. L&rsquo;offre d&rsquo;Alfafile est gratuite dans une mesure limit\u00e9e, si vous souhaitez utiliser le maximum de fonctions, vous pouvez acheter Alfafile Premium.<\/span><\/p>\n<a class=\"maxbutton-1 maxbutton maxbutton-x\" target=\"_blank\" rel=\"nofollow noopener\" href=\"\/alfafile\/goto\/\"><span class='mb-text'>Acheter un compte premium<\/span><\/a>","protected":false},"excerpt":{"rendered":"<p>Nous ne sommes ni affili\u00e9s, ni associ\u00e9s, ni autoris\u00e9s, ni cautionn\u00e9s par Alfafile.net, ni officiellement li\u00e9s \u00e0 ce dernier Alfafile<\/p>\n","protected":false},"author":2,"featured_media":0,"parent":0,"menu_order":0,"comment_status":"closed","ping_status":"closed","template":"","meta":[],"yoast_head":"<!-- This site is optimized with the Yoast SEO plugin v18.3 - https:\/\/yoast.com\/wordpress\/plugins\/seo\/ -->\n<title>lll\u25b7 Alfafile Premium Compte s\u00e9rieux ou pas ? Test sur Multihoster.org<\/title>\n<meta name=\"description\" content=\"Le Filehoster Alfafile offre un compte gratuit et int\u00e9ressant ainsi que le compte Premium Alfafile. Nous vous pr\u00e9sentons l&#039;offre en d\u00e9tail.\" \/>\n<meta name=\"robots\" content=\"index, follow, max-snippet:-1, max-image-preview:large, max-video-preview:-1\" \/>\n<link rel=\"canonical\" href=\"https:\/\/multihoster.org\/fr\/alfafile\/\" \/>\n<meta property=\"og:locale\" content=\"fr_FR\" \/>\n<meta property=\"og:type\" content=\"article\" \/>\n<meta property=\"og:title\" content=\"lll\u25b7 Alfafile Premium Compte s\u00e9rieux ou pas ? Test sur Multihoster.org\" \/>\n<meta property=\"og:description\" content=\"Le Filehoster Alfafile offre un compte gratuit et int\u00e9ressant ainsi que le compte Premium Alfafile. Nous vous pr\u00e9sentons l&#039;offre en d\u00e9tail.\" \/>\n<meta property=\"og:url\" content=\"https:\/\/multihoster.org\/fr\/alfafile\/\" \/>\n<meta property=\"og:site_name\" content=\"Multihoster.org\" \/>\n<meta property=\"article:modified_time\" content=\"2020-06-05T15:50:01+00:00\" \/>\n<meta property=\"og:image\" content=\"https:\/\/multihoster.org\/wp-content\/uploads\/2020\/06\/alfafile_logo.png\" \/>\n<meta name=\"twitter:card\" content=\"summary\" \/>\n<meta name=\"twitter:label1\" content=\"Dur\u00e9e de lecture estim\u00e9e\" \/>\n\t<meta name=\"twitter:data1\" content=\"5 minutes\" \/>\n<script type=\"application\/ld+json\" class=\"yoast-schema-graph\">{\"@context\":\"https:\/\/schema.org\",\"@graph\":[{\"@type\":\"WebSite\",\"@id\":\"https:\/\/multihoster.org\/#website\",\"url\":\"https:\/\/multihoster.org\/\",\"name\":\"Multihoster.org\",\"description\":\"Reviews of the major Filehosting services\",\"potentialAction\":[{\"@type\":\"SearchAction\",\"target\":{\"@type\":\"EntryPoint\",\"urlTemplate\":\"https:\/\/multihoster.org\/?s={search_term_string}\"},\"query-input\":\"required name=search_term_string\"}],\"inLanguage\":\"fr-FR\"},{\"@type\":\"ImageObject\",\"@id\":\"https:\/\/multihoster.org\/fr\/alfafile\/#primaryimage\",\"inLanguage\":\"fr-FR\",\"url\":\"https:\/\/multihoster.org\/wp-content\/uploads\/2020\/06\/alfafile_logo.png\",\"contentUrl\":\"https:\/\/multihoster.org\/wp-content\/uploads\/2020\/06\/alfafile_logo.png\",\"width\":414,\"height\":106},{\"@type\":\"WebPage\",\"@id\":\"https:\/\/multihoster.org\/fr\/alfafile\/#webpage\",\"url\":\"https:\/\/multihoster.org\/fr\/alfafile\/\",\"name\":\"lll\u25b7 Alfafile Premium Compte s\u00e9rieux ou pas ? Test sur Multihoster.org\",\"isPartOf\":{\"@id\":\"https:\/\/multihoster.org\/#website\"},\"primaryImageOfPage\":{\"@id\":\"https:\/\/multihoster.org\/fr\/alfafile\/#primaryimage\"},\"datePublished\":\"2018-10-04T13:09:36+00:00\",\"dateModified\":\"2020-06-05T15:50:01+00:00\",\"description\":\"Le Filehoster Alfafile offre un compte gratuit et int\u00e9ressant ainsi que le compte Premium Alfafile. Nous vous pr\u00e9sentons l'offre en d\u00e9tail.\",\"breadcrumb\":{\"@id\":\"https:\/\/multihoster.org\/fr\/alfafile\/#breadcrumb\"},\"inLanguage\":\"fr-FR\",\"potentialAction\":[{\"@type\":\"ReadAction\",\"target\":[\"https:\/\/multihoster.org\/fr\/alfafile\/\"]}]},{\"@type\":\"BreadcrumbList\",\"@id\":\"https:\/\/multihoster.org\/fr\/alfafile\/#breadcrumb\",\"itemListElement\":[{\"@type\":\"ListItem\",\"position\":1,\"name\":\"Startseite\",\"item\":\"https:\/\/multihoster.org\/fr\/\"},{\"@type\":\"ListItem\",\"position\":2,\"name\":\"Alfafile Premium Account &#8211; L&rsquo;h\u00e9bergeur de fichiers en un coup d&rsquo;\u0153il\"}]}]}<\/script>\n<!-- \/ Yoast SEO plugin. -->","yoast_head_json":{"title":"lll\u25b7 Alfafile Premium Compte s\u00e9rieux ou pas ? Test sur Multihoster.org","description":"Le Filehoster Alfafile offre un compte gratuit et int\u00e9ressant ainsi que le compte Premium Alfafile. Nous vous pr\u00e9sentons l'offre en d\u00e9tail.","robots":{"index":"index","follow":"follow","max-snippet":"max-snippet:-1","max-image-preview":"max-image-preview:large","max-video-preview":"max-video-preview:-1"},"canonical":"https:\/\/multihoster.org\/fr\/alfafile\/","og_locale":"fr_FR","og_type":"article","og_title":"lll\u25b7 Alfafile Premium Compte s\u00e9rieux ou pas ? Test sur Multihoster.org","og_description":"Le Filehoster Alfafile offre un compte gratuit et int\u00e9ressant ainsi que le compte Premium Alfafile. Nous vous pr\u00e9sentons l'offre en d\u00e9tail.","og_url":"https:\/\/multihoster.org\/fr\/alfafile\/","og_site_name":"Multihoster.org","article_modified_time":"2020-06-05T15:50:01+00:00","og_image":[{"url":"https:\/\/multihoster.org\/wp-content\/uploads\/2020\/06\/alfafile_logo.png"}],"twitter_card":"summary","twitter_misc":{"Dur\u00e9e de lecture estim\u00e9e":"5 minutes"},"schema":{"@context":"https:\/\/schema.org","@graph":[{"@type":"WebSite","@id":"https:\/\/multihoster.org\/#website","url":"https:\/\/multihoster.org\/","name":"Multihoster.org","description":"Reviews of the major Filehosting services","potentialAction":[{"@type":"SearchAction","target":{"@type":"EntryPoint","urlTemplate":"https:\/\/multihoster.org\/?s={search_term_string}"},"query-input":"required name=search_term_string"}],"inLanguage":"fr-FR"},{"@type":"ImageObject","@id":"https:\/\/multihoster.org\/fr\/alfafile\/#primaryimage","inLanguage":"fr-FR","url":"https:\/\/multihoster.org\/wp-content\/uploads\/2020\/06\/alfafile_logo.png","contentUrl":"https:\/\/multihoster.org\/wp-content\/uploads\/2020\/06\/alfafile_logo.png","width":414,"height":106},{"@type":"WebPage","@id":"https:\/\/multihoster.org\/fr\/alfafile\/#webpage","url":"https:\/\/multihoster.org\/fr\/alfafile\/","name":"lll\u25b7 Alfafile Premium Compte s\u00e9rieux ou pas ? Test sur Multihoster.org","isPartOf":{"@id":"https:\/\/multihoster.org\/#website"},"primaryImageOfPage":{"@id":"https:\/\/multihoster.org\/fr\/alfafile\/#primaryimage"},"datePublished":"2018-10-04T13:09:36+00:00","dateModified":"2020-06-05T15:50:01+00:00","description":"Le Filehoster Alfafile offre un compte gratuit et int\u00e9ressant ainsi que le compte Premium Alfafile. Nous vous pr\u00e9sentons l'offre en d\u00e9tail.","breadcrumb":{"@id":"https:\/\/multihoster.org\/fr\/alfafile\/#breadcrumb"},"inLanguage":"fr-FR","potentialAction":[{"@type":"ReadAction","target":["https:\/\/multihoster.org\/fr\/alfafile\/"]}]},{"@type":"BreadcrumbList","@id":"https:\/\/multihoster.org\/fr\/alfafile\/#breadcrumb","itemListElement":[{"@type":"ListItem","position":1,"name":"Startseite","item":"https:\/\/multihoster.org\/fr\/"},{"@type":"ListItem","position":2,"name":"Alfafile Premium Account &#8211; L&rsquo;h\u00e9bergeur de fichiers en un coup d&rsquo;\u0153il"}]}]}},"_links":{"self":[{"href":"https:\/\/multihoster.org\/fr\/wp-json\/wp\/v2\/pages\/1636"}],"collection":[{"href":"https:\/\/multihoster.org\/fr\/wp-json\/wp\/v2\/pages"}],"about":[{"href":"https:\/\/multihoster.org\/fr\/wp-json\/wp\/v2\/types\/page"}],"author":[{"embeddable":true,"href":"https:\/\/multihoster.org\/fr\/wp-json\/wp\/v2\/users\/2"}],"replies":[{"embeddable":true,"href":"https:\/\/multihoster.org\/fr\/wp-json\/wp\/v2\/comments?post=1636"}],"version-history":[{"count":8,"href":"https:\/\/multihoster.org\/fr\/wp-json\/wp\/v2\/pages\/1636\/revisions"}],"predecessor-version":[{"id":4834,"href":"https:\/\/multihoster.org\/fr\/wp-json\/wp\/v2\/pages\/1636\/revisions\/4834"}],"wp:attachment":[{"href":"https:\/\/multihoster.org\/fr\/wp-json\/wp\/v2\/media?parent=1636"}],"curies":[{"name":"wp","href":"https:\/\/api.w.org\/{rel}","templated":true}]}}