{"id":1687,"date":"2018-10-04T13:34:13","date_gmt":"2018-10-04T13:34:13","guid":{"rendered":"https:\/\/multihoster.org\/?page_id=1687"},"modified":"2020-01-08T11:57:28","modified_gmt":"2020-01-08T11:57:28","slug":"linkifier","status":"publish","type":"page","link":"https:\/\/multihoster.org\/fr\/linkifier\/","title":{"rendered":"Linkifier &#8211; Le Multihoster sous test"},"content":{"rendered":"<p><img loading=\"lazy\" class=\"wp-image-1679 alignleft\" src=\"https:\/\/multihoster.org\/wp-content\/uploads\/2018\/10\/logo-2.png\" alt=\"\" width=\"267\" height=\"93\" srcset=\"https:\/\/multihoster.org\/wp-content\/uploads\/2018\/10\/logo-2.png 473w, https:\/\/multihoster.org\/wp-content\/uploads\/2018\/10\/logo-2-300x105.png 300w\" sizes=\"(max-width: 267px) 100vw, 267px\" \/><\/p>\n<p>Le fournisseur Linkifier vous permet d&rsquo;acc\u00e9der \u00e0 un grand nombre d&rsquo;h\u00f4tes de fichiers diff\u00e9rents. L&rsquo;entreprise a \u00e9t\u00e9 fond\u00e9e en 2015 et se compose d&rsquo;une petite \u00e9quipe dynamique qui veut convaincre par son expertise et ses connaissances dans ce domaine. 81 h\u00e9bergeurs de fichiers offrent divers fichiers \u00e0 t\u00e9l\u00e9charger, y compris des fournisseurs populaires tels que Turbobit, FileFactory et Uploaded.<\/p>\n<p>L&rsquo;inscription est enti\u00e8rement gratuite et si vous le souhaitez, vous pouvez convertir le compte gratuit en compte premium. Plusieurs modes de paiement sont disponibles, dont le paiement anonyme avec la Paysafecard. Nous avons pass\u00e9 en revue le fournisseur et aimerions partager les exp\u00e9riences de notre test Linkifier avec vous.<\/p>\n<p><img loading=\"lazy\" class=\"alignnone size-full wp-image-1668\" src=\"https:\/\/multihoster.org\/wp-content\/uploads\/2018\/10\/Linkfier.jpg\" alt=\"Linkfier\" width=\"968\" height=\"682\" srcset=\"https:\/\/multihoster.org\/wp-content\/uploads\/2018\/10\/Linkfier.jpg 968w, https:\/\/multihoster.org\/wp-content\/uploads\/2018\/10\/Linkfier-300x211.jpg 300w, https:\/\/multihoster.org\/wp-content\/uploads\/2018\/10\/Linkfier-768x541.jpg 768w\" sizes=\"(max-width: 968px) 100vw, 968px\" \/><\/p>\n<a class=\"maxbutton-1 maxbutton maxbutton-x\" target=\"_blank\" rel=\"nofollow noopener\" href=\"\/alfafile\/goto\/\"><span class='mb-text'>Aller \u00e0 Linkifier -&gt;<\/span><\/a>\n<h2>Caract\u00e9ristiques positives du fournisseur<\/h2>\n<ul>\n<li>Entr\u00e9e gratuite et compte Premium<\/li>\n<li>Diff\u00e9rents modes de paiement<\/li>\n<li>Jusqu&rsquo;\u00e0 40% de commission pour les partenaires<\/li>\n<li>Structure claire du site Web<\/li>\n<\/ul>\n<h2><span lang=\"DE\">Le programme complet de Linkifier en un coup d&rsquo;\u0153il<\/span><\/h2>\n<p>Linkifier offre \u00e0 la fois un compte gratuit et un compte premium. Pour profiter de l&rsquo;offre gratuite, il vous suffit de vous inscrire avec votre adresse e-mail et d&rsquo;utiliser le service dans certaines limites pour acqu\u00e9rir une premi\u00e8re exp\u00e9rience. Si vous souhaitez utiliser la gamme compl\u00e8te de services, y compris la vitesse de t\u00e9l\u00e9chargement maximale, vous pouvez choisir un compte premium. Vous pouvez choisir parmi un total de 5 forfaits allant de 30 jours \u00e0 2 ans.<\/p>\n<p><img loading=\"lazy\" class=\"alignnone size-full wp-image-1669\" src=\"https:\/\/multihoster.org\/wp-content\/uploads\/2018\/10\/log-in.jpg\" alt=\"log in\" width=\"904\" height=\"678\" srcset=\"https:\/\/multihoster.org\/wp-content\/uploads\/2018\/10\/log-in.jpg 904w, https:\/\/multihoster.org\/wp-content\/uploads\/2018\/10\/log-in-300x225.jpg 300w, https:\/\/multihoster.org\/wp-content\/uploads\/2018\/10\/log-in-768x576.jpg 768w\" sizes=\"(max-width: 904px) 100vw, 904px\" \/><\/p>\n<a class=\"maxbutton-1 maxbutton maxbutton-x\" target=\"_blank\" rel=\"nofollow noopener\" href=\"\/alfafile\/goto\/\"><span class='mb-text'>Aller \u00e0 Linkifier -&gt;<\/span><\/a>\n<h2>offres de bonus<\/h2>\n<p>Si vous voulez profiter du service Linkifier, vous pouvez vous inscrire au programme d&rsquo;affiliation et gagner des commissions int\u00e9ressantes allant jusqu&rsquo;\u00e0 40 %. Les partenaires re\u00e7oivent diff\u00e9rents conseils et peuvent b\u00e9n\u00e9ficier des nombreuses ann\u00e9es d&rsquo;exp\u00e9rience de Linkifier.<\/p>\n<h2>Co\u00fbts et modes de paiement<\/h2>\n<p>Linkifier vous offre diff\u00e9rentes options pour le paiement du compte premium. De Paypal et cartes de cr\u00e9dit \u00e0 WebMoney et Skrill. Un paiement anonyme via Bitcoin ou Paysafecard est \u00e9galement possible. Avec un code promotionnel valide, les co\u00fbts peuvent \u00eatre r\u00e9duits dans certaines circonstances. Dans le test, le processus de paiement avec Linkifier s&rsquo;est d\u00e9roul\u00e9 sans probl\u00e8me.<\/p>\n<p><strong>\n<table id=\"tablepress-136\" class=\"tablepress tablepress-id-136\">\n<tbody class=\"row-hover\">\n<tr class=\"row-1 odd\">\n\t<td class=\"column-1\">30 jours<\/td><td class=\"column-2\">90 jours<\/td><td class=\"column-3\">180 jours<\/td><td class=\"column-4\">365 jours<\/td><td class=\"column-5\">730 jours<\/td>\n<\/tr>\n<tr class=\"row-2 even\">\n\t<td class=\"column-1\">9,99 $<\/td><td class=\"column-2\">26,99 $<\/td><td class=\"column-3\">44,99 $<\/td><td class=\"column-4\">84,99 $<\/td><td class=\"column-5\">149,99 $<\/td>\n<\/tr>\n<tr class=\"row-3 odd\">\n\t<td class=\"column-1\"><\/td><td class=\"column-2\">30 jours gratuits<\/td><td class=\"column-3\">60 jours gratuits<\/td><td class=\"column-4\"><\/td><td class=\"column-5\"><\/td>\n<\/tr>\n<\/tbody>\n<\/table>\n<!-- #tablepress-136 from cache --><\/strong><\/p>\n<h2>D\u00e9claration de confidentialit\u00e9<\/h2>\n<p>Les informations sont stock\u00e9es par Linkifier en fonction de notre exp\u00e9rience avec l&rsquo;enregistrement, l&rsquo;utilisation du chat en direct, l&rsquo;ouverture d&rsquo;un ticket d&rsquo;assistance et la saisie d&rsquo;informations sur le site Web.<\/p>\n<p>Les donn\u00e9es enregistr\u00e9es sont utilis\u00e9es pour personnaliser l&rsquo;exp\u00e9rience utilisateur des visiteurs et fournir ainsi un contenu int\u00e9ressant.<\/p>\n<p>De plus, les donn\u00e9es sont utilis\u00e9es pour am\u00e9liorer le service \u00e0 la client\u00e8le, traiter rapidement les transactions et g\u00e9rer les promotions, les sondages, etc. Les donn\u00e9es personnelles sont \u00e9galement utilis\u00e9es pour l&rsquo;envoi de courriels sur les produits et services.<\/p>\n<p>Les donn\u00e9es sont prot\u00e9g\u00e9es par des r\u00e9seaux s\u00e9curis\u00e9s et des recherches r\u00e9guli\u00e8res de logiciels malveillants. Il n&rsquo;y a qu&rsquo;un nombre limit\u00e9 de personnes qui ont acc\u00e8s aux donn\u00e9es personnelles, et la technologie de cryptage SSL est utilis\u00e9e pour toutes les donn\u00e9es sensibles. Les transactions sont trait\u00e9es par un fournisseur de passerelle et ne sont pas stock\u00e9es ou ex\u00e9cut\u00e9es sur les serveurs de Linkifier.<\/p>\n<p>Les cookies sont utilis\u00e9s pour stocker les pr\u00e9f\u00e9rences des visiteurs pour les futurs visiteurs et pour am\u00e9liorer la convivialit\u00e9 g\u00e9n\u00e9rale. Les informations ne sont transmises qu&rsquo;\u00e0 certains partenaires.<\/p>\n<h2>Service apr\u00e8s-vente<\/h2>\n<p>Pour contacter le service client\u00e8le de Linkifier, vous trouverez l&rsquo;option de menu \u00ab\u00a0Contact\u00a0\u00bb au bas de la page d&rsquo;accueil. Ici vous pouvez trouver le chemin vers les comptes de m\u00e9dias sociaux de Linkifier et sp\u00e9cifier votre demande via le formulaire de contact afin que vous puissiez b\u00e9n\u00e9ficier de l&rsquo;exp\u00e9rience de Linkifier.<\/p>\n<h2><span lang=\"DE\">Facilit\u00e9 d&rsquo;utilisation <\/span><\/h2>\n<p>Le site Web de Linkifier a une structure simple et peut nous convaincre compl\u00e8tement dans le test. Vous pouvez vous inscrire gratuitement avec votre adresse e-mail directement sur la page d&rsquo;accueil. Un bref d\u00e9filement vers le bas vous donnera plus d&rsquo;informations sur le fournisseur et le service. En haut de la page, vous trouverez les onglets H\u00f4tes de fichiers pris en charge, Go Premium, \u00c0 propos de nous, Enregistrer et Connexion. Sous le point de menu \u00ab\u00a0H\u00f4tes de fichiers pris en charge\u00a0\u00bb, vous trouverez une liste des h\u00f4tes de fichiers pris en charge et sous le point de menu \u00ab\u00a0Go Premium\u00a0\u00bb, vous trouverez l&rsquo;\u00e9tendue des services du compte premium, les co\u00fbts et les options de paiement.<\/p>\n<p>Apr\u00e8s l&rsquo;ouverture de session, vous avez la possibilit\u00e9 de g\u00e9n\u00e9rer les liens souhait\u00e9s sous le point de menu \u00ab\u00a0T\u00e9l\u00e9charger\u00a0\u00bb ou de consulter le statut actuel de l&rsquo;h\u00e9bergeur sous l&rsquo;onglet \u00ab\u00a0Statut de l&rsquo;h\u00e9bergeur\u00a0\u00bb. Vous pouvez \u00e9galement consulter l&rsquo;historique de votre compte pour obtenir des informations sur votre compte ou forfait. Enfin, l&rsquo;option de menu \u00ab\u00a0Mise \u00e0 niveau\u00a0\u00bb vous permet de mettre \u00e0 niveau votre compte gratuit vers un compte Premium Linkifier. Dans l&rsquo;ensemble, nous sommes tr\u00e8s satisfaits de la facilit\u00e9 d&rsquo;utilisation de Linkifier dans le test.<\/p>\n<p><img loading=\"lazy\" class=\"alignnone size-full wp-image-1670\" src=\"https:\/\/multihoster.org\/wp-content\/uploads\/2018\/10\/pricing.jpg\" alt=\"pricing\" width=\"1075\" height=\"654\" srcset=\"https:\/\/multihoster.org\/wp-content\/uploads\/2018\/10\/pricing.jpg 1075w, https:\/\/multihoster.org\/wp-content\/uploads\/2018\/10\/pricing-300x183.jpg 300w, https:\/\/multihoster.org\/wp-content\/uploads\/2018\/10\/pricing-768x467.jpg 768w, https:\/\/multihoster.org\/wp-content\/uploads\/2018\/10\/pricing-1024x623.jpg 1024w\" sizes=\"(max-width: 1075px) 100vw, 1075px\" \/><\/p>\n<h2><span lang=\"DE\">Les avantages d&rsquo;un compte premium avec Linkifier<\/span><\/h2>\n<p>Avec un compte premium, vous pouvez utiliser la gamme compl\u00e8te des h\u00f4tes de fichiers accessibles via Linkifier. En plus des h\u00f4tes de fichiers habituels tels que Upload, Turbobit et RAPID GATOR, plus de 75 autres fournisseurs sont \u00e0 votre disposition.<\/p>\n<p>Vous b\u00e9n\u00e9ficiez de la vitesse de t\u00e9l\u00e9chargement maximale, qui peut atteindre 300 Mbit\/seconde et permettre un nombre illimit\u00e9 de t\u00e9l\u00e9chargements sans limite quotidienne. Vous \u00eates libre de d\u00e9marrer plusieurs t\u00e9l\u00e9chargements en m\u00eame temps. Lorsque vous utilisez Linkifier Premium, il n&rsquo;y a pas de temps d&rsquo;attente et pas de publicit\u00e9. Si vous n&rsquo;aimez pas le service du fournisseur, vous pouvez utiliser la garantie de remboursement.<\/p>\n<h2><span lang=\"DE\">Notre conclusion sur le fournisseur Linkifier<\/span><\/h2>\n<p>Dans l&rsquo;ensemble, Linkifier propose une offre int\u00e9ressante qui peut \u00eatre test\u00e9e gratuitement et sans engagement. Nous avons de bonnes exp\u00e9riences avec le fournisseur et aimerions r\u00e9sumer notre Linkifier Review pour vous :<\/p>\n<p>Le site Web est clairement structur\u00e9, facile \u00e0 utiliser et offre une exp\u00e9rience utilisateur convaincante. Dans le cadre du compte gratuit, l&rsquo;\u00e9tendue des fonctions est limit\u00e9e. Si vous voulez les renouveler, vous pouvez acheter l&rsquo;un des 5 forfaits au prix de 9,99 $. Vous avez le choix entre plusieurs options de paiement. Un paiement anonyme via Bitcoin ou Paysafecard est \u00e9galement possible. En ce qui concerne la protection des donn\u00e9es et de la vie priv\u00e9e, le fournisseur Linkifier propose une d\u00e9claration de protection des donn\u00e9es facile \u00e0 comprendre dans laquelle toutes les informations sont pr\u00e9sent\u00e9es d&rsquo;une mani\u00e8re simple. Dans l&rsquo;ensemble, notre test de Linkifier a \u00e9t\u00e9 tr\u00e8s positif, de sorte que nous pouvons vous recommander de faire vos propres exp\u00e9riences avec le fournisseur Linkifier.<\/p>\n<a class=\"maxbutton-1 maxbutton maxbutton-x\" target=\"_blank\" rel=\"nofollow noopener\" href=\"\/alfafile\/goto\/\"><span class='mb-text'>Aller \u00e0 Linkifier -&gt;<\/span><\/a>\n","protected":false},"excerpt":{"rendered":"<p>Le fournisseur Linkifier vous permet d&rsquo;acc\u00e9der \u00e0 un grand nombre d&rsquo;h\u00f4tes de fichiers diff\u00e9rents. L&rsquo;entreprise a \u00e9t\u00e9 fond\u00e9e en 2015<\/p>\n","protected":false},"author":2,"featured_media":0,"parent":0,"menu_order":0,"comment_status":"closed","ping_status":"closed","template":"","meta":[],"yoast_head":"<!-- This site is optimized with the Yoast SEO plugin v18.3 - https:\/\/yoast.com\/wordpress\/plugins\/seo\/ -->\n<title>Le Multihoster Linkifier \u00e0 l&#039;essai - les exp\u00e9riences de Multihoster.org<\/title>\n<meta name=\"description\" content=\"Vous \u00eates int\u00e9ress\u00e9 par l&#039;offre gratuite et le compte premium de Linkifier ? Nous vous pr\u00e9sentons le fournisseur Linkifier dans la revue.\" \/>\n<meta name=\"robots\" content=\"index, follow, max-snippet:-1, max-image-preview:large, max-video-preview:-1\" \/>\n<link rel=\"canonical\" href=\"https:\/\/multihoster.org\/fr\/linkifier\/\" \/>\n<meta property=\"og:locale\" content=\"fr_FR\" \/>\n<meta property=\"og:type\" content=\"article\" \/>\n<meta property=\"og:title\" content=\"Le Multihoster Linkifier \u00e0 l&#039;essai - les exp\u00e9riences de Multihoster.org\" \/>\n<meta property=\"og:description\" content=\"Vous \u00eates int\u00e9ress\u00e9 par l&#039;offre gratuite et le compte premium de Linkifier ? Nous vous pr\u00e9sentons le fournisseur Linkifier dans la revue.\" \/>\n<meta property=\"og:url\" content=\"https:\/\/multihoster.org\/fr\/linkifier\/\" \/>\n<meta property=\"og:site_name\" content=\"Multihoster.org\" \/>\n<meta property=\"article:modified_time\" content=\"2020-01-08T11:57:28+00:00\" \/>\n<meta property=\"og:image\" content=\"https:\/\/multihoster.org\/wp-content\/uploads\/2018\/10\/logo-2.png\" \/>\n<meta name=\"twitter:card\" content=\"summary\" \/>\n<meta name=\"twitter:label1\" content=\"Dur\u00e9e de lecture estim\u00e9e\" \/>\n\t<meta name=\"twitter:data1\" content=\"6 minutes\" \/>\n<script type=\"application\/ld+json\" class=\"yoast-schema-graph\">{\"@context\":\"https:\/\/schema.org\",\"@graph\":[{\"@type\":\"WebSite\",\"@id\":\"https:\/\/multihoster.org\/#website\",\"url\":\"https:\/\/multihoster.org\/\",\"name\":\"Multihoster.org\",\"description\":\"Reviews of the major Filehosting services\",\"potentialAction\":[{\"@type\":\"SearchAction\",\"target\":{\"@type\":\"EntryPoint\",\"urlTemplate\":\"https:\/\/multihoster.org\/?s={search_term_string}\"},\"query-input\":\"required name=search_term_string\"}],\"inLanguage\":\"fr-FR\"},{\"@type\":\"ImageObject\",\"@id\":\"https:\/\/multihoster.org\/fr\/linkifier\/#primaryimage\",\"inLanguage\":\"fr-FR\",\"url\":\"https:\/\/multihoster.org\/wp-content\/uploads\/2018\/10\/logo-2.png\",\"contentUrl\":\"https:\/\/multihoster.org\/wp-content\/uploads\/2018\/10\/logo-2.png\",\"width\":473,\"height\":165},{\"@type\":\"WebPage\",\"@id\":\"https:\/\/multihoster.org\/fr\/linkifier\/#webpage\",\"url\":\"https:\/\/multihoster.org\/fr\/linkifier\/\",\"name\":\"Le Multihoster Linkifier \u00e0 l'essai - les exp\u00e9riences de Multihoster.org\",\"isPartOf\":{\"@id\":\"https:\/\/multihoster.org\/#website\"},\"primaryImageOfPage\":{\"@id\":\"https:\/\/multihoster.org\/fr\/linkifier\/#primaryimage\"},\"datePublished\":\"2018-10-04T13:34:13+00:00\",\"dateModified\":\"2020-01-08T11:57:28+00:00\",\"description\":\"Vous \u00eates int\u00e9ress\u00e9 par l'offre gratuite et le compte premium de Linkifier ? Nous vous pr\u00e9sentons le fournisseur Linkifier dans la revue.\",\"breadcrumb\":{\"@id\":\"https:\/\/multihoster.org\/fr\/linkifier\/#breadcrumb\"},\"inLanguage\":\"fr-FR\",\"potentialAction\":[{\"@type\":\"ReadAction\",\"target\":[\"https:\/\/multihoster.org\/fr\/linkifier\/\"]}]},{\"@type\":\"BreadcrumbList\",\"@id\":\"https:\/\/multihoster.org\/fr\/linkifier\/#breadcrumb\",\"itemListElement\":[{\"@type\":\"ListItem\",\"position\":1,\"name\":\"Startseite\",\"item\":\"https:\/\/multihoster.org\/fr\/\"},{\"@type\":\"ListItem\",\"position\":2,\"name\":\"Linkifier &#8211; Le Multihoster sous test\"}]}]}<\/script>\n<!-- \/ Yoast SEO plugin. -->","yoast_head_json":{"title":"Le Multihoster Linkifier \u00e0 l'essai - les exp\u00e9riences de Multihoster.org","description":"Vous \u00eates int\u00e9ress\u00e9 par l'offre gratuite et le compte premium de Linkifier ? Nous vous pr\u00e9sentons le fournisseur Linkifier dans la revue.","robots":{"index":"index","follow":"follow","max-snippet":"max-snippet:-1","max-image-preview":"max-image-preview:large","max-video-preview":"max-video-preview:-1"},"canonical":"https:\/\/multihoster.org\/fr\/linkifier\/","og_locale":"fr_FR","og_type":"article","og_title":"Le Multihoster Linkifier \u00e0 l'essai - les exp\u00e9riences de Multihoster.org","og_description":"Vous \u00eates int\u00e9ress\u00e9 par l'offre gratuite et le compte premium de Linkifier ? Nous vous pr\u00e9sentons le fournisseur Linkifier dans la revue.","og_url":"https:\/\/multihoster.org\/fr\/linkifier\/","og_site_name":"Multihoster.org","article_modified_time":"2020-01-08T11:57:28+00:00","og_image":[{"url":"https:\/\/multihoster.org\/wp-content\/uploads\/2018\/10\/logo-2.png"}],"twitter_card":"summary","twitter_misc":{"Dur\u00e9e de lecture estim\u00e9e":"6 minutes"},"schema":{"@context":"https:\/\/schema.org","@graph":[{"@type":"WebSite","@id":"https:\/\/multihoster.org\/#website","url":"https:\/\/multihoster.org\/","name":"Multihoster.org","description":"Reviews of the major Filehosting services","potentialAction":[{"@type":"SearchAction","target":{"@type":"EntryPoint","urlTemplate":"https:\/\/multihoster.org\/?s={search_term_string}"},"query-input":"required name=search_term_string"}],"inLanguage":"fr-FR"},{"@type":"ImageObject","@id":"https:\/\/multihoster.org\/fr\/linkifier\/#primaryimage","inLanguage":"fr-FR","url":"https:\/\/multihoster.org\/wp-content\/uploads\/2018\/10\/logo-2.png","contentUrl":"https:\/\/multihoster.org\/wp-content\/uploads\/2018\/10\/logo-2.png","width":473,"height":165},{"@type":"WebPage","@id":"https:\/\/multihoster.org\/fr\/linkifier\/#webpage","url":"https:\/\/multihoster.org\/fr\/linkifier\/","name":"Le Multihoster Linkifier \u00e0 l'essai - les exp\u00e9riences de Multihoster.org","isPartOf":{"@id":"https:\/\/multihoster.org\/#website"},"primaryImageOfPage":{"@id":"https:\/\/multihoster.org\/fr\/linkifier\/#primaryimage"},"datePublished":"2018-10-04T13:34:13+00:00","dateModified":"2020-01-08T11:57:28+00:00","description":"Vous \u00eates int\u00e9ress\u00e9 par l'offre gratuite et le compte premium de Linkifier ? Nous vous pr\u00e9sentons le fournisseur Linkifier dans la revue.","breadcrumb":{"@id":"https:\/\/multihoster.org\/fr\/linkifier\/#breadcrumb"},"inLanguage":"fr-FR","potentialAction":[{"@type":"ReadAction","target":["https:\/\/multihoster.org\/fr\/linkifier\/"]}]},{"@type":"BreadcrumbList","@id":"https:\/\/multihoster.org\/fr\/linkifier\/#breadcrumb","itemListElement":[{"@type":"ListItem","position":1,"name":"Startseite","item":"https:\/\/multihoster.org\/fr\/"},{"@type":"ListItem","position":2,"name":"Linkifier &#8211; Le Multihoster sous test"}]}]}},"_links":{"self":[{"href":"https:\/\/multihoster.org\/fr\/wp-json\/wp\/v2\/pages\/1687"}],"collection":[{"href":"https:\/\/multihoster.org\/fr\/wp-json\/wp\/v2\/pages"}],"about":[{"href":"https:\/\/multihoster.org\/fr\/wp-json\/wp\/v2\/types\/page"}],"author":[{"embeddable":true,"href":"https:\/\/multihoster.org\/fr\/wp-json\/wp\/v2\/users\/2"}],"replies":[{"embeddable":true,"href":"https:\/\/multihoster.org\/fr\/wp-json\/wp\/v2\/comments?post=1687"}],"version-history":[{"count":7,"href":"https:\/\/multihoster.org\/fr\/wp-json\/wp\/v2\/pages\/1687\/revisions"}],"predecessor-version":[{"id":2372,"href":"https:\/\/multihoster.org\/fr\/wp-json\/wp\/v2\/pages\/1687\/revisions\/2372"}],"wp:attachment":[{"href":"https:\/\/multihoster.org\/fr\/wp-json\/wp\/v2\/media?parent=1687"}],"curies":[{"name":"wp","href":"https:\/\/api.w.org\/{rel}","templated":true}]}}