{"id":1735,"date":"2018-10-04T13:51:34","date_gmt":"2018-10-04T13:51:34","guid":{"rendered":"https:\/\/multihoster.org\/?page_id=1735"},"modified":"2018-10-04T13:51:34","modified_gmt":"2018-10-04T13:51:34","slug":"linksnappy","status":"publish","type":"page","link":"https:\/\/multihoster.org\/fr\/linksnappy\/","title":{"rendered":"LinkSnappy Experiences &#8211; Le Multihoster en un coup d&rsquo;oeil"},"content":{"rendered":"<p><img loading=\"lazy\" class=\"wp-image-1723 alignleft\" src=\"https:\/\/multihoster.org\/wp-content\/uploads\/2018\/10\/logo-3.png\" alt=\"logo\" width=\"204\" height=\"119\" srcset=\"https:\/\/multihoster.org\/wp-content\/uploads\/2018\/10\/logo-3.png 371w, https:\/\/multihoster.org\/wp-content\/uploads\/2018\/10\/logo-3-300x175.png 300w\" sizes=\"(max-width: 204px) 100vw, 204px\" \/><\/p>\n<p>Le multih\u00e9bergeur LinkSnappy vous offre un g\u00e9n\u00e9rateur de liens premium et un client torrent en nuage. En outre, il existe plusieurs autres fonctions qui rendent l&rsquo;offre LinkSnappy encore plus compl\u00e8te et plus s\u00fbre \u00e0 utiliser. Plusieurs fournisseurs de services de paiement sont disponibles pour les paiements simples, y compris les m\u00e9thodes de paiement anonymes telles que Paysafecard et les m\u00e9thodes simples et populaires telles que Paypal. Nous avons test\u00e9 le fournisseur LinkSnappy et aimerions vous pr\u00e9senter nos exp\u00e9riences avec LinkSnappy.<\/p>\n<h2><\/h2>\n<h2>Caract\u00e9ristiques positives du fournisseur<\/h2>\n<ul>\n<li>Utilisation gratuite possible<\/li>\n<li>Modes de paiement anonymes<\/li>\n<li>Acc\u00e8s \u00e0 plus de 60 h\u00f4tes de fichiers<\/li>\n<li>Grande facilit\u00e9 d&rsquo;utilisation<\/li>\n<\/ul>\n<p>&nbsp;<\/p>\n<p><img loading=\"lazy\" class=\"alignnone size-full wp-image-1720\" src=\"https:\/\/multihoster.org\/wp-content\/uploads\/2018\/10\/linksnappy.jpg\" alt=\"linksnappy\" width=\"879\" height=\"631\" srcset=\"https:\/\/multihoster.org\/wp-content\/uploads\/2018\/10\/linksnappy.jpg 879w, https:\/\/multihoster.org\/wp-content\/uploads\/2018\/10\/linksnappy-300x215.jpg 300w, https:\/\/multihoster.org\/wp-content\/uploads\/2018\/10\/linksnappy-768x551.jpg 768w\" sizes=\"(max-width: 879px) 100vw, 879px\" \/><\/p>\n<p>&nbsp;<\/p>\n<h2>La gamme compl\u00e8te LinkSnappy en un coup d&rsquo;\u0153il<\/h2>\n<p>Vous pouvez utiliser le service du fournisseur LinkSnappy d&rsquo;une part avec le compte FileSnappy gratuit et acheter un compte premium apr\u00e8s le test si vous le souhaitez. Cela peut \u00eatre d\u00e9verrouill\u00e9 par l&rsquo;enregistrement par e-mail, m\u00eame la connexion via les m\u00e9dias sociaux tels que Google, Facebook et Twitter est possible. Avec le compte gratuit, le volume quotidien de donn\u00e9es et les autres fonctions sont limit\u00e9s.<\/p>\n<p>Si vous souhaitez utiliser toute l&rsquo;\u00e9tendue du service LinkSnappy, vous pouvez utiliser l&rsquo;un des quatre forfaits et acheter le compte Premium. Les d\u00e9lais sont de 7 jours, 30 jours, 90 jours et 180 jours.<\/p>\n<p>&nbsp;<\/p>\n<h2>Offres de bonus<\/h2>\n<p>Un bonus attractif offert par LinkSnappy est la possibilit\u00e9 de recevoir des jours d&rsquo;abonnement gratuits en faisant la promotion de votre compte LinkSnappy Premium. La condition pr\u00e9alable est que les nouveaux utilisateurs acc\u00e8dent \u00e0 LinkSnappy via le lien de parrainage et d\u00e9cident d&rsquo;une adh\u00e9sion premium &#8211; le membre invit\u00e9 b\u00e9n\u00e9ficie \u00e9galement des avantages et b\u00e9n\u00e9ficie d&rsquo;une r\u00e9duction de 5% sur la premi\u00e8re commande. Lorsque vous souscrivez \u00e0 un Compte Premium pour 90 ou 180 jours, vous recevrez \u00e9galement un bon d&rsquo;achat que vous pourrez transmettre \u00e0 vos amis et \u00e0 votre famille.<\/p>\n<h2>Co\u00fbts et modes de paiement<\/h2>\n<p>Vous avez le choix entre diff\u00e9rents modes de paiement pour le compte LinkSnappy Premium. Le paiement est possible par carte de cr\u00e9dit, Paypal et carte de d\u00e9bit. Le mode de paiement Paysafecard et les diff\u00e9rentes monnaies crypt\u00e9es peuvent \u00eatre s\u00e9lectionn\u00e9s pour le paiement anonyme.<\/p>\n<p><strong>\n<table id=\"tablepress-144\" class=\"tablepress tablepress-id-144\">\n<tbody class=\"row-hover\">\n<tr class=\"row-1 odd\">\n\t<td class=\"column-1\">7 jours<\/td><td class=\"column-2\">30 jours<\/td><td class=\"column-3\">90 jours<\/td><td class=\"column-4\">180 jours<\/td>\n<\/tr>\n<tr class=\"row-2 even\">\n\t<td class=\"column-1\">4,99 $<\/td><td class=\"column-2\">12,99 $<\/td><td class=\"column-3\">29,99 $<\/td><td class=\"column-4\">54,99 $<\/td>\n<\/tr>\n<tr class=\"row-3 odd\">\n\t<td class=\"column-1\"><\/td><td class=\"column-2\">Bon de 30 jours<\/td><td class=\"column-3\">Bon de 90 jours<\/td><td class=\"column-4\"><\/td>\n<\/tr>\n<\/tbody>\n<\/table>\n<!-- #tablepress-144 from cache --><\/strong><\/p>\n<h2>D\u00e9claration de confidentialit\u00e9<\/h2>\n<p>Bien entendu, vous pouvez vous attendre \u00e0 une protection \u00e9tendue des donn\u00e9es de la part du fournisseur LinkSnappy. Vos donn\u00e9es personnelles ne seront utilis\u00e9es que pour les processus pr\u00e9vus &#8211; par exemple pour l&rsquo;enregistrement, pour le processus de paiement ou pour prendre contact. En outre, l&rsquo;adresse IP et d&rsquo;autres informations sur les donn\u00e9es sont stock\u00e9es dans des r\u00e9pertoires internes, lors du t\u00e9l\u00e9chargement ou de l&rsquo;utilisation du g\u00e9n\u00e9rateur de liens. Les renseignements d\u00e9mographiques sont recueillis pour am\u00e9liorer l&rsquo;exp\u00e9rience de l&rsquo;utilisateur et peuvent \u00eatre partag\u00e9s avec des partenaires publicitaires. Les cookies sont \u00e9galement utilis\u00e9s pour une utilisation optimale. En ce qui concerne notre exp\u00e9rience, il n&rsquo;y a aucune critique concernant la confidentialit\u00e9 et la protection des donn\u00e9es chez Linksnappy.<\/p>\n<p>&nbsp;<\/p>\n<p><img loading=\"lazy\" class=\"alignnone size-full wp-image-1721\" src=\"https:\/\/multihoster.org\/wp-content\/uploads\/2018\/10\/log-in-1.jpg\" alt=\"log in\" width=\"895\" height=\"641\" srcset=\"https:\/\/multihoster.org\/wp-content\/uploads\/2018\/10\/log-in-1.jpg 895w, https:\/\/multihoster.org\/wp-content\/uploads\/2018\/10\/log-in-1-300x215.jpg 300w, https:\/\/multihoster.org\/wp-content\/uploads\/2018\/10\/log-in-1-768x550.jpg 768w\" sizes=\"(max-width: 895px) 100vw, 895px\" \/><\/p>\n<p>&nbsp;<\/p>\n<h2>Service apr\u00e8s-vente<\/h2>\n<p>Vous pouvez acc\u00e9der au service client LinkSnappy en allant d&rsquo;abord dans l&rsquo;onglet \u00ab\u00a0Mon compte\u00a0\u00bb apr\u00e8s vous \u00eatre connect\u00e9. Sous cet onglet, vous trouverez d&rsquo;autres \u00e9l\u00e9ments de menu, y compris le lien vers le Centre d&rsquo;assistance. Ici, vous pouvez cr\u00e9er un ticket directement ou vous connecter au Centre d&rsquo;assistance, de sorte que vous pouvez facilement v\u00e9rifier l&rsquo;\u00e9tat de votre ticket. Vous pouvez \u00e9galement r\u00e9soudre votre probl\u00e8me en consultant la FAQ en haut de la page \u00e0 c\u00f4t\u00e9 de l&rsquo;onglet \u00ab\u00a0Mon compte\u00a0\u00bb. De plus, il y a la fonction de clavardage en direct, qui se trouve dans le coin inf\u00e9rieur droit du site Web.<\/p>\n<p><img loading=\"lazy\" class=\"alignnone size-full wp-image-1722\" src=\"https:\/\/multihoster.org\/wp-content\/uploads\/2018\/10\/details.jpg\" alt=\"details\" width=\"898\" height=\"632\" srcset=\"https:\/\/multihoster.org\/wp-content\/uploads\/2018\/10\/details.jpg 898w, https:\/\/multihoster.org\/wp-content\/uploads\/2018\/10\/details-300x211.jpg 300w, https:\/\/multihoster.org\/wp-content\/uploads\/2018\/10\/details-768x541.jpg 768w, https:\/\/multihoster.org\/wp-content\/uploads\/2018\/10\/details-130x90.jpg 130w\" sizes=\"(max-width: 898px) 100vw, 898px\" \/><\/p>\n<h2><\/h2>\n<h2>Facilit\u00e9 d&rsquo;utilisation<\/h2>\n<p>Dans le test LinkSnappy, nous avons examin\u00e9 la facilit\u00e9 d&rsquo;utilisation et nous aimerions partager nos exp\u00e9riences avec LinkSnappy avec vous. Le site est clairement structur\u00e9 de sorte que toutes les informations de base sur le fournisseur peuvent \u00eatre trouv\u00e9es sur la page d&rsquo;accueil.<\/p>\n<p>L&rsquo;inscription gratuite est \u00e9galement possible via la page d&rsquo;accueil. Au bas de la page, vous trouverez plus d&rsquo;informations sur la satisfaction des clients en consultant d&rsquo;autres utilisateurs qui ont d\u00e9j\u00e0 test\u00e9 LinkSnappy.<\/p>\n<p>En haut, vous trouverez \u00e9galement une section questions-r\u00e9ponses et des tutoriels utiles sur l&rsquo;utilisation de Linksnappy.com. Sous Statut, vous trouverez des informations d\u00e9taill\u00e9es sur les h\u00f4tes de fichiers pris en charge et des informations sur l&rsquo;\u00e9tat de votre compte.<\/p>\n<p>Une fois connect\u00e9, les nouvelles options \u00ab\u00a0T\u00e9l\u00e9charger\u00a0\u00bb et \u00ab\u00a0Torrent\u00a0\u00bb sont disponibles en haut de la page. Ici, vous pouvez t\u00e9l\u00e9charger et g\u00e9rer les fichiers souhait\u00e9s comme vous le souhaitez. Plus bas, vous trouverez les onglets \u00ab\u00a0Liens\u00a0\u00bb et \u00ab\u00a0Fichiers\u00a0\u00bb. Vous trouverez \u00e9galement l&rsquo;option Mise \u00e0 niveau Premium et l&rsquo;onglet Support.<\/p>\n<p>Dans l&rsquo;ensemble, notre exp\u00e9rience montre que le fournisseur LinkSnappy offre un bon service et une facilit\u00e9 d&rsquo;utilisation attrayante.<\/p>\n<h2>Les avantages d&rsquo;un compte Link Snappy Premium<\/h2>\n<p>Avec un compte LinkSnappy Premium, vous pouvez utiliser la vitesse de t\u00e9l\u00e9chargement maximale avec plus de 60 h\u00f4tes de fichiers selon notre exp\u00e9rience. De plus, vous b\u00e9n\u00e9ficiez de la fonction \u00ab\u00a0T\u00e9l\u00e9chargements priv\u00e9s\u00a0\u00bb, de sorte que ni votre adresse IP ni les t\u00e9l\u00e9chargements cr\u00e9\u00e9s ne sont enregistr\u00e9s. Il est \u00e9galement possible de diffuser les fichiers directement en ligne sans les t\u00e9l\u00e9charger. Le compte Premium vous offre \u00e9galement des plug-ins pratiques pour Chrome, Firefox et jDownloader pour la g\u00e9n\u00e9ration automatique de liens. Le service \u00e0 la client\u00e8le est disponible 24 heures par jour, 7 jours par semaine pour vous aider \u00e0 r\u00e9soudre rapidement tout probl\u00e8me. Si vous n&rsquo;aimez pas le service Premium Account, vous avez une garantie imm\u00e9diate de remboursement de 7 jours.<\/p>\n<h2>Notre conclusion sur le fournisseur LinkSnappy<\/h2>\n<p>Enfin, on peut dire que LinkSnappy offre d\u00e9j\u00e0 un service complet avec le compte gratuit. Le site est tr\u00e8s clairement agenc\u00e9 et l&rsquo;enregistrement est rapide et simple. Si vous souhaitez utiliser la vitesse de t\u00e9l\u00e9chargement maximale et b\u00e9n\u00e9ficier de fonctionnalit\u00e9s suppl\u00e9mentaires, vous pouvez acheter l&rsquo;un des quatre abonnements d&rsquo;\u00e9lite pour acheter un compte LinkSnappy Premium. Comme m\u00e9thodes de paiement, vous trouverez plusieurs fournisseurs, y compris les m\u00e9thodes populaires Paypal et Paysafecard. La garantie de remboursement de 7 jours est \u00e9galement int\u00e9ressante \u00e0 cet \u00e9gard. Le service \u00e0 la client\u00e8le est facilement accessible, m\u00eame par le biais d&rsquo;un chat en direct et les offres de bonus sont \u00e9galement tr\u00e8s attractives. En ce qui concerne notre exp\u00e9rience, le fournisseur peut donc pleinement convaincre.<\/p>\n","protected":false},"excerpt":{"rendered":"<p>Le multih\u00e9bergeur LinkSnappy vous offre un g\u00e9n\u00e9rateur de liens premium et un client torrent en nuage. En outre, il existe<\/p>\n","protected":false},"author":2,"featured_media":0,"parent":0,"menu_order":0,"comment_status":"closed","ping_status":"closed","template":"","meta":[],"yoast_head":"<!-- This site is optimized with the Yoast SEO plugin v18.3 - https:\/\/yoast.com\/wordpress\/plugins\/seo\/ -->\n<title>lll\u25b7 Linksnappy Compte s\u00e9rieux ou pas ? Test ++++ sur Multihoster.org<\/title>\n<meta name=\"description\" content=\"Nous avons test\u00e9 le Multihoster LinkSnappy et souhaitons partager notre exp\u00e9rience avec vous concernant le service et le s\u00e9rieux du fournisseur.\" \/>\n<meta name=\"robots\" content=\"index, follow, max-snippet:-1, max-image-preview:large, max-video-preview:-1\" \/>\n<link rel=\"canonical\" href=\"https:\/\/multihoster.org\/fr\/linksnappy\/\" \/>\n<meta property=\"og:locale\" content=\"fr_FR\" \/>\n<meta property=\"og:type\" content=\"article\" \/>\n<meta property=\"og:title\" content=\"lll\u25b7 Linksnappy Compte s\u00e9rieux ou pas ? Test ++++ sur Multihoster.org\" \/>\n<meta property=\"og:description\" content=\"Nous avons test\u00e9 le Multihoster LinkSnappy et souhaitons partager notre exp\u00e9rience avec vous concernant le service et le s\u00e9rieux du fournisseur.\" \/>\n<meta property=\"og:url\" content=\"https:\/\/multihoster.org\/fr\/linksnappy\/\" \/>\n<meta property=\"og:site_name\" content=\"Multihoster.org\" \/>\n<meta property=\"og:image\" content=\"https:\/\/multihoster.org\/wp-content\/uploads\/2018\/10\/logo-3.png\" \/>\n<meta name=\"twitter:card\" content=\"summary\" \/>\n<meta name=\"twitter:label1\" content=\"Dur\u00e9e de lecture estim\u00e9e\" \/>\n\t<meta name=\"twitter:data1\" content=\"6 minutes\" \/>\n<script type=\"application\/ld+json\" class=\"yoast-schema-graph\">{\"@context\":\"https:\/\/schema.org\",\"@graph\":[{\"@type\":\"WebSite\",\"@id\":\"https:\/\/multihoster.org\/#website\",\"url\":\"https:\/\/multihoster.org\/\",\"name\":\"Multihoster.org\",\"description\":\"Reviews of the major Filehosting services\",\"potentialAction\":[{\"@type\":\"SearchAction\",\"target\":{\"@type\":\"EntryPoint\",\"urlTemplate\":\"https:\/\/multihoster.org\/?s={search_term_string}\"},\"query-input\":\"required name=search_term_string\"}],\"inLanguage\":\"fr-FR\"},{\"@type\":\"ImageObject\",\"@id\":\"https:\/\/multihoster.org\/fr\/linksnappy\/#primaryimage\",\"inLanguage\":\"fr-FR\",\"url\":\"https:\/\/multihoster.org\/wp-content\/uploads\/2018\/10\/logo-3.png\",\"contentUrl\":\"https:\/\/multihoster.org\/wp-content\/uploads\/2018\/10\/logo-3.png\",\"width\":371,\"height\":216},{\"@type\":\"WebPage\",\"@id\":\"https:\/\/multihoster.org\/fr\/linksnappy\/#webpage\",\"url\":\"https:\/\/multihoster.org\/fr\/linksnappy\/\",\"name\":\"lll\u25b7 Linksnappy Compte s\u00e9rieux ou pas ? Test ++++ sur Multihoster.org\",\"isPartOf\":{\"@id\":\"https:\/\/multihoster.org\/#website\"},\"primaryImageOfPage\":{\"@id\":\"https:\/\/multihoster.org\/fr\/linksnappy\/#primaryimage\"},\"datePublished\":\"2018-10-04T13:51:34+00:00\",\"dateModified\":\"2018-10-04T13:51:34+00:00\",\"description\":\"Nous avons test\u00e9 le Multihoster LinkSnappy et souhaitons partager notre exp\u00e9rience avec vous concernant le service et le s\u00e9rieux du fournisseur.\",\"breadcrumb\":{\"@id\":\"https:\/\/multihoster.org\/fr\/linksnappy\/#breadcrumb\"},\"inLanguage\":\"fr-FR\",\"potentialAction\":[{\"@type\":\"ReadAction\",\"target\":[\"https:\/\/multihoster.org\/fr\/linksnappy\/\"]}]},{\"@type\":\"BreadcrumbList\",\"@id\":\"https:\/\/multihoster.org\/fr\/linksnappy\/#breadcrumb\",\"itemListElement\":[{\"@type\":\"ListItem\",\"position\":1,\"name\":\"Startseite\",\"item\":\"https:\/\/multihoster.org\/fr\/\"},{\"@type\":\"ListItem\",\"position\":2,\"name\":\"LinkSnappy Experiences &#8211; Le Multihoster en un coup d&rsquo;oeil\"}]}]}<\/script>\n<!-- \/ Yoast SEO plugin. -->","yoast_head_json":{"title":"lll\u25b7 Linksnappy Compte s\u00e9rieux ou pas ? Test ++++ sur Multihoster.org","description":"Nous avons test\u00e9 le Multihoster LinkSnappy et souhaitons partager notre exp\u00e9rience avec vous concernant le service et le s\u00e9rieux du fournisseur.","robots":{"index":"index","follow":"follow","max-snippet":"max-snippet:-1","max-image-preview":"max-image-preview:large","max-video-preview":"max-video-preview:-1"},"canonical":"https:\/\/multihoster.org\/fr\/linksnappy\/","og_locale":"fr_FR","og_type":"article","og_title":"lll\u25b7 Linksnappy Compte s\u00e9rieux ou pas ? Test ++++ sur Multihoster.org","og_description":"Nous avons test\u00e9 le Multihoster LinkSnappy et souhaitons partager notre exp\u00e9rience avec vous concernant le service et le s\u00e9rieux du fournisseur.","og_url":"https:\/\/multihoster.org\/fr\/linksnappy\/","og_site_name":"Multihoster.org","og_image":[{"url":"https:\/\/multihoster.org\/wp-content\/uploads\/2018\/10\/logo-3.png"}],"twitter_card":"summary","twitter_misc":{"Dur\u00e9e de lecture estim\u00e9e":"6 minutes"},"schema":{"@context":"https:\/\/schema.org","@graph":[{"@type":"WebSite","@id":"https:\/\/multihoster.org\/#website","url":"https:\/\/multihoster.org\/","name":"Multihoster.org","description":"Reviews of the major Filehosting services","potentialAction":[{"@type":"SearchAction","target":{"@type":"EntryPoint","urlTemplate":"https:\/\/multihoster.org\/?s={search_term_string}"},"query-input":"required name=search_term_string"}],"inLanguage":"fr-FR"},{"@type":"ImageObject","@id":"https:\/\/multihoster.org\/fr\/linksnappy\/#primaryimage","inLanguage":"fr-FR","url":"https:\/\/multihoster.org\/wp-content\/uploads\/2018\/10\/logo-3.png","contentUrl":"https:\/\/multihoster.org\/wp-content\/uploads\/2018\/10\/logo-3.png","width":371,"height":216},{"@type":"WebPage","@id":"https:\/\/multihoster.org\/fr\/linksnappy\/#webpage","url":"https:\/\/multihoster.org\/fr\/linksnappy\/","name":"lll\u25b7 Linksnappy Compte s\u00e9rieux ou pas ? Test ++++ sur Multihoster.org","isPartOf":{"@id":"https:\/\/multihoster.org\/#website"},"primaryImageOfPage":{"@id":"https:\/\/multihoster.org\/fr\/linksnappy\/#primaryimage"},"datePublished":"2018-10-04T13:51:34+00:00","dateModified":"2018-10-04T13:51:34+00:00","description":"Nous avons test\u00e9 le Multihoster LinkSnappy et souhaitons partager notre exp\u00e9rience avec vous concernant le service et le s\u00e9rieux du fournisseur.","breadcrumb":{"@id":"https:\/\/multihoster.org\/fr\/linksnappy\/#breadcrumb"},"inLanguage":"fr-FR","potentialAction":[{"@type":"ReadAction","target":["https:\/\/multihoster.org\/fr\/linksnappy\/"]}]},{"@type":"BreadcrumbList","@id":"https:\/\/multihoster.org\/fr\/linksnappy\/#breadcrumb","itemListElement":[{"@type":"ListItem","position":1,"name":"Startseite","item":"https:\/\/multihoster.org\/fr\/"},{"@type":"ListItem","position":2,"name":"LinkSnappy Experiences &#8211; Le Multihoster en un coup d&rsquo;oeil"}]}]}},"_links":{"self":[{"href":"https:\/\/multihoster.org\/fr\/wp-json\/wp\/v2\/pages\/1735"}],"collection":[{"href":"https:\/\/multihoster.org\/fr\/wp-json\/wp\/v2\/pages"}],"about":[{"href":"https:\/\/multihoster.org\/fr\/wp-json\/wp\/v2\/types\/page"}],"author":[{"embeddable":true,"href":"https:\/\/multihoster.org\/fr\/wp-json\/wp\/v2\/users\/2"}],"replies":[{"embeddable":true,"href":"https:\/\/multihoster.org\/fr\/wp-json\/wp\/v2\/comments?post=1735"}],"version-history":[{"count":4,"href":"https:\/\/multihoster.org\/fr\/wp-json\/wp\/v2\/pages\/1735\/revisions"}],"predecessor-version":[{"id":1796,"href":"https:\/\/multihoster.org\/fr\/wp-json\/wp\/v2\/pages\/1735\/revisions\/1796"}],"wp:attachment":[{"href":"https:\/\/multihoster.org\/fr\/wp-json\/wp\/v2\/media?parent=1735"}],"curies":[{"name":"wp","href":"https:\/\/api.w.org\/{rel}","templated":true}]}}