{"id":1888,"date":"2018-10-05T14:59:17","date_gmt":"2018-10-05T14:59:17","guid":{"rendered":"https:\/\/multihoster.org\/?page_id=1888"},"modified":"2018-10-05T14:59:49","modified_gmt":"2018-10-05T14:59:49","slug":"share-online","status":"publish","type":"page","link":"https:\/\/multihoster.org\/fr\/share-online\/","title":{"rendered":"Share-Online Premium &#8211; L&rsquo;h\u00e9bergeur de fichiers en un coup d&rsquo;\u0153il"},"content":{"rendered":"<p><img loading=\"lazy\" class=\"wp-image-1871 alignleft\" src=\"https:\/\/multihoster.org\/wp-content\/uploads\/2018\/10\/logo-4.png\" alt=\"\" width=\"236\" height=\"61\" \/><\/p>\n<p>Share-Online offre \u00e0 la fois une fonction de t\u00e9l\u00e9chargement et une fonction de t\u00e9l\u00e9chargement. Dans le cadre de l&rsquo;offre, le compte de collection gratuit et l&rsquo;acc\u00e8s premium sont disponibles. Il y a plusieurs restrictions lors de l&rsquo;utilisation du compte de collectionneur, tandis que l&rsquo;acc\u00e8s premium vous permet d&rsquo;utiliser la gamme compl\u00e8te des fonctionnalit\u00e9s.<\/p>\n<h2>La gamme compl\u00e8te Share-Online en un coup d&rsquo;\u0153il<\/h2>\n<p>Si vous souhaitez utiliser gratuitement l&rsquo;offre Partager en ligne, vous pouvez commencer par le compte collecteur, qui comporte certaines restrictions. Les limites pour les t\u00e9l\u00e9chargements comprennent un temps d&rsquo;attente d&rsquo;au moins 30 secondes, une vitesse limit\u00e9e jusqu&rsquo;\u00e0 150 ko par seconde et un volume de t\u00e9l\u00e9chargement limit\u00e9 \u00e0 2 Go par heure par fichier. En ce qui concerne le t\u00e9l\u00e9chargement, les fichiers sont supprim\u00e9s apr\u00e8s un maximum de 45 jours d&rsquo;inactivit\u00e9.<\/p>\n<p>Avec le Compte Premium Partag\u00e9 en ligne, vous pouvez commencer tout de suite et profiter de la vitesse de t\u00e9l\u00e9chargement maximale. De plus, il n&rsquo;y a pas de temps d&rsquo;attente, pas de publicit\u00e9 et beaucoup d&rsquo;autres fonctions.<\/p>\n<p>Il est d\u00e9j\u00e0 possible de t\u00e9l\u00e9charger facilement des fichiers jusqu&rsquo;\u00e0 1024 Mo sans s&rsquo;enregistrer sur la page d&rsquo;accueil.<\/p>\n<h2>Offres de bonus<\/h2>\n<p>Vous pouvez utiliser le programme de partenariat Share-Online de deux fa\u00e7ons. D&rsquo;une part, il est possible de faire de la publicit\u00e9 pour l&rsquo;offre Share Online aupr\u00e8s d&rsquo;amis et de connaissances via un lien partenaire individuel. Vous pouvez \u00e9galement faire de la publicit\u00e9 avec des banni\u00e8res sur votre propre site Web. Lorsque vous achetez un compte valide pour 7 jours ou plus, vous recevrez une commission de 30 % pour chaque premi\u00e8re vente et de 20 % pour les achats suivants.<\/p>\n<p>Une autre offre de bonus est l&rsquo;outil SOUP. C&rsquo;est le Share-Online.biz UPloader v.1.0.0.28.<\/p>\n<p>&nbsp;<\/p>\n<p><img loading=\"lazy\" class=\"size-full wp-image-1844 aligncenter\" src=\"https:\/\/multihoster.org\/wp-content\/uploads\/2018\/10\/Share-Online.jpg\" alt=\"Share-Online\" width=\"1086\" height=\"711\" srcset=\"https:\/\/multihoster.org\/wp-content\/uploads\/2018\/10\/Share-Online.jpg 1086w, https:\/\/multihoster.org\/wp-content\/uploads\/2018\/10\/Share-Online-300x196.jpg 300w, https:\/\/multihoster.org\/wp-content\/uploads\/2018\/10\/Share-Online-768x503.jpg 768w, https:\/\/multihoster.org\/wp-content\/uploads\/2018\/10\/Share-Online-1024x670.jpg 1024w\" sizes=\"(max-width: 1086px) 100vw, 1086px\" \/><\/p>\n<h2>Co\u00fbts et modes de paiement<\/h2>\n<p>Le fournisseur offre une large gamme de forfaits d&rsquo;acc\u00e8s haut de gamme &#8211; vous pouvez choisir parmi un total de 9 forfaits, allant de 2 jours \u00e0 1080 jours. Il y a plusieurs m\u00e9thodes de paiement au choix, y compris les m\u00e9thodes populaires Paypal et Paysafecard. Le paiement par pr\u00e9l\u00e8vement automatique est \u00e9galement possible. Si vous le souhaitez, vous pouvez \u00e9galement s\u00e9lectionner le virement bancaire habituel, virement bancaire direct, webmoney, SMS ou t\u00e9l\u00e9phone. Il est \u00e9galement possible de payer avec une devise crypt\u00e9e via BitPay. En option, un code de coupon peut \u00eatre entr\u00e9 si disponible. Si vous pr\u00e9f\u00e9rez un autre mode de paiement, vous trouverez un point de menu sous la rubrique Bon, qui vous pr\u00e9sente les six revendeurs Share-Online.<\/p>\n<p><strong>\n<table id=\"tablepress-153\" class=\"tablepress tablepress-id-153\">\n<tbody class=\"row-hover\">\n<tr class=\"row-1 odd\">\n\t<td class=\"column-1\">Terme<\/td><td class=\"column-2\">Prix<\/td><td class=\"column-3\">Prix par jour<\/td><td class=\"column-4\">Gratification<br \/>\n(100 points = 1 \u20ac)<br \/>\n<\/td>\n<\/tr>\n<tr class=\"row-2 even\">\n\t<td class=\"column-1\">2 jours<\/td><td class=\"column-2\">4,99 \u20ac<\/td><td class=\"column-3\">2,50 \u20ac<\/td><td class=\"column-4\">200 points<\/td>\n<\/tr>\n<tr class=\"row-3 odd\">\n\t<td class=\"column-1\">30 jours<\/td><td class=\"column-2\">9,49 \u20ac<\/td><td class=\"column-3\">0,32 \u20ac<\/td><td class=\"column-4\">1000 points<\/td>\n<\/tr>\n<tr class=\"row-4 even\">\n\t<td class=\"column-1\">36 jours<\/td><td class=\"column-2\">10,00 \u20ac<\/td><td class=\"column-3\">0,28 \u20ac<\/td><td class=\"column-4\">2000 points<\/td>\n<\/tr>\n<tr class=\"row-5 odd\">\n\t<td class=\"column-1\">90 jours<\/td><td class=\"column-2\">21,99 \u20ac<\/td><td class=\"column-3\">0,24 \u20ac<\/td><td class=\"column-4\">2000 points<\/td>\n<\/tr>\n<tr class=\"row-6 even\">\n\t<td class=\"column-1\">105 jours<\/td><td class=\"column-2\">25,00 \u20ac<\/td><td class=\"column-3\">0,24 \u20ac<\/td><td class=\"column-4\">3500 points<\/td>\n<\/tr>\n<tr class=\"row-7 odd\">\n\t<td class=\"column-1\">180 jours<\/td><td class=\"column-2\">37,99 \u20ac<\/td><td class=\"column-3\">0,21 \u20ac<\/td><td class=\"column-4\">3800 points<\/td>\n<\/tr>\n<tr class=\"row-8 even\">\n\t<td class=\"column-1\">270 jours<\/td><td class=\"column-2\">50,00 \u20ac<\/td><td class=\"column-3\">0,19 \u20ac<\/td><td class=\"column-4\">4000 points<\/td>\n<\/tr>\n<tr class=\"row-9 odd\">\n\t<td class=\"column-1\">420 jours<\/td><td class=\"column-2\">59,99 \u20ac<\/td><td class=\"column-3\">0,14 \u20ac<\/td><td class=\"column-4\">4000 points<\/td>\n<\/tr>\n<tr class=\"row-10 even\">\n\t<td class=\"column-1\">1080 jours<\/td><td class=\"column-2\">99,99 \u20ac<\/td><td class=\"column-3\">0,09 \u20ac<\/td><td class=\"column-4\">8000 points<\/td>\n<\/tr>\n<\/tbody>\n<\/table>\n<!-- #tablepress-153 from cache --><\/strong><\/p>\n<p>Vous pouvez choisir d&rsquo;acheter non seulement un acc\u00e8s premium, qui permet l&rsquo;acc\u00e8s pour plusieurs jours, mais aussi d&rsquo;utiliser le cr\u00e9dit pr\u00e9pay\u00e9. Vous pouvez ajouter \u00e0 votre cr\u00e9dit comme vous le souhaitez et r\u00e9server un tarif pour une heure, trois heures, 9 heures ou 15 heures, si vous le souhaitez.<\/p>\n<h2>D\u00e9claration de confidentialit\u00e9<\/h2>\n<p>Le Filehoster Share-Online d\u00e9clare qu&rsquo;il fait tous les efforts possibles pour traiter les informations stock\u00e9es en toute s\u00e9curit\u00e9. Ils ne sont ni vendus ni \u00e9chang\u00e9s. L&rsquo;adresse e-mail n&rsquo;est utilis\u00e9e qu&rsquo;\u00e0 des fins de notification et est ensuite supprim\u00e9e. Votre adresse IP est enregistr\u00e9e pour les statistiques d&rsquo;utilisation de la capacit\u00e9 et est \u00e9galement supprim\u00e9e au plus tard une heure apr\u00e8s un t\u00e9l\u00e9chargement termin\u00e9.<\/p>\n<p><img loading=\"lazy\" class=\"size-full wp-image-1853 aligncenter\" src=\"https:\/\/multihoster.org\/wp-content\/uploads\/2018\/10\/features.jpg\" alt=\"features\" width=\"1010\" height=\"702\" srcset=\"https:\/\/multihoster.org\/wp-content\/uploads\/2018\/10\/features.jpg 1010w, https:\/\/multihoster.org\/wp-content\/uploads\/2018\/10\/features-300x209.jpg 300w, https:\/\/multihoster.org\/wp-content\/uploads\/2018\/10\/features-768x534.jpg 768w, https:\/\/multihoster.org\/wp-content\/uploads\/2018\/10\/features-392x272.jpg 392w, https:\/\/multihoster.org\/wp-content\/uploads\/2018\/10\/features-130x90.jpg 130w\" sizes=\"(max-width: 1010px) 100vw, 1010px\" \/><\/p>\n<p>&nbsp;<\/p>\n<h2>Service apr\u00e8s-vente<\/h2>\n<p>Pour acc\u00e9der au service client\u00e8le, vous pouvez utiliser l&rsquo;option de menu \u00ab\u00a0Support\u00a0\u00bb, qui se trouve en haut de la page d&rsquo;accueil. De l\u00e0, vous pouvez acc\u00e9der au HELPDESK, o\u00f9 vous pouvez poser votre question et chercher des r\u00e9ponses en cliquant sur l&rsquo;aide \u00e0 la recherche. Vous y trouverez \u00e9galement une vaste base de donn\u00e9es de connaissances. Si vous ne parvenez pas \u00e0 trouver une solution de cette mani\u00e8re, vous pouvez ouvrir un ticket individuel pour le support et v\u00e9rifier le statut du ticket \u00e0 la demande.<\/p>\n<h2>Facilit\u00e9 d&rsquo;utilisation<\/h2>\n<p>Le site Share-Online.biz est clairement structur\u00e9 et convivial. Vous pouvez t\u00e9l\u00e9charger des fichiers jusqu&rsquo;\u00e0 1024 Mo directement de la page d&rsquo;accueil sans vous enregistrer. Si vous souhaitez profiter d&rsquo;un plus grand nombre de fonctionnalit\u00e9s, vous pouvez cr\u00e9er un compte gratuit ou acheter un compte premium directement. Vous trouverez l&rsquo;option d&rsquo;inscription en haut du menu, plus les onglets \u00ab\u00a0NOUVELLES\u00a0\u00bb, \u00ab\u00a0COMPARAISON DE PACKETS\u00a0\u00bb, \u00ab\u00a0FAQ\u00a0\u00bb, \u00ab\u00a0OUTILS\u00a0\u00bb et \u00ab\u00a0SUPPORT\u00a0\u00bb.<\/p>\n<p>L&rsquo;inscription ne n\u00e9cessite qu&rsquo;une adresse e-mail, les d\u00e9tails de connexion vous seront envoy\u00e9s imm\u00e9diatement apr\u00e8s l&rsquo;inscription sur le site. Il n&rsquo;est donc pas absolument n\u00e9cessaire de jeter un coup d&rsquo;\u0153il \u00e0 la bo\u00eete de r\u00e9ception des courriels.<\/p>\n<p>Apr\u00e8s l&rsquo;enregistrement, vous pouvez \u00e9galement s\u00e9lectionner l&rsquo;option \u00ab\u00a0MON PROFIL\u00a0\u00bb. Ici, vous pouvez voir, configurer et devenir actif dans le cadre du programme partenaire pour obtenir des informations plus d\u00e9taill\u00e9es et des d\u00e9tails sur votre compte. Il existe \u00e9galement des options pour le t\u00e9l\u00e9chargement FTP, le t\u00e9l\u00e9chargement \u00e0 distance et la gestion du t\u00e9l\u00e9chargement. Vous pouvez \u00e9galement \u00e9tendre votre acc\u00e8s, acheter un compte pr\u00e9pay\u00e9 et g\u00e9rer vos points. Sous l&rsquo;onglet \u00ab\u00a0Payer \u00e0 vie\u00a0\u00bb, vous pouvez obtenir plus d&rsquo;informations sur le mod\u00e8le Payer \u00e0 vie et utiliser l&rsquo;option \u00ab\u00a0Revue des paiements\u00a0\u00bb pour consulter vos paiements pr\u00e9c\u00e9dents.<\/p>\n<h2>Les avantages d&rsquo;un compte Premium avec Share-Online<\/h2>\n<p>Avec une prime Share-Online, vous pouvez utiliser l&rsquo;ensemble des fonctions sans restriction. Cela signifie que vous disposez d&rsquo;une vitesse maximale et que les t\u00e9l\u00e9chargements peuvent reprendre apr\u00e8s une pause. Il n&rsquo;y a pas de temps d&rsquo;attente, pas de publicit\u00e9, pas de couches ou de pop-ups. De plus, vous pouvez avoir plusieurs t\u00e9l\u00e9chargements actifs en m\u00eame temps et avoir toujours la priorit\u00e9 sur les invit\u00e9s ou les collectionneurs. La suppression de la limite horaire et l&rsquo;inactivit\u00e9 sont compl\u00e8tement \u00e9limin\u00e9es.<\/p>\n<p><strong><img loading=\"lazy\" class=\"size-full wp-image-1862 aligncenter\" src=\"https:\/\/multihoster.org\/wp-content\/uploads\/2018\/10\/pricing-1.jpg\" alt=\"pricing\" width=\"1031\" height=\"731\" srcset=\"https:\/\/multihoster.org\/wp-content\/uploads\/2018\/10\/pricing-1.jpg 1031w, https:\/\/multihoster.org\/wp-content\/uploads\/2018\/10\/pricing-1-300x213.jpg 300w, https:\/\/multihoster.org\/wp-content\/uploads\/2018\/10\/pricing-1-768x545.jpg 768w, https:\/\/multihoster.org\/wp-content\/uploads\/2018\/10\/pricing-1-1024x726.jpg 1024w\" sizes=\"(max-width: 1031px) 100vw, 1031px\" \/><\/strong><\/p>\n<h2 style=\"margin: 18.0pt 0cm 6.0pt 0cm;\">Notre r\u00e9sum\u00e9 du fournisseur Share-Online<\/h2>\n<p>En conclusion, nous pouvons dire que le fournisseur Share-Online a une offre \u00e9tendue. L&rsquo;interface utilisateur est conviviale et facile \u00e0 comprendre, ce qui permet aux utilisateurs exp\u00e9riment\u00e9s comme aux d\u00e9butants d&rsquo;utiliser l&rsquo;offre sans aucun probl\u00e8me. L&rsquo;inscription est rapidement termin\u00e9e et vous pouvez choisir parmi plusieurs forfaits et m\u00e9thodes de paiement pour passer \u00e0 un compte Premium.<\/p>\n","protected":false},"excerpt":{"rendered":"<p>Share-Online offre \u00e0 la fois une fonction de t\u00e9l\u00e9chargement et une fonction de t\u00e9l\u00e9chargement. Dans le cadre de l&rsquo;offre, le<\/p>\n","protected":false},"author":2,"featured_media":0,"parent":0,"menu_order":0,"comment_status":"closed","ping_status":"closed","template":"","meta":[],"yoast_head":"<!-- This site is optimized with the Yoast SEO plugin v18.3 - https:\/\/yoast.com\/wordpress\/plugins\/seo\/ -->\n<title>lll\u25b7 Share-Online.biz Premium s\u00e9rieux ou pas ? Test sur Multihoster.org<\/title>\n<meta name=\"description\" content=\"Le Filehoster Share-Online vous offre une offre de t\u00e9l\u00e9chargement et de t\u00e9l\u00e9chargement int\u00e9ressante et compl\u00e8te, qui peut \u00eatre utilis\u00e9e sans limitation avec le compte Premium.\" \/>\n<meta name=\"robots\" content=\"index, follow, max-snippet:-1, max-image-preview:large, max-video-preview:-1\" \/>\n<link rel=\"canonical\" href=\"https:\/\/multihoster.org\/fr\/share-online\/\" \/>\n<meta property=\"og:locale\" content=\"fr_FR\" \/>\n<meta property=\"og:type\" content=\"article\" \/>\n<meta property=\"og:title\" content=\"lll\u25b7 Share-Online.biz Premium s\u00e9rieux ou pas ? Test sur Multihoster.org\" \/>\n<meta property=\"og:description\" content=\"Le Filehoster Share-Online vous offre une offre de t\u00e9l\u00e9chargement et de t\u00e9l\u00e9chargement int\u00e9ressante et compl\u00e8te, qui peut \u00eatre utilis\u00e9e sans limitation avec le compte Premium.\" \/>\n<meta property=\"og:url\" content=\"https:\/\/multihoster.org\/fr\/share-online\/\" \/>\n<meta property=\"og:site_name\" content=\"Multihoster.org\" \/>\n<meta property=\"article:modified_time\" content=\"2018-10-05T14:59:49+00:00\" \/>\n<meta property=\"og:image\" content=\"https:\/\/multihoster.org\/wp-content\/uploads\/2018\/10\/logo-4.png\" \/>\n<meta name=\"twitter:card\" content=\"summary\" \/>\n<meta name=\"twitter:label1\" content=\"Dur\u00e9e de lecture estim\u00e9e\" \/>\n\t<meta name=\"twitter:data1\" content=\"5 minutes\" \/>\n<script type=\"application\/ld+json\" class=\"yoast-schema-graph\">{\"@context\":\"https:\/\/schema.org\",\"@graph\":[{\"@type\":\"WebSite\",\"@id\":\"https:\/\/multihoster.org\/#website\",\"url\":\"https:\/\/multihoster.org\/\",\"name\":\"Multihoster.org\",\"description\":\"Reviews of the major Filehosting services\",\"potentialAction\":[{\"@type\":\"SearchAction\",\"target\":{\"@type\":\"EntryPoint\",\"urlTemplate\":\"https:\/\/multihoster.org\/?s={search_term_string}\"},\"query-input\":\"required name=search_term_string\"}],\"inLanguage\":\"fr-FR\"},{\"@type\":\"ImageObject\",\"@id\":\"https:\/\/multihoster.org\/fr\/share-online\/#primaryimage\",\"inLanguage\":\"fr-FR\",\"url\":\"https:\/\/multihoster.org\/wp-content\/uploads\/2018\/10\/logo-4.png\",\"contentUrl\":\"https:\/\/multihoster.org\/wp-content\/uploads\/2018\/10\/logo-4.png\",\"width\":290,\"height\":75},{\"@type\":\"WebPage\",\"@id\":\"https:\/\/multihoster.org\/fr\/share-online\/#webpage\",\"url\":\"https:\/\/multihoster.org\/fr\/share-online\/\",\"name\":\"lll\u25b7 Share-Online.biz Premium s\u00e9rieux ou pas ? Test sur Multihoster.org\",\"isPartOf\":{\"@id\":\"https:\/\/multihoster.org\/#website\"},\"primaryImageOfPage\":{\"@id\":\"https:\/\/multihoster.org\/fr\/share-online\/#primaryimage\"},\"datePublished\":\"2018-10-05T14:59:17+00:00\",\"dateModified\":\"2018-10-05T14:59:49+00:00\",\"description\":\"Le Filehoster Share-Online vous offre une offre de t\u00e9l\u00e9chargement et de t\u00e9l\u00e9chargement int\u00e9ressante et compl\u00e8te, qui peut \u00eatre utilis\u00e9e sans limitation avec le compte Premium.\",\"breadcrumb\":{\"@id\":\"https:\/\/multihoster.org\/fr\/share-online\/#breadcrumb\"},\"inLanguage\":\"fr-FR\",\"potentialAction\":[{\"@type\":\"ReadAction\",\"target\":[\"https:\/\/multihoster.org\/fr\/share-online\/\"]}]},{\"@type\":\"BreadcrumbList\",\"@id\":\"https:\/\/multihoster.org\/fr\/share-online\/#breadcrumb\",\"itemListElement\":[{\"@type\":\"ListItem\",\"position\":1,\"name\":\"Startseite\",\"item\":\"https:\/\/multihoster.org\/fr\/\"},{\"@type\":\"ListItem\",\"position\":2,\"name\":\"Share-Online Premium &#8211; L&rsquo;h\u00e9bergeur de fichiers en un coup d&rsquo;\u0153il\"}]}]}<\/script>\n<!-- \/ Yoast SEO plugin. -->","yoast_head_json":{"title":"lll\u25b7 Share-Online.biz Premium s\u00e9rieux ou pas ? Test sur Multihoster.org","description":"Le Filehoster Share-Online vous offre une offre de t\u00e9l\u00e9chargement et de t\u00e9l\u00e9chargement int\u00e9ressante et compl\u00e8te, qui peut \u00eatre utilis\u00e9e sans limitation avec le compte Premium.","robots":{"index":"index","follow":"follow","max-snippet":"max-snippet:-1","max-image-preview":"max-image-preview:large","max-video-preview":"max-video-preview:-1"},"canonical":"https:\/\/multihoster.org\/fr\/share-online\/","og_locale":"fr_FR","og_type":"article","og_title":"lll\u25b7 Share-Online.biz Premium s\u00e9rieux ou pas ? Test sur Multihoster.org","og_description":"Le Filehoster Share-Online vous offre une offre de t\u00e9l\u00e9chargement et de t\u00e9l\u00e9chargement int\u00e9ressante et compl\u00e8te, qui peut \u00eatre utilis\u00e9e sans limitation avec le compte Premium.","og_url":"https:\/\/multihoster.org\/fr\/share-online\/","og_site_name":"Multihoster.org","article_modified_time":"2018-10-05T14:59:49+00:00","og_image":[{"url":"https:\/\/multihoster.org\/wp-content\/uploads\/2018\/10\/logo-4.png"}],"twitter_card":"summary","twitter_misc":{"Dur\u00e9e de lecture estim\u00e9e":"5 minutes"},"schema":{"@context":"https:\/\/schema.org","@graph":[{"@type":"WebSite","@id":"https:\/\/multihoster.org\/#website","url":"https:\/\/multihoster.org\/","name":"Multihoster.org","description":"Reviews of the major Filehosting services","potentialAction":[{"@type":"SearchAction","target":{"@type":"EntryPoint","urlTemplate":"https:\/\/multihoster.org\/?s={search_term_string}"},"query-input":"required name=search_term_string"}],"inLanguage":"fr-FR"},{"@type":"ImageObject","@id":"https:\/\/multihoster.org\/fr\/share-online\/#primaryimage","inLanguage":"fr-FR","url":"https:\/\/multihoster.org\/wp-content\/uploads\/2018\/10\/logo-4.png","contentUrl":"https:\/\/multihoster.org\/wp-content\/uploads\/2018\/10\/logo-4.png","width":290,"height":75},{"@type":"WebPage","@id":"https:\/\/multihoster.org\/fr\/share-online\/#webpage","url":"https:\/\/multihoster.org\/fr\/share-online\/","name":"lll\u25b7 Share-Online.biz Premium s\u00e9rieux ou pas ? Test sur Multihoster.org","isPartOf":{"@id":"https:\/\/multihoster.org\/#website"},"primaryImageOfPage":{"@id":"https:\/\/multihoster.org\/fr\/share-online\/#primaryimage"},"datePublished":"2018-10-05T14:59:17+00:00","dateModified":"2018-10-05T14:59:49+00:00","description":"Le Filehoster Share-Online vous offre une offre de t\u00e9l\u00e9chargement et de t\u00e9l\u00e9chargement int\u00e9ressante et compl\u00e8te, qui peut \u00eatre utilis\u00e9e sans limitation avec le compte Premium.","breadcrumb":{"@id":"https:\/\/multihoster.org\/fr\/share-online\/#breadcrumb"},"inLanguage":"fr-FR","potentialAction":[{"@type":"ReadAction","target":["https:\/\/multihoster.org\/fr\/share-online\/"]}]},{"@type":"BreadcrumbList","@id":"https:\/\/multihoster.org\/fr\/share-online\/#breadcrumb","itemListElement":[{"@type":"ListItem","position":1,"name":"Startseite","item":"https:\/\/multihoster.org\/fr\/"},{"@type":"ListItem","position":2,"name":"Share-Online Premium &#8211; L&rsquo;h\u00e9bergeur de fichiers en un coup d&rsquo;\u0153il"}]}]}},"_links":{"self":[{"href":"https:\/\/multihoster.org\/fr\/wp-json\/wp\/v2\/pages\/1888"}],"collection":[{"href":"https:\/\/multihoster.org\/fr\/wp-json\/wp\/v2\/pages"}],"about":[{"href":"https:\/\/multihoster.org\/fr\/wp-json\/wp\/v2\/types\/page"}],"author":[{"embeddable":true,"href":"https:\/\/multihoster.org\/fr\/wp-json\/wp\/v2\/users\/2"}],"replies":[{"embeddable":true,"href":"https:\/\/multihoster.org\/fr\/wp-json\/wp\/v2\/comments?post=1888"}],"version-history":[{"count":4,"href":"https:\/\/multihoster.org\/fr\/wp-json\/wp\/v2\/pages\/1888\/revisions"}],"predecessor-version":[{"id":1995,"href":"https:\/\/multihoster.org\/fr\/wp-json\/wp\/v2\/pages\/1888\/revisions\/1995"}],"wp:attachment":[{"href":"https:\/\/multihoster.org\/fr\/wp-json\/wp\/v2\/media?parent=1888"}],"curies":[{"name":"wp","href":"https:\/\/api.w.org\/{rel}","templated":true}]}}