{"id":1939,"date":"2018-10-05T14:48:15","date_gmt":"2018-10-05T14:48:15","guid":{"rendered":"https:\/\/multihoster.org\/?page_id=1939"},"modified":"2019-08-05T14:39:57","modified_gmt":"2019-08-05T14:39:57","slug":"easybytez","status":"publish","type":"page","link":"https:\/\/multihoster.org\/fr\/easybytez\/","title":{"rendered":"EasyBytez Premium Account &#8211; Le Multihoster en un coup d&rsquo;\u0153il"},"content":{"rendered":"<p style=\"margin: 20.15pt 0cm 5.95pt 0cm;\"><span style=\"font-family: 'Arial',sans-serif; color: black;\" data-darkreader-inline-color=\"\"><img loading=\"lazy\" class=\"size-full wp-image-1479 alignleft\" src=\"https:\/\/multihoster.org\/wp-content\/uploads\/2018\/09\/logo-3.png\" alt=\"logo\" width=\"258\" height=\"67\">Avec le Multihoster EasyBytez vous pouvez t\u00e9l\u00e9charger et t\u00e9l\u00e9charger diff\u00e9rents fichiers. Le t\u00e9l\u00e9chargement est d\u00e9j\u00e0 possible sans cr\u00e9er de compte. Vous pouvez vous inscrire gratuitement et, si vous le souhaitez, vous pouvez mettre \u00e0 niveau votre compte vers EasyBytez Premium. Le fournisseur promet un haut niveau de protection et de s\u00e9curit\u00e9, des vitesses \u00e9lev\u00e9es et une facilit\u00e9 d&rsquo;utilisation attrayante. <\/span><\/p>\n<p><a class=\"fasc-button fasc-size-xlarge fasc-type-glossy fasc-rounded-medium ico-fa fasc-ico-after fa-share\" style=\"background-color: #39697a; color: #fbf7f1; --darkreader-inline-bgcolor: #3f5f69; --darkreader-inline-color: #f7f0e5;\" target=\"_blank\" rel=\"nofollow noopener noreferrer\" data-darkreader-inline-bgcolor=\"\" data-darkreader-inline-color=\"\" href=\"https:\/\/multihoster.org\/file-al\/goto\/\">Allez \u00e0 Easybytez<\/a><\/p>\n<h2>Une vue d&rsquo;ensemble de l&rsquo;ensemble de la gamme<\/h2>\n<p style=\"margin: 18.15pt 0cm 5.95pt 0cm;\"><span style=\"font-family: 'Arial',sans-serif; color: black;\" data-darkreader-inline-color=\"\">D&rsquo;une part, vous pouvez cr\u00e9er un compte gratuit avec lequel vous pouvez faire un usage limit\u00e9 du service EasyBytez. En outre, vous \u00eates \u00e9galement libre d&rsquo;utiliser les fonctions d&rsquo;EasyBytez Premium. Le compte Premium EasyBytez vous offre toute la gamme de fonctions, y compris la vitesse maximale et l&rsquo;utilisation sans publicit\u00e9 d&rsquo;EasyBytez.<\/span><\/p>\n<h2>Caract\u00e9ristiques positives du fournisseur<\/h2>\n<ul>\n<li>Gratuit et payant<\/li>\n<li>Service Premium \u00e9tendu<\/li>\n<li>Modes de paiement anonymes disponibles<\/li>\n<li>Utilisation simple et ais\u00e9e<\/li>\n<\/ul>\n<h2>Offres de bonus<\/h2>\n<p style=\"margin: 18.15pt 0cm 5.95pt 0cm;\"><span style=\"font-family: 'Arial',sans-serif; color: black;\" data-darkreader-inline-color=\"\">Avec un compte Premium EasyBytez, vous avez non seulement la possibilit\u00e9 de t\u00e9l\u00e9charger et de t\u00e9l\u00e9charger des fichiers, mais vous pouvez \u00e9galement recevoir une commission int\u00e9ressante en annon\u00e7ant le compte Premium EasyBytez avec le lien de r\u00e9f\u00e9rence d\u00e9sign\u00e9.<\/span><\/p>\n<h2>Co\u00fbts et modes de paiement<\/h2>\n<p style=\"margin: 0cm; margin-bottom: .0001pt;\"><span style=\"font-family: 'Arial',sans-serif; color: black;\" data-darkreader-inline-color=\"\">Pour le paiement du Compte Premium EasyBytez, vous avez le choix entre plusieurs m\u00e9thodes. Outre le fournisseur de services de paiement populaire Paypal, ces derniers incluent les m\u00e9thodes de paiement VISA et Mastercard. Il y a aussi la possibilit\u00e9 de payer via Vivapayments.com. Si vous souhaitez payer anonymement pour votre compte, vous pouvez choisir la m\u00e9thode Paysafecard ou Bitcoin. Il est \u00e9galement possible d&rsquo;acheter le Compte Premium EasyBytez aupr\u00e8s d&rsquo;un des nombreux revendeurs. <\/span><\/p>\n<p><strong>\n<table id=\"tablepress-162\" class=\"tablepress tablepress-id-162\">\n<tbody class=\"row-hover\">\n<tr class=\"row-1 odd\">\n\t<td class=\"column-1\">30 jours<\/td><td class=\"column-2\">90 jours<\/td><td class=\"column-3\">180 jours<\/td><td class=\"column-4\">365 jours<\/td><td class=\"column-5\">730 jours<\/td>\n<\/tr>\n<tr class=\"row-2 even\">\n\t<td class=\"column-1\">$ 9,99<\/td><td class=\"column-2\">$ 23,99<\/td><td class=\"column-3\">$ 38,99<\/td><td class=\"column-4\">$ 65,99<\/td><td class=\"column-5\">$ 99,99<\/td>\n<\/tr>\n<\/tbody>\n<\/table>\n<!-- #tablepress-162 from cache --><\/strong><\/p>\n<p><a class=\"fasc-button fasc-size-xlarge fasc-type-glossy fasc-rounded-medium ico-fa fasc-ico-after fa-share\" style=\"background-color: #39697a; color: #fbf7f1; --darkreader-inline-bgcolor: #3f5f69; --darkreader-inline-color: #f7f0e5;\" target=\"_blank\" rel=\"nofollow noopener noreferrer\" data-darkreader-inline-bgcolor=\"\" data-darkreader-inline-color=\"\" href=\"https:\/\/multihoster.org\/file-al\/goto\/\">Allez \u00e0 Easybytez<\/a><\/p>\n<p><img loading=\"lazy\" class=\"alignnone size-full wp-image-1478\" src=\"https:\/\/multihoster.org\/wp-content\/uploads\/2018\/09\/prices-3.png\" alt=\"prices\" width=\"1116\" height=\"200\" srcset=\"https:\/\/multihoster.org\/wp-content\/uploads\/2018\/09\/prices-3.png 1116w, https:\/\/multihoster.org\/wp-content\/uploads\/2018\/09\/prices-3-300x54.png 300w, https:\/\/multihoster.org\/wp-content\/uploads\/2018\/09\/prices-3-768x138.png 768w, https:\/\/multihoster.org\/wp-content\/uploads\/2018\/09\/prices-3-1024x184.png 1024w\" sizes=\"(max-width: 1116px) 100vw, 1116px\" \/><\/p>\n<h2>D\u00e9claration de confidentialit\u00e9<\/h2>\n<p style=\"margin: 18.15pt 0cm 5.95pt 0cm;\"><span style=\"font-family: 'Arial',sans-serif; color: black;\" data-darkreader-inline-color=\"\">En s&rsquo;inscrivant aupr\u00e8s d&rsquo;EasyBytez, l&rsquo;utilisateur accepte le stockage de ses donn\u00e9es personnelles dans la base de donn\u00e9es EasyBytez et le transfert \u00e0 des tiers \u00e0 des fins de marketing. Les donn\u00e9es personnelles enregistr\u00e9es peuvent \u00eatre transmises \u00e0 des tiers qui respectent les dispositions relatives \u00e0 la protection des donn\u00e9es. Comme tout autre h\u00e9bergeur de fichiers, EasyBytez doit bien entendu respecter les exigences l\u00e9gales en mati\u00e8re de protection des donn\u00e9es et de confidentialit\u00e9 lors de l&rsquo;utilisation de vos donn\u00e9es. En ce qui concerne le paiement, le fournisseur promet une s\u00e9curit\u00e9 \u00e0 100 pour cent.<\/span><\/p>\n<h2>Service apr\u00e8s-vente<\/h2>\n<p style=\"margin: 18.15pt 0cm 5.95pt 0cm;\"><span style=\"font-family: 'Arial',sans-serif; color: black;\" data-darkreader-inline-color=\"\">Vous pouvez joindre le service client\u00e8le en cliquant sur le point de menu \u00ab\u00a0Contact\u00a0\u00bb, situ\u00e9 en haut \u00e0 droite de la page d&rsquo;accueil. Lorsque vous arrivez \u00e0 l&rsquo;espace client, vous pouvez ouvrir un nouveau ticket ou v\u00e9rifier l&rsquo;\u00e9tat d&rsquo;un ticket en cours. En plus du point de menu \u00ab\u00a0Contact\u00a0\u00bb, vous trouverez \u00e9galement la FAQ, o\u00f9 de nombreuses questions peuvent d\u00e9j\u00e0 \u00eatre r\u00e9solues.<\/span><\/p>\n<h2>Facilit\u00e9 d&rsquo;utilisation<\/h2>\n<p>Le site EasyBytez.com est bien structur\u00e9, sur la page d&rsquo;accueil le visiteur peut facilement trouver son chemin et t\u00e9l\u00e9charger les fichiers d\u00e9sir\u00e9s jusqu&rsquo;\u00e0 une taille de 100 Mo sans s&rsquo;enregistrer. En haut de la page, vous trouverez des \u00e9l\u00e9ments de menu suppl\u00e9mentaires pour obtenir des informations plus d\u00e9taill\u00e9es sur le Compte Premium, pour contacter l&rsquo;\u00e9quipe EasyBytez ou pour rechercher dans la FAQ les r\u00e9ponses appropri\u00e9es \u00e0 votre question. Il y a aussi une section de nouvelles, ainsi que les onglets \u00ab\u00a0Upload Files\u00a0\u00bb et \u00ab\u00a0Sign Up\u00a0\u00bb.<\/p>\n<p>En cliquant sur \u00ab\u00a0S&rsquo;inscrire\u00a0\u00bb, vous pouvez cr\u00e9er votre compte EasyBytez gratuit. Pour ce faire, vous avez besoin d&rsquo;un nom d&rsquo;utilisateur et d&rsquo;une adresse e-mail, vous pouvez d\u00e9finir le mot de passe et cr\u00e9er le compte apr\u00e8s la r\u00e9ponse captcha.<\/p>\n<p>Apr\u00e8s vous \u00eatre connect\u00e9, vous avez le choix entre \u00ab\u00a0File Upload\u00a0\u00bb, \u00ab\u00a0Flash Upload\u00a0\u00bb, \u00ab\u00a0Remote Upload\u00a0\u00bb, \u00ab\u00a0Free URL leech\u00a0\u00bb et \u00ab\u00a0FTP Upload\u00a0\u00bb sur la page d&rsquo;accueil. La taille maximale du fichier \u00e0 t\u00e9l\u00e9charger apr\u00e8s l&rsquo;enregistrement pour le compte gratuit est de 512 Mo.<\/p>\n<p>En haut de la page, vous pouvez g\u00e9rer vos fichiers dans le menu \u00ab\u00a0Mes fichiers\u00a0\u00bb et consulter des informations plus d\u00e9taill\u00e9es sur votre compte dans l&rsquo;onglet \u00ab\u00a0Mon compte\u00a0\u00bb. Les options \u00ab\u00a0Dashboard\u00a0\u00bb sont \u00e9galement disponibles pour un aper\u00e7u des rapports et \u00ab\u00a0Get Premium\u00a0\u00bb et \u00ab\u00a0Support\u00a0\u00bb. Sous le point de menu \u00ab\u00a0Get Premium\u00a0\u00bb, vous trouverez les packs pour le service Premium, les fonctions d&rsquo;EasyBytez Premium et les options de paiement. Vous pouvez contacter le service client via l&rsquo;onglet Support.<\/p>\n<h2>Les avantages d&rsquo;un compte Premium avec EasyBytez<\/h2>\n<p style=\"margin: 18.15pt 0cm 5.95pt 0cm;\"><span style=\"font-family: 'Arial',sans-serif; color: black;\" data-darkreader-inline-color=\"\">Avec un EasyBytez Premium Account, vous disposez d&rsquo;une vitesse maximale et d&rsquo;un volume de donn\u00e9es journalier illimit\u00e9. La capacit\u00e9 de t\u00e9l\u00e9chargement horaire est \u00e9galement illimit\u00e9e avec EasyBytez Premium. De plus, il n&rsquo;y a plus de temps d&rsquo;attente pour les t\u00e9l\u00e9chargements gr\u00e2ce \u00e0 Instant Start. La limitation de la taille du fichier est \u00e9galement compl\u00e8tement omise des t\u00e9l\u00e9chargements. Vous pouvez t\u00e9l\u00e9charger des fichiers jusqu&rsquo;\u00e0 5 Go. Vous pouvez \u00e9galement avoir plusieurs t\u00e9l\u00e9chargements actifs en m\u00eame temps, les mettre en pause et les reprendre. Les fichiers inactifs sont stock\u00e9s dans le compte Premium EasyBytez pendant 250 jours maximum. La capacit\u00e9 de stockage est de 5 To, qui peut \u00eatre augment\u00e9e sur demande et moyennant des frais. Enfin, le t\u00e9l\u00e9chargement FTP a \u00e9t\u00e9 ajout\u00e9 en tant que fonction, ce qui n&rsquo;est possible qu&rsquo;avec EasyBytez Premium.<\/span><\/p>\n<h2>Notre conclusion sur le fournisseur EasyBytez<\/h2>\n<p style=\"margin: 18.15pt 0cm 5.95pt 0cm;\"><span style=\"font-family: 'Arial',sans-serif; color: black;\" data-darkreader-inline-color=\"\">En conclusion, le fournisseur EasyBytez est une plateforme conviviale pour t\u00e9l\u00e9charger et stocker des donn\u00e9es et t\u00e9l\u00e9charger des fichiers. En ce qui concerne la protection de la vie priv\u00e9e et des donn\u00e9es, l&rsquo;h\u00e9bergeur promet un haut niveau de s\u00e9curit\u00e9. Si l&rsquo;offre EasyBytez vous int\u00e9resse, vous pouvez d&rsquo;abord cr\u00e9er, tester et, si vous le souhaitez, passer \u00e0 EasyBytez Premium pour utiliser l&rsquo;ensemble des fonctionnalit\u00e9s. Vous avez le choix entre plusieurs modes de paiement.<\/span><\/p>\n<p><a class=\"fasc-button fasc-size-xlarge fasc-type-glossy fasc-rounded-medium ico-fa fasc-ico-after fa-share\" style=\"background-color: #39697a; color: #fbf7f1; --darkreader-inline-bgcolor: #3f5f69; --darkreader-inline-color: #f7f0e5;\" target=\"_blank\" rel=\"nofollow noopener noreferrer\" data-darkreader-inline-bgcolor=\"\" data-darkreader-inline-color=\"\" href=\"https:\/\/multihoster.org\/file-al\/goto\/\">Allez \u00e0 Easybytez<\/a><\/p>\n","protected":false},"excerpt":{"rendered":"<p>Avec le Multihoster EasyBytez vous pouvez t\u00e9l\u00e9charger et t\u00e9l\u00e9charger diff\u00e9rents fichiers. Le t\u00e9l\u00e9chargement est d\u00e9j\u00e0 possible sans cr\u00e9er de compte.<\/p>\n","protected":false},"author":2,"featured_media":0,"parent":0,"menu_order":0,"comment_status":"closed","ping_status":"closed","template":"","meta":[],"yoast_head":"<!-- This site is optimized with the Yoast SEO plugin v18.3 - https:\/\/yoast.com\/wordpress\/plugins\/seo\/ -->\n<title>llll\u25b7 EasyBytez Premium Compte s\u00e9rieux ou pas ? Test sur Multihoster.org<\/title>\n<meta name=\"description\" content=\"Vous \u00eates int\u00e9ress\u00e9 par l&#039;offre d&#039;EasyBytez ? Nous aimerions vous pr\u00e9senter en d\u00e9tail le fournisseur et le compte Premium EasyBytez.\" \/>\n<meta name=\"robots\" content=\"index, follow, max-snippet:-1, max-image-preview:large, max-video-preview:-1\" \/>\n<link rel=\"canonical\" href=\"https:\/\/multihoster.org\/fr\/easybytez\/\" \/>\n<meta property=\"og:locale\" content=\"fr_FR\" \/>\n<meta property=\"og:type\" content=\"article\" \/>\n<meta property=\"og:title\" content=\"llll\u25b7 EasyBytez Premium Compte s\u00e9rieux ou pas ? Test sur Multihoster.org\" \/>\n<meta property=\"og:description\" content=\"Vous \u00eates int\u00e9ress\u00e9 par l&#039;offre d&#039;EasyBytez ? Nous aimerions vous pr\u00e9senter en d\u00e9tail le fournisseur et le compte Premium EasyBytez.\" \/>\n<meta property=\"og:url\" content=\"https:\/\/multihoster.org\/fr\/easybytez\/\" \/>\n<meta property=\"og:site_name\" content=\"Multihoster.org\" \/>\n<meta property=\"article:modified_time\" content=\"2019-08-05T14:39:57+00:00\" \/>\n<meta property=\"og:image\" content=\"https:\/\/multihoster.org\/wp-content\/uploads\/2018\/09\/logo-3.png\" \/>\n<meta name=\"twitter:card\" content=\"summary\" \/>\n<meta name=\"twitter:label1\" content=\"Dur\u00e9e de lecture estim\u00e9e\" \/>\n\t<meta name=\"twitter:data1\" content=\"5 minutes\" \/>\n<script type=\"application\/ld+json\" class=\"yoast-schema-graph\">{\"@context\":\"https:\/\/schema.org\",\"@graph\":[{\"@type\":\"WebSite\",\"@id\":\"https:\/\/multihoster.org\/#website\",\"url\":\"https:\/\/multihoster.org\/\",\"name\":\"Multihoster.org\",\"description\":\"Reviews of the major Filehosting services\",\"potentialAction\":[{\"@type\":\"SearchAction\",\"target\":{\"@type\":\"EntryPoint\",\"urlTemplate\":\"https:\/\/multihoster.org\/?s={search_term_string}\"},\"query-input\":\"required name=search_term_string\"}],\"inLanguage\":\"fr-FR\"},{\"@type\":\"ImageObject\",\"@id\":\"https:\/\/multihoster.org\/fr\/easybytez\/#primaryimage\",\"inLanguage\":\"fr-FR\",\"url\":\"https:\/\/multihoster.org\/wp-content\/uploads\/2018\/09\/logo-3.png\",\"contentUrl\":\"https:\/\/multihoster.org\/wp-content\/uploads\/2018\/09\/logo-3.png\",\"width\":258,\"height\":67,\"caption\":\"logo\"},{\"@type\":\"WebPage\",\"@id\":\"https:\/\/multihoster.org\/fr\/easybytez\/#webpage\",\"url\":\"https:\/\/multihoster.org\/fr\/easybytez\/\",\"name\":\"llll\u25b7 EasyBytez Premium Compte s\u00e9rieux ou pas ? Test sur Multihoster.org\",\"isPartOf\":{\"@id\":\"https:\/\/multihoster.org\/#website\"},\"primaryImageOfPage\":{\"@id\":\"https:\/\/multihoster.org\/fr\/easybytez\/#primaryimage\"},\"datePublished\":\"2018-10-05T14:48:15+00:00\",\"dateModified\":\"2019-08-05T14:39:57+00:00\",\"description\":\"Vous \u00eates int\u00e9ress\u00e9 par l'offre d'EasyBytez ? Nous aimerions vous pr\u00e9senter en d\u00e9tail le fournisseur et le compte Premium EasyBytez.\",\"breadcrumb\":{\"@id\":\"https:\/\/multihoster.org\/fr\/easybytez\/#breadcrumb\"},\"inLanguage\":\"fr-FR\",\"potentialAction\":[{\"@type\":\"ReadAction\",\"target\":[\"https:\/\/multihoster.org\/fr\/easybytez\/\"]}]},{\"@type\":\"BreadcrumbList\",\"@id\":\"https:\/\/multihoster.org\/fr\/easybytez\/#breadcrumb\",\"itemListElement\":[{\"@type\":\"ListItem\",\"position\":1,\"name\":\"Startseite\",\"item\":\"https:\/\/multihoster.org\/fr\/\"},{\"@type\":\"ListItem\",\"position\":2,\"name\":\"EasyBytez Premium Account &#8211; Le Multihoster en un coup d&rsquo;\u0153il\"}]}]}<\/script>\n<!-- \/ Yoast SEO plugin. -->","yoast_head_json":{"title":"llll\u25b7 EasyBytez Premium Compte s\u00e9rieux ou pas ? Test sur Multihoster.org","description":"Vous \u00eates int\u00e9ress\u00e9 par l'offre d'EasyBytez ? Nous aimerions vous pr\u00e9senter en d\u00e9tail le fournisseur et le compte Premium EasyBytez.","robots":{"index":"index","follow":"follow","max-snippet":"max-snippet:-1","max-image-preview":"max-image-preview:large","max-video-preview":"max-video-preview:-1"},"canonical":"https:\/\/multihoster.org\/fr\/easybytez\/","og_locale":"fr_FR","og_type":"article","og_title":"llll\u25b7 EasyBytez Premium Compte s\u00e9rieux ou pas ? Test sur Multihoster.org","og_description":"Vous \u00eates int\u00e9ress\u00e9 par l'offre d'EasyBytez ? Nous aimerions vous pr\u00e9senter en d\u00e9tail le fournisseur et le compte Premium EasyBytez.","og_url":"https:\/\/multihoster.org\/fr\/easybytez\/","og_site_name":"Multihoster.org","article_modified_time":"2019-08-05T14:39:57+00:00","og_image":[{"url":"https:\/\/multihoster.org\/wp-content\/uploads\/2018\/09\/logo-3.png"}],"twitter_card":"summary","twitter_misc":{"Dur\u00e9e de lecture estim\u00e9e":"5 minutes"},"schema":{"@context":"https:\/\/schema.org","@graph":[{"@type":"WebSite","@id":"https:\/\/multihoster.org\/#website","url":"https:\/\/multihoster.org\/","name":"Multihoster.org","description":"Reviews of the major Filehosting services","potentialAction":[{"@type":"SearchAction","target":{"@type":"EntryPoint","urlTemplate":"https:\/\/multihoster.org\/?s={search_term_string}"},"query-input":"required name=search_term_string"}],"inLanguage":"fr-FR"},{"@type":"ImageObject","@id":"https:\/\/multihoster.org\/fr\/easybytez\/#primaryimage","inLanguage":"fr-FR","url":"https:\/\/multihoster.org\/wp-content\/uploads\/2018\/09\/logo-3.png","contentUrl":"https:\/\/multihoster.org\/wp-content\/uploads\/2018\/09\/logo-3.png","width":258,"height":67,"caption":"logo"},{"@type":"WebPage","@id":"https:\/\/multihoster.org\/fr\/easybytez\/#webpage","url":"https:\/\/multihoster.org\/fr\/easybytez\/","name":"llll\u25b7 EasyBytez Premium Compte s\u00e9rieux ou pas ? Test sur Multihoster.org","isPartOf":{"@id":"https:\/\/multihoster.org\/#website"},"primaryImageOfPage":{"@id":"https:\/\/multihoster.org\/fr\/easybytez\/#primaryimage"},"datePublished":"2018-10-05T14:48:15+00:00","dateModified":"2019-08-05T14:39:57+00:00","description":"Vous \u00eates int\u00e9ress\u00e9 par l'offre d'EasyBytez ? Nous aimerions vous pr\u00e9senter en d\u00e9tail le fournisseur et le compte Premium EasyBytez.","breadcrumb":{"@id":"https:\/\/multihoster.org\/fr\/easybytez\/#breadcrumb"},"inLanguage":"fr-FR","potentialAction":[{"@type":"ReadAction","target":["https:\/\/multihoster.org\/fr\/easybytez\/"]}]},{"@type":"BreadcrumbList","@id":"https:\/\/multihoster.org\/fr\/easybytez\/#breadcrumb","itemListElement":[{"@type":"ListItem","position":1,"name":"Startseite","item":"https:\/\/multihoster.org\/fr\/"},{"@type":"ListItem","position":2,"name":"EasyBytez Premium Account &#8211; Le Multihoster en un coup d&rsquo;\u0153il"}]}]}},"_links":{"self":[{"href":"https:\/\/multihoster.org\/fr\/wp-json\/wp\/v2\/pages\/1939"}],"collection":[{"href":"https:\/\/multihoster.org\/fr\/wp-json\/wp\/v2\/pages"}],"about":[{"href":"https:\/\/multihoster.org\/fr\/wp-json\/wp\/v2\/types\/page"}],"author":[{"embeddable":true,"href":"https:\/\/multihoster.org\/fr\/wp-json\/wp\/v2\/users\/2"}],"replies":[{"embeddable":true,"href":"https:\/\/multihoster.org\/fr\/wp-json\/wp\/v2\/comments?post=1939"}],"version-history":[{"count":4,"href":"https:\/\/multihoster.org\/fr\/wp-json\/wp\/v2\/pages\/1939\/revisions"}],"predecessor-version":[{"id":2209,"href":"https:\/\/multihoster.org\/fr\/wp-json\/wp\/v2\/pages\/1939\/revisions\/2209"}],"wp:attachment":[{"href":"https:\/\/multihoster.org\/fr\/wp-json\/wp\/v2\/media?parent=1939"}],"curies":[{"name":"wp","href":"https:\/\/api.w.org\/{rel}","templated":true}]}}