{"id":2394,"date":"2020-03-20T11:48:13","date_gmt":"2020-03-20T11:48:13","guid":{"rendered":"https:\/\/multihoster.org\/?page_id=2394"},"modified":"2020-05-29T10:31:28","modified_gmt":"2020-05-29T10:31:28","slug":"mega","status":"publish","type":"page","link":"https:\/\/multihoster.org\/fr\/mega\/","title":{"rendered":"Mega Premium Compte: Le Filehoster en un coup d&rsquo;\u0153il"},"content":{"rendered":"\n<p>Mega est votre stockage cloud s\u00e9curis\u00e9, s\u00e9curis\u00e9 et pratique gratuitement. Ce<a rel=\"noreferrer noopener\" aria-label=\" stockage en ligne (\u00f6ffnet in neuem Tab)\" href=\"https:\/\/cloud.google.com\/storage\" target=\"_blank\"> stockage en ligne<\/a> se met \u00e0 jour et se remod\u00e8le en permanence pour \u00eatre \u00e0 la hauteur des normes internationales de stockage Web en ligne. En savoir plus pour apprendre et profiter de ses fonctionnalit\u00e9s ainsi que de la s\u00e9curit\u00e9 correspondante pour vos photos, vid\u00e9os et autres fichiers importants.<\/p>\n\n\n<a class=\"maxbutton-2 maxbutton maxbutton-cta\" target=\"_blank\" rel=\"nofollow noopener\" href=\"\/go\/\"><span class='mb-text'>&gt;&gt; Acc\u00e9der au site web original de Linkifier<\/span><\/a>\n\n\n<p><\/p>\n\n\n\n<h2>Les humbles origines \u00abm\u00e9ga\u00bb<\/h2>\n\n\n\n<p>Mega a \u00e9t\u00e9 finalis\u00e9 et d\u00e9ploy\u00e9 en ligne le 19 janvier 2013 apr\u00e8s une s\u00e9rie de tests continus par Kim Dotcom, une citoyenne de la Nouvelle-Z\u00e9lande.<\/p>\n\n\n\n<p>\u00c0 la premi\u00e8re heure de son d\u00e9ploiement, cent mille utilisateurs (100 000,00) se sont imm\u00e9diatement inscrits sur le site Web en pr\u00e9vision de ses fonctionnalit\u00e9s et services. L&rsquo;enregistrement a augment\u00e9 de fa\u00e7on exponentielle alors que les utilisateurs passaient \u00e0 un million (1 000 000,00) qui t\u00e9l\u00e9charge en moyenne soixante (60) types de fichiers diff\u00e9rents par minute. Ces augmentations se sont poursuivies et en trois (3) jours, les fichiers t\u00e9l\u00e9charg\u00e9s ont atteint jusqu&rsquo;\u00e0 cinq cent (500) en une seconde.<\/p>\n\n\n\n<figure class=\"wp-block-image\"><img src=\"https:\/\/lh5.googleusercontent.com\/ziFsG1DkHhIGJyIU2hWhpt6qMoGKojcN-gTFptnOvGyD6gg2nqjB2Pv2xjpsSN9Wd_8XNgyv8zEvv_3om4-z7X1l5bYHfG9DBymKYAxnVaU5JQWfhQozCW24eOoS1CLrvNHJ3UU\" alt=\"Monitor, tablet and mobile phone.\"\/><\/figure>\n\n\n\n<p>La plate-forme du service d&rsquo;h\u00e9bergement de fichiers Mega (FHS) a \u00e9t\u00e9 largement accept\u00e9e car les utilisateurs du monde entier se sont inscrits sur diff\u00e9rents appareils lors de sa sortie.<\/p>\n\n\n\n<p>La gestion du service d&rsquo;h\u00e9bergement de fichiers Mega (FHS) a vu la n\u00e9cessit\u00e9 de d\u00e9velopper une application pour les t\u00e9l\u00e9phones mobiles et le 4 juillet 2013, l&rsquo;application Mega Android est sortie sur le Google Playstore. Il y avait \u00e9galement un besoin croissant pour les utilisateurs d&rsquo;iPhone, car le 26 novembre 2013, ils ont publi\u00e9 une application Mega iOS sur l&rsquo;App Store d&rsquo;Apple. La direction a \u00e9galement \u00e9t\u00e9 en mesure de publier l&rsquo;application MEGAsync pour Windows le 20 janvier 2014, ce qui a facilit\u00e9 l&rsquo;utilisation des services d&rsquo;h\u00e9bergement de fichiers (FHS) sur PC Windows. Une application MEGAsync bas\u00e9e sur Linux a \u00e9galement \u00e9t\u00e9 publi\u00e9e pour Linux le 6 septembre 2014.<\/p>\n\n\n\n<p>\u00c0 la fin de 2013 et au d\u00e9but de 2014, Mega a d\u00fb faire face \u00e0 de nombreux probl\u00e8mes et controverses, notamment en raison de cent (100) <a rel=\"noreferrer noopener\" aria-label=\"Suppressions DMCA (\u00f6ffnet in neuem Tab)\" href=\"https:\/\/www.dmca.com\/faq\/What-is-a-DMCA-Takedown\" target=\"_blank\">Suppressions DMCA<\/a> en une journ\u00e9e et d&rsquo;histoires de complot concernant les \u00e9coutes t\u00e9l\u00e9phoniques du gouvernement, qui ont toutes deux \u00e9t\u00e9 rejet\u00e9es par la direction de Mega et le gouvernement n\u00e9o-z\u00e9landais. Malgr\u00e9 ces difficult\u00e9s, Kim Dotcom et ses autres coll\u00e8gues ont pu se pr\u00e9parer \u00e0 l&rsquo;enr\u00f4lement de Mega \u00e0 la Bourse de Nouvelle-Z\u00e9lande.<\/p>\n\n\n\n<p>En 2016, Mega continue de prosp\u00e9rer avec trente-cinq millions de dollars (35 000 000,00 $) d&rsquo;utilisateurs dans le monde et t\u00e9l\u00e9charge jusqu&rsquo;\u00e0 douze milliards (12 000 000 000,00) de fichiers diff\u00e9rents, le service d&rsquo;h\u00e9bergement de fichiers Mega (FHS) continue de servir comme l&rsquo;un des meilleur, sinon le meilleur stockage en ligne \/ stockage cloud au monde.<\/p>\n\n\n\n<h2>Mega Security<\/h2>\n\n\n\n<p>M\u00eame avant sa cr\u00e9ation, les d\u00e9veloppeurs et la gestion de Mega se sont concentr\u00e9s pour fournir une confidentialit\u00e9 maximale des donn\u00e9es \u00e0 ses utilisateurs et pour se conformer aux lois locales et internationales existantes, la raison pour laquelle Mega est con\u00e7u avec <a rel=\"noreferrer noopener\" aria-label=\"script c\u00f4t\u00e9 client (\u00f6ffnet in neuem Tab)\" href=\"https:\/\/computersciencewiki.org\/index.php\/Client-side_scripting_and_server-side_scripting\" target=\"_blank\">script c\u00f4t\u00e9 client<\/a>. Avec les scripts c\u00f4t\u00e9 client, toutes les informations de chaque utilisateur est chiffr\u00e9 avant d&rsquo;entrer sur le serveur avec l&rsquo;algorithme AES. Chaque information crypt\u00e9e est stock\u00e9e dans deux (2) serveurs situ\u00e9s dans deux (2) emplacements distincts garantissant la s\u00e9curit\u00e9 et la s\u00fbret\u00e9 de tous ses utilisateurs contre tout phishing et vol de donn\u00e9es.<\/p>\n\n\n\n<figure class=\"wp-block-image\"><img src=\"https:\/\/lh6.googleusercontent.com\/Kam2Hbb_7G5v_03-2uEFBW1Nli8ElLUeGiVkcZ7lCEoIOtq0KnRlA0s5CNLyCIB0xkXwkgYtvmGA1NTNx-y810NH7p7IgN_Jw7OjBs-ACucc6tXxhlTfZJsOO5ey5BDiXXJebJs\" alt=\"Data storage\"\/><\/figure>\n\n\n\n<p>Les donn\u00e9es et informations crypt\u00e9es des utilisateurs sont conserv\u00e9es en toute s\u00e9curit\u00e9 dans deux (2) serveurs \u00e0 la pointe de la technologie situ\u00e9s \u00e0 des emplacements distincts<\/p>\n\n\n\n<h2>Allocations de m\u00e9gadonn\u00e9es<\/h2>\n\n\n\n<p>Pour assurer l&rsquo;accessibilit\u00e9 et la commodit\u00e9 \u00e0 ses utilisateurs, Mega propose un service d&rsquo;h\u00e9bergement de fichiers (FHS) accessible et \u00e9quitable dans le compte Mega gratuit et les modalit\u00e9s du compte Mega Premium telles que ci-dessous:<\/p>\n\n\n\n<p>&nbsp;1. Mega Free &#8211; Un compte gratuit dispose d&rsquo;une allocation de quinze (15) Go de stockage cloud disponible; trente-cinq (35) Go de stockage dans le cloud d&rsquo;essai pendant un (1) mois; et allocation suppl\u00e9mentaire bas\u00e9e sur un maximum de trente-cinq (35) Go.<\/p>\n\n\n\n<p>2.&nbsp; Mega Premium Account Pro Lite &#8211; Un compte premium qui n\u00e9cessite un paiement mensuel d&rsquo;un montant de onze points trente-huit dollars (11,38 $) avec quatre cent (400) Go de stockage qui peut avoir t\u00e9l\u00e9charg\u00e9 et t\u00e9l\u00e9charg\u00e9 l&rsquo;allocation jusqu&rsquo;\u00e0 un (1) To par mois.<\/p>\n\n\n\n<p>3. Mega Premium Account Pro II &#8211; Un compte premium qui n\u00e9cessite un paiement mensuel d&rsquo;un montant de vingt-deux virgule soixante-dix-huit dollars (22,78 $) avec deux mille (2000) Go de stockage pouvant avoir des vitesses de t\u00e9l\u00e9chargement ou de t\u00e9l\u00e9chargement allant jusqu&rsquo;\u00e0 deux (2) To par mois.<\/p>\n\n\n\n<p>4. Mega Premium Account Pro III &#8211; Un compte premium qui n\u00e9cessite un paiement mensuel d&rsquo;un montant de vingt-deux points vingt-neuf virgule soixante-dix-huit dollars (29,78 $) avec huit mille (8000) Go de stockage pouvant avoir des vitesses de t\u00e9l\u00e9chargement ou de t\u00e9l\u00e9chargement allant jusqu&rsquo;\u00e0 huit (8) To par mois.<\/p>\n\n\n<a class=\"maxbutton-2 maxbutton maxbutton-cta\" target=\"_blank\" rel=\"nofollow noopener\" href=\"\/go\/\"><span class='mb-text'>&gt;&gt; Acc\u00e9der au site web original de Linkifier<\/span><\/a>\n\n\n<p><\/p>\n\n\n\n<p>5. Mega Premium Account Pro IV &#8211; Un compte premium qui n\u00e9cessite un paiement mensuel d&rsquo;un montant de cinquante-deux virgule soixante-dix-huit dollars (52,78 $) avec seize mille (16000) Go de stockage pouvant avoir des vitesses de t\u00e9l\u00e9chargement ou de t\u00e9l\u00e9chargement allant jusqu&rsquo;\u00e0 seize (16) To par mois.<\/p>\n\n\n\n<figure class=\"wp-block-image\"><img src=\"https:\/\/lh5.googleusercontent.com\/u3_8o-SUQK7WVh-qzE8SfPyslU1u7vYvnwoS4qZECM7b9bCFWlgXIi9MorBY1jiojon-tNXUw5llENtpBrZV1FdrMvKQed4ZVLq7kPVyPDYAaREb6DT0IADZVDjN_hwQaPepxOI\" alt=\"Hand holding a medal\"\/><\/figure>\n\n\n\n<p>Notez que tous les plans Mega Premium Account Pro (Lite, II, III et IV) seront livr\u00e9s avec un abonnement gratuit de deux (2) mois lors de la souscription \u00e0 un (1) an Mega Premium Account Pro Plan. Vous avez peut-\u00eatre entendu qu&rsquo;au d\u00e9part, Mega fournit cinquante (50) Go de stockage Web en ligne gratuit. En 2017, la direction a d\u00e9cid\u00e9 de limiter le cadeau \u00e0 trente (35) Go pendant un mois en raison du co\u00fbt de maintenance croissant de ses serveurs. M\u00eame ainsi, la gestion Mega essaie de compenser ces derniers en incorporant un syst\u00e8me de r\u00e9compense dans la plate-forme.<\/p>\n\n\n\n<p>Les r\u00e9compenses peuvent \u00eatre obtenues en installant le programme Mega pour Windows et les applications Mega pour Android et iOS. Inviter des amis et de nombreuses autres t\u00e2ches peut \u00e9galement fournir \u00e0 chaque utilisateur une capacit\u00e9 de stockage cloud suppl\u00e9mentaire en r\u00e9compense de ces r\u00e9alisations.<\/p>\n\n\n\n<h2>Mega Accessibilit\u00e9<\/h2>\n\n\n\n<p>Le d\u00e9veloppement de la plate-forme de service d&rsquo;h\u00e9bergement de fichiers Mega (FHS) ou du stockage en nuage a \u00e9t\u00e9 soigneusement \u00e9tudi\u00e9 et con\u00e7u pour offrir une exp\u00e9rience ergonomique et transparente \u00e0 ses utilisateurs gr\u00e2ce \u00e0 son interface Mega programme convivial pour Windows et \u00e0 l&rsquo;application Mega pour Android et iOS. M\u00eame le site Web Mega lui-m\u00eame a \u00e9t\u00e9 con\u00e7u en tenant compte de la diversit\u00e9 et des ressources de ses utilisateurs du monde entier. Le site Web Mega est facilement accessible \u00e0 l&rsquo;aide des principaux navigateurs Internet courants, notamment Google Chrome, Mozilla Firefox, Internet Explorer, Safari et Opera pour diff\u00e9rents syst\u00e8mes d&rsquo;exploitation, y compris Windows, iOS, Linux, Ubuntu et Android pour mobile.<\/p>\n\n\n\n<p>Mega offre un stockage incitatif pour effectuer des t\u00e2ches et pour certaines r\u00e9alisations<\/p>\n\n\n\n<h2>Mega Innovation<\/h2>\n\n\n\n<p>Pour satisfaire davantage chacun de ses clients et clients, Mega d\u00e9veloppe continuellement son logiciel en red\u00e9veloppant et en fournissant des fonctionnalit\u00e9s suppl\u00e9mentaires pour ses produits telles que les suivantes:<\/p>\n\n\n\n<p>1. MEGAchat \u2013 comme vos services de messagerie Web habituels, MEGAchat est une plate-forme de communication bas\u00e9e sur un navigateur. MEGAchat fournit des services de chat, d&rsquo;appel vid\u00e9o et de visioconf\u00e9rence avec des fonctionnalit\u00e9s suppl\u00e9mentaires. Contrairement \u00e0 votre messagerie Web habituelle, MEGAchat est incorpor\u00e9 avec le cryptage de donn\u00e9es le plus \u00e9lev\u00e9 en tant que contrepartie de stockage dans le cloud pour prot\u00e9ger ses utilisateurs contre les pirates de communication et les \u00e9coutes t\u00e9l\u00e9phoniques.<\/p>\n\n\n\n<p>2. MEGA <a href=\"https:\/\/www.forbes.com\/sites\/adrianbridgwater\/2019\/04\/16\/how-browser-extensions-work\/\">Extensions<\/a> \u2013 Mega a pu d\u00e9velopper des extensions pour vos principaux navigateurs Internet courants, y compris Google Chrome, Mozilla Firefox, Internet Explorer, Safari et Opera pour diff\u00e9rents syst\u00e8mes d&rsquo;exploitation, y compris Windows, iOS, <a rel=\"noreferrer noopener\" aria-label=\" (\u00f6ffnet in neuem Tab)\" href=\"https:\/\/opensource.com\/resources\/linux\" target=\"_blank\">Linux<\/a>, <a rel=\"noreferrer noopener\" aria-label=\" (\u00f6ffnet in neuem Tab)\" href=\"https:\/\/ubuntu.com\/\" target=\"_blank\">Ubuntu<\/a>. Ces extensions, comme indiqu\u00e9, ont fourni plus de confort car l&rsquo;installation d&rsquo;extensions de navigateur a rendu le t\u00e9l\u00e9chargement et le t\u00e9l\u00e9chargement plus rapides ainsi que la protection c\u00f4t\u00e9 client.<\/p>\n\n\n\n<h2>Mega Conclusion<\/h2>\n\n\n\n<p>Alors, \u00eates-vous pr\u00eat \u00e0 faire passer l&rsquo;accessibilit\u00e9 et la s\u00e9curit\u00e9 de vos donn\u00e9es et informations au niveau sup\u00e9rieur? Inscrivez-vous gratuitement et profitez des avantages Mega de l&rsquo;utilisation de la plate-forme Mega File Hosting Service (FHS). Il s&rsquo;agit du stockage cloud accessible par les bases, mais fournit un stockage cloud Mega.<\/p>\n\n\n\n<h2>Frequently Asked Questions (FAQ)<\/h2>\n\n\n\n<h3><strong>1. Puis-je communiquer avec Mega en cas de probl\u00e8mes et de difficult\u00e9s d&rsquo;utilisation du service d&rsquo;h\u00e9bergement de fichiers Mega (FHS)?<\/strong><\/h3>\n\n\n\n<p>Oui, Mega dispose d&rsquo;une \u00e9quipe de support client Mega qui \u00e9coutera et r\u00e9soudra vos probl\u00e8mes et difficult\u00e9s d&rsquo;utilisation du service d&rsquo;h\u00e9bergement de fichiers Mega (FHS). L&rsquo;\u00e9quipe de support client est disponible en ligne \u00e0 tout moment de la journ\u00e9e, vingt-quatre-sept (24\/7) ou sept (7) jours par semaine pour toutes les nations du monde. Parce que Mega fournit le plus grand soin et support \u00e0 ses utilisateurs et clients. De plus, les utilisateurs de Mega Premium Account Pro (Lite, II, III et IV) sont la priorit\u00e9 pour les services de support client, n\u00e9anmoins la gestion Mega r\u00e9pond \u00e0 toutes les pr\u00e9occupations d\u00e8s que possible.<\/p>\n\n\n\n<h3><strong>&nbsp;2. Mes fichiers sont-ils en s\u00e9curit\u00e9 dans le stockage Mega Cloud?<\/strong><\/h3>\n\n\n\n<p>Les d\u00e9veloppeurs Mega se sont concentr\u00e9s sur la fourniture d&rsquo;une confidentialit\u00e9 maximale des donn\u00e9es \u00e0 ses utilisateurs. La plateforme a \u00e9t\u00e9 soigneusement con\u00e7ue pour se conformer aux lois locales et internationales existantes gr\u00e2ce \u00e0 ses scripts c\u00f4t\u00e9 client. Avec les scripts c\u00f4t\u00e9 client, toutes les informations de chaque utilisateur sont crypt\u00e9es avant d&rsquo;entrer sur le serveur avec l&rsquo;algorithme AES. Chaque information crypt\u00e9e est stock\u00e9e dans deux (2) serveurs situ\u00e9s dans deux (2) emplacements distincts garantissant la s\u00e9curit\u00e9 et la s\u00fbret\u00e9 de tous ses utilisateurs contre tout phishing et vol de donn\u00e9es.<\/p>\n\n\n\n<h3><strong>&nbsp;3. Puis-je utiliser le service d&rsquo;h\u00e9bergement de fichiers Mega (FHS) sans payer?<\/strong><\/h3>\n\n\n\n<p>Le Mega dispose d&rsquo;un syst\u00e8me de compte gratuit qui dispose d&rsquo;une allocation de quinze (15) Go de stockage cloud disponible; trente-cinq (35) Go de stockage dans le cloud d&rsquo;essai pendant un (1) mois; et allocation suppl\u00e9mentaire bas\u00e9e sur un maximum de trente-cinq (35) Go. Sinon, les utilisateurs peuvent choisir de passer \u00e0 un compte Mega Premium Account Pro (Lite, I, II, III, IV) pour acc\u00e9der \u00e0 davantage de stockage dans le cloud.<\/p>\n\n\n\n<h3><strong>&nbsp;4. Puis-je acc\u00e9der au service d&rsquo;h\u00e9bergement de fichiers Mega (FHS) \u00e0 l&rsquo;aide de mon navigateur Web int\u00e9gr\u00e9?<\/strong><\/h3>\n\n\n\n<p>Oui, le site Web Mega est facilement accessible \u00e0 l&rsquo;aide des principaux navigateurs Internet traditionnels et int\u00e9gr\u00e9s, y compris Google Chrome, Mozilla Firefox, Internet Explorer, Safari et Opera pour diff\u00e9rents syst\u00e8mes d&rsquo;exploitation, y compris Windows, iOS, Linux, Ubuntu et Android pour mobile. De plus, Mega a une extension pour chaque navigateur ci-dessus, offrant confort et commodit\u00e9 \u00e0 ses utilisateurs en acc\u00e9l\u00e9rant les t\u00e9l\u00e9chargements et en assurant une protection c\u00f4t\u00e9 client pour ses utilisateurs.<\/p>\n\n\n<a class=\"maxbutton-2 maxbutton maxbutton-cta\" target=\"_blank\" rel=\"nofollow noopener\" href=\"\/go\/\"><span class='mb-text'>&gt;&gt; Acc\u00e9der au site web original de Linkifier<\/span><\/a>\n\n\n<p><\/p>\n","protected":false},"excerpt":{"rendered":"<p>Mega est votre stockage cloud s\u00e9curis\u00e9, s\u00e9curis\u00e9 et pratique gratuitement. Ce stockage en ligne se met \u00e0 jour et se<\/p>\n","protected":false},"author":2,"featured_media":0,"parent":0,"menu_order":0,"comment_status":"closed","ping_status":"closed","template":"","meta":[],"yoast_head":"<!-- This site is optimized with the Yoast SEO plugin v18.3 - https:\/\/yoast.com\/wordpress\/plugins\/seo\/ -->\n<title>Mega Premium Account \u2013 The Filehoster en un coup d&#039;\u0153il<\/title>\n<meta name=\"description\" content=\"Est-ce que Mega est un fournisseur r\u00e9put\u00e9 ou non, vous pouvez trouver la r\u00e9ponse dans le test actuel sur Multihoster.org \u279c Cliquez maintenant \u271a pour lire nos exp\u00e9riences!\" \/>\n<meta name=\"robots\" content=\"index, follow, max-snippet:-1, max-image-preview:large, max-video-preview:-1\" \/>\n<link rel=\"canonical\" href=\"https:\/\/multihoster.org\/fr\/mega\/\" \/>\n<meta property=\"og:locale\" content=\"fr_FR\" \/>\n<meta property=\"og:type\" content=\"article\" \/>\n<meta property=\"og:title\" content=\"Mega Premium Account \u2013 The Filehoster en un coup d&#039;\u0153il\" \/>\n<meta property=\"og:description\" content=\"Est-ce que Mega est un fournisseur r\u00e9put\u00e9 ou non, vous pouvez trouver la r\u00e9ponse dans le test actuel sur Multihoster.org \u279c Cliquez maintenant \u271a pour lire nos exp\u00e9riences!\" \/>\n<meta property=\"og:url\" content=\"https:\/\/multihoster.org\/fr\/mega\/\" \/>\n<meta property=\"og:site_name\" content=\"Multihoster.org\" \/>\n<meta property=\"article:modified_time\" content=\"2020-05-29T10:31:28+00:00\" \/>\n<meta property=\"og:image\" content=\"https:\/\/lh5.googleusercontent.com\/ziFsG1DkHhIGJyIU2hWhpt6qMoGKojcN-gTFptnOvGyD6gg2nqjB2Pv2xjpsSN9Wd_8XNgyv8zEvv_3om4-z7X1l5bYHfG9DBymKYAxnVaU5JQWfhQozCW24eOoS1CLrvNHJ3UU\" \/>\n<meta name=\"twitter:card\" content=\"summary\" \/>\n<meta name=\"twitter:label1\" content=\"Dur\u00e9e de lecture estim\u00e9e\" \/>\n\t<meta name=\"twitter:data1\" content=\"9 minutes\" \/>\n<script type=\"application\/ld+json\" class=\"yoast-schema-graph\">{\"@context\":\"https:\/\/schema.org\",\"@graph\":[{\"@type\":\"WebSite\",\"@id\":\"https:\/\/multihoster.org\/#website\",\"url\":\"https:\/\/multihoster.org\/\",\"name\":\"Multihoster.org\",\"description\":\"Reviews of the major Filehosting services\",\"potentialAction\":[{\"@type\":\"SearchAction\",\"target\":{\"@type\":\"EntryPoint\",\"urlTemplate\":\"https:\/\/multihoster.org\/?s={search_term_string}\"},\"query-input\":\"required name=search_term_string\"}],\"inLanguage\":\"fr-FR\"},{\"@type\":\"ImageObject\",\"@id\":\"https:\/\/multihoster.org\/fr\/mega\/#primaryimage\",\"inLanguage\":\"fr-FR\",\"url\":\"https:\/\/lh5.googleusercontent.com\/ziFsG1DkHhIGJyIU2hWhpt6qMoGKojcN-gTFptnOvGyD6gg2nqjB2Pv2xjpsSN9Wd_8XNgyv8zEvv_3om4-z7X1l5bYHfG9DBymKYAxnVaU5JQWfhQozCW24eOoS1CLrvNHJ3UU\",\"contentUrl\":\"https:\/\/lh5.googleusercontent.com\/ziFsG1DkHhIGJyIU2hWhpt6qMoGKojcN-gTFptnOvGyD6gg2nqjB2Pv2xjpsSN9Wd_8XNgyv8zEvv_3om4-z7X1l5bYHfG9DBymKYAxnVaU5JQWfhQozCW24eOoS1CLrvNHJ3UU\"},{\"@type\":\"WebPage\",\"@id\":\"https:\/\/multihoster.org\/fr\/mega\/#webpage\",\"url\":\"https:\/\/multihoster.org\/fr\/mega\/\",\"name\":\"Mega Premium Account \u2013 The Filehoster en un coup d'\u0153il\",\"isPartOf\":{\"@id\":\"https:\/\/multihoster.org\/#website\"},\"primaryImageOfPage\":{\"@id\":\"https:\/\/multihoster.org\/fr\/mega\/#primaryimage\"},\"datePublished\":\"2020-03-20T11:48:13+00:00\",\"dateModified\":\"2020-05-29T10:31:28+00:00\",\"description\":\"Est-ce que Mega est un fournisseur r\u00e9put\u00e9 ou non, vous pouvez trouver la r\u00e9ponse dans le test actuel sur Multihoster.org \u279c Cliquez maintenant \u271a pour lire nos exp\u00e9riences!\",\"breadcrumb\":{\"@id\":\"https:\/\/multihoster.org\/fr\/mega\/#breadcrumb\"},\"inLanguage\":\"fr-FR\",\"potentialAction\":[{\"@type\":\"ReadAction\",\"target\":[\"https:\/\/multihoster.org\/fr\/mega\/\"]}]},{\"@type\":\"BreadcrumbList\",\"@id\":\"https:\/\/multihoster.org\/fr\/mega\/#breadcrumb\",\"itemListElement\":[{\"@type\":\"ListItem\",\"position\":1,\"name\":\"Startseite\",\"item\":\"https:\/\/multihoster.org\/fr\/\"},{\"@type\":\"ListItem\",\"position\":2,\"name\":\"Mega Premium Compte: Le Filehoster en un coup d&rsquo;\u0153il\"}]}]}<\/script>\n<!-- \/ Yoast SEO plugin. -->","yoast_head_json":{"title":"Mega Premium Account \u2013 The Filehoster en un coup d'\u0153il","description":"Est-ce que Mega est un fournisseur r\u00e9put\u00e9 ou non, vous pouvez trouver la r\u00e9ponse dans le test actuel sur Multihoster.org \u279c Cliquez maintenant \u271a pour lire nos exp\u00e9riences!","robots":{"index":"index","follow":"follow","max-snippet":"max-snippet:-1","max-image-preview":"max-image-preview:large","max-video-preview":"max-video-preview:-1"},"canonical":"https:\/\/multihoster.org\/fr\/mega\/","og_locale":"fr_FR","og_type":"article","og_title":"Mega Premium Account \u2013 The Filehoster en un coup d'\u0153il","og_description":"Est-ce que Mega est un fournisseur r\u00e9put\u00e9 ou non, vous pouvez trouver la r\u00e9ponse dans le test actuel sur Multihoster.org \u279c Cliquez maintenant \u271a pour lire nos exp\u00e9riences!","og_url":"https:\/\/multihoster.org\/fr\/mega\/","og_site_name":"Multihoster.org","article_modified_time":"2020-05-29T10:31:28+00:00","og_image":[{"url":"https:\/\/lh5.googleusercontent.com\/ziFsG1DkHhIGJyIU2hWhpt6qMoGKojcN-gTFptnOvGyD6gg2nqjB2Pv2xjpsSN9Wd_8XNgyv8zEvv_3om4-z7X1l5bYHfG9DBymKYAxnVaU5JQWfhQozCW24eOoS1CLrvNHJ3UU"}],"twitter_card":"summary","twitter_misc":{"Dur\u00e9e de lecture estim\u00e9e":"9 minutes"},"schema":{"@context":"https:\/\/schema.org","@graph":[{"@type":"WebSite","@id":"https:\/\/multihoster.org\/#website","url":"https:\/\/multihoster.org\/","name":"Multihoster.org","description":"Reviews of the major Filehosting services","potentialAction":[{"@type":"SearchAction","target":{"@type":"EntryPoint","urlTemplate":"https:\/\/multihoster.org\/?s={search_term_string}"},"query-input":"required name=search_term_string"}],"inLanguage":"fr-FR"},{"@type":"ImageObject","@id":"https:\/\/multihoster.org\/fr\/mega\/#primaryimage","inLanguage":"fr-FR","url":"https:\/\/lh5.googleusercontent.com\/ziFsG1DkHhIGJyIU2hWhpt6qMoGKojcN-gTFptnOvGyD6gg2nqjB2Pv2xjpsSN9Wd_8XNgyv8zEvv_3om4-z7X1l5bYHfG9DBymKYAxnVaU5JQWfhQozCW24eOoS1CLrvNHJ3UU","contentUrl":"https:\/\/lh5.googleusercontent.com\/ziFsG1DkHhIGJyIU2hWhpt6qMoGKojcN-gTFptnOvGyD6gg2nqjB2Pv2xjpsSN9Wd_8XNgyv8zEvv_3om4-z7X1l5bYHfG9DBymKYAxnVaU5JQWfhQozCW24eOoS1CLrvNHJ3UU"},{"@type":"WebPage","@id":"https:\/\/multihoster.org\/fr\/mega\/#webpage","url":"https:\/\/multihoster.org\/fr\/mega\/","name":"Mega Premium Account \u2013 The Filehoster en un coup d'\u0153il","isPartOf":{"@id":"https:\/\/multihoster.org\/#website"},"primaryImageOfPage":{"@id":"https:\/\/multihoster.org\/fr\/mega\/#primaryimage"},"datePublished":"2020-03-20T11:48:13+00:00","dateModified":"2020-05-29T10:31:28+00:00","description":"Est-ce que Mega est un fournisseur r\u00e9put\u00e9 ou non, vous pouvez trouver la r\u00e9ponse dans le test actuel sur Multihoster.org \u279c Cliquez maintenant \u271a pour lire nos exp\u00e9riences!","breadcrumb":{"@id":"https:\/\/multihoster.org\/fr\/mega\/#breadcrumb"},"inLanguage":"fr-FR","potentialAction":[{"@type":"ReadAction","target":["https:\/\/multihoster.org\/fr\/mega\/"]}]},{"@type":"BreadcrumbList","@id":"https:\/\/multihoster.org\/fr\/mega\/#breadcrumb","itemListElement":[{"@type":"ListItem","position":1,"name":"Startseite","item":"https:\/\/multihoster.org\/fr\/"},{"@type":"ListItem","position":2,"name":"Mega Premium Compte: Le Filehoster en un coup d&rsquo;\u0153il"}]}]}},"_links":{"self":[{"href":"https:\/\/multihoster.org\/fr\/wp-json\/wp\/v2\/pages\/2394"}],"collection":[{"href":"https:\/\/multihoster.org\/fr\/wp-json\/wp\/v2\/pages"}],"about":[{"href":"https:\/\/multihoster.org\/fr\/wp-json\/wp\/v2\/types\/page"}],"author":[{"embeddable":true,"href":"https:\/\/multihoster.org\/fr\/wp-json\/wp\/v2\/users\/2"}],"replies":[{"embeddable":true,"href":"https:\/\/multihoster.org\/fr\/wp-json\/wp\/v2\/comments?post=2394"}],"version-history":[{"count":5,"href":"https:\/\/multihoster.org\/fr\/wp-json\/wp\/v2\/pages\/2394\/revisions"}],"predecessor-version":[{"id":4514,"href":"https:\/\/multihoster.org\/fr\/wp-json\/wp\/v2\/pages\/2394\/revisions\/4514"}],"wp:attachment":[{"href":"https:\/\/multihoster.org\/fr\/wp-json\/wp\/v2\/media?parent=2394"}],"curies":[{"name":"wp","href":"https:\/\/api.w.org\/{rel}","templated":true}]}}