{"id":2452,"date":"2020-03-20T11:55:12","date_gmt":"2020-03-20T11:55:12","guid":{"rendered":"https:\/\/multihoster.org\/?page_id=2452"},"modified":"2020-03-23T15:07:06","modified_gmt":"2020-03-23T15:07:06","slug":"openload","status":"publish","type":"page","link":"https:\/\/multihoster.org\/fr\/openload\/","title":{"rendered":"Openload Premium Compte: Le Filehoster en un coup d&rsquo;\u0153il"},"content":{"rendered":"\n<figure class=\"wp-block-image\"><img src=\"https:\/\/lh5.googleusercontent.com\/zV-SviouA7daBi8XugOcCpDkWQex4kXx8M9Vf7o2khVu4x6L7g7Xzcm_Z_MCXx37l-jre3m8D_bsoBYz19rCNEpdq4_lj5tULatS1vbk1d0_-LC6OlHPlvNtysq_a8-q3U1RKqs\" alt=\"Openload Logo\"\/><\/figure>\n\n\n\n<p>Il est triste de constater qu&rsquo;\u00e0 pr\u00e9sent, lorsque quelqu&rsquo;un essaie d&rsquo;acc\u00e9der ou de visiter le site Openload.co, ce message d&rsquo;erreur s&rsquo;affiche sur le site \u00ab\u00a0Le site n&rsquo;est plus disponible en raison d&rsquo;une violation des droits d&rsquo;auteur. Vous serez redirig\u00e9 vers le site alliance4creativity.com\u00a0\u00bb. Oui, le site Openload.co et ses services ont \u00e9t\u00e9 ferm\u00e9s depuis le 31 octobre 2019 et il sera vraiment redirig\u00e9 automatiquement vers le site de l&rsquo;Alliance for Creativity and Entertainment ou ACE apr\u00e8s cinq (5) secondes de comptage. Ceci est d\u00fb au grand nombre de contenus pirat\u00e9s qui se trouvent sous le domaine d&rsquo;Openload. Streammango est \u00e9galement ferm\u00e9.<\/p>\n\n\n\n<p>Il est \u00e0 noter que la plupart des gens dans le monde cherchent maintenant \u00e0 t\u00e9l\u00e9charger gratuitement des fichiers tels que des vid\u00e9os, de la musique et des documents. L&rsquo;un des sites recommand\u00e9s qui sont gratuits et qui ont la capacit\u00e9 d&rsquo;h\u00e9berger des fichiers est le site Openload. <\/p>\n\n\n\n<p>Openload est identique au stockage, mais sous forme num\u00e9rique. C&rsquo;est le site sur lequel un utilisateur peut t\u00e9l\u00e9charger pour sauvegarder tout type de fichiers sur le site et le t\u00e9l\u00e9charger pour obtenir un fichier du site. Un utilisateur peut \u00e9galement partager diff\u00e9rents fichiers avec d&rsquo;autres.<\/p>\n\n\n\n<p>Il dispose d&rsquo;une version premium qui est l&rsquo;Openload Premium.<\/p>\n\n\n<a class=\"maxbutton-2 maxbutton maxbutton-cta\" target=\"_blank\" rel=\"nofollow noopener\" href=\"\/go\/\"><span class='mb-text'>&gt;&gt; Acc\u00e9der au site web original de Linkifier<\/span><\/a>\n\n\n<p><\/p>\n\n\n\n<h2>Que proposent les comptes Openload Free et Open Premium ?<\/h2>\n\n\n\n<figure class=\"wp-block-table\"><table class=\"\"><tbody><tr><td>Version Openload :<\/td><td>Openload Gratuit<\/td><\/tr><tr><td>Le prix :<\/td><td>Gratuit<\/td><\/tr><tr><td>Capacit\u00e9 de stockage :<\/td><td>Limit\u00e9e<\/td><\/tr><tr><td>Dispositifs support\u00e9s :<\/td><td>Tout appareil disposant d&rsquo;une connexion internet<\/td><\/tr><\/tbody><\/table><\/figure>\n\n\n\n<figure class=\"wp-block-table\"><table class=\"\"><tbody><tr><td> Version Openload : <\/td><td>Openload Premium<\/td><\/tr><tr><td>Le prix :<\/td><td>Gratuit<\/td><\/tr><tr><td>Capacit\u00e9 de stockage :<\/td><td>Illimit\u00e9<\/td><\/tr><tr><td>Dispositifs support\u00e9s :<\/td><td>Tout appareil disposant d&rsquo;une connexion internet<\/td><\/tr><\/tbody><\/table><\/figure>\n\n\n\n<p>Si l&rsquo;on compare les deux versions d&rsquo;Openload, elles sont toutes deux gratuites, mais le compte Openload Premium contient plus de fonctionnalit\u00e9s et a une plus grande capacit\u00e9 de stockage que la version gratuite d&rsquo;Openload.<\/p>\n\n\n\n<h2>Openload: T\u00e9l\u00e9chargement de fichiers<\/h2>\n\n\n\n<p>Vous pouvez t\u00e9l\u00e9charger des fichiers, des documents, de la musique et des vid\u00e9os sur Openload, en particulier si vous utilisez le compte Openload Premium. Il suffit de suivre les proc\u00e9dures ci-dessous.<\/p>\n\n\n\n<p>1. Allez sur le site Openload.<\/p>\n\n\n\n<p>2. Parcourez vos dossiers et localisez le fichier ou le document ou la musique ou la vid\u00e9o que vous souhaitez t\u00e9l\u00e9charger. 3. Une fois que vous l&rsquo;avez trouv\u00e9, s\u00e9lectionnez ce fichier.<\/p>\n\n\n\n<p>4. Glissez et d\u00e9posez le fichier sur la page de t\u00e9l\u00e9chargement d&rsquo;Openload.<\/p>\n\n\n\n<p>5. Votre fichier sera automatiquement t\u00e9l\u00e9charg\u00e9 sur le site Openload.<\/p>\n\n\n\n<h2>Openload : T\u00e9l\u00e9chargement de fichiers<\/h2>\n\n\n\n<h3><strong>Comment t\u00e9l\u00e9charger des vid\u00e9os sur le site d&rsquo;h\u00e9bergement de fichiers OpenLoad ?<\/strong><\/h3>\n\n\n\n<p>Vous n&rsquo;avez pas \u00e0 vous inqui\u00e9ter, car le t\u00e9l\u00e9chargement des fichiers est gratuit ici. Il y a deux (2) fa\u00e7ons de t\u00e9l\u00e9charger un fichier sur Openload. Pour t\u00e9l\u00e9charger des fichiers \u00e0 partir du site d&rsquo;h\u00e9bergement de fichiers Openload, suivez les proc\u00e9dures ci-dessous.<\/p>\n\n\n\n<figure class=\"wp-block-table\"><table class=\"\"><tbody><tr><td>La premi\u00e8re fa\u00e7on de t\u00e9l\u00e9charger un fichier :<br>1. Aller sur le site Openload.<br>2. Trouvez un fichier que vous souhaitez t\u00e9l\u00e9charger.<br>3. Cliquez sur ce fichier et vous serez dirig\u00e9 vers la page du fichier.<br>4. Sur la page, trouvez le bouton \u00ab\u00a0TELECHARGER\u00a0\u00bb et cliquez dessus. Fermez les annonces qui appara\u00eetront.<br>5. Un autre bouton appara\u00eetra qui est le \u00ab\u00a0T\u00c9L\u00c9CHARGEMENT GRATUIT\u00a0\u00bb, attendez 3 \u00e0 5 secondes pour activer le bouton, cliquez sur le bouton, et le fichier commencera maintenant \u00e0 \u00eatre t\u00e9l\u00e9charg\u00e9.<br>6. Votre t\u00e9l\u00e9chargement ouvrira automatiquement votre logiciel de t\u00e9l\u00e9chargement comme Internet Download Manager (IDM) ou si vous n&rsquo;avez pas de logiciel de ce type, le navigateur sera celui qui g\u00e9rera votre t\u00e9l\u00e9chargement.<\/td><td>La deuxi\u00e8me fa\u00e7on de t\u00e9l\u00e9charger (A TRICK &#8211; pour les vid\u00e9os) :<br> Cette m\u00e9thode concerne les types de fichiers vid\u00e9o.<br> Au lieu de cliquer sur le bouton T\u00c9L\u00c9CHARGER, il existe une autre fa\u00e7on d\u00e9licate pour un utilisateur de le t\u00e9l\u00e9charger. Voir ci-dessous.<br>1. Go to the Openload site.<br>2. Trouvez une vid\u00e9o que vous souhaitez t\u00e9l\u00e9charger pour la regarder.<br>3. Cliquez sur cette vid\u00e9o et vous serez dirig\u00e9 vers la page de la vid\u00e9o.<br>4. Voici le <a rel=\"noreferrer noopener\" aria-label=\"astuce (\u00f6ffnet in neuem Tab)\" href=\"https:\/\/dictionary.cambridge.org\/us\/dictionary\/english\/trick\" target=\"_blank\">astuce<\/a>. Cliquez sur le bouton \u00ab\u00a0PLAY\u00a0\u00bb et fermez les annonces qui s&rsquo;afficheront.  Si la vid\u00e9o a \u00e9t\u00e9 interrompue par les publicit\u00e9s, il suffit de continuer \u00e0 cliquer sur le bouton \u00ab\u00a0PLAY\u00a0\u00bb jusqu&rsquo;\u00e0 ce que la vid\u00e9o se charge. <br>5. Lorsque la vid\u00e9o se charge, faites un clic droit sur la vid\u00e9o et cliquez sur \u00ab\u00a0Enregistrer la vid\u00e9o sous\u00a0\u00bb.<br>6. Choisissez un emplacement sur votre appareil o\u00f9 vous souhaitez enregistrer le fichier vid\u00e9o.<br>7. Cliquez sur \u00ab\u00a0OK\u00a0\u00bb.<br>8. Votre t\u00e9l\u00e9chargement ouvrira automatiquement votre logiciel de t\u00e9l\u00e9chargement comme Internet Download Manager (IDM) ou si vous n&rsquo;avez pas de logiciel de ce type, le navigateur sera celui qui g\u00e9rera votre t\u00e9l\u00e9chargement.<\/td><\/tr><\/tbody><\/table><\/figure>\n\n\n\n<ul><li>Pour que la vid\u00e9o se t\u00e9l\u00e9charge correctement, la connexion internet de votre appareil doit \u00eatre stable. Sinon, la vid\u00e9o ne sera pas enti\u00e8rement t\u00e9l\u00e9charg\u00e9e ou elle sera corrompue.<\/li><li>Si le site est interdit dans votre pays, les utilisateurs peuvent \u00e9galement utiliser le r\u00e9seau priv\u00e9 virtuel ou <a rel=\"noreferrer noopener\" aria-label=\" (\u00f6ffnet in neuem Tab)\" href=\"https:\/\/us.norton.com\/internetsecurity-privacy-what-is-a-vpn.html\" target=\"_blank\">VPN<\/a> pour acc\u00e9der au site et t\u00e9l\u00e9charger des vid\u00e9os.<\/li><\/ul>\n\n\n\n<h2>Openload: Regarder des vid\u00e9os<\/h2>\n\n\n\n<p>Il est tr\u00e8s facile de regarder n&rsquo;importe quelle vid\u00e9o ici sur le site d&rsquo;h\u00e9bergement de fichiers Openload. Il vous suffit d&rsquo;aller sur le site, de trouver la vid\u00e9o que vous voulez regarder, <\/p>\n\n\n\n<p>1. Allez sur le site Openload.<\/p>\n\n\n\n<p>2. Trouvez une vid\u00e9o que vous souhaitez regarder en ligne.<\/p>\n\n\n\n<p>3. Cliquez sur cette vid\u00e9o et vous serez dirig\u00e9 vers la page de la vid\u00e9o.<\/p>\n\n\n\n<p>4. Il suffit de cliquer sur le bouton \u00ab\u00a0PLAY\u00a0\u00bb et d&rsquo;attendre qu&rsquo;il charge la vid\u00e9o. Apr\u00e8s cela, vous pouvez maintenant profiter de la vid\u00e9o compl\u00e8te en ligne.<\/p>\n\n\n\n<h2>Openload : Partage de fichiers<\/h2>\n\n\n\n<p>Les utilisateurs peuvent partager des fichiers avec d&rsquo;autres personnes gr\u00e2ce aux liens.<\/p>\n\n\n\n<figure class=\"wp-block-table\"><table class=\"\"><tbody><tr><td>Pour les utilisateurs non enregistr\u00e9s :<br>1. Allez sur le site Openload.<br>2. Trouvez un fichier que vous souhaitez partager en ligne.<br>3. Il suffit de copier le lien du fichier que vous voulez partager.<br>4. Collez le lien copi\u00e9 \u00e0 qui ou \u00e0 l&rsquo;endroit o\u00f9 vous voulez le partager.<\/td><td>Pour les utilisateurs enregistr\u00e9s :<br>1. Allez sur le site Openload.<br>2. Connectez-vous et allez au gestionnaire de fichiers dans le panneau de l&rsquo;utilisateur.<br>3. Trouvez un fichier que vous souhaitez partager en ligne.<br>4. S\u00e9lectionnez le fichier et copiez le lien du fichier situ\u00e9 sous la page ou cliquez sur le bouton \u00ab\u00a0COPY LINK\u00a0\u00bb pour le partager.<br>5. Collez le lien copi\u00e9 \u00e0 qui ou \u00e0 l&rsquo;endroit o\u00f9 vous voulez le partager.<\/td><\/tr><\/tbody><\/table><\/figure>\n\n\n<a class=\"maxbutton-2 maxbutton maxbutton-cta\" target=\"_blank\" rel=\"nofollow noopener\" href=\"\/go\/\"><span class='mb-text'>&gt;&gt; Acc\u00e9der au site web original de Linkifier<\/span><\/a>\n\n\n<p><\/p>\n\n\n\n<p>Pour acc\u00e9der au dossier, les autres doivent cliquer sur le lien et ils seront automatiquement dirig\u00e9s vers le dossier.<\/p>\n\n\n\n<h2>Openload : panel d&rsquo;utilisateurs<\/h2>\n\n\n\n<p>Le panel d&rsquo;utilisateurs est compos\u00e9 des \u00e9l\u00e9ments suivants : Tableau de bord, gestionnaire de fichiers, t\u00e9l\u00e9chargement \u00e0 distance, t\u00e9l\u00e9chargement multiple, param\u00e8tres utilisateur, programme d&rsquo;affiliation, param\u00e8tres de conversion et statistiques.<\/p>\n\n\n\n<p>Avant de pouvoir acc\u00e9der au panel d&rsquo;utilisateurs, un utilisateur doit s&rsquo;inscrire sur Openload pour utiliser les fonctions ci-dessus.<\/p>\n\n\n\n<ul><li>Tableau de bord<\/li><\/ul>\n\n\n\n<p>Il indique le statut actuel de l&rsquo;utilisateur, le nombre total de t\u00e9l\u00e9chargements, de fichiers et de stockage.<\/p>\n\n\n\n<ul><li>Gestionnaire de fichiers<\/li><\/ul>\n\n\n\n<p>C&rsquo;est la page o\u00f9 un utilisateur g\u00e8re ses dossiers et fichiers sur le site Openload. Elle contient les dossiers cr\u00e9\u00e9s et les fichiers ajout\u00e9s (fichiers actifs et inactifs) d&rsquo;un utilisateur, la taille du dossier ou du fichier, le type de contenu, les liens de ces dossiers et fichiers, la date et l&rsquo;heure de t\u00e9l\u00e9chargement et le nombre de t\u00e9l\u00e9chargements pour un dossier ou un fichier.<\/p>\n\n\n\n<ul><li>T\u00e9l\u00e9chargement \u00e0 distance<\/li><\/ul>\n\n\n\n<p>C&rsquo;est l\u00e0 qu&rsquo;un fichier provient d&rsquo;un lien source pour \u00eatre t\u00e9l\u00e9charg\u00e9 sur le compte Openload de l&rsquo;utilisateur.<\/p>\n\n\n\n<ul><li>Multi Upload<\/li><\/ul>\n\n\n\n<p>Un utilisateur peut t\u00e9l\u00e9charger plusieurs fichiers dans n&rsquo;importe quel type de fichier. Il suffit de cliquer sur le bouton \u00ab\u00a0ADD FILES\u00a0\u00bb pour ajouter les fichiers et de cliquer sur le bouton \u00ab\u00a0START UPLOAD\u00a0\u00bb pour t\u00e9l\u00e9charger les fichiers que vous venez d&rsquo;ajouter sur le site Openload. <\/p>\n\n\n\n<p>Les utilisateurs peuvent annuler le fichier de t\u00e9l\u00e9chargement \u00e0 tout moment en cliquant sur le bouton \u00ab\u00a0ANNULER\u00a0\u00bb \u00e0 c\u00f4t\u00e9 du fichier de t\u00e9l\u00e9chargement. Ils peuvent \u00e9galement annuler tout ou effacer toute la liste de t\u00e9l\u00e9chargement, il suffit de cliquer sur le bouton \u00ab\u00a0ANNULER TOUT \/ EFFACER TOUT\u00a0\u00bb. <\/p>\n\n\n\n<p>Le fichier t\u00e9l\u00e9charg\u00e9 sera ajout\u00e9 et sera affich\u00e9 sur la page Gestionnaire de fichiers du panneau de l&rsquo;utilisateur.<\/p>\n\n\n\n<ul><li>Param\u00e8tres de l&rsquo;utilisateur<\/li><\/ul>\n\n\n\n<p>C&rsquo;est l\u00e0 que les utilisateurs g\u00e8rent leurs comptes et leurs informations.<\/p>\n\n\n\n<ul><li>Programme d&rsquo;affiliation<\/li><\/ul>\n\n\n\n<p>Pour qu&rsquo;un utilisateur puisse adh\u00e9rer au programme d&rsquo;affiliation, il doit accepter les r\u00e8gles et conditions du programme d&rsquo;affiliation d&rsquo;Openload, car certains types de fichiers ne peuvent pas \u00eatre t\u00e9l\u00e9charg\u00e9s sur le site d&rsquo;Openload.<\/p>\n\n\n\n<ul><li>Statistiques<\/li><\/ul>\n\n\n\n<p>Il indique la r\u00e9compense ou le revenu d&rsquo;un utilisateur en dollars, le <a rel=\"noreferrer noopener\" aria-label=\"trafic (\u00f6ffnet in neuem Tab)\" href=\"https:\/\/www.computerhope.com\/jargon\/t\/traffic.htm\" target=\"_blank\">trafic<\/a>, et les pays o\u00f9 il y a du trafic. Ces donn\u00e9es sont pr\u00e9sent\u00e9es par jour, par mois et par ann\u00e9e.<\/p>\n\n\n\n<ul><li>Param\u00e8tres de conversion<\/li><\/ul>\n\n\n\n<p>C&rsquo;est l\u00e0 que s&rsquo;effectue la conversion d&rsquo;une vid\u00e9o. L&rsquo;Openload est dot\u00e9 d&rsquo;une fonction de conversion automatique qui permet de convertir automatiquement la qualit\u00e9 d&rsquo;une vid\u00e9o lorsqu&rsquo;elle est diffus\u00e9e par un utilisateur dans la r\u00e9solution qu&rsquo;il a d\u00e9j\u00e0 d\u00e9finie et enregistr\u00e9e dans les param\u00e8tres de conversion.<\/p>\n\n\n\n<figure class=\"wp-block-table\"><table class=\"\"><tbody><tr><td>R\u00e9solutions soutenues par Openload<\/td><\/tr><tr><td>HD, HD 720p, SD 480p, and SD 360p<\/td><\/tr><\/tbody><\/table><\/figure>\n\n\n\n<h2>Openload : Programme de paiement par t\u00e9l\u00e9chargement (PPD)<\/h2>\n\n\n\n<p>Openload, en particulier avec le compte Premium Openload, dispose d&rsquo;un programme appel\u00e9 Pay Per Download ou PPD Program qui sont cr\u00e9\u00e9s pour les utilisateurs afin de g\u00e9n\u00e9rer des revenus. Un utilisateur sp\u00e9cifique peut utiliser Openload pour gagner de l&rsquo;argent en t\u00e9l\u00e9chargeant ou en diffusant en continu sur le site Openload. Openload paie les utilisateurs qui cr\u00e9ent du contenu sur leur site avec un montant fixe par 10 000 t\u00e9l\u00e9chargements ou flux, mais cela d\u00e9pend du pays o\u00f9 les t\u00e9l\u00e9chargements ou flux sont effectu\u00e9s (voir le sch\u00e9ma du programme de paiement par t\u00e9l\u00e9chargement (PPD) d&rsquo;Openload ci-dessous). <\/p>\n\n\n\n<p>Les paiements : Pour seulement vingt dollars (20 $), un utilisateur peut demander un paiement et les paiements seront trait\u00e9s dans la journ\u00e9e.<\/p>\n\n\n\n<h3><strong>Comment les t\u00e9l\u00e9chargements ou les flux sont-ils compt\u00e9s dans Openload ?<\/strong><\/h3>\n\n\n\n<p>Dans Openload, les t\u00e9l\u00e9chargements ou les flux de chaque adresse de  <a rel=\"noreferrer noopener\" aria-label=\" (\u00f6ffnet in neuem Tab)\" href=\"https:\/\/www.wpbeginner.com\/glossary\/ip-address\/\" target=\"_blank\">Internet Protocol (IP) <\/a>  ne sont compt\u00e9s que jusqu&rsquo;\u00e0 trois fois (3x) dans la journ\u00e9e, mais ceci pour la mani\u00e8re automatique des t\u00e9l\u00e9chargements, Openload ne donnera pas de r\u00e9compense pour ceux-ci.<\/p>\n\n\n\n<p>Note : Si un utilisateur ne respecte pas toutes les r\u00e8gles et conditions du programme d&rsquo;affiliation Openload ou Openload Premium et du programme de paiement par t\u00e9l\u00e9chargement ou PPD, son compte sera temporairement suspendu ou pire, le compte sera d\u00e9finitivement r\u00e9sili\u00e9.<\/p>\n\n\n\n<h3><strong>Openload Niveaux pour le programme de paiement par t\u00e9l\u00e9chargement (PPD)<\/strong><\/h3>\n\n\n\n<p>La figure ci-dessous montre comment Openload classe les diff\u00e9rents pays du niveau le plus bas au niveau le plus \u00e9lev\u00e9 o\u00f9 ils paient pour les t\u00e9l\u00e9chargements ou les flux sur le site.<\/p>\n\n\n\n<p class=\"has-text-align-center\"><img loading=\"lazy\" width=\"387\" height=\"479\" class=\"wp-image-2440\" style=\"width: 400px;\" src=\"https:\/\/multihoster.org\/wp-content\/uploads\/2020\/03\/Tier-1.png\" alt=\"\" srcset=\"https:\/\/multihoster.org\/wp-content\/uploads\/2020\/03\/Tier-1.png 387w, https:\/\/multihoster.org\/wp-content\/uploads\/2020\/03\/Tier-1-242x300.png 242w\" sizes=\"(max-width: 387px) 100vw, 387px\" \/><\/p>\n\n\n\n<figure class=\"wp-block-table\"><table class=\"\"><tbody><tr><td>Niveaux des niveaux<\/td><td>R\u00e9compense<\/td><\/tr><tr><td>Niveau le plus \u00e9lev\u00e9<\/td><td>Trente-cinq dollars (35 $)<\/td><\/tr><tr><td>Niveau \u00e9lev\u00e9<\/td><td>Vingt-cinq dollars (25 $)<\/td><\/tr><tr><td>Niveau mod\u00e9r\u00e9<\/td><td>Quinze dollars (15 $)<\/td><\/tr><tr><td>Niveau bas<\/td><td>Sept dollars et cinquante cents (7,50 $)<\/td><\/tr><tr><td>Niveau le plus bas<\/td><td>Cinq dollars (5 $)<\/td><\/tr><\/tbody><\/table><\/figure>\n\n\n<a class=\"maxbutton-2 maxbutton maxbutton-cta\" target=\"_blank\" rel=\"nofollow noopener\" href=\"\/go\/\"><span class='mb-text'>&gt;&gt; Acc\u00e9der au site web original de Linkifier<\/span><\/a>\n\n\n<p><\/p>\n","protected":false},"excerpt":{"rendered":"<p>Il est triste de constater qu&rsquo;\u00e0 pr\u00e9sent, lorsque quelqu&rsquo;un essaie d&rsquo;acc\u00e9der ou de visiter le site Openload.co, ce message d&rsquo;erreur<\/p>\n","protected":false},"author":2,"featured_media":0,"parent":0,"menu_order":0,"comment_status":"closed","ping_status":"closed","template":"","meta":[],"yoast_head":"<!-- This site is optimized with the Yoast SEO plugin v18.3 - https:\/\/yoast.com\/wordpress\/plugins\/seo\/ -->\n<title>Openload Premium Account \u2013 Le Filehoster en un coup d&#039;\u0153il<\/title>\n<meta name=\"description\" content=\"Si Openload est un fournisseur r\u00e9put\u00e9 ou non, vous pouvez trouver la r\u00e9ponse dans le test actuel sur Multihoster.org \u279c Cliquez maintenant sur \u271a pour lire nos exp\u00e9riences !\" \/>\n<meta name=\"robots\" content=\"index, follow, max-snippet:-1, max-image-preview:large, max-video-preview:-1\" \/>\n<link rel=\"canonical\" href=\"https:\/\/multihoster.org\/fr\/openload\/\" \/>\n<meta property=\"og:locale\" content=\"fr_FR\" \/>\n<meta property=\"og:type\" content=\"article\" \/>\n<meta property=\"og:title\" content=\"Openload Premium Account \u2013 Le Filehoster en un coup d&#039;\u0153il\" \/>\n<meta property=\"og:description\" content=\"Si Openload est un fournisseur r\u00e9put\u00e9 ou non, vous pouvez trouver la r\u00e9ponse dans le test actuel sur Multihoster.org \u279c Cliquez maintenant sur \u271a pour lire nos exp\u00e9riences !\" \/>\n<meta property=\"og:url\" content=\"https:\/\/multihoster.org\/fr\/openload\/\" \/>\n<meta property=\"og:site_name\" content=\"Multihoster.org\" \/>\n<meta property=\"article:modified_time\" content=\"2020-03-23T15:07:06+00:00\" \/>\n<meta property=\"og:image\" content=\"https:\/\/lh5.googleusercontent.com\/zV-SviouA7daBi8XugOcCpDkWQex4kXx8M9Vf7o2khVu4x6L7g7Xzcm_Z_MCXx37l-jre3m8D_bsoBYz19rCNEpdq4_lj5tULatS1vbk1d0_-LC6OlHPlvNtysq_a8-q3U1RKqs\" \/>\n<meta name=\"twitter:card\" content=\"summary\" \/>\n<meta name=\"twitter:label1\" content=\"Dur\u00e9e de lecture estim\u00e9e\" \/>\n\t<meta name=\"twitter:data1\" content=\"10 minutes\" \/>\n<script type=\"application\/ld+json\" class=\"yoast-schema-graph\">{\"@context\":\"https:\/\/schema.org\",\"@graph\":[{\"@type\":\"WebSite\",\"@id\":\"https:\/\/multihoster.org\/#website\",\"url\":\"https:\/\/multihoster.org\/\",\"name\":\"Multihoster.org\",\"description\":\"Reviews of the major Filehosting services\",\"potentialAction\":[{\"@type\":\"SearchAction\",\"target\":{\"@type\":\"EntryPoint\",\"urlTemplate\":\"https:\/\/multihoster.org\/?s={search_term_string}\"},\"query-input\":\"required name=search_term_string\"}],\"inLanguage\":\"fr-FR\"},{\"@type\":\"ImageObject\",\"@id\":\"https:\/\/multihoster.org\/fr\/openload\/#primaryimage\",\"inLanguage\":\"fr-FR\",\"url\":\"https:\/\/lh5.googleusercontent.com\/zV-SviouA7daBi8XugOcCpDkWQex4kXx8M9Vf7o2khVu4x6L7g7Xzcm_Z_MCXx37l-jre3m8D_bsoBYz19rCNEpdq4_lj5tULatS1vbk1d0_-LC6OlHPlvNtysq_a8-q3U1RKqs\",\"contentUrl\":\"https:\/\/lh5.googleusercontent.com\/zV-SviouA7daBi8XugOcCpDkWQex4kXx8M9Vf7o2khVu4x6L7g7Xzcm_Z_MCXx37l-jre3m8D_bsoBYz19rCNEpdq4_lj5tULatS1vbk1d0_-LC6OlHPlvNtysq_a8-q3U1RKqs\"},{\"@type\":\"WebPage\",\"@id\":\"https:\/\/multihoster.org\/fr\/openload\/#webpage\",\"url\":\"https:\/\/multihoster.org\/fr\/openload\/\",\"name\":\"Openload Premium Account \u2013 Le Filehoster en un coup d'\u0153il\",\"isPartOf\":{\"@id\":\"https:\/\/multihoster.org\/#website\"},\"primaryImageOfPage\":{\"@id\":\"https:\/\/multihoster.org\/fr\/openload\/#primaryimage\"},\"datePublished\":\"2020-03-20T11:55:12+00:00\",\"dateModified\":\"2020-03-23T15:07:06+00:00\",\"description\":\"Si Openload est un fournisseur r\u00e9put\u00e9 ou non, vous pouvez trouver la r\u00e9ponse dans le test actuel sur Multihoster.org \u279c Cliquez maintenant sur \u271a pour lire nos exp\u00e9riences !\",\"breadcrumb\":{\"@id\":\"https:\/\/multihoster.org\/fr\/openload\/#breadcrumb\"},\"inLanguage\":\"fr-FR\",\"potentialAction\":[{\"@type\":\"ReadAction\",\"target\":[\"https:\/\/multihoster.org\/fr\/openload\/\"]}]},{\"@type\":\"BreadcrumbList\",\"@id\":\"https:\/\/multihoster.org\/fr\/openload\/#breadcrumb\",\"itemListElement\":[{\"@type\":\"ListItem\",\"position\":1,\"name\":\"Startseite\",\"item\":\"https:\/\/multihoster.org\/fr\/\"},{\"@type\":\"ListItem\",\"position\":2,\"name\":\"Openload Premium Compte: Le Filehoster en un coup d&rsquo;\u0153il\"}]}]}<\/script>\n<!-- \/ Yoast SEO plugin. -->","yoast_head_json":{"title":"Openload Premium Account \u2013 Le Filehoster en un coup d'\u0153il","description":"Si Openload est un fournisseur r\u00e9put\u00e9 ou non, vous pouvez trouver la r\u00e9ponse dans le test actuel sur Multihoster.org \u279c Cliquez maintenant sur \u271a pour lire nos exp\u00e9riences !","robots":{"index":"index","follow":"follow","max-snippet":"max-snippet:-1","max-image-preview":"max-image-preview:large","max-video-preview":"max-video-preview:-1"},"canonical":"https:\/\/multihoster.org\/fr\/openload\/","og_locale":"fr_FR","og_type":"article","og_title":"Openload Premium Account \u2013 Le Filehoster en un coup d'\u0153il","og_description":"Si Openload est un fournisseur r\u00e9put\u00e9 ou non, vous pouvez trouver la r\u00e9ponse dans le test actuel sur Multihoster.org \u279c Cliquez maintenant sur \u271a pour lire nos exp\u00e9riences !","og_url":"https:\/\/multihoster.org\/fr\/openload\/","og_site_name":"Multihoster.org","article_modified_time":"2020-03-23T15:07:06+00:00","og_image":[{"url":"https:\/\/lh5.googleusercontent.com\/zV-SviouA7daBi8XugOcCpDkWQex4kXx8M9Vf7o2khVu4x6L7g7Xzcm_Z_MCXx37l-jre3m8D_bsoBYz19rCNEpdq4_lj5tULatS1vbk1d0_-LC6OlHPlvNtysq_a8-q3U1RKqs"}],"twitter_card":"summary","twitter_misc":{"Dur\u00e9e de lecture estim\u00e9e":"10 minutes"},"schema":{"@context":"https:\/\/schema.org","@graph":[{"@type":"WebSite","@id":"https:\/\/multihoster.org\/#website","url":"https:\/\/multihoster.org\/","name":"Multihoster.org","description":"Reviews of the major Filehosting services","potentialAction":[{"@type":"SearchAction","target":{"@type":"EntryPoint","urlTemplate":"https:\/\/multihoster.org\/?s={search_term_string}"},"query-input":"required name=search_term_string"}],"inLanguage":"fr-FR"},{"@type":"ImageObject","@id":"https:\/\/multihoster.org\/fr\/openload\/#primaryimage","inLanguage":"fr-FR","url":"https:\/\/lh5.googleusercontent.com\/zV-SviouA7daBi8XugOcCpDkWQex4kXx8M9Vf7o2khVu4x6L7g7Xzcm_Z_MCXx37l-jre3m8D_bsoBYz19rCNEpdq4_lj5tULatS1vbk1d0_-LC6OlHPlvNtysq_a8-q3U1RKqs","contentUrl":"https:\/\/lh5.googleusercontent.com\/zV-SviouA7daBi8XugOcCpDkWQex4kXx8M9Vf7o2khVu4x6L7g7Xzcm_Z_MCXx37l-jre3m8D_bsoBYz19rCNEpdq4_lj5tULatS1vbk1d0_-LC6OlHPlvNtysq_a8-q3U1RKqs"},{"@type":"WebPage","@id":"https:\/\/multihoster.org\/fr\/openload\/#webpage","url":"https:\/\/multihoster.org\/fr\/openload\/","name":"Openload Premium Account \u2013 Le Filehoster en un coup d'\u0153il","isPartOf":{"@id":"https:\/\/multihoster.org\/#website"},"primaryImageOfPage":{"@id":"https:\/\/multihoster.org\/fr\/openload\/#primaryimage"},"datePublished":"2020-03-20T11:55:12+00:00","dateModified":"2020-03-23T15:07:06+00:00","description":"Si Openload est un fournisseur r\u00e9put\u00e9 ou non, vous pouvez trouver la r\u00e9ponse dans le test actuel sur Multihoster.org \u279c Cliquez maintenant sur \u271a pour lire nos exp\u00e9riences !","breadcrumb":{"@id":"https:\/\/multihoster.org\/fr\/openload\/#breadcrumb"},"inLanguage":"fr-FR","potentialAction":[{"@type":"ReadAction","target":["https:\/\/multihoster.org\/fr\/openload\/"]}]},{"@type":"BreadcrumbList","@id":"https:\/\/multihoster.org\/fr\/openload\/#breadcrumb","itemListElement":[{"@type":"ListItem","position":1,"name":"Startseite","item":"https:\/\/multihoster.org\/fr\/"},{"@type":"ListItem","position":2,"name":"Openload Premium Compte: Le Filehoster en un coup d&rsquo;\u0153il"}]}]}},"_links":{"self":[{"href":"https:\/\/multihoster.org\/fr\/wp-json\/wp\/v2\/pages\/2452"}],"collection":[{"href":"https:\/\/multihoster.org\/fr\/wp-json\/wp\/v2\/pages"}],"about":[{"href":"https:\/\/multihoster.org\/fr\/wp-json\/wp\/v2\/types\/page"}],"author":[{"embeddable":true,"href":"https:\/\/multihoster.org\/fr\/wp-json\/wp\/v2\/users\/2"}],"replies":[{"embeddable":true,"href":"https:\/\/multihoster.org\/fr\/wp-json\/wp\/v2\/comments?post=2452"}],"version-history":[{"count":4,"href":"https:\/\/multihoster.org\/fr\/wp-json\/wp\/v2\/pages\/2452\/revisions"}],"predecessor-version":[{"id":2723,"href":"https:\/\/multihoster.org\/fr\/wp-json\/wp\/v2\/pages\/2452\/revisions\/2723"}],"wp:attachment":[{"href":"https:\/\/multihoster.org\/fr\/wp-json\/wp\/v2\/media?parent=2452"}],"curies":[{"name":"wp","href":"https:\/\/api.w.org\/{rel}","templated":true}]}}