{"id":2587,"date":"2020-03-20T16:34:32","date_gmt":"2020-03-20T16:34:32","guid":{"rendered":"https:\/\/multihoster.org\/?page_id=2587"},"modified":"2020-03-30T14:06:04","modified_gmt":"2020-03-30T14:06:04","slug":"4share","status":"publish","type":"page","link":"https:\/\/multihoster.org\/fr\/4share\/","title":{"rendered":"4share Premium Compte: Le Filehoster En Un Coup D&rsquo;\u0153il"},"content":{"rendered":"\n<figure class=\"wp-block-image\"><img src=\"https:\/\/lh3.googleusercontent.com\/RrbU4oZEm4QWQKICoZLyymhFtYa8lbr9pXG3GYEgIjcXl-e1SHUFBrLO4GvlZAt1bGGxzdjop4KvAsHTOgT02oisMpTGlnhNxTCtO6KVy24hCDffb1nmnOyrDKLKxgDucv-ks1w\" alt=\"4share logo\"\/><\/figure>\n\n\n\n<p>Rechercher un h\u00e9bergeur de fichiers fiable sur Internet, c&rsquo;est comme chercher des aiguilles dans une botte de foin. Il existe de nombreux h\u00e9bergeurs de fichiers, mais la plupart n&rsquo;offrent pas le service de qualit\u00e9 qu&rsquo;ils promettent. Cependant, il existe de bons fournisseurs de services qui proposent des services d&rsquo;h\u00e9bergement de fichiers bon march\u00e9 et fiables. L&rsquo;un d&rsquo;entre eux est le service d&rsquo;h\u00e9bergement de fichiers 4Share (\u00e0 ne pas confondre avec 4shared). 4share a l&rsquo;un des tarifs les plus bas de tous les services d&rsquo;h\u00e9bergement de fichiers, mais il a toujours les caract\u00e9ristiques des h\u00e9bergeurs de fichiers les plus populaires. <\/p>\n\n\n<a class=\"maxbutton-2 maxbutton maxbutton-cta\" target=\"_blank\" rel=\"nofollow noopener\" href=\"\/go\/\"><span class='mb-text'>&gt;&gt; Acc\u00e9der au site web original de Linkifier<\/span><\/a>\n\n\n<p><\/p>\n\n\n\n<h2>Qu&rsquo;est-ce que 4share ?<\/h2>\n\n\n\n<p>4share est un service d&rsquo;h\u00e9bergement de fichiers qui utilise la technologie des nuages pour stocker ses fichiers. 4share propose l&rsquo;un des tarifs les plus bas de tous les h\u00e9bergeurs de fichiers. Pour seulement 50 000 VND ou 2,20 $ par mois, le propri\u00e9taire d&rsquo;un compte premium 4share peut b\u00e9n\u00e9ficier de nombreux services qui peuvent co\u00fbter jusqu&rsquo;\u00e0 plusieurs centaines de dollars juste pour les utiliser avec d&rsquo;autres services d&rsquo;h\u00e9bergement de fichiers. Leur site web dispose d&rsquo;une fonction de r\u00e9pertoire qui peut \u00eatre utilis\u00e9e pour g\u00e9rer facilement vos fichiers.<\/p>\n\n\n\n<p>Partager des fichiers avec 4share est tr\u00e8s facile et sans tracas. Le 4share utilise des liens directs pour un partage rapide des fichiers. Vous pouvez m\u00eame inclure des mots de passe dans vos fichiers lorsque vous utilisez leur service de compte Premium pour une protection et une s\u00e9curit\u00e9 accrues.<\/p>\n\n\n\n<p>Cherchez des millions de fichiers dans leur vaste biblioth\u00e8que de contenus et de m\u00e9dias parmi diff\u00e9rents utilisateurs dans le monde entier. Partagez vos contenus avec vos amis et vos pairs de mani\u00e8re simple et instantan\u00e9e. Il vous suffit de partager le lien et le mot de passe et tout est pr\u00eat pour le partage. Vous pouvez \u00e9galement gagner de l&rsquo;argent simplement en t\u00e9l\u00e9chargeant et en chargeant diff\u00e9rents fichiers gr\u00e2ce au syst\u00e8me de r\u00e9compenses et au bonus de chargement de leur compte 4share Premium. Ces points peuvent \u00eatre convertis en or qui peut ensuite \u00eatre converti en argent.<\/p>\n\n\n\n<figure class=\"wp-block-image\"><img src=\"https:\/\/lh5.googleusercontent.com\/UqjTF6dyAIxPnGl0cG9cZKd5-ISTAysBk0Km5fS-pdki6nUVmGnzLWP9N7E6lsdcOlewtGUjdr-ThYbNJNK01Dnm7QBFhuP7SkTy7MgF_mQpduSUB6pZkiK98R5sbmLoG9-tiso\" alt=\"4share website\"\/><\/figure>\n\n\n\n<h2>4share Premium Caract\u00e9ristiques<\/h2>\n\n\n\n<ul><li>Vitesse illimit\u00e9e<\/li><\/ul>\n\n\n\n<p>La cr\u00e9ation d&rsquo;un compte premium 4share vous permet d&rsquo;acc\u00e9der aux fichiers sans limite de vitesse. Cela signifie que la vitesse de votre t\u00e9l\u00e9chargement d\u00e9pend enti\u00e8rement de votre connexion internet. Parfait pour les utilisateurs qui doivent constamment t\u00e9l\u00e9charger leurs contenus en ligne, comme les artistes et les \u00e9diteurs. Un utilisateur de compte gratuit a cependant une vitesse limit\u00e9e en raison de la faible priorit\u00e9 accord\u00e9e au trafic r\u00e9seau. La bande passante pour les utilisateurs de compte gratuit est \u00e9galement limit\u00e9e<\/p>\n\n\n\n<ul><li>Dur\u00e9e de stockage longue<\/li><\/ul>\n\n\n\n<p>Les utilisateurs du compte 4share Premium disposent d&rsquo;un temps de stockage prolong\u00e9 sur le serveur en nuage. Les utilisateurs de comptes Premium disposent d&rsquo;un temps de stockage total de 30 jours, plus un temps V.I.P. suppl\u00e9mentaire pour les p\u00e9riodes plus longues. Un utilisateur gratuit, cependant, est limit\u00e9 \u00e0 15 jours seulement. Un compte premium est conseill\u00e9 car tous les fichiers sont stock\u00e9s dans le serveur pour une plus longue dur\u00e9e et vous n&rsquo;avez pas \u00e0 vous soucier de laisser vos m\u00e9dias et vos fichiers pendant longtemps sans les v\u00e9rifier.<\/p>\n\n\n\n<ul><li>Limite sup\u00e9rieure de t\u00e9l\u00e9chargement de fichiers<\/li><\/ul>\n\n\n\n<p>Un utilisateur gratuit a une taille de fichier limit\u00e9e \u00e0 t\u00e9l\u00e9charger par jour, cependant, en utilisant un compte premium 4share, vous pouvez profiter d&rsquo;un total de 500 Go de t\u00e9l\u00e9chargements de fie chaque jour. Vous pouvez g\u00e9rer vos fichiers librement, o\u00f9 et quand vous le souhaitez, et avec une rapidit\u00e9 accrue pour vous assurer que vous pouvez facilement acc\u00e9der \u00e0 vos fichiers chaque fois que vous en avez besoin.<\/p>\n\n\n\n<ul><li>T\u00e9l\u00e9chargements multiples<\/li><\/ul>\n\n\n\n<p>Le compte premium vous permet de t\u00e9l\u00e9charger des fichiers simultan\u00e9ment. Cela signifie que tous les fichiers dont vous avez besoin peuvent \u00eatre pris rapidement et sans probl\u00e8me avec le compte Premium de 4share. Un utilisateur gratuit est limit\u00e9 \u00e0 un seul t\u00e9l\u00e9chargement par acc\u00e8s et doit attendre plusieurs secondes avant de pouvoir recommencer \u00e0 t\u00e9l\u00e9charger.<\/p>\n\n\n\n<ul><li>Outil 4share<\/li><\/ul>\n\n\n\n<p>4share Tool est une fonctionnalit\u00e9 sp\u00e9ciale de la 4share Premium qui g\u00e8re vos t\u00e9l\u00e9chargements. C&rsquo;est l&rsquo;un des outils qui font la particularit\u00e9 de 4share. Il vous permet de surveiller vos t\u00e9l\u00e9chargements simultan\u00e9ment. Vous pouvez \u00e9galement mettre en pause et reprendre vos t\u00e9l\u00e9chargements en utilisant l&rsquo;outil. En tant que gestionnaire de t\u00e9l\u00e9chargements, il affiche toutes les informations n\u00e9cessaires sur les fichiers que vous \u00eates en train de t\u00e9l\u00e9charger.<\/p>\n\n\n\n<figure class=\"wp-block-image\"><img src=\"https:\/\/lh3.googleusercontent.com\/FU1HIpkqN2mjTD0NQ9L6upbQoXOAO1Sx8rWUABkhEoBfRDvFsP4KqwQdRXOmAZaxpnjPn5RWEoHy50yPBfL_OPAzPl35SlCBxY_0MjDbXq0qWZWBb6xP0qT71UEmcotfljgXZ_w\" alt=\"4share Tool App window\"\/><\/figure>\n\n\n\n<ul><li>Limite de stockage plus \u00e9lev\u00e9e<\/li><\/ul>\n\n\n\n<p>Les utilisateurs du compte 4share Premium b\u00e9n\u00e9ficient de limites de stockage plus \u00e9lev\u00e9es que les utilisateurs gratuits. Les utilisateurs de compte Premium b\u00e9n\u00e9ficient d&rsquo;une capacit\u00e9 de stockage de 300 Go qu&rsquo;ils peuvent utiliser librement. Qu&rsquo;il s&rsquo;agisse de vid\u00e9os ou de simples documents pour le travail ou l&rsquo;\u00e9cole, le compte 4share Premium offre \u00e0 ses utilisateurs beaucoup d&rsquo;espace de stockage. Les films ou autres m\u00e9dias peuvent \u00eatre stock\u00e9s sans avoir \u00e0 se soucier de la limite de stockage alors qu&rsquo;un utilisateur de compte gratuit n&rsquo;a qu&rsquo;un espace de stockage limit\u00e9.<\/p>\n\n\n\n<ul><li>Gestionnaire de l&rsquo;annuaire<\/li><\/ul>\n\n\n\n<p>Les utilisateurs qui disposent de leur propre compte 4share Premium b\u00e9n\u00e9ficient d&rsquo;une autre fonction tr\u00e8s pratique, le gestionnaire d&rsquo;annuaire. Le gestionnaire d&rsquo;annuaire vous permet de g\u00e9rer et de trier tout ce que vous avez t\u00e9l\u00e9charg\u00e9 dans votre stockage. Acc\u00e9dez \u00e0 tout moment et en tout lieu \u00e0 vos fichiers et m\u00e9dias sans aucun probl\u00e8me. Le gestionnaire de r\u00e9pertoires permet une recherche de fichiers plus fluide et plus transparente.<\/p>\n\n\n\n<ul><li>Protection par mot de passe<\/li><\/ul>\n\n\n\n<p>Tous les fichiers qui sont t\u00e9l\u00e9charg\u00e9s par les utilisateurs du compte 4share Premium sont prot\u00e9g\u00e9s par un mot de passe. Les autres utilisateurs ne peuvent pas acc\u00e9der \u00e0 vos fichiers \u00e0 moins que vous ne leur fournissiez un mot de passe. Tr\u00e8s pratique pour la sauvegarde de fichiers pour le travail ou vos propres m\u00e9dias cr\u00e9\u00e9s comme l&rsquo;art et les vid\u00e9os. Un utilisateur gratuit de l&rsquo;autre c\u00f4t\u00e9 voit ses fichiers expos\u00e9s \u00e0 d&rsquo;autres utilisateurs et peut y acc\u00e9der gr\u00e2ce \u00e0 son lien. Si vous souhaitez prot\u00e9ger vos fichiers priv\u00e9s, un compte 4share Premium est tr\u00e8s conseill\u00e9. L&rsquo;internet est rempli d&rsquo;entit\u00e9s malveillantes qui visent \u00e0 voler des fichiers et d&rsquo;autres contenus. Le syst\u00e8me de mot de passe de 4share Premium \u00e9limine compl\u00e8tement la possibilit\u00e9 de tels risques pour leurs utilisateurs.<\/p>\n\n\n\n<ul><li>Lien direct<\/li><\/ul>\n\n\n<a class=\"maxbutton-2 maxbutton maxbutton-cta\" target=\"_blank\" rel=\"nofollow noopener\" href=\"\/go\/\"><span class='mb-text'>&gt;&gt; Acc\u00e9der au site web original de Linkifier<\/span><\/a>\n\n\n<p><\/p>\n\n\n\n<p>Le partage de fichiers avec la prime 4share se fait par des liens directs. Vous recevez un lien de votre fichier que vous voulez partager et il vous suffit de l&rsquo;envoyer \u00e0 l&rsquo;autre personne avec qui vous voulez le partager. Vous pouvez \u00e9galement inclure un mot de passe pour un partage plus s\u00fbr.<\/p>\n\n\n\n<ul><li>Abonnement mensuel bon march\u00e9<\/li><\/ul>\n\n\n\n<p>4share Premium est le service d&rsquo;h\u00e9bergement de fichiers sur le web dont les frais d&rsquo;abonnement sont les plus bas. Avec seulement environ 50 000 VND ou 2,20 $ par mois, vous pouvez utiliser facilement toutes les fonctionnalit\u00e9s du compte 4share Premium. Les autres services d&rsquo;h\u00e9bergement de fichiers peuvent co\u00fbter jusqu&rsquo;\u00e0 plus de 250 $ par mois, m\u00eame si les fonctionnalit\u00e9s et la qualit\u00e9 du service sont presque identiques \u00e0 celles de 4share. 4share vise \u00e0 offrir \u00e0 ses utilisateurs une alternative moins ch\u00e8re que l&rsquo;h\u00e9bergement de fichiers conventionnel et avec une fonctionnalit\u00e9 suppl\u00e9mentaire. Si vous \u00eates un \u00e9tudiant ou un propri\u00e9taire de petite entreprise qui a besoin que ses fichiers et ses m\u00e9dias soient accessibles \u00e0 tout moment mais qui dispose d&rsquo;un budget limit\u00e9 pour la gestion de ses fichiers, le compte 4share Premium est fait pour vous.<\/p>\n\n\n\n<ul><li>Guide de l&rsquo;utilisateur<\/li><\/ul>\n\n\n\n<p>Pour une utilisation plus pratique, les utilisateurs re\u00e7oivent un guide utile pour les aider \u00e0 mieux utiliser les fonctionnalit\u00e9s et \u00e0 naviguer sur le site web de l&rsquo;application. Toutes les informations n\u00e9cessaires sont d\u00e9j\u00e0 r\u00e9pertori\u00e9es dans le guide de l&rsquo;utilisateur, qu&rsquo;il s&rsquo;agisse de t\u00e9l\u00e9chargement, de partage de liens ou du syst\u00e8me de points bonus. Des guides sont \u00e9galement disponibles pour prolonger l&rsquo;abonnement \u00e0 votre compte 4share Premium.<\/p>\n\n\n\n<h2>4share Premium Points bonus<\/h2>\n\n\n\n<p>4share Premium Bonus Points est un syst\u00e8me de r\u00e9compenses pour ses utilisateurs. Un utilisateur de compte Premium peut gagner des points en t\u00e9l\u00e9chargeant et en chargeant des fichiers. Un t\u00e9l\u00e9chargement de 2 Go vous rapporte 1 point ou 10 points de bande passante. Ces points peuvent \u00eatre \u00e9chang\u00e9s contre de l&rsquo;or (la monnaie interne utilis\u00e9e dans l&rsquo;application). Cet or peut ensuite \u00eatre \u00e9chang\u00e9 contre d&rsquo;autres produits et services par 4share. Vous pouvez \u00e9galement l&rsquo;utiliser pour prolonger votre abonnement. 40 points de r\u00e9compense \u00e9quivalent \u00e0 1 Gold. Les t\u00e9l\u00e9chargements du m\u00eame fichier ne sont toutefois convertis en points que 3 fois par heure.<\/p>\n\n\n\n<h2>Gagnez de l&rsquo;argent gr\u00e2ce au syst\u00e8me de r\u00e9compenses du compte premium 4share<\/h2>\n\n\n\n<p>Saviez-vous que les points du compte premium 4share peuvent \u00eatre \u00e9chang\u00e9s contre des esp\u00e8ces ? Les points correspondants peuvent \u00eatre convertis en esp\u00e8ces et \u00eatre directement retir\u00e9s sur votre compte bancaire. Un seul point Gold peut \u00eatre \u00e9chang\u00e9 contre 300 VND ou 0,015 $. Ce syst\u00e8me permet d&rsquo;obtenir un revenu suppl\u00e9mentaire tout en partageant des fichiers sur Internet. Le montant minimum de retrait est de 500 000 VND ou 21,00 $.<\/p>\n\n\n\n<p>Il est \u00e9galement \u00e0 noter que le syst\u00e8me de r\u00e9compenses peut \u00eatre soumis \u00e0 des modifications chaque mois afin d&rsquo;optimiser pleinement le syst\u00e8me et d&rsquo;am\u00e9liorer encore la qualit\u00e9 du service.<\/p>\n\n\n\n<h2>Comment retirer vos gains avec les r\u00e9compenses du compte premium 4share<\/h2>\n\n\n\n<p>Vous pouvez retirer vos gains gr\u00e2ce au syst\u00e8me de r\u00e9compenses en quelques \u00e9tapes simples.<\/p>\n\n\n\n<p><strong>\u00c9tape 1.<\/strong> Envoyez vos informations et votre num\u00e9ro de t\u00e9l\u00e9phone \u00e0 l&rsquo;application.<\/p>\n\n\n\n<p><strong>\u00c9tape 2.<\/strong> Attendez la confirmation du compte.<\/p>\n\n\n\n<p><strong>\u00c9tape 3. <\/strong>Attendez que l&rsquo;argent se refl\u00e8te sur votre compte bancaire.<br><\/p>\n\n\n\n<h2>Mise \u00e0 disposition d&rsquo;un compte premium \u00e0 4 parts<\/h2>\n\n\n\n<p>Le compte 4share Premium accepte diff\u00e9rents types de m\u00e9thodes de paiement VISA et MasterCard.<\/p>\n\n\n\n<h2>Compte premium 4share VS compte gratuit<\/h2>\n\n\n\n<figure class=\"wp-block-table\"><table class=\"\"><tbody><tr><td>Caract\u00e9ristiques<\/td><td>Prime de 4 actions<\/td><td>Compte gratuit<\/td><\/tr><tr><td>Frais d&rsquo;abonnement mensuel<\/td><td>$2.20 \/ 50,000 VND<\/td><td>gratuit<\/td><\/tr><tr><td>Dur\u00e9e de stockage<\/td><td>30 jours + Bonus<\/td><td>15 jours<\/td><\/tr><tr><td>Vitesse de t\u00e9l\u00e9chargement<\/td><td>vitesse illimit\u00e9e<\/td><td>limit\u00e9e<\/td><\/tr><tr><td>Nombre de fichiers par t\u00e9l\u00e9chargement<\/td><td>illimit\u00e9<\/td><td>t\u00e9l\u00e9chargement unique<\/td><\/tr><tr><td>Taille de stockage<\/td><td>300GB<\/td><td>limit\u00e9e<\/td><\/tr><tr><td>Capacit\u00e9 de reprise<\/td><td>disponible sur<\/td><td>disponible sur<\/td><\/tr><tr><td>Protection par mot de passe<\/td><td>disponible sur<\/td><td>disponible sur<\/td><\/tr><tr><td>Temps d&rsquo;attente<\/td><td>instantan\u00e9<\/td><td>plusieurs secondes<\/td><\/tr><tr><td>Limite de t\u00e9l\u00e9chargement quotidienne<\/td><td>500GB par jour<\/td><td>limit\u00e9e<\/td><\/tr><\/tbody><\/table><\/figure>\n\n\n\n<h2>4share Premium: L&rsquo;h\u00e9bergeur de fichiers le moins cher du Web<\/h2>\n\n\n\n<p>La prime 4share est sans aucun doute l&rsquo;un des services d&rsquo;h\u00e9bergement de fichiers les moins chers du web. Pour seulement 2 $ par mois, un utilisateur de compte Premium peut b\u00e9n\u00e9ficier de nombreux services et outils qui lui permettent de g\u00e9rer ses fichiers en toute transparence. Il existe d&rsquo;autres services d&rsquo;h\u00e9bergement de fichiers, mais la plupart vous factureront plusieurs centaines de dollars pour la m\u00eame fonctionnalit\u00e9 que celle que 4share Premium peut vous offrir. Et le syst\u00e8me Uploader Bonus vous permet de gagner de l&rsquo;argent sur les c\u00f4t\u00e9s, alors quelle meilleure offre pouvez-vous demander ?<\/p>\n\n\n<a class=\"maxbutton-2 maxbutton maxbutton-cta\" target=\"_blank\" rel=\"nofollow noopener\" href=\"\/go\/\"><span class='mb-text'>&gt;&gt; Acc\u00e9der au site web original de Linkifier<\/span><\/a>\n\n\n<p><\/p>\n","protected":false},"excerpt":{"rendered":"<p>Rechercher un h\u00e9bergeur de fichiers fiable sur Internet, c&rsquo;est comme chercher des aiguilles dans une botte de foin. Il existe<\/p>\n","protected":false},"author":2,"featured_media":0,"parent":0,"menu_order":0,"comment_status":"closed","ping_status":"closed","template":"","meta":[],"yoast_head":"<!-- This site is optimized with the Yoast SEO plugin v18.3 - https:\/\/yoast.com\/wordpress\/plugins\/seo\/ -->\n<title>4share Premium Compte - Le Filehoster en un coup d&#039;\u0153il<\/title>\n<meta name=\"description\" content=\"Que 4share soit un fournisseur r\u00e9put\u00e9 ou non, vous pouvez trouver la r\u00e9ponse dans le test actuel sur Multihoster.org \u279c Cliquez maintenant sur \u271a pour lire nos exp\u00e9riences !\" \/>\n<meta name=\"robots\" content=\"index, follow, max-snippet:-1, max-image-preview:large, max-video-preview:-1\" \/>\n<link rel=\"canonical\" href=\"https:\/\/multihoster.org\/fr\/4share\/\" \/>\n<meta property=\"og:locale\" content=\"fr_FR\" \/>\n<meta property=\"og:type\" content=\"article\" \/>\n<meta property=\"og:title\" content=\"4share Premium Compte - Le Filehoster en un coup d&#039;\u0153il\" \/>\n<meta property=\"og:description\" content=\"Que 4share soit un fournisseur r\u00e9put\u00e9 ou non, vous pouvez trouver la r\u00e9ponse dans le test actuel sur Multihoster.org \u279c Cliquez maintenant sur \u271a pour lire nos exp\u00e9riences !\" \/>\n<meta property=\"og:url\" content=\"https:\/\/multihoster.org\/fr\/4share\/\" \/>\n<meta property=\"og:site_name\" content=\"Multihoster.org\" \/>\n<meta property=\"article:modified_time\" content=\"2020-03-30T14:06:04+00:00\" \/>\n<meta property=\"og:image\" content=\"https:\/\/lh3.googleusercontent.com\/RrbU4oZEm4QWQKICoZLyymhFtYa8lbr9pXG3GYEgIjcXl-e1SHUFBrLO4GvlZAt1bGGxzdjop4KvAsHTOgT02oisMpTGlnhNxTCtO6KVy24hCDffb1nmnOyrDKLKxgDucv-ks1w\" \/>\n<meta name=\"twitter:card\" content=\"summary\" \/>\n<meta name=\"twitter:label1\" content=\"Dur\u00e9e de lecture estim\u00e9e\" \/>\n\t<meta name=\"twitter:data1\" content=\"9 minutes\" \/>\n<script type=\"application\/ld+json\" class=\"yoast-schema-graph\">{\"@context\":\"https:\/\/schema.org\",\"@graph\":[{\"@type\":\"WebSite\",\"@id\":\"https:\/\/multihoster.org\/#website\",\"url\":\"https:\/\/multihoster.org\/\",\"name\":\"Multihoster.org\",\"description\":\"Reviews of the major Filehosting services\",\"potentialAction\":[{\"@type\":\"SearchAction\",\"target\":{\"@type\":\"EntryPoint\",\"urlTemplate\":\"https:\/\/multihoster.org\/?s={search_term_string}\"},\"query-input\":\"required name=search_term_string\"}],\"inLanguage\":\"fr-FR\"},{\"@type\":\"ImageObject\",\"@id\":\"https:\/\/multihoster.org\/fr\/4share\/#primaryimage\",\"inLanguage\":\"fr-FR\",\"url\":\"https:\/\/lh3.googleusercontent.com\/RrbU4oZEm4QWQKICoZLyymhFtYa8lbr9pXG3GYEgIjcXl-e1SHUFBrLO4GvlZAt1bGGxzdjop4KvAsHTOgT02oisMpTGlnhNxTCtO6KVy24hCDffb1nmnOyrDKLKxgDucv-ks1w\",\"contentUrl\":\"https:\/\/lh3.googleusercontent.com\/RrbU4oZEm4QWQKICoZLyymhFtYa8lbr9pXG3GYEgIjcXl-e1SHUFBrLO4GvlZAt1bGGxzdjop4KvAsHTOgT02oisMpTGlnhNxTCtO6KVy24hCDffb1nmnOyrDKLKxgDucv-ks1w\"},{\"@type\":\"WebPage\",\"@id\":\"https:\/\/multihoster.org\/fr\/4share\/#webpage\",\"url\":\"https:\/\/multihoster.org\/fr\/4share\/\",\"name\":\"4share Premium Compte - Le Filehoster en un coup d'\u0153il\",\"isPartOf\":{\"@id\":\"https:\/\/multihoster.org\/#website\"},\"primaryImageOfPage\":{\"@id\":\"https:\/\/multihoster.org\/fr\/4share\/#primaryimage\"},\"datePublished\":\"2020-03-20T16:34:32+00:00\",\"dateModified\":\"2020-03-30T14:06:04+00:00\",\"description\":\"Que 4share soit un fournisseur r\u00e9put\u00e9 ou non, vous pouvez trouver la r\u00e9ponse dans le test actuel sur Multihoster.org \u279c Cliquez maintenant sur \u271a pour lire nos exp\u00e9riences !\",\"breadcrumb\":{\"@id\":\"https:\/\/multihoster.org\/fr\/4share\/#breadcrumb\"},\"inLanguage\":\"fr-FR\",\"potentialAction\":[{\"@type\":\"ReadAction\",\"target\":[\"https:\/\/multihoster.org\/fr\/4share\/\"]}]},{\"@type\":\"BreadcrumbList\",\"@id\":\"https:\/\/multihoster.org\/fr\/4share\/#breadcrumb\",\"itemListElement\":[{\"@type\":\"ListItem\",\"position\":1,\"name\":\"Startseite\",\"item\":\"https:\/\/multihoster.org\/fr\/\"},{\"@type\":\"ListItem\",\"position\":2,\"name\":\"4share Premium Compte: Le Filehoster En Un Coup D&rsquo;\u0153il\"}]}]}<\/script>\n<!-- \/ Yoast SEO plugin. -->","yoast_head_json":{"title":"4share Premium Compte - Le Filehoster en un coup d'\u0153il","description":"Que 4share soit un fournisseur r\u00e9put\u00e9 ou non, vous pouvez trouver la r\u00e9ponse dans le test actuel sur Multihoster.org \u279c Cliquez maintenant sur \u271a pour lire nos exp\u00e9riences !","robots":{"index":"index","follow":"follow","max-snippet":"max-snippet:-1","max-image-preview":"max-image-preview:large","max-video-preview":"max-video-preview:-1"},"canonical":"https:\/\/multihoster.org\/fr\/4share\/","og_locale":"fr_FR","og_type":"article","og_title":"4share Premium Compte - Le Filehoster en un coup d'\u0153il","og_description":"Que 4share soit un fournisseur r\u00e9put\u00e9 ou non, vous pouvez trouver la r\u00e9ponse dans le test actuel sur Multihoster.org \u279c Cliquez maintenant sur \u271a pour lire nos exp\u00e9riences !","og_url":"https:\/\/multihoster.org\/fr\/4share\/","og_site_name":"Multihoster.org","article_modified_time":"2020-03-30T14:06:04+00:00","og_image":[{"url":"https:\/\/lh3.googleusercontent.com\/RrbU4oZEm4QWQKICoZLyymhFtYa8lbr9pXG3GYEgIjcXl-e1SHUFBrLO4GvlZAt1bGGxzdjop4KvAsHTOgT02oisMpTGlnhNxTCtO6KVy24hCDffb1nmnOyrDKLKxgDucv-ks1w"}],"twitter_card":"summary","twitter_misc":{"Dur\u00e9e de lecture estim\u00e9e":"9 minutes"},"schema":{"@context":"https:\/\/schema.org","@graph":[{"@type":"WebSite","@id":"https:\/\/multihoster.org\/#website","url":"https:\/\/multihoster.org\/","name":"Multihoster.org","description":"Reviews of the major Filehosting services","potentialAction":[{"@type":"SearchAction","target":{"@type":"EntryPoint","urlTemplate":"https:\/\/multihoster.org\/?s={search_term_string}"},"query-input":"required name=search_term_string"}],"inLanguage":"fr-FR"},{"@type":"ImageObject","@id":"https:\/\/multihoster.org\/fr\/4share\/#primaryimage","inLanguage":"fr-FR","url":"https:\/\/lh3.googleusercontent.com\/RrbU4oZEm4QWQKICoZLyymhFtYa8lbr9pXG3GYEgIjcXl-e1SHUFBrLO4GvlZAt1bGGxzdjop4KvAsHTOgT02oisMpTGlnhNxTCtO6KVy24hCDffb1nmnOyrDKLKxgDucv-ks1w","contentUrl":"https:\/\/lh3.googleusercontent.com\/RrbU4oZEm4QWQKICoZLyymhFtYa8lbr9pXG3GYEgIjcXl-e1SHUFBrLO4GvlZAt1bGGxzdjop4KvAsHTOgT02oisMpTGlnhNxTCtO6KVy24hCDffb1nmnOyrDKLKxgDucv-ks1w"},{"@type":"WebPage","@id":"https:\/\/multihoster.org\/fr\/4share\/#webpage","url":"https:\/\/multihoster.org\/fr\/4share\/","name":"4share Premium Compte - Le Filehoster en un coup d'\u0153il","isPartOf":{"@id":"https:\/\/multihoster.org\/#website"},"primaryImageOfPage":{"@id":"https:\/\/multihoster.org\/fr\/4share\/#primaryimage"},"datePublished":"2020-03-20T16:34:32+00:00","dateModified":"2020-03-30T14:06:04+00:00","description":"Que 4share soit un fournisseur r\u00e9put\u00e9 ou non, vous pouvez trouver la r\u00e9ponse dans le test actuel sur Multihoster.org \u279c Cliquez maintenant sur \u271a pour lire nos exp\u00e9riences !","breadcrumb":{"@id":"https:\/\/multihoster.org\/fr\/4share\/#breadcrumb"},"inLanguage":"fr-FR","potentialAction":[{"@type":"ReadAction","target":["https:\/\/multihoster.org\/fr\/4share\/"]}]},{"@type":"BreadcrumbList","@id":"https:\/\/multihoster.org\/fr\/4share\/#breadcrumb","itemListElement":[{"@type":"ListItem","position":1,"name":"Startseite","item":"https:\/\/multihoster.org\/fr\/"},{"@type":"ListItem","position":2,"name":"4share Premium Compte: Le Filehoster En Un Coup D&rsquo;\u0153il"}]}]}},"_links":{"self":[{"href":"https:\/\/multihoster.org\/fr\/wp-json\/wp\/v2\/pages\/2587"}],"collection":[{"href":"https:\/\/multihoster.org\/fr\/wp-json\/wp\/v2\/pages"}],"about":[{"href":"https:\/\/multihoster.org\/fr\/wp-json\/wp\/v2\/types\/page"}],"author":[{"embeddable":true,"href":"https:\/\/multihoster.org\/fr\/wp-json\/wp\/v2\/users\/2"}],"replies":[{"embeddable":true,"href":"https:\/\/multihoster.org\/fr\/wp-json\/wp\/v2\/comments?post=2587"}],"version-history":[{"count":3,"href":"https:\/\/multihoster.org\/fr\/wp-json\/wp\/v2\/pages\/2587\/revisions"}],"predecessor-version":[{"id":2774,"href":"https:\/\/multihoster.org\/fr\/wp-json\/wp\/v2\/pages\/2587\/revisions\/2774"}],"wp:attachment":[{"href":"https:\/\/multihoster.org\/fr\/wp-json\/wp\/v2\/media?parent=2587"}],"curies":[{"name":"wp","href":"https:\/\/api.w.org\/{rel}","templated":true}]}}