{"id":2625,"date":"2020-03-23T14:50:08","date_gmt":"2020-03-23T14:50:08","guid":{"rendered":"https:\/\/multihoster.org\/?page_id=2625"},"modified":"2020-03-30T11:31:21","modified_gmt":"2020-03-30T11:31:21","slug":"fileshark","status":"publish","type":"page","link":"https:\/\/multihoster.org\/fr\/fileshark\/","title":{"rendered":"Fileshark Premium Compte: Le Filehoster En Un Coup D&rsquo;\u0153il"},"content":{"rendered":"\n<figure class=\"wp-block-image\"><img src=\"https:\/\/lh4.googleusercontent.com\/N5IM2C40_yjvv_zNuUXu_SxRfezN8Y3UuSImioDPIB7qgYp675Bu-9gKwYTRBFSYFMrhZaGjkGxm8jlfgHOY7Rq1gtoupayw2C0T3YGPzQlLEQd--oMxWZwfJxjT65ei4p-A8fA\" alt=\"FileShark logo\"\/><\/figure>\n\n\n<a class=\"maxbutton-2 maxbutton maxbutton-cta\" target=\"_blank\" rel=\"nofollow noopener\" href=\"\/go\/\"><span class='mb-text'>&gt;&gt; Acc\u00e9der au site web original de Linkifier<\/span><\/a>\n\n\n<p><\/p>\n\n\n\n<h2>Qu&rsquo;est-ce que FileShark ?<\/h2>\n\n\n\n<p>FileShark est l&rsquo;un des sites de t\u00e9l\u00e9chargement de fichiers en ligne. Il garantit aux utilisateurs la s\u00e9curit\u00e9 de leurs fichiers. Ici, un utilisateur peut t\u00e9l\u00e9charger, visualiser et partager ses fichiers. <\/p>\n\n\n\n<p>Avant de pouvoir acc\u00e9der au site FileShark ou de continuer \u00e0 utiliser son site, les utilisateurs devront d&rsquo;abord lire les conditions d&rsquo;utilisation de FileShark.<\/p>\n\n\n\n<p>Le site de FileShark est \u00e0 l&rsquo;origine en polonais, qui est la langue de la Pologne. Un utilisateur peut facilement et automatiquement traduire la langue en anglais ou dans sa langue maternelle gr\u00e2ce \u00e0 la fonction de traduction de Google du navigateur web.<\/p>\n\n\n\n<h2>Comptes FileShark<\/h2>\n\n\n\n<ul><li>FileShark Non &#8211; Compte d&rsquo;utilisateur enregistr\u00e9<\/li><\/ul>\n\n\n\n<p>Tout utilisateur, m\u00eame s&rsquo;il n&rsquo;est pas encore enregistr\u00e9 sur FileShark, peut acc\u00e9der au site de FileShark. Vous trouverez ci-dessous les choses qu&rsquo;un utilisateur non enregistr\u00e9 ne peut faire qu&rsquo;avec le FileShark.<\/p>\n\n\n\n<p>1. Un utilisateur peut parcourir et naviguer sur le site FileShark.<\/p>\n\n\n\n<p>2. Un utilisateur Premium peut acc\u00e9der et profiter de certaines des fonctionnalit\u00e9s du site FileShark.<\/p>\n\n\n\n<p>3. Un utilisateur peut t\u00e9l\u00e9charger un fichier mais avec une limite pour la vitesse de t\u00e9l\u00e9chargement et la vitesse maximale est de 150 kilo-octets par seconde (kbps) seulement.<\/p>\n\n\n\n<p>4. Lors du t\u00e9l\u00e9chargement d&rsquo;un fichier, l&rsquo;utilisateur devra attendre soixante (60) secondes avant que le t\u00e9l\u00e9chargement ne commence.<\/p>\n\n\n\n<p>5.&nbsp; Un utilisateur ne peut pas \u00eatre en mesure de t\u00e9l\u00e9charger plusieurs fichiers en m\u00eame temps.<\/p>\n\n\n\n<p>6. Lorsqu&rsquo;un utilisateur t\u00e9l\u00e9charge un fichier, celui-ci ne doit pas d\u00e9passer la taille maximale du fichier qui est de 1024 m\u00e9gaoctets (Mo) et un utilisateur n&rsquo;est autoris\u00e9 \u00e0 t\u00e9l\u00e9charger qu&rsquo;un (1) fichier \u00e0 la fois.<\/p>\n\n\n\n<p>7. Il y a une limite de temps pour le fichier sauvegard\u00e9. Fileshark ne donnera aux utilisateurs non enregistr\u00e9s que trente (30) jours pour le stockage du fichier. <\/p>\n\n\n\n<ul><li>Compte gratuit FileShark<\/li><\/ul>\n\n\n\n<p>Un utilisateur peut s&rsquo;inscrire gratuitement en tant que compte d&rsquo;utilisateur sur FileShark. Les utilisateurs du compte gratuit FileShark b\u00e9n\u00e9ficient des m\u00eames avantages que les utilisateurs non enregistr\u00e9s de FileShark.<\/p>\n\n\n\n<p>1. Un compte gratuit permet de parcourir et de naviguer sur le site FileShark.<\/p>\n\n\n\n<p>2. Un compte d&rsquo;utilisateur gratuit permet d&rsquo;acc\u00e9der et de profiter de la plupart des fonctionnalit\u00e9s du site FileShark.<\/p>\n\n\n\n<p>3. Un utilisateur de compte gratuit peut t\u00e9l\u00e9charger un fichier mais avec une limite pour la vitesse de t\u00e9l\u00e9chargement et la vitesse maximale est de 150 kilo-octets par seconde (kbps) seulement comme avec les utilisateurs non enregistr\u00e9s de FileShark.<\/p>\n\n\n\n<p>4. Lors du t\u00e9l\u00e9chargement d&rsquo;un fichier, un compte gratuit devra attendre soixante (60) secondes avant que le t\u00e9l\u00e9chargement ne commence.<\/p>\n\n\n\n<p>5. Un compte gratuit ne peut pas \u00eatre en mesure de t\u00e9l\u00e9charger plusieurs fichiers en m\u00eame temps.<\/p>\n\n\n\n<p>6. Lorsqu&rsquo;un utilisateur t\u00e9l\u00e9charge un fichier, celui-ci ne doit pas d\u00e9passer la taille maximale du fichier qui est de 10240 m\u00e9gaoctets (Mo) et un utilisateur n&rsquo;est autoris\u00e9 \u00e0 t\u00e9l\u00e9charger que vingt (20) fichiers en m\u00eame temps.<\/p>\n\n\n\n<p>7. Il y a une limite de temps pour le fichier sauvegard\u00e9. Fileshark ne donnera aux utilisateurs de comptes gratuits que trente (30) jours pour le stockage des fichiers. <\/p>\n\n\n\n<p>8. Un seul utilisateur peut stocker des donn\u00e9es jusqu&rsquo;\u00e0 la capacit\u00e9 maximale qui est de huit t\u00e9raoctets (8 TB).<\/p>\n\n\n\n<p>9. Un compte gratuit ne vous oblige \u00e0 t\u00e9l\u00e9charger que jusqu&rsquo;\u00e0 trente gigaoctets (30 Go) de donn\u00e9es dans le d\u00e9lai pr\u00e9vu pour une journ\u00e9e enti\u00e8re ou vingt-quatre (24) heures.<\/p>\n\n\n\n<ul><li>Compte Premium FileShark<\/li><\/ul>\n\n\n\n<p>Quels sont les avantages qu&rsquo;un utilisateur peut obtenir pour le compte Premium de FileShark ?<\/p>\n\n\n\n<p>1.&nbsp; Un utilisateur Premium peut parcourir et naviguer n&rsquo;importe o\u00f9 sur le site de FileShark.<\/p>\n\n\n\n<p>2.&nbsp; Un utilisateur Premium peut acc\u00e9der et profiter de toutes les meilleures fonctionnalit\u00e9s du site FileShark.<\/p>\n\n\n\n<p>3. Il n&rsquo;y a pas de temps d&rsquo;attente pour les t\u00e9l\u00e9chargements car les utilisateurs peuvent lancer les t\u00e9l\u00e9chargements automatiquement et imm\u00e9diatement.<\/p>\n\n\n\n<p>4. Un utilisateur Premium peut conna\u00eetre la vitesse de t\u00e9l\u00e9chargement au niveau maximum. N&rsquo;oubliez pas que la connexion internet d&rsquo;un utilisateur affecte la vitesse des t\u00e9l\u00e9chargements, donc si la connexion internet d&rsquo;un utilisateur est rapide, le t\u00e9l\u00e9chargement du fichier le sera aussi.<\/p>\n\n\n\n<p>5. Un utilisateur Premium n&rsquo;a pas de limite de temps pour le stockage des fichiers<\/p>\n\n\n\n<p>6. Un utilisateur Premium est autoris\u00e9 \u00e0 t\u00e9l\u00e9charger plusieurs fois en m\u00eame temps ou simultan\u00e9ment.<\/p>\n\n\n\n<p>7. Un utilisateur Premium est une option permettant de mettre en pause ou de reprendre les t\u00e9l\u00e9chargements de l&rsquo;utilisateur.<\/p>\n\n\n\n<p>8. Un utilisateur Premium n&rsquo;attendra pas plus longtemps pour les t\u00e9l\u00e9chargements car le compte Premium de FileShark n&rsquo;a pas de file d&rsquo;attente.<\/p>\n\n\n\n<p>9. Un utilisateur Premium b\u00e9n\u00e9ficiera d&rsquo;une aide pour la diffusion en continu<\/p>\n\n\n\n<p class=\"has-text-align-center\"><strong> FileShark Premium <\/strong><\/p>\n\n\n\n<figure class=\"wp-block-table\"><table class=\"\"><tbody><tr><td class=\"has-text-align-center\" data-align=\"center\">Nombre de jours <\/td><td class=\"has-text-align-center\" data-align=\"center\">Prix en dollars (USD) <\/td><td class=\"has-text-align-center\" data-align=\"center\">Prix en euros <\/td><td class=\"has-text-align-center\" data-align=\"center\">Prix en zloty polonais (PLN) <\/td><\/tr><tr><td class=\"has-text-align-center\" data-align=\"center\">3<\/td><td class=\"has-text-align-center\" data-align=\"center\">$6.99<\/td><td class=\"has-text-align-center\" data-align=\"center\"> \u20ac 6<\/td><td class=\"has-text-align-center\" data-align=\"center\">25 z\u0142<\/td><\/tr><tr><td class=\"has-text-align-center\" data-align=\"center\">15<\/td><td class=\"has-text-align-center\" data-align=\"center\">$8.99<\/td><td class=\"has-text-align-center\" data-align=\"center\"> \u20ac 7.99<\/td><td class=\"has-text-align-center\" data-align=\"center\">33 z\u0142 <\/td><\/tr><tr><td class=\"has-text-align-center\" data-align=\"center\">30<\/td><td class=\"has-text-align-center\" data-align=\"center\">$12.49<\/td><td class=\"has-text-align-center\" data-align=\"center\"> \u20ac 10.99<\/td><td class=\"has-text-align-center\" data-align=\"center\">46 z\u0142 <\/td><\/tr><tr><td class=\"has-text-align-center\" data-align=\"center\">60<\/td><td class=\"has-text-align-center\" data-align=\"center\">$22.99<\/td><td class=\"has-text-align-center\" data-align=\"center\"> \u20ac 19.99<\/td><td class=\"has-text-align-center\" data-align=\"center\">84 z\u0142 <\/td><\/tr><tr><td class=\"has-text-align-center\" data-align=\"center\">90<\/td><td class=\"has-text-align-center\" data-align=\"center\">$32.99<\/td><td class=\"has-text-align-center\" data-align=\"center\"> \u20ac 28.99<\/td><td class=\"has-text-align-center\" data-align=\"center\">121 z\u0142 <\/td><\/tr><tr><td class=\"has-text-align-center\" data-align=\"center\">365<\/td><td class=\"has-text-align-center\" data-align=\"center\">$129<\/td><td class=\"has-text-align-center\" data-align=\"center\"> \u20ac 111<\/td><td class=\"has-text-align-center\" data-align=\"center\">475 z\u0142 <\/td><\/tr><\/tbody><\/table><\/figure>\n\n\n\n<p class=\"has-text-align-center\"><strong> FileShark Premium Compte (double) <\/strong><\/p>\n\n\n\n<figure class=\"wp-block-table\"><table class=\"\"><tbody><tr><td>Nombre total de jours : <\/td><td>3 jours<\/td><\/tr><tr><td>Taille de stockage : <\/td><td>100 Go de transfert \/ 24 heures <\/td><\/tr><tr><td>Prix en USD : <\/td><td> $13.50 <\/td><\/tr><tr><td>Prix en euros : <\/td><td> \u20ac 12 <\/td><\/tr><tr><td>Prix de l&rsquo;or en Pologne : <\/td><td> 49.90 z\u0142 <\/td><\/tr><tr><td><\/td><td><\/td><\/tr><tr><td>Nombre total de jours :  <\/td><td>30 jours <\/td><\/tr><tr><td>Taille de stockage : <\/td><td>100 Go de transfert \/ 24 heures <\/td><\/tr><tr><td>Prix en dollars (USD) : <\/td><td> $24 <\/td><\/tr><tr><td>Prix en euros : <\/td><td> \u20ac20.50 <\/td><\/tr><tr><td>Prix en Pologne PLN : <\/td><td> 91.90 z\u0142 <\/td><\/tr><\/tbody><\/table><\/figure>\n\n\n\n<p>*GB signifie Gigabyte<\/p>\n\n\n<a class=\"maxbutton-2 maxbutton maxbutton-cta\" target=\"_blank\" rel=\"nofollow noopener\" href=\"\/go\/\"><span class='mb-text'>&gt;&gt; Acc\u00e9der au site web original de Linkifier<\/span><\/a>\n\n\n<p><\/p>\n\n\n\n<h2>FileShark Paiements<\/h2>\n\n\n\n<p>Pour les paiements FileShark, un utilisateur peut payer le compte Premium FileShark en utilisant les m\u00e9thodes de paiement prises en charge ci-dessous.<\/p>\n\n\n\n<p>1. Paypal,<\/p>\n\n\n\n<p>2. Visa,<\/p>\n\n\n\n<p>3. MasterCard,<\/p>\n\n\n\n<p>4.American Express or AMEX,<\/p>\n\n\n\n<p>5. Unionpay,<\/p>\n\n\n\n<p>6. Sofort,<\/p>\n\n\n\n<p>7. Ideal,<\/p>\n\n\n\n<p>8. Giropay,&nbsp;<\/p>\n\n\n\n<p>9. Bitcoin, and<\/p>\n\n\n\n<p>10. FileShark Resellers<br><\/p>\n\n\n\n<p>D\u00e9lai de livraison de FileShark : Le d\u00e9lai de livraison du produit FileShark Premium est d&rsquo;environ une (1) minute \u00e0 deux (2) heures par jour apr\u00e8s le paiement.<\/p>\n\n\n\n<h2>Activation du compte premium FileShark <\/h2>\n\n\n\n<p>Pour activer le compte Premium FileShark, l&rsquo;utilisateur doit disposer de la cl\u00e9 ou du code correspondant. Ne vous inqui\u00e9tez pas, car apr\u00e8s avoir utilis\u00e9 le compte Premium FileShark, l&rsquo;utilisateur recevra la cl\u00e9 ou le code d&rsquo;activation du compte Premium FileShark. <\/p>\n\n\n\n<p>Si un utilisateur poss\u00e8de d\u00e9j\u00e0 la cl\u00e9, il suffit de suivre les \u00e9tapes ci-dessous :<\/p>\n\n\n\n<p>1. Pour un utilisateur qui n&rsquo;est pas encore enregistr\u00e9 sur FileShark, il ou elle doit d&rsquo;abord s&rsquo;enregistrer. L&rsquo;utilisateur peut donc se connecter et aller sur le panneau FileShark pour entrer la cl\u00e9 ou le code pour le FileShark Premium.  Ensuite, cliquez sur le bouton \u00ab\u00a0Appliquer\u00a0\u00bb pour l&rsquo;enregistrer.<br><\/p>\n\n\n\n<p>2. Si un compte utilisateur est d\u00e9j\u00e0 enregistr\u00e9, il ou elle peut se connecter \u00e0 FileShark et aller dans le panneau FileShark pour entrer la cl\u00e9 ou le code permettant d&rsquo;activer le compte Premium FileShark. Ensuite, cliquez sur le bouton \u00ab\u00a0Appliquer\u00a0\u00bb pour l&rsquo;enregistrer.<br><\/p>\n\n\n\n<p>Apr\u00e8s que la cl\u00e9 ou le code a \u00e9t\u00e9 saisi et appliqu\u00e9 et a \u00e9t\u00e9 valid\u00e9 par le FileShark, le compte gratuit de l&rsquo;utilisateur sera automatiquement bascul\u00e9 vers le compte Premium ou prolongera automatiquement le compte Premium.<\/p>\n\n\n\n<h2>T\u00e9l\u00e9chargement de fichiers sur FileShark<\/h2>\n\n\n\n<p>Il y a trois (3) fa\u00e7ons pour les utilisateurs de t\u00e9l\u00e9charger un fichier sur FileShark :<\/p>\n\n\n\n<p>1. T\u00e9l\u00e9charger un fichier en utilisant un lien Youtube &#8211; Un utilisateur peut simplement copier le lien du fichier et le coller dans la barre de t\u00e9l\u00e9chargement de FileShark pour le t\u00e9l\u00e9charger. La taille maximale du fichier est de 1 gigaoctet (Go)<br><\/p>\n\n\n\n<p>2. T\u00e9l\u00e9charger un fichier sur le r\u00e9seau en nuage &#8211; De cette fa\u00e7on, la taille maximale du fichier est de 1 gigaoctet (Go).<br><\/p>\n\n\n\n<p>3. T\u00e9l\u00e9chargement en utilisant le protocole de transfert de fichiers (FTP). Voir ci-dessous ce qu&rsquo;est le FTP.<\/p>\n\n\n\n<p>La taille maximale du fichier est de 1 gigaoctet (GB)<\/p>\n\n\n\n<p>Lorsque le fichier est t\u00e9l\u00e9charg\u00e9, il sera ajout\u00e9 et affich\u00e9 sur la page d&rsquo;accueil de FileShark.<\/p>\n\n\n\n<p>Alors, qu&rsquo;est-ce que le FTP ?<\/p>\n\n\n\n<p>FTP est le terme court pour le protocole de transfert de fichiers. C&rsquo;est un type de <a rel=\"noreferrer noopener\" aria-label=\"protocole  (opens in a new tab)\" href=\"https:\/\/dictionary.cambridge.org\/us\/dictionary\/english\/protocol\" target=\"_blank\">protocole <\/a>de l&rsquo;Internet et il est utilis\u00e9 pour transf\u00e9rer des fichiers \u00e0 partir d&rsquo;un appareil sur l&rsquo;Internet. Un utilisateur demandera un fichier en utilisant son appareil et ensuite, il y a un serveur, local ou distant, qui fournira le fichier demand\u00e9 par l&rsquo;utilisateur.<br><\/p>\n\n\n\n<p>Vous trouverez ci-dessous les cat\u00e9gories dans lesquelles un utilisateur a t\u00e9l\u00e9charg\u00e9 un fichier :<\/p>\n\n\n\n<p>Toutes les cat\u00e9gories &#8211; Tous les fichiers seront ajout\u00e9s et seront affich\u00e9s sur cette page, y compris le titre des fichiers. <\/p>\n\n\n\n<figure class=\"wp-block-table\"><table class=\"\"><tbody><tr><td> Amateur&nbsp; <\/td><td> Jeux <\/td><td> Devise <\/td><td> Politique <\/td><td>\u00c9missions de t\u00e9l\u00e9vision <\/td><\/tr><tr><td>Bureau <\/td><td> Histoire <\/td><td> Musique <\/td><td> Tutoriels <\/td><td>Films bris\u00e9s <\/td><\/tr><tr><td>Vid\u00e9os extr\u00eames <\/td><td> Japonais <\/td><td>Science et technologie <\/td><td> Ads <\/td><td>S\u00e9rie Youtube <\/td><\/tr><tr><td> Films <\/td><td>Th\u00e9\u00e2tre ou th\u00e9\u00e2tre musical <\/td><td> Nostalgie <\/td><td> Sexy <\/td><td>Vid\u00e9os amusantes <\/td><\/tr><tr><td>Fragments de film <\/td><td>Dessins humoristiques ou animations <\/td><td>Parodies <\/td><td> Sports <\/td><td> Animaux<\/td><\/tr><tr><td> Gadgets <\/td><td> Magie <\/td><td>Films sur la bi\u00e8re <\/td><td> Bandes-annonces <\/td><td><\/td><\/tr><\/tbody><\/table><\/figure>\n\n\n\n<h2>T\u00e9l\u00e9chargement<\/h2>\n\n\n\n<p>Les utilisateurs de FileShark non enregistr\u00e9s, du compte FileShark gratuit et du compte FileShark Premium peuvent t\u00e9l\u00e9charger des fichiers en utilisant les liens de t\u00e9l\u00e9chargement de FileShark. Les liens de t\u00e9l\u00e9chargement d&rsquo;un fichier doivent \u00eatre cliqu\u00e9s par un utilisateur pour acc\u00e9der \u00e0 la page de t\u00e9l\u00e9chargement du FileShark. Lorsqu&rsquo;un utilisateur se trouve sur la page de t\u00e9l\u00e9chargement d&rsquo;un fichier, il lui suffit de cliquer sur le bouton \u00ab\u00a0T\u00e9l\u00e9charger\u00a0\u00bb pour lancer le t\u00e9l\u00e9chargement.<\/p>\n\n\n\n<h2>Partage<\/h2>\n\n\n\n<p>Un utilisateur peut partager son ou ses fichiers en utilisant les liens fournis par le FileShark. Il ou elle peut le partager sur des plateformes de m\u00e9dias sociaux comme Facebook, Twitter et Instagram ou m\u00eame sur des e-mails comme Yahoo Mail ou Google Mail.<\/p>\n\n\n\n<h2>Rapports<\/h2>\n\n\n\n<p>Si, dans un cas quelconque, une action pour abus est entreprise, elle doit \u00eatre signal\u00e9e \u00e0 FileShark.<\/p>\n\n\n\n<p>Un utilisateur, qu&rsquo;il soit enregistr\u00e9 ou non, doit signaler le cas d&rsquo;abus sur la page de contact ou la page de signalement d&rsquo;abus de FileShark. Il ou elle doit inclure son adresse \u00e9lectronique et le contenu du rapport. Pour soumettre le rapport, il suffit de cliquer sur le bouton \u00ab\u00a0Envoyer\u00a0\u00bb.<\/p>\n\n\n<a class=\"maxbutton-2 maxbutton maxbutton-cta\" target=\"_blank\" rel=\"nofollow noopener\" href=\"\/go\/\"><span class='mb-text'>&gt;&gt; Acc\u00e9der au site web original de Linkifier<\/span><\/a>\n\n\n<p><\/p>\n","protected":false},"excerpt":{"rendered":"<p>Qu&rsquo;est-ce que FileShark ? FileShark est l&rsquo;un des sites de t\u00e9l\u00e9chargement de fichiers en ligne. Il garantit aux utilisateurs la<\/p>\n","protected":false},"author":2,"featured_media":0,"parent":0,"menu_order":0,"comment_status":"closed","ping_status":"closed","template":"","meta":[],"yoast_head":"<!-- This site is optimized with the Yoast SEO plugin v18.3 - https:\/\/yoast.com\/wordpress\/plugins\/seo\/ -->\n<title>Fileshark Premium Compte - Le Filehoster en un coup d&#039;\u0153il<\/title>\n<meta name=\"description\" content=\"Que Fileshark soit un fournisseur r\u00e9put\u00e9 ou non, vous pouvez trouver la r\u00e9ponse dans le test actuel sur Multihoster.org \u279c Cliquez maintenant sur \u271a pour lire nos exp\u00e9riences !\" \/>\n<meta name=\"robots\" content=\"index, follow, max-snippet:-1, max-image-preview:large, max-video-preview:-1\" \/>\n<link rel=\"canonical\" href=\"https:\/\/multihoster.org\/fr\/fileshark\/\" \/>\n<meta property=\"og:locale\" content=\"fr_FR\" \/>\n<meta property=\"og:type\" content=\"article\" \/>\n<meta property=\"og:title\" content=\"Fileshark Premium Compte - Le Filehoster en un coup d&#039;\u0153il\" \/>\n<meta property=\"og:description\" content=\"Que Fileshark soit un fournisseur r\u00e9put\u00e9 ou non, vous pouvez trouver la r\u00e9ponse dans le test actuel sur Multihoster.org \u279c Cliquez maintenant sur \u271a pour lire nos exp\u00e9riences !\" \/>\n<meta property=\"og:url\" content=\"https:\/\/multihoster.org\/fr\/fileshark\/\" \/>\n<meta property=\"og:site_name\" content=\"Multihoster.org\" \/>\n<meta property=\"article:modified_time\" content=\"2020-03-30T11:31:21+00:00\" \/>\n<meta property=\"og:image\" content=\"https:\/\/lh4.googleusercontent.com\/N5IM2C40_yjvv_zNuUXu_SxRfezN8Y3UuSImioDPIB7qgYp675Bu-9gKwYTRBFSYFMrhZaGjkGxm8jlfgHOY7Rq1gtoupayw2C0T3YGPzQlLEQd--oMxWZwfJxjT65ei4p-A8fA\" \/>\n<meta name=\"twitter:card\" content=\"summary\" \/>\n<meta name=\"twitter:label1\" content=\"Dur\u00e9e de lecture estim\u00e9e\" \/>\n\t<meta name=\"twitter:data1\" content=\"8 minutes\" \/>\n<script type=\"application\/ld+json\" class=\"yoast-schema-graph\">{\"@context\":\"https:\/\/schema.org\",\"@graph\":[{\"@type\":\"WebSite\",\"@id\":\"https:\/\/multihoster.org\/#website\",\"url\":\"https:\/\/multihoster.org\/\",\"name\":\"Multihoster.org\",\"description\":\"Reviews of the major Filehosting services\",\"potentialAction\":[{\"@type\":\"SearchAction\",\"target\":{\"@type\":\"EntryPoint\",\"urlTemplate\":\"https:\/\/multihoster.org\/?s={search_term_string}\"},\"query-input\":\"required name=search_term_string\"}],\"inLanguage\":\"fr-FR\"},{\"@type\":\"ImageObject\",\"@id\":\"https:\/\/multihoster.org\/fr\/fileshark\/#primaryimage\",\"inLanguage\":\"fr-FR\",\"url\":\"https:\/\/lh4.googleusercontent.com\/N5IM2C40_yjvv_zNuUXu_SxRfezN8Y3UuSImioDPIB7qgYp675Bu-9gKwYTRBFSYFMrhZaGjkGxm8jlfgHOY7Rq1gtoupayw2C0T3YGPzQlLEQd--oMxWZwfJxjT65ei4p-A8fA\",\"contentUrl\":\"https:\/\/lh4.googleusercontent.com\/N5IM2C40_yjvv_zNuUXu_SxRfezN8Y3UuSImioDPIB7qgYp675Bu-9gKwYTRBFSYFMrhZaGjkGxm8jlfgHOY7Rq1gtoupayw2C0T3YGPzQlLEQd--oMxWZwfJxjT65ei4p-A8fA\"},{\"@type\":\"WebPage\",\"@id\":\"https:\/\/multihoster.org\/fr\/fileshark\/#webpage\",\"url\":\"https:\/\/multihoster.org\/fr\/fileshark\/\",\"name\":\"Fileshark Premium Compte - Le Filehoster en un coup d'\u0153il\",\"isPartOf\":{\"@id\":\"https:\/\/multihoster.org\/#website\"},\"primaryImageOfPage\":{\"@id\":\"https:\/\/multihoster.org\/fr\/fileshark\/#primaryimage\"},\"datePublished\":\"2020-03-23T14:50:08+00:00\",\"dateModified\":\"2020-03-30T11:31:21+00:00\",\"description\":\"Que Fileshark soit un fournisseur r\u00e9put\u00e9 ou non, vous pouvez trouver la r\u00e9ponse dans le test actuel sur Multihoster.org \u279c Cliquez maintenant sur \u271a pour lire nos exp\u00e9riences !\",\"breadcrumb\":{\"@id\":\"https:\/\/multihoster.org\/fr\/fileshark\/#breadcrumb\"},\"inLanguage\":\"fr-FR\",\"potentialAction\":[{\"@type\":\"ReadAction\",\"target\":[\"https:\/\/multihoster.org\/fr\/fileshark\/\"]}]},{\"@type\":\"BreadcrumbList\",\"@id\":\"https:\/\/multihoster.org\/fr\/fileshark\/#breadcrumb\",\"itemListElement\":[{\"@type\":\"ListItem\",\"position\":1,\"name\":\"Startseite\",\"item\":\"https:\/\/multihoster.org\/fr\/\"},{\"@type\":\"ListItem\",\"position\":2,\"name\":\"Fileshark Premium Compte: Le Filehoster En Un Coup D&rsquo;\u0153il\"}]}]}<\/script>\n<!-- \/ Yoast SEO plugin. -->","yoast_head_json":{"title":"Fileshark Premium Compte - Le Filehoster en un coup d'\u0153il","description":"Que Fileshark soit un fournisseur r\u00e9put\u00e9 ou non, vous pouvez trouver la r\u00e9ponse dans le test actuel sur Multihoster.org \u279c Cliquez maintenant sur \u271a pour lire nos exp\u00e9riences !","robots":{"index":"index","follow":"follow","max-snippet":"max-snippet:-1","max-image-preview":"max-image-preview:large","max-video-preview":"max-video-preview:-1"},"canonical":"https:\/\/multihoster.org\/fr\/fileshark\/","og_locale":"fr_FR","og_type":"article","og_title":"Fileshark Premium Compte - Le Filehoster en un coup d'\u0153il","og_description":"Que Fileshark soit un fournisseur r\u00e9put\u00e9 ou non, vous pouvez trouver la r\u00e9ponse dans le test actuel sur Multihoster.org \u279c Cliquez maintenant sur \u271a pour lire nos exp\u00e9riences !","og_url":"https:\/\/multihoster.org\/fr\/fileshark\/","og_site_name":"Multihoster.org","article_modified_time":"2020-03-30T11:31:21+00:00","og_image":[{"url":"https:\/\/lh4.googleusercontent.com\/N5IM2C40_yjvv_zNuUXu_SxRfezN8Y3UuSImioDPIB7qgYp675Bu-9gKwYTRBFSYFMrhZaGjkGxm8jlfgHOY7Rq1gtoupayw2C0T3YGPzQlLEQd--oMxWZwfJxjT65ei4p-A8fA"}],"twitter_card":"summary","twitter_misc":{"Dur\u00e9e de lecture estim\u00e9e":"8 minutes"},"schema":{"@context":"https:\/\/schema.org","@graph":[{"@type":"WebSite","@id":"https:\/\/multihoster.org\/#website","url":"https:\/\/multihoster.org\/","name":"Multihoster.org","description":"Reviews of the major Filehosting services","potentialAction":[{"@type":"SearchAction","target":{"@type":"EntryPoint","urlTemplate":"https:\/\/multihoster.org\/?s={search_term_string}"},"query-input":"required name=search_term_string"}],"inLanguage":"fr-FR"},{"@type":"ImageObject","@id":"https:\/\/multihoster.org\/fr\/fileshark\/#primaryimage","inLanguage":"fr-FR","url":"https:\/\/lh4.googleusercontent.com\/N5IM2C40_yjvv_zNuUXu_SxRfezN8Y3UuSImioDPIB7qgYp675Bu-9gKwYTRBFSYFMrhZaGjkGxm8jlfgHOY7Rq1gtoupayw2C0T3YGPzQlLEQd--oMxWZwfJxjT65ei4p-A8fA","contentUrl":"https:\/\/lh4.googleusercontent.com\/N5IM2C40_yjvv_zNuUXu_SxRfezN8Y3UuSImioDPIB7qgYp675Bu-9gKwYTRBFSYFMrhZaGjkGxm8jlfgHOY7Rq1gtoupayw2C0T3YGPzQlLEQd--oMxWZwfJxjT65ei4p-A8fA"},{"@type":"WebPage","@id":"https:\/\/multihoster.org\/fr\/fileshark\/#webpage","url":"https:\/\/multihoster.org\/fr\/fileshark\/","name":"Fileshark Premium Compte - Le Filehoster en un coup d'\u0153il","isPartOf":{"@id":"https:\/\/multihoster.org\/#website"},"primaryImageOfPage":{"@id":"https:\/\/multihoster.org\/fr\/fileshark\/#primaryimage"},"datePublished":"2020-03-23T14:50:08+00:00","dateModified":"2020-03-30T11:31:21+00:00","description":"Que Fileshark soit un fournisseur r\u00e9put\u00e9 ou non, vous pouvez trouver la r\u00e9ponse dans le test actuel sur Multihoster.org \u279c Cliquez maintenant sur \u271a pour lire nos exp\u00e9riences !","breadcrumb":{"@id":"https:\/\/multihoster.org\/fr\/fileshark\/#breadcrumb"},"inLanguage":"fr-FR","potentialAction":[{"@type":"ReadAction","target":["https:\/\/multihoster.org\/fr\/fileshark\/"]}]},{"@type":"BreadcrumbList","@id":"https:\/\/multihoster.org\/fr\/fileshark\/#breadcrumb","itemListElement":[{"@type":"ListItem","position":1,"name":"Startseite","item":"https:\/\/multihoster.org\/fr\/"},{"@type":"ListItem","position":2,"name":"Fileshark Premium Compte: Le Filehoster En Un Coup D&rsquo;\u0153il"}]}]}},"_links":{"self":[{"href":"https:\/\/multihoster.org\/fr\/wp-json\/wp\/v2\/pages\/2625"}],"collection":[{"href":"https:\/\/multihoster.org\/fr\/wp-json\/wp\/v2\/pages"}],"about":[{"href":"https:\/\/multihoster.org\/fr\/wp-json\/wp\/v2\/types\/page"}],"author":[{"embeddable":true,"href":"https:\/\/multihoster.org\/fr\/wp-json\/wp\/v2\/users\/2"}],"replies":[{"embeddable":true,"href":"https:\/\/multihoster.org\/fr\/wp-json\/wp\/v2\/comments?post=2625"}],"version-history":[{"count":4,"href":"https:\/\/multihoster.org\/fr\/wp-json\/wp\/v2\/pages\/2625\/revisions"}],"predecessor-version":[{"id":2784,"href":"https:\/\/multihoster.org\/fr\/wp-json\/wp\/v2\/pages\/2625\/revisions\/2784"}],"wp:attachment":[{"href":"https:\/\/multihoster.org\/fr\/wp-json\/wp\/v2\/media?parent=2625"}],"curies":[{"name":"wp","href":"https:\/\/api.w.org\/{rel}","templated":true}]}}