{"id":2652,"date":"2020-03-24T10:34:24","date_gmt":"2020-03-24T10:34:24","guid":{"rendered":"https:\/\/multihoster.org\/?page_id=2652"},"modified":"2020-03-30T11:38:12","modified_gmt":"2020-03-30T11:38:12","slug":"filespace","status":"publish","type":"page","link":"https:\/\/multihoster.org\/fr\/filespace\/","title":{"rendered":"FileSpace Premium Compte: Le Filehoster En Un Coup D&rsquo;\u0153il"},"content":{"rendered":"\n<figure class=\"wp-block-image\"><img src=\"https:\/\/lh4.googleusercontent.com\/ZlNxd9tp6QAC8NYVn7sS81txC1GN292jtBZXWzo5HeZmw7cG-D62mGS9VIPg_g9wXTN3YgBUTKdFfpRXi1ks9dHqy8SQs1OU77XHIIGd4BKzqx0H0b5sP_VAu_TudblE8pKPbSA\" alt=\"FileSpace logo\"\/><\/figure>\n\n\n\n<p>Le site FileSpace est consid\u00e9r\u00e9 comme l&rsquo;un des meilleurs fournisseurs d&rsquo;h\u00e9bergement de fichiers au monde. Il est situ\u00e9 au Bayside Ltd, 112 Bonadie Street, Kingstown, dans le pays des Saint-Vincent-et-les-Grenadines. <\/p>\n\n\n\n<p>Le FileSpace a augment\u00e9 le nombre de ses serveurs afin de fournir une capacit\u00e9 de stockage plus que suffisante \u00e0 ses utilisateurs ou clients. Il offre \u00e9galement un espace de stockage en ligne pour faciliter le t\u00e9l\u00e9chargement, le partage et la conservation d&rsquo;un ou plusieurs fichiers.<\/p>\n\n\n\n<p>En outre, le site de l&rsquo;Espace de fichiers permet aux utilisateurs de t\u00e9l\u00e9charger, de partager et de stocker leurs diff\u00e9rents fichiers en ligne. Gr\u00e2ce \u00e0 l&rsquo;Espace de fichiers, un utilisateur peut toujours acc\u00e9der \u00e0 ses fichiers et les g\u00e9rer facilement et rapidement quand il en a besoin et o\u00f9 qu&rsquo;il se trouve : au travail, \u00e0 l&rsquo;\u00e9cole, \u00e0 la maison, dans les centres commerciaux, au restaurant, ou m\u00eame dans la voiture. Il prend \u00e9galement en charge la fonction de t\u00e9l\u00e9chargement avec le <a rel=\"noreferrer noopener\" aria-label=\"Protocole de transfert de fichiers (opens in a new tab)\" href=\"https:\/\/www.webopedia.com\/TERM\/F\/ftp.html\" target=\"_blank\">Protocole de transfert de fichiers<\/a> ou le t\u00e9l\u00e9chargement FTP, le t\u00e9l\u00e9chargement Web et le t\u00e9l\u00e9chargement \u00e0 distance.<br><br><\/p>\n\n\n\n<p>Le site du FileSpace est disponible en plusieurs langues : anglais, allemand, indon\u00e9sien, espagnol, tha\u00eflandais, fran\u00e7ais, turc, arabe, russe, japonais, polonais, n\u00e9erlandais et h\u00e9breu. Un utilisateur peut passer \u00e0 ces diff\u00e9rentes langues en fonction de ce qu&rsquo;il comprend.<\/p>\n\n\n<a class=\"maxbutton-2 maxbutton maxbutton-cta\" target=\"_blank\" rel=\"nofollow noopener\" href=\"\/go\/\"><span class='mb-text'>&gt;&gt; Acc\u00e9der au site web original de Linkifier<\/span><\/a>\n\n\n<p><\/p>\n\n\n\n<h2>Deux des fonctionnalit\u00e9s de FileSpace<\/h2>\n\n\n\n<h3>La fonction Link Checker du FileSpace<\/h3>\n\n\n\n<p>Le FileSpace dispose d&rsquo;une fonction appel\u00e9e Link Checker qui consiste \u00e0 v\u00e9rifier le localisateur de ressources uniformes ou le lien URL d&rsquo;un ou plusieurs fichiers si ceux-ci sont disponibles ou non dans la base de donn\u00e9es et le serveur du FileSpace.<\/p>\n\n\n\n<p>Pour v\u00e9rifier si un fichier est disponible, il suffit de mettre le lien URL d&rsquo;un fichier dans la case \u00ab\u00a0Link Checker\u00a0\u00bb (veuillez regarder l&rsquo;image ci-dessous) et de cliquer sur le bouton \u00ab\u00a0Check URLs\u00a0\u00bb pour soumettre. Ensuite, le syst\u00e8me FileSpace sera celui qui le v\u00e9rifiera pour vous automatiquement.<br><\/p>\n\n\n\n<figure class=\"wp-block-image\"><img src=\"https:\/\/lh3.googleusercontent.com\/ct8ssgeQ3Tc9slZLlOKbro7K0knCMN1O8xlIF94jUoU6tVLnxtN1LdhRt7zSuYr0t2ojlR3V3Vhl_2uG9mxGjpziKHk6CzySYdQJPRNs-6mzsde67spjnW8C7LGrcRxT7-IPlnI\" alt=\"FileSpace Link Checker - URL field\"\/><\/figure>\n\n\n\n<h3>La fonction de r\u00e9cup\u00e9ration du mot de passe du FileSpace<\/h3>\n\n\n\n<p>Un utilisateur de l&rsquo;Espace de fichiers peut parfois oublier le mot de passe de son compte, mais il n&rsquo;a pas \u00e0 s&rsquo;inqui\u00e9ter, car l&rsquo;Espace de fichiers dispose d&rsquo;une fonction appel\u00e9e \u00ab\u00a0r\u00e9cup\u00e9ration du mot de passe\u00a0\u00bb pour r\u00e9cup\u00e9rer le mot de passe du compte de ses utilisateurs.<\/p>\n\n\n\n<p>Quels sont les d\u00e9tails dont un utilisateur a besoin pour la r\u00e9cup\u00e9ration du mot de passe ?<\/p>\n\n\n\n<ul><li>Le nom d&rsquo;utilisateur ou l&rsquo;adresse \u00e9lectronique de l&rsquo;utilisateur de l&rsquo;espace de fichiers. (Assurez-vous que l&rsquo;adresse \u00e9lectronique saisie est une adresse valide et active pour recevoir le courrier \u00e9lectronique de l&rsquo;Espace de fichiers).<\/li><li>Il faut que le <a rel=\"noreferrer noopener\" aria-label=\"CAPTCHA  (opens in a new tab)\" href=\"https:\/\/en.wikipedia.org\/wiki\/CAPTCHA\" target=\"_blank\">CAPTCHA <\/a>soit correct pour proc\u00e9der.<\/li><\/ul>\n\n\n\n<p>Pour que l&rsquo;Espace de fichiers envoie le nouveau mot de passe pour r\u00e9cup\u00e9ration \u00e0 l&rsquo;adresse \u00e9lectronique de l&rsquo;utilisateur, celui-ci doit cliquer sur le bouton \u00ab\u00a0R\u00e9initialiser mon mot de passe\u00a0\u00bb pour soumettre la demande de r\u00e9cup\u00e9ration du mot de passe. <\/p>\n\n\n\n<p>Un utilisateur doit v\u00e9rifier dans ses dossiers de messagerie (bo\u00eete de r\u00e9ception, spam ou courrier ind\u00e9sirable) si le message de r\u00e9cup\u00e9ration du mot de passe de l&rsquo;espace de fichiers a \u00e9t\u00e9 envoy\u00e9. Un utilisateur peut modifier son nouveau mot de passe envoy\u00e9 par le FileSpace dans les param\u00e8tres de son compte sur le site du FileSpace.<\/p>\n\n\n\n<h2>Les caract\u00e9ristiques des comptes FileSpace<\/h2>\n\n\n\n<p>FileSpace dispose de deux types de comptes diff\u00e9rents. Il s&rsquo;agit du compte ordinaire FileSpace et du compte Premium FileSpace. Consultez le tableau ci-dessous pour conna\u00eetre la diff\u00e9rence entre les deux types de comptes de FileSpace.<\/p>\n\n\n\n<figure class=\"wp-block-table\"><table class=\"\"><tbody><tr><td>Les diff\u00e9rentes caract\u00e9ristiques du FileSpace <\/td><td>Les diff\u00e9rents types de compte FileSpace<\/td><\/tr><tr><td>Compte r\u00e9gulier<\/td><td>\u22c6Premium Compte<\/td><\/tr><tr><td>Taux de vitesse pour le t\u00e9l\u00e9chargement d&rsquo;un fichier<\/td><td>Cent kilo-octets par seconde (100 KB\/s)<\/td><td>illimit\u00e9<\/td><\/tr><tr><td>D\u00e9but du t\u00e9l\u00e9chargement<\/td><td>Le t\u00e9l\u00e9chargement commencera apr\u00e8s soixante (60) secondes<\/td><td>Le t\u00e9l\u00e9chargement commencera imm\u00e9diatement<\/td><\/tr><tr><td>Combien de fichiers peuvent \u00eatre t\u00e9l\u00e9charg\u00e9s ?<\/td><td>Ne peut t\u00e9l\u00e9charger qu&rsquo;un seul fichier \u00e0 la fois<\/td><td>Peut t\u00e9l\u00e9charger plusieurs nombres de fichiers en m\u00eame temps<\/td><\/tr><tr><td>Combien de temps un fichier peut-il \u00eatre conserv\u00e9 ?<\/td><td>Les fichiers peuvent \u00eatre stock\u00e9s pendant exactement soixante (60) jours seulement apr\u00e8s le dernier t\u00e9l\u00e9chargement<\/td><td>illimit\u00e9<\/td><\/tr><tr><td>Combien d&rsquo;espace pour le stockage ?<\/td><td>Cinquante gigaoctets (50 Go) ou Cinquante mille m\u00e9gaoctets (50000 Mo)<\/td><td>Cinq cents gigaoctets (500 GB) ou Cinq cent mille m\u00e9gaoctets (500000 MB)<\/td><\/tr><tr><td>Un utilisateur peut-il t\u00e9l\u00e9charger un fichier directement ?<\/td><td><strong>X<\/strong><\/td><td>\u2714&nbsp;<\/td><\/tr><tr><td>Un utilisateur peut-il t\u00e9l\u00e9charger un fichier en utilisant le protocole de transfert de fichiers ou FTP ?<\/td><td><strong>X<\/strong><\/td><td>\u2714<\/td><\/tr><tr><td>Un utilisateur peut-il t\u00e9l\u00e9charger un fichier \u00e0 distance ?<\/td><td><strong>X<\/strong><\/td><td>\u2714<\/td><\/tr><tr><td>T\u00e9l\u00e9chargement sur le web<\/td><td>\u2714<\/td><td>\u2714<\/td><\/tr><tr><td>Contient des annonces<\/td><td>\u2714<\/td><td><strong>X<\/strong><\/td><\/tr><\/tbody><\/table><\/figure>\n\n\n\n<p><\/p>\n\n\n\n<h2>Forfaits de comptes Premium FileSpace<\/h2>\n\n\n\n<p>Le FileSpace a diff\u00e9rents plans pour le compte Premium FileSpace. Le prix du plan d\u00e9pend du nombre de jours. Voir le tableau ci-dessous.<\/p>\n\n\n\n<figure class=\"wp-block-table\"><table class=\"\"><tbody><tr><td><strong>Les plans de compte premium FileSpace<\/strong><\/td><\/tr><tr><td>Combien de jours ?<\/td><td>Quel est le prix ?<\/td><\/tr><tr><td>30 jours<\/td><td>13.71 USD<\/td><\/tr><tr><td>90 jours <\/td><td>34.92 USD<\/td><\/tr><tr><td>330 jours <\/td><td>97.54 USD<\/td><\/tr><\/tbody><\/table><\/figure>\n\n\n<a class=\"maxbutton-2 maxbutton maxbutton-cta\" target=\"_blank\" rel=\"nofollow noopener\" href=\"\/go\/\"><span class='mb-text'>&gt;&gt; Acc\u00e9der au site web original de Linkifier<\/span><\/a>\n\n\n<p><\/p>\n\n\n\n<h2>M\u00e9thodes de paiement FileSpace<\/h2>\n\n\n\n<p>Les options du syst\u00e8me de paiement du FileSpace sont am\u00e9lior\u00e9es pour que les utilisateurs aient plus d&rsquo;options et de commodit\u00e9 pour payer les plans de compte Premium FileShare. Ainsi, il n&rsquo;y a pas lieu de s&rsquo;inqui\u00e9ter car le paiement ici dans le FileSpace est tr\u00e8s pr\u00e9cis et tr\u00e8s fiable.<\/p>\n\n\n\n<figure class=\"wp-block-table\"><table class=\"\"><tbody><tr><td><strong>Comment payer le plan de compte premium FileSpace ?<\/strong><\/td><\/tr><tr><td>Cartes de cr\u00e9dit (Visa et MasterCard)<\/td><td>Web Money Transfer or WMZ<\/td><td>Sofort Banking<\/td><\/tr><tr><td>PayPal<\/td><td>QIWI wallet and Digital wallets<\/td><td>PaySafeCard<\/td><\/tr><tr><td>Bitcoin, Ripple, Litecoin, and Ethereum<\/td><td>AdvCash<\/td><td>CashU<\/td><\/tr><tr><td>Skrill<\/td><td>TrustPay (Internet Banking)<\/td><td>AliPay<\/td><\/tr><tr><td>Taobao.com<\/td><td>Interkassa<\/td><td>Revendeurs officiels de FileSpace<\/td><\/tr><\/tbody><\/table><\/figure>\n\n\n\n<p>Pour la cl\u00e9 de compte Premium FileSpace, le FileSpace dispose de nombreux revendeurs qui sont fiables. Un utilisateur peut acheter aupr\u00e8s de ces revendeurs de l&rsquo;Espace Fichier parce qu&rsquo;ils vendent les Cl\u00e9s de Compte Premium de l&rsquo;Espace Fichier. <\/p>\n\n\n\n<p>Si un utilisateur a d&rsquo;autres questions concernant le paiement et les plans ou services FileSpace Premium, il peut contacter le service client\u00e8le du FileSpace en envoyant un message \u00e0 son adresse \u00e9lectronique \u00e0 cs@filespace.com.<\/p>\n\n\n\n<h2>Programme d&rsquo;affiliation de FileSpace : Devenez l&rsquo;un des affili\u00e9s de FileSpace !<\/h2>\n\n\n\n<p>FileSpace a cr\u00e9\u00e9 un programme appel\u00e9 \u00ab\u00a0Programme d&rsquo;affiliation\u00a0\u00bb qui donne \u00e0 ses utilisateurs ou membres la possibilit\u00e9 de gagner de l&rsquo;argent en utilisant le site.<\/p>\n\n\n\n<p>Vous trouverez ci-dessous les avantages qu&rsquo;un utilisateur ou un membre du FileSpace peut obtenir lorsqu&rsquo;il ou elle rejoint le programme d&rsquo;affiliation :<\/p>\n\n\n\n<p>&nbsp;&nbsp;\u2022 Un utilisateur de l&rsquo;espace de fichiers peut gagner jusqu&rsquo;\u00e0 soixante pour cent (60%) des ventes de l&rsquo;espace de fichiers Premium en utilisant le mode de paiement par vente ou le mode de profit PPS.<\/p>\n\n\n\n<p>&nbsp;&nbsp;\u2022 Un utilisateur de l&rsquo;espace de fichiers peut gagner jusqu&rsquo;\u00e0 trente-huit dollars (38 $) pour chaque millier (1000) de t\u00e9l\u00e9chargements, plus vingt pour cent (20%) des ventes de l&rsquo;espace de fichiers en mode de profit mixte.<\/p>\n\n\n\n<p>&nbsp;&nbsp;\u2022 L&rsquo;espace de fichiers donne vingt pour cent (20 %) aux propri\u00e9taires du site web de l&rsquo;espace de fichiers pour gagner et cinq pour cent (5 %) pour les revenus de r\u00e9f\u00e9rencement. En ce qui concerne les revenus de r\u00e9f\u00e9rencement, cela signifie que toutes les personnes qui se sont inscrites et jointes avec succ\u00e8s au FileSpace en utilisant les liens du membre du FileSpace seront automatiquement ajout\u00e9es aux r\u00e9f\u00e9rences du membre.<\/p>\n\n\n\n<p>&nbsp;&nbsp;\u2022 Les statistiques sont tr\u00e8s d\u00e9taill\u00e9es et il a \u00e9galement acc\u00e8s au protocole de transfert de fichiers ou FTP et au t\u00e9l\u00e9chargement de l&rsquo;URL \u00e0 distance.<\/p>\n\n\n\n<p>&nbsp;&nbsp;\u2022 Les paiements de Filespace \u00e0 cet effet sont effectu\u00e9s dans un d\u00e9lai de deux (2) jours ouvrables. Le montant minimum du paiement de l&rsquo;espace de fichiers est de dix dollars (10 $). Ils paient leurs utilisateurs ou clients par WebMoney, Bitcoin ou Ethereum ou d&rsquo;autres devises num\u00e9riques, PayPal, AdvCash, et autres (Veuillez vous r\u00e9f\u00e9rer aux options de paiement ci-dessus).<br><\/p>\n\n\n\n<p>Un utilisateur du site FileSpace a la libert\u00e9 de choisir son mode de profit dans le programme d&rsquo;affiliation. Veuillez consulter les modes de profit ci-dessous.<\/p>\n\n\n\n<h3>Deux (2) modes de profit du FileSpace<\/h3>\n\n\n\n<p>1. Paiement par vente ou PPS &#8211; En utilisant ce mode, un utilisateur peut gagner jusqu&rsquo;\u00e0 soixante pour cent (60%) de la vente initiale de chaque utilisateur ou membre de FileSpace et cinquante pour cent (50%) pour les autres ventes et factures.<\/p>\n\n\n\n<p>2. Combinaison du paiement par t\u00e9l\u00e9chargement ou PPD + paiement par vente ou PPS &#8211; En utilisant ce mode, un utilisateur peut gagner jusqu&rsquo;\u00e0 vingt dollars (20 $) pour chaque millier (1000) de t\u00e9l\u00e9chargements et vingt pour cent (20 %) pour l&rsquo;ensemble des ventes et des factures.<\/p>\n\n\n\n<h3>Comment demander \u00e0 rejoindre le programme d&rsquo;affiliation du Filespace ?<\/h3>\n\n\n\n<p>Pour qu&rsquo;un utilisateur puisse demander \u00e0 rejoindre le programme d&rsquo;affiliation de l&rsquo;espace de fichiers, il doit cr\u00e9er un message par e-mail ou via la page de contact du site de l&rsquo;espace de fichiers. <\/p>\n\n\n\n<p>Un utilisateur doit copier le lien <a rel=\"noreferrer noopener\" aria-label=\"Localisateur de ressources uniformes (opens in a new tab)\" href=\"https:\/\/en.wikipedia.org\/wiki\/URL\" target=\"_blank\">Localisateur de ressources uniformes<\/a> ou URL de son site web ou les liens URL de ses posts sur d&rsquo;autres sites web tels que les forums, les blogs, les m\u00e9dias sociaux et autres. Il ou elle doit coller le lien dans le contenu du message et l&rsquo;envoyer \u00e0 l&rsquo;e-mail du FileSpace ou si vous utilisez le site du FileSpace, il suffit de cliquer sur le bouton \u00ab\u00a0Soumettre\u00a0\u00bb pour soumettre la demande. <br><\/p>\n\n\n\n<p>Un utilisateur peut \u00e9galement indiquer la taille de l&rsquo;espace dont il a besoin pour le stockage des fichiers. Il peut \u00e9galement fournir tout d\u00e9tail important dans le contenu du message. Un utilisateur peut \u00e9galement ajouter son contact. <\/p>\n\n\n\n<p>Le gestionnaire affili\u00e9 de l&rsquo;espace de fichiers sera celui qui sera charg\u00e9 de r\u00e9pondre aux demandes ou aux messages des utilisateurs dans un d\u00e9lai de quarante-huit heures (48 h) seulement.<\/p>\n\n\n\n<h2>Vous avez des questions ou des pr\u00e9occupations ?<\/h2>\n\n\n\n<p>Si jamais un utilisateur a une question ou une pr\u00e9occupation concernant le site FileSpace, les plans de primes, les paiements, le programme d&rsquo;affiliation, les caract\u00e9ristiques et les services, il ou elle n&rsquo;a pas besoin d&rsquo;h\u00e9siter \u00e0 contacter le FileSpace par le biais de son adresse \u00e9lectronique \u00e0 cs@filespace.com ou par le biais du formulaire de contact sur son site FileSpace (http:\/\/www.filespace.com) ou par son num\u00e9ro de t\u00e9l\u00e9phone qui est le 855-218-6668, mais avant d&rsquo;envoyer un message, veuillez prendre le temps de lire les Conditions d&rsquo;utilisation et la Politique du FileSpace. <\/p>\n\n\n\n<p>Le FileSpace est tr\u00e8s responsable pour r\u00e9pondre aux questions et aux pr\u00e9occupations des utilisateurs. Il faut toujours s&rsquo;attendre \u00e0 ce qu&rsquo;ils envoient une r\u00e9ponse dans les deux (2) jours ouvrables.<\/p>\n\n\n<a class=\"maxbutton-2 maxbutton maxbutton-cta\" target=\"_blank\" rel=\"nofollow noopener\" href=\"\/go\/\"><span class='mb-text'>&gt;&gt; Acc\u00e9der au site web original de Linkifier<\/span><\/a>\n\n\n<p><br><\/p>\n","protected":false},"excerpt":{"rendered":"<p>Le site FileSpace est consid\u00e9r\u00e9 comme l&rsquo;un des meilleurs fournisseurs d&rsquo;h\u00e9bergement de fichiers au monde. Il est situ\u00e9 au Bayside<\/p>\n","protected":false},"author":2,"featured_media":0,"parent":0,"menu_order":0,"comment_status":"closed","ping_status":"closed","template":"","meta":[],"yoast_head":"<!-- This site is optimized with the Yoast SEO plugin v18.3 - https:\/\/yoast.com\/wordpress\/plugins\/seo\/ -->\n<title>FileSpace Premium Compte - Le Filehoster en un coup d&#039;\u0153il<\/title>\n<meta name=\"description\" content=\"FileSpace est-il un fournisseur r\u00e9put\u00e9 ou non, vous pouvez trouver la r\u00e9ponse dans le test actuel sur Multihoster.org \u279c Cliquez maintenant sur \u271a pour lire nos exp\u00e9riences !\" \/>\n<meta name=\"robots\" content=\"index, follow, max-snippet:-1, max-image-preview:large, max-video-preview:-1\" \/>\n<link rel=\"canonical\" href=\"https:\/\/multihoster.org\/fr\/filespace\/\" \/>\n<meta property=\"og:locale\" content=\"fr_FR\" \/>\n<meta property=\"og:type\" content=\"article\" \/>\n<meta property=\"og:title\" content=\"FileSpace Premium Compte - Le Filehoster en un coup d&#039;\u0153il\" \/>\n<meta property=\"og:description\" content=\"FileSpace est-il un fournisseur r\u00e9put\u00e9 ou non, vous pouvez trouver la r\u00e9ponse dans le test actuel sur Multihoster.org \u279c Cliquez maintenant sur \u271a pour lire nos exp\u00e9riences !\" \/>\n<meta property=\"og:url\" content=\"https:\/\/multihoster.org\/fr\/filespace\/\" \/>\n<meta property=\"og:site_name\" content=\"Multihoster.org\" \/>\n<meta property=\"article:modified_time\" content=\"2020-03-30T11:38:12+00:00\" \/>\n<meta property=\"og:image\" content=\"https:\/\/lh4.googleusercontent.com\/ZlNxd9tp6QAC8NYVn7sS81txC1GN292jtBZXWzo5HeZmw7cG-D62mGS9VIPg_g9wXTN3YgBUTKdFfpRXi1ks9dHqy8SQs1OU77XHIIGd4BKzqx0H0b5sP_VAu_TudblE8pKPbSA\" \/>\n<meta name=\"twitter:card\" content=\"summary\" \/>\n<meta name=\"twitter:label1\" content=\"Dur\u00e9e de lecture estim\u00e9e\" \/>\n\t<meta name=\"twitter:data1\" content=\"9 minutes\" \/>\n<script type=\"application\/ld+json\" class=\"yoast-schema-graph\">{\"@context\":\"https:\/\/schema.org\",\"@graph\":[{\"@type\":\"WebSite\",\"@id\":\"https:\/\/multihoster.org\/#website\",\"url\":\"https:\/\/multihoster.org\/\",\"name\":\"Multihoster.org\",\"description\":\"Reviews of the major Filehosting services\",\"potentialAction\":[{\"@type\":\"SearchAction\",\"target\":{\"@type\":\"EntryPoint\",\"urlTemplate\":\"https:\/\/multihoster.org\/?s={search_term_string}\"},\"query-input\":\"required name=search_term_string\"}],\"inLanguage\":\"fr-FR\"},{\"@type\":\"ImageObject\",\"@id\":\"https:\/\/multihoster.org\/fr\/filespace\/#primaryimage\",\"inLanguage\":\"fr-FR\",\"url\":\"https:\/\/lh4.googleusercontent.com\/ZlNxd9tp6QAC8NYVn7sS81txC1GN292jtBZXWzo5HeZmw7cG-D62mGS9VIPg_g9wXTN3YgBUTKdFfpRXi1ks9dHqy8SQs1OU77XHIIGd4BKzqx0H0b5sP_VAu_TudblE8pKPbSA\",\"contentUrl\":\"https:\/\/lh4.googleusercontent.com\/ZlNxd9tp6QAC8NYVn7sS81txC1GN292jtBZXWzo5HeZmw7cG-D62mGS9VIPg_g9wXTN3YgBUTKdFfpRXi1ks9dHqy8SQs1OU77XHIIGd4BKzqx0H0b5sP_VAu_TudblE8pKPbSA\"},{\"@type\":\"WebPage\",\"@id\":\"https:\/\/multihoster.org\/fr\/filespace\/#webpage\",\"url\":\"https:\/\/multihoster.org\/fr\/filespace\/\",\"name\":\"FileSpace Premium Compte - Le Filehoster en un coup d'\u0153il\",\"isPartOf\":{\"@id\":\"https:\/\/multihoster.org\/#website\"},\"primaryImageOfPage\":{\"@id\":\"https:\/\/multihoster.org\/fr\/filespace\/#primaryimage\"},\"datePublished\":\"2020-03-24T10:34:24+00:00\",\"dateModified\":\"2020-03-30T11:38:12+00:00\",\"description\":\"FileSpace est-il un fournisseur r\u00e9put\u00e9 ou non, vous pouvez trouver la r\u00e9ponse dans le test actuel sur Multihoster.org \u279c Cliquez maintenant sur \u271a pour lire nos exp\u00e9riences !\",\"breadcrumb\":{\"@id\":\"https:\/\/multihoster.org\/fr\/filespace\/#breadcrumb\"},\"inLanguage\":\"fr-FR\",\"potentialAction\":[{\"@type\":\"ReadAction\",\"target\":[\"https:\/\/multihoster.org\/fr\/filespace\/\"]}]},{\"@type\":\"BreadcrumbList\",\"@id\":\"https:\/\/multihoster.org\/fr\/filespace\/#breadcrumb\",\"itemListElement\":[{\"@type\":\"ListItem\",\"position\":1,\"name\":\"Startseite\",\"item\":\"https:\/\/multihoster.org\/fr\/\"},{\"@type\":\"ListItem\",\"position\":2,\"name\":\"FileSpace Premium Compte: Le Filehoster En Un Coup D&rsquo;\u0153il\"}]}]}<\/script>\n<!-- \/ Yoast SEO plugin. -->","yoast_head_json":{"title":"FileSpace Premium Compte - Le Filehoster en un coup d'\u0153il","description":"FileSpace est-il un fournisseur r\u00e9put\u00e9 ou non, vous pouvez trouver la r\u00e9ponse dans le test actuel sur Multihoster.org \u279c Cliquez maintenant sur \u271a pour lire nos exp\u00e9riences !","robots":{"index":"index","follow":"follow","max-snippet":"max-snippet:-1","max-image-preview":"max-image-preview:large","max-video-preview":"max-video-preview:-1"},"canonical":"https:\/\/multihoster.org\/fr\/filespace\/","og_locale":"fr_FR","og_type":"article","og_title":"FileSpace Premium Compte - Le Filehoster en un coup d'\u0153il","og_description":"FileSpace est-il un fournisseur r\u00e9put\u00e9 ou non, vous pouvez trouver la r\u00e9ponse dans le test actuel sur Multihoster.org \u279c Cliquez maintenant sur \u271a pour lire nos exp\u00e9riences !","og_url":"https:\/\/multihoster.org\/fr\/filespace\/","og_site_name":"Multihoster.org","article_modified_time":"2020-03-30T11:38:12+00:00","og_image":[{"url":"https:\/\/lh4.googleusercontent.com\/ZlNxd9tp6QAC8NYVn7sS81txC1GN292jtBZXWzo5HeZmw7cG-D62mGS9VIPg_g9wXTN3YgBUTKdFfpRXi1ks9dHqy8SQs1OU77XHIIGd4BKzqx0H0b5sP_VAu_TudblE8pKPbSA"}],"twitter_card":"summary","twitter_misc":{"Dur\u00e9e de lecture estim\u00e9e":"9 minutes"},"schema":{"@context":"https:\/\/schema.org","@graph":[{"@type":"WebSite","@id":"https:\/\/multihoster.org\/#website","url":"https:\/\/multihoster.org\/","name":"Multihoster.org","description":"Reviews of the major Filehosting services","potentialAction":[{"@type":"SearchAction","target":{"@type":"EntryPoint","urlTemplate":"https:\/\/multihoster.org\/?s={search_term_string}"},"query-input":"required name=search_term_string"}],"inLanguage":"fr-FR"},{"@type":"ImageObject","@id":"https:\/\/multihoster.org\/fr\/filespace\/#primaryimage","inLanguage":"fr-FR","url":"https:\/\/lh4.googleusercontent.com\/ZlNxd9tp6QAC8NYVn7sS81txC1GN292jtBZXWzo5HeZmw7cG-D62mGS9VIPg_g9wXTN3YgBUTKdFfpRXi1ks9dHqy8SQs1OU77XHIIGd4BKzqx0H0b5sP_VAu_TudblE8pKPbSA","contentUrl":"https:\/\/lh4.googleusercontent.com\/ZlNxd9tp6QAC8NYVn7sS81txC1GN292jtBZXWzo5HeZmw7cG-D62mGS9VIPg_g9wXTN3YgBUTKdFfpRXi1ks9dHqy8SQs1OU77XHIIGd4BKzqx0H0b5sP_VAu_TudblE8pKPbSA"},{"@type":"WebPage","@id":"https:\/\/multihoster.org\/fr\/filespace\/#webpage","url":"https:\/\/multihoster.org\/fr\/filespace\/","name":"FileSpace Premium Compte - Le Filehoster en un coup d'\u0153il","isPartOf":{"@id":"https:\/\/multihoster.org\/#website"},"primaryImageOfPage":{"@id":"https:\/\/multihoster.org\/fr\/filespace\/#primaryimage"},"datePublished":"2020-03-24T10:34:24+00:00","dateModified":"2020-03-30T11:38:12+00:00","description":"FileSpace est-il un fournisseur r\u00e9put\u00e9 ou non, vous pouvez trouver la r\u00e9ponse dans le test actuel sur Multihoster.org \u279c Cliquez maintenant sur \u271a pour lire nos exp\u00e9riences !","breadcrumb":{"@id":"https:\/\/multihoster.org\/fr\/filespace\/#breadcrumb"},"inLanguage":"fr-FR","potentialAction":[{"@type":"ReadAction","target":["https:\/\/multihoster.org\/fr\/filespace\/"]}]},{"@type":"BreadcrumbList","@id":"https:\/\/multihoster.org\/fr\/filespace\/#breadcrumb","itemListElement":[{"@type":"ListItem","position":1,"name":"Startseite","item":"https:\/\/multihoster.org\/fr\/"},{"@type":"ListItem","position":2,"name":"FileSpace Premium Compte: Le Filehoster En Un Coup D&rsquo;\u0153il"}]}]}},"_links":{"self":[{"href":"https:\/\/multihoster.org\/fr\/wp-json\/wp\/v2\/pages\/2652"}],"collection":[{"href":"https:\/\/multihoster.org\/fr\/wp-json\/wp\/v2\/pages"}],"about":[{"href":"https:\/\/multihoster.org\/fr\/wp-json\/wp\/v2\/types\/page"}],"author":[{"embeddable":true,"href":"https:\/\/multihoster.org\/fr\/wp-json\/wp\/v2\/users\/2"}],"replies":[{"embeddable":true,"href":"https:\/\/multihoster.org\/fr\/wp-json\/wp\/v2\/comments?post=2652"}],"version-history":[{"count":3,"href":"https:\/\/multihoster.org\/fr\/wp-json\/wp\/v2\/pages\/2652\/revisions"}],"predecessor-version":[{"id":2791,"href":"https:\/\/multihoster.org\/fr\/wp-json\/wp\/v2\/pages\/2652\/revisions\/2791"}],"wp:attachment":[{"href":"https:\/\/multihoster.org\/fr\/wp-json\/wp\/v2\/media?parent=2652"}],"curies":[{"name":"wp","href":"https:\/\/api.w.org\/{rel}","templated":true}]}}