{"id":2823,"date":"2020-03-30T14:03:13","date_gmt":"2020-03-30T14:03:13","guid":{"rendered":"https:\/\/multihoster.org\/?page_id=2823"},"modified":"2020-03-31T15:46:55","modified_gmt":"2020-03-31T15:46:55","slug":"4shared","status":"publish","type":"page","link":"https:\/\/multihoster.org\/fr\/4shared\/","title":{"rendered":"4shared Premium Compte: Le Filehoster En Un Coup D&rsquo;\u0153il"},"content":{"rendered":"\n<figure class=\"wp-block-image size-large\"><img loading=\"lazy\" width=\"350\" height=\"91\" src=\"https:\/\/multihoster.org\/wp-content\/uploads\/2020\/03\/4shared.png\" alt=\"4shared logo\" class=\"wp-image-3093\" srcset=\"https:\/\/multihoster.org\/wp-content\/uploads\/2020\/03\/4shared.png 350w, https:\/\/multihoster.org\/wp-content\/uploads\/2020\/03\/4shared-300x78.png 300w\" sizes=\"(max-width: 350px) 100vw, 350px\" \/><\/figure>\n\n\n<a class=\"maxbutton-2 maxbutton maxbutton-cta\" target=\"_blank\" rel=\"nofollow noopener\" href=\"\/go\/\"><span class='mb-text'>&gt;&gt; Acc\u00e9der au site web original de Linkifier<\/span><\/a>\n\n\n<p><\/p>\n\n\n\n<h2>Le 4shared<\/h2>\n\n\n\n<p>4shared est l&rsquo;un des sites d&rsquo;h\u00e9bergement et de transfert de fichiers les plus s\u00fbrs et les plus fiables au monde. Il y a plus de dix (10) millions de fichiers que les utilisateurs ont partag\u00e9s sur 4shared.<\/p>\n\n\n\n<p>4shared a \u00e9t\u00e9 cr\u00e9\u00e9 et diffus\u00e9 en 2005 en Ukraine, \u00e0 Kiev et jusqu&rsquo;\u00e0 pr\u00e9sent, il est toujours tr\u00e8s utile pour de nombreuses personnes. Il dispose de fonctions permettant d&rsquo;enregistrer, de t\u00e9l\u00e9charger, de charger et de partager un ou plusieurs fichiers avec d&rsquo;autres utilisateurs ou d&rsquo;autres appareils. Il aide les gens \u00e0 enregistrer, t\u00e9l\u00e9charger et ouvrir leurs fichiers facilement n&rsquo;importe o\u00f9 sur Internet en utilisant ce site pour tous les usages dont ils peuvent avoir besoin.<\/p>\n\n\n\n<p>L&rsquo;interface utilisateur de 4shared est tr\u00e8s simple et tr\u00e8s conviviale, ce qui permet \u00e0 de nombreux utilisateurs de la comprendre plus facilement ainsi que ses fonctionnalit\u00e9s.<\/p>\n\n\n\n<p>Un utilisateur peut cr\u00e9er sa biblioth\u00e8que de musique ou de chansons dans son compte 4shared. Ce qui est bien ici, c&rsquo;est que 4shared prend en charge le streaming pour la musique. Un utilisateur peut \u00e9couter de la musique via les navigateurs web de son t\u00e9l\u00e9phone portable (Android et iOS) ou de ses appareils de bureau.<\/p>\n\n\n\n<p>Le 4shared dispose d&rsquo;un centre d&rsquo;aide o\u00f9 les utilisateurs peuvent trouver des r\u00e9ponses \u00e0 certaines de leurs questions sur les fonctionnalit\u00e9s du 4shared et ses services. Ils disposent \u00e9galement d&rsquo;un support technique pour r\u00e9pondre aux pr\u00e9occupations des clients ou des utilisateurs concernant leur site ou leurs produits.<\/p>\n\n\n\n<p>Le 4shared dispose de deux types de comptes &#8211; le 4shared free account et le 4shared premium account. <\/p>\n\n\n\n<p>Il est facile d&rsquo;avoir un compte. Un utilisateur peut s&rsquo;inscrire en utilisant son compte de m\u00e9dias sociaux sur Twitter, Facebook ou Google, ou toute adresse \u00e9lectronique qu&rsquo;il poss\u00e8de. Apr\u00e8s avoir cr\u00e9\u00e9 son compte, l&rsquo;utilisateur doit le v\u00e9rifier sur son e-mail dans la bo\u00eete de r\u00e9ception ou dans le dossier Spam en cliquant sur le lien du message de 4shared. Ensuite, le 4shared avertira l&rsquo;utilisateur si son compte est v\u00e9rifi\u00e9.<\/p>\n\n\n\n<p>Un utilisateur de 4shared peut b\u00e9n\u00e9ficier des avantages suivants :<\/p>\n\n\n\n<p>1. Un utilisateur peut faire la personnalisation de son profil sur 4shared. Il ou elle peut ajouter ou modifier le design et d&rsquo;autres \u00e9l\u00e9ments dans les param\u00e8tres du compte d&rsquo;un utilisateur.<\/p>\n\n\n\n<p>2. Un utilisateur peut communiquer avec d&rsquo;autres utilisateurs par le biais de messages priv\u00e9s ou en envoyant des commentaires sur des messages publics.<\/p>\n\n\n\n<p>3. Un utilisateur peut consulter et diffuser de la musique ou tout autre fichier multim\u00e9dia sur le site web de 4shared.<\/p>\n\n\n\n<p>4. Un utilisateur peut utiliser l&rsquo;application mobile de 4shared pour acc\u00e9der \u00e0 son compte et le g\u00e9rer ensuite.&nbsp;<\/p>\n\n\n\n<p>Les utilisateurs peuvent \u00e9galement traduire la langue du site 4shared dans les langues prises en charge ci-dessous.<\/p>\n\n\n\n<h3>Les langues sur le site 4shared :<\/h3>\n\n\n\n<ul><li>English,<\/li><li>Deutsch,<\/li><li>Italian,<\/li><li>French,<\/li><li>Polish,<\/li><li>Turkish,<\/li><li>Indonesian ou Malay,<\/li><li>Portuguese,<\/li><li>Thai,<\/li><li>Arabic,<\/li><li>Mandarin ou Chinese,<\/li><li>Vietnamese,<\/li><li>Japanese,<\/li><li>and Korean.<\/li><\/ul>\n\n\n\n<h2>Le blog 4shared<\/h2>\n\n\n\n<p>Tous les utilisateurs peuvent poster leurs articles ici car 4shared a son site de blog qui contient diff\u00e9rents articles sur les nouvelles fonctionnalit\u00e9s ou d&rsquo;autres mises \u00e0 jour sur le 4shared lui-m\u00eame. Les articles sont \u00e9crits par diff\u00e9rents utilisateurs et diff\u00e9rents utilisateurs peuvent commenter un article sp\u00e9cifique et ils peuvent \u00e9galement partager le lien de l&rsquo;article \u00e0 travers les m\u00e9dias sociaux comme Twitter ou Facebook. <\/p>\n\n\n\n<p>Sur le blog 4shared, affiche ses statistiques o\u00f9 les utilisateurs peuvent voir le nombre d&rsquo;utilisateurs qui utilisent le 4shared, le nombre de visites quotidiennes d&rsquo;un utilisateur, la taille des fichiers h\u00e9berg\u00e9s sur le site 4shared, et la taille des fichiers transf\u00e9r\u00e9s chaque jour.<\/p>\n\n\n\n<p>Les utilisateurs peuvent \u00e9galement traduire la langue du site de blog 4shared en anglais, indon\u00e9sien, portugais, tha\u00eflandais, arabe et cor\u00e9en.<\/p>\n\n\n\n<h2>Le 4shared Premium Compte <\/h2>\n\n\n\n<p>Le compte premium 4shared a plus de fonctionnalit\u00e9s que le compte gratuit 4shared. Si un utilisateur ne veut pas de publicit\u00e9 sur la page du site lors du partage et du t\u00e9l\u00e9chargement, si un utilisateur veut une s\u00e9curit\u00e9 avanc\u00e9e pour ses fichiers et son compte, si un utilisateur veut une grande taille de stockage, et si un utilisateur veut un moyen tr\u00e8s rapide de t\u00e9l\u00e9chargement, alors il devrait obtenir le compte Premium 4shared.<\/p>\n\n\n\n<figure class=\"wp-block-table\"><table class=\"\"><tbody><tr><td>4shared Premium<\/td><td>4shared Gratuit<\/td><\/tr><tr><td><li>Doit payer<br><li>Aucune publicit\u00e9<br><li>Centaine de gigaoctets (100 Go) pour le stockage<br><li>Centaine de gigaoctets (100 Go) pour le t\u00e9l\u00e9chargement<br><li>Aucune assistance technique<br><li>Has <a href=\"https:\/\/www.yourdictionary. com\/accelerator\">acc\u00e9l\u00e9rateur<\/a> pour le t\u00e9l\u00e9chargement<br><li>Peut reprendre le t\u00e9l\u00e9chargement<br><li>A un lien de t\u00e9l\u00e9chargement direct pour un fichier<br><li>A des statistiques d\u00e9taill\u00e9es<br><li>A une fonction de recherche<br><li>Peut restaurer le fichier<br><li>Peut faire un retour de fichier up<br><li>Partage de fichiers et d&rsquo;articles sur les r\u00e9seaux de m\u00e9dias sociaux ou par courrier \u00e9lectronique<br><li>Utilisation de codes QR<br><li>D\u00e9finir un mot de passe pour verrouiller les dossiers<br><li>Peut diffuser de la musique ou d&rsquo;autres fichiers m\u00e9dia<br><li>Avoir un visualiseur de photos<br><li>V\u00e9rifier les fichiers avec un anti- virus<br><li>Acc\u00e8s possible via l&rsquo;application mobile et de bureau de 4shared <br><li>Un utilisateur peut commenter un fichier <\/td><td><li>Pas besoin de payer<br><li>A des annonces<br><li> Quinze gigaoctets (15 Go) pour storage<br><li> 2048 MB for upload<br><li> Has Technical Support<br><li> Has no accelerator for download<br><li> Cannot resume the download<br><li> Has no direct download link for a file<br><li> N&rsquo;a pas de statistiques d\u00e9taill\u00e9es<br><li> A une fonction de recherche<br><li> Peut restaurer le fichier<br><li> Ne peut pas faire de sauvegarde<br><li> Partage de fichiers et d&rsquo;articles sur les r\u00e9seaux de m\u00e9dias sociaux ou par e-mail<br><li> Utilisation de codes QR<br><li> D\u00e9finir un mot de passe pour verrouiller les dossiers<br><li> Peut diffuser de la musique ou d&rsquo;autres fichiers m\u00e9dia<br><li> A une visionneuse de photos<br><li> V\u00e9rification des fichiers avec un anti- virus<br><li> Acc\u00e8s via l&rsquo;application mobile et de bureau de 4shared <br><li> Un utilisateur peut commenter un fichier<br><li> Gestion des fichiers<br><li> Peut t\u00e9l\u00e9charger de nombreux fichiers<\/td><\/tr><\/tbody><\/table><<\/figure>\n\n\n\n<h3>Le 4shared Premium Compte Plans<\/h3>\n\n\n\n<figure class=\"wp-block-table\"><table class=\"\"><tbody><tr><td>4shared Premium Compte Plans<\/td><\/tr><tr><td>Nombre de mois :<\/td><td>1<\/td><td>3<\/td><td>6<\/td><td>12<\/td><\/tr><tr><td>Montant \u00e0 payer par mois :<\/td><td>$ 9.95<\/td><td>$ 7.98<\/td><td>$ 7.16<\/td><td>$ 6.50<\/td><\/tr><\/tbody><\/table><\/figure>\n\n\n\n<p>Les plans de compte premium 4shared ci-dessus doivent \u00eatre pay\u00e9s aux revendeurs officiels de 4shared ou directement sur le site 4shared. Un utilisateur peut obtenir une r\u00e9duction lors de l&rsquo;achat d&rsquo;un plan s&rsquo;il a appliqu\u00e9 un coupon de r\u00e9duction de 4shared. De plus, si un utilisateur a des questions sur le paiement du plan Premium, il peut contacter 4shared par le biais de son adresse e-mail.<\/p>\n\n\n\n<p>Les revendeurs officiels de 4shared sont \u00e9num\u00e9r\u00e9s ci-dessous :<\/p>\n\n\n\n<ul><li>24instant.com<\/li><li>BigShareShop<\/li><li>Fast-Premium.com<\/li><li>Premium.Us &#8211; Cela accepte le paiement Paypal qui peut envoyer votre paiement rapidement.<\/li><li>PremiumInstant &#8211; Ceci accepte le paiement Paypal<\/li><\/ul>\n\n\n<a class=\"maxbutton-2 maxbutton maxbutton-cta\" target=\"_blank\" rel=\"nofollow noopener\" href=\"\/go\/\"><span class='mb-text'>&gt;&gt; Acc\u00e9der au site web original de Linkifier<\/span><\/a>\n\n\n<p><\/p>\n\n\n\n<p>4shared recommande les revendeurs mentionn\u00e9s ci-dessus et conseille aux utilisateurs de ne pas acheter de produits aupr\u00e8s d&rsquo;autres revendeurs ou vendeurs qui ne figurent pas sur la liste.<\/p>\n\n\n\n<h2>Que faire de vos dossiers ?<\/h2>\n\n\n\n<p>Les fichiers sur le site 4shared sont tri\u00e9s par taille, par type de fichier, par date-heure ou par nom.<\/p>\n\n\n\n<p>Les fichiers sont tri\u00e9s en fonction de leur taille :<\/p>\n\n\n\n<ul><li>Fichiers de moins de 1 Mo<\/li><li> Petits fichiers &#8211; de 1 \u00e0 10 Mo<\/li><li> Fichiers moyens &#8211; de 10 Mo \u00e0 100 Mo<\/li><li> Fichiers volumineux &#8211; de 100 Mo \u00e0 1000 Mo ou 1 Go<\/li><li> Fichiers d&rsquo;une taille sup\u00e9rieure \u00e0 1 Go<\/li><\/ul>\n\n\n\n<p>Les fichiers sont tri\u00e9s en fonction de leur type :<\/p>\n\n\n\n<ul><li>rar<\/li><li>zip<\/li><li>7-zip or 7z<\/li><li>cso<\/li><li>Iso<\/li><li>img<\/li><li>Tar<\/li><li>gz<\/li><li>paquet<\/li><\/ul>\n\n\n\n<p>Les fichiers sont tri\u00e9s en fonction de la date et de l&rsquo;heure auxquelles ils ont \u00e9t\u00e9 t\u00e9l\u00e9charg\u00e9s :<\/p>\n\n\n\n<ul><li>Du plus r\u00e9cent au plus ancien<\/li><li> Du plus ancien au plus r\u00e9cent<\/li><\/ul>\n\n\n\n<p>Les fichiers sont tri\u00e9s en fonction de son nom :<\/p>\n\n\n\n<ul><li>Nom de A \u00e0 Z<\/li><li> Nom de Z \u00e0 A<\/li><\/ul>\n\n\n\n<h3>1. T\u00e9l\u00e9chargez-le<\/h3>\n\n\n\n<p>Apr\u00e8s qu&rsquo;un utilisateur a t\u00e9l\u00e9charg\u00e9 un fichier, 4shared affiche le nom de l&rsquo;auteur du t\u00e9l\u00e9chargement (utilisateur), le nom de l&rsquo;album ou du dossier, la photo de couverture du fichier, la date \u00e0 laquelle le fichier a \u00e9t\u00e9 t\u00e9l\u00e9charg\u00e9, le nom du fichier, la taille du fichier, le d\u00e9bit binaire du fichier, l&rsquo;extension du fichier et les balises du fichier.<\/p>\n\n\n\n<figure class=\"wp-block-image\"><img src=\"https:\/\/lh6.googleusercontent.com\/a_ax3EiHjZa6eEKmxT6O7lglKqEKGdW21vC6NVRSGLpKBnOEJWBC_vtMK96YVkE2vpD1ueIgg0BOoJQZFNBN68cy9M_qNCf76Eb_xQHuMPGnPjeSmJRe1an-NvAH9EqrWMzo0jE\" alt=\"Plus button when adding files to a 4shared account\"\/><\/figure>\n\n\n\n<figure class=\"wp-block-image\"><img src=\"https:\/\/lh5.googleusercontent.com\/brDHiN-SpQWpYp1widxU6wBUEG-qcQhsGBj-ps_vlVwm-rMtMXTH95_jz279RxopjPnp1n_VUugzpFbo_L8FC0XxKlIiwc24MJECa7oci6RS8TeIk6MGnZy9_CiBFtM8uBTaZJQ\" alt=\"Button when adding files to a 4shared account\"\/><\/figure>\n\n\n\n<p>Un utilisateur peut \u00e9galement ajouter les fichiers \u00e0 son propre compte sur 4shared. Il lui suffit de cliquer sur le bouton plus ou sur le bouton \u00ab\u00a0Ajouter \u00e0 mon compte\u00a0\u00bb du fichier.<\/p>\n\n\n\n<p>Les utilisateurs peuvent cliquer sur le bouton \u00ab\u00a0Charger plus\u00a0\u00bb pour charger les autres fichiers suivants ou ils peuvent cliquer sur le bouton \u00ab\u00a0Suivant\u00a0\u00bb pour charger les fichiers de la page suivante.<\/p>\n\n\n\n<p>Vous trouverez ci-dessous les types de fichiers qui peuvent \u00eatre t\u00e9l\u00e9charg\u00e9s sur 4shared :<\/p>\n\n\n\n<ul><li>Musique ou audio<\/li><li> Vid\u00e9os<\/li><li> Applications et jeux<\/li><li> Livres ou E-books<\/li><li> Archivage ou compression<\/li><\/ul>\n\n\n\n<h3>2. T\u00e9l\u00e9chargez-le <\/h3>\n\n\n\n<figure class=\"wp-block-image\"><img src=\"https:\/\/lh5.googleusercontent.com\/oyBfDjUy1_xgoLHfPGM-edYkEWqQlu03KFB1SH9vVC91cfAYGclV0Af174-2Blc-ATmvn6XAngZvy5M2bwJGMfU_i9wQd02AkMPRS1-PpZlQq0QxgDa3-cL7CGG1XvbJtjyAdzI\" alt=\"Download button of 4shared\"\/><\/figure>\n\n\n\n<p>Afin de partager un fichier, les utilisateurs doivent cliquer sur le bouton \u00ab\u00a0T\u00e9l\u00e9charger\u00a0\u00bb sur le lien de t\u00e9l\u00e9chargement ou par l&rsquo;utilisation du <a rel=\"noreferrer noopener\" aria-label=\"code QR (opens in a new tab)\" href=\"https:\/\/whatis.techtarget.com\/definition\/QR-code-quick-response-code\" target=\"_blank\">code QR<\/a> du fichier ou sur la page du fichier sp\u00e9cifique.<\/p>\n\n\n\n<h3>3. Partagez-le<\/h3>\n\n\n\n<figure class=\"wp-block-image\"><img src=\"https:\/\/lh3.googleusercontent.com\/wd9_yQb7-lEsBKiVYZ2VlyLGY7NTz42OEEdaQ2p7rzOVxbCZLXw9MuHqqPecrmLmhv11hswTqVqeZumt6le9zFLqrpPx5nXFghhGyAHfZddYoNlqQ-97k4k0r5lVrnJacPcuCgo\" alt=\"Share button of 4shared\"\/><\/figure>\n\n\n\n<p>Pour partager un fichier, les utilisateurs doivent cliquer sur le bouton \u00ab\u00a0Partager\u00a0\u00bb sur le lien ou par l&rsquo;utilisation du code QR du fichier ou sur la page du fichier sp\u00e9cifique.<\/p>\n\n\n\n<p>En outre, un utilisateur peut copier et coller le lien du fichier uniquement en utilisant le navigateur web de n&rsquo;importe quel appareil.<\/p>\n\n\n\n<p>Vous trouverez ci-dessous les extensions de fichiers que 4shared a autoris\u00e9es :<\/p>\n\n\n\n<figure class=\"wp-block-table\"><table class=\"\"><tbody><tr><td>Documents<\/td><td>Musique de l&rsquo;audio<\/td><td>Vid\u00e9os<\/td><td>Photos<\/td><td>Archives<\/td><\/tr><tr><td>.txt.doc.rtf.pdf.xls<\/td><td>.wav.mp3.ogg.mid<\/td><td>.avi.mpeg.mpg<br><\/td><td>.jpg.png.gif.bmp<\/td><td>.rar.zip.jar<\/td><\/tr><\/tbody><\/table><\/figure>\n\n\n\n<p>Un utilisateur peut t\u00e9l\u00e9charger et partager tout fichier pris en charge par 4shared, mais il ne peut pas et ne doit pas t\u00e9l\u00e9charger et partager un fichier li\u00e9 \u00e0 la <a rel=\"noreferrer noopener\" aria-label=\"pornographie (opens in a new tab)\" href=\"https:\/\/www.merriam-webster.com\/dictionary\/pornography\" target=\"_blank\">pornographie<\/a>, \u00e0 des choses ill\u00e9gales ou \u00e0 des droits d&rsquo;auteur, ou tout ce qui n&rsquo;est pas en accord avec les conditions d&rsquo;utilisation de 4shared.<\/p>\n\n\n\n<h2>Les 4shared Demandes<\/h2>\n\n\n\n<h3>A. Application pour t\u00e9l\u00e9phones portables<\/h3>\n\n\n\n<p>Un utilisateur peut t\u00e9l\u00e9charger l&rsquo;application 4shared \u00e0 partir de son t\u00e9l\u00e9phone portable dans Google Play of the Android, App Store d&rsquo;iOS, Phone Store pour Windows.<\/p>\n\n\n\n<h3>B. Application pour les ordinateurs de bureau<\/h3>\n\n\n\n<p>Un utilisateur peut t\u00e9l\u00e9charger l&rsquo;application 4shared \u00e0 partir de son ordinateur de bureau ou de son ordinateur portable pour Mac OS et Windows fonctionnant sur le site 4shared.<\/p>\n\n\n<a class=\"maxbutton-2 maxbutton maxbutton-cta\" target=\"_blank\" rel=\"nofollow noopener\" href=\"\/go\/\"><span class='mb-text'>&gt;&gt; Acc\u00e9der au site web original de Linkifier<\/span><\/a>\n\n\n<p><br><\/p>\n","protected":false},"excerpt":{"rendered":"<p>Le 4shared 4shared est l&rsquo;un des sites d&rsquo;h\u00e9bergement et de transfert de fichiers les plus s\u00fbrs et les plus fiables<\/p>\n","protected":false},"author":2,"featured_media":0,"parent":0,"menu_order":0,"comment_status":"closed","ping_status":"closed","template":"","meta":[],"yoast_head":"<!-- This site is optimized with the Yoast SEO plugin v18.3 - https:\/\/yoast.com\/wordpress\/plugins\/seo\/ -->\n<title>4shared Premium Compte: Le Filehoster En Un Coup D&#039;\u0153il<\/title>\n<meta name=\"description\" content=\"Que 4shared soit un fournisseur r\u00e9put\u00e9 ou non, vous pouvez trouver la r\u00e9ponse dans le test actuel sur Multihoster.org \u279c Cliquez maintenant sur \u271a pour lire nos exp\u00e9riences !\" \/>\n<meta name=\"robots\" content=\"index, follow, max-snippet:-1, max-image-preview:large, max-video-preview:-1\" \/>\n<link rel=\"canonical\" href=\"https:\/\/multihoster.org\/fr\/4shared\/\" \/>\n<meta property=\"og:locale\" content=\"fr_FR\" \/>\n<meta property=\"og:type\" content=\"article\" \/>\n<meta property=\"og:title\" content=\"4shared Premium Compte: Le Filehoster En Un Coup D&#039;\u0153il\" \/>\n<meta property=\"og:description\" content=\"Que 4shared soit un fournisseur r\u00e9put\u00e9 ou non, vous pouvez trouver la r\u00e9ponse dans le test actuel sur Multihoster.org \u279c Cliquez maintenant sur \u271a pour lire nos exp\u00e9riences !\" \/>\n<meta property=\"og:url\" content=\"https:\/\/multihoster.org\/fr\/4shared\/\" \/>\n<meta property=\"og:site_name\" content=\"Multihoster.org\" \/>\n<meta property=\"article:modified_time\" content=\"2020-03-31T15:46:55+00:00\" \/>\n<meta property=\"og:image\" content=\"https:\/\/multihoster.org\/wp-content\/uploads\/2020\/03\/4shared.png\" \/>\n<meta name=\"twitter:card\" content=\"summary\" \/>\n<meta name=\"twitter:label1\" content=\"Dur\u00e9e de lecture estim\u00e9e\" \/>\n\t<meta name=\"twitter:data1\" content=\"5 minutes\" \/>\n<script type=\"application\/ld+json\" class=\"yoast-schema-graph\">{\"@context\":\"https:\/\/schema.org\",\"@graph\":[{\"@type\":\"WebSite\",\"@id\":\"https:\/\/multihoster.org\/#website\",\"url\":\"https:\/\/multihoster.org\/\",\"name\":\"Multihoster.org\",\"description\":\"Reviews of the major Filehosting services\",\"potentialAction\":[{\"@type\":\"SearchAction\",\"target\":{\"@type\":\"EntryPoint\",\"urlTemplate\":\"https:\/\/multihoster.org\/?s={search_term_string}\"},\"query-input\":\"required name=search_term_string\"}],\"inLanguage\":\"fr-FR\"},{\"@type\":\"ImageObject\",\"@id\":\"https:\/\/multihoster.org\/fr\/4shared\/#primaryimage\",\"inLanguage\":\"fr-FR\",\"url\":\"https:\/\/multihoster.org\/wp-content\/uploads\/2020\/03\/4shared.png\",\"contentUrl\":\"https:\/\/multihoster.org\/wp-content\/uploads\/2020\/03\/4shared.png\",\"width\":350,\"height\":91,\"caption\":\"4shared logo\"},{\"@type\":\"WebPage\",\"@id\":\"https:\/\/multihoster.org\/fr\/4shared\/#webpage\",\"url\":\"https:\/\/multihoster.org\/fr\/4shared\/\",\"name\":\"4shared Premium Compte: Le Filehoster En Un Coup D'\u0153il\",\"isPartOf\":{\"@id\":\"https:\/\/multihoster.org\/#website\"},\"primaryImageOfPage\":{\"@id\":\"https:\/\/multihoster.org\/fr\/4shared\/#primaryimage\"},\"datePublished\":\"2020-03-30T14:03:13+00:00\",\"dateModified\":\"2020-03-31T15:46:55+00:00\",\"description\":\"Que 4shared soit un fournisseur r\u00e9put\u00e9 ou non, vous pouvez trouver la r\u00e9ponse dans le test actuel sur Multihoster.org \u279c Cliquez maintenant sur \u271a pour lire nos exp\u00e9riences !\",\"breadcrumb\":{\"@id\":\"https:\/\/multihoster.org\/fr\/4shared\/#breadcrumb\"},\"inLanguage\":\"fr-FR\",\"potentialAction\":[{\"@type\":\"ReadAction\",\"target\":[\"https:\/\/multihoster.org\/fr\/4shared\/\"]}]},{\"@type\":\"BreadcrumbList\",\"@id\":\"https:\/\/multihoster.org\/fr\/4shared\/#breadcrumb\",\"itemListElement\":[{\"@type\":\"ListItem\",\"position\":1,\"name\":\"Startseite\",\"item\":\"https:\/\/multihoster.org\/fr\/\"},{\"@type\":\"ListItem\",\"position\":2,\"name\":\"4shared Premium Compte: Le Filehoster En Un Coup D&rsquo;\u0153il\"}]}]}<\/script>\n<!-- \/ Yoast SEO plugin. -->","yoast_head_json":{"title":"4shared Premium Compte: Le Filehoster En Un Coup D'\u0153il","description":"Que 4shared soit un fournisseur r\u00e9put\u00e9 ou non, vous pouvez trouver la r\u00e9ponse dans le test actuel sur Multihoster.org \u279c Cliquez maintenant sur \u271a pour lire nos exp\u00e9riences !","robots":{"index":"index","follow":"follow","max-snippet":"max-snippet:-1","max-image-preview":"max-image-preview:large","max-video-preview":"max-video-preview:-1"},"canonical":"https:\/\/multihoster.org\/fr\/4shared\/","og_locale":"fr_FR","og_type":"article","og_title":"4shared Premium Compte: Le Filehoster En Un Coup D'\u0153il","og_description":"Que 4shared soit un fournisseur r\u00e9put\u00e9 ou non, vous pouvez trouver la r\u00e9ponse dans le test actuel sur Multihoster.org \u279c Cliquez maintenant sur \u271a pour lire nos exp\u00e9riences !","og_url":"https:\/\/multihoster.org\/fr\/4shared\/","og_site_name":"Multihoster.org","article_modified_time":"2020-03-31T15:46:55+00:00","og_image":[{"url":"https:\/\/multihoster.org\/wp-content\/uploads\/2020\/03\/4shared.png"}],"twitter_card":"summary","twitter_misc":{"Dur\u00e9e de lecture estim\u00e9e":"5 minutes"},"schema":{"@context":"https:\/\/schema.org","@graph":[{"@type":"WebSite","@id":"https:\/\/multihoster.org\/#website","url":"https:\/\/multihoster.org\/","name":"Multihoster.org","description":"Reviews of the major Filehosting services","potentialAction":[{"@type":"SearchAction","target":{"@type":"EntryPoint","urlTemplate":"https:\/\/multihoster.org\/?s={search_term_string}"},"query-input":"required name=search_term_string"}],"inLanguage":"fr-FR"},{"@type":"ImageObject","@id":"https:\/\/multihoster.org\/fr\/4shared\/#primaryimage","inLanguage":"fr-FR","url":"https:\/\/multihoster.org\/wp-content\/uploads\/2020\/03\/4shared.png","contentUrl":"https:\/\/multihoster.org\/wp-content\/uploads\/2020\/03\/4shared.png","width":350,"height":91,"caption":"4shared logo"},{"@type":"WebPage","@id":"https:\/\/multihoster.org\/fr\/4shared\/#webpage","url":"https:\/\/multihoster.org\/fr\/4shared\/","name":"4shared Premium Compte: Le Filehoster En Un Coup D'\u0153il","isPartOf":{"@id":"https:\/\/multihoster.org\/#website"},"primaryImageOfPage":{"@id":"https:\/\/multihoster.org\/fr\/4shared\/#primaryimage"},"datePublished":"2020-03-30T14:03:13+00:00","dateModified":"2020-03-31T15:46:55+00:00","description":"Que 4shared soit un fournisseur r\u00e9put\u00e9 ou non, vous pouvez trouver la r\u00e9ponse dans le test actuel sur Multihoster.org \u279c Cliquez maintenant sur \u271a pour lire nos exp\u00e9riences !","breadcrumb":{"@id":"https:\/\/multihoster.org\/fr\/4shared\/#breadcrumb"},"inLanguage":"fr-FR","potentialAction":[{"@type":"ReadAction","target":["https:\/\/multihoster.org\/fr\/4shared\/"]}]},{"@type":"BreadcrumbList","@id":"https:\/\/multihoster.org\/fr\/4shared\/#breadcrumb","itemListElement":[{"@type":"ListItem","position":1,"name":"Startseite","item":"https:\/\/multihoster.org\/fr\/"},{"@type":"ListItem","position":2,"name":"4shared Premium Compte: Le Filehoster En Un Coup D&rsquo;\u0153il"}]}]}},"_links":{"self":[{"href":"https:\/\/multihoster.org\/fr\/wp-json\/wp\/v2\/pages\/2823"}],"collection":[{"href":"https:\/\/multihoster.org\/fr\/wp-json\/wp\/v2\/pages"}],"about":[{"href":"https:\/\/multihoster.org\/fr\/wp-json\/wp\/v2\/types\/page"}],"author":[{"embeddable":true,"href":"https:\/\/multihoster.org\/fr\/wp-json\/wp\/v2\/users\/2"}],"replies":[{"embeddable":true,"href":"https:\/\/multihoster.org\/fr\/wp-json\/wp\/v2\/comments?post=2823"}],"version-history":[{"count":4,"href":"https:\/\/multihoster.org\/fr\/wp-json\/wp\/v2\/pages\/2823\/revisions"}],"predecessor-version":[{"id":3101,"href":"https:\/\/multihoster.org\/fr\/wp-json\/wp\/v2\/pages\/2823\/revisions\/3101"}],"wp:attachment":[{"href":"https:\/\/multihoster.org\/fr\/wp-json\/wp\/v2\/media?parent=2823"}],"curies":[{"name":"wp","href":"https:\/\/api.w.org\/{rel}","templated":true}]}}