{"id":285,"date":"2018-05-22T16:47:30","date_gmt":"2018-05-22T16:47:30","guid":{"rendered":"https:\/\/multihoster.org\/?page_id=285"},"modified":"2018-09-12T05:56:01","modified_gmt":"2018-09-12T05:56:01","slug":"oboom","status":"publish","type":"page","link":"https:\/\/multihoster.org\/fr\/oboom\/","title":{"rendered":"Oboom Premium Account &#8211; L&rsquo;h\u00e9bergeur de fichiers en un coup d&rsquo;\u0153il"},"content":{"rendered":"<p><img loading=\"lazy\" class=\"alignleft wp-image-101 size-full\" src=\"https:\/\/multihoster.org\/wp-content\/uploads\/2018\/04\/logo.png\" alt=\"logo\" width=\"222\" height=\"59\"><\/p>\n<p>Oboom vous offre un service enti\u00e8rement gratuit, o\u00f9 vous pouvez stocker vos fichiers dans le nuage, ind\u00e9pendamment de l&#8217;emplacement et de l&rsquo;appareil. Le fournisseur attache une grande importance au travail d&rsquo;\u00e9quipe et veut utiliser la plateforme pour cr\u00e9er un moyen de partager facilement des fichiers depuis n&rsquo;importe quel endroit et avec n&rsquo;importe quel appareil, la discr\u00e9tion et la s\u00e9curit\u00e9 sont bien s\u00fbr nos priorit\u00e9s absolues.<\/p>\n\n<p><a class=\"fasc-button fasc-size-xlarge fasc-type-glossy fasc-rounded-medium ico-fa fasc-ico-after fa-share\" style=\"background-color: #43585e; color: #ffffff;\" rel=\"nofollow\" href=\"https:\/\/multihoster.org\/oboom\/goto\/\">Allez sur Oboom.com<\/a><\/p>\n<h2>Caract\u00e9ristiques positives du fournisseur<\/h2>\n<ul>\n<li>compte gratuit<\/li>\n<li>jusqu&rsquo;\u00e0 50 Go d&rsquo;espace disque disponible<\/li>\n<li>cr\u00e9ation de compte anonyme possible<\/li>\n<li>Support par t\u00e9l\u00e9phone<\/li>\n<li>Utilisation du gestionnaire de t\u00e9l\u00e9chargement possible<\/li>\n<\/ul>\n<h2>L&rsquo;ensemble de l&rsquo;offre Oboom en un coup d&rsquo;\u0153il<\/h2>\n<p class=\"normal\">Le fournisseur n&rsquo;offre pas \u00e0 ses utilisateurs un compte premium explicite dans l&rsquo;assortiment, parce qu&rsquo;en principe il n&rsquo;y a que le compte gratuit dans l&rsquo;offre de Oboom. Le fournisseur fournit son service gratuitement pour chaque utilisateur, qui dispose d&rsquo;un espace de stockage allant jusqu&rsquo;\u00e0 50 Go.<\/p>\n<p class=\"normal\">Celui qui souhaite b\u00e9n\u00e9ficier d&rsquo;autres avantages dans le cadre de l&rsquo;offre Oboom Premium peut le faire avec un compte Smoozed Pro, sans limitation de vitesse et sans temps d&rsquo;attente. Pour utiliser le Compte Premium Oboom, vous devez d&rsquo;abord vous inscrire aupr\u00e8s de Smoozed et ensuite entrer les donn\u00e9es d&rsquo;acc\u00e8s du compte Smoozed Pro dans le JDownloader ou Smoozed Addon.<\/p>\n<p class=\"normal\">Avec un compte Pro chez Smoozed, vous pouvez non seulement utiliser la gamme compl\u00e8te des services de Oboom Premium, mais vous pouvez \u00e9galement utiliser le service de presque tous les autres h\u00e9bergeurs de fichiers.<\/p>\n<h2 class=\"normal\">Offres de bonus<\/h2>\n<p>Le mod\u00e8le Pay-Per-Download est une offre de bonus tr\u00e8s attrayante : les utilisateurs re\u00e7oivent une commission, qui t\u00e9l\u00e9charge un nombre particuli\u00e8rement important de fichiers dans le nuage. Le programme de bonus n&rsquo;est pas organis\u00e9 directement par Oboom, mais par les h\u00e9bergeurs de fichiers respectifs. Beaucoup de fournisseurs ont leur propre programme de bonus pour motiver les fournisseurs \u00e0 t\u00e9l\u00e9charger des fichiers populaires. commissions varient en fonction du fournisseur et peuvent \u00eatre non seulement un revenu suppl\u00e9mentaire attrayant, mais m\u00eame une source principale de revenus.<\/p>\n<h2>Co\u00fbts et options de paiement<\/h2>\n<p class=\"normal\">Comme option de paiement pour le Oboom Premium Service, le paiement par carte de cr\u00e9dit, SEPA express et Handypay est \u00e0 votre disposition, la monnaie num\u00e9rique Bitcoin est \u00e9galement accept\u00e9e comme mode de paiement.<\/p>\n\n<table id=\"tablepress-45\" class=\"tablepress tablepress-id-45\">\n<thead>\n<tr class=\"row-1 odd\">\n\t<th class=\"column-1\">BASIC<\/th><th class=\"column-2\">ADVANCED<\/th><th class=\"column-3\">ULTRA<\/th>\n<\/tr>\n<\/thead>\n<tbody class=\"row-hover\">\n<tr class=\"row-2 even\">\n\t<td class=\"column-1\">1 mois<\/td><td class=\"column-2\">6 mois<\/td><td class=\"column-3\">12 mois<\/td>\n<\/tr>\n<tr class=\"row-3 odd\">\n\t<td class=\"column-1\">9,95\u20ac<\/td><td class=\"column-2\">29,99\u20ac au lieu de 49,99\u20ac<\/td><td class=\"column-3\">39,95\u20ac au lieu de 99,99\u20ac<\/td>\n<\/tr>\n<tr class=\"row-4 even\">\n\t<td class=\"column-1\">plus de 40 h\u00e9bergeurs de fichiers<\/td><td class=\"column-2\">plus de 40 h\u00e9bergeurs de fichiers<\/td><td class=\"column-3\">plus de 40 h\u00e9bergeurs de fichiers<\/td>\n<\/tr>\n<tr class=\"row-5 odd\">\n\t<td class=\"column-1\">acc\u00e8s VPN<\/td><td class=\"column-2\">acc\u00e8s VPN<\/td><td class=\"column-3\">acc\u00e8s VPN<\/td>\n<\/tr>\n<\/tbody>\n<\/table>\n<!-- #tablepress-45 from cache -->\n<p><a class=\"fasc-button fasc-size-xlarge fasc-type-glossy fasc-rounded-medium ico-fa fasc-ico-after fa-share\" style=\"background-color: #43585e; color: #ffffff;\" rel=\"nofollow\" href=\"https:\/\/multihoster.org\/oboom\/goto\/\">Allez sur Oboom.com<\/a><\/p>\n<h2>Avis de confidentialit\u00e9 et protection des donn\u00e9es<\/h2>\n<p>En ce qui concerne la protection des donn\u00e9es et de la vie priv\u00e9e, Oboom attache une grande importance \u00e0 la confidentialit\u00e9 et au respect de la l\u00e9gislation en vigueur.<\/p>\n<p>Si des donn\u00e9es personnelles sont n\u00e9anmoins collect\u00e9es, c&rsquo;est toujours sur une base volontaire et Oboom ne transmettra jamais ces donn\u00e9es \u00e0 des tiers sans autorisation expresse. Le fournisseur s&rsquo;efforce toujours de garantir la meilleure s\u00e9curit\u00e9 possible, mais souligne qu&rsquo;une protection compl\u00e8te sur Internet n&rsquo;est pas possible.<\/p>\n<p>Lors de l&rsquo;utilisation du r\u00e9seau social Facebook, les donn\u00e9es peuvent \u00eatre \u00e9chang\u00e9es entre le navigateur et le serveur Facebook \u00e0 l&rsquo;aide des plug-ins existants. D&rsquo;autres donn\u00e9es sont \u00e9valu\u00e9es par le service Google Analytics, qui utilise ces informations pour am\u00e9liorer l&rsquo;exp\u00e9rience de l&rsquo;utilisateur. En outre, des donn\u00e9es personnelles peuvent \u00eatre \u00e9chang\u00e9es ou stock\u00e9es lors de l&rsquo;utilisation de Google Plus ou Twitter.<\/p>\n<h2>Soutien \u00e0 la client\u00e8le<\/h2>\n<p class=\"normal\">L&rsquo;assistance Oboom est disponible pendant la journ\u00e9e de 9h \u00e0 17h. Appelez le 414 1588 0562 et \u00e9crivez un e-mail \u00e0 l&rsquo;assistance si vous avez des questions sans r\u00e9ponse. Une autre option qui est plus rapide aujourd&rsquo;hui et qui offre aussi une solution, c&rsquo;est la zone FAQ&#8230; Voici les nombreuses questions qui sont r\u00e9guli\u00e8rement pos\u00e9es par d&rsquo;autres utilisateurs.<\/p>\n<h2>Facilit\u00e9 d&rsquo;utilisation du site Web<\/h2>\n<p class=\"normal\">Le site Web du fournisseur Oboom est clairement structur\u00e9 de mani\u00e8re \u00e0 ce que le service et la philosophie de l&rsquo;entreprise soient clairs au premier coup d&rsquo;\u0153il : en haut \u00e0 droite de la page, vous pouvez cr\u00e9er un compte, vous connecter ou utiliser Facebook, Twitter et Google+.<\/p>\n<p class=\"normal\">Imm\u00e9diatement apr\u00e8s la connexion, vous acc\u00e9dez \u00e0 l&rsquo;aper\u00e7u de CloudDrive, d&rsquo;o\u00f9 vous pouvez t\u00e9l\u00e9charger ou t\u00e9l\u00e9charger des fichiers, ainsi que modifier les param\u00e8tres de votre choix ou regarder de plus pr\u00e8s le programme partenaire.<\/p>\n<p><img loading=\"lazy\" class=\"alignnone wp-image-100 size-large\" src=\"https:\/\/multihoster.org\/wp-content\/uploads\/2018\/04\/upload-1024x459.png\" alt=\"upload\" width=\"800\" height=\"359\" srcset=\"https:\/\/multihoster.org\/wp-content\/uploads\/2018\/04\/upload-1024x459.png 1024w, https:\/\/multihoster.org\/wp-content\/uploads\/2018\/04\/upload-300x135.png 300w, https:\/\/multihoster.org\/wp-content\/uploads\/2018\/04\/upload-768x345.png 768w, https:\/\/multihoster.org\/wp-content\/uploads\/2018\/04\/upload.png 1199w\" sizes=\"(max-width: 800px) 100vw, 800px\" \/><\/p>\n<h2>Application mobile<\/h2>\n<p class=\"normal\">Oboom n&rsquo;offre pas une application mobile, seulement l&rsquo;utilisation via le navigateur web habituel, mais le fournisseur souhaite offrir une option d&rsquo;acc\u00e8s via un stick ou un appareil mobile le plus rapidement possible. D&rsquo;ici l\u00e0, les utilisateurs peuvent facilement utiliser le jDownloader pour contr\u00f4ler les t\u00e9l\u00e9chargements et les t\u00e9l\u00e9chargements sur Oboom, vous pouvez \u00e9galement vous connecter avec votre compte Smoozed Pro et utiliser le service Oboom Premium.<\/p>\n<h2>Les avantages d&rsquo;un compte Premium<\/h2>\n<p class=\"normal\">Il n&rsquo;y a pas de compte Premium Oboom s\u00e9par\u00e9, mais avec un compte Premium Smoozed, vous pouvez utiliser le maximum de fonctionnalit\u00e9s qu&rsquo;Oboom vous offre.<\/p>\n<p class=\"normal\">Avec un compte Smoozed Pro, vous avez acc\u00e8s \u00e0 un large \u00e9ventail d&rsquo;h\u00e9bergeurs de fichiers, y compris des fournisseurs bien connus tels que Filefactory, Keep2Share et Streamcloud. Vous disposez d&rsquo;un trafic total de 50 Go par jour et l&rsquo;utilisation d&rsquo;un serveur VPN pour une utilisation anonyme et s\u00e9curis\u00e9e de l&rsquo;Internet est \u00e9galement possible.<\/p>\n<p class=\"normal\">Nous vous pr\u00e9sentons ici tous les h\u00e9bergeurs de fichiers que vous pouvez utiliser en plus de Oboom Premium avec le compte Smoozed Premium Pro.<\/p>\n<h2>Notre conclusion sur le fournisseur Oboom<\/h2>\n<p class=\"normal\">Dans l&rsquo;ensemble, le fournisseur Oboom fait une impression s\u00e9rieuse et digne de confiance, ce qui est particuli\u00e8rement convaincant, c&rsquo;est le fait que le service complet d&rsquo;Oboom est gratuit. Chaque utilisateur peut stocker ses fichiers anonymement dans le nuage avec un espace de stockage allant jusqu&rsquo;\u00e0 50 gigaoctets sans avoir \u00e0 entrer de donn\u00e9es personnelles.<\/p>\n<p>Si vous avez d\u00e9j\u00e0 un compte Smoozed, vous pouvez utiliser le service Premium Oboom avec une vitesse maximale et sans temps d&rsquo;attente. Avec Smoozed, vous pouvez vous abonner pour aussi peu que 10 euros par mois et ainsi avoir non seulement un compte Premium Oboom, mais aussi avoir acc\u00e8s au service de presque tous les h\u00e9bergeurs de fichiers.<\/p>\n<p class=\"normal\">Vous avez le choix entre diff\u00e9rents modes de paiement : l&rsquo;assistance est disponible par e-mail et par t\u00e9l\u00e9phone en allemand, ce qui permet au prestataire de se d\u00e9marquer de la concurrence en termes de service.<\/p>\n<p><a class=\"fasc-button fasc-size-xlarge fasc-type-glossy fasc-rounded-medium ico-fa fasc-ico-after fa-share\" style=\"background-color: #43585e; color: #ffffff;\" rel=\"nofollow\" href=\"https:\/\/multihoster.org\/oboom\/goto\/\">Allez sur Oboom.com<\/a><\/p>\n","protected":false},"excerpt":{"rendered":"<p>Oboom vous offre un service enti\u00e8rement gratuit, o\u00f9 vous pouvez stocker vos fichiers dans le nuage, ind\u00e9pendamment de l&#8217;emplacement et<\/p>\n","protected":false},"author":2,"featured_media":0,"parent":0,"menu_order":0,"comment_status":"closed","ping_status":"closed","template":"","meta":[],"yoast_head":"<!-- This site is optimized with the Yoast SEO plugin v18.3 - https:\/\/yoast.com\/wordpress\/plugins\/seo\/ -->\n<title>lll\u25b7 Oboom Premium Account s\u00e9rieux ou non +++++ Test sur Multihoster.org<\/title>\n<meta name=\"description\" content=\"Si Oboom est un fournisseur de bonne r\u00e9putation ou non, vous pouvez trouver la r\u00e9ponse dans le test actuel sur Multihoster.org \u279c Cliquez maintenant sur \u271a pour lire nos exp\u00e9riences !\" \/>\n<meta name=\"robots\" content=\"index, follow, max-snippet:-1, max-image-preview:large, max-video-preview:-1\" \/>\n<link rel=\"canonical\" href=\"https:\/\/multihoster.org\/fr\/oboom\/\" \/>\n<meta property=\"og:locale\" content=\"fr_FR\" \/>\n<meta property=\"og:type\" content=\"article\" \/>\n<meta property=\"og:title\" content=\"lll\u25b7 Oboom Premium Account s\u00e9rieux ou non +++++ Test sur Multihoster.org\" \/>\n<meta property=\"og:description\" content=\"Si Oboom est un fournisseur de bonne r\u00e9putation ou non, vous pouvez trouver la r\u00e9ponse dans le test actuel sur Multihoster.org \u279c Cliquez maintenant sur \u271a pour lire nos exp\u00e9riences !\" \/>\n<meta property=\"og:url\" content=\"https:\/\/multihoster.org\/fr\/oboom\/\" \/>\n<meta property=\"og:site_name\" content=\"Multihoster.org\" \/>\n<meta property=\"article:modified_time\" content=\"2018-09-12T05:56:01+00:00\" \/>\n<meta property=\"og:image\" content=\"https:\/\/multihoster.org\/wp-content\/uploads\/2018\/04\/logo.png\" \/>\n<meta name=\"twitter:card\" content=\"summary\" \/>\n<meta name=\"twitter:label1\" content=\"Dur\u00e9e de lecture estim\u00e9e\" \/>\n\t<meta name=\"twitter:data1\" content=\"5 minutes\" \/>\n<script type=\"application\/ld+json\" class=\"yoast-schema-graph\">{\"@context\":\"https:\/\/schema.org\",\"@graph\":[{\"@type\":\"WebSite\",\"@id\":\"https:\/\/multihoster.org\/#website\",\"url\":\"https:\/\/multihoster.org\/\",\"name\":\"Multihoster.org\",\"description\":\"Reviews of the major Filehosting services\",\"potentialAction\":[{\"@type\":\"SearchAction\",\"target\":{\"@type\":\"EntryPoint\",\"urlTemplate\":\"https:\/\/multihoster.org\/?s={search_term_string}\"},\"query-input\":\"required name=search_term_string\"}],\"inLanguage\":\"fr-FR\"},{\"@type\":\"ImageObject\",\"@id\":\"https:\/\/multihoster.org\/fr\/oboom\/#primaryimage\",\"inLanguage\":\"fr-FR\",\"url\":\"https:\/\/multihoster.org\/wp-content\/uploads\/2018\/04\/logo.png\",\"contentUrl\":\"https:\/\/multihoster.org\/wp-content\/uploads\/2018\/04\/logo.png\",\"width\":222,\"height\":59,\"caption\":\"logo\"},{\"@type\":\"WebPage\",\"@id\":\"https:\/\/multihoster.org\/fr\/oboom\/#webpage\",\"url\":\"https:\/\/multihoster.org\/fr\/oboom\/\",\"name\":\"lll\u25b7 Oboom Premium Account s\u00e9rieux ou non +++++ Test sur Multihoster.org\",\"isPartOf\":{\"@id\":\"https:\/\/multihoster.org\/#website\"},\"primaryImageOfPage\":{\"@id\":\"https:\/\/multihoster.org\/fr\/oboom\/#primaryimage\"},\"datePublished\":\"2018-05-22T16:47:30+00:00\",\"dateModified\":\"2018-09-12T05:56:01+00:00\",\"description\":\"Si Oboom est un fournisseur de bonne r\u00e9putation ou non, vous pouvez trouver la r\u00e9ponse dans le test actuel sur Multihoster.org \u279c Cliquez maintenant sur \u271a pour lire nos exp\u00e9riences !\",\"breadcrumb\":{\"@id\":\"https:\/\/multihoster.org\/fr\/oboom\/#breadcrumb\"},\"inLanguage\":\"fr-FR\",\"potentialAction\":[{\"@type\":\"ReadAction\",\"target\":[\"https:\/\/multihoster.org\/fr\/oboom\/\"]}]},{\"@type\":\"BreadcrumbList\",\"@id\":\"https:\/\/multihoster.org\/fr\/oboom\/#breadcrumb\",\"itemListElement\":[{\"@type\":\"ListItem\",\"position\":1,\"name\":\"Startseite\",\"item\":\"https:\/\/multihoster.org\/fr\/\"},{\"@type\":\"ListItem\",\"position\":2,\"name\":\"Oboom Premium Account &#8211; L&rsquo;h\u00e9bergeur de fichiers en un coup d&rsquo;\u0153il\"}]}]}<\/script>\n<!-- \/ Yoast SEO plugin. -->","yoast_head_json":{"title":"lll\u25b7 Oboom Premium Account s\u00e9rieux ou non +++++ Test sur Multihoster.org","description":"Si Oboom est un fournisseur de bonne r\u00e9putation ou non, vous pouvez trouver la r\u00e9ponse dans le test actuel sur Multihoster.org \u279c Cliquez maintenant sur \u271a pour lire nos exp\u00e9riences !","robots":{"index":"index","follow":"follow","max-snippet":"max-snippet:-1","max-image-preview":"max-image-preview:large","max-video-preview":"max-video-preview:-1"},"canonical":"https:\/\/multihoster.org\/fr\/oboom\/","og_locale":"fr_FR","og_type":"article","og_title":"lll\u25b7 Oboom Premium Account s\u00e9rieux ou non +++++ Test sur Multihoster.org","og_description":"Si Oboom est un fournisseur de bonne r\u00e9putation ou non, vous pouvez trouver la r\u00e9ponse dans le test actuel sur Multihoster.org \u279c Cliquez maintenant sur \u271a pour lire nos exp\u00e9riences !","og_url":"https:\/\/multihoster.org\/fr\/oboom\/","og_site_name":"Multihoster.org","article_modified_time":"2018-09-12T05:56:01+00:00","og_image":[{"url":"https:\/\/multihoster.org\/wp-content\/uploads\/2018\/04\/logo.png"}],"twitter_card":"summary","twitter_misc":{"Dur\u00e9e de lecture estim\u00e9e":"5 minutes"},"schema":{"@context":"https:\/\/schema.org","@graph":[{"@type":"WebSite","@id":"https:\/\/multihoster.org\/#website","url":"https:\/\/multihoster.org\/","name":"Multihoster.org","description":"Reviews of the major Filehosting services","potentialAction":[{"@type":"SearchAction","target":{"@type":"EntryPoint","urlTemplate":"https:\/\/multihoster.org\/?s={search_term_string}"},"query-input":"required name=search_term_string"}],"inLanguage":"fr-FR"},{"@type":"ImageObject","@id":"https:\/\/multihoster.org\/fr\/oboom\/#primaryimage","inLanguage":"fr-FR","url":"https:\/\/multihoster.org\/wp-content\/uploads\/2018\/04\/logo.png","contentUrl":"https:\/\/multihoster.org\/wp-content\/uploads\/2018\/04\/logo.png","width":222,"height":59,"caption":"logo"},{"@type":"WebPage","@id":"https:\/\/multihoster.org\/fr\/oboom\/#webpage","url":"https:\/\/multihoster.org\/fr\/oboom\/","name":"lll\u25b7 Oboom Premium Account s\u00e9rieux ou non +++++ Test sur Multihoster.org","isPartOf":{"@id":"https:\/\/multihoster.org\/#website"},"primaryImageOfPage":{"@id":"https:\/\/multihoster.org\/fr\/oboom\/#primaryimage"},"datePublished":"2018-05-22T16:47:30+00:00","dateModified":"2018-09-12T05:56:01+00:00","description":"Si Oboom est un fournisseur de bonne r\u00e9putation ou non, vous pouvez trouver la r\u00e9ponse dans le test actuel sur Multihoster.org \u279c Cliquez maintenant sur \u271a pour lire nos exp\u00e9riences !","breadcrumb":{"@id":"https:\/\/multihoster.org\/fr\/oboom\/#breadcrumb"},"inLanguage":"fr-FR","potentialAction":[{"@type":"ReadAction","target":["https:\/\/multihoster.org\/fr\/oboom\/"]}]},{"@type":"BreadcrumbList","@id":"https:\/\/multihoster.org\/fr\/oboom\/#breadcrumb","itemListElement":[{"@type":"ListItem","position":1,"name":"Startseite","item":"https:\/\/multihoster.org\/fr\/"},{"@type":"ListItem","position":2,"name":"Oboom Premium Account &#8211; L&rsquo;h\u00e9bergeur de fichiers en un coup d&rsquo;\u0153il"}]}]}},"_links":{"self":[{"href":"https:\/\/multihoster.org\/fr\/wp-json\/wp\/v2\/pages\/285"}],"collection":[{"href":"https:\/\/multihoster.org\/fr\/wp-json\/wp\/v2\/pages"}],"about":[{"href":"https:\/\/multihoster.org\/fr\/wp-json\/wp\/v2\/types\/page"}],"author":[{"embeddable":true,"href":"https:\/\/multihoster.org\/fr\/wp-json\/wp\/v2\/users\/2"}],"replies":[{"embeddable":true,"href":"https:\/\/multihoster.org\/fr\/wp-json\/wp\/v2\/comments?post=285"}],"version-history":[{"count":10,"href":"https:\/\/multihoster.org\/fr\/wp-json\/wp\/v2\/pages\/285\/revisions"}],"predecessor-version":[{"id":1376,"href":"https:\/\/multihoster.org\/fr\/wp-json\/wp\/v2\/pages\/285\/revisions\/1376"}],"wp:attachment":[{"href":"https:\/\/multihoster.org\/fr\/wp-json\/wp\/v2\/media?parent=285"}],"curies":[{"name":"wp","href":"https:\/\/api.w.org\/{rel}","templated":true}]}}