{"id":2921,"date":"2020-03-30T13:33:11","date_gmt":"2020-03-30T13:33:11","guid":{"rendered":"https:\/\/multihoster.org\/?page_id=2921"},"modified":"2020-05-29T12:38:21","modified_gmt":"2020-05-29T12:38:21","slug":"streamcloud","status":"publish","type":"page","link":"https:\/\/multihoster.org\/fr\/streamcloud\/","title":{"rendered":"StreamCloud Premium Compte: Le Filehoster En Un Coup D&rsquo;\u0153il"},"content":{"rendered":"<a class=\"maxbutton-2 maxbutton maxbutton-cta\" target=\"_blank\" rel=\"nofollow noopener\" href=\"\/go\/\"><span class='mb-text'>&gt;&gt; Acc\u00e9der au site web original de Linkifier<\/span><\/a>\n\n\n<p>Streamcloud Premium est la perc\u00e9e qui a permis de r\u00e9unir <a rel=\"noreferrer noopener\" aria-label=\"le stockage en ligne (opens in a new tab)\" href=\"https:\/\/cloud.google.com\/storage\" target=\"_blank\">le stockage en ligne<\/a> (cloud storage) et le streaming vid\u00e9o sur le web en un seul. Tout en conservant tous vos fichiers dans un serveur crypt\u00e9, vous pouvez \u00e9galement diffuser des vid\u00e9os en streaming en utilisant la plateforme. Pour en savoir plus, lisez l&rsquo;article ci-dessous.<\/p>\n\n\n\n<h2>\u00c0 propos de la Streamcloud Premium plate-forme<\/h2>\n\n\n\n<p>La plateforme Streamcloud Premium \u00e9tait un site web d\u00e9velopp\u00e9 par New Ventures Services, Corp le 4 octobre 2012. Il a maintenant sept (7) ans et quatre (4) mois d&rsquo;existence et est toujours maintenu par ses fondateurs. Les estimations de diff\u00e9rents sites web ont prouv\u00e9 sa l\u00e9gitimit\u00e9 puisque le site vaut 8,95 dollars et rapporte 0,15 dollar. Il est marqu\u00e9 pour \u00eatre s\u00fbr par ses bons param\u00e8tres<\/p>\n\n\n\n<figure class=\"wp-block-image\"><img src=\"https:\/\/lh4.googleusercontent.com\/xcxpv9Ok39mZs2azSQyAMZjRiJmA_UPp2NkcIGgn7jTknebXHbBFvyI5GpychS6EqvN1AwTPLUvFkGzWwaxFzbX_4LcrW3vqqHLE04zHgp4L49tAp32tiZ8kelyfa6cjvEWkctM\" alt=\"Streamcloud descriptive image\"\/><\/figure>\n\n\n\n<p><br>Le Streamcloud est votre meilleure plateforme d&rsquo;h\u00e9bergement de fichiers avec des fonctionnalit\u00e9s suppl\u00e9mentaires<\/p>\n\n\n\n<p>Maintenant que vous savez ce qui rend la plateforme Streamcloud Premium l\u00e9gitime, apprenez-en plus sur ce que Streamcloud Premium peut faire pour vous et pour vos fichiers en lisant le prochain sujet.<\/p>\n\n\n\n<h2>Les caract\u00e9ristiques de la plateforme Premium Streamcloud<\/h2>\n\n\n\n<p>La plateforme Streamcloud Premium est essentiellement un stockage en ligne sur le web (cloud storage) et la diffusion de vid\u00e9os en continu sur le web combin\u00e9s. Elle peut conserver tous vos fichiers dans un <a rel=\"noreferrer noopener\" aria-label=\"serveur crypt\u00e9 (opens in a new tab)\" href=\"https:\/\/computersciencewiki.org\/index.php\/Client-side_scripting_and_server-side_scripting\" target=\"_blank\">serveur crypt\u00e9<\/a>, vous pouvez \u00e9galement diffuser des vid\u00e9os en streaming en utilisant la plateforme. The Network Solutions, LLC s&rsquo;appuie sur ses experts en ing\u00e9nierie web et en programmation web utilisant des combinaisons de diff\u00e9rents langages (tels que HTML, CSS, Javascript, Python, C#, C+ et C++) pour garantir la fiabilit\u00e9 du site web afin de fournir les services promis de mani\u00e8re transparente et d&rsquo;offrir une s\u00e9curit\u00e9 maximale \u00e0 ses t\u00e9l\u00e9chargeurs gr\u00e2ce \u00e0 son cryptage simultan\u00e9 int\u00e9gr\u00e9 au site web. Ainsi, les donn\u00e9es et les informations de ses utilisateurs, y compris tous les t\u00e9l\u00e9chargements de fichiers, seront crypt\u00e9es avant m\u00eame d&rsquo;\u00eatre mises sur le web \u00e0 l&rsquo;aide de scripts c\u00f4t\u00e9 client. Gr\u00e2ce \u00e0 l&rsquo;algorithme AES, toutes les donn\u00e9es et informations sont s\u00e9curis\u00e9es par les serveurs de Streamcloud Premium, qui sont situ\u00e9s \u00e0 plusieurs endroits, ce qui garantit une s\u00e9curit\u00e9 maximale pour les utilisateurs.<\/p>\n\n\n\n<p>On peut ne pas \u00eatre impressionn\u00e9 par les caract\u00e9ristiques du Streamcloud Premium puisque d&rsquo;autres fournisseurs de services d&rsquo;h\u00e9bergement de fichiers (FHS) peuvent offrir la m\u00eame chose, mais le Streamcloud Premium est unique parmi tous ses concurrents. Le Streamcloud Premium poss\u00e8de un lecteur vid\u00e9o int\u00e9gr\u00e9 qui peut lire les principaux types de fichiers vid\u00e9o tels que 3gp, mp4, webm, flv et tous les autres fichiers vid\u00e9o. Vous pouvez regarder toutes vos vid\u00e9os dans le stockage en ligne ou dans le cloud de Streamcloud Premium en utilisant le streaming vid\u00e9o Streamcloud Premium ainsi que toutes les vid\u00e9os des autres utilisateurs s&rsquo;ils veulent partager leurs fichiers. Les param\u00e8tres de confidentialit\u00e9 des fichiers vid\u00e9o sont accessibles en utilisant les propri\u00e9t\u00e9s du fichier vid\u00e9o s\u00e9lectionn\u00e9. Il suffit de cliquer sur les propri\u00e9t\u00e9s et de s\u00e9lectionner le public si vous souhaitez que le fichier vid\u00e9o soit accessible \u00e0 tous ou le priv\u00e9 pour que le fichier vid\u00e9o soit accessible uniquement \u00e0 vous. Les propri\u00e9t\u00e9s des fichiers vid\u00e9o peuvent \u00e9galement \u00eatre d\u00e9finies pour que le fichier vid\u00e9o ne soit accessible qu&rsquo;\u00e0 certains utilisateurs en s\u00e9lectionnant uniquement pour ensuite entrer les noms ou les adresses e-mail des utilisateurs Streamcloud Premium auxquels vous souhaitez partager le fichier.<\/p>\n\n\n\n<figure class=\"wp-block-image\"><img src=\"https:\/\/lh6.googleusercontent.com\/bnFLG5PFEBQOPMFDAWo3rHyJYiu5nEEu9aSxZAy7r_ohcySBJa8icgsb0tprIBpaFsF61MTqBMn4OgCrcJSlR-hVaBJfVCPILVqfvqdQYnQ69kSFjOa-zleyxB2GZk4xBkZ0a1I\" alt=\"Streamcloud online video streaming\"\/><\/figure>\n\n\n\n<p>Le Streamcloud dispose d&rsquo;une fonction int\u00e9gr\u00e9e de diffusion en continu sur le web pour regarder les vid\u00e9os t\u00e9l\u00e9charg\u00e9es<\/p>\n\n\n\n<p>Le <a rel=\"noreferrer noopener\" aria-label=\"lecteur vid\u00e9o int\u00e9gr\u00e9 (opens in a new tab)\" href=\"https:\/\/developer.mozilla.org\/en\/docs\/Web\/HTML\/Element\/video\" target=\"_blank\">lecteur vid\u00e9o int\u00e9gr\u00e9<\/a> Streamcloud Premium peut lire des vid\u00e9os en qualit\u00e9 240p, 360p, 480p, 720p, HD et Blu-ray. Vous \u00eates donc s\u00fbr de pouvoir profiter de vos fichiers vid\u00e9o tout en ayant l&rsquo;assurance que tous vos fichiers sont s\u00e9curis\u00e9s dans un h\u00f4te en ligne gr\u00e2ce \u00e0 la plateforme Streamcloud Premium.<\/p>\n\n\n\n<h2>La question de la fraude Streamcloud<\/h2>\n\n\n\n<p>Des rumeurs ont circul\u00e9 sur le web au sujet de la fraude li\u00e9e \u00e0 Streamcloud, mais la soci\u00e9t\u00e9 Network Solutions, LLC condamne fermement ce probl\u00e8me, car Streamcloud est un site web tout \u00e0 fait l\u00e9gitime. Vous avez lu les origines et m\u00eame les composants de son site web jusqu&rsquo;\u00e0 ses revenus r\u00e9els pour le prouver. Ce probl\u00e8me est clairement constitu\u00e9 par ses concurrents puisque Streamcloud est un produit unique qui a \u00e9t\u00e9 souhait\u00e9 par beaucoup de ses utilisateurs. De nombreuses entreprises ont m\u00eame essay\u00e9 de l&rsquo;acheter pour sa valeur mais le Streamcloud sous la gestion de Network Solutions, LLC s&rsquo;engage \u00e0 vous donner les meilleurs services tout en diffusant vos vid\u00e9os et en utilisant le service d&rsquo;h\u00e9bergement de fichiers le plus s\u00e9curis\u00e9 sur le cloud.<\/p>\n\n\n\n<h2>Le Streamcloud Premium Compte Types<\/h2>\n\n\n\n<p>Le Streamcloud Premium dispose de diff\u00e9rents types de <a rel=\"noreferrer noopener\" aria-label=\"comptes  (opens in a new tab)\" href=\"https:\/\/www.techopedia.com\/definition\/13458\/user-accountKEwiU-5z0i4joAhUYfd4KHczKAH8QFjAQegQIBxAB&amp;url=https%3A%2F%2Fwww.techopedia.com%2Fdefinition%2F13458%2Fuser-account&amp;usg=AOvVaw2CezyjXl4sE6JmdNqYBYSu\" target=\"_blank\">comptes <\/a>qui sont con\u00e7us pour r\u00e9pondre aux besoins quotidiens de nos utilisateurs. En principe, le Streamcloud Premium offre le service d&rsquo;h\u00e9bergement de fichiers Freemium (FHS) mais il existe \u00e9galement des comptes Streamcloud Premium qui peuvent offrir plus de fonctionnalit\u00e9s. Nous avons pr\u00e9sent\u00e9 les d\u00e9tails de chaque compte dans le tableau ci-dessous.<\/p>\n\n\n\n<p>Tableau 1. Diff\u00e9rents types de comptes Streamcloud<\/p>\n\n\n\n<figure class=\"wp-block-table\"><table><tbody><tr><td>Type de compte<\/td><td>Taxe d&rsquo;entretien<\/td><td>Allocation de stockage<\/td><td>Bande passante<\/td><\/tr><tr><td>Streamcloud Freemium<\/td><td>Gratuit<\/td><td>15 GB par mois<\/td><td>35 GB par mois<\/td><\/tr><tr><td>Streamcloud Premium<\/td><td>$ 11.00 par mois<\/td><td>400 GB par mois<\/td><td>1 TB par mois<\/td><\/tr><tr><td>Streamcloud Premium Avanc\u00e9<\/td><td>$ 23 par mois<\/td><td>2 TB par mois<\/td><td>2 TB par mois<\/td><\/tr><tr><td>Streamcloud Premium Prestige<\/td><td>$ 30.00 par mois<\/td><td>8 TB par mois<\/td><td>8 TB par mois<\/td><\/tr><tr><td>Streamcloud Premium Royalty<\/td><td>$ 53.00 par mois<\/td><td>16 TB par mois<\/td><td>16 TB par mois<\/td><\/tr><\/tbody><\/table><\/figure>\n\n\n\n<p>Comme indiqu\u00e9 ci-dessus, les diff\u00e9rents types de comptes Streamcloud Premium sont le compte Streamcloud Freemium, le compte Streamcloud Premium, le compte Streamcloud Premium Advanced, le compte Streamcloud Premium Prestige et le compte Streamcloud Premium Royalty, chacun ayant ses propres avantages.<\/p>\n\n\n\n<p>Nous sommes s\u00fbrs que vous appr\u00e9cierez notre service d&rsquo;h\u00e9bergement de fichiers de compte Streamcloud Freemium (FHS), mais nous sommes tr\u00e8s s\u00fbrs que vous appr\u00e9cierez \u00e9galement nos comptes Streamcloud Premium pour les fonctionnalit\u00e9s suppl\u00e9mentaires et les fonctionnalit\u00e9s adapt\u00e9es \u00e0 vos besoins. Streamcloud propose quatre (4) types de comptes Premium qui offrent une allocation de stockage plus importante pour chaque type de fichiers que vous pouvez apporter, qu&rsquo;il s&rsquo;agisse de documents, de powerpoint, d&rsquo;audio, de vid\u00e9o ; le service d&rsquo;h\u00e9bergement de fichiers Streamcloud Premium (FHS) sera certainement entre de bonnes mains.<\/p>\n\n\n<a class=\"maxbutton-2 maxbutton maxbutton-cta\" target=\"_blank\" rel=\"nofollow noopener\" href=\"\/go\/\"><span class='mb-text'>&gt;&gt; Acc\u00e9der au site web original de Linkifier<\/span><\/a>\n\n\n<p><\/p>\n\n\n\n<figure class=\"wp-block-image\"><img src=\"https:\/\/lh4.googleusercontent.com\/EwSoUUcLaV1VFD69SnYqb4OUrI1isFgChdnJuRgj0tvdu0tMRV-LQGsOL1olFcHCENiI5ZofW8_15Akd2hZ20mry27bXDGCwUzDbyF7otnD4SQgJl1Adbi9Qyrl4bWmUr91kpUQ\" alt=\"Streamcloud features works across devices regardless of the account type\"\/><\/figure>\n\n\n\n<p>Quel que soit le type de compte ou le dispositif, le Streamcloud s&rsquo;adapte automatiquement et dynamiquement<\/p>\n\n\n\n<p>Quel que soit votre compte, la plateforme Streamcloud crypte tous les m\u00eames fichiers avec les m\u00eames garanties et caract\u00e9ristiques pour votre confidentialit\u00e9. Il en va de m\u00eame pour la fonctionnalit\u00e9 suppl\u00e9mentaire : Le service de streaming vid\u00e9o en ligne Streamcloud. Que vous ayez un compte Streamcloud Freemium, un compte Streamcloud Premium, un compte Streamcloud Premium Advanced, un compte Streamcloud Premium Prestige ou un compte Streamcloud Premium Royalty, vous pouvez toujours diffuser et visionner vos vid\u00e9os upload\u00e9es et celles qui ont \u00e9t\u00e9 rendues publiques par ses utilisateurs. Vous devez \u00e9galement partager vos vid\u00e9os avec le public en utilisant n&rsquo;importe quel compte. Parce que Streamcloud se soucie et se pr\u00e9occupe de tous ses utilisateurs, quel que soit leur type de compte Streamcloud.<\/p>\n\n\n\n<h2>Derni\u00e8res r\u00e9flexions sur la prime Streamcloud<\/h2>\n\n\n\n<p>Vous ne serez peut-\u00eatre pas impressionn\u00e9 par la plateforme Streamcloud en tant que fournisseur de services d&rsquo;h\u00e9bergement de fichiers (FHS) puisqu&rsquo;il y a beaucoup de nuages ou de stockage en ligne disponibles sur Internet, mais nous vous mettons au d\u00e9fi d&rsquo;essayer de voir ce qui rend la prime Streamcloud unique et d&rsquo;\u00eatre \u00e9tonn\u00e9 car la prime Streamcloud n&rsquo;est pas seulement une plateforme de services d&rsquo;h\u00e9bergement de fichiers (FHS) mais est aussi un site de streaming vid\u00e9o en ligne pour regarder toutes les vid\u00e9os publiques disponibles sur la plateforme ind\u00e9pendamment de sa taille et de sa qualit\u00e9.<\/p>\n\n\n\n<h2>Foire aux questions (FAQ) sur la prime Streamcloud<\/h2>\n\n\n\n<h3>1. Streamcloud offre-t-il des services gratuits ?<\/h3>\n\n\n\n<p>Oui, le Streamcloud Premium dispose d&rsquo;un service gratuit qu&rsquo;un utilisateur peut utiliser en utilisant simplement son adresse \u00e9lectronique. La prime Streamcloud offre un stockage en nuage de quinze gigaoctets (15 Go) pendant un mois avec un maximum de trente-cinq gigaoctets (35 Go) de bande passante. Vous pouvez donc stocker et partager tous vos fichiers avec autant de stockage en ligne ou de stockage en nuage pendant un mois, ainsi que diffuser des vid\u00e9os publiques en streaming sur la plateforme Streamcloud gratuitement. Streamcloud propose \u00e9galement des comptes Streamcloud Premium avec plus de fonctionnalit\u00e9s et de caract\u00e9ristiques pour r\u00e9pondre \u00e0 vos besoins.<\/p>\n\n\n\n<h3>2. Quel est le meilleur compte Premium Streamcloud ?<\/h3>\n\n\n\n<p>La prime Streamcloud comporte quatre (4) types de compte premium Streamcloud, mais le compte le plus fonctionnel est le compte de redevance Streamcloud Premium. Avec seulement cinquante-trois dollars (53,00 $) par mois, un utilisateur a droit \u00e0 seize t\u00e9raoctets (16 TB) de stockage en ligne sur le web ou sur le cloud avec une bande passante maximale de seize t\u00e9raoctets (16 TB) \u00e9galement pendant un mois. Cela signifie plus de stockage pour vos fichiers les plus importants et une sauvegarde pour vos fichiers sp\u00e9ciaux, quels que soient leur type et leur taille, tant qu&rsquo;il vous reste des donn\u00e9es \u00e0 allouer. Vous pouvez \u00e9galement partager et regarder plus de films, ce qui rend la plateforme Streamcloud plus sp\u00e9ciale, car la prime Streamcloud n&rsquo;est pas seulement un service d&rsquo;h\u00e9bergement de fichiers (FHS) mais aussi un site de streaming vid\u00e9o en ligne pour regarder tous les fichiers disponibles publiquement sur la plateforme.<\/p>\n\n\n\n<h3>3. J&rsquo;utilise juste mon navigateur par d\u00e9faut, puis-je quand m\u00eame utiliser la plateforme Streamcloud ?<\/h3>\n\n\n\n<p>Qu&rsquo;il s&rsquo;agisse de Windows, Linux, Ubuntu, iOs ou android, le site Streamcloud est accessible dynamiquement \u00e0 tous les types de navigateurs. Le site web Streamcloud a \u00e9t\u00e9 modifi\u00e9 et programm\u00e9 pour s&rsquo;adapter automatiquement \u00e0 la r\u00e9solution de l&rsquo;appareil de tout utilisateur, de sorte qu&rsquo;il est certain que vous n&rsquo;aurez aucun probl\u00e8me pour l&rsquo;utiliser. Il s&rsquo;affichera s\u00fbrement sur Internet Explorer, Google Chrome, Mozilla Firefox, Opera, Safari et m\u00eame sur le navigateur Tor. Malgr\u00e9 l&rsquo;utilisation de n&rsquo;importe quel type de navigateur, la plateforme Streamcloud est s\u00fbre de crypter les fichiers de chacun de ses utilisateurs en utilisant l&rsquo;algorithme de cryptage avanc\u00e9 AES pour se prot\u00e9ger contre tout type de phishing et de vol de donn\u00e9es.<\/p>\n\n\n\n<h3>&nbsp;4. D&rsquo;autres personnes peuvent-elles acc\u00e9der \u00e0 mes fichiers t\u00e9l\u00e9charg\u00e9s sur la plateforme premium Streamcloud ?<\/h3>\n\n\n\n<p>Tous les fichiers t\u00e9l\u00e9charg\u00e9s sur la plateforme premium de Streamcloud le sont avec des param\u00e8tres de confidentialit\u00e9 priv\u00e9s. Ainsi, \u00e0 moins qu&rsquo;un utilisateur ne modifie les param\u00e8tres de confidentialit\u00e9 pour les rendre publics, aucun autre utilisateur ne peut voir ni acc\u00e9der \u00e0 vos fichiers sur la plateforme premium de Streamcloud.<\/p>\n\n\n\n<h3>5. Streamcloud premium dispose-t-il d&rsquo;un repr\u00e9sentant du service client\u00e8le ?<\/h3>\n\n\n\n<p>Pour les questions, clarifications et autres pr\u00e9occupations, la Network Solutions, LLC a d\u00e9sign\u00e9 les services de support premium Streamcloud par l&rsquo;interm\u00e9diaire de ses repr\u00e9sentants de client\u00e8le premium Streamcloud pour r\u00e9pondre \u00e0 vos pr\u00e9occupations ou probl\u00e8mes, bien que cela arrive tr\u00e8s rarement car la plateforme Streamcloud laisse toujours ses utilisateurs satisfaits de ses fonctionnalit\u00e9s et caract\u00e9ristiques comme un service d&rsquo;h\u00e9bergement de fichiers (FHS) et un site de streaming vid\u00e9o en ligne pour regarder tous les fichiers disponibles publiquement dans la plateforme.<\/p>\n\n\n<a class=\"maxbutton-2 maxbutton maxbutton-cta\" target=\"_blank\" rel=\"nofollow noopener\" href=\"\/go\/\"><span class='mb-text'>&gt;&gt; Acc\u00e9der au site web original de Linkifier<\/span><\/a>\n\n\n<p><br><\/p>\n","protected":false},"excerpt":{"rendered":"<p>Streamcloud Premium est la perc\u00e9e qui a permis de r\u00e9unir le stockage en ligne (cloud storage) et le streaming vid\u00e9o<\/p>\n","protected":false},"author":2,"featured_media":0,"parent":0,"menu_order":0,"comment_status":"closed","ping_status":"closed","template":"","meta":[],"yoast_head":"<!-- This site is optimized with the Yoast SEO plugin v18.3 - https:\/\/yoast.com\/wordpress\/plugins\/seo\/ -->\n<title>StreamCloud Premium Compte: Le Filehoster En Un Coup D&#039;\u0153il<\/title>\n<meta name=\"description\" content=\"StreamCloud est-il un fournisseur r\u00e9put\u00e9 ou non, vous pouvez trouver la r\u00e9ponse dans le test actuel sur Multihoster.org \u279c Cliquez maintenant sur \u271a pour lire nos exp\u00e9riences !\" \/>\n<meta name=\"robots\" content=\"index, follow, max-snippet:-1, max-image-preview:large, max-video-preview:-1\" \/>\n<link rel=\"canonical\" href=\"https:\/\/multihoster.org\/fr\/streamcloud\/\" \/>\n<meta property=\"og:locale\" content=\"fr_FR\" \/>\n<meta property=\"og:type\" content=\"article\" \/>\n<meta property=\"og:title\" content=\"StreamCloud Premium Compte: Le Filehoster En Un Coup D&#039;\u0153il\" \/>\n<meta property=\"og:description\" content=\"StreamCloud est-il un fournisseur r\u00e9put\u00e9 ou non, vous pouvez trouver la r\u00e9ponse dans le test actuel sur Multihoster.org \u279c Cliquez maintenant sur \u271a pour lire nos exp\u00e9riences !\" \/>\n<meta property=\"og:url\" content=\"https:\/\/multihoster.org\/fr\/streamcloud\/\" \/>\n<meta property=\"og:site_name\" content=\"Multihoster.org\" \/>\n<meta property=\"article:modified_time\" content=\"2020-05-29T12:38:21+00:00\" \/>\n<meta property=\"og:image\" content=\"https:\/\/lh4.googleusercontent.com\/xcxpv9Ok39mZs2azSQyAMZjRiJmA_UPp2NkcIGgn7jTknebXHbBFvyI5GpychS6EqvN1AwTPLUvFkGzWwaxFzbX_4LcrW3vqqHLE04zHgp4L49tAp32tiZ8kelyfa6cjvEWkctM\" \/>\n<meta name=\"twitter:card\" content=\"summary\" \/>\n<meta name=\"twitter:label1\" content=\"Dur\u00e9e de lecture estim\u00e9e\" \/>\n\t<meta name=\"twitter:data1\" content=\"10 minutes\" \/>\n<script type=\"application\/ld+json\" class=\"yoast-schema-graph\">{\"@context\":\"https:\/\/schema.org\",\"@graph\":[{\"@type\":\"WebSite\",\"@id\":\"https:\/\/multihoster.org\/#website\",\"url\":\"https:\/\/multihoster.org\/\",\"name\":\"Multihoster.org\",\"description\":\"Reviews of the major Filehosting services\",\"potentialAction\":[{\"@type\":\"SearchAction\",\"target\":{\"@type\":\"EntryPoint\",\"urlTemplate\":\"https:\/\/multihoster.org\/?s={search_term_string}\"},\"query-input\":\"required name=search_term_string\"}],\"inLanguage\":\"fr-FR\"},{\"@type\":\"ImageObject\",\"@id\":\"https:\/\/multihoster.org\/fr\/streamcloud\/#primaryimage\",\"inLanguage\":\"fr-FR\",\"url\":\"https:\/\/lh4.googleusercontent.com\/xcxpv9Ok39mZs2azSQyAMZjRiJmA_UPp2NkcIGgn7jTknebXHbBFvyI5GpychS6EqvN1AwTPLUvFkGzWwaxFzbX_4LcrW3vqqHLE04zHgp4L49tAp32tiZ8kelyfa6cjvEWkctM\",\"contentUrl\":\"https:\/\/lh4.googleusercontent.com\/xcxpv9Ok39mZs2azSQyAMZjRiJmA_UPp2NkcIGgn7jTknebXHbBFvyI5GpychS6EqvN1AwTPLUvFkGzWwaxFzbX_4LcrW3vqqHLE04zHgp4L49tAp32tiZ8kelyfa6cjvEWkctM\"},{\"@type\":\"WebPage\",\"@id\":\"https:\/\/multihoster.org\/fr\/streamcloud\/#webpage\",\"url\":\"https:\/\/multihoster.org\/fr\/streamcloud\/\",\"name\":\"StreamCloud Premium Compte: Le Filehoster En Un Coup D'\u0153il\",\"isPartOf\":{\"@id\":\"https:\/\/multihoster.org\/#website\"},\"primaryImageOfPage\":{\"@id\":\"https:\/\/multihoster.org\/fr\/streamcloud\/#primaryimage\"},\"datePublished\":\"2020-03-30T13:33:11+00:00\",\"dateModified\":\"2020-05-29T12:38:21+00:00\",\"description\":\"StreamCloud est-il un fournisseur r\u00e9put\u00e9 ou non, vous pouvez trouver la r\u00e9ponse dans le test actuel sur Multihoster.org \u279c Cliquez maintenant sur \u271a pour lire nos exp\u00e9riences !\",\"breadcrumb\":{\"@id\":\"https:\/\/multihoster.org\/fr\/streamcloud\/#breadcrumb\"},\"inLanguage\":\"fr-FR\",\"potentialAction\":[{\"@type\":\"ReadAction\",\"target\":[\"https:\/\/multihoster.org\/fr\/streamcloud\/\"]}]},{\"@type\":\"BreadcrumbList\",\"@id\":\"https:\/\/multihoster.org\/fr\/streamcloud\/#breadcrumb\",\"itemListElement\":[{\"@type\":\"ListItem\",\"position\":1,\"name\":\"Startseite\",\"item\":\"https:\/\/multihoster.org\/fr\/\"},{\"@type\":\"ListItem\",\"position\":2,\"name\":\"StreamCloud Premium Compte: Le Filehoster En Un Coup D&rsquo;\u0153il\"}]}]}<\/script>\n<!-- \/ Yoast SEO plugin. -->","yoast_head_json":{"title":"StreamCloud Premium Compte: Le Filehoster En Un Coup D'\u0153il","description":"StreamCloud est-il un fournisseur r\u00e9put\u00e9 ou non, vous pouvez trouver la r\u00e9ponse dans le test actuel sur Multihoster.org \u279c Cliquez maintenant sur \u271a pour lire nos exp\u00e9riences !","robots":{"index":"index","follow":"follow","max-snippet":"max-snippet:-1","max-image-preview":"max-image-preview:large","max-video-preview":"max-video-preview:-1"},"canonical":"https:\/\/multihoster.org\/fr\/streamcloud\/","og_locale":"fr_FR","og_type":"article","og_title":"StreamCloud Premium Compte: Le Filehoster En Un Coup D'\u0153il","og_description":"StreamCloud est-il un fournisseur r\u00e9put\u00e9 ou non, vous pouvez trouver la r\u00e9ponse dans le test actuel sur Multihoster.org \u279c Cliquez maintenant sur \u271a pour lire nos exp\u00e9riences !","og_url":"https:\/\/multihoster.org\/fr\/streamcloud\/","og_site_name":"Multihoster.org","article_modified_time":"2020-05-29T12:38:21+00:00","og_image":[{"url":"https:\/\/lh4.googleusercontent.com\/xcxpv9Ok39mZs2azSQyAMZjRiJmA_UPp2NkcIGgn7jTknebXHbBFvyI5GpychS6EqvN1AwTPLUvFkGzWwaxFzbX_4LcrW3vqqHLE04zHgp4L49tAp32tiZ8kelyfa6cjvEWkctM"}],"twitter_card":"summary","twitter_misc":{"Dur\u00e9e de lecture estim\u00e9e":"10 minutes"},"schema":{"@context":"https:\/\/schema.org","@graph":[{"@type":"WebSite","@id":"https:\/\/multihoster.org\/#website","url":"https:\/\/multihoster.org\/","name":"Multihoster.org","description":"Reviews of the major Filehosting services","potentialAction":[{"@type":"SearchAction","target":{"@type":"EntryPoint","urlTemplate":"https:\/\/multihoster.org\/?s={search_term_string}"},"query-input":"required name=search_term_string"}],"inLanguage":"fr-FR"},{"@type":"ImageObject","@id":"https:\/\/multihoster.org\/fr\/streamcloud\/#primaryimage","inLanguage":"fr-FR","url":"https:\/\/lh4.googleusercontent.com\/xcxpv9Ok39mZs2azSQyAMZjRiJmA_UPp2NkcIGgn7jTknebXHbBFvyI5GpychS6EqvN1AwTPLUvFkGzWwaxFzbX_4LcrW3vqqHLE04zHgp4L49tAp32tiZ8kelyfa6cjvEWkctM","contentUrl":"https:\/\/lh4.googleusercontent.com\/xcxpv9Ok39mZs2azSQyAMZjRiJmA_UPp2NkcIGgn7jTknebXHbBFvyI5GpychS6EqvN1AwTPLUvFkGzWwaxFzbX_4LcrW3vqqHLE04zHgp4L49tAp32tiZ8kelyfa6cjvEWkctM"},{"@type":"WebPage","@id":"https:\/\/multihoster.org\/fr\/streamcloud\/#webpage","url":"https:\/\/multihoster.org\/fr\/streamcloud\/","name":"StreamCloud Premium Compte: Le Filehoster En Un Coup D'\u0153il","isPartOf":{"@id":"https:\/\/multihoster.org\/#website"},"primaryImageOfPage":{"@id":"https:\/\/multihoster.org\/fr\/streamcloud\/#primaryimage"},"datePublished":"2020-03-30T13:33:11+00:00","dateModified":"2020-05-29T12:38:21+00:00","description":"StreamCloud est-il un fournisseur r\u00e9put\u00e9 ou non, vous pouvez trouver la r\u00e9ponse dans le test actuel sur Multihoster.org \u279c Cliquez maintenant sur \u271a pour lire nos exp\u00e9riences !","breadcrumb":{"@id":"https:\/\/multihoster.org\/fr\/streamcloud\/#breadcrumb"},"inLanguage":"fr-FR","potentialAction":[{"@type":"ReadAction","target":["https:\/\/multihoster.org\/fr\/streamcloud\/"]}]},{"@type":"BreadcrumbList","@id":"https:\/\/multihoster.org\/fr\/streamcloud\/#breadcrumb","itemListElement":[{"@type":"ListItem","position":1,"name":"Startseite","item":"https:\/\/multihoster.org\/fr\/"},{"@type":"ListItem","position":2,"name":"StreamCloud Premium Compte: Le Filehoster En Un Coup D&rsquo;\u0153il"}]}]}},"_links":{"self":[{"href":"https:\/\/multihoster.org\/fr\/wp-json\/wp\/v2\/pages\/2921"}],"collection":[{"href":"https:\/\/multihoster.org\/fr\/wp-json\/wp\/v2\/pages"}],"about":[{"href":"https:\/\/multihoster.org\/fr\/wp-json\/wp\/v2\/types\/page"}],"author":[{"embeddable":true,"href":"https:\/\/multihoster.org\/fr\/wp-json\/wp\/v2\/users\/2"}],"replies":[{"embeddable":true,"href":"https:\/\/multihoster.org\/fr\/wp-json\/wp\/v2\/comments?post=2921"}],"version-history":[{"count":3,"href":"https:\/\/multihoster.org\/fr\/wp-json\/wp\/v2\/pages\/2921\/revisions"}],"predecessor-version":[{"id":4530,"href":"https:\/\/multihoster.org\/fr\/wp-json\/wp\/v2\/pages\/2921\/revisions\/4530"}],"wp:attachment":[{"href":"https:\/\/multihoster.org\/fr\/wp-json\/wp\/v2\/media?parent=2921"}],"curies":[{"name":"wp","href":"https:\/\/api.w.org\/{rel}","templated":true}]}}