{"id":2993,"date":"2020-03-30T15:51:09","date_gmt":"2020-03-30T15:51:09","guid":{"rendered":"https:\/\/multihoster.org\/uloz\/"},"modified":"2020-03-30T16:21:29","modified_gmt":"2020-03-30T16:21:29","slug":"uloz","status":"publish","type":"page","link":"https:\/\/multihoster.org\/fr\/uloz\/","title":{"rendered":"Uloz Premium Compte: Le Filehoster En Un Coup D&rsquo;\u0153il"},"content":{"rendered":"\n<figure class=\"wp-block-image\"><img src=\"https:\/\/lh5.googleusercontent.com\/DSso4_iy_x8XL-_Dzwlt3-uz1hpxM25zgpxOGdudM89UryFHdWhEDp_vTHuLAD9ofIDr1yF2225Bjq9DnvEk07QdYZhSxKxox3O0Ny7-KmqOcc0zMTUJi8_3tuxh82T5GK0o3oU\" alt=\"Uloz Dashboard\"\/><\/figure>\n\n\n<a class=\"maxbutton-2 maxbutton maxbutton-cta\" target=\"_blank\" rel=\"nofollow noopener\" href=\"\/go\/\"><span class='mb-text'>&gt;&gt; Acc\u00e9der au site web original de Linkifier<\/span><\/a>\n\n\n<p><\/p>\n\n\n\n<h2>Qu&rsquo;est-ce qu&rsquo;Uloz ?<\/h2>\n\n\n\n<p>Uloz est consid\u00e9r\u00e9 comme le plus grand r\u00e9seau de stockage en nuage tch\u00e8que. Avec Uloz, les personnes qui n&rsquo;ont pas de compte ou qui ne sont pas inscrites peuvent t\u00e9l\u00e9charger un fichier dans le stockage, le partager par e-mail, sur Facebook, et tweeter le lien sur twitter. Tr\u00e8s facile et super accessible par presque tout le monde. Avec Uloz, vous pouvez t\u00e9l\u00e9charger, partager, explorer et obtenir un fichier gratuitement. Oui, tout est gratuit.<\/p>\n\n\n\n<p>Uloz propose \u00e9galement son compte Premium, o\u00f9 il permet de t\u00e9l\u00e9charger n&rsquo;importe quel fichier avec une vitesse illimit\u00e9e ou immense. Bien que le t\u00e9l\u00e9chargement gratuit de fichiers soit toujours une bonne chose, le fait d&rsquo;avoir un compte Premium vous permet de mieux g\u00e9rer vos fichiers et d&rsquo;augmenter la vitesse de t\u00e9l\u00e9chargement. L&rsquo;obtention d&rsquo;un compte Premium Uloz est vraiment id\u00e9al pour les utilisateurs qui t\u00e9l\u00e9chargent un fichier vraiment lourd car cela leur fera gagner du temps.<\/p>\n\n\n\n<figure class=\"wp-block-image\"><img src=\"https:\/\/lh4.googleusercontent.com\/vyCXEh_9xmbsW8_C9IPWDQU5PMGqvkzt86JfeQyJ44gn0MFl4EQ049AjUjpUbSjGgyLUdrbnmn4vE7L5Q5Kz4TDa4XJEf1GajUzS_0s1QNtQiwicIFEc8HpYzDaPnpDucVh1H34\" alt=\"Uloz File Sharing &amp; File Storage\"\/><\/figure>\n\n\n\n<h2>Qui peut utiliser Uloz Premium ?<\/h2>\n\n\n\n<p>Le compte Premium Uloz peut \u00eatre destin\u00e9 \u00e0 ceux qui souhaitent profiter davantage des avantages d&rsquo;Uloz pour stocker leurs vid\u00e9os t\u00e9l\u00e9charg\u00e9es. Le fait d&rsquo;avoir souscrit \u00e0 son compte premium signifie que tous vos fichiers t\u00e9l\u00e9charg\u00e9s sont s\u00e9curis\u00e9s en un seul endroit.<\/p>\n\n\n\n<h2>Quand avez-vous besoin d&rsquo;Uloz Premium ?<\/h2>\n\n\n\n<p>Il est vrai que vous pouvez r\u00e9ellement t\u00e9l\u00e9charger des fichiers dans Uloz quelles que soient vos donn\u00e9es, aucune restriction \u00e0 tous les stockages n&rsquo;est compt\u00e9e. Cependant, l&rsquo;abonnement vous permet de mettre vos fichiers en lieu s\u00fbr et ne sera jamais perdu. Les utilisateurs non inscrits peuvent facilement perdre leurs fichiers une fois que le lien de t\u00e9l\u00e9chargement et le lien de streaming ont \u00e9t\u00e9 perdus, et le fait d&rsquo;avoir un compte gratuit ne garantit pas que vos fichiers resteront plus longtemps. Donc si vous avez besoin de stockage de fichiers, de partage de fichiers et d&rsquo;un site de streaming au m\u00eame endroit, alors souscrivez \u00e0 un compte Uloz Premium.<\/p>\n\n\n\n<h2>Comment t\u00e9l\u00e9charger anonymement et gratuitement \u00e0 Uloz ?<\/h2>\n\n\n\n<p>Lorsque vous voulez essayer Uloz gratuitement, vous pouvez rapidement v\u00e9rifier leur syst\u00e8me, m\u00eame sans avoir \u00e0 ouvrir un compte. Sur Uloz, vous pouvez t\u00e9l\u00e9charger tous les fichiers que vous voulez, oui, tout.<\/p>\n\n\n\n<figure class=\"wp-block-image\"><img src=\"https:\/\/lh3.googleusercontent.com\/dFKTijjasJGkOvQ_J790u_ApKWPAAY8_ydaXBFtx3y69Rd5aYeNlmJouV-dCF9KaA6T5ilCRwwkr5XuFpcZi18OnIg8t1gwYdqb2bqrz5z0yCQYca3as8_82GGElQH0-86hKuRY\" alt=\"Uloz File Uploading\"\/><\/figure>\n\n\n\n<p>Il vous suffit de cliquer sur le bouton \u00ab\u00a0T\u00e9l\u00e9charger des fichiers\u00a0\u00bb qui se trouve dans le coin sup\u00e9rieur droit du site. Apr\u00e8s avoir cliqu\u00e9 sur le bouton, vous serez redirig\u00e9 vers une page o\u00f9 vous pourrez t\u00e9l\u00e9charger vos fichiers et r\u00e9gler les param\u00e8tres d&rsquo;acc\u00e8s \u00e0 vos fichiers. Il existe deux options : \u00ab\u00a0Public\u00a0\u00bb et \u00ab\u00a0via un lien\u00a0\u00bb, ou \u00ab\u00a0priv\u00e9\u00a0\u00bb.<\/p>\n\n\n\n<p>Si vous t\u00e9l\u00e9chargez une vid\u00e9o et que vous la rendez publique, de nombreux utilisateurs y auront acc\u00e8s en effectuant simplement une recherche dans la zone de recherche. Il vous suffit de cliquer sur le bouton \u00ab\u00a0T\u00e9l\u00e9charger des fichiers\u00a0\u00bb qui se trouve dans le coin sup\u00e9rieur droit du site. Apr\u00e8s avoir cliqu\u00e9 sur le bouton, vous serez redirig\u00e9 vers une page o\u00f9 vous pourrez t\u00e9l\u00e9charger vos fichiers et r\u00e9gler les param\u00e8tres d&rsquo;acc\u00e8s \u00e0 vos donn\u00e9es. Il existe deux options : \u00ab\u00a0Public\u00a0\u00bb et \u00ab\u00a0via un lien\u00a0\u00bb, ou \u00ab\u00a0priv\u00e9\u00a0\u00bb.<\/p>\n\n\n\n<p>Si vous t\u00e9l\u00e9chargez une vid\u00e9o et que vous la rendez publique, de nombreux utilisateurs y auront acc\u00e8s en effectuant une recherche dans la bo\u00eete de recherche et vice versa pour le t\u00e9l\u00e9chargement et en la rendant accessible uniquement par un lien. Pour le t\u00e9l\u00e9chargement priv\u00e9, vous aurez le choix de la mani\u00e8re dont vous souhaitez acc\u00e9der \u00e0 chaque fichier.<\/p>\n\n\n\n<p>Si jamais vous avez un compte chez Uloz, tous vos fichiers t\u00e9l\u00e9charg\u00e9s sont accessibles via votre compte et peuvent \u00eatre g\u00e9r\u00e9s. C&rsquo;est l&rsquo;inconv\u00e9nient de ne pas avoir de compte premium. Vous ne pourrez pas tout g\u00e9rer. Et s&rsquo;il s&rsquo;agit d&rsquo;un compte gratuit, il est possible que votre fichier disparaisse.<\/p>\n\n\n\n<figure class=\"wp-block-image\"><img src=\"https:\/\/lh5.googleusercontent.com\/53dUYaUP29M3UJqW-Z03Vl_XS9rXDURzDRr6JlI2WgAbqFqF1KbNsvpTHolEe_d_VElAPRAtMSIXQe38S-Kth-3PIfPKu3BeqoncfRvStcB8WdAyOdTtgLVPxpPrBzLFgo8osIY\" alt=\"Uloz Registration\"\/><\/figure>\n\n\n\n<h2>S&rsquo;inscrire gratuitement aupr\u00e8s d&rsquo;Uloz<\/h2>\n\n\n\n<p>La plate-forme est tr\u00e8s ouverte \u00e0 tous les individus. Aucun frais, aucune charge, aucun proc\u00e8s ni aucune carte de cr\u00e9dit ne sont n\u00e9cessaires pour faire partie de leur communaut\u00e9. Il vous suffit de remplir le formulaire sur leur site web et de vous inscrire. Validez votre courrier \u00e9lectronique en v\u00e9rifiant vos e-mails et ensuite, vous \u00eates libre d&rsquo;utiliser la plateforme.<\/p>\n\n\n\n<p>Si vous \u00eates originaire de R\u00e9publique tch\u00e8que ou de Slov\u00e9nie et que vous d\u00e9testez remplir et taper des formulaires, ils disposent d&rsquo;un syst\u00e8me d&rsquo;inscription rapide qui ne n\u00e9cessite que l&rsquo;envoi d&rsquo;un message en fonction de votre lieu de r\u00e9sidence.<\/p>\n\n\n\n<p>Pour les personnes originaires de la R\u00e9publique tch\u00e8que ou de Tch\u00e9quie, envoyez un SMS contenant le mot \u00ab\u00a0ULOZTO\u00a0\u00bb et envoyez-le au 9094499. Vous disposerez automatiquement d&rsquo;un cr\u00e9dit de 10 Go. Pour les personnes originaires de Slov\u00e9nie, vous aurez un cr\u00e9dit de 15GB sur votre compte apr\u00e8s avoir envoy\u00e9 \u00ab\u00a0ULOZTO 6\u00a0\u00bb au 8877. N&rsquo;oubliez pas que tous les textes sont payants. Une fois que vous avez fini d&rsquo;envoyer le SMS, vous pouvez attendre un autre SMS contenant vos donn\u00e9es de connexion pour profiter de la plateforme.<\/p>\n\n\n\n<h2>Plate-forme de partage de fichiers Uloz<\/h2>\n\n\n\n<p>Comme nous l&rsquo;avons dit pr\u00e9c\u00e9demment, il existe de nombreuses fa\u00e7ons de partager un fichier t\u00e9l\u00e9charg\u00e9 sur la plateforme Uloz. Il peut s&rsquo;agir de liens, de mails, de Facebook et de Twitter. Apr\u00e8s avoir t\u00e9l\u00e9charg\u00e9 un fichier, vous serez redirig\u00e9 vers une page o\u00f9 vous trouverez un lien et l&rsquo;autre option. Si vous avez t\u00e9l\u00e9charg\u00e9 une vid\u00e9o, celle-ci sera \u00e9galement partag\u00e9e sur la plateforme si elle est accessible au public.<\/p>\n\n\n\n<p>Profitez d&rsquo;Uloz gratuitement, mais Uloz Premium est fortement sugg\u00e9r\u00e9 pour utiliser pleinement les avantages de la plateforme.<\/p>\n\n\n\n<h2>Compte premium Uloz<\/h2>\n\n\n\n<p>Uloz Premium peut \u00eatre facilement atteint par les utilisateurs, m\u00eame gratuits, en achetant simplement des CR\u00c9DITS. Une fois le cr\u00e9dit \u00e9puis\u00e9, ils peuvent en utiliser davantage s&rsquo;ils le souhaitent. Voici les co\u00fbts pour chaque cr\u00e9dit.<\/p>\n\n\n<a class=\"maxbutton-2 maxbutton maxbutton-cta\" target=\"_blank\" rel=\"nofollow noopener\" href=\"\/go\/\"><span class='mb-text'>&gt;&gt; Acc\u00e9der au site web original de Linkifier<\/span><\/a>\n\n\n<p><br><\/p>\n\n\n\n<figure class=\"wp-block-table\"><table class=\"\"><tbody><tr><td>DONN\u00c9ES<\/td><td>PRIX<\/td><td>LIVRAISON DE CR\u00c9DIT INSTANTAN\u00c9E<\/td><td>LIVRAISON ULT\u00c9RIEURE DU CR\u00c9DIT<\/td><\/tr><tr><td>340 Gigabytes<\/td><td>38,99 Euro<\/td><td>Payer par carte<\/td><td>Payer par virement bancaire<\/td><\/tr><tr><td>150 Gigabytes<\/td><td>19,49 Euro<\/td><td>Payer par carte<\/td><td> Payer par virement bancaire <\/td><\/tr><tr><td>70 Gigabytes<\/td><td>9,99 Euro<\/td><td>Payer par carte <\/td><td> Payer par virement bancaire <\/td><\/tr><tr><td>40 Gigabytes<\/td><td>5,99 Euro<\/td><td>Payer par carte <\/td><td> Payer par virement bancaire <\/td><\/tr><tr><td>25 Gigabytes<\/td><td>3,99 Euro<\/td><td>Payer par carte <\/td><td> Payer par virement bancaire <\/td><\/tr><\/tbody><\/table><\/figure>\n\n\n\n<h2>Foire aux questions sur Uloz <\/h2>\n\n\n\n<h3>Visibilit\u00e9 des dossiers<\/h3>\n\n\n\n<p>Avec les comptes Uloz, il y a trois fa\u00e7ons de choisir comment vos fichiers seront disponibles :<\/p>\n\n\n\n<ol><li>Acc\u00e8s priv\u00e9 ou \u00ab\u00a0For Me Only\u00a0\u00bb &#8211; vous ne pouvez acc\u00e9der \u00e0 ce fichier particulier que si vous \u00eates connect\u00e9 au compte sur lequel vous l&rsquo;avez plac\u00e9. Personne d&rsquo;autre ne peut y acc\u00e9der \u00e0 partir de la plateforme.<\/li><li> Acc\u00e8s par le lien &#8211; l\u00e0 encore, ce type de fichier n&rsquo;est disponible que pour les personnes qui ont son lien, et il n&rsquo;est pas visible pour les autres utilisateurs qui tenteront de le rechercher dans la barre de recherche Uloz.<\/li><li> Acc\u00e8s public &#8211; ce type de dossier est consultable dans le moteur de recherche de la plateforme et peut \u00e9galement \u00eatre consult\u00e9 lorsque vous avez son lien.<\/li><\/ol>\n\n\n\n<h3>Disponibilit\u00e9 et propri\u00e9t\u00e9s des fichiers<\/h3>\n\n\n\n<p>Les utilisateurs ou m\u00eame les personnes non enregistr\u00e9es peuvent d\u00e9j\u00e0 \u00e9tablir la disponibilit\u00e9 du fichier lorsqu&rsquo;ils le t\u00e9l\u00e9chargent, ou il indique qui y aura acc\u00e8s. Toutefois, la modification des propri\u00e9t\u00e9s du fichier et la mise \u00e0 jour de sa disponibilit\u00e9 ne peuvent \u00eatre g\u00e9r\u00e9es que si vous \u00eates un utilisateur enregistr\u00e9, gratuit ou premium. Les donn\u00e9es peuvent \u00eatre g\u00e9r\u00e9es \u00e0 tout moment dans Mes dossiers ou dans D\u00e9tail du fichier. De plus, vous ne pouvez pas modifier les propri\u00e9t\u00e9s d&rsquo;autres fichiers publics, et seuls vos propres fichiers peuvent \u00eatre mis \u00e0 jour par vous.<\/p>\n\n\n\n<h3>Les photos non censur\u00e9es et leur s\u00e9curit\u00e9<\/h3>\n\n\n\n<p>Le t\u00e9l\u00e9chargement de certains fichiers qui ne sont vraiment pas \u00e0 la port\u00e9e de tous est tr\u00e8s dangereux. Parfois, il peut s&rsquo;agir d&rsquo;un membre de la famille ou de votre enfant qui s&rsquo;amuse en prenant son bain, et vous ne vouliez certainement pas que cela se sache, car le monde en ligne est vraiment difficile de nos jours.<\/p>\n\n\n\n<p>Au cas o\u00f9 vous stockeriez des souvenirs de photos qui peuvent \u00eatre une alarme pour d&rsquo;autres yeux, vous devriez toujours garder \u00e0 l&rsquo;esprit de privatiser tous vos dossiers et fichiers. Prot\u00e9gez votre propre fichier en faisant en sorte que votre stockage soit prot\u00e9g\u00e9 par un mot de passe. Un mot de passe est fortement sugg\u00e9r\u00e9 chaque fois que vos jeunes sont partiellement ou enti\u00e8rement d\u00e9voil\u00e9s.<\/p>\n\n\n\n<h3>Les t\u00e9l\u00e9chargements anonymes et leurs restrictions<\/h3>\n\n\n\n<p>Oui, comme nous l&rsquo;avons vu pr\u00e9c\u00e9demment, vous pouvez utiliser la plateforme Uloz m\u00eame si vous n&rsquo;\u00eates pas connect\u00e9 ou enregistr\u00e9 en tant qu&rsquo;utilisateur. Par cons\u00e9quent, le t\u00e9l\u00e9chargement de fichiers anonymes peut r\u00e9ellement avoir lieu. Bien que la direction ne recommande pas vraiment ce type d&rsquo;activit\u00e9, surtout lorsque vous t\u00e9l\u00e9chargez des photos ou des vid\u00e9os sensibles ou personnelles. <\/p>\n\n\n\n<p>Le fait est que vous ne pourrez pas configurer vos fichiers t\u00e9l\u00e9charg\u00e9s dans un fichier priv\u00e9. Pourquoi ? Parce que vous n&rsquo;avez aucun contr\u00f4le sur celui-ci parce que vous n&rsquo;\u00eates pas connect\u00e9. Vous pouvez seulement rendre vos fichiers publics et les partager par le biais d&rsquo;un lien. Mais en g\u00e9n\u00e9ral, vous n&rsquo;avez aucun contr\u00f4le sur l&rsquo;endroit o\u00f9 vos donn\u00e9es sont prises ou d\u00e9plac\u00e9es car c&rsquo;est comme si vous aviez t\u00e9l\u00e9charg\u00e9 une donn\u00e9e dans un espace libre. Pas de compte signifie \u00e9galement pas de stockage. Et une fois que vous avez perdu votre lien de partage, vous pouvez le perdre compl\u00e8tement.<\/p>\n\n\n\n<p>N\u00e9anmoins, pour les images et vid\u00e9os priv\u00e9es, l&rsquo;\u00e9quipe Uloz pr\u00e9conise \u00e9ternellement de ne les g\u00e9rer qu&rsquo;en tant que compte utilisateur connect\u00e9 qui dispose d&rsquo;alternatives compl\u00e8tes.<\/p>\n\n\n\n<h3>V\u00e9rification de l&rsquo;\u00e2ge : 18 ans ou plus<\/h3>\n\n\n\n<p>Vous vous demanderez pourquoi le syst\u00e8me a besoin de savoir si vous avez l&rsquo;\u00e2ge l\u00e9gal ou non. Ce d\u00e9tail est pourtant indispensable pour que le syst\u00e8me puisse d\u00e9finir le contenu de ce que vous verrez. Par exemple, si vous avez moins de 18 ans et que le syst\u00e8me le sait, il est probable qu&rsquo;il ne vous montrera jamais une publicit\u00e9 sur le tabac ou l&rsquo;alcool, etc. C&rsquo;est pourquoi le fait de savoir quel est votre \u00e2ge limitera le syst\u00e8me \u00e0 vous montrer un contenu non pertinent. <\/p>\n\n\n\n<h3>Diffusion vid\u00e9o en continu<\/h3>\n\n\n\n<p>Les visiteurs qui souhaitaient consulter les vid\u00e9os mises en ligne publiquement \u00e0 Uloz peuvent le faire. Mais il existe des restrictions, et si une vid\u00e9o dure 10 minutes de plus, elle ne sera pas lue. Il serait pr\u00e9f\u00e9rable que vous soyez connect\u00e9 ou enregistr\u00e9 avec des cr\u00e9dits pour pouvoir visionner des vid\u00e9os de plus grande taille.<\/p>\n\n\n\n<h3>T\u00e9l\u00e9chargement<\/h3>\n\n\n\n<p>Vous pouvez g\u00e9n\u00e9ralement t\u00e9l\u00e9charger des donn\u00e9es jusqu&rsquo;\u00e0 18 Go. La plus grande taille des donn\u00e9es t\u00e9l\u00e9charg\u00e9es est en fait limit\u00e9e \u00e0 la vue du navigateur. Il est fortement conseill\u00e9 de diviser les fichiers de plus de 18 Go en plusieurs archives plus courtes (comme dans WinRAR ou WinZIP), puis de t\u00e9l\u00e9charger ces fichiers compress\u00e9s. Les t\u00e9l\u00e9chargements en ligne de commande peuvent \u00e9galement \u00eatre utilis\u00e9s par des utilisateurs exp\u00e9riment\u00e9s.<\/p>\n\n\n\n<h3>Suppression de fichiers<\/h3>\n\n\n\n<p>Apr\u00e8s avoir t\u00e9l\u00e9charg\u00e9 des donn\u00e9es, l&rsquo;URL de t\u00e9l\u00e9chargement et un autre lien pour effacer les donn\u00e9es t\u00e9l\u00e9charg\u00e9es s&rsquo;affichent.<\/p>\n\n\n\n<p>Si vous avez t\u00e9l\u00e9charg\u00e9 un fichier en tant qu&rsquo;utilisateur enregistr\u00e9 ou connect\u00e9, vous pouvez \u00e9galement g\u00e9rer vos donn\u00e9es et supprimer ce que vous voulez. Si jamais vous utilisez le gestionnaire de fichiers pour t\u00e9l\u00e9charger un fichier, nous vous sugg\u00e9rons d&rsquo;ouvrir votre compte. Dans le cas contraire, vous ne serez pas en mesure de supprimer le fichier avec succ\u00e8s. Vous pouvez contacter l&rsquo;\u00e9quipe de support Uloz si toutes les options ne sont pas disponibles pour vous. <\/p>\n\n\n\n<h2>R\u00e9sum\u00e9<\/h2>\n\n\n\n<p>Il y a tellement plus \u00e0 savoir sur Uloz et vous pouvez le v\u00e9rifier sur leur site web. Gr\u00e2ce \u00e0 la plateforme, vous pouvez facilement et rapidement partager des fichiers. Ils proposent \u00e9galement un service de streaming en ligne qui vous permet de profiter de nombreuses vid\u00e9os t\u00e9l\u00e9charg\u00e9es par d&rsquo;autres utilisateurs. Il est vraiment pr\u00e9f\u00e9rable d&rsquo;avoir des cr\u00e9dits sur votre compte pour un contr\u00f4le complet de vos fichiers, de t\u00e9l\u00e9charger tr\u00e8s rapidement, de regarder des vid\u00e9os plus longues et plus encore.<\/p>\n\n\n\n<h2>R\u00e9f\u00e9rences<\/h2>\n\n\n\n<p><a href=\"https:\/\/www.techopedia.com\/definition\/25310\/file-hosting-service\">https:\/\/www.techopedia.com\/definition\/25310\/file-hosting-service<\/a><br> <a href=\"https:\/\/www.computerhope.com\/jargon\/f\/fileshar.htm\">https:\/\/www.computerhope.com\/jargon\/f\/fileshar.htm<\/a><br> <a href=\"https:\/\/www.lifewire.com\/internet-streaming-how-it-works-1999513\">https:\/\/www.lifewire.com\/internet-streaming-how-it-works-1999513<\/a><br> <a href=\"https:\/\/whatis.techtarget.com\/definition\/video-streaming-service\">https:\/\/whatis.techtarget.com\/definition\/video-streaming-service<\/a><br> <a href=\"https:\/\/www.cloudflare.com\/learning\/performance\/what-is-streaming\/\">https:\/\/www.cloudflare.com\/learning\/performance\/what-is-streaming\/<\/a><\/p>\n\n\n<a class=\"maxbutton-2 maxbutton maxbutton-cta\" target=\"_blank\" rel=\"nofollow noopener\" href=\"\/go\/\"><span class='mb-text'>&gt;&gt; Acc\u00e9der au site web original de Linkifier<\/span><\/a>\n\n\n<p><\/p>\n","protected":false},"excerpt":{"rendered":"<p>Qu&rsquo;est-ce qu&rsquo;Uloz ? Uloz est consid\u00e9r\u00e9 comme le plus grand r\u00e9seau de stockage en nuage tch\u00e8que. Avec Uloz, les personnes<\/p>\n","protected":false},"author":2,"featured_media":0,"parent":0,"menu_order":0,"comment_status":"closed","ping_status":"closed","template":"","meta":[],"yoast_head":"<!-- This site is optimized with the Yoast SEO plugin v18.3 - https:\/\/yoast.com\/wordpress\/plugins\/seo\/ -->\n<title>Uloz Premium Compte: Le Filehoster En Un Coup D&#039;\u0153il<\/title>\n<meta name=\"description\" content=\"Que Uloz soit un fournisseur r\u00e9put\u00e9 ou non, vous pouvez trouver la r\u00e9ponse dans le test actuel sur Multihoster.org \u279c Cliquez maintenant sur \u271a pour lire nos exp\u00e9riences !\" \/>\n<meta name=\"robots\" content=\"index, follow, max-snippet:-1, max-image-preview:large, max-video-preview:-1\" \/>\n<link rel=\"canonical\" href=\"https:\/\/multihoster.org\/fr\/uloz\/\" \/>\n<meta property=\"og:locale\" content=\"fr_FR\" \/>\n<meta property=\"og:type\" content=\"article\" \/>\n<meta property=\"og:title\" content=\"Uloz Premium Compte: Le Filehoster En Un Coup D&#039;\u0153il\" \/>\n<meta property=\"og:description\" content=\"Que Uloz soit un fournisseur r\u00e9put\u00e9 ou non, vous pouvez trouver la r\u00e9ponse dans le test actuel sur Multihoster.org \u279c Cliquez maintenant sur \u271a pour lire nos exp\u00e9riences !\" \/>\n<meta property=\"og:url\" content=\"https:\/\/multihoster.org\/fr\/uloz\/\" \/>\n<meta property=\"og:site_name\" content=\"Multihoster.org\" \/>\n<meta property=\"article:modified_time\" content=\"2020-03-30T16:21:29+00:00\" \/>\n<meta property=\"og:image\" content=\"https:\/\/lh5.googleusercontent.com\/DSso4_iy_x8XL-_Dzwlt3-uz1hpxM25zgpxOGdudM89UryFHdWhEDp_vTHuLAD9ofIDr1yF2225Bjq9DnvEk07QdYZhSxKxox3O0Ny7-KmqOcc0zMTUJi8_3tuxh82T5GK0o3oU\" \/>\n<meta name=\"twitter:card\" content=\"summary\" \/>\n<meta name=\"twitter:label1\" content=\"Dur\u00e9e de lecture estim\u00e9e\" \/>\n\t<meta name=\"twitter:data1\" content=\"11 minutes\" \/>\n<script type=\"application\/ld+json\" class=\"yoast-schema-graph\">{\"@context\":\"https:\/\/schema.org\",\"@graph\":[{\"@type\":\"WebSite\",\"@id\":\"https:\/\/multihoster.org\/#website\",\"url\":\"https:\/\/multihoster.org\/\",\"name\":\"Multihoster.org\",\"description\":\"Reviews of the major Filehosting services\",\"potentialAction\":[{\"@type\":\"SearchAction\",\"target\":{\"@type\":\"EntryPoint\",\"urlTemplate\":\"https:\/\/multihoster.org\/?s={search_term_string}\"},\"query-input\":\"required name=search_term_string\"}],\"inLanguage\":\"fr-FR\"},{\"@type\":\"ImageObject\",\"@id\":\"https:\/\/multihoster.org\/fr\/uloz\/#primaryimage\",\"inLanguage\":\"fr-FR\",\"url\":\"https:\/\/lh5.googleusercontent.com\/DSso4_iy_x8XL-_Dzwlt3-uz1hpxM25zgpxOGdudM89UryFHdWhEDp_vTHuLAD9ofIDr1yF2225Bjq9DnvEk07QdYZhSxKxox3O0Ny7-KmqOcc0zMTUJi8_3tuxh82T5GK0o3oU\",\"contentUrl\":\"https:\/\/lh5.googleusercontent.com\/DSso4_iy_x8XL-_Dzwlt3-uz1hpxM25zgpxOGdudM89UryFHdWhEDp_vTHuLAD9ofIDr1yF2225Bjq9DnvEk07QdYZhSxKxox3O0Ny7-KmqOcc0zMTUJi8_3tuxh82T5GK0o3oU\"},{\"@type\":\"WebPage\",\"@id\":\"https:\/\/multihoster.org\/fr\/uloz\/#webpage\",\"url\":\"https:\/\/multihoster.org\/fr\/uloz\/\",\"name\":\"Uloz Premium Compte: Le Filehoster En Un Coup D'\u0153il\",\"isPartOf\":{\"@id\":\"https:\/\/multihoster.org\/#website\"},\"primaryImageOfPage\":{\"@id\":\"https:\/\/multihoster.org\/fr\/uloz\/#primaryimage\"},\"datePublished\":\"2020-03-30T15:51:09+00:00\",\"dateModified\":\"2020-03-30T16:21:29+00:00\",\"description\":\"Que Uloz soit un fournisseur r\u00e9put\u00e9 ou non, vous pouvez trouver la r\u00e9ponse dans le test actuel sur Multihoster.org \u279c Cliquez maintenant sur \u271a pour lire nos exp\u00e9riences !\",\"breadcrumb\":{\"@id\":\"https:\/\/multihoster.org\/fr\/uloz\/#breadcrumb\"},\"inLanguage\":\"fr-FR\",\"potentialAction\":[{\"@type\":\"ReadAction\",\"target\":[\"https:\/\/multihoster.org\/fr\/uloz\/\"]}]},{\"@type\":\"BreadcrumbList\",\"@id\":\"https:\/\/multihoster.org\/fr\/uloz\/#breadcrumb\",\"itemListElement\":[{\"@type\":\"ListItem\",\"position\":1,\"name\":\"Startseite\",\"item\":\"https:\/\/multihoster.org\/fr\/\"},{\"@type\":\"ListItem\",\"position\":2,\"name\":\"Uloz Premium Compte: Le Filehoster En Un Coup D&rsquo;\u0153il\"}]}]}<\/script>\n<!-- \/ Yoast SEO plugin. -->","yoast_head_json":{"title":"Uloz Premium Compte: Le Filehoster En Un Coup D'\u0153il","description":"Que Uloz soit un fournisseur r\u00e9put\u00e9 ou non, vous pouvez trouver la r\u00e9ponse dans le test actuel sur Multihoster.org \u279c Cliquez maintenant sur \u271a pour lire nos exp\u00e9riences !","robots":{"index":"index","follow":"follow","max-snippet":"max-snippet:-1","max-image-preview":"max-image-preview:large","max-video-preview":"max-video-preview:-1"},"canonical":"https:\/\/multihoster.org\/fr\/uloz\/","og_locale":"fr_FR","og_type":"article","og_title":"Uloz Premium Compte: Le Filehoster En Un Coup D'\u0153il","og_description":"Que Uloz soit un fournisseur r\u00e9put\u00e9 ou non, vous pouvez trouver la r\u00e9ponse dans le test actuel sur Multihoster.org \u279c Cliquez maintenant sur \u271a pour lire nos exp\u00e9riences !","og_url":"https:\/\/multihoster.org\/fr\/uloz\/","og_site_name":"Multihoster.org","article_modified_time":"2020-03-30T16:21:29+00:00","og_image":[{"url":"https:\/\/lh5.googleusercontent.com\/DSso4_iy_x8XL-_Dzwlt3-uz1hpxM25zgpxOGdudM89UryFHdWhEDp_vTHuLAD9ofIDr1yF2225Bjq9DnvEk07QdYZhSxKxox3O0Ny7-KmqOcc0zMTUJi8_3tuxh82T5GK0o3oU"}],"twitter_card":"summary","twitter_misc":{"Dur\u00e9e de lecture estim\u00e9e":"11 minutes"},"schema":{"@context":"https:\/\/schema.org","@graph":[{"@type":"WebSite","@id":"https:\/\/multihoster.org\/#website","url":"https:\/\/multihoster.org\/","name":"Multihoster.org","description":"Reviews of the major Filehosting services","potentialAction":[{"@type":"SearchAction","target":{"@type":"EntryPoint","urlTemplate":"https:\/\/multihoster.org\/?s={search_term_string}"},"query-input":"required name=search_term_string"}],"inLanguage":"fr-FR"},{"@type":"ImageObject","@id":"https:\/\/multihoster.org\/fr\/uloz\/#primaryimage","inLanguage":"fr-FR","url":"https:\/\/lh5.googleusercontent.com\/DSso4_iy_x8XL-_Dzwlt3-uz1hpxM25zgpxOGdudM89UryFHdWhEDp_vTHuLAD9ofIDr1yF2225Bjq9DnvEk07QdYZhSxKxox3O0Ny7-KmqOcc0zMTUJi8_3tuxh82T5GK0o3oU","contentUrl":"https:\/\/lh5.googleusercontent.com\/DSso4_iy_x8XL-_Dzwlt3-uz1hpxM25zgpxOGdudM89UryFHdWhEDp_vTHuLAD9ofIDr1yF2225Bjq9DnvEk07QdYZhSxKxox3O0Ny7-KmqOcc0zMTUJi8_3tuxh82T5GK0o3oU"},{"@type":"WebPage","@id":"https:\/\/multihoster.org\/fr\/uloz\/#webpage","url":"https:\/\/multihoster.org\/fr\/uloz\/","name":"Uloz Premium Compte: Le Filehoster En Un Coup D'\u0153il","isPartOf":{"@id":"https:\/\/multihoster.org\/#website"},"primaryImageOfPage":{"@id":"https:\/\/multihoster.org\/fr\/uloz\/#primaryimage"},"datePublished":"2020-03-30T15:51:09+00:00","dateModified":"2020-03-30T16:21:29+00:00","description":"Que Uloz soit un fournisseur r\u00e9put\u00e9 ou non, vous pouvez trouver la r\u00e9ponse dans le test actuel sur Multihoster.org \u279c Cliquez maintenant sur \u271a pour lire nos exp\u00e9riences !","breadcrumb":{"@id":"https:\/\/multihoster.org\/fr\/uloz\/#breadcrumb"},"inLanguage":"fr-FR","potentialAction":[{"@type":"ReadAction","target":["https:\/\/multihoster.org\/fr\/uloz\/"]}]},{"@type":"BreadcrumbList","@id":"https:\/\/multihoster.org\/fr\/uloz\/#breadcrumb","itemListElement":[{"@type":"ListItem","position":1,"name":"Startseite","item":"https:\/\/multihoster.org\/fr\/"},{"@type":"ListItem","position":2,"name":"Uloz Premium Compte: Le Filehoster En Un Coup D&rsquo;\u0153il"}]}]}},"_links":{"self":[{"href":"https:\/\/multihoster.org\/fr\/wp-json\/wp\/v2\/pages\/2993"}],"collection":[{"href":"https:\/\/multihoster.org\/fr\/wp-json\/wp\/v2\/pages"}],"about":[{"href":"https:\/\/multihoster.org\/fr\/wp-json\/wp\/v2\/types\/page"}],"author":[{"embeddable":true,"href":"https:\/\/multihoster.org\/fr\/wp-json\/wp\/v2\/users\/2"}],"replies":[{"embeddable":true,"href":"https:\/\/multihoster.org\/fr\/wp-json\/wp\/v2\/comments?post=2993"}],"version-history":[{"count":2,"href":"https:\/\/multihoster.org\/fr\/wp-json\/wp\/v2\/pages\/2993\/revisions"}],"predecessor-version":[{"id":3012,"href":"https:\/\/multihoster.org\/fr\/wp-json\/wp\/v2\/pages\/2993\/revisions\/3012"}],"wp:attachment":[{"href":"https:\/\/multihoster.org\/fr\/wp-json\/wp\/v2\/media?parent=2993"}],"curies":[{"name":"wp","href":"https:\/\/api.w.org\/{rel}","templated":true}]}}