{"id":313,"date":"2018-05-22T16:46:57","date_gmt":"2018-05-22T16:46:57","guid":{"rendered":"https:\/\/multihoster.org\/?page_id=313"},"modified":"2018-09-12T05:24:09","modified_gmt":"2018-09-12T05:24:09","slug":"keep2share","status":"publish","type":"page","link":"https:\/\/multihoster.org\/fr\/keep2share\/","title":{"rendered":"Keep2Share Premium Debrideur &#8211; L&rsquo;h\u00f4te du fichier en un coup d&rsquo;\u0153il"},"content":{"rendered":"<p class=\"normal\"><span lang=\"de\"><img loading=\"lazy\" class=\"alignleft wp-image-246 size-medium\" src=\"https:\/\/multihoster.org\/wp-content\/uploads\/2018\/05\/keep2share_logo-300x97.jpg\" alt=\"logo\" width=\"300\" height=\"97\" srcset=\"https:\/\/multihoster.org\/wp-content\/uploads\/2018\/05\/keep2share_logo-300x97.jpg 300w, https:\/\/multihoster.org\/wp-content\/uploads\/2018\/05\/keep2share_logo.jpg 382w\" sizes=\"(max-width: 300px) 100vw, 300px\" \/>Filehoster Keep2Share offre \u00e0 ses utilisateurs le plus haut niveau de s\u00e9curit\u00e9 et s&rsquo;assure que toutes les donn\u00e9es sont conserv\u00e9es en toute s\u00e9curit\u00e9, \u00e0 la fois par son exp\u00e9rience et par le syst\u00e8me crypt\u00e9. La pr\u00e9sence et la disponibilit\u00e9 24 heures sur 24 des employ\u00e9s de Keep2Share garantit \u00e9galement que toutes les donn\u00e9es sont prot\u00e9g\u00e9es de mani\u00e8re optimale et que le site Web est toujours accessible.<br \/>\n<\/span><\/p>\n<p class=\"normal\"><span lang=\"de\">En outre, Keep2Share offre une tr\u00e8s grande vitesse et le d\u00e9marrage des t\u00e9l\u00e9chargements sans attendre, avec un compte premium, de nombreuses fonctionnalit\u00e9s suppl\u00e9mentaires ont \u00e9t\u00e9 ajout\u00e9es.<br \/>\n<\/span><\/p>\n\n<p><a class=\"fasc-button fasc-size-xlarge fasc-type-glossy fasc-rounded-medium ico-fa fasc-ico-after fa-share\" style=\"background-color: #43585e; color: #ffffff;\" target=\"_blank\" rel=\"nofollow\" href=\"https:\/\/multihoster.org\/keep2share\/goto\/\">Allez sur Keep2Share.net<\/a><\/p>\n<h2><span lang=\"de\">Caract\u00e9ristiques positives du fournisseur<br \/>\n<\/span><\/h2>\n<ul>\n<li>Compte Premium d\u00e9j\u00e0 disponible \u00e0 partir de 31 cents par jour.<\/li>\n<li>Contr\u00f4le des virus avec compte premium<\/li>\n<li>Paiement s\u00e9curis\u00e9 avec Verified by VISA &amp; Mastercard SecureCode SecureCode<\/li>\n<li>Possibilit\u00e9 d&rsquo;utiliser le Download Manager<\/li>\n<li>Plus de t\u00e9l\u00e9chargements tegelijk<\/li>\n<\/ul>\n<h2><span lang=\"de\">L&rsquo;offre compl\u00e8te de Keep2Share en un coup d&rsquo;\u0153il<br \/>\n<\/span><\/h2>\n<p class=\"normal\"><span lang=\"de\">L&rsquo;h\u00e9bergeur de fichiers Keep2Share vous offre avec deux tarifs un choix relativement petit en ce qui concerne le compte premium. Alors que le compte Premium Pro vous offre une vitesse maximale, la bande passante du taux Premium normal est quelque peu limit\u00e9e. Le volume de donn\u00e9es varie de 20 000 Mo pour le taux de prime \u00e0 50 000 Mo pour le taux Premium Pro.<\/span><\/p>\n<p>&nbsp;<\/p>\n<h2><span lang=\"de\">Co\u00fbts et modes de paiement<br \/>\n<\/span><\/h2>\n<p><img loading=\"lazy\" class=\"alignnone wp-image-248 size-full\" src=\"https:\/\/multihoster.org\/wp-content\/uploads\/2018\/05\/cost_image_1.jpg\" alt=\"tarifs\" width=\"1011\" height=\"813\" srcset=\"https:\/\/multihoster.org\/wp-content\/uploads\/2018\/05\/cost_image_1.jpg 1011w, https:\/\/multihoster.org\/wp-content\/uploads\/2018\/05\/cost_image_1-300x241.jpg 300w, https:\/\/multihoster.org\/wp-content\/uploads\/2018\/05\/cost_image_1-768x618.jpg 768w\" sizes=\"(max-width: 1011px) 100vw, 1011px\" \/><\/p>\n<p class=\"normal\"><span lang=\"de\">Avec Keep2Share vous pouvez choisir entre le paiement habituel par carte de cr\u00e9dit, soit avec la carte VISA, soit avec la Mastercard ou avec American Express. Lorsque vous payez avec votre carte VISA ou Mastercard, vous b\u00e9n\u00e9ficiez actuellement d&rsquo;une proc\u00e9dure de s\u00e9curit\u00e9 suppl\u00e9mentaire. Il s&rsquo;agit des proc\u00e9dures VISA et MasterCard SecureCode, qui interposent des v\u00e9rifications suppl\u00e9mentaires au moment de l&rsquo;achat afin de prot\u00e9ger efficacement vos donn\u00e9es et votre argent.<br \/>\n<\/span><\/p>\n<p class=\"normal\"><span lang=\"de\">Outre le paiement par carte VISA ou MasterCard, le fournisseur vous offre encore plus de possibilit\u00e9s d&rsquo;achat d&rsquo;un compte Premium Keep2Share. Cela comprend le paiement avec le service Sofort\u00fcberweisung, le virement bancaire en ligne habituel et le paiement avec Bitcoin. En Allemagne, vous pouvez payer par l&rsquo;interm\u00e9diaire de banques telles que Postbank, DZ Bank ou DZ Bank <a href=\"https:\/\/www.wmtransfer.com\/\" target=\"_blank\" rel=\"noopener\">argent en ligne<\/a> volbrengen. Les m\u00e9thodes de paiement populaires Paypal et Paysafe ne sont pas offertes par Keep2Share. Si vous ne pouvez pas utiliser l&rsquo;une des m\u00e9thodes de paiement mentionn\u00e9es et que vous souhaitez toujours payer facilement et en toute s\u00e9curit\u00e9 en ligne pour votre compte, vous pouvez acheter une carte de cr\u00e9dit pr\u00e9pay\u00e9e.<\/span><\/p>\n<p>&nbsp;<\/p>\n\n<table id=\"tablepress-16\" class=\"tablepress tablepress-id-16\">\n<thead>\n<tr class=\"row-1 odd\">\n\t<th class=\"column-1\">Keep2Share PREMIUM PRO<\/th><th class=\"column-2\">Keep2Share PREMIUM PREMIUM<\/th>\n<\/tr>\n<\/thead>\n<tbody class=\"row-hover\">\n<tr class=\"row-2 even\">\n\t<td class=\"column-1\">50.000 MB par jour<\/td><td class=\"column-2\">20.000 MB par jour<\/td>\n<\/tr>\n<tr class=\"row-3 odd\">\n\t<td class=\"column-1\">11,75 USD par jour<\/td><td class=\"column-2\">9,50 USD par jour<\/td>\n<\/tr>\n<tr class=\"row-4 even\">\n\t<td class=\"column-1\">0,38 USD par jour<\/td><td class=\"column-2\">0,31 USD par jour<\/td>\n<\/tr>\n<tr class=\"row-5 odd\">\n\t<td class=\"column-1\">Vitesse maximale de t\u00e9l\u00e9chargement<\/td><td class=\"column-2\">Vitesse de t\u00e9l\u00e9chargement rapide<\/td>\n<\/tr>\n<tr class=\"row-6 even\">\n\t<td class=\"column-1\">Download Manager peut \u00eatre utilis\u00e9<\/td><td class=\"column-2\">Download Manager peut \u00eatre utilis\u00e9<\/td>\n<\/tr>\n<tr class=\"row-7 odd\">\n\t<td class=\"column-1\">T\u00e9l\u00e9chargements multiples simultan\u00e9s<\/td><td class=\"column-2\">T\u00e9l\u00e9chargements multiples simultan\u00e9s<\/td>\n<\/tr>\n<tr class=\"row-8 even\">\n\t<td class=\"column-1\">T\u00e9l\u00e9chargements reprenables<\/td><td class=\"column-2\">T\u00e9l\u00e9chargements reprenables<\/td>\n<\/tr>\n<tr class=\"row-9 odd\">\n\t<td class=\"column-1\">contr\u00f4le de virus<\/td><td class=\"column-2\"><\/td>\n<\/tr>\n<tr class=\"row-10 even\">\n\t<td class=\"column-1\">Mes fichiers pr\u00e9f\u00e9r\u00e9s<\/td><td class=\"column-2\"><\/td>\n<\/tr>\n<tr class=\"row-11 odd\">\n\t<td class=\"column-1\">Pr\u00e9visualisation vid\u00e9o illimit\u00e9e<\/td><td class=\"column-2\"><\/td>\n<\/tr>\n<tr class=\"row-12 even\">\n\t<td class=\"column-1\">T\u00e9l\u00e9chargement anonyme<\/td><td class=\"column-2\"><\/td>\n<\/tr>\n<tr class=\"row-13 odd\">\n\t<td class=\"column-1\">Plus grand espace de rangement<\/td><td class=\"column-2\"><\/td>\n<\/tr>\n<tr class=\"row-14 even\">\n\t<td class=\"column-1\">Taille maximale de fichier de 10 Go<\/td><td class=\"column-2\"><\/td>\n<\/tr>\n<\/tbody>\n<\/table>\n<!-- #tablepress-16 from cache -->\n<p><a class=\"fasc-button fasc-size-xlarge fasc-type-glossy fasc-rounded-medium ico-fa fasc-ico-after fa-share\" style=\"background-color: #43585e; color: #ffffff;\" target=\"_blank\" rel=\"nofollow\" href=\"https:\/\/multihoster.org\/keep2share\/goto\/\">Allez sur Keep2Share.net<\/a><\/p>\n<h2><span lang=\"de\">D\u00e9claration de confidentialit\u00e9 en gegevensbescherming<br \/>\n<\/span><\/h2>\n<p class=\"normal\"><span lang=\"de\">La protection de la vie priv\u00e9e et des donn\u00e9es devient une question de plus en plus importante sur Internet, ce qui rend d&rsquo;autant plus importante la recherche d&rsquo;exp\u00e9rience dans le domaine de la s\u00e9curit\u00e9. Nous sommes heureux de partager avec vous nos connaissances et notre exp\u00e9rience dans le domaine de Keep2Share, afin que vous obteniez une image compl\u00e8te du fournisseur.<br \/>\n<\/span><\/p>\n<p>Lors de l&rsquo;utilisation du service Keep2Share, les informations personnelles telles que l&rsquo;adresse e-mail, le nom ou le compte bancaire et les informations d\u00e9mographiques et non personnelles sont automatiquement stock\u00e9es.<\/p>\n<p>Les donn\u00e9es personnelles ne seront utilis\u00e9es que pour des services tels que le processus de paiement, pour \u00e9tablir des contacts et des rapports, etc. et ne seront pas transmises \u00e0 des tiers. Les donn\u00e9es d\u00e9mographiques ne sont pas des donn\u00e9es personnelles et sont collect\u00e9es de mani\u00e8re anonyme, de sorte que la vie priv\u00e9e est garantie ici aussi.<\/p>\n<h2><span lang=\"de\">Service apr\u00e8s-vente<\/span><\/h2>\n<p><img loading=\"lazy\" class=\"alignnone wp-image-247 size-full\" src=\"https:\/\/multihoster.org\/wp-content\/uploads\/2018\/05\/keep2share_image_2.jpg\" alt=\"avantages\" width=\"1799\" height=\"777\" srcset=\"https:\/\/multihoster.org\/wp-content\/uploads\/2018\/05\/keep2share_image_2.jpg 1799w, https:\/\/multihoster.org\/wp-content\/uploads\/2018\/05\/keep2share_image_2-300x130.jpg 300w, https:\/\/multihoster.org\/wp-content\/uploads\/2018\/05\/keep2share_image_2-768x332.jpg 768w, https:\/\/multihoster.org\/wp-content\/uploads\/2018\/05\/keep2share_image_2-1024x442.jpg 1024w\" sizes=\"(max-width: 1799px) 100vw, 1799px\" \/><\/p>\n<p class=\"normal\"><span lang=\"de\">Si vous avez des questions sur le service Keep2Share, vous trouverez le lien vers la page de service au bas de la page, d&rsquo;o\u00f9 vous pouvez acc\u00e9der \u00e0 la section FAQ, o\u00f9 de nombreuses questions fr\u00e9quemment pos\u00e9es sont expliqu\u00e9es. Le fournisseur a d\u00e9j\u00e0 un haut niveau d&rsquo;exp\u00e9rience et sait g\u00e9n\u00e9ralement o\u00f9 les utilisateurs ont besoin d&rsquo;aide. Si vous ne trouvez pas de solution satisfaisante de cette fa\u00e7on, vous pouvez contacter directement le support en utilisant le formulaire en ligne et d\u00e9crire le probl\u00e8me ici. Dans ce domaine, il est \u00e9galement possible de fournir au service \u00e0 la client\u00e8le Keep2Share un retour d&rsquo;information sur l&rsquo;exp\u00e9rience du fournisseur du service. De cette fa\u00e7on, vous pouvez am\u00e9liorer l&rsquo;offre pour vous-m\u00eame et pour les autres utilisateurs \u00e0 long terme.<br \/>\n<\/span><\/p>\n<h2><span lang=\"de\">l\u00e9gumi\u00e8res<br \/>\n<\/span><\/h2>\n<p class=\"normal\"><span lang=\"de\">Pour vous connecter \u00e0 Keep2Share, vous pouvez facilement cr\u00e9er ou enregistrer un compte Keep2Share via Facebook ou Google. Pour utiliser le compte dans son int\u00e9gralit\u00e9, vous devez d&rsquo;abord confirmer votre adresse e-mail, puis s\u00e9lectionner \u00ab\u00a0Mes Fichiers\u00a0\u00bb, \u00ab\u00a0Mon Profil\u00a0\u00bb et \u00ab\u00a0Mes Favoris\u00a0\u00bb. De plus, vous trouverez un moyen de mettre \u00e0 niveau votre compte Keep2Share vers un compte premium, o\u00f9 l&rsquo;interface facile \u00e0 utiliser signifie que vous n&rsquo;avez pas besoin de beaucoup d&rsquo;exp\u00e9rience pour utiliser pleinement les services du fournisseur.<br \/>\n<\/span><\/p>\n<h2><span lang=\"de\">Les avantages d&rsquo;un compte premium avec Keep2Share<br \/>\n<\/span><\/h2>\n<p class=\"normal\"><span lang=\"de\">Avec le compte Premium de Keep2Share, vous pouvez d\u00e9j\u00e0 profiter d&rsquo;une vitesse rapide, qui n&rsquo;est que l\u00e9g\u00e8rement inf\u00e9rieure \u00e0 celle de la version Premium Pro. En outre, vous pouvez ex\u00e9cuter plusieurs t\u00e9l\u00e9chargements en m\u00eame temps et les t\u00e9l\u00e9chargements peuvent \u00eatre facilement surveill\u00e9s, mis en pause et poursuivis par un gestionnaire de t\u00e9l\u00e9chargements.<\/span><\/p>\n<p class=\"normal\"><span lang=\"de\">Apprenez-en plus avec le compte Keep2Share Premium Pro, qui vous donne une vitesse maximale et le contr\u00f4le des virus de vos fichiers. En outre, vous disposez de plus d&rsquo;espace de stockage, d&rsquo;une utilisation illimit\u00e9e de l&rsquo;aper\u00e7u vid\u00e9o et du stockage des fichiers dans le dossier Fichiers favoris. Le compte Premium Pro vous permet \u00e9galement de t\u00e9l\u00e9charger des fichiers de mani\u00e8re anonyme, ce qui fait passer la taille maximale de ce paquet de 5 Go \u00e0 10 Go.<\/span><\/p>\n<h2><span lang=\"de\">Notre conclusion sur Keep2Share<br \/>\n<\/span><\/h2>\n<p class=\"normal\"><span lang=\"de\">Keep2Share ne promet pas seulement une protection compl\u00e8te des donn\u00e9es et de la vie priv\u00e9e, mais vous offre \u00e9galement des tarifs attractifs pour l&rsquo;h\u00e9bergement et le t\u00e9l\u00e9chargement de fichiers. Vous pouvez choisir entre deux taux de prime Keep2Share, qui sont d\u00e9j\u00e0 disponibles pour 31 ou 38 cents par jour, ou cr\u00e9er un compte Keep2Share gratuit si vous voulez tester l&rsquo;offre du fournisseur.<br \/>\n<\/span><\/p>\n<p>Keep2Share Premium Account Pro vous offre encore plus d&rsquo;options que le compte Premium et vous permet de t\u00e9l\u00e9charger des fichiers de mani\u00e8re anonyme, de donner un aper\u00e7u vid\u00e9o illimit\u00e9 et de t\u00e9l\u00e9charger des fichiers jusqu&rsquo;\u00e0 10 Go.<\/p>\n<p class=\"normal\"><span lang=\"de\">Le paiement peut \u00eatre effectu\u00e9 par carte de cr\u00e9dit et d&rsquo;autres m\u00e9thodes de paiement sont \u00e9galement disponibles. Des proc\u00e9dures de s\u00e9curit\u00e9 suppl\u00e9mentaires pour VISA et MasterCard assurent une s\u00e9curit\u00e9 maximale, et de nombreuses autres m\u00e9thodes de paiement sont possibles, \u00e0 l&rsquo;exception de Paypal et Paysafe.<br \/>\n<\/span><\/p>\n<p><a class=\"fasc-button fasc-size-xlarge fasc-type-glossy fasc-rounded-medium ico-fa fasc-ico-after fa-share\" style=\"background-color: #43585e; color: #ffffff;\" target=\"_blank\" rel=\"nofollow\" href=\"https:\/\/multihoster.org\/keep2share\/goto\/\">Allez sur Keep2Share.net<\/a><\/p>\n","protected":false},"excerpt":{"rendered":"<p>Filehoster Keep2Share offre \u00e0 ses utilisateurs le plus haut niveau de s\u00e9curit\u00e9 et s&rsquo;assure que toutes les donn\u00e9es sont conserv\u00e9es<\/p>\n","protected":false},"author":2,"featured_media":0,"parent":0,"menu_order":0,"comment_status":"closed","ping_status":"closed","template":"","meta":[],"yoast_head":"<!-- This site is optimized with the Yoast SEO plugin v18.3 - https:\/\/yoast.com\/wordpress\/plugins\/seo\/ -->\n<title>lll\u25b7 Keep2share Premium Account s\u00e9rieux ou non +++++ Test sur Multihoster.org<\/title>\n<meta name=\"description\" content=\"Si Keep2share est un fournisseur de bonne r\u00e9putation ou non, vous pouvez trouver la r\u00e9ponse dans le test actuel sur Multihoster.org \u279c Cliquez maintenant sur \u271a pour lire nos exp\u00e9riences !\" \/>\n<meta name=\"robots\" content=\"index, follow, max-snippet:-1, max-image-preview:large, max-video-preview:-1\" \/>\n<link rel=\"canonical\" href=\"https:\/\/multihoster.org\/fr\/keep2share\/\" \/>\n<meta property=\"og:locale\" content=\"fr_FR\" \/>\n<meta property=\"og:type\" content=\"article\" \/>\n<meta property=\"og:title\" content=\"lll\u25b7 Keep2share Premium Account s\u00e9rieux ou non +++++ Test sur Multihoster.org\" \/>\n<meta property=\"og:description\" content=\"Si Keep2share est un fournisseur de bonne r\u00e9putation ou non, vous pouvez trouver la r\u00e9ponse dans le test actuel sur Multihoster.org \u279c Cliquez maintenant sur \u271a pour lire nos exp\u00e9riences !\" \/>\n<meta property=\"og:url\" content=\"https:\/\/multihoster.org\/fr\/keep2share\/\" \/>\n<meta property=\"og:site_name\" content=\"Multihoster.org\" \/>\n<meta property=\"article:modified_time\" content=\"2018-09-12T05:24:09+00:00\" \/>\n<meta property=\"og:image\" content=\"https:\/\/multihoster.org\/wp-content\/uploads\/2018\/05\/keep2share_logo-300x97.jpg\" \/>\n<meta name=\"twitter:card\" content=\"summary\" \/>\n<meta name=\"twitter:label1\" content=\"Dur\u00e9e de lecture estim\u00e9e\" \/>\n\t<meta name=\"twitter:data1\" content=\"6 minutes\" \/>\n<script type=\"application\/ld+json\" class=\"yoast-schema-graph\">{\"@context\":\"https:\/\/schema.org\",\"@graph\":[{\"@type\":\"WebSite\",\"@id\":\"https:\/\/multihoster.org\/#website\",\"url\":\"https:\/\/multihoster.org\/\",\"name\":\"Multihoster.org\",\"description\":\"Reviews of the major Filehosting services\",\"potentialAction\":[{\"@type\":\"SearchAction\",\"target\":{\"@type\":\"EntryPoint\",\"urlTemplate\":\"https:\/\/multihoster.org\/?s={search_term_string}\"},\"query-input\":\"required name=search_term_string\"}],\"inLanguage\":\"fr-FR\"},{\"@type\":\"ImageObject\",\"@id\":\"https:\/\/multihoster.org\/fr\/keep2share\/#primaryimage\",\"inLanguage\":\"fr-FR\",\"url\":\"https:\/\/multihoster.org\/wp-content\/uploads\/2018\/05\/keep2share_logo.jpg\",\"contentUrl\":\"https:\/\/multihoster.org\/wp-content\/uploads\/2018\/05\/keep2share_logo.jpg\",\"width\":382,\"height\":123},{\"@type\":\"WebPage\",\"@id\":\"https:\/\/multihoster.org\/fr\/keep2share\/#webpage\",\"url\":\"https:\/\/multihoster.org\/fr\/keep2share\/\",\"name\":\"lll\u25b7 Keep2share Premium Account s\u00e9rieux ou non +++++ Test sur Multihoster.org\",\"isPartOf\":{\"@id\":\"https:\/\/multihoster.org\/#website\"},\"primaryImageOfPage\":{\"@id\":\"https:\/\/multihoster.org\/fr\/keep2share\/#primaryimage\"},\"datePublished\":\"2018-05-22T16:46:57+00:00\",\"dateModified\":\"2018-09-12T05:24:09+00:00\",\"description\":\"Si Keep2share est un fournisseur de bonne r\u00e9putation ou non, vous pouvez trouver la r\u00e9ponse dans le test actuel sur Multihoster.org \u279c Cliquez maintenant sur \u271a pour lire nos exp\u00e9riences !\",\"breadcrumb\":{\"@id\":\"https:\/\/multihoster.org\/fr\/keep2share\/#breadcrumb\"},\"inLanguage\":\"fr-FR\",\"potentialAction\":[{\"@type\":\"ReadAction\",\"target\":[\"https:\/\/multihoster.org\/fr\/keep2share\/\"]}]},{\"@type\":\"BreadcrumbList\",\"@id\":\"https:\/\/multihoster.org\/fr\/keep2share\/#breadcrumb\",\"itemListElement\":[{\"@type\":\"ListItem\",\"position\":1,\"name\":\"Startseite\",\"item\":\"https:\/\/multihoster.org\/fr\/\"},{\"@type\":\"ListItem\",\"position\":2,\"name\":\"Keep2Share Premium Debrideur &#8211; L&rsquo;h\u00f4te du fichier en un coup d&rsquo;\u0153il\"}]}]}<\/script>\n<!-- \/ Yoast SEO plugin. -->","yoast_head_json":{"title":"lll\u25b7 Keep2share Premium Account s\u00e9rieux ou non +++++ Test sur Multihoster.org","description":"Si Keep2share est un fournisseur de bonne r\u00e9putation ou non, vous pouvez trouver la r\u00e9ponse dans le test actuel sur Multihoster.org \u279c Cliquez maintenant sur \u271a pour lire nos exp\u00e9riences !","robots":{"index":"index","follow":"follow","max-snippet":"max-snippet:-1","max-image-preview":"max-image-preview:large","max-video-preview":"max-video-preview:-1"},"canonical":"https:\/\/multihoster.org\/fr\/keep2share\/","og_locale":"fr_FR","og_type":"article","og_title":"lll\u25b7 Keep2share Premium Account s\u00e9rieux ou non +++++ Test sur Multihoster.org","og_description":"Si Keep2share est un fournisseur de bonne r\u00e9putation ou non, vous pouvez trouver la r\u00e9ponse dans le test actuel sur Multihoster.org \u279c Cliquez maintenant sur \u271a pour lire nos exp\u00e9riences !","og_url":"https:\/\/multihoster.org\/fr\/keep2share\/","og_site_name":"Multihoster.org","article_modified_time":"2018-09-12T05:24:09+00:00","og_image":[{"url":"https:\/\/multihoster.org\/wp-content\/uploads\/2018\/05\/keep2share_logo-300x97.jpg"}],"twitter_card":"summary","twitter_misc":{"Dur\u00e9e de lecture estim\u00e9e":"6 minutes"},"schema":{"@context":"https:\/\/schema.org","@graph":[{"@type":"WebSite","@id":"https:\/\/multihoster.org\/#website","url":"https:\/\/multihoster.org\/","name":"Multihoster.org","description":"Reviews of the major Filehosting services","potentialAction":[{"@type":"SearchAction","target":{"@type":"EntryPoint","urlTemplate":"https:\/\/multihoster.org\/?s={search_term_string}"},"query-input":"required name=search_term_string"}],"inLanguage":"fr-FR"},{"@type":"ImageObject","@id":"https:\/\/multihoster.org\/fr\/keep2share\/#primaryimage","inLanguage":"fr-FR","url":"https:\/\/multihoster.org\/wp-content\/uploads\/2018\/05\/keep2share_logo.jpg","contentUrl":"https:\/\/multihoster.org\/wp-content\/uploads\/2018\/05\/keep2share_logo.jpg","width":382,"height":123},{"@type":"WebPage","@id":"https:\/\/multihoster.org\/fr\/keep2share\/#webpage","url":"https:\/\/multihoster.org\/fr\/keep2share\/","name":"lll\u25b7 Keep2share Premium Account s\u00e9rieux ou non +++++ Test sur Multihoster.org","isPartOf":{"@id":"https:\/\/multihoster.org\/#website"},"primaryImageOfPage":{"@id":"https:\/\/multihoster.org\/fr\/keep2share\/#primaryimage"},"datePublished":"2018-05-22T16:46:57+00:00","dateModified":"2018-09-12T05:24:09+00:00","description":"Si Keep2share est un fournisseur de bonne r\u00e9putation ou non, vous pouvez trouver la r\u00e9ponse dans le test actuel sur Multihoster.org \u279c Cliquez maintenant sur \u271a pour lire nos exp\u00e9riences !","breadcrumb":{"@id":"https:\/\/multihoster.org\/fr\/keep2share\/#breadcrumb"},"inLanguage":"fr-FR","potentialAction":[{"@type":"ReadAction","target":["https:\/\/multihoster.org\/fr\/keep2share\/"]}]},{"@type":"BreadcrumbList","@id":"https:\/\/multihoster.org\/fr\/keep2share\/#breadcrumb","itemListElement":[{"@type":"ListItem","position":1,"name":"Startseite","item":"https:\/\/multihoster.org\/fr\/"},{"@type":"ListItem","position":2,"name":"Keep2Share Premium Debrideur &#8211; L&rsquo;h\u00f4te du fichier en un coup d&rsquo;\u0153il"}]}]}},"_links":{"self":[{"href":"https:\/\/multihoster.org\/fr\/wp-json\/wp\/v2\/pages\/313"}],"collection":[{"href":"https:\/\/multihoster.org\/fr\/wp-json\/wp\/v2\/pages"}],"about":[{"href":"https:\/\/multihoster.org\/fr\/wp-json\/wp\/v2\/types\/page"}],"author":[{"embeddable":true,"href":"https:\/\/multihoster.org\/fr\/wp-json\/wp\/v2\/users\/2"}],"replies":[{"embeddable":true,"href":"https:\/\/multihoster.org\/fr\/wp-json\/wp\/v2\/comments?post=313"}],"version-history":[{"count":8,"href":"https:\/\/multihoster.org\/fr\/wp-json\/wp\/v2\/pages\/313\/revisions"}],"predecessor-version":[{"id":1354,"href":"https:\/\/multihoster.org\/fr\/wp-json\/wp\/v2\/pages\/313\/revisions\/1354"}],"wp:attachment":[{"href":"https:\/\/multihoster.org\/fr\/wp-json\/wp\/v2\/media?parent=313"}],"curies":[{"name":"wp","href":"https:\/\/api.w.org\/{rel}","templated":true}]}}