{"id":3137,"date":"2020-04-07T13:15:57","date_gmt":"2020-04-07T13:15:57","guid":{"rendered":"https:\/\/multihoster.org\/?page_id=3137"},"modified":"2020-05-29T13:40:17","modified_gmt":"2020-05-29T13:40:17","slug":"webshare","status":"publish","type":"page","link":"https:\/\/multihoster.org\/fr\/webshare\/","title":{"rendered":"WebShare Premium Compte: Le Filehoster En Un Coup D&rsquo;\u0153il"},"content":{"rendered":"\n<div class=\"wp-block-image\"><figure class=\"aligncenter size-large\"><img loading=\"lazy\" width=\"337\" height=\"100\" src=\"https:\/\/multihoster.org\/wp-content\/uploads\/2020\/04\/webshare.png\" alt=\"\" class=\"wp-image-3125\" srcset=\"https:\/\/multihoster.org\/wp-content\/uploads\/2020\/04\/webshare.png 337w, https:\/\/multihoster.org\/wp-content\/uploads\/2020\/04\/webshare-300x89.png 300w\" sizes=\"(max-width: 337px) 100vw, 337px\" \/><\/figure><\/div>\n\n\n<a class=\"maxbutton-2 maxbutton maxbutton-cta\" target=\"_blank\" rel=\"nofollow noopener\" href=\"\/go\/\"><span class='mb-text'>&gt;&gt; Acc\u00e9der au site web original de Linkifier<\/span><\/a>\n\n\n<p><\/p>\n\n\n\n<h2>Qu&rsquo;est-ce que Webshare ?<\/h2>\n\n\n\n<p>Webshare est une plateforme de stockage en ligne dans le nuage que vous pouvez utiliser en enregistrant diff\u00e9rents types de donn\u00e9es, notamment des images, de la musique, des films, des documents, des fichiers compress\u00e9s, etc. Toutes les donn\u00e9es que vous conservez et stockez vous seront accessibles o\u00f9 que vous alliez, \u00e0 travers le monde. Par cons\u00e9quent, si vous avez besoin d&rsquo;un syst\u00e8me de stockage de fichiers tr\u00e8s abordable et fiable, Webshare est la plateforme qu&rsquo;il vous faut.<\/p>\n\n\n\n<figure class=\"wp-block-image\"><img src=\"https:\/\/lh3.googleusercontent.com\/FTuLvNkvS9rm_YkW9WzPyn54PGM_G44j4io1Xm9PjsowHHoj5ldYZ2ZdvdroAKv1QNwHEg34vsUwhn-H26ooVtQ4VscLe1cVcnHBUPjANDgmb_3efqZqslmxpkNCzb-ew6h5uf8n\" alt=\"Webshare Homepage\"\/><\/figure>\n\n\n\n<h2>Derri\u00e8re la plate-forme Webshare<\/h2>\n\n\n\n<p>Webshare a \u00e9t\u00e9 cr\u00e9\u00e9 et mis en place le 10 septembre 2009. Auparavant, ce n&rsquo;\u00e9tait qu&rsquo;un passe-temps. Apr\u00e8s plusieurs ann\u00e9es d&rsquo;exploitation de la plateforme, trois ans exactement, ils ont d\u00e9couvert que Webshare est devenu c\u00e9l\u00e8bre aupr\u00e8s de milliers d&rsquo;utilisateurs de comptes. C&rsquo;est pourquoi ils ont d\u00e9cid\u00e9 de cr\u00e9er un tout nouveau service de partage sur le web, beaucoup plus performant. Leur objectif est de devenir un concurrent s\u00e9rieux parmi les autres acteurs notables du march\u00e9 en R\u00e9publique tch\u00e8que et de fournir \u00e0 un plus grand nombre d&rsquo;utilisateurs un moyen puissant et facile de g\u00e9rer toutes les donn\u00e9es.<\/p>\n\n\n\n<p>Leur \u00e9quipe est compos\u00e9e de quatre personnes. Zbyn\u011bk et Luk\u00e1\u0161 sont les administrateurs des serveurs, et ils sont responsables de la maintenance et de la gestion des serveurs. Adam est leur programmeur principal, et le dernier membre est Honza, qui est responsable de la conception du site web et d&rsquo;autres strat\u00e9gies de marketing. Pour eux, Webshare n&rsquo;est pas seulement un plan et un projet de garage, mais c&rsquo;est un service avanc\u00e9 qui permet \u00e0 ses utilisateurs de conserver leurs donn\u00e9es, de tout g\u00e9rer \u00e0 partir de divers appareils et de les partager avec des personnes de confiance.<\/p>\n\n\n\n<p>La mission de l&rsquo;\u00e9quipe est de faire de Webshare le service le plus exceptionnel de son secteur et de son march\u00e9 sur les march\u00e9s tch\u00e8que et slovaque. Ils savent que cet objectif est une ambition remarquable, mais ils le savent aussi et ils s&rsquo;efforcent de le r\u00e9aliser. <\/p>\n\n\n\n<p>Ils veulent offrir \u00e0 leurs utilisateurs un outil plus moderne et plus perfectionn\u00e9 pour les aider \u00e0 g\u00e9rer leurs donn\u00e9es et les faire synchroniser dans divers appareils. C&rsquo;est pourquoi Webshare n&rsquo;est pas un simple outil de t\u00e9l\u00e9chargement, mais ils le d\u00e9veloppent pour en faire une application mobile et un outil de bureau intelligent afin de maximiser l&rsquo;efficacit\u00e9 de leur plateforme. Tout est fait pour vous faciliter la vie.<\/p>\n\n\n\n<p>De leur \u00e9quipe, pour toutes les choses qu&rsquo;ils font, une chose est s\u00fbre, c&rsquo;est de faire en sorte que les demandes, les exigences et les souhaits de leurs utilisateurs se r\u00e9alisent. Leurs clients sont leur priorit\u00e9 absolue. C&rsquo;est pourquoi ils font de Webshare non seulement un service, mais aussi un v\u00e9ritable outil pour tous les utilisateurs.<\/p>\n\n\n\n<h2>Pourquoi utiliser Webshare ?<\/h2>\n\n\n\n<p>Avoir ses fichiers et autres donn\u00e9es sauvegard\u00e9s dans le stockage en nuage est tout simplement confortable. De ce fait, vous n&rsquo;avez pas besoin de transporter des cl\u00e9s USB partout o\u00f9 vous allez. Tout ce que vous avez \u00e0 faire, c&rsquo;est de t\u00e9l\u00e9charger tous vos fichiers importants sur votre compte, comme des images, des documents, de la musique, des films et d&rsquo;autres fichiers m\u00e9morables. Il vous suffit de disposer d&rsquo;Internet pour pouvoir acc\u00e9der \u00e0 votre compte Webshare.<\/p>\n\n\n\n<p>Webshare est vraiment id\u00e9al pour vos projets scolaires, vos devoirs, vos documents d&rsquo;entreprise, vos vid\u00e9os et la musique que vous souhaitez \u00e9galement partager avec vos coll\u00e8gues, vos employ\u00e9s, vos amis, ou simplement toutes les donn\u00e9es auxquelles vous souhaitez avoir acc\u00e8s o\u00f9 que vous soyez.<\/p>\n\n\n\n<figure class=\"wp-block-table\"><table class=\"\"><tbody><tr><td><li>ULes utilisateurs disposent d&rsquo;un immense espace de stockage de donn\u00e9es sous leur contr\u00f4le<br><\/li><li>Tous vos fichiers reposent sur le stockage en nuage, avec l&rsquo;internet, vous pouvez y acc\u00e9der partout<br><\/li><li>Les cl\u00e9s USB ne seront jamais une option<br>L&rsquo;interface du site web de Webshare est tr\u00e8s conviviale et peut \u00eatre consult\u00e9e instantan\u00e9ment<br><\/li><li>Le support client de Webshare permet de rester en contact avec chaque utilisateur pour s&rsquo;assurer qu&rsquo;il est assist\u00e9 de toutes les mani\u00e8res possibles<br><\/li><li>Le syst\u00e8me et la plate-forme de Webshare s&rsquo;am\u00e9liorent et s&rsquo;adaptent progressivement aux demandes de chaque utilisateur<br><\/li><li>Webshare d\u00e9veloppe actuellement une application mobile pour votre confort.<\/li><\/td><\/tr><\/tbody><\/table><\/figure>\n\n\n\n<h2>Quel est le co\u00fbt d&rsquo;un compte premium Webshare ?<\/h2>\n\n\n\n<p>Il existe de nombreuses options de paiement pour b\u00e9n\u00e9ficier de leur compte VIP ou de leur compte Premium Webshare. Vous trouverez ci-dessous les options disponibles, et ils s&rsquo;assurent que tout est fait pour votre confort, alors choisissez ce qui vous convient le mieux.<\/p>\n\n\n\n<p><strong>Paiement par carte de cr\u00e9dit<br><\/strong>Il suffit de saisir quelques donn\u00e9es n\u00e9cessaires imprim\u00e9es sur votre carte, et vous \u00eates pr\u00eat \u00e0 partir.<\/p>\n\n\n\n<figure class=\"wp-block-table\"><table><tbody><tr><td>Adh\u00e9sion<\/td><td>Dur\u00e9e<\/td><td>Fichiers priv\u00e9s<\/td><td>Tarifs<\/td><\/tr><tr><td>VIP d&rsquo;argent<\/td><td>1 mois<\/td><td>10 Go de stockage priv\u00e9<\/td><td>59.00 K\u010d<\/td><\/tr><tr><td>VIP d&rsquo;or<\/td><td>3 mois<\/td><td>20 Go de stockage priv\u00e9<\/td><td>169.00 K\u010d<\/td><\/tr><tr><td>VIP platine<\/td><td>1 an<\/td><td>50 Go de stockage priv\u00e9<\/td><td>599.00 K\u010d<\/td><\/tr><\/tbody><\/table><\/figure>\n\n\n\n<p>Tous les prix incluent la TVA (21%)<\/p>\n\n\n\n<p><strong>Paiement en ligne<br><\/strong>L&rsquo;assistance GoPay pour les envois de fonds en ligne &#8211; s\u00e9lectionnez le type de paiement qui correspond \u00e0 vos exigences.<\/p>\n\n\n\n<figure class=\"wp-block-table\"><table><tbody><tr><td>Adh\u00e9sion<\/td><td>Dur\u00e9e<\/td><td>Fichiers priv\u00e9s<\/td><td>Tarifs<\/td><\/tr><tr><td>VIP d&rsquo;argent<\/td><td>1 mois<\/td><td> 10 Go de stockage priv\u00e9 <\/td><td>59.00 K\u010d<\/td><\/tr><tr><td>VIP d&rsquo;or<\/td><td>3 mois<\/td><td> 20 Go de stockage priv\u00e9 <\/td><td>169.00 K\u010d<\/td><\/tr><tr><td>VIP platine<\/td><td>1 an<\/td><td> 50 Go de stockage priv\u00e9 <\/td><td>599.00 K\u010d<\/td><\/tr><\/tbody><\/table><\/figure>\n\n\n\n<p>Tous les prix incluent la TVA (21%)<\/p>\n\n\n\n<p><strong>Paiement par virement bancaire<br><\/strong>Envoyez simplement les fonds attendus sur le compte bancaire de Webshare.<\/p>\n\n\n\n<figure class=\"wp-block-table\"><table><tbody><tr><td> Adh\u00e9sion <\/td><td> Dur\u00e9e <\/td><td> Fichiers priv\u00e9s <\/td><td> Tarifs <\/td><\/tr><tr><td> VIP d&rsquo;argent <\/td><td>1  mois <\/td><td>  10 Go de stockage priv\u00e9  <\/td><td>59.00 K\u010d<\/td><\/tr><tr><td> VIP d&rsquo;or <\/td><td>3  mois <\/td><td>  20 Go de stockage priv\u00e9  <\/td><td>169.00 K\u010d<\/td><\/tr><tr><td> VIP platine <\/td><td>1  an <\/td><td>  50 Go de stockage priv\u00e9  <\/td><td>599.00 K\u010d<\/td><\/tr><\/tbody><\/table><\/figure>\n\n\n\n<p>Tous les prix incluent la TVA (21%)<\/p>\n\n\n\n<p><strong>Paiement des points Webshare<br><\/strong>Webshare vous offre la possibilit\u00e9 de transformer vos points Webshare en un compte Premium.<\/p>\n\n\n<a class=\"maxbutton-2 maxbutton maxbutton-cta\" target=\"_blank\" rel=\"nofollow noopener\" href=\"\/go\/\"><span class='mb-text'>&gt;&gt; Acc\u00e9der au site web original de Linkifier<\/span><\/a>\n\n\n<p><\/p>\n\n\n\n<figure class=\"wp-block-table\"><table><tbody><tr><td> Adh\u00e9sion  <\/td><td> Dur\u00e9e  <\/td><td>  Fichiers priv\u00e9s  <\/td><td> Tarifs  <\/td><\/tr><tr><td>  VIP d&rsquo;argent  <\/td><td>1  mois  <\/td><td>   10 Go de stockage priv\u00e9   <\/td><td>10000 B<\/td><\/tr><tr><td>  VIP d&rsquo;or  <\/td><td>3  mois  <\/td><td>   20 Go de stockage priv\u00e9   <\/td><td>30000 B<\/td><\/tr><tr><td>  VIP platine  <\/td><td>1  an  <\/td><td>   50 Go de stockage priv\u00e9   <\/td><td>120000 B<\/td><\/tr><\/tbody><\/table><\/figure>\n\n\n\n<p>Tous les prix incluent la TVA (21%)<\/p>\n\n\n\n<p><strong>Paiement par SMS<br><\/strong>Les frais sont plus \u00e9lev\u00e9s en raison des conditions sp\u00e9ciales dont b\u00e9n\u00e9ficie le prestataire de services de transfert de fonds.<\/p>\n\n\n\n<figure class=\"wp-block-table\"><table><tbody><tr><td>Adh\u00e9sion<\/td><td>Dur\u00e9e<\/td><td>Fichiers priv\u00e9s<\/td><td>Tarifs<\/td><\/tr><tr><td>VIP d&rsquo;argent<\/td><td>1 mois<\/td><td>10 Go de stockage priv\u00e9<\/td><td>99 K\u010d<\/td><\/tr><\/tbody><\/table><\/figure>\n\n\n\n<p>Tous les prix incluent la TVA (21%)<\/p>\n\n\n\n<h2>Quels sont les avantages du compte premium de Webshare ?<\/h2>\n\n\n\n<p>Vous pouvez b\u00e9n\u00e9ficier des avantages d&rsquo;un membre premium pour seulement 2,39 \u20ac par mois. Avec son adh\u00e9sion premium ou VIP, chaque utilisateur peut maximiser sa vitesse de t\u00e9l\u00e9chargement illimit\u00e9e sur Webshare, obtenir plus d&rsquo;espace de stockage, et bien plus encore.<\/p>\n\n\n\n<p>Il suffit de penser \u00e0 ce sc\u00e9nario : Votre ordinateur de bureau est tomb\u00e9 en panne, a perdu votre ordinateur portable ou a corrompu un fichier sans avoir sauvegard\u00e9 vos donn\u00e9es essentielles. Avec la technologie actuelle, cela ne devrait pas arriver, ou ce n&rsquo;est pas comme cela aurait \u00e9t\u00e9 le cas. Avoir Webshare sous la main est tr\u00e8s pratique. Votre ordinateur de bureau doit avoir plant\u00e9, mais vous pouvez toujours acc\u00e9der \u00e0 vos fichiers sur d&rsquo;autres appareils gr\u00e2ce \u00e0 Webshare. Vous pouvez dormir sur vos deux oreilles en sachant que vos donn\u00e9es sont s\u00e9curis\u00e9es et prot\u00e9g\u00e9es.<\/p>\n\n\n\n<figure class=\"wp-block-table\"><table><tbody><tr><td>C&rsquo;est abordable, seulement 2,39 \u20ac. Vous ne payez presque rien et vous pouvez choisir votre tarif.<\/td><td>1\/4 d&rsquo;ann\u00e9e6,39 \u20ac pour 3 mois<\/td><td>1 an22,95 \u20ac par an<\/td><\/tr><tr><td>T\u00e9l\u00e9chargement rapide : profitez au maximum de votre connexion Internet.<\/td><td>500 + Jusqu&rsquo;\u00e0 500 Mb\/s<\/td><td>20+Cr\u00e9neaux de t\u00e9l\u00e9chargement<\/td><\/tr><tr><td>10 Go de stockage priv\u00e9Ajoutez votre capacit\u00e9 de stockage priv\u00e9 \u00e0 10 gigaoctets.<\/td><td>5 GB+Plus d&rsquo;espace priv\u00e9<\/td><td>Disponibilit\u00e9 des fichiers 24 heures sur 24, 7 jours sur 7<\/td><\/tr><tr><td>R\u00e9tablissement du t\u00e9l\u00e9chargementVous pouvez poursuivre un t\u00e9l\u00e9chargement interrompu.<\/td><td>99%Peut \u00eatre r\u00e9tablie<\/td><td>10\/1010 t\u00e9l\u00e9chargements<\/td><\/tr><tr><td>Pas d&rsquo;annonces Il n&rsquo;y aura pas d&rsquo;annonces dans les sections de d\u00e9tail des dossiers et dans la bo\u00eete de recherche.<\/td><td>4\/44\/4 les annonces ne seront pas l\u00e0<\/td><td>0Pas m\u00eame une seule annonce<\/td><\/tr><\/tbody><\/table><\/figure>\n\n\n\n<h2>Autres questions fr\u00e9quemment pos\u00e9es dans Webshare<\/h2>\n\n\n\n<h3>Pourquoi s&rsquo;inscrire \u00e0 Webshare ?<\/h3>\n\n\n\n<p>L&rsquo;inscription ou la cr\u00e9ation d&rsquo;un compte dans Webshare est gratuite. Vous obtiendrez 5 gigaoctets de stockage gratuit. Pouvoir utiliser un outil offrant de nombreux avantages, notamment l&rsquo;acc\u00e8s \u00e0 des commentaires sur les diff\u00e9rents fichiers des utilisateurs, \u00e0 des points de collecte, \u00e0 la gestion et \u00e0 l&rsquo;organisation de ses propres donn\u00e9es, et bien plus encore, alors que pourriez-vous demander ? Pourquoi ne pas utiliser un outil qui augmentera votre productivit\u00e9, n&rsquo;est-ce pas ? <\/p>\n\n\n\n<h3>Quels sont les avantages d&rsquo;un compte Webshare Premium ?<\/h3>\n\n\n\n<p>Comme indiqu\u00e9 ci-dessus, en souscrivant \u00e0 un compte premium, les utilisateurs ont droit aux performances sup\u00e9rieures de la plateforme en mati\u00e8re de vitesse de t\u00e9l\u00e9chargement, bien que vous deviez toujours v\u00e9rifier aupr\u00e8s de votre propre fournisseur d&rsquo;acc\u00e8s internet car cela affecte la progression et peut limiter l&rsquo;aide maximale que Webshare peut fournir. Il y aura \u00e9galement un gestionnaire de t\u00e9l\u00e9chargement qui permettra \u00e0 l&rsquo;utilisateur de poursuivre un t\u00e9l\u00e9chargement lorsque l&rsquo;internet sera en panne. Pour le type d&rsquo;adh\u00e9sion dont vous b\u00e9n\u00e9ficiez, cela d\u00e9terminera la quantit\u00e9 de stockage que vous obtiendrez. Il n&rsquo;y aura pas de publicit\u00e9 inutile et tous vos fichiers seront sauvegard\u00e9s. Webshare sauvegarde votre fichier de sauvegarde.<\/p>\n\n\n\n<h3>R\u00e9gler votre paiement pour les comptes Premium de Webshare<\/h3>\n\n\n\n<p>Pour votre commodit\u00e9 et votre confort, Webshare vous offre de nombreuses options pour payer l&rsquo;adh\u00e9sion Premium, notamment par carte de cr\u00e9dit ou de d\u00e9bit, par virement bancaire, par points et par SMS.<\/p>\n\n\n\n<h3>\u00c0 l&rsquo;expiration d&rsquo;un compte premium, que se passera-t-il avec les fichiers stock\u00e9s sur le compte ?<\/h3>\n\n\n\n<p>Tant que vous \u00eates membre premium, tous vos fichiers seront prot\u00e9g\u00e9s et ne seront pas touch\u00e9s. Toutefois, lorsque votre adh\u00e9sion expire et que vous n&rsquo;\u00eates pas en mesure de mettre \u00e0 jour votre adh\u00e9sion dans les deux mois, le syst\u00e8me supprime les donn\u00e9es qui d\u00e9passent les 5 Go de stockage pour les utilisateurs gratuits.<\/p>\n\n\n\n<h3>T\u00e9l\u00e9chargement dans Webshare<\/h3>\n\n\n\n<p>Il existe de nombreuses fa\u00e7ons de t\u00e9l\u00e9charger des donn\u00e9es sur Webshare. Vous pouvez faire glisser ou d\u00e9poser des fichiers n&rsquo;importe o\u00f9 sur le site ou simplement utiliser votre gestionnaire de fichiers en cliquant sur le bouton \u00ab\u00a0Mes fichiers\u00a0\u00bb, et vous serez invit\u00e9 \u00e0 s\u00e9lectionner le fichier ou le dossier que vous souhaitez t\u00e9l\u00e9charger. Ensuite, attendez que le t\u00e9l\u00e9chargement soit termin\u00e9.<\/p>\n\n\n\n<p>Un utilisateur peut t\u00e9l\u00e9charger autant de fichiers qu&rsquo;il le souhaite et la taille maximale des fichiers pouvant \u00eatre t\u00e9l\u00e9charg\u00e9s est de 20 Go. Pour un fichier plus volumineux, il suffit de le diviser avant de le t\u00e9l\u00e9charger.<\/p>\n\n\n\n<h2>R\u00e9sum\u00e9 de Webshare<\/h2>\n\n\n\n<p>Webshare a beaucoup \u00e0 offrir et ils le seront encore plus \u00e0 mesure qu&rsquo;ils continueront \u00e0 faire avancer et \u00e0 d\u00e9velopper la plateforme. Tous les frais de prime sont tr\u00e8s raisonnables si vous voulez comparer les services et les innovations que vous pouvez obtenir. Assurez-vous de choisir le meilleur abonnement pour vous afin d&rsquo;en maximiser l&rsquo;utilisation.<\/p>\n\n\n\n<h2>R\u00e9f\u00e9rences<\/h2>\n\n\n\n<p><a rel=\"noreferrer noopener\" aria-label=\" (opens in a new tab)\" href=\"https:\/\/www.gearcoupon.com\/the-best-czech-and-foreign-storage-for-easy-file-sharing\/\" target=\"_blank\">https:\/\/www.gearcoupon.com\/the-best-czech-and-foreign-storage-for-easy-file-sharing\/<\/a><br><a rel=\"noreferrer noopener\" aria-label=\" (opens in a new tab)\" href=\"https:\/\/alternative.app\/webshare\" target=\"_blank\">https:\/\/alternative.app\/webshare<\/a><br><a rel=\"noreferrer noopener\" aria-label=\" (opens in a new tab)\" href=\"https:\/\/webshare.cz.cutestat.com\/\" target=\"_blank\">https:\/\/webshare.cz.cutestat.com\/<\/a><br><a rel=\"noreferrer noopener\" aria-label=\" (opens in a new tab)\" href=\"https:\/\/safeweb.norton.com\/reviews?url=webshare.cz\" target=\"_blank\">https:\/\/safeweb.norton.com\/reviews?url=webshare.cz<\/a><br><a rel=\"noreferrer noopener\" aria-label=\"https:\/\/www.thesiterate.com\/stats\/webshare.cz (opens in a new tab)\" href=\"https:\/\/www.thesiterate.com\/stats\/webshare.cz\" target=\"_blank\">https:\/\/www.thesiterate.com\/stats\/webshare.cz<\/a><\/p>\n\n\n<a class=\"maxbutton-2 maxbutton maxbutton-cta\" target=\"_blank\" rel=\"nofollow noopener\" href=\"\/go\/\"><span class='mb-text'>&gt;&gt; Acc\u00e9der au site web original de Linkifier<\/span><\/a>\n\n\n<p><\/p>\n","protected":false},"excerpt":{"rendered":"<p>Qu&rsquo;est-ce que Webshare ? Webshare est une plateforme de stockage en ligne dans le nuage que vous pouvez utiliser en<\/p>\n","protected":false},"author":2,"featured_media":0,"parent":0,"menu_order":0,"comment_status":"closed","ping_status":"closed","template":"","meta":[],"yoast_head":"<!-- This site is optimized with the Yoast SEO plugin v18.3 - https:\/\/yoast.com\/wordpress\/plugins\/seo\/ -->\n<title>WebShare Premium Compte: Le Filehoster En Un Coup D&#039;\u0153il<\/title>\n<meta name=\"description\" content=\"WebShare est-il un fournisseur r\u00e9put\u00e9 ou non, vous pouvez trouver la r\u00e9ponse dans le test actuel sur Multihoster.org \u279c Cliquez maintenant sur \u271a pour lire nos exp\u00e9riences !\" \/>\n<meta name=\"robots\" content=\"index, follow, max-snippet:-1, max-image-preview:large, max-video-preview:-1\" \/>\n<link rel=\"canonical\" href=\"https:\/\/multihoster.org\/fr\/webshare\/\" \/>\n<meta property=\"og:locale\" content=\"fr_FR\" \/>\n<meta property=\"og:type\" content=\"article\" \/>\n<meta property=\"og:title\" content=\"WebShare Premium Compte: Le Filehoster En Un Coup D&#039;\u0153il\" \/>\n<meta property=\"og:description\" content=\"WebShare est-il un fournisseur r\u00e9put\u00e9 ou non, vous pouvez trouver la r\u00e9ponse dans le test actuel sur Multihoster.org \u279c Cliquez maintenant sur \u271a pour lire nos exp\u00e9riences !\" \/>\n<meta property=\"og:url\" content=\"https:\/\/multihoster.org\/fr\/webshare\/\" \/>\n<meta property=\"og:site_name\" content=\"Multihoster.org\" \/>\n<meta property=\"article:modified_time\" content=\"2020-05-29T13:40:17+00:00\" \/>\n<meta property=\"og:image\" content=\"https:\/\/multihoster.org\/wp-content\/uploads\/2020\/04\/webshare.png\" \/>\n<meta name=\"twitter:card\" content=\"summary\" \/>\n<meta name=\"twitter:label1\" content=\"Dur\u00e9e de lecture estim\u00e9e\" \/>\n\t<meta name=\"twitter:data1\" content=\"9 minutes\" \/>\n<script type=\"application\/ld+json\" class=\"yoast-schema-graph\">{\"@context\":\"https:\/\/schema.org\",\"@graph\":[{\"@type\":\"WebSite\",\"@id\":\"https:\/\/multihoster.org\/#website\",\"url\":\"https:\/\/multihoster.org\/\",\"name\":\"Multihoster.org\",\"description\":\"Reviews of the major Filehosting services\",\"potentialAction\":[{\"@type\":\"SearchAction\",\"target\":{\"@type\":\"EntryPoint\",\"urlTemplate\":\"https:\/\/multihoster.org\/?s={search_term_string}\"},\"query-input\":\"required name=search_term_string\"}],\"inLanguage\":\"fr-FR\"},{\"@type\":\"ImageObject\",\"@id\":\"https:\/\/multihoster.org\/fr\/webshare\/#primaryimage\",\"inLanguage\":\"fr-FR\",\"url\":\"https:\/\/multihoster.org\/wp-content\/uploads\/2020\/04\/webshare.png\",\"contentUrl\":\"https:\/\/multihoster.org\/wp-content\/uploads\/2020\/04\/webshare.png\",\"width\":337,\"height\":100},{\"@type\":\"WebPage\",\"@id\":\"https:\/\/multihoster.org\/fr\/webshare\/#webpage\",\"url\":\"https:\/\/multihoster.org\/fr\/webshare\/\",\"name\":\"WebShare Premium Compte: Le Filehoster En Un Coup D'\u0153il\",\"isPartOf\":{\"@id\":\"https:\/\/multihoster.org\/#website\"},\"primaryImageOfPage\":{\"@id\":\"https:\/\/multihoster.org\/fr\/webshare\/#primaryimage\"},\"datePublished\":\"2020-04-07T13:15:57+00:00\",\"dateModified\":\"2020-05-29T13:40:17+00:00\",\"description\":\"WebShare est-il un fournisseur r\u00e9put\u00e9 ou non, vous pouvez trouver la r\u00e9ponse dans le test actuel sur Multihoster.org \u279c Cliquez maintenant sur \u271a pour lire nos exp\u00e9riences !\",\"breadcrumb\":{\"@id\":\"https:\/\/multihoster.org\/fr\/webshare\/#breadcrumb\"},\"inLanguage\":\"fr-FR\",\"potentialAction\":[{\"@type\":\"ReadAction\",\"target\":[\"https:\/\/multihoster.org\/fr\/webshare\/\"]}]},{\"@type\":\"BreadcrumbList\",\"@id\":\"https:\/\/multihoster.org\/fr\/webshare\/#breadcrumb\",\"itemListElement\":[{\"@type\":\"ListItem\",\"position\":1,\"name\":\"Startseite\",\"item\":\"https:\/\/multihoster.org\/fr\/\"},{\"@type\":\"ListItem\",\"position\":2,\"name\":\"WebShare Premium Compte: Le Filehoster En Un Coup D&rsquo;\u0153il\"}]}]}<\/script>\n<!-- \/ Yoast SEO plugin. -->","yoast_head_json":{"title":"WebShare Premium Compte: Le Filehoster En Un Coup D'\u0153il","description":"WebShare est-il un fournisseur r\u00e9put\u00e9 ou non, vous pouvez trouver la r\u00e9ponse dans le test actuel sur Multihoster.org \u279c Cliquez maintenant sur \u271a pour lire nos exp\u00e9riences !","robots":{"index":"index","follow":"follow","max-snippet":"max-snippet:-1","max-image-preview":"max-image-preview:large","max-video-preview":"max-video-preview:-1"},"canonical":"https:\/\/multihoster.org\/fr\/webshare\/","og_locale":"fr_FR","og_type":"article","og_title":"WebShare Premium Compte: Le Filehoster En Un Coup D'\u0153il","og_description":"WebShare est-il un fournisseur r\u00e9put\u00e9 ou non, vous pouvez trouver la r\u00e9ponse dans le test actuel sur Multihoster.org \u279c Cliquez maintenant sur \u271a pour lire nos exp\u00e9riences !","og_url":"https:\/\/multihoster.org\/fr\/webshare\/","og_site_name":"Multihoster.org","article_modified_time":"2020-05-29T13:40:17+00:00","og_image":[{"url":"https:\/\/multihoster.org\/wp-content\/uploads\/2020\/04\/webshare.png"}],"twitter_card":"summary","twitter_misc":{"Dur\u00e9e de lecture estim\u00e9e":"9 minutes"},"schema":{"@context":"https:\/\/schema.org","@graph":[{"@type":"WebSite","@id":"https:\/\/multihoster.org\/#website","url":"https:\/\/multihoster.org\/","name":"Multihoster.org","description":"Reviews of the major Filehosting services","potentialAction":[{"@type":"SearchAction","target":{"@type":"EntryPoint","urlTemplate":"https:\/\/multihoster.org\/?s={search_term_string}"},"query-input":"required name=search_term_string"}],"inLanguage":"fr-FR"},{"@type":"ImageObject","@id":"https:\/\/multihoster.org\/fr\/webshare\/#primaryimage","inLanguage":"fr-FR","url":"https:\/\/multihoster.org\/wp-content\/uploads\/2020\/04\/webshare.png","contentUrl":"https:\/\/multihoster.org\/wp-content\/uploads\/2020\/04\/webshare.png","width":337,"height":100},{"@type":"WebPage","@id":"https:\/\/multihoster.org\/fr\/webshare\/#webpage","url":"https:\/\/multihoster.org\/fr\/webshare\/","name":"WebShare Premium Compte: Le Filehoster En Un Coup D'\u0153il","isPartOf":{"@id":"https:\/\/multihoster.org\/#website"},"primaryImageOfPage":{"@id":"https:\/\/multihoster.org\/fr\/webshare\/#primaryimage"},"datePublished":"2020-04-07T13:15:57+00:00","dateModified":"2020-05-29T13:40:17+00:00","description":"WebShare est-il un fournisseur r\u00e9put\u00e9 ou non, vous pouvez trouver la r\u00e9ponse dans le test actuel sur Multihoster.org \u279c Cliquez maintenant sur \u271a pour lire nos exp\u00e9riences !","breadcrumb":{"@id":"https:\/\/multihoster.org\/fr\/webshare\/#breadcrumb"},"inLanguage":"fr-FR","potentialAction":[{"@type":"ReadAction","target":["https:\/\/multihoster.org\/fr\/webshare\/"]}]},{"@type":"BreadcrumbList","@id":"https:\/\/multihoster.org\/fr\/webshare\/#breadcrumb","itemListElement":[{"@type":"ListItem","position":1,"name":"Startseite","item":"https:\/\/multihoster.org\/fr\/"},{"@type":"ListItem","position":2,"name":"WebShare Premium Compte: Le Filehoster En Un Coup D&rsquo;\u0153il"}]}]}},"_links":{"self":[{"href":"https:\/\/multihoster.org\/fr\/wp-json\/wp\/v2\/pages\/3137"}],"collection":[{"href":"https:\/\/multihoster.org\/fr\/wp-json\/wp\/v2\/pages"}],"about":[{"href":"https:\/\/multihoster.org\/fr\/wp-json\/wp\/v2\/types\/page"}],"author":[{"embeddable":true,"href":"https:\/\/multihoster.org\/fr\/wp-json\/wp\/v2\/users\/2"}],"replies":[{"embeddable":true,"href":"https:\/\/multihoster.org\/fr\/wp-json\/wp\/v2\/comments?post=3137"}],"version-history":[{"count":5,"href":"https:\/\/multihoster.org\/fr\/wp-json\/wp\/v2\/pages\/3137\/revisions"}],"predecessor-version":[{"id":4546,"href":"https:\/\/multihoster.org\/fr\/wp-json\/wp\/v2\/pages\/3137\/revisions\/4546"}],"wp:attachment":[{"href":"https:\/\/multihoster.org\/fr\/wp-json\/wp\/v2\/media?parent=3137"}],"curies":[{"name":"wp","href":"https:\/\/api.w.org\/{rel}","templated":true}]}}