{"id":3170,"date":"2020-04-07T11:19:21","date_gmt":"2020-04-07T11:19:21","guid":{"rendered":"https:\/\/multihoster.org\/?page_id=3170"},"modified":"2020-05-29T14:42:29","modified_gmt":"2020-05-29T14:42:29","slug":"zippyshare","status":"publish","type":"page","link":"https:\/\/multihoster.org\/fr\/zippyshare\/","title":{"rendered":"Zippyshare Premium Compte: Le Filehoster En Un Coup D&rsquo;\u0153il"},"content":{"rendered":"\n<p>Zippyshare Premium est un <a rel=\"noreferrer noopener\" aria-label=\"service d'h\u00e9bergement de fichiers (FHS) (opens in a new tab)\" href=\"https:\/\/cloud.google.com\/storage\" target=\"_blank\">service d&rsquo;h\u00e9bergement de fichiers (FHS)<\/a> qui permet aux utilisateurs du monde entier d&rsquo;acqu\u00e9rir du stockage en nuage sans avoir \u00e0 s&rsquo;inscrire et qui est enti\u00e8rement gratuit. Zippyshare Premium n&rsquo;a pas de limite de t\u00e9l\u00e9chargement et offre un grand espace de stockage dans le nuage. Pour en savoir plus sur Zippyshare Premium, lisez les rubriques suivantes.<\/p>\n\n\n<a class=\"maxbutton-2 maxbutton maxbutton-cta\" target=\"_blank\" rel=\"nofollow noopener\" href=\"\/go\/\"><span class='mb-text'>&gt;&gt; Acc\u00e9der au site web original de Linkifier<\/span><\/a>\n\n\n<p><\/p>\n\n\n\n<h2>Contexte de la prime Zippyshare<\/h2>\n\n\n\n<p>Zippyshare Premium a \u00e9t\u00e9 lanc\u00e9 en 2006 par la soci\u00e9t\u00e9 Tucows, Inc bas\u00e9e en France. \u00c0 l&rsquo;\u00e9poque, la capacit\u00e9 de stockage \u00e9tait limit\u00e9e de cinquante m\u00e9gaoctets (50 Mo) \u00e0 quatre-vingts m\u00e9gaoctets (80 Mo). Il a finalement \u00e9t\u00e9 port\u00e9 \u00e0 cent m\u00e9gaoctets (100 Mo) et a \u00e9volu\u00e9 avec la technologie actuelle pour offrir des quantit\u00e9s infinies de stockage dans le nuage ou en ligne.<\/p>\n\n\n\n<figure class=\"wp-block-image\"><img src=\"https:\/\/lh5.googleusercontent.com\/jGG6ExEvxfLXvl7PU9quzMr96-jrFDO7CNN3Co5zBomf-zazQ8B5hToKCi1QhjvNOxFuVTntQ1C1aM8un7SfqlJ_yXHTC25smlgCgvmKFB9T0FRf5qUKFO3VxycFTqW2nqg1Rck\" alt=\"Zippyshare Website Layout\"\/><\/figure>\n\n\n\n<p>La derni\u00e8re mise \u00e0 jour de l&rsquo;interface Zippyshare Premium<\/p>\n\n\n\n<p>La prime Zippyshare s&rsquo;est av\u00e9r\u00e9e s\u00fbre et fiable puisqu&rsquo;elle date actuellement d&rsquo;une (1) d\u00e9cennie, trois (3) ans et cinq (5) mois. Ce sont ces d\u00e9tails qui prouvent la l\u00e9gitimit\u00e9 de la plateforme Zippyshare Premium. Le compte Zippyshare Premium est d\u00e9j\u00e0 fiable depuis plus de dix ans et s&rsquo;am\u00e9liore continuellement pour fournir le service d&rsquo;h\u00e9bergement de fichiers le plus efficace et le plus innovant sur le cloud. Pour en savoir plus sur la plateforme Zippyshare Premium, lisez les rubriques suivantes qui expliquent plus en d\u00e9tail les d\u00e9tails sp\u00e9cifiques de la plateforme.<\/p>\n\n\n\n<h2>Avantages de l&rsquo;utilisation de la prime Zippyshare<\/h2>\n\n\n\n<p>Par rapport aux autres services d&rsquo;h\u00e9bergement de fichiers (FHS) et de stockage en nuage, la plateforme Zippyshare Premium pr\u00e9sente de nombreux avantages gr\u00e2ce aux experts innovants et flexibles de la soci\u00e9t\u00e9 Tucows, Inc. Utilisant les derni\u00e8res tendances en mati\u00e8re de g\u00e9nie logiciel et de programmation, la plateforme Zippyshare Premium est remplie d&rsquo;avantages pour offrir la meilleure exp\u00e9rience utilisateur en mati\u00e8re de service d&rsquo;h\u00e9bergement de fichiers (FHS) et de stockage web en ligne ou de stockage en nuage. Le tableau ci-dessous pr\u00e9sente les avantages du compte Zippyshare Premium par rapport aux autres fournisseurs de services d&rsquo;h\u00e9bergement de fichiers et de stockage en ligne concurrents.<\/p>\n\n\n\n<p>Tableau 1. Caract\u00e9ristiques de votre h\u00e9bergement de fichiers habituel et de Zippyshare Premium<\/p>\n\n\n\n<figure class=\"wp-block-table\"><table><tbody><tr><td>Dossier<\/td><td>Fournisseur de services d&rsquo;h\u00e9bergement de fichiers habituel (FHS)<\/td><td>Prime Zippyshare<\/td><\/tr><tr><td>Taxe d&rsquo;entretien<\/td><td>Vous devez payer au moins 20,00 $.<\/td><td>Gratuit et sans frais cach\u00e9s<\/td><\/tr><tr><td>Accessibilit\u00e9<\/td><td>A une conception de site web tr\u00e8s technique<\/td><td>A un design de site web tr\u00e8s innovant et ergonomique<\/td><\/tr><tr><td>Limite de t\u00e9l\u00e9chargement<\/td><td>Maximum de 1 GB par jour<\/td><td>Pas de limite de t\u00e9l\u00e9chargement<\/td><\/tr><tr><td>Taille maximale des fichiers \u00e0 t\u00e9l\u00e9charger<\/td><td>Tr\u00e8s petite taille maximale de fichier \u00e0 t\u00e9l\u00e9charger<\/td><td>Taille maximale du fichier : 500 Mo<\/td><\/tr><tr><td>Allocation maximale de stockage<\/td><td>Maximum de 1 GB par mois<\/td><td>Allocation de stockage illimit\u00e9e par mois<\/td><\/tr><tr><td>Largeur de bande maximale<\/td><td>Maximum de 1 GB par mois<\/td><td>Largeur de bande illimit\u00e9e autoris\u00e9e<\/td><\/tr><tr><td>Protection contre le vol de donn\u00e9es et le phishing de donn\u00e9es<\/td><td>Vuln\u00e9rable au vol de donn\u00e9es et au phishing de donn\u00e9es (par le biais de logiciels publicitaires, de logiciels espions, de logiciels malveillants, de chevaux de Troie et de vers)<\/td><td>Est <a rel=\"noreferrer noopener\" aria-label=\"prot\u00e9g\u00e9  (opens in a new tab)\" href=\"https:\/\/computersciencewiki.org\/index.php\/Client-side_scripting_and_server-side_scripting\" target=\"_blank\">prot\u00e9g\u00e9 <\/a>contre les logiciels publicitaires, les logiciels espions, les logiciels malveillants, les chevaux de Troie et les vers<\/td><\/tr><tr><td>Files d&rsquo;attente et captchas obligatoires<\/td><td>N\u00e9cessaire pour remplir les longues files d&rsquo;attente et les captchas<\/td><td>N&rsquo;a pas eu de longues files d&rsquo;attente et de captures<\/td><\/tr><tr><td>Expiration des fichiers stock\u00e9s<\/td><td>Maximum de 15 jours en cas de non mise \u00e0 jour<\/td><td>Maximum 1 mois apr\u00e8s la derni\u00e8re activit\u00e9<\/td><\/tr><tr><td>Obligation d&rsquo;enregistrement<\/td><td>Enregistrement du compte, v\u00e9rification et connexion n\u00e9cessaires<\/td><td>Aucune connexion requise<\/td><\/tr><\/tbody><\/table><\/figure>\n\n\n\n<p>Comme vous l&rsquo;avez pr\u00e9sent\u00e9 ci-dessus, nous pouvons clairement voir que la plateforme Zippyshare Premium se distingue de votre fournisseur de services d&rsquo;h\u00e9bergement de fichiers concurrent habituel, car elle est gratuite et sans frais cach\u00e9s ; elle a un design de site web tr\u00e8s innovant et ergonomique ; elle n&rsquo;a pas de limite de t\u00e9l\u00e9chargement ; elle peut t\u00e9l\u00e9charger des fichiers d&rsquo;une taille maximale de cinq cents (500 Mo) ; avec une allocation de stockage illimit\u00e9e par mois ; une bande passante illimit\u00e9e est autoris\u00e9e ; il est prot\u00e9g\u00e9 contre les logiciels publicitaires, les logiciels espions, les logiciels malveillants, les chevaux de Troie et les vers ; il n&rsquo;a pas de longues files d&rsquo;attente ni de captures ; il peut conserver vos fichiers jusqu&rsquo;\u00e0 un (1) mois apr\u00e8s votre derni\u00e8re activit\u00e9 ; et enfin, le compte Zippyshare Premium ne n\u00e9cessite aucune inscription ou ouverture de session pour que ses utilisateurs puissent acc\u00e9der aux services de Zippyshare Premium car, sur le compte Zippyshare Premium, nous nous soucions de zipper vos fichiers les plus importants pour que vous puissiez les ch\u00e9rir et les partager.<\/p>\n\n\n\n<p>Pour apprendre et commencer \u00e0 profiter desdits avantages gr\u00e2ce \u00e0 la fonction et aux caract\u00e9ristiques de la plateforme Zippyshare Premium, lisez le sujet ci-dessous et commencez \u00e0 s\u00e9curiser vos fichiers les plus importants ou \u00e0 partager vos souvenirs les plus heureux selon votre volont\u00e9.<\/p>\n\n\n\n<h2>Utilisation de la prime Zippyshare<\/h2>\n\n\n\n<p>L&rsquo;utilisation de la plateforme Zippyshare Premium est tr\u00e8s simple. Que votre ordinateur personnel soit \u00e9quip\u00e9 de Windows, MacOS, Linux ou Unix ou que votre appareil soit un Android ou un iOS, vous pouvez facilement acc\u00e9der \u00e0 sa page web par le biais de sa page web dynamique. Suivez le tutoriel ci-dessous et commencez \u00e0 utiliser la Zippyshare Premium.<\/p>\n\n\n<a class=\"maxbutton-2 maxbutton maxbutton-cta\" target=\"_blank\" rel=\"nofollow noopener\" href=\"\/go\/\"><span class='mb-text'>&gt;&gt; Acc\u00e9der au site web original de Linkifier<\/span><\/a>\n\n\n<p><\/p>\n\n\n\n<figure class=\"wp-block-image\"><img src=\"https:\/\/lh4.googleusercontent.com\/EFl5s6kpJizQDTuwrRpBT6PMrDMgmMYyY2iX2Ak0KMnrA6_oTqZA3_MRaqnwT5L3_1KarpiQicNkY5T2CYCqGeFmKfKcWxsnkdFo7VUEoofIrsHrbsraZOASi8TXaDm6fznAp0M\" alt=\"Zippshare Premium Across Different Devices\"\/><\/figure>\n\n\n\n<p>Le compte Zippyshare Premium dispose d&rsquo;un site web dynamique qui fonctionne sur diff\u00e9rents appareils<\/p>\n\n\n\n<p>1. Il suffit de s\u00e9lectionner le fichier que vous voulez t\u00e9l\u00e9charger et de le stocker sur la plateforme Zippyshare Premium en cliquant sur le bouton \u00ab\u00a0Parcourir\u00a0\u00bb. Apr\u00e8s avoir cliqu\u00e9 sur le bouton \u00ab\u00a0Browse\u00a0\u00bb, un gestionnaire de fichiers appara\u00eetra pour localiser votre fichier. Le t\u00e9l\u00e9chargement de fichiers sur la plateforme Zippyshare Premium ne sera pas entrav\u00e9, quel que soit son type <a rel=\"noreferrer noopener\" aria-label=\"de fichier (opens in a new tab)\" href=\"https:\/\/en.wikipedia.org\/wiki\/List_of_file_formats\" target=\"_blank\">de fichier<\/a>. Tout type de fichier, qu&rsquo;il s&rsquo;agisse d&rsquo;une image, d&rsquo;un fichier audio, d&rsquo;une vid\u00e9o, d&rsquo;un document, d&rsquo;une pr\u00e9sentation ou de tout autre fichier, peut \u00eatre t\u00e9l\u00e9charg\u00e9 sur la plateforme Zippyshare Premium. Vous pouvez t\u00e9l\u00e9charger un maximum de cinq cent m\u00e9gaoctets (500 Mo) par fichier sur la plateforme Zippyshare Premium.<\/p>\n\n\n\n<p>2. Une fois que vous avez s\u00e9lectionn\u00e9 votre fichier, vous pouvez le t\u00e9l\u00e9charger instantan\u00e9ment en cliquant sur le bouton \u00ab\u00a0D\u00e9marrer le t\u00e9l\u00e9chargement\u00a0\u00bb. Vous verrez la progression de l&rsquo;envoi en pourcentage dans la fen\u00eatre contextuelle du compte Zippyshare Premium. Soyez prudent et ne quittez pas votre navigateur et ne vous d\u00e9connectez pas de votre connexion internet pour \u00e9viter la corruption des donn\u00e9es, la perte de donn\u00e9es ou l&rsquo;annulation de votre t\u00e9l\u00e9chargement de fichier.<\/p>\n\n\n\n<p>3. Enfin, lorsque votre t\u00e9l\u00e9chargement est termin\u00e9, vous pouvez d\u00e9finir la confidentialit\u00e9 de votre fichier en public, en priv\u00e9 ou le montrer \u00e0 des personnes s\u00e9lectionn\u00e9es. En principe, lorsque vous rendez votre fichier public, il peut \u00eatre vu par les autres utilisateurs de la plateforme Zippyshare Premium et peut faire l&rsquo;objet de recherches par d&rsquo;autres utilisateurs. Cette fonction maximise le partage de votre ou vos fichiers. Lorsque vous r\u00e9glez la confidentialit\u00e9 de votre fichier sur priv\u00e9, vous seul, en utilisant votre compte, pouvez acc\u00e9der \u00e0 votre fichier dans la plateforme Zippyshare Premium. Par la suite, si vous avez s\u00e9lectionn\u00e9 la confidentialit\u00e9 de votre fichier pour le montrer aux personnes s\u00e9lectionn\u00e9es, vous devrez entrer le nom ou les adresses \u00e9lectroniques des personnes que vous souhaitez partager votre fichier.<\/p>\n\n\n\n<p>Prenez note que chaque fichier aura un lien unique vers le site Zippyshare Premium pour t\u00e9l\u00e9charger votre fichier. Les fichiers qui sont d\u00e9finis comme priv\u00e9s ou qui ne doivent \u00eatre montr\u00e9s qu&rsquo;\u00e0 des personnes s\u00e9lectionn\u00e9es ne peuvent \u00eatre consult\u00e9s par d&rsquo;autres utilisateurs anonymes, \u00e0 moins que vous n&rsquo;autorisiez leur acc\u00e8s. Zippyshare Premium se pr\u00e9occupe du partage de vos fichiers ainsi que de votre vie priv\u00e9e afin de vous prot\u00e9ger contre tous les logiciels publicitaires, espions, malveillants, chevaux de Troie et vers ind\u00e9sirables qui peuvent vous voler des donn\u00e9es et le phishing de donn\u00e9es via votre compte.<\/p>\n\n\n\n<p>En outre, la plateforme Zippyshare Premium peut sans aucun doute fonctionner dans tous les navigateurs disponibles, qu&rsquo;il s&rsquo;agisse du navigateur Microsoft Internet Explorer, Microsoft Edge, Mozilla Firefox, Safari, Opera Tor et de tous les autres grands navigateurs Internet sur tous les appareils. Les experts de Tucows, Inc. ont veill\u00e9 \u00e0 ce que l&rsquo;accessibilit\u00e9 du site web Zippyshare Premium soit activement et dynamiquement disponible sur n&rsquo;importe quel appareil dans le monde entier gr\u00e2ce \u00e0 une <a rel=\"noreferrer noopener\" aria-label=\"programmation  (opens in a new tab)\" href=\"https:\/\/www.khanacademy.org\/computing\/computer-programming\/programming\/intro-to-programming\/v\/programming-intro\" target=\"_blank\">programmation <\/a>informatique avanc\u00e9e et des algorithmes sophistiqu\u00e9s.<\/p>\n\n\n\n<h2>\u00c0 propos du probl\u00e8me de la fraude \u00e0 la prime Zippyshare<\/h2>\n\n\n\n<p>La plateforme Zippyshare Premium soutenue par Tucows, Inc est un site web totalement l\u00e9gitime et v\u00e9rifi\u00e9. Des donn\u00e9es num\u00e9riques ont \u00e9t\u00e9 publi\u00e9es ci-dessus pour prouver que la plateforme Zippyshare Premium n&rsquo;est pas un produit de fraude mais est un fournisseur de services d&rsquo;h\u00e9bergement de fichiers et de stockage en nuage tout \u00e0 fait r\u00e9el. Le compte Zippyshare Premium s&rsquo;occupe de tous vos fichiers, car nous compressons vos fichiers les plus importants pour que vous puissiez les conserver et les partager.<\/p>\n\n\n\n<h2>Derni\u00e8res r\u00e9flexions sur la prime Zippyshare<\/h2>\n\n\n\n<p>La plateforme Zippyshare Premium est \u00e9prouv\u00e9e depuis plus de dix ans pour prot\u00e9ger vos fichiers contre les traqueurs et les pirates informatiques ind\u00e9sirables. La plateforme Zippyshare Premium se soucie de compresser vos fichiers les plus importants afin que vous puissiez les conserver et les partager. Commencez \u00e0 utiliser le compte Zippyshare Premium et d\u00e9couvrez les derni\u00e8res avanc\u00e9es en mati\u00e8re de service d&rsquo;h\u00e9bergement de fichiers (FHS) et de stockage en nuage en utilisant la plateforme Zippyshare Premium.<\/p>\n\n\n\n<h2>Questions fr\u00e9quemment pos\u00e9es sur le compte premium Zippyshare<\/h2>\n\n\n\n<h3>1. La plateforme Zippyshare Premium est-elle l\u00e9gitime et non une escroquerie ?<\/h3>\n\n\n\n<p>La plateforme Zippyshare Premium a \u00e9t\u00e9 d\u00e9velopp\u00e9e par Tucows, Inc bas\u00e9e en France. Elle s&rsquo;est av\u00e9r\u00e9e s\u00fbre et fiable pendant une (1) d\u00e9cennie, trois (3) ans et cinq (5) mois depuis son lancement en 2006.<\/p>\n\n\n\n<h3>2. Comment la prime Zippyshare est-elle r\u00e9mun\u00e9r\u00e9e lorsqu&rsquo;elle fournit ses services gratuitement ?<\/h3>\n\n\n\n<p>La plateforme d&rsquo;h\u00e9bergement de fichiers (FHS) gagne de l&rsquo;argent gr\u00e2ce \u00e0 ses publicit\u00e9s int\u00e9gr\u00e9es dans le site web Zippyshare Premium. On estime qu&rsquo;elle gagne jusqu&rsquo;\u00e0 trente-cinq mille neuf cent cinquante-trois dollars (35.953,00 $) par jour et qu&rsquo;elle vaut environ trente-huit millions huit cent vingt-neuf mille deux cent quarante dollars (38.829.240,00 $).<\/p>\n\n\n\n<h3>3. Quand le domaine Zippyshare Premium va-t-il expirer ?<\/h3>\n\n\n\n<p>Le statut de domaine de Zippyshare Premium expirera le 6 septembre 2021, soit dans presque deux (2) ans.  Il est toujours et encore marqu\u00e9 comme SAFE par cutestat.org pour l&rsquo;absence totale de tout risque qui l&rsquo;a rendu assez c\u00e9l\u00e8bre pour \u00eatre visit\u00e9 par quatre millions quatre cent quarante-neuf mille (4.494.077) personnes diff\u00e9rentes de partout dans le monde sur une base quotidienne avec son site web consult\u00e9 trente-cinq millions neuf cent cinquante-deux mille et six cent six (35.952.616) pages par jour. Il est actuellement num\u00e9ro trois cent quatre-vingt-dix-huit (398) sur le classement Alexa. La plateforme est \u00e9galement index\u00e9e par Google \u00e0 un million six cent trente mille avec des liens retour Google allant jusqu&rsquo;\u00e0 dix-neuf millions huit cent mille (19 800 000). Les d\u00e9veloppeurs, Tucows, Inc, ont fait en sorte que ses utilisateurs puissent assurer la s\u00e9curit\u00e9 et la s\u00fbret\u00e9 de leurs fichiers sur la plateforme, puisque le compte Zippyshare Premium zippe leurs fichiers les plus importants pour qu&rsquo;ils les gardent pr\u00e9cieusement et les partagent.<\/p>\n\n\n<a class=\"maxbutton-2 maxbutton maxbutton-cta\" target=\"_blank\" rel=\"nofollow noopener\" href=\"\/go\/\"><span class='mb-text'>&gt;&gt; Acc\u00e9der au site web original de Linkifier<\/span><\/a>\n\n\n<p><\/p>\n","protected":false},"excerpt":{"rendered":"<p>Zippyshare Premium est un service d&rsquo;h\u00e9bergement de fichiers (FHS) qui permet aux utilisateurs du monde entier d&rsquo;acqu\u00e9rir du stockage en<\/p>\n","protected":false},"author":2,"featured_media":0,"parent":0,"menu_order":0,"comment_status":"closed","ping_status":"closed","template":"","meta":[],"yoast_head":"<!-- This site is optimized with the Yoast SEO plugin v18.3 - https:\/\/yoast.com\/wordpress\/plugins\/seo\/ -->\n<title>Zippyshare Premium Compte: Le Filehoster En Un Coup D&#039;\u0153il<\/title>\n<meta name=\"description\" content=\"Que Zippyshare soit un fournisseur r\u00e9put\u00e9 ou non, vous pouvez trouver la r\u00e9ponse dans le test actuel sur Multihoster.org \u279c Cliquez maintenant sur \u271a pour lire nos exp\u00e9riences !\" \/>\n<meta name=\"robots\" content=\"index, follow, max-snippet:-1, max-image-preview:large, max-video-preview:-1\" \/>\n<link rel=\"canonical\" href=\"https:\/\/multihoster.org\/fr\/zippyshare\/\" \/>\n<meta property=\"og:locale\" content=\"fr_FR\" \/>\n<meta property=\"og:type\" content=\"article\" \/>\n<meta property=\"og:title\" content=\"Zippyshare Premium Compte: Le Filehoster En Un Coup D&#039;\u0153il\" \/>\n<meta property=\"og:description\" content=\"Que Zippyshare soit un fournisseur r\u00e9put\u00e9 ou non, vous pouvez trouver la r\u00e9ponse dans le test actuel sur Multihoster.org \u279c Cliquez maintenant sur \u271a pour lire nos exp\u00e9riences !\" \/>\n<meta property=\"og:url\" content=\"https:\/\/multihoster.org\/fr\/zippyshare\/\" \/>\n<meta property=\"og:site_name\" content=\"Multihoster.org\" \/>\n<meta property=\"article:modified_time\" content=\"2020-05-29T14:42:29+00:00\" \/>\n<meta property=\"og:image\" content=\"https:\/\/lh5.googleusercontent.com\/jGG6ExEvxfLXvl7PU9quzMr96-jrFDO7CNN3Co5zBomf-zazQ8B5hToKCi1QhjvNOxFuVTntQ1C1aM8un7SfqlJ_yXHTC25smlgCgvmKFB9T0FRf5qUKFO3VxycFTqW2nqg1Rck\" \/>\n<meta name=\"twitter:card\" content=\"summary\" \/>\n<meta name=\"twitter:label1\" content=\"Dur\u00e9e de lecture estim\u00e9e\" \/>\n\t<meta name=\"twitter:data1\" content=\"10 minutes\" \/>\n<script type=\"application\/ld+json\" class=\"yoast-schema-graph\">{\"@context\":\"https:\/\/schema.org\",\"@graph\":[{\"@type\":\"WebSite\",\"@id\":\"https:\/\/multihoster.org\/#website\",\"url\":\"https:\/\/multihoster.org\/\",\"name\":\"Multihoster.org\",\"description\":\"Reviews of the major Filehosting services\",\"potentialAction\":[{\"@type\":\"SearchAction\",\"target\":{\"@type\":\"EntryPoint\",\"urlTemplate\":\"https:\/\/multihoster.org\/?s={search_term_string}\"},\"query-input\":\"required name=search_term_string\"}],\"inLanguage\":\"fr-FR\"},{\"@type\":\"ImageObject\",\"@id\":\"https:\/\/multihoster.org\/fr\/zippyshare\/#primaryimage\",\"inLanguage\":\"fr-FR\",\"url\":\"https:\/\/lh5.googleusercontent.com\/jGG6ExEvxfLXvl7PU9quzMr96-jrFDO7CNN3Co5zBomf-zazQ8B5hToKCi1QhjvNOxFuVTntQ1C1aM8un7SfqlJ_yXHTC25smlgCgvmKFB9T0FRf5qUKFO3VxycFTqW2nqg1Rck\",\"contentUrl\":\"https:\/\/lh5.googleusercontent.com\/jGG6ExEvxfLXvl7PU9quzMr96-jrFDO7CNN3Co5zBomf-zazQ8B5hToKCi1QhjvNOxFuVTntQ1C1aM8un7SfqlJ_yXHTC25smlgCgvmKFB9T0FRf5qUKFO3VxycFTqW2nqg1Rck\"},{\"@type\":\"WebPage\",\"@id\":\"https:\/\/multihoster.org\/fr\/zippyshare\/#webpage\",\"url\":\"https:\/\/multihoster.org\/fr\/zippyshare\/\",\"name\":\"Zippyshare Premium Compte: Le Filehoster En Un Coup D'\u0153il\",\"isPartOf\":{\"@id\":\"https:\/\/multihoster.org\/#website\"},\"primaryImageOfPage\":{\"@id\":\"https:\/\/multihoster.org\/fr\/zippyshare\/#primaryimage\"},\"datePublished\":\"2020-04-07T11:19:21+00:00\",\"dateModified\":\"2020-05-29T14:42:29+00:00\",\"description\":\"Que Zippyshare soit un fournisseur r\u00e9put\u00e9 ou non, vous pouvez trouver la r\u00e9ponse dans le test actuel sur Multihoster.org \u279c Cliquez maintenant sur \u271a pour lire nos exp\u00e9riences !\",\"breadcrumb\":{\"@id\":\"https:\/\/multihoster.org\/fr\/zippyshare\/#breadcrumb\"},\"inLanguage\":\"fr-FR\",\"potentialAction\":[{\"@type\":\"ReadAction\",\"target\":[\"https:\/\/multihoster.org\/fr\/zippyshare\/\"]}]},{\"@type\":\"BreadcrumbList\",\"@id\":\"https:\/\/multihoster.org\/fr\/zippyshare\/#breadcrumb\",\"itemListElement\":[{\"@type\":\"ListItem\",\"position\":1,\"name\":\"Startseite\",\"item\":\"https:\/\/multihoster.org\/fr\/\"},{\"@type\":\"ListItem\",\"position\":2,\"name\":\"Zippyshare Premium Compte: Le Filehoster En Un Coup D&rsquo;\u0153il\"}]}]}<\/script>\n<!-- \/ Yoast SEO plugin. -->","yoast_head_json":{"title":"Zippyshare Premium Compte: Le Filehoster En Un Coup D'\u0153il","description":"Que Zippyshare soit un fournisseur r\u00e9put\u00e9 ou non, vous pouvez trouver la r\u00e9ponse dans le test actuel sur Multihoster.org \u279c Cliquez maintenant sur \u271a pour lire nos exp\u00e9riences !","robots":{"index":"index","follow":"follow","max-snippet":"max-snippet:-1","max-image-preview":"max-image-preview:large","max-video-preview":"max-video-preview:-1"},"canonical":"https:\/\/multihoster.org\/fr\/zippyshare\/","og_locale":"fr_FR","og_type":"article","og_title":"Zippyshare Premium Compte: Le Filehoster En Un Coup D'\u0153il","og_description":"Que Zippyshare soit un fournisseur r\u00e9put\u00e9 ou non, vous pouvez trouver la r\u00e9ponse dans le test actuel sur Multihoster.org \u279c Cliquez maintenant sur \u271a pour lire nos exp\u00e9riences !","og_url":"https:\/\/multihoster.org\/fr\/zippyshare\/","og_site_name":"Multihoster.org","article_modified_time":"2020-05-29T14:42:29+00:00","og_image":[{"url":"https:\/\/lh5.googleusercontent.com\/jGG6ExEvxfLXvl7PU9quzMr96-jrFDO7CNN3Co5zBomf-zazQ8B5hToKCi1QhjvNOxFuVTntQ1C1aM8un7SfqlJ_yXHTC25smlgCgvmKFB9T0FRf5qUKFO3VxycFTqW2nqg1Rck"}],"twitter_card":"summary","twitter_misc":{"Dur\u00e9e de lecture estim\u00e9e":"10 minutes"},"schema":{"@context":"https:\/\/schema.org","@graph":[{"@type":"WebSite","@id":"https:\/\/multihoster.org\/#website","url":"https:\/\/multihoster.org\/","name":"Multihoster.org","description":"Reviews of the major Filehosting services","potentialAction":[{"@type":"SearchAction","target":{"@type":"EntryPoint","urlTemplate":"https:\/\/multihoster.org\/?s={search_term_string}"},"query-input":"required name=search_term_string"}],"inLanguage":"fr-FR"},{"@type":"ImageObject","@id":"https:\/\/multihoster.org\/fr\/zippyshare\/#primaryimage","inLanguage":"fr-FR","url":"https:\/\/lh5.googleusercontent.com\/jGG6ExEvxfLXvl7PU9quzMr96-jrFDO7CNN3Co5zBomf-zazQ8B5hToKCi1QhjvNOxFuVTntQ1C1aM8un7SfqlJ_yXHTC25smlgCgvmKFB9T0FRf5qUKFO3VxycFTqW2nqg1Rck","contentUrl":"https:\/\/lh5.googleusercontent.com\/jGG6ExEvxfLXvl7PU9quzMr96-jrFDO7CNN3Co5zBomf-zazQ8B5hToKCi1QhjvNOxFuVTntQ1C1aM8un7SfqlJ_yXHTC25smlgCgvmKFB9T0FRf5qUKFO3VxycFTqW2nqg1Rck"},{"@type":"WebPage","@id":"https:\/\/multihoster.org\/fr\/zippyshare\/#webpage","url":"https:\/\/multihoster.org\/fr\/zippyshare\/","name":"Zippyshare Premium Compte: Le Filehoster En Un Coup D'\u0153il","isPartOf":{"@id":"https:\/\/multihoster.org\/#website"},"primaryImageOfPage":{"@id":"https:\/\/multihoster.org\/fr\/zippyshare\/#primaryimage"},"datePublished":"2020-04-07T11:19:21+00:00","dateModified":"2020-05-29T14:42:29+00:00","description":"Que Zippyshare soit un fournisseur r\u00e9put\u00e9 ou non, vous pouvez trouver la r\u00e9ponse dans le test actuel sur Multihoster.org \u279c Cliquez maintenant sur \u271a pour lire nos exp\u00e9riences !","breadcrumb":{"@id":"https:\/\/multihoster.org\/fr\/zippyshare\/#breadcrumb"},"inLanguage":"fr-FR","potentialAction":[{"@type":"ReadAction","target":["https:\/\/multihoster.org\/fr\/zippyshare\/"]}]},{"@type":"BreadcrumbList","@id":"https:\/\/multihoster.org\/fr\/zippyshare\/#breadcrumb","itemListElement":[{"@type":"ListItem","position":1,"name":"Startseite","item":"https:\/\/multihoster.org\/fr\/"},{"@type":"ListItem","position":2,"name":"Zippyshare Premium Compte: Le Filehoster En Un Coup D&rsquo;\u0153il"}]}]}},"_links":{"self":[{"href":"https:\/\/multihoster.org\/fr\/wp-json\/wp\/v2\/pages\/3170"}],"collection":[{"href":"https:\/\/multihoster.org\/fr\/wp-json\/wp\/v2\/pages"}],"about":[{"href":"https:\/\/multihoster.org\/fr\/wp-json\/wp\/v2\/types\/page"}],"author":[{"embeddable":true,"href":"https:\/\/multihoster.org\/fr\/wp-json\/wp\/v2\/users\/2"}],"replies":[{"embeddable":true,"href":"https:\/\/multihoster.org\/fr\/wp-json\/wp\/v2\/comments?post=3170"}],"version-history":[{"count":3,"href":"https:\/\/multihoster.org\/fr\/wp-json\/wp\/v2\/pages\/3170\/revisions"}],"predecessor-version":[{"id":4575,"href":"https:\/\/multihoster.org\/fr\/wp-json\/wp\/v2\/pages\/3170\/revisions\/4575"}],"wp:attachment":[{"href":"https:\/\/multihoster.org\/fr\/wp-json\/wp\/v2\/media?parent=3170"}],"curies":[{"name":"wp","href":"https:\/\/api.w.org\/{rel}","templated":true}]}}