{"id":3240,"date":"2020-04-07T15:14:19","date_gmt":"2020-04-07T15:14:19","guid":{"rendered":"https:\/\/multihoster.org\/pobierz\/"},"modified":"2020-05-29T15:15:08","modified_gmt":"2020-05-29T15:15:08","slug":"pobierz","status":"publish","type":"page","link":"https:\/\/multihoster.org\/fr\/pobierz\/","title":{"rendered":"Pobierz Premium Compte: Le Filehoster En Un Coup D&rsquo;\u0153il"},"content":{"rendered":"<a class=\"maxbutton-2 maxbutton maxbutton-cta\" target=\"_blank\" rel=\"nofollow noopener\" href=\"\/go\/\"><span class='mb-text'>&gt;&gt; Acc\u00e9der au site web original de Linkifier<\/span><\/a>\n\n\n<figure class=\"wp-block-image\"><img src=\"https:\/\/lh5.googleusercontent.com\/3wfv5DvQ8nXJrn63afXmHk3vHDU2P9Qc52t0gcb1DGySTk2gMQeM2Xw8-xt8A3_h79_uhIAePowyrlqubfV6Jkh3GlmEnY9ZOdwMTu8kqoaQZ7Ew4S7urFH2qT9pQxRCA3n63XM\" alt=\"Pobierz Logo\"\/><\/figure>\n\n\n\n<p>Pobierz est un service (<a rel=\"noreferrer noopener\" aria-label=\"d'h\u00e9bergement de fichiers (opens in a new tab)\" href=\"https:\/\/www.techopedia.com\/definition\/25310\/file-hosting-service\" target=\"_blank\">d&rsquo;h\u00e9bergement de fichiers<\/a>) qui offre des solutions de partage faciles pour vous et vos amis ou pairs. Bien qu&rsquo;il soit moins populaire que de nombreux autres h\u00e9bergeurs de fichiers, on ne peut pas nier que Pobierz a son mot \u00e0 dire sur la qualit\u00e9 du service. Sans parler de l&rsquo;importance accord\u00e9e \u00e0 la s\u00e9curit\u00e9, qui fait d\u00e9faut \u00e0 la plupart des services d&rsquo;h\u00e9bergement de fichiers. Pobierz prend \u00e9galement en charge presque tous les types de fichiers, ce qui offre une grande souplesse \u00e0 ses utilisateurs. Avec une qualit\u00e9 de service comparable \u00e0 celle des h\u00e9bergeurs de fichiers les plus populaires, Pobierz reste l&rsquo;un des services d&rsquo;h\u00e9bergement de fichiers en ligne les moins chers.<\/p>\n\n\n\n<p>Toutefois, malgr\u00e9 ces caract\u00e9ristiques dont le compte gratuit de Pobierz peut profiter librement, son compte am\u00e9lior\u00e9 peut offrir un service encore plus performant. Les titulaires d&rsquo;un compte Pobierz Premium ont droit \u00e0 des mises \u00e0 niveau importantes en ce qui concerne la vitesse, la limite de t\u00e9l\u00e9chargement et la capacit\u00e9 de stockage, le tout moyennant un abonnement tr\u00e8s bon march\u00e9.<\/p>\n\n\n\n<figure class=\"wp-block-image\"><img src=\"https:\/\/lh3.googleusercontent.com\/Poc3zmnhybCZ6FYacWZHTat-CFbQP_-L93ZhxzPDd6VDqJRdfcSPowg06SmyrAVlwdi_vrxsl881fgTzHMFsFIgH2-7EsjxhaTNs4VDZZHiqcBPeIpBwGM7ZTfPwSagmy2vPs_Y\" alt=\"Pobierz Premium website\"\/><\/figure>\n\n\n\n<h2>Caract\u00e9ristiques notables de la prime Pobierz<\/h2>\n\n\n\n<h3>Une capacit\u00e9 de stockage plus importante<\/h3>\n\n\n\n<p>Un compte Pobierz Premium vous permet de b\u00e9n\u00e9ficier d&rsquo;un espace disque pouvant atteindre 10 To. C&rsquo;est parfait si vous souhaitez stocker des fichiers volumineux comme des vid\u00e9os, des films de haute qualit\u00e9 et d&rsquo;autres types de m\u00e9dias. Les cr\u00e9ateurs de contenu num\u00e9rique peuvent faire des sauvegardes et des archives de leur contenu en <a rel=\"noreferrer noopener\" aria-label=\"ligne le stockage en nuage. (opens in a new tab)\" href=\"https:\/\/searchstorage.techtarget.com\/definition\/cloud-storage\" target=\"_blank\">ligne le stockage en nuage.<\/a><\/p>\n\n\n\n<h3>Pas de publicit\u00e9<\/h3>\n\n\n\n<p>Les publicit\u00e9s peuvent \u00eatre tr\u00e8s ennuyeuses et peuvent contenir des logiciels malveillants qui peuvent endommager votre appareil, mais dans d&rsquo;autres sites d&rsquo;h\u00e9bergement de fichiers gratuits, c&rsquo;est la seule fa\u00e7on pour eux de percevoir des revenus. Mais l&rsquo;achat d&rsquo;un compte Pobierz Premium d\u00e9sactive automatiquement toute publicit\u00e9 ou fen\u00eatre contextuelle pendant que vous utilisez leur service de stockage en ligne.<\/p>\n\n\n\n<h3>Vitesse de t\u00e9l\u00e9chargement illimit\u00e9e<\/h3>\n\n\n\n<p>Les utilisateurs gratuits ont une priorit\u00e9 moindre dans le trafic de donn\u00e9es, mais les propri\u00e9taires de comptes Pobierz Premium ont une allocation de bande passante plus \u00e9lev\u00e9e, ce qui permet de t\u00e9l\u00e9charger plus rapidement des fichiers et des m\u00e9dias. Avec Pobierz, il est possible d&rsquo;acc\u00e9der facilement \u00e0 vos fichiers gr\u00e2ce \u00e0 la vitesse de t\u00e9l\u00e9chargement illimit\u00e9e et \u00e0 la bande passante plus importante accord\u00e9e aux propri\u00e9taires de comptes Premium.<\/p>\n\n\n\n<h3>T\u00e9l\u00e9charger plusieurs fichiers<\/h3>\n\n\n\n<p>La possibilit\u00e9 de t\u00e9l\u00e9charger plusieurs fichiers est tr\u00e8s utile si vous \u00eates press\u00e9, mais malheureusement, le compte gratuit ne prend pas en charge une telle fonctionnalit\u00e9. Pour utiliser la fonction de t\u00e9l\u00e9chargement multiple, vous devez disposer d&rsquo;un compte Pobierz Premium. Mais c&rsquo;est tr\u00e8s efficace et cette fonction est l&rsquo;une des raisons pour lesquelles de plus en plus de personnes obtiennent leur propre compte Pobierz Premium. Vous pouvez t\u00e9l\u00e9charger tous les fichiers que vous voulez simultan\u00e9ment, votre connexion internet est la seule limite.<\/p>\n\n\n\n<h3>Acc\u00e9l\u00e9rateur de t\u00e9l\u00e9chargement<\/h3>\n\n\n\n<p>Si vous avez encore besoin d&rsquo;une vitesse de t\u00e9l\u00e9chargement plus \u00e9lev\u00e9e, vous pouvez utiliser (<a rel=\"noreferrer noopener\" aria-label=\"les acc\u00e9l\u00e9rateurs de t\u00e9l\u00e9chargement (opens in a new tab)\" href=\"http:\/\/ask-leo.com\/how_do_download_accelerators_work.html\" target=\"_blank\">les acc\u00e9l\u00e9rateurs de t\u00e9l\u00e9chargement<\/a>). Heureusement, le Pobierz Premium offre un support complet pour tous les acc\u00e9l\u00e9rateurs de t\u00e9l\u00e9chargement disponibles en ligne. Cette fonction permet aux utilisateurs d&rsquo;am\u00e9liorer compl\u00e8tement leur vitesse de t\u00e9l\u00e9chargement, rendant ainsi l&rsquo;acc\u00e8s \u00e0 leurs fichiers et \u00e0 leurs m\u00e9dias plus rapide et plus facile.<\/p>\n\n\n\n<h3>Stockage en ligne s\u00e9curis\u00e9<\/h3>\n\n\n\n<p>Le Pobierz Premium est l&rsquo;un des services de stockage en ligne les plus s\u00fbrs qui existent. Vous voulez peut-\u00eatre \u00eatre assur\u00e9 de la s\u00e9curit\u00e9 de vos fichiers, surtout s&rsquo;ils sont destin\u00e9s \u00e0 une entreprise comme les documents ou le contenu en g\u00e9n\u00e9ral. M\u00eame si vous ne faites que sauvegarder tous vos films pr\u00e9f\u00e9r\u00e9s dans votre stockage en ligne, la s\u00e9curit\u00e9 des fichiers reste tr\u00e8s importante.<\/p>\n\n\n\n<h2>Comment obtenir votre propre compte premium Pobierz<\/h2>\n\n\n\n<p>Obtenir son propre compte Pobierz Premium est assez facile. Ils proposent diff\u00e9rentes m\u00e9thodes de paiement pour r\u00e9pondre aux besoins de chaque client. Ils acceptent les cartes VISA, MasterCard et Paypal. DotPay est \u00e9galement disponible comme m\u00e9thode de paiement.<\/p>\n\n\n\n<p><strong>Choix d&rsquo;un mode de paiement :<\/strong><\/p>\n\n\n\n<figure class=\"wp-block-table\"><table><tbody><tr><td><\/td><td>VISA et\/ou MasterCard<\/td><td>3 jours de prime co\u00fbtent 4,00 \u20ac.<\/td><\/tr><tr><td><\/td><td>DotPay<\/td><td>3 jours de prime co\u00fbtent 6,00 PLN<\/td><\/tr><tr><td><\/td><td>Acheter un bon de prime via Takevoucher.com<\/td><td>O\u00f9 un utilisateur potentiel peut acheter un bon d&rsquo;achat Premium et peut \u00eatre pay\u00e9 par Paypal, Visa, MasterCard, Bitcoin et Amazon. Apr\u00e8s avoir s\u00e9lectionn\u00e9 ce paiement, vous devez \u00e0 nouveau s\u00e9lectionner le forfait souhait\u00e9<\/td><\/tr><tr><td><\/td><td>Acheter un bon de prime via KeyInstant.com<\/td><td>O\u00f9 un utilisateur potentiel peut acheter un bon d&rsquo;achat Premium et peut \u00eatre pay\u00e9 par Paypal, Visa, MasterCard, Bitcoin et Amazon.<\/td><\/tr><tr><td><\/td><td>Autres modes de paiement \u00e9trangers tels que Paysera, SafetyPay, HSBC, Nordea, Maxima, Barclays, SwedBank, Lloyds Bank, Sofort, DNB, RBS, WebMoney, Bitcoin etc.<\/td><td>Other Foreign Payment Methods such as Paysera, SafetyPay, HSBC, Nordea, Maxima, Barclays, SwedBank, Lloyds Bank, Sofort, DNB, RBS, WebMoney, Bitcoin etc.<\/td><\/tr><tr><td><\/td><td>Service SMS<\/td><td>Payez en utilisant le service SMS. Les paiements par SMS ne sont disponibles que pour un compte d&rsquo;utilisateur existant.<\/td><\/tr><\/tbody><\/table><\/figure>\n\n\n<a class=\"maxbutton-2 maxbutton maxbutton-cta\" target=\"_blank\" rel=\"nofollow noopener\" href=\"\/go\/\"><span class='mb-text'>&gt;&gt; Acc\u00e9der au site web original de Linkifier<\/span><\/a>\n\n\n<p><\/p>\n\n\n\n<h2>Les avantages d&rsquo;un compte premium Pobierz<\/h2>\n\n\n\n<p>\u2714\ufe0f T\u00e9l\u00e9chargement direct, plus d&rsquo;attente.<\/p>\n\n\n\n<p>\u2714\ufe0f Free of Ads &#8211; Maximisez l&rsquo;utilisation de votre compte sans aucune interruption.<\/p>\n\n\n\n<p>\u2714\ufe0f Nombre illimit\u00e9 de t\u00e9l\u00e9chargements simultan\u00e9s &#8211; Utilisez-le \u00e0 l&rsquo;extr\u00eame de vos ressources.<\/p>\n\n\n\n<p>\u2714\ufe0f Vitesse de t\u00e9l\u00e9chargement la plus \u00e9lev\u00e9e &#8211; Tempo de t\u00e9l\u00e9chargement sans probl\u00e8me.<\/p>\n\n\n\n<p>\u2714\ufe0f Soutien aux acc\u00e9l\u00e9rateurs de t\u00e9l\u00e9chargement<\/p>\n\n\n\n<p>\u2714\ufe0f Surface de disque illimit\u00e9e &#8211; Profitez d&rsquo;un disque externe sans limite.<\/p>\n\n\n\n<p>\u2714\ufe0f Stockage de fichiers sans restrictions<\/p>\n\n\n\n<p>\u2714\ufe0f Taille des fichiers jusqu&rsquo;\u00e0 10 Go &#8211; Tout simplement wow !<\/p>\n\n\n\n<h2>Foire aux questions (FAQ)<\/h2>\n\n\n\n<h3><strong>Q<\/strong>: Is the Pobierz service free?<\/h3>\n\n\n\n<p><strong>A<\/strong>: Oui, le chargement et le t\u00e9l\u00e9chargement sont gratuits. Mais nous proposons un service de compte premium qui autorise une plus grande souplesse dans les t\u00e9l\u00e9chargements et \/ ou les t\u00e9l\u00e9chargements.<\/p>\n\n\n\n<h3><strong>Q<\/strong>: Les fichiers que j&rsquo;ai stock\u00e9s seront-ils supprim\u00e9s ?<\/h3>\n\n\n\n<p><strong>A<\/strong>: Pour les utilisateurs sans compte (invit\u00e9) ou avec un compte gratuit, les fichiers seront stock\u00e9s pendant 30 jours seulement. Les fichiers ou documents du compte Premium sont stock\u00e9s sans limitation. Conform\u00e9ment aux r\u00e8gles et r\u00e8glements du site web.<\/p>\n\n\n\n<h3><strong>Q<\/strong>: Combien de fichiers puis-je transf\u00e9rer sur mon compte ?<\/h3>\n\n\n\n<p><strong>A<\/strong>: Vous pouvez t\u00e9l\u00e9charger un nombre illimit\u00e9 de fichiers \u00e0 condition que leur contenu soit conforme \u00e0 notre r\u00e9glementation et ne d\u00e9passe pas la taille autoris\u00e9e.<\/p>\n\n\n\n<h3><strong>Q<\/strong>: Quels types de fichiers puis-je t\u00e9l\u00e9charger ?<\/h3>\n\n\n\n<p><strong>A<\/strong>: Vous pouvez t\u00e9l\u00e9charger tout type de fichier sur lequel vous avez des droits qui n&rsquo;affectent pas le classement inf\u00e9rieur de la plateforme, sans intimider les titulaires de compte et l&rsquo;administrateur du site web, et sans tromper personne, en accord avec l&rsquo;ordre du site.<\/p>\n\n\n\n<h3><strong>Q<\/strong>: Y a-t-il des contraintes sur le volume de mes fichiers t\u00e9l\u00e9charg\u00e9s ?<\/h3>\n\n\n\n<p><strong>A<\/strong>: Chacun de vos fichiers doit \u00eatre inf\u00e9rieur \u00e0 10,00 GB. Ce c\u00f4t\u00e9 doit \u00eatre la seule limite.<\/p>\n\n\n\n<h3><strong>Q<\/strong>: Est-il viable de poursuivre le t\u00e9l\u00e9chargement ?<\/h3>\n\n\n\n<p><strong>A<\/strong>: Oui, il est possible de poursuivre le t\u00e9l\u00e9chargement pendant 2 minutes apr\u00e8s un transfert interrompu, sans recalculer le transfert pour le fichier t\u00e9l\u00e9charg\u00e9.<\/p>\n\n\n\n<h3><strong>Q<\/strong>: Comment puis-je \u00e9largir \/ reformuler ma limite de transfert quotidienne ?<\/h3>\n\n\n\n<p><strong>A<\/strong>: Il vous suffit d&rsquo;acheter ou de prolonger le service de votre compte Pobierz Premium et le transfert sera automatiquement \u00ab\u00a0mis \u00e0 z\u00e9ro\u00a0\u00bb.<\/p>\n\n\n\n<h2>Pourquoi le site web de Pobierz n&rsquo;est-il pas disponible en ce moment ?<\/h2>\n\n\n\n<figure class=\"wp-block-image\"><img src=\"https:\/\/lh6.googleusercontent.com\/1-c0Di-QKZ4ot-F-my44mxt__MYaNhu35C_qGkstJU2Z7VqKFpBbBzTfvY5IXMY9EhhO6nCsKEb-gKl6UmFEUIBou-T11BHy0ZrV9NSmqjrYwaThwWoOoIMjJ47S7C3R0YOlnpA\" alt=\"Pobierz contact support field\"\/><\/figure>\n\n\n\n<p>Le site web de Pobierz fait actuellement l&rsquo;objet d&rsquo;une maintenance sp\u00e9ciale. Pour les utilisateurs actuels qui ont des fichiers importants dans leur compte, il est conseill\u00e9 de les t\u00e9l\u00e9charger et de les copier dans un autre endroit s\u00e9curis\u00e9 pendant ce temps. Les fonds \u00e9galement collect\u00e9s dans le cadre du programme de partenariat ont tous \u00e9t\u00e9 vers\u00e9s lorsque le montant minimum de retrait a \u00e9t\u00e9 modifi\u00e9 \u00e0 5 PLN<\/p>\n\n\n\n<p>Si vous \u00eates int\u00e9ress\u00e9 par l&rsquo;achat du service &#8211; vous pouvez contacter le support du site officiel en utilisant le formulaire de contact. Et si vous \u00eates un utilisateur qui a encore un compte PREMIUM actif et qui n&rsquo;a pas contact\u00e9 le support de Pobierz pour une compensation, veuillez le faire \u00e9galement via le formulaire de contact..<\/p>\n\n\n\n<p>Cela vise toutefois \u00e0 am\u00e9liorer leur service pour leurs clients. Soyez assur\u00e9s que lorsque le Pobierz reviendra, il disposera d&rsquo;un service d&rsquo;h\u00e9bergement de fichiers plus s\u00fbr et plus rapide. <\/p>\n\n\n<a class=\"maxbutton-2 maxbutton maxbutton-cta\" target=\"_blank\" rel=\"nofollow noopener\" href=\"\/go\/\"><span class='mb-text'>&gt;&gt; Acc\u00e9der au site web original de Linkifier<\/span><\/a>","protected":false},"excerpt":{"rendered":"<p>Pobierz est un service (d&rsquo;h\u00e9bergement de fichiers) qui offre des solutions de partage faciles pour vous et vos amis ou<\/p>\n","protected":false},"author":2,"featured_media":0,"parent":0,"menu_order":0,"comment_status":"closed","ping_status":"closed","template":"","meta":[],"yoast_head":"<!-- This site is optimized with the Yoast SEO plugin v18.3 - https:\/\/yoast.com\/wordpress\/plugins\/seo\/ -->\n<title>Pobierz Premium Compte: Le Filehoster En Un Coup D&#039;\u0153il<\/title>\n<meta name=\"description\" content=\"Que Pobierz soit un fournisseur r\u00e9put\u00e9 ou non, vous pouvez trouver la r\u00e9ponse dans le test actuel sur Multihoster.org \u279c Cliquez maintenant sur \u271a pour lire nos exp\u00e9riences !\" \/>\n<meta name=\"robots\" content=\"index, follow, max-snippet:-1, max-image-preview:large, max-video-preview:-1\" \/>\n<link rel=\"canonical\" href=\"https:\/\/multihoster.org\/fr\/pobierz\/\" \/>\n<meta property=\"og:locale\" content=\"fr_FR\" \/>\n<meta property=\"og:type\" content=\"article\" \/>\n<meta property=\"og:title\" content=\"Pobierz Premium Compte: Le Filehoster En Un Coup D&#039;\u0153il\" \/>\n<meta property=\"og:description\" content=\"Que Pobierz soit un fournisseur r\u00e9put\u00e9 ou non, vous pouvez trouver la r\u00e9ponse dans le test actuel sur Multihoster.org \u279c Cliquez maintenant sur \u271a pour lire nos exp\u00e9riences !\" \/>\n<meta property=\"og:url\" content=\"https:\/\/multihoster.org\/fr\/pobierz\/\" \/>\n<meta property=\"og:site_name\" content=\"Multihoster.org\" \/>\n<meta property=\"article:modified_time\" content=\"2020-05-29T15:15:08+00:00\" \/>\n<meta property=\"og:image\" content=\"https:\/\/lh5.googleusercontent.com\/3wfv5DvQ8nXJrn63afXmHk3vHDU2P9Qc52t0gcb1DGySTk2gMQeM2Xw8-xt8A3_h79_uhIAePowyrlqubfV6Jkh3GlmEnY9ZOdwMTu8kqoaQZ7Ew4S7urFH2qT9pQxRCA3n63XM\" \/>\n<meta name=\"twitter:card\" content=\"summary\" \/>\n<meta name=\"twitter:label1\" content=\"Dur\u00e9e de lecture estim\u00e9e\" \/>\n\t<meta name=\"twitter:data1\" content=\"7 minutes\" \/>\n<script type=\"application\/ld+json\" class=\"yoast-schema-graph\">{\"@context\":\"https:\/\/schema.org\",\"@graph\":[{\"@type\":\"WebSite\",\"@id\":\"https:\/\/multihoster.org\/#website\",\"url\":\"https:\/\/multihoster.org\/\",\"name\":\"Multihoster.org\",\"description\":\"Reviews of the major Filehosting services\",\"potentialAction\":[{\"@type\":\"SearchAction\",\"target\":{\"@type\":\"EntryPoint\",\"urlTemplate\":\"https:\/\/multihoster.org\/?s={search_term_string}\"},\"query-input\":\"required name=search_term_string\"}],\"inLanguage\":\"fr-FR\"},{\"@type\":\"ImageObject\",\"@id\":\"https:\/\/multihoster.org\/fr\/pobierz\/#primaryimage\",\"inLanguage\":\"fr-FR\",\"url\":\"https:\/\/lh5.googleusercontent.com\/3wfv5DvQ8nXJrn63afXmHk3vHDU2P9Qc52t0gcb1DGySTk2gMQeM2Xw8-xt8A3_h79_uhIAePowyrlqubfV6Jkh3GlmEnY9ZOdwMTu8kqoaQZ7Ew4S7urFH2qT9pQxRCA3n63XM\",\"contentUrl\":\"https:\/\/lh5.googleusercontent.com\/3wfv5DvQ8nXJrn63afXmHk3vHDU2P9Qc52t0gcb1DGySTk2gMQeM2Xw8-xt8A3_h79_uhIAePowyrlqubfV6Jkh3GlmEnY9ZOdwMTu8kqoaQZ7Ew4S7urFH2qT9pQxRCA3n63XM\"},{\"@type\":\"WebPage\",\"@id\":\"https:\/\/multihoster.org\/fr\/pobierz\/#webpage\",\"url\":\"https:\/\/multihoster.org\/fr\/pobierz\/\",\"name\":\"Pobierz Premium Compte: Le Filehoster En Un Coup D'\u0153il\",\"isPartOf\":{\"@id\":\"https:\/\/multihoster.org\/#website\"},\"primaryImageOfPage\":{\"@id\":\"https:\/\/multihoster.org\/fr\/pobierz\/#primaryimage\"},\"datePublished\":\"2020-04-07T15:14:19+00:00\",\"dateModified\":\"2020-05-29T15:15:08+00:00\",\"description\":\"Que Pobierz soit un fournisseur r\u00e9put\u00e9 ou non, vous pouvez trouver la r\u00e9ponse dans le test actuel sur Multihoster.org \u279c Cliquez maintenant sur \u271a pour lire nos exp\u00e9riences !\",\"breadcrumb\":{\"@id\":\"https:\/\/multihoster.org\/fr\/pobierz\/#breadcrumb\"},\"inLanguage\":\"fr-FR\",\"potentialAction\":[{\"@type\":\"ReadAction\",\"target\":[\"https:\/\/multihoster.org\/fr\/pobierz\/\"]}]},{\"@type\":\"BreadcrumbList\",\"@id\":\"https:\/\/multihoster.org\/fr\/pobierz\/#breadcrumb\",\"itemListElement\":[{\"@type\":\"ListItem\",\"position\":1,\"name\":\"Startseite\",\"item\":\"https:\/\/multihoster.org\/fr\/\"},{\"@type\":\"ListItem\",\"position\":2,\"name\":\"Pobierz Premium Compte: Le Filehoster En Un Coup D&rsquo;\u0153il\"}]}]}<\/script>\n<!-- \/ Yoast SEO plugin. -->","yoast_head_json":{"title":"Pobierz Premium Compte: Le Filehoster En Un Coup D'\u0153il","description":"Que Pobierz soit un fournisseur r\u00e9put\u00e9 ou non, vous pouvez trouver la r\u00e9ponse dans le test actuel sur Multihoster.org \u279c Cliquez maintenant sur \u271a pour lire nos exp\u00e9riences !","robots":{"index":"index","follow":"follow","max-snippet":"max-snippet:-1","max-image-preview":"max-image-preview:large","max-video-preview":"max-video-preview:-1"},"canonical":"https:\/\/multihoster.org\/fr\/pobierz\/","og_locale":"fr_FR","og_type":"article","og_title":"Pobierz Premium Compte: Le Filehoster En Un Coup D'\u0153il","og_description":"Que Pobierz soit un fournisseur r\u00e9put\u00e9 ou non, vous pouvez trouver la r\u00e9ponse dans le test actuel sur Multihoster.org \u279c Cliquez maintenant sur \u271a pour lire nos exp\u00e9riences !","og_url":"https:\/\/multihoster.org\/fr\/pobierz\/","og_site_name":"Multihoster.org","article_modified_time":"2020-05-29T15:15:08+00:00","og_image":[{"url":"https:\/\/lh5.googleusercontent.com\/3wfv5DvQ8nXJrn63afXmHk3vHDU2P9Qc52t0gcb1DGySTk2gMQeM2Xw8-xt8A3_h79_uhIAePowyrlqubfV6Jkh3GlmEnY9ZOdwMTu8kqoaQZ7Ew4S7urFH2qT9pQxRCA3n63XM"}],"twitter_card":"summary","twitter_misc":{"Dur\u00e9e de lecture estim\u00e9e":"7 minutes"},"schema":{"@context":"https:\/\/schema.org","@graph":[{"@type":"WebSite","@id":"https:\/\/multihoster.org\/#website","url":"https:\/\/multihoster.org\/","name":"Multihoster.org","description":"Reviews of the major Filehosting services","potentialAction":[{"@type":"SearchAction","target":{"@type":"EntryPoint","urlTemplate":"https:\/\/multihoster.org\/?s={search_term_string}"},"query-input":"required name=search_term_string"}],"inLanguage":"fr-FR"},{"@type":"ImageObject","@id":"https:\/\/multihoster.org\/fr\/pobierz\/#primaryimage","inLanguage":"fr-FR","url":"https:\/\/lh5.googleusercontent.com\/3wfv5DvQ8nXJrn63afXmHk3vHDU2P9Qc52t0gcb1DGySTk2gMQeM2Xw8-xt8A3_h79_uhIAePowyrlqubfV6Jkh3GlmEnY9ZOdwMTu8kqoaQZ7Ew4S7urFH2qT9pQxRCA3n63XM","contentUrl":"https:\/\/lh5.googleusercontent.com\/3wfv5DvQ8nXJrn63afXmHk3vHDU2P9Qc52t0gcb1DGySTk2gMQeM2Xw8-xt8A3_h79_uhIAePowyrlqubfV6Jkh3GlmEnY9ZOdwMTu8kqoaQZ7Ew4S7urFH2qT9pQxRCA3n63XM"},{"@type":"WebPage","@id":"https:\/\/multihoster.org\/fr\/pobierz\/#webpage","url":"https:\/\/multihoster.org\/fr\/pobierz\/","name":"Pobierz Premium Compte: Le Filehoster En Un Coup D'\u0153il","isPartOf":{"@id":"https:\/\/multihoster.org\/#website"},"primaryImageOfPage":{"@id":"https:\/\/multihoster.org\/fr\/pobierz\/#primaryimage"},"datePublished":"2020-04-07T15:14:19+00:00","dateModified":"2020-05-29T15:15:08+00:00","description":"Que Pobierz soit un fournisseur r\u00e9put\u00e9 ou non, vous pouvez trouver la r\u00e9ponse dans le test actuel sur Multihoster.org \u279c Cliquez maintenant sur \u271a pour lire nos exp\u00e9riences !","breadcrumb":{"@id":"https:\/\/multihoster.org\/fr\/pobierz\/#breadcrumb"},"inLanguage":"fr-FR","potentialAction":[{"@type":"ReadAction","target":["https:\/\/multihoster.org\/fr\/pobierz\/"]}]},{"@type":"BreadcrumbList","@id":"https:\/\/multihoster.org\/fr\/pobierz\/#breadcrumb","itemListElement":[{"@type":"ListItem","position":1,"name":"Startseite","item":"https:\/\/multihoster.org\/fr\/"},{"@type":"ListItem","position":2,"name":"Pobierz Premium Compte: Le Filehoster En Un Coup D&rsquo;\u0153il"}]}]}},"_links":{"self":[{"href":"https:\/\/multihoster.org\/fr\/wp-json\/wp\/v2\/pages\/3240"}],"collection":[{"href":"https:\/\/multihoster.org\/fr\/wp-json\/wp\/v2\/pages"}],"about":[{"href":"https:\/\/multihoster.org\/fr\/wp-json\/wp\/v2\/types\/page"}],"author":[{"embeddable":true,"href":"https:\/\/multihoster.org\/fr\/wp-json\/wp\/v2\/users\/2"}],"replies":[{"embeddable":true,"href":"https:\/\/multihoster.org\/fr\/wp-json\/wp\/v2\/comments?post=3240"}],"version-history":[{"count":4,"href":"https:\/\/multihoster.org\/fr\/wp-json\/wp\/v2\/pages\/3240\/revisions"}],"predecessor-version":[{"id":4591,"href":"https:\/\/multihoster.org\/fr\/wp-json\/wp\/v2\/pages\/3240\/revisions\/4591"}],"wp:attachment":[{"href":"https:\/\/multihoster.org\/fr\/wp-json\/wp\/v2\/media?parent=3240"}],"curies":[{"name":"wp","href":"https:\/\/api.w.org\/{rel}","templated":true}]}}