{"id":3331,"date":"2020-04-08T06:46:37","date_gmt":"2020-04-08T06:46:37","guid":{"rendered":"https:\/\/multihoster.org\/katfile-premium-account-the-filehoster-at-a-glance\/"},"modified":"2020-12-14T18:19:55","modified_gmt":"2020-12-14T18:19:55","slug":"katfile","status":"publish","type":"page","link":"https:\/\/multihoster.org\/fr\/katfile\/","title":{"rendered":"KatFile Premium Compte: Le Filehoster En Un Coup D&rsquo;\u0153il"},"content":{"rendered":"\n<p>Comme un ami f\u00e9lin, vous pouvez compter sur Katfile Premium Account pour \u00eatre le meilleur fournisseur de <a href=\"https:\/\/cloud.google.com\/storage\" target=\"_blank\" rel=\"noreferrer noopener\" aria-label=\"services d'h\u00e9bergement de fichiers (FHS)  (opens in a new tab)\">services d&rsquo;h\u00e9bergement de fichiers (FHS) <\/a>pour tous vos fichiers. Qu&rsquo;il s&rsquo;agisse d&rsquo;un document, d&rsquo;une vid\u00e9o, d&rsquo;un fichier audio ou de tout autre type de fichier, Katfile Premium Account vous accompagnera dans la sauvegarde de vos fichiers les plus importants en ligne.<\/p>\n\n\n\n<p>Katfile Premium est un fournisseur r\u00e9put\u00e9 de services d&rsquo;h\u00e9bergement de fichiers en ligne (FHS), vous trouverez plus d&rsquo;informations dans le test actuel sur notre site web. Lisez les articles suivants et enrichissez-vous des fonctions et caract\u00e9ristiques de Katfile Premium Account.<\/p>\n\n\n<a class=\"maxbutton-2 maxbutton maxbutton-cta\" target=\"_blank\" rel=\"nofollow noopener\" href=\"\/katfile\/goto\/\"><span class='mb-text'>&gt;&gt; Acc\u00e9der au site web original de Katfile<\/span><\/a>\n\n\n<p><\/p>\n\n\n\n<h2>Fiche d&rsquo;information sur le compte premium Katfile<\/h2>\n\n\n\n<p>Un compte Katfile Premium vous permettra d&rsquo;acc\u00e9der au service d&rsquo;h\u00e9bergement de fichiers Katfile (FHS) ou au stockage en nuage qui peut servir de fichier de sauvegarde pour tous vos fichiers, m\u00eame s&rsquo;il s&rsquo;agit d&rsquo;un document, de vid\u00e9os, d&rsquo;audios et de tout autre type de fichiers. Maintenant que vous connaissez les d\u00e9veloppeurs et les chiffres du compte Katfile Premium, apprenez-en plus sur ses riches fonctionnalit\u00e9s et ses caract\u00e9ristiques en lisant l&rsquo;article ci-dessous.<\/p>\n\n\n\n<h2>Riche fonctionnalit\u00e9 et caract\u00e9ristiques de la plateforme de compte premium Katfile<\/h2>\n\n\n\n<p>Katfile peut \u00eatre assimil\u00e9 \u00e0 un compagnon de voyage f\u00e9lin qui vous apporte confort et s\u00e9curit\u00e9 en vous accompagnant. En utilisant la plateforme Katfile, vous pouvez facilement acc\u00e9der aux riches fonctions et caract\u00e9ristiques du compte Katfile Premium, car vous pouvez s\u00e9curiser votre propre espace chez le fournisseur de services d&rsquo;h\u00e9bergement de fichiers Katfile (FHS). Alors que d&rsquo;autres fournisseurs de services d&rsquo;h\u00e9bergement de fichiers (FHS) ou de stockage en nuage limitent le type de fichier que vous pouvez t\u00e9l\u00e9charger, la plateforme Katfile, par le biais du compte Katfile Premium, vous permet de t\u00e9l\u00e9charger n&rsquo;importe quoi, ind\u00e9pendamment du <a href=\"https:\/\/en.wikipedia.org\/wiki\/List_of_file_formats\" target=\"_blank\" rel=\"noreferrer noopener\" aria-label=\"format (opens in a new tab)\">format<\/a>, de la qualit\u00e9, de la r\u00e9solution ou d&rsquo;autres propri\u00e9t\u00e9s. La plateforme Katfile via le compte Katfile Premium vous assure un confort parfait lorsque vous t\u00e9l\u00e9chargez et stockez vos fichiers dans le service d&rsquo;h\u00e9bergement de fichiers Katfile (FHS) et le stockage en nuage.<\/p>\n\n\n\n<figure class=\"wp-block-image\"><img src=\"https:\/\/lh4.googleusercontent.com\/ICW4PskowWMx4NNoWX0_wnL0e6OGgDagLfk6YByo5Ck6vIknmqjaig7lCrb72BuX46NRzVjhi1oelhmHexdwloJmyYt87n8mqgEkzXXCWMhzXKsyrAyD3h2yl5Q15nFfcnuJvJG-\" alt=\"The Katfile File Hosting Service (FHS) Platform\"\/><\/figure>\n\n\n\n<p>La plate-forme du service d&rsquo;h\u00e9bergement de fichiers Katfile (FHS)<\/p>\n\n\n\n<p>Bien que nous disions que vous pouvez t\u00e9l\u00e9charger n&rsquo;importe quoi, quel que soit le format, la qualit\u00e9, la r\u00e9solution ou toute autre propri\u00e9t\u00e9 du fichier, la plateforme Katfile, par l&rsquo;interm\u00e9diaire du compte Premium Katfile, est conforme \u00e0 toutes les normes locales et internationales, en particulier \u00e0 la loi sur<a href=\"https:\/\/en.wikipedia.org\/wiki\/Digital_Millennium_Copyright_Act\" target=\"_blank\" rel=\"noreferrer noopener\" aria-label=\" les droits d'auteur du mill\u00e9naire num\u00e9rique (DMCA) (opens in a new tab)\"> les droits d&rsquo;auteur du mill\u00e9naire num\u00e9rique (DMCA)<\/a>. D\u00e8s que vous avez t\u00e9l\u00e9charg\u00e9 votre fichier, la plateforme Katfile via le compte Katfile Premium ex\u00e9cute sa programmation incorpor\u00e9e pour d\u00e9tecter tout type de nus, de pornographie et de fichiers prot\u00e9g\u00e9s par des droits d&rsquo;auteur qui violent les lois et les r\u00e9glementations en vigueur sur Internet dans le monde entier.<\/p>\n\n\n\n<p>The Domain Protection Services, Inc. a int\u00e9gr\u00e9 la fonction de s\u00e9curit\u00e9 des droits d&rsquo;auteur pour accompagner l&rsquo;accessibilit\u00e9 avec la s\u00e9curit\u00e9 au profit de ses utilisateurs dans le monde entier. Non seulement la plateforme Katfile, par le biais du compte Premium Katfile, fournit le service d&rsquo;h\u00e9bergement de fichiers Katfile (FHS) et le stockage dans le nuage, mais elle assure \u00e9galement la s\u00e9curit\u00e9 des fichiers de ses utilisateurs car la plateforme respecte en permanence les lois sur la propri\u00e9t\u00e9 intellectuelle partout dans le monde.<\/p>\n\n\n\n<figure class=\"wp-block-image\"><img src=\"https:\/\/lh6.googleusercontent.com\/9BB5t0_ql0oRvoYLgk_ZsLEHEV4oLQtgJzOoRqdOHYNpegyu1qkFnjE-bTii2UQWKKfI3KrqYIPovAakyVKT13ZCe3hHr3pZdE6ILu9lwL0Yym6gYaQvqhO9pD3ELksBf1j_E1H8\" alt=\"Copyright Security is a priority\"\/><\/figure>\n\n\n\n<p>La s\u00e9curit\u00e9 des droits d&rsquo;auteur est une priorit\u00e9 pour la plateforme Katfile<\/p>\n\n\n\n<p>Les fichiers t\u00e9l\u00e9charg\u00e9s sur la plateforme Katfile via le compte Premium Katfile peuvent \u00eatre facilement supprim\u00e9s \u00e0 tout moment en naviguant simplement dans les menus d\u00e9roulants de chacun des fichiers des utilisateurs. Les suppressions multiples dans la plateforme Katfile par le compte Katfile Premium peuvent \u00e9galement \u00eatre facilement effectu\u00e9es en utilisant la marque \u00ab\u00a0toutes les fonctionnalit\u00e9s de la plateforme Katfile\u00a0\u00bb. L&rsquo;expiration de votre compte Katfile Premium entra\u00eenera \u00e9galement la suppression automatique de tous les fichiers t\u00e9l\u00e9charg\u00e9s par ses utilisateurs.<\/p>\n\n\n\n<p>Ces riches fonctions et caract\u00e9ristiques sont tr\u00e8s envi\u00e9es par les services d&rsquo;h\u00e9bergement de fichiers concurrents (FHS) et les fournisseurs de stockage dans le nuage. De nombreux concurrents imitent d\u00e9j\u00e0 la plateforme Katfile par le biais du compte Katfile Premium, mais n&rsquo;ont pas pu \u00e9galer cette derni\u00e8re, car elle s&rsquo;adapte continuellement aux technologies r\u00e9centes et se d\u00e9veloppe davantage pour offrir le meilleur service d&rsquo;h\u00e9bergement de fichiers (FHS) et le meilleur acc\u00e8s au stockage en nuage \u00e0 tous ses utilisateurs du monde entier.<\/p>\n\n\n\n<p>Nous avons d\u00e9taill\u00e9 les caract\u00e9ristiques de la plateforme Katfile dans le tableau ci-dessous. Pour en savoir plus et acc\u00e9der \u00e0 la s\u00e9curit\u00e9 et \u00e0 la s\u00fbret\u00e9 offertes par la plateforme Katfile Premium.<\/p>\n\n\n\n<figure class=\"wp-block-table\"><table><tbody><tr><td>Informations d\u00e9taill\u00e9es<\/td><td>Compte gratuit Katfile<\/td><td>Compte(s) premium Katfile<\/td><\/tr><tr><td>Frais d&rsquo;inscription<\/td><td>Enti\u00e8rement gratuit<\/td><td>Le montant varie entre quinze et quatre-vingt-dix-neuf dollars US (15,99 $) ; quarante-quatre et quatre-vingt-dix-neuf dollars US (44,99 $) ; quatre-vingt-dix-neuf et quatre-vingt-dix-neuf dollars US (99,99 $) et cent quatre-vingt-dix-neuf et quatre-vingt-dix-neuf dollars US (199,99 $)<\/td><\/tr><tr><td>Accessibilit\u00e9<\/td><td>A une conception de site web tr\u00e8s technique<\/td><td>Int\u00e9gr\u00e9 avec une programmation et une interface de site web ergonomique et innovante<\/td><\/tr><tr><td>T\u00e9l\u00e9charger le volume par jour<\/td><td>Maximum d&rsquo;un (1) Gigaoctet (Go) par jour<\/td><td>Maximum de 50 gigaoctets (Go) par jour<\/td><\/tr><tr><td>Espace de stockage maximum<\/td><td>Maximum d&rsquo;un (1) t\u00e9raoctet (TB) par mois<\/td><td>Allocation de stockage illimit\u00e9e<\/td><\/tr><tr><td>T\u00e9l\u00e9chargement r\u00e9sumable<\/td><td>Impossible de poursuivre les t\u00e9l\u00e9chargements en pause ou interrompus<\/td><td>Peut reprendre le t\u00e9l\u00e9chargement \u00e0 tout moment et en permanence<\/td><\/tr><tr><td>Vitesse de t\u00e9l\u00e9chargement maximale<\/td><td>Offre seulement jusqu&rsquo;\u00e0 cent (100) kilo-octets (KB) par seconde<\/td><td>Donne la vitesse de t\u00e9l\u00e9chargement maximale qu&rsquo;une bande passante Internet peut offrir<\/td><\/tr><tr><td>Protection contre le vol de donn\u00e9es et le phishing de donn\u00e9es<\/td><td>est <a href=\"https:\/\/computersciencewiki.org\/index.php\/Client-side_scripting_and_server-side_scripting\" target=\"_blank\" rel=\"noreferrer noopener\" aria-label=\"prot\u00e9g\u00e9  (opens in a new tab)\">prot\u00e9g\u00e9 <\/a>contre les logiciels publicitaires, les logiciels espions, les logiciels malveillants, les chevaux de Troie et les vers ; et se conforme \u00e0 la DMCA et aux autres lois connexes<\/td><td>est <a href=\"https:\/\/computersciencewiki.org\/index.php\/Client-side_scripting_and_server-side_scripting\" target=\"_blank\" rel=\"noreferrer noopener\" aria-label=\"prot\u00e9g\u00e9  (opens in a new tab)\">prot\u00e9g\u00e9 <\/a>contre les logiciels publicitaires, les logiciels espions, les logiciels malveillants, les chevaux de Troie et les vers ; et se conforme \u00e0 la DMCA et aux autres lois connexes<\/td><\/tr><tr><td>Katfile Captchas et files d&rsquo;attente<\/td><td>Effectuer toutes les captures et les files d&rsquo;attente requises<\/td><td>Pas besoin d&rsquo;effectuer les captures et les files d&rsquo;attente requises<\/td><\/tr><tr><td>Expiration des fichiers stock\u00e9s<\/td><td>Trente (30) jours apr\u00e8s le dernier chargement ou t\u00e9l\u00e9chargement<\/td><td>Soixante (60) jours apr\u00e8s le dernier chargement ou t\u00e9l\u00e9chargement<\/td><\/tr><tr><td>Temps d&rsquo;attente pour le t\u00e9l\u00e9chargement<\/td><td>Attendre trente (30) secondes de temps de chargement<\/td><td>Pas de temps d&rsquo;attente pour le t\u00e9l\u00e9chargement<\/td><\/tr><tr><td>Annonces des sponsors de Katfile<\/td><td>Voir les annonces des sponsors de Katfile<\/td><td>Libre de toute publicit\u00e9 interne et externe<\/td><\/tr><tr><td>T\u00e9l\u00e9chargement simultan\u00e9 maximal<\/td><td>Un (1) seul t\u00e9l\u00e9chargement simultan\u00e9 maximum<\/td><td>T\u00e9l\u00e9chargement simultan\u00e9 illimit\u00e9<\/td><\/tr><\/tbody><\/table><\/figure>\n\n\n<a class=\"maxbutton-2 maxbutton maxbutton-cta\" target=\"_blank\" rel=\"nofollow noopener\" href=\"\/katfile\/goto\/\"><span class='mb-text'>&gt;&gt; Acc\u00e9der au site web original de Katfile<\/span><\/a>\n\n\n<p><\/p>\n\n\n\n<p>Comme indiqu\u00e9 ci-dessus, le compte premium Katfile pr\u00e9sente de nombreux avantages par rapport au compte gratuit Katfile. Moyennant des frais, le compte Katfile Premium offre un volume de t\u00e9l\u00e9chargement plus important par jour, avec un maximum de 50 gigaoctets (Go) par jour. Le compte Katfile Premium offre \u00e9galement un stockage en ligne illimit\u00e9 ou un stockage en nuage qui peut reprendre les t\u00e9l\u00e9chargements interrompus ou annul\u00e9s \u00e0 partir de navigateurs tels qu&rsquo;Internet Explorer, Microsoft Edge, Safari, Opera, Google Chrome et Mozilla Firefox.<\/p>\n\n\n\n<p>Vous pouvez \u00e9galement t\u00e9l\u00e9charger avec une bande passante illimit\u00e9e avec le compte Katfile Premium &#8211; ce qui signifie que vous ne serez pas g\u00ean\u00e9 et que vous pourrez utiliser votre vitesse Internet la plus rapide tout en utilisant la plateforme Katfile gr\u00e2ce au compte Katfile Premium. Pour soutenir la maintenance de la plateforme Katfile, Domain Protection Services, Inc. a utilis\u00e9 des captures, des files d&rsquo;attente et des publicit\u00e9s de sponsors pour le compte Katfile Free, mais avec le compte Katfile Premium, nous vous assurons que vous ne serez pas g\u00ean\u00e9 par la n\u00e9cessit\u00e9 d&rsquo;effectuer des captures et des files d&rsquo;attente ou de visualiser des publicit\u00e9s de quelque nature que ce soit. De plus, avec le compte Katfile Premium, vous n&rsquo;attendrez pas que votre t\u00e9l\u00e9chargement commence, contrairement au compte Katfile Premium o\u00f9 vous devrez attendre trente (30) secondes de temps de chargement. En outre, vous pouvez t\u00e9l\u00e9charger plusieurs fichiers (quel que soit leur type) simultan\u00e9ment sur la plate-forme Katfile en utilisant le compte Katfile Premium ; ceci vous permettra d&rsquo;utiliser nos clients du compte Katfile Premium avec efficacit\u00e9 et facilit\u00e9.<\/p>\n\n\n\n<p>Nous avons dot\u00e9 la plateforme Katfile de caract\u00e9ristiques et de fonctions qui en font le meilleur stockage en ligne sur le web et dans le nuage. Nous sommes convaincus que le compte Katfile Free r\u00e9pondra \u00e0 vos besoins en mati\u00e8re de stockage en ligne et de stockage sur le cloud, mais le compte Katfile Premium dispose d&rsquo;une fonction et de caract\u00e9ristiques suppl\u00e9mentaires pour vous offrir encore plus de facilit\u00e9 et d&rsquo;efficacit\u00e9 en contrepartie du faible montant des frais d&rsquo;inscription \u00e0 la plateforme Katfile.<\/p>\n\n\n\n<h2>Promos pour l&rsquo;enregistrement du compte Premium Katfile\u00a0\u00bb.<\/h2>\n\n\n\n<p>Le compte Premium Katfile offre les frais d&rsquo;inscription les plus abordables parmi ses concurrents en mati\u00e8re de stockage en ligne sur le web et dans les nuages. Nous avons d\u00e9taill\u00e9 ci-dessous les modalit\u00e9s d&rsquo;inscription au Compte Premium Katfile.<\/p>\n\n\n\n<figure class=\"wp-block-table\"><table><tbody><tr><td>Syst\u00e8mes d&rsquo;enregistrement de compte premium Katfile<\/td><td>Frais d&rsquo;inscription<\/td><\/tr><tr><td>Compte Premium Katfile pour trente (30) jours<\/td><td>$ 15.99 USD<\/td><\/tr><tr><td>Compte Premium Katfile pour quatre-vingt-dix (90) jours<\/td><td>$ 44.99 USD<\/td><\/tr><tr><td>Compte premium Katfile pour un (1) an<\/td><td>$ 99.99 USD<\/td><\/tr><tr><td>Compte \u00e0 vie Katfile Premium<\/td><td>$ 199.99 USD<\/td><\/tr><\/tbody><\/table><\/figure>\n\n\n\n<p>Le compte Premium de Katfile propose quatre (4) syst\u00e8mes d&rsquo;enregistrement pour l&rsquo;accessibilit\u00e9 et la compatibilit\u00e9 des diff\u00e9rents utilisateurs. The Domain Protection Services, Inc. les a con\u00e7us pour r\u00e9pondre aux besoins de chacun de ses utilisateurs. On peut choisir d&rsquo;avoir un compte Katfile Premium pendant trente (30) jours pour quinze et quatre-vingt-dix-neuf (15,99 $ US) dollars am\u00e9ricains ; un compte Katfile Premium pendant quatre-vingt-dix (90) jours pour quarante-quatre et quatre-vingt-dix-neuf (44,99 $ US) dollars am\u00e9ricains ; ou un compte Katfile Premium pendant un (1) an pour quatre-vingt-dix-neuf et quatre-vingt-dix-neuf (99,99 $ US) dollars am\u00e9ricains.<\/p>\n\n\n\n<figure class=\"wp-block-image\"><img src=\"https:\/\/lh6.googleusercontent.com\/MC_3H6xFCnoQKBqgzNpY49fsbqHIwS1Ps-qDYMNX1rbB7wZYPfOj9ZjeKkTlkz3U7I21uX51wk2OwsTAgWxWgfFZJDfi4WNxnOhMKf3Asq_4MvwD9P8NbLKVMIm9XBYfJdlFi5js\" alt=\"Flexible registration schemes for Katfile Premium Account\"\/><\/figure>\n\n\n\n<p>Le compte Premium Katfile offre des syst\u00e8mes d&rsquo;inscription flexibles<\/p>\n\n\n\n<p>Parmi ceux-ci, nous encourageons vivement \u00e0 avoir un compte \u00e0 vie Katfile Premium pour cent quatre-vingt-dix-neuf dollars am\u00e9ricains (199,99 USD) pour profiter pleinement des caract\u00e9ristiques et des riches fonctionnalit\u00e9s de la plate-forme Katfile par le biais du compte Premium Katfile.<\/p>\n\n\n\n<h2>Conclusions sur le compte premium Katfile<\/h2>\n\n\n\n<p>Si vous n&rsquo;\u00eates toujours pas d\u00e9cid\u00e9 \u00e0 utiliser et \u00e0 profiter de la plateforme Katfile, vous pouvez d&rsquo;abord essayer notre compte gratuit Katfile et nous vous assurons que toutes les difficult\u00e9s de Domain Protection Services, Inc. ne sont pas vaines car nous avons fait nos preuves dans le temps pour \u00eatre le meilleur fournisseur de services d&rsquo;h\u00e9bergement de fichiers (FHS) pour tous vos fichiers que vous pouvez utiliser et dont vous pouvez profiter et utiliser facilement comme un compagnon de marche f\u00e9lin !<\/p>\n\n\n<a class=\"maxbutton-2 maxbutton maxbutton-cta\" target=\"_blank\" rel=\"nofollow noopener\" href=\"\/katfile\/goto\/\"><span class='mb-text'>&gt;&gt; Acc\u00e9der au site web original de Katfile<\/span><\/a>\n\n\n<p><\/p>\n","protected":false},"excerpt":{"rendered":"<p>Comme un ami f\u00e9lin, vous pouvez compter sur Katfile Premium Account pour \u00eatre le meilleur fournisseur de services d&rsquo;h\u00e9bergement de<\/p>\n","protected":false},"author":2,"featured_media":0,"parent":0,"menu_order":0,"comment_status":"closed","ping_status":"closed","template":"","meta":[],"yoast_head":"<!-- This site is optimized with the Yoast SEO plugin v18.3 - https:\/\/yoast.com\/wordpress\/plugins\/seo\/ -->\n<title>KatFile Premium Compte: Le Filehoster En Un Coup D&#039;\u0153il<\/title>\n<meta name=\"description\" content=\"Que KatFile soit un fournisseur r\u00e9put\u00e9 ou non, vous pouvez trouver la r\u00e9ponse dans le test actuel sur Multihoster.org \u279c Cliquez maintenant sur \u271a pour lire nos exp\u00e9riences !\" \/>\n<meta name=\"robots\" content=\"index, follow, max-snippet:-1, max-image-preview:large, max-video-preview:-1\" \/>\n<link rel=\"canonical\" href=\"https:\/\/multihoster.org\/fr\/katfile\/\" \/>\n<meta property=\"og:locale\" content=\"fr_FR\" \/>\n<meta property=\"og:type\" content=\"article\" \/>\n<meta property=\"og:title\" content=\"KatFile Premium Compte: Le Filehoster En Un Coup D&#039;\u0153il\" \/>\n<meta property=\"og:description\" content=\"Que KatFile soit un fournisseur r\u00e9put\u00e9 ou non, vous pouvez trouver la r\u00e9ponse dans le test actuel sur Multihoster.org \u279c Cliquez maintenant sur \u271a pour lire nos exp\u00e9riences !\" \/>\n<meta property=\"og:url\" content=\"https:\/\/multihoster.org\/fr\/katfile\/\" \/>\n<meta property=\"og:site_name\" content=\"Multihoster.org\" \/>\n<meta property=\"article:modified_time\" content=\"2020-12-14T18:19:55+00:00\" \/>\n<meta property=\"og:image\" content=\"https:\/\/lh4.googleusercontent.com\/ICW4PskowWMx4NNoWX0_wnL0e6OGgDagLfk6YByo5Ck6vIknmqjaig7lCrb72BuX46NRzVjhi1oelhmHexdwloJmyYt87n8mqgEkzXXCWMhzXKsyrAyD3h2yl5Q15nFfcnuJvJG-\" \/>\n<meta name=\"twitter:card\" content=\"summary\" \/>\n<meta name=\"twitter:label1\" content=\"Dur\u00e9e de lecture estim\u00e9e\" \/>\n\t<meta name=\"twitter:data1\" content=\"9 minutes\" \/>\n<script type=\"application\/ld+json\" class=\"yoast-schema-graph\">{\"@context\":\"https:\/\/schema.org\",\"@graph\":[{\"@type\":\"WebSite\",\"@id\":\"https:\/\/multihoster.org\/#website\",\"url\":\"https:\/\/multihoster.org\/\",\"name\":\"Multihoster.org\",\"description\":\"Reviews of the major Filehosting services\",\"potentialAction\":[{\"@type\":\"SearchAction\",\"target\":{\"@type\":\"EntryPoint\",\"urlTemplate\":\"https:\/\/multihoster.org\/?s={search_term_string}\"},\"query-input\":\"required name=search_term_string\"}],\"inLanguage\":\"fr-FR\"},{\"@type\":\"ImageObject\",\"@id\":\"https:\/\/multihoster.org\/fr\/katfile\/#primaryimage\",\"inLanguage\":\"fr-FR\",\"url\":\"https:\/\/lh4.googleusercontent.com\/ICW4PskowWMx4NNoWX0_wnL0e6OGgDagLfk6YByo5Ck6vIknmqjaig7lCrb72BuX46NRzVjhi1oelhmHexdwloJmyYt87n8mqgEkzXXCWMhzXKsyrAyD3h2yl5Q15nFfcnuJvJG-\",\"contentUrl\":\"https:\/\/lh4.googleusercontent.com\/ICW4PskowWMx4NNoWX0_wnL0e6OGgDagLfk6YByo5Ck6vIknmqjaig7lCrb72BuX46NRzVjhi1oelhmHexdwloJmyYt87n8mqgEkzXXCWMhzXKsyrAyD3h2yl5Q15nFfcnuJvJG-\"},{\"@type\":\"WebPage\",\"@id\":\"https:\/\/multihoster.org\/fr\/katfile\/#webpage\",\"url\":\"https:\/\/multihoster.org\/fr\/katfile\/\",\"name\":\"KatFile Premium Compte: Le Filehoster En Un Coup D'\u0153il\",\"isPartOf\":{\"@id\":\"https:\/\/multihoster.org\/#website\"},\"primaryImageOfPage\":{\"@id\":\"https:\/\/multihoster.org\/fr\/katfile\/#primaryimage\"},\"datePublished\":\"2020-04-08T06:46:37+00:00\",\"dateModified\":\"2020-12-14T18:19:55+00:00\",\"description\":\"Que KatFile soit un fournisseur r\u00e9put\u00e9 ou non, vous pouvez trouver la r\u00e9ponse dans le test actuel sur Multihoster.org \u279c Cliquez maintenant sur \u271a pour lire nos exp\u00e9riences !\",\"breadcrumb\":{\"@id\":\"https:\/\/multihoster.org\/fr\/katfile\/#breadcrumb\"},\"inLanguage\":\"fr-FR\",\"potentialAction\":[{\"@type\":\"ReadAction\",\"target\":[\"https:\/\/multihoster.org\/fr\/katfile\/\"]}]},{\"@type\":\"BreadcrumbList\",\"@id\":\"https:\/\/multihoster.org\/fr\/katfile\/#breadcrumb\",\"itemListElement\":[{\"@type\":\"ListItem\",\"position\":1,\"name\":\"Startseite\",\"item\":\"https:\/\/multihoster.org\/fr\/\"},{\"@type\":\"ListItem\",\"position\":2,\"name\":\"KatFile Premium Compte: Le Filehoster En Un Coup D&rsquo;\u0153il\"}]}]}<\/script>\n<!-- \/ Yoast SEO plugin. -->","yoast_head_json":{"title":"KatFile Premium Compte: Le Filehoster En Un Coup D'\u0153il","description":"Que KatFile soit un fournisseur r\u00e9put\u00e9 ou non, vous pouvez trouver la r\u00e9ponse dans le test actuel sur Multihoster.org \u279c Cliquez maintenant sur \u271a pour lire nos exp\u00e9riences !","robots":{"index":"index","follow":"follow","max-snippet":"max-snippet:-1","max-image-preview":"max-image-preview:large","max-video-preview":"max-video-preview:-1"},"canonical":"https:\/\/multihoster.org\/fr\/katfile\/","og_locale":"fr_FR","og_type":"article","og_title":"KatFile Premium Compte: Le Filehoster En Un Coup D'\u0153il","og_description":"Que KatFile soit un fournisseur r\u00e9put\u00e9 ou non, vous pouvez trouver la r\u00e9ponse dans le test actuel sur Multihoster.org \u279c Cliquez maintenant sur \u271a pour lire nos exp\u00e9riences !","og_url":"https:\/\/multihoster.org\/fr\/katfile\/","og_site_name":"Multihoster.org","article_modified_time":"2020-12-14T18:19:55+00:00","og_image":[{"url":"https:\/\/lh4.googleusercontent.com\/ICW4PskowWMx4NNoWX0_wnL0e6OGgDagLfk6YByo5Ck6vIknmqjaig7lCrb72BuX46NRzVjhi1oelhmHexdwloJmyYt87n8mqgEkzXXCWMhzXKsyrAyD3h2yl5Q15nFfcnuJvJG-"}],"twitter_card":"summary","twitter_misc":{"Dur\u00e9e de lecture estim\u00e9e":"9 minutes"},"schema":{"@context":"https:\/\/schema.org","@graph":[{"@type":"WebSite","@id":"https:\/\/multihoster.org\/#website","url":"https:\/\/multihoster.org\/","name":"Multihoster.org","description":"Reviews of the major Filehosting services","potentialAction":[{"@type":"SearchAction","target":{"@type":"EntryPoint","urlTemplate":"https:\/\/multihoster.org\/?s={search_term_string}"},"query-input":"required name=search_term_string"}],"inLanguage":"fr-FR"},{"@type":"ImageObject","@id":"https:\/\/multihoster.org\/fr\/katfile\/#primaryimage","inLanguage":"fr-FR","url":"https:\/\/lh4.googleusercontent.com\/ICW4PskowWMx4NNoWX0_wnL0e6OGgDagLfk6YByo5Ck6vIknmqjaig7lCrb72BuX46NRzVjhi1oelhmHexdwloJmyYt87n8mqgEkzXXCWMhzXKsyrAyD3h2yl5Q15nFfcnuJvJG-","contentUrl":"https:\/\/lh4.googleusercontent.com\/ICW4PskowWMx4NNoWX0_wnL0e6OGgDagLfk6YByo5Ck6vIknmqjaig7lCrb72BuX46NRzVjhi1oelhmHexdwloJmyYt87n8mqgEkzXXCWMhzXKsyrAyD3h2yl5Q15nFfcnuJvJG-"},{"@type":"WebPage","@id":"https:\/\/multihoster.org\/fr\/katfile\/#webpage","url":"https:\/\/multihoster.org\/fr\/katfile\/","name":"KatFile Premium Compte: Le Filehoster En Un Coup D'\u0153il","isPartOf":{"@id":"https:\/\/multihoster.org\/#website"},"primaryImageOfPage":{"@id":"https:\/\/multihoster.org\/fr\/katfile\/#primaryimage"},"datePublished":"2020-04-08T06:46:37+00:00","dateModified":"2020-12-14T18:19:55+00:00","description":"Que KatFile soit un fournisseur r\u00e9put\u00e9 ou non, vous pouvez trouver la r\u00e9ponse dans le test actuel sur Multihoster.org \u279c Cliquez maintenant sur \u271a pour lire nos exp\u00e9riences !","breadcrumb":{"@id":"https:\/\/multihoster.org\/fr\/katfile\/#breadcrumb"},"inLanguage":"fr-FR","potentialAction":[{"@type":"ReadAction","target":["https:\/\/multihoster.org\/fr\/katfile\/"]}]},{"@type":"BreadcrumbList","@id":"https:\/\/multihoster.org\/fr\/katfile\/#breadcrumb","itemListElement":[{"@type":"ListItem","position":1,"name":"Startseite","item":"https:\/\/multihoster.org\/fr\/"},{"@type":"ListItem","position":2,"name":"KatFile Premium Compte: Le Filehoster En Un Coup D&rsquo;\u0153il"}]}]}},"_links":{"self":[{"href":"https:\/\/multihoster.org\/fr\/wp-json\/wp\/v2\/pages\/3331"}],"collection":[{"href":"https:\/\/multihoster.org\/fr\/wp-json\/wp\/v2\/pages"}],"about":[{"href":"https:\/\/multihoster.org\/fr\/wp-json\/wp\/v2\/types\/page"}],"author":[{"embeddable":true,"href":"https:\/\/multihoster.org\/fr\/wp-json\/wp\/v2\/users\/2"}],"replies":[{"embeddable":true,"href":"https:\/\/multihoster.org\/fr\/wp-json\/wp\/v2\/comments?post=3331"}],"version-history":[{"count":4,"href":"https:\/\/multihoster.org\/fr\/wp-json\/wp\/v2\/pages\/3331\/revisions"}],"predecessor-version":[{"id":5426,"href":"https:\/\/multihoster.org\/fr\/wp-json\/wp\/v2\/pages\/3331\/revisions\/5426"}],"wp:attachment":[{"href":"https:\/\/multihoster.org\/fr\/wp-json\/wp\/v2\/media?parent=3331"}],"curies":[{"name":"wp","href":"https:\/\/api.w.org\/{rel}","templated":true}]}}