{"id":3364,"date":"2020-04-08T09:30:20","date_gmt":"2020-04-08T09:30:20","guid":{"rendered":"https:\/\/multihoster.org\/catshare\/"},"modified":"2020-06-01T10:21:08","modified_gmt":"2020-06-01T10:21:08","slug":"catshare","status":"publish","type":"page","link":"https:\/\/multihoster.org\/fr\/catshare\/","title":{"rendered":"Catshare Premium Compte: Le Filehoster En Un Coup D&rsquo;\u0153il"},"content":{"rendered":"\n<p>La plateforme Catshare est le fournisseur de services d&rsquo;h\u00e9bergement de fichiers (<a rel=\"noreferrer noopener\" aria-label=\"FHS (opens in a new tab)\" href=\"https:\/\/cloud.google.com\/storage\" target=\"_blank\">FHS<\/a>) le plus pratique et le plus s\u00fbr au monde. C&rsquo;est comme votre petit ami f\u00e9lin qui est si poilu et pelucheux \u00e0 l&rsquo;ext\u00e9rieur mais qui cache une b\u00eate f\u00e9roce \u00e0 l&rsquo;int\u00e9rieur. Il dispose de fonctionnalit\u00e9s riches et accessibles dont vous pourrez profiter. Il est tr\u00e8s facile \u00e0 utiliser. Vous ne remarquerez m\u00eame pas l&rsquo;heure en l&rsquo;utilisant puisqu&rsquo;il est tr\u00e8s divertissant d&rsquo;utiliser notre plateforme.<\/p>\n\n\n\n<p>Lisez notre article et d\u00e9couvrez comment cette \u00e9norme perc\u00e9e dans le domaine des services d&rsquo;h\u00e9bergement de fichiers (FHS) illustre l&rsquo;\u00e9quilibre parfait entre commodit\u00e9 et s\u00e9curit\u00e9. Lisez-en plus et d\u00e9couvrez l&rsquo;historique et le classement web du service d&rsquo;h\u00e9bergement de fichiers (FHS) de Catshare, la cr\u00e9ation de votre premier compte dans la plateforme de service d&rsquo;h\u00e9bergement de fichiers (FHS), les caract\u00e9ristiques uniques de notre service d&rsquo;h\u00e9bergement de fichiers (FHS), les diff\u00e9rents types de plans Premium du service d&rsquo;h\u00e9bergement de fichiers (FHS) de Catshare, et quelques questions fr\u00e9quemment pos\u00e9es sur la plateforme de Catshare.<\/p>\n\n\n\n<p>Maintenant que vous avez une base de cr\u00e9dibilit\u00e9 et d&rsquo;honneur de la plateforme, voyez ce que la plateforme vous offre et nous vous assurons que vous ne regretterez jamais d&rsquo;avoir ouvert un compte pour profiter de ses fonctionnalit\u00e9s riches et accessibles.<\/p>\n\n\n<a class=\"maxbutton-2 maxbutton maxbutton-cta\" target=\"_blank\" rel=\"nofollow noopener\" href=\"\/go\/\"><span class='mb-text'>&gt;&gt; Acc\u00e9der au site web original de Linkifier<\/span><\/a>\n\n\n<p><\/p>\n\n\n\n<h2>Caract\u00e9ristiques du service d&rsquo;h\u00e9bergement de fichiers Catshare<\/h2>\n\n\n\n<p>Le service d&rsquo;h\u00e9bergement de fichiers Catshare (FHS) offre un bon \u00e9quilibre entre accessibilit\u00e9 et fonctionnalit\u00e9. Voir le tableau 1. Pour savoir ce qui rend la plateforme unique par rapport \u00e0 ses concurrents.<\/p>\n\n\n\n<p>Tableau 1. Caract\u00e9ristiques des comptes Catshare (gratuits et premium) par rapport aux autres plateformes de stockage dans le nuage<\/p>\n\n\n\n<figure class=\"wp-block-table\"><table><tbody><tr><td class=\"has-text-align-center\" data-align=\"center\">Comptes Catshare <\/td><\/tr><\/tbody><\/table><\/figure>\n\n\n\n<figure class=\"wp-block-table\"><table><tbody><tr><td>Caract\u00e9ristiques de Catshare<\/td><td>Autres plates-formes de stockage dans le nuage <\/td><td>Autres plates-formes de stockage dans le nuage <\/td><td>Compte premium Catshare <\/td><\/tr><tr><td>Paiement pour l&rsquo;inscription <\/td><td>Paiement co\u00fbteux requis pour l&rsquo;inscription <\/td><td>Ne n\u00e9cessite pas de paiement d&rsquo;inscription <\/td><td>Offre un paiement d&rsquo;inscription souple et abordable <\/td><\/tr><tr><td>Vitesse de t\u00e9l\u00e9chargement maximale <\/td><td>70 kb par seconde <\/td><td>150 kb par seconde <\/td><td>PAS DE LIMITE DE VITESSE DE T\u00c9L\u00c9CHARGEMENT <\/td><\/tr><tr><td>Nombre de t\u00e9l\u00e9chargements par jour <\/td><td>Ne peut t\u00e9l\u00e9charger qu&rsquo;un seul fichier par jour <\/td><td>Peut t\u00e9l\u00e9charger instantan\u00e9ment apr\u00e8s une heure d&rsquo;attente <\/td><td>COMMENCE LE T\u00c9L\u00c9CHARGEMENT IMM\u00c9DIATEMENT <\/td><\/tr><tr><td>Soutien au t\u00e9l\u00e9chargement multiple <\/td><td>Non autoris\u00e9 \u00e0 t\u00e9l\u00e9charger plusieurs fichiers en m\u00eame temps <\/td><td>Non autoris\u00e9 \u00e0 t\u00e9l\u00e9charger plusieurs fichiers en m\u00eame temps <\/td><td>PREND EN CHARGE LE T\u00c9L\u00c9CHARGEMENT MULTIPLE <\/td><\/tr><tr><td>T\u00e9l\u00e9chargement r\u00e9sumable <\/td><td>Ne prend pas en charge le t\u00e9l\u00e9chargement r\u00e9sumable <\/td><td>Ne prend pas en charge le t\u00e9l\u00e9chargement r\u00e9sumable <\/td><td>SOUTIENT LE T\u00c9L\u00c9CHARGEMENT R\u00c9SILIABLE <\/td><\/tr><tr><td>Stockage en ligne allou\u00e9 <\/td><td>Seulement 500 mb <\/td><td>Avec un stockage en ligne de 3 To allou\u00e9 <\/td><td>DISPOSE D&rsquo;UN ESPACE DE STOCKAGE EN LIGNE DE 300 GB <\/td><\/tr><tr><td>Annonces dans le site web <\/td><td>A de nombreuses annonces dans le site web <\/td><td>A peu de publicit\u00e9s sur le site web <\/td><td>N&rsquo;A AUCUNE SORTE DE PUBLICIT\u00c9 ENNUYEUSE <\/td><\/tr><tr><td>L&rsquo;int\u00e9gration des Captchas et des files d&rsquo;attente <\/td><td>Remplie de nombreuses captures et de files d&rsquo;attente ennuyeuses <\/td><td>Int\u00e9gr\u00e9 avec quelques captchas et files d&rsquo;attente <\/td><td>PAS DE CAPTURES ET DE FILES D&rsquo;ATTENTE ENNUYEUSES <\/td><\/tr><tr><td>Conservation des fichiers <\/td><td>Votre dossier est conserv\u00e9 pendant 30 jours apr\u00e8s votre derni\u00e8re connexion <\/td><td>Votre dossier est conserv\u00e9 pendant 60 jours apr\u00e8s votre derni\u00e8re connexion <\/td><td>VOS FICHIERS NE SERONT JAMAIS SUPPRIM\u00c9S ET SONT S\u00c9CURIS\u00c9S <\/td><\/tr><tr><td>Soutien aux gestionnaires de t\u00e9l\u00e9chargement tiers <\/td><td>Ne soutient pas les gestionnaires de t\u00e9l\u00e9chargement tiers <\/td><td>Ne soutient pas les gestionnaires de t\u00e9l\u00e9chargement tiers <\/td><td>PREND EN CHARGE LES GESTIONNAIRES DE T\u00c9L\u00c9CHARGEMENT TIERS <\/td><\/tr><\/tbody><\/table><\/figure>\n\n\n\n<p>Les caract\u00e9ristiques distinctes du service d&rsquo;h\u00e9bergement de fichiers de Catshare (FHS) qui le distingue de ses autres concurrents dans le domaine du stockage en nuage sont illustr\u00e9es ci-dessus. Notre compte gratuit pr\u00e9sente un certain nombre d&rsquo;avantages par rapport aux autres plateformes de stockage dans le nuage, comme le fait de ne pas exiger de paiement pour l&rsquo;inscription initiale. Vous avez bien entendu, le compte gratuit de Catshare ne n\u00e9cessite pas de paiement lors de l&rsquo;inscription initiale, ce qui signifie que vous pouvez utiliser notre plateforme avec toutes ses fonctionnalit\u00e9s gratuitement, contrairement aux plateformes de stockage en nuage qui n\u00e9cessitent un paiement co\u00fbteux lors de l&rsquo;inscription. Le compte gratuit de Catshare peut \u00e9galement t\u00e9l\u00e9charger jusqu&rsquo;\u00e0 150 kb par seconde, contrairement \u00e0 son concurrent qui ne peut g\u00e9n\u00e9ralement t\u00e9l\u00e9charger que jusqu&rsquo;\u00e0 70 kb par seconde. Vous pouvez \u00e9galement t\u00e9l\u00e9charger imm\u00e9diatement apr\u00e8s 1 heure, contrairement \u00e0 notre concurrent qui ne peut g\u00e9n\u00e9ralement t\u00e9l\u00e9charger qu&rsquo;un seul fichier par jour. Le compte gratuit dispose \u00e9galement d&rsquo;une capacit\u00e9 de stockage plus \u00e9lev\u00e9e avec ses 3 To de stockage en ligne allou\u00e9s, contrairement aux marques concurrentes qui n&rsquo;ont que 500 Mo de stockage en ligne allou\u00e9s. Notre compte gratuit contient \u00e9galement moins de publicit\u00e9s que celui de nos concurrents qui ont g\u00e9n\u00e9ralement de nombreuses publicit\u00e9s ennuyeuses. Les nombreuses captures et files d&rsquo;attente ennuyeuses sont \u00e9galement g\u00eanantes sur le site d&rsquo;h\u00e9bergement de fichiers de nos concurrents, alors que sur notre compte gratuit, nous n&rsquo;avons que quelques <a rel=\"noreferrer noopener\" aria-label=\"captures  (opens in a new tab)\" href=\"http:\/\/www.en.wikipedia.org\/wiki\/CAPTCHA\" target=\"_blank\">captures <\/a>et files d&rsquo;attente int\u00e9gr\u00e9es au site web. Notre compte gratuit a \u00e9galement une p\u00e9riode de conservation plus longue, o\u00f9 votre fichier est conserv\u00e9 pendant 60 jours apr\u00e8s votre derni\u00e8re connexion, par rapport \u00e0 nos concurrents qui ne conservent g\u00e9n\u00e9ralement vos fichiers que pendant 30 jours apr\u00e8s votre derni\u00e8re connexion. Dans l&rsquo;ensemble, le compte Premium de Catshare offre de nombreuses fonctionnalit\u00e9s et avantages par rapport \u00e0 nos concurrents.<\/p>\n\n\n\n<div class=\"wp-block-image\"><figure class=\"aligncenter size-large\"><img loading=\"lazy\" width=\"401\" height=\"267\" src=\"https:\/\/multihoster.org\/wp-content\/uploads\/2020\/04\/Catshare.png\" alt=\"Catshare\" class=\"wp-image-3351\" srcset=\"https:\/\/multihoster.org\/wp-content\/uploads\/2020\/04\/Catshare.png 401w, https:\/\/multihoster.org\/wp-content\/uploads\/2020\/04\/Catshare-300x200.png 300w\" sizes=\"(max-width: 401px) 100vw, 401px\" \/><\/figure><\/div>\n\n\n\n<p>Avec le compte Premium de Catshare, vous pouvez t\u00e9l\u00e9charger \u00e0 des vitesses illimit\u00e9es<\/p>\n\n\n\n<p>Mais nous offrons plus de fonctionnalit\u00e9s dans le compte Premium de Catshare. En utilisant notre compte premium, vous \u00eates abonn\u00e9 \u00e0 un syst\u00e8me de paiement flexible et abordable, qui vous donne la libert\u00e9 de n&rsquo;avoir aucune limite de vitesse de t\u00e9l\u00e9chargement, qui t\u00e9l\u00e9charge instantan\u00e9ment votre fichier m\u00eame apr\u00e8s votre dernier t\u00e9l\u00e9chargement, qui supporte les t\u00e9l\u00e9chargements multiples ainsi que les t\u00e9l\u00e9chargements r\u00e9silients, qui offre \u00e9galement une allocation massive de 300 Go de stockage en ligne, sans ces publicit\u00e9s ennuyeuses ni les captures et les files d&rsquo;attente g\u00eanantes. Nous vous assurons \u00e9galement que vous pouvez utiliser n&rsquo;importe quel gestionnaire de t\u00e9l\u00e9chargement tiers et que vos fichiers dans le compte Premium de Catshare ne seront jamais supprim\u00e9s et sont s\u00e9curis\u00e9s pour toujours. Trop beau pour \u00eatre vrai ? Non, parce que le compte Premium de Catshare est con\u00e7u pour vous offrir le meilleur service d&rsquo;h\u00e9bergement de fichiers (FHS) que vous m\u00e9ritez.<\/p>\n\n\n\n<p>Maintenant que vous savez d\u00e9j\u00e0 ce que le compte premium Catshare peut donner. Maintenant, commencez \u00e0 l&rsquo;utiliser en apprenant \u00e0 vous inscrire gr\u00e2ce \u00e0 l&rsquo;article suivant.<\/p>\n\n\n\n<h2>S&rsquo;inscrire au service d&rsquo;h\u00e9bergement de fichiers Catshare<\/h2>\n\n\n\n<p>Vous pouvez facilement vous inscrire au service d&rsquo;h\u00e9bergement de fichiers Catshare (FHS) en vous rendant sur notre site web \u00e0 la page d&rsquo;inscription. Il vous suffit <a rel=\"noreferrer noopener\" aria-label=\"d'indiquer (opens in a new tab)\" href=\"https:\/\/www.online-tech-tips.com\/ms-office-tips\/how-to-create-fillable-forms-in-word\/\" target=\"_blank\">d&rsquo;indiquer<\/a> votre nom complet (pr\u00e9nom, second pr\u00e9nom et nom de famille) ainsi que votre date de naissance, votre sexe et votre adresse \u00e9lectronique professionnelle. Apr\u00e8s avoir fourni ces informations, nous vous enverrons un courriel de confirmation pour votre compte. Il vous suffit de cliquer sur le lien qui vous permet d&rsquo;acc\u00e9der \u00e0 votre compte Catshare gratuit personnel.<\/p>\n\n\n\n<p>Pour passer \u00e0 un compte premium, lisez le sous-th\u00e8me suivant.<\/p>\n\n\n<a class=\"maxbutton-2 maxbutton maxbutton-cta\" target=\"_blank\" rel=\"nofollow noopener\" href=\"\/go\/\"><span class='mb-text'>&gt;&gt; Acc\u00e9der au site web original de Linkifier<\/span><\/a>\n\n\n<p><\/p>\n\n\n\n<h2>Mise \u00e0 niveau vers un compte premium Catshare<\/h2>\n\n\n\n<p>Choisissez parmi les plans de compte premium Catshare suivants et commencez \u00e0 profiter des riches fonctionnalit\u00e9s dont Namecheap Inc. est si fi\u00e8re en raison de son accessibilit\u00e9 et de son prix abordable.<\/p>\n\n\n\n<p>Tableau 2. Modalit\u00e9s de paiement du compte de prime Catshare<\/p>\n\n\n\n<figure class=\"wp-block-table\"><table><tbody><tr><td class=\"has-text-align-center\" data-align=\"center\">Plans de comptes premium Catshare <\/td><\/tr><\/tbody><\/table><\/figure>\n\n\n\n<figure class=\"wp-block-table\"><table><tbody><tr><td> Dossier <\/td><td>Plan de compte pour 30 jours <\/td><td>Plan de compte pour 60 jours <\/td><td>Plan de compte pour 90 jours <\/td><td>Plan de compte pour 180 jours <\/td><td>Plan de compte pour 365 jours <\/td><td>Plan de compte pour 730 jours <\/td><\/tr><tr><td>Taille maximale des fichiers t\u00e9l\u00e9charg\u00e9s par jour <\/td><td>1 TB par jour <\/td><td>2 TB par jour <\/td><td>4 TB par jour <\/td><td>6 TB par jour <\/td><td>12 TB par jour <\/td><td>24 TB par jour <\/td><\/tr><tr><td>Allocation du volume maximal de stockage <\/td><td> 3 TB <\/td><td> 3 TB <\/td><td>ALLOCATION DE STOCKAGE ILLIMIT\u00c9E <\/td><td>ALLOCATION DE STOCKAGE ILLIMIT\u00c9E <\/td><td>ALLOCATION DE STOCKAGE ILLIMIT\u00c9E <\/td><td>ALLOCATION DE STOCKAGE ILLIMIT\u00c9E <\/td><\/tr><tr><td>Paiement de l&rsquo;inscription initiale <\/td><td>13,99 USD <\/td><td>28,99 USD <\/td><td>38,99 USD <\/td><td>48,99 USD <\/td><td>68,99 USD <\/td><td>98,99 USD <\/td><\/tr><\/tbody><\/table><\/figure>\n\n\n\n<p>Choisissez parmi les six plans de compte premium Catshare accessibles et abordables. Vous pouvez choisir d&rsquo;essayer pendant les 30 premiers jours, ce qui vous donnera un maximum de 3 To d&rsquo;espace de stockage pour 13,99 USD, ou le compte premium de 60 jours qui vous donnera \u00e9galement un maximum de 3 To d&rsquo;espace de stockage pour 28,99 USD, mais nous encourageons tout le monde \u00e0 essayer les plans de compte qui donnent un espace de stockage illimit\u00e9. Ce sont les plans de compte de 90, 365 et 730 jours qui ont un paiement initial tr\u00e8s bas pour seulement 28,99 USD, 38,99 USD, 48,99 USD, 68,99 USD et 98,99 USD, respectivement, pour profiter de toutes les caract\u00e9ristiques et fonctionnalit\u00e9s du compte premium Catshare. Vous pouvez payer via nos <a rel=\"noreferrer noopener\" aria-label=\"partenaires  (opens in a new tab)\" href=\"http:\/\/www.wisegeek.net\/what-is-a-financial-services-corporation.htm\" target=\"_blank\">partenaires <\/a>Bitcoin, Ripple, MasterCard, Visa, Paypal, Qiwi Wallet, Ethereum, Litecoin, Alipay, Sofort Banking, Interkassa, Taobao, Trustpay Internet Banking, Skrill, Pay safe card, UCash et WebMoney.<\/p>\n\n\n\n<h2>Derni\u00e8res r\u00e9flexions sur Catshare<\/h2>\n\n\n\n<p>Catshare est le fournisseur de services d&rsquo;h\u00e9bergement de fichiers (FHS) le plus polyvalent et pourtant le plus abordable \u00e0 ce jour. Nous sommes s\u00fbrs de ne jamais vous d\u00e9cevoir alors que nous continuons \u00e0 d\u00e9velopper notre plateforme avec ses fonctionnalit\u00e9s riches et accessibles pour que vous puissiez en profiter.<\/p>\n\n\n\n<h2>Foire aux questions sur le service d&rsquo;h\u00e9bergement de fichiers Catshare<\/h2>\n\n\n\n<h3>1. Catshare a-t-il un compte gratuit ?<\/h3>\n\n\n\n<p>Nous avons un compte Catshare gratuit que vous pouvez utiliser sans aucun paiement initial d&rsquo;inscription. Avec notre compte gratuit, vous pouvez stocker vos fichiers jusqu&rsquo;\u00e0 30 GB<\/p>\n\n\n\n<h3>2. Quel est le montant de votre allocation de stockage pour le compte premium Catshare ?<\/h3>\n\n\n\n<p>L&rsquo;allocation de stockage du compte Premium Catshare varie. Pour les plans de compte de 30 et 60 jours, vous disposez d&rsquo;une allocation de stockage de 3 To, tandis que les plans de compte de 90 jours, 180 jours, 365 jours et 730 jours disposent d&rsquo;une allocation de stockage illimit\u00e9e que vous pouvez utiliser et dont vous pouvez profiter.<\/p>\n\n\n\n<h3>3. Comment le service d&rsquo;h\u00e9bergement de fichiers Catshare (FHS) gagne-t-il \u00e0 \u00eatre un service gratuit ?<\/h3>\n\n\n\n<p>La plate-forme Catshare tire profit des publicit\u00e9s ainsi que des captures et des files d&rsquo;attente int\u00e9gr\u00e9es dans Catshare Free. Le paiement de l&rsquo;inscription initiale permet \u00e9galement de soutenir le fonctionnement et la maintenance de la plate-forme Catshare.<\/p>\n\n\n<a class=\"maxbutton-2 maxbutton maxbutton-cta\" target=\"_blank\" rel=\"nofollow noopener\" href=\"\/go\/\"><span class='mb-text'>&gt;&gt; Acc\u00e9der au site web original de Linkifier<\/span><\/a>\n\n\n<p><\/p>\n","protected":false},"excerpt":{"rendered":"<p>La plateforme Catshare est le fournisseur de services d&rsquo;h\u00e9bergement de fichiers (FHS) le plus pratique et le plus s\u00fbr au<\/p>\n","protected":false},"author":2,"featured_media":0,"parent":0,"menu_order":0,"comment_status":"closed","ping_status":"closed","template":"","meta":[],"yoast_head":"<!-- This site is optimized with the Yoast SEO plugin v18.3 - https:\/\/yoast.com\/wordpress\/plugins\/seo\/ -->\n<title>Catshare Premium Compte: Le Filehoster En Un Coup D&#039;\u0153il<\/title>\n<meta name=\"description\" content=\"Que Catshare soit un fournisseur r\u00e9put\u00e9 ou non, vous pouvez trouver la r\u00e9ponse dans le test actuel sur Multihoster.org \u279c Cliquez maintenant sur \u271a pour lire nos exp\u00e9riences !\" \/>\n<meta name=\"robots\" content=\"index, follow, max-snippet:-1, max-image-preview:large, max-video-preview:-1\" \/>\n<link rel=\"canonical\" href=\"https:\/\/multihoster.org\/fr\/catshare\/\" \/>\n<meta property=\"og:locale\" content=\"fr_FR\" \/>\n<meta property=\"og:type\" content=\"article\" \/>\n<meta property=\"og:title\" content=\"Catshare Premium Compte: Le Filehoster En Un Coup D&#039;\u0153il\" \/>\n<meta property=\"og:description\" content=\"Que Catshare soit un fournisseur r\u00e9put\u00e9 ou non, vous pouvez trouver la r\u00e9ponse dans le test actuel sur Multihoster.org \u279c Cliquez maintenant sur \u271a pour lire nos exp\u00e9riences !\" \/>\n<meta property=\"og:url\" content=\"https:\/\/multihoster.org\/fr\/catshare\/\" \/>\n<meta property=\"og:site_name\" content=\"Multihoster.org\" \/>\n<meta property=\"article:modified_time\" content=\"2020-06-01T10:21:08+00:00\" \/>\n<meta property=\"og:image\" content=\"https:\/\/multihoster.org\/wp-content\/uploads\/2020\/04\/Catshare.png\" \/>\n<meta name=\"twitter:card\" content=\"summary\" \/>\n<meta name=\"twitter:label1\" content=\"Dur\u00e9e de lecture estim\u00e9e\" \/>\n\t<meta name=\"twitter:data1\" content=\"9 minutes\" \/>\n<script type=\"application\/ld+json\" class=\"yoast-schema-graph\">{\"@context\":\"https:\/\/schema.org\",\"@graph\":[{\"@type\":\"WebSite\",\"@id\":\"https:\/\/multihoster.org\/#website\",\"url\":\"https:\/\/multihoster.org\/\",\"name\":\"Multihoster.org\",\"description\":\"Reviews of the major Filehosting services\",\"potentialAction\":[{\"@type\":\"SearchAction\",\"target\":{\"@type\":\"EntryPoint\",\"urlTemplate\":\"https:\/\/multihoster.org\/?s={search_term_string}\"},\"query-input\":\"required name=search_term_string\"}],\"inLanguage\":\"fr-FR\"},{\"@type\":\"ImageObject\",\"@id\":\"https:\/\/multihoster.org\/fr\/catshare\/#primaryimage\",\"inLanguage\":\"fr-FR\",\"url\":\"https:\/\/multihoster.org\/wp-content\/uploads\/2020\/04\/Catshare.png\",\"contentUrl\":\"https:\/\/multihoster.org\/wp-content\/uploads\/2020\/04\/Catshare.png\",\"width\":401,\"height\":267},{\"@type\":\"WebPage\",\"@id\":\"https:\/\/multihoster.org\/fr\/catshare\/#webpage\",\"url\":\"https:\/\/multihoster.org\/fr\/catshare\/\",\"name\":\"Catshare Premium Compte: Le Filehoster En Un Coup D'\u0153il\",\"isPartOf\":{\"@id\":\"https:\/\/multihoster.org\/#website\"},\"primaryImageOfPage\":{\"@id\":\"https:\/\/multihoster.org\/fr\/catshare\/#primaryimage\"},\"datePublished\":\"2020-04-08T09:30:20+00:00\",\"dateModified\":\"2020-06-01T10:21:08+00:00\",\"description\":\"Que Catshare soit un fournisseur r\u00e9put\u00e9 ou non, vous pouvez trouver la r\u00e9ponse dans le test actuel sur Multihoster.org \u279c Cliquez maintenant sur \u271a pour lire nos exp\u00e9riences !\",\"breadcrumb\":{\"@id\":\"https:\/\/multihoster.org\/fr\/catshare\/#breadcrumb\"},\"inLanguage\":\"fr-FR\",\"potentialAction\":[{\"@type\":\"ReadAction\",\"target\":[\"https:\/\/multihoster.org\/fr\/catshare\/\"]}]},{\"@type\":\"BreadcrumbList\",\"@id\":\"https:\/\/multihoster.org\/fr\/catshare\/#breadcrumb\",\"itemListElement\":[{\"@type\":\"ListItem\",\"position\":1,\"name\":\"Startseite\",\"item\":\"https:\/\/multihoster.org\/fr\/\"},{\"@type\":\"ListItem\",\"position\":2,\"name\":\"Catshare Premium Compte: Le Filehoster En Un Coup D&rsquo;\u0153il\"}]}]}<\/script>\n<!-- \/ Yoast SEO plugin. -->","yoast_head_json":{"title":"Catshare Premium Compte: Le Filehoster En Un Coup D'\u0153il","description":"Que Catshare soit un fournisseur r\u00e9put\u00e9 ou non, vous pouvez trouver la r\u00e9ponse dans le test actuel sur Multihoster.org \u279c Cliquez maintenant sur \u271a pour lire nos exp\u00e9riences !","robots":{"index":"index","follow":"follow","max-snippet":"max-snippet:-1","max-image-preview":"max-image-preview:large","max-video-preview":"max-video-preview:-1"},"canonical":"https:\/\/multihoster.org\/fr\/catshare\/","og_locale":"fr_FR","og_type":"article","og_title":"Catshare Premium Compte: Le Filehoster En Un Coup D'\u0153il","og_description":"Que Catshare soit un fournisseur r\u00e9put\u00e9 ou non, vous pouvez trouver la r\u00e9ponse dans le test actuel sur Multihoster.org \u279c Cliquez maintenant sur \u271a pour lire nos exp\u00e9riences !","og_url":"https:\/\/multihoster.org\/fr\/catshare\/","og_site_name":"Multihoster.org","article_modified_time":"2020-06-01T10:21:08+00:00","og_image":[{"url":"https:\/\/multihoster.org\/wp-content\/uploads\/2020\/04\/Catshare.png"}],"twitter_card":"summary","twitter_misc":{"Dur\u00e9e de lecture estim\u00e9e":"9 minutes"},"schema":{"@context":"https:\/\/schema.org","@graph":[{"@type":"WebSite","@id":"https:\/\/multihoster.org\/#website","url":"https:\/\/multihoster.org\/","name":"Multihoster.org","description":"Reviews of the major Filehosting services","potentialAction":[{"@type":"SearchAction","target":{"@type":"EntryPoint","urlTemplate":"https:\/\/multihoster.org\/?s={search_term_string}"},"query-input":"required name=search_term_string"}],"inLanguage":"fr-FR"},{"@type":"ImageObject","@id":"https:\/\/multihoster.org\/fr\/catshare\/#primaryimage","inLanguage":"fr-FR","url":"https:\/\/multihoster.org\/wp-content\/uploads\/2020\/04\/Catshare.png","contentUrl":"https:\/\/multihoster.org\/wp-content\/uploads\/2020\/04\/Catshare.png","width":401,"height":267},{"@type":"WebPage","@id":"https:\/\/multihoster.org\/fr\/catshare\/#webpage","url":"https:\/\/multihoster.org\/fr\/catshare\/","name":"Catshare Premium Compte: Le Filehoster En Un Coup D'\u0153il","isPartOf":{"@id":"https:\/\/multihoster.org\/#website"},"primaryImageOfPage":{"@id":"https:\/\/multihoster.org\/fr\/catshare\/#primaryimage"},"datePublished":"2020-04-08T09:30:20+00:00","dateModified":"2020-06-01T10:21:08+00:00","description":"Que Catshare soit un fournisseur r\u00e9put\u00e9 ou non, vous pouvez trouver la r\u00e9ponse dans le test actuel sur Multihoster.org \u279c Cliquez maintenant sur \u271a pour lire nos exp\u00e9riences !","breadcrumb":{"@id":"https:\/\/multihoster.org\/fr\/catshare\/#breadcrumb"},"inLanguage":"fr-FR","potentialAction":[{"@type":"ReadAction","target":["https:\/\/multihoster.org\/fr\/catshare\/"]}]},{"@type":"BreadcrumbList","@id":"https:\/\/multihoster.org\/fr\/catshare\/#breadcrumb","itemListElement":[{"@type":"ListItem","position":1,"name":"Startseite","item":"https:\/\/multihoster.org\/fr\/"},{"@type":"ListItem","position":2,"name":"Catshare Premium Compte: Le Filehoster En Un Coup D&rsquo;\u0153il"}]}]}},"_links":{"self":[{"href":"https:\/\/multihoster.org\/fr\/wp-json\/wp\/v2\/pages\/3364"}],"collection":[{"href":"https:\/\/multihoster.org\/fr\/wp-json\/wp\/v2\/pages"}],"about":[{"href":"https:\/\/multihoster.org\/fr\/wp-json\/wp\/v2\/types\/page"}],"author":[{"embeddable":true,"href":"https:\/\/multihoster.org\/fr\/wp-json\/wp\/v2\/users\/2"}],"replies":[{"embeddable":true,"href":"https:\/\/multihoster.org\/fr\/wp-json\/wp\/v2\/comments?post=3364"}],"version-history":[{"count":2,"href":"https:\/\/multihoster.org\/fr\/wp-json\/wp\/v2\/pages\/3364\/revisions"}],"predecessor-version":[{"id":4607,"href":"https:\/\/multihoster.org\/fr\/wp-json\/wp\/v2\/pages\/3364\/revisions\/4607"}],"wp:attachment":[{"href":"https:\/\/multihoster.org\/fr\/wp-json\/wp\/v2\/media?parent=3364"}],"curies":[{"name":"wp","href":"https:\/\/api.w.org\/{rel}","templated":true}]}}