{"id":3438,"date":"2020-04-08T13:13:08","date_gmt":"2020-04-08T13:13:08","guid":{"rendered":"https:\/\/multihoster.org\/subyshare\/"},"modified":"2020-04-08T13:48:17","modified_gmt":"2020-04-08T13:48:17","slug":"subyshare","status":"publish","type":"page","link":"https:\/\/multihoster.org\/fr\/subyshare\/","title":{"rendered":"Subyshare Premium Compte: Le Filehoster En Un Coup D&rsquo;\u0153il"},"content":{"rendered":"\n<figure class=\"wp-block-image\"><img src=\"https:\/\/lh5.googleusercontent.com\/UquMrYbmLRQkC4EBiJecFA3UlFC8z2rcSYEBDawVt67_570UGuXawyAmBDVWM9MxQSfW0OIuqUrBIrg9tjN2n_xBKq3D3lCZsTGllywdzLY9OVZDET9XWc7Al_AHCd3-fCv95xM\" alt=\"Subyshare logo\"\/><\/figure>\n\n\n<a class=\"maxbutton-2 maxbutton maxbutton-cta\" target=\"_blank\" rel=\"nofollow noopener\" href=\"\/go\/\"><span class='mb-text'>&gt;&gt; Acc\u00e9der au site original de Linkifier<\/span><\/a>\n\n\n<p><\/p>\n\n\n\n<h2>Subyshare : Qu&rsquo;est-ce que c&rsquo;est ?<\/h2>\n\n\n\n<p>Subyshare est un h\u00e9bergeur de fichiers qui fournit un stockage ou une sauvegarde en ligne. Il dispose d&rsquo;outils pour partager, t\u00e9l\u00e9charger, charger et supprimer un fichier.<\/p>\n\n\n\n<p>Lorsqu&rsquo;il s&rsquo;agit d&rsquo;h\u00e9berger un fichier, Subyshare est vraiment rapide pour t\u00e9l\u00e9charger un fichier depuis les <a rel=\"noreferrer noopener\" aria-label=\"serveurs  (opens in a new tab)\" href=\"https:\/\/www.computerhope.com\/jargon\/s\/server.htm\" target=\"_blank\">serveurs <\/a>de Subyshare. L&rsquo;h\u00e9bergeur de fichiers Subyshare est l&rsquo;une des solutions aux probl\u00e8mes auxquels de nombreuses personnes sont confront\u00e9es, notamment en termes d&rsquo;acc\u00e8s et de r\u00e9cup\u00e9ration de leurs fichiers.<\/p>\n\n\n\n<h2>Services de Subyshare<\/h2>\n\n\n\n<p>Chaque fois qu&rsquo;un utilisateur a besoin d&rsquo;envoyer ou de partager un fichier avec son ami ou d&rsquo;autres personnes, mais qu&rsquo;il ne peut pas le t\u00e9l\u00e9charger sur son courrier \u00e9lectronique parce que la taille du ou des fichiers qu&rsquo;il essaie d&rsquo;envoyer est tr\u00e8s importante. Pour ce probl\u00e8me, Subyshare peut se charger de la t\u00e2che \u00e0 votre place. <\/p>\n\n\n\n<p>Si jamais un individu a besoin d&rsquo;une capacit\u00e9 de stockage en ligne qui soit vraiment s\u00e9curis\u00e9e pour la sauvegarde de ses fichiers, Subyshare peut lui donner une solution pour cela. <\/p>\n\n\n\n<p>Le site et les services de Subyshare sont compatibles avec tous les appareils. Si une personne souhaite acc\u00e9der \u00e0 ses donn\u00e9es personnelles ou priv\u00e9es \u00e0 partir de diff\u00e9rents appareils comme des t\u00e9l\u00e9phones mobiles, des ordinateurs ou des portables, mais qu&rsquo;elle ne veut pas toujours emporter tous ces appareils avec elle, alors Subyshare a le meilleur moyen de le faire. Il ou elle n&rsquo;aura pas besoin de cl\u00e9 USB pour emporter ses donn\u00e9es ou ses fichiers, mais avec l&rsquo;aide de Subyshare, il ou elle peut conserver et acc\u00e9der \u00e0 ses donn\u00e9es ou \u00e0 ses fichiers ici, \u00e0 tout moment et n&rsquo;importe o\u00f9. <\/p>\n\n\n\n<p>C&rsquo;est pourquoi l&rsquo;utilisation du stockage en ligne est importante. D\u00e9sormais, gr\u00e2ce aux services de Subyshare, vous pouvez apporter et s\u00e9curiser vos donn\u00e9es ou fichiers et les conserver ici en un seul endroit.<\/p>\n\n\n\n<h2>Caract\u00e9ristiques de Subyshare pour diff\u00e9rents comptes<\/h2>\n\n\n\n<p>Subyshare dispose de trois (3) types de comptes diff\u00e9rents pour les utilisateurs. Il s&rsquo;agit du compte Subyshare gratuit, du compte Subyshare enregistr\u00e9 et du compte Subyshare Premium.<\/p>\n\n\n\n<p>Pour qu&rsquo;un utilisateur puisse d\u00e9cider quel compte utiliser, voici les caract\u00e9ristiques de chaque compte Subyshare<\/p>\n\n\n\n<figure class=\"wp-block-table\"><table class=\"\"><tbody><tr><td><strong>Votre plan actuel : ENREGISTR\u00c9<\/strong><\/td><td><strong>GRATUIT<\/strong><\/td><td><strong>ENREGISTR\u00c9<\/strong><\/td><td><strong>PREMIUM<\/strong><\/td><\/tr><tr><td>Espace de stockage<\/td><td><\/td><td>5000 GB Temporairement<\/td><td>A partir de 1000 GB PRE + 4 TB Temporairement<\/td><\/tr><tr><td>Volume de t\u00e9l\u00e9chargement par jour<\/td><td>2 GB 1 jour<\/td><td>2 GB 1 jour<\/td><td>4 GB 1 jour<\/td><\/tr><tr><td>Acheter plus de bande passante de t\u00e9l\u00e9chargement<\/td><td>Non<\/td><td>Non<\/td><td>Oui<\/td><\/tr><tr><td>Taille maximale des fichiers \u00e0 t\u00e9l\u00e9charger<\/td><td>100 Mb<\/td><td>5120 Mb<\/td><td>20480 Mb<\/td><\/tr><tr><td>Vitesse de t\u00e9l\u00e9chargement<\/td><td>130 KB\/s<\/td><td> 130 KB\/s <\/td><td>7-15MB\/s<\/td><\/tr><tr><td>O\u00f9 vos fichiers sont-ils supprim\u00e9s ?<\/td><td>1 jour apr\u00e8s le dernier t\u00e9l\u00e9chargement<\/td><td>30 jours apr\u00e8s le dernier t\u00e9l\u00e9chargement<\/td><td>180 jours apr\u00e8s le dernier t\u00e9l\u00e9chargement<\/td><\/tr><tr><td>Temps d&rsquo;attente<\/td><td>60 secondes<\/td><td>60 secondes<\/td><td>Aucune!<\/td><\/tr><tr><td>Annonces publicitaires<\/td><td> Oui <\/td><td>  Oui <\/td><td> Aucune! <\/td><\/tr><tr><td>Solve Captcha en t\u00e9l\u00e9chargement<\/td><td>  Oui <\/td><td>  Oui <\/td><td> Aucune! <\/td><\/tr><\/tbody><\/table><\/figure>\n\n\n\n<h2>Compte premium Subyshare<\/h2>\n\n\n\n<p>Si un utilisateur souhaite profiter pleinement de toutes les fonctionnalit\u00e9s et services de Subyshare, il ou elle doit obtenir le compte premium de Subyshare.<\/p>\n\n\n\n<h3>Cl\u00e9 du compte premium Subyshare<\/h3>\n\n\n\n<p>Si un utilisateur poss\u00e8de d\u00e9j\u00e0 la <a rel=\"noreferrer noopener\" aria-label=\"cl\u00e9  (opens in a new tab)\" href=\"https:\/\/searchsecurity.techtarget.com\/definition\/key\" target=\"_blank\">cl\u00e9 <\/a>de son compte premium, il peut suivre les \u00e9tapes suivantes pour activer le compte premium Subyshare.<\/p>\n\n\n\n<p>1. Vous devez vous connecter \u00e0 votre compte d&rsquo;utilisateur de Subyshare pour acc\u00e9der \u00e0 votre profil de compte. Si vous n&rsquo;\u00eates pas encore inscrit, vous pouvez vous inscrire pour avoir un compte pour Subyshare.<\/p>\n\n\n\n<p>2. Apr\u00e8s vous \u00eatre connect\u00e9, veuillez ouvrir ce lien : http:\/\/subyshare.com\/account\/profile<\/p>\n\n\n\n<p>3. Copiez la cl\u00e9 ou le code que vous poss\u00e9dez et collez-le dans le champ de texte \u00ab\u00a0Cl\u00e9 premium\u00a0\u00bb ou \u00ab\u00a0Code d&rsquo;activation\u00a0\u00bb. (Veuillez vous r\u00e9f\u00e9rer \u00e0 l&rsquo;image ci-dessous).<\/p>\n\n\n\n<p>4. Cliquez sur le bouton \u00ab\u00a0Entr\u00e9e\u00a0\u00bb pour soumettre et appliquer la cl\u00e9 ou le code \u00e0 Subyshare.<\/p>\n\n\n\n<figure class=\"wp-block-image\"><img src=\"https:\/\/lh3.googleusercontent.com\/TwETx_rfPehPnTx0tCW572Fj0afFVMNJOsbgKwf9hc7i7iNEFC7ItL4XPXwWEIbYB2pxykFwfAeLVYQgE-SA6pKu4nm_na196XLIW3iqEy2bREkoVbSxoY_PgZZecfP0xXxiFEI\" alt=\"Subyshare Account Overview\"\/><\/figure>\n\n\n\n<p>5. Subyshare le v\u00e9rifiera. Si la cl\u00e9 que vous avez saisie est correcte, votre compte premium Subyshare sera activ\u00e9.<\/p>\n\n\n\n<h2>Subyshare Premium Compte Plans<\/h2>\n\n\n\n<figure class=\"wp-block-table\"><table class=\"\"><tbody><tr><td># Nombre de jours <\/td><td>Prix des forfaits <\/td><td>Stockage en t\u00e9raoctet (TB) <\/td><td>Bande passante quotidienne en gigaoctets (GB) <\/td><td>Stockage illimit\u00e9 <\/td><td>Vitesse de t\u00e9l\u00e9chargement en m\u00e9gaoctets (MB) <\/td><td>Contient des annonces <\/td><td>T\u00e9l\u00e9chargement direct <\/td><\/tr><tr><td>30<\/td><td>14,99 USD  <\/td><td>1<\/td><td> 40 <\/td><td>Oui<\/td><td>10<\/td><td>Non<\/td><td>Oui<\/td><\/tr><tr><td> 75 <\/td><td>29,95 USD  <\/td><td>1<\/td><td> 40 <\/td><td>Oui<\/td><td>10<\/td><td> Non<\/td><td> Oui<\/td><\/tr><tr><td> 180 <\/td><td>47,45 USD  <\/td><td>1<\/td><td> 40 <\/td><td> Oui<\/td><td>10<\/td><td> Non<\/td><td> Oui<\/td><\/tr><tr><td> 365 <\/td><td>87,95 USD  <\/td><td>1<\/td><td> 40 <\/td><td>Oui<\/td><td>10<\/td><td> Non<\/td><td> Oui<\/td><\/tr><\/tbody><\/table><\/figure>\n\n\n\n<p>*Ces plans ne peuvent \u00eatre pay\u00e9s qu&rsquo;une seule fois, mais un utilisateur peut toujours mettre \u00e0 niveau ou renouveler, ou prolonger le plan dont il b\u00e9n\u00e9ficie.<\/p>\n\n\n\n<h3>\u00c9tapes :<\/h3>\n\n\n\n<ul><li>1er : Un utilisateur doit choisir l&rsquo;un des paquets de Subyshare Premium qu&rsquo;il souhaite utiliser. <\/li><li> 2 : L&rsquo;utilisateur doit choisir l&rsquo;un des modes de paiement de Subyshare<\/li><li> 3 : Un utilisateur doit v\u00e9rifier si le plan est ajout\u00e9 \u00e0 son panier.<\/li><li> 4\u00e8me :  Cliquez sur le bouton \u00ab\u00a0Checkout\u00a0\u00bb pour v\u00e9rifier le forfait Premium de Subyshare.<\/li><\/ul>\n\n\n<a class=\"maxbutton-2 maxbutton maxbutton-cta\" target=\"_blank\" rel=\"nofollow noopener\" href=\"\/go\/\"><span class='mb-text'>&gt;&gt; Acc\u00e9der au site original de Linkifier<\/span><\/a>\n\n\n<p><\/p>\n\n\n\n<h3>Payer :<\/h3>\n\n\n\n<p>En payant le forfait Premium, Subyshare accepte les modes de paiement suivants :<\/p>\n\n\n\n<ul><li>Tous les types de cartes de cr\u00e9dit,<\/li><li> Webmoney, <\/li><li> Bitcoin, et<\/li><li> Paypal<\/li><\/ul>\n\n\n\n<h2>Subyshare : Fichiers<\/h2>\n\n\n\n<h3>T\u00e9l\u00e9chargement de fichiers<\/h3>\n\n\n\n<p>Il existe trois (3) fa\u00e7ons de t\u00e9l\u00e9charger un ou plusieurs fichiers sur Subyshare :<\/p>\n\n\n\n<p>1. T\u00e9l\u00e9chargement \u00e0 l&rsquo;aide de navigateurs web.<\/p>\n\n\n\n<p>L&rsquo;utilisation des navigateurs web est la fa\u00e7on normale et tr\u00e8s simple qu&rsquo;un utilisateur peut faire pour t\u00e9l\u00e9charger un ou plusieurs fichiers sur Subyshare. Pour effectuer le t\u00e9l\u00e9chargement sur un navigateur web, suivez les \u00e9tapes ci-dessous :<\/p>\n\n\n\n<p>i. Allez sur Subyshare et connectez-vous \u00e0 votre compte.<\/p>\n\n\n\n<p>ii. Allez \u00e0 la page \u00ab\u00a0Mes fichiers\u00a0\u00bb du gestionnaire de fichiers de votre compte Subyshare.<\/p>\n\n\n\n<p>iii. Faites un glisser-d\u00e9poser du ou des fichiers \u00e0 cet endroit ou allez dans l&rsquo;un de vos dossiers et faites un glisser-d\u00e9poser du ou des fichiers qui s&rsquo;y trouvent.<\/p>\n\n\n\n<p>iv. Veillez \u00e0 ce qu&rsquo;il y ait une barre de progression qui doit \u00eatre remplie \u00e0 100 %. Elle indiquera que le t\u00e9l\u00e9chargement des fichiers est complet. <\/p>\n\n\n\n<p>2. T\u00e9l\u00e9chargement par l&rsquo;utilisation du protocole de transfert de fichiers ou du t\u00e9l\u00e9chargement FTP.<\/p>\n\n\n\n<p>Un utilisateur peut utiliser n&rsquo;importe quel <a rel=\"noreferrer noopener\" aria-label=\"protocole de transfert de fichiers (opens in a new tab)\" href=\"https:\/\/searchnetworking.techtarget.com\/definition\/File-Transfer-Protocol-FTP\" target=\"_blank\">protocole de transfert de fichiers<\/a> ou client FTP, par exemple, est Filezilla pour t\u00e9l\u00e9charger le ou les fichiers sur Subyshare via les serveurs FTP. Pour t\u00e9l\u00e9charger en utilisant ce moyen FTP, un utilisateur doit fournir son nom d&rsquo;h\u00f4te, son nom d&rsquo;utilisateur de compte et son mot de passe de compte.<\/p>\n\n\n\n<p>Pour le nom d&rsquo;h\u00f4te : utilisez les serveurs suivants de Subyshare :<\/p>\n\n\n\n<figure class=\"wp-block-table\"><table class=\"\"><tbody><tr><td class=\"has-text-align-center\" data-align=\"center\">Nom du serveur : <\/td><\/tr><tr><td class=\"has-text-align-center\" data-align=\"center\">ftp.subyshare.com &#8211; (pour l&rsquo;Europe) <\/td><\/tr><tr><td class=\"has-text-align-center\" data-align=\"center\">us.ftp.subyshare.com &#8211; (pour l&rsquo;Am\u00e9rique) <\/td><\/tr><\/tbody><\/table><\/figure>\n\n\n\n<p>3. Utilisation de la fonction de t\u00e9l\u00e9chargement \u00e0 distance.<\/p>\n\n\n\n<p>La fonction de t\u00e9l\u00e9chargement \u00e0 distance d\u00e9pendra toujours des param\u00e8tres du compte de l&rsquo;utilisateur sur Subyshare. De plus, si un utilisateur souhaite ou a besoin d&rsquo;utiliser la m\u00e9thode de t\u00e9l\u00e9chargement \u00e0 distance, il doit contacter le support de Subyshare pour le guider sur la mani\u00e8re de le faire.<\/p>\n\n\n\n<h3>T\u00e9l\u00e9chargement de fichiers<\/h3>\n\n\n\n<p>Le t\u00e9l\u00e9chargement d&rsquo;un ou plusieurs fichiers dans Subyshare est super facile. Il suffit \u00e0 un utilisateur de double-cliquer sur le fichier qu&rsquo;il veut t\u00e9l\u00e9charger, mais lorsqu&rsquo;un utilisateur utilise le compte Subyshare Premium, le t\u00e9l\u00e9chargement est beaucoup plus facile pour lui, car Subyshare Premium peut t\u00e9l\u00e9charger automatiquement le ou les fichiers que vous voulez. Tout d&rsquo;abord, il suffit \u00e0 l&rsquo;utilisateur de r\u00e9gler ses param\u00e8tres de t\u00e9l\u00e9chargement sur \u00ab\u00a0T\u00e9l\u00e9chargement direct\u00a0\u00bb dans les param\u00e8tres de son compte Subyshare. Un utilisateur peut \u00e9galement utiliser le lien de t\u00e9l\u00e9chargement fourni par Subyshare (Le lien de t\u00e9l\u00e9chargement est disponible pour les utilisateurs gratuits et les utilisateurs Premium).<\/p>\n\n\n\n<p>Subyshare peut se connecter avec d&rsquo;autres logiciels de t\u00e9l\u00e9chargement pour t\u00e9l\u00e9charger un ou plusieurs fichiers tels que le gestionnaire de t\u00e9l\u00e9chargement Internet ou IDM.<\/p>\n\n\n\n<h3>Flux de fichiers<\/h3>\n\n\n\n<p>Le streaming dans Subyshare ne prend en charge que ces types de fichiers vid\u00e9o ci-dessous :<\/p>\n\n\n\n<figure class=\"wp-block-table\"><table class=\"\"><tbody><tr><td>3gp<\/td><td>avi<\/td><td>divx<\/td><td>flv<\/td><td>mkv<\/td><td>mov<\/td><td>mp4<\/td><td>mpeg<\/td><td>mpg<\/td><td>vob<\/td><td>wmv<\/td><td>xvid<\/td><\/tr><\/tbody><\/table><\/figure>\n\n\n\n<figure class=\"wp-block-image\"><img src=\"https:\/\/lh3.googleusercontent.com\/1gxrgoQikEaD4cXKfXcGuv8fVFojiwgr2nhFon4IjtlHIn4ynWj9KOll78T6KWI-1ZKPOcRDKX4pdyj_Ns5CbFx2gwksc0WjiMbFNgomyqJZihb7TMltRzpsCOLTICG6SoRCtgs\" alt=\"Adobe Flash Player\"\/><\/figure>\n\n\n\n<p>Le streaming dans Subyshare ne prend en charge que ces types de fichiers vid\u00e9o ci-dessous :<\/p>\n\n\n\n<p>Si un utilisateur ne dispose pas d&rsquo;Adobe Flash Player, il doit d&rsquo;abord l&rsquo;installer avant de pouvoir diffuser une vid\u00e9o sur Subyshare. <\/p>\n\n\n\n<h3>Partage de fichiers<\/h3>\n\n\n\n<p>Un utilisateur ne peut pas partager les fichiers avec toutes les personnes, mais Subyshare permet aux utilisateurs de partager des fichiers avec d&rsquo;autres personnes qu&rsquo;ils choisissent seulement de partager.<\/p>\n\n\n\n<p>Un utilisateur ne peut pas voir le ou les fichiers que les autres utilisateurs ont t\u00e9l\u00e9charg\u00e9s, mais il peut le voir si l&rsquo;auteur du t\u00e9l\u00e9chargement lui a permis de voir le fichier des fichiers qu&rsquo;il a t\u00e9l\u00e9charg\u00e9s.<\/p>\n\n\n\n<h3>Subyshare : Supprimer<\/h3>\n\n\n\n<p>Si un utilisateur t\u00e9l\u00e9charge d\u00e9j\u00e0 un fichier sur Subyshare, il ou elle a fourni par Subyshare une fonction de suppression \u00e0 son compte, donc s&rsquo;il y a un fichier qu&rsquo;il aime supprimer, il ou elle est autoris\u00e9 \u00e0 le faires.<\/p>\n\n\n\n<p>Pour supprimer un fichier, suivez les \u00e9tapes ci-dessous :<\/p>\n\n\n\n<p>1. Allez sur le site de Subyshare.<\/p>\n\n\n\n<p>2. Allez au fichier t\u00e9l\u00e9charg\u00e9 et cliquez sur le fichier que vous choisissez de supprimer. (Pour choisir plusieurs fichiers, vous pouvez appuyer sur la touche Ctrl ou sur la touche Maj et cliquer sur les fichiers).<\/p>\n\n\n\n<p>3. Pour supprimer le fichier que vous avez choisi, faites un clic droit sur le fichier ou les fichiers \u00e0 l&rsquo;aide de votre souris et cliquez sur le bouton \u00ab\u00a0Supprimer\u00a0\u00bb.<\/p>\n\n\n\n<p>4. Avant de pouvoir proc\u00e9der \u00e0 la suppression du fichier, vous devez entrer le mot de passe pour le supprimer. Ensuite, cliquez sur le bouton \u00ab\u00a0OK\u00a0\u00bb pour appliquer le processus de suppression au(x) fichier(s).<\/p>\n\n\n\n<p>*Si un utilisateur a oubli\u00e9 son mot de passe pour la suppression d&rsquo;un ou plusieurs fichiers, il doit alors contacter le support de Subyshare ou il peut soumettre son probl\u00e8me via le formulaire de contact de Subyshare.<\/p>\n\n\n\n<h2>Subyshare : Aide<\/h2>\n\n\n\n<p>Si un utilisateur a encore un probl\u00e8me ou une question sur les services de Subyshare ou sur quoi que ce soit d&rsquo;autre concernant Subyshare, il ne doit pas h\u00e9siter \u00e0 contacter le support de Subyshare et il ne doit pas avoir peur d&rsquo;utiliser le formulaire de contact de Subyshare et de le remplir compl\u00e8tement pour soumettre ses pr\u00e9occupations. Un utilisateur peut les contacter \u00e0 tout moment.<\/p>\n\n\n\n<p>Subyshare dispose \u00e9galement d&rsquo;un support en direct pour aider les utilisateurs, les clients ou les clients \u00e0 r\u00e9soudre leurs probl\u00e8mes en temps r\u00e9el, mais ils ne peuvent utiliser cette fonction de Subyshare que lorsqu&rsquo;ils voient que la fonction se trouve sur le site de Subyshare. Si l&rsquo;assistance en direct ne se trouve pas sur le site de Subyshare, un utilisateur est inform\u00e9 qu&rsquo;il ou elle enverra toujours ses pr\u00e9occupations par le biais du formulaire de contact qui est le ticket pour l&rsquo;assistance de Subyshare.<\/p>\n\n\n<a class=\"maxbutton-2 maxbutton maxbutton-cta\" target=\"_blank\" rel=\"nofollow noopener\" href=\"\/go\/\"><span class='mb-text'>&gt;&gt; Acc\u00e9der au site original de Linkifier<\/span><\/a>\n\n\n<p><\/p>\n","protected":false},"excerpt":{"rendered":"<p>Subyshare : Qu&rsquo;est-ce que c&rsquo;est ? Subyshare est un h\u00e9bergeur de fichiers qui fournit un stockage ou une sauvegarde en<\/p>\n","protected":false},"author":2,"featured_media":0,"parent":0,"menu_order":0,"comment_status":"closed","ping_status":"closed","template":"","meta":[],"yoast_head":"<!-- This site is optimized with the Yoast SEO plugin v18.3 - https:\/\/yoast.com\/wordpress\/plugins\/seo\/ -->\n<title>Subyshare Premium Compte: Le Filehoster En Un Coup D&#039;\u0153il<\/title>\n<meta name=\"description\" content=\"Is Subyshare een gerenommeerde aanbieder of niet, dan kunt u het antwoord vinden in de huidige test op Multihoster.org \u279c. Klik nu op \u271a om onze ervaringen te lezen!\" \/>\n<meta name=\"robots\" content=\"index, follow, max-snippet:-1, max-image-preview:large, max-video-preview:-1\" \/>\n<link rel=\"canonical\" href=\"https:\/\/multihoster.org\/fr\/subyshare\/\" \/>\n<meta property=\"og:locale\" content=\"fr_FR\" \/>\n<meta property=\"og:type\" content=\"article\" \/>\n<meta property=\"og:title\" content=\"Subyshare Premium Compte: Le Filehoster En Un Coup D&#039;\u0153il\" \/>\n<meta property=\"og:description\" content=\"Is Subyshare een gerenommeerde aanbieder of niet, dan kunt u het antwoord vinden in de huidige test op Multihoster.org \u279c. Klik nu op \u271a om onze ervaringen te lezen!\" \/>\n<meta property=\"og:url\" content=\"https:\/\/multihoster.org\/fr\/subyshare\/\" \/>\n<meta property=\"og:site_name\" content=\"Multihoster.org\" \/>\n<meta property=\"article:modified_time\" content=\"2020-04-08T13:48:17+00:00\" \/>\n<meta property=\"og:image\" content=\"https:\/\/lh5.googleusercontent.com\/UquMrYbmLRQkC4EBiJecFA3UlFC8z2rcSYEBDawVt67_570UGuXawyAmBDVWM9MxQSfW0OIuqUrBIrg9tjN2n_xBKq3D3lCZsTGllywdzLY9OVZDET9XWc7Al_AHCd3-fCv95xM\" \/>\n<meta name=\"twitter:card\" content=\"summary\" \/>\n<meta name=\"twitter:label1\" content=\"Dur\u00e9e de lecture estim\u00e9e\" \/>\n\t<meta name=\"twitter:data1\" content=\"9 minutes\" \/>\n<script type=\"application\/ld+json\" class=\"yoast-schema-graph\">{\"@context\":\"https:\/\/schema.org\",\"@graph\":[{\"@type\":\"WebSite\",\"@id\":\"https:\/\/multihoster.org\/#website\",\"url\":\"https:\/\/multihoster.org\/\",\"name\":\"Multihoster.org\",\"description\":\"Reviews of the major Filehosting services\",\"potentialAction\":[{\"@type\":\"SearchAction\",\"target\":{\"@type\":\"EntryPoint\",\"urlTemplate\":\"https:\/\/multihoster.org\/?s={search_term_string}\"},\"query-input\":\"required name=search_term_string\"}],\"inLanguage\":\"fr-FR\"},{\"@type\":\"ImageObject\",\"@id\":\"https:\/\/multihoster.org\/fr\/subyshare\/#primaryimage\",\"inLanguage\":\"fr-FR\",\"url\":\"https:\/\/lh5.googleusercontent.com\/UquMrYbmLRQkC4EBiJecFA3UlFC8z2rcSYEBDawVt67_570UGuXawyAmBDVWM9MxQSfW0OIuqUrBIrg9tjN2n_xBKq3D3lCZsTGllywdzLY9OVZDET9XWc7Al_AHCd3-fCv95xM\",\"contentUrl\":\"https:\/\/lh5.googleusercontent.com\/UquMrYbmLRQkC4EBiJecFA3UlFC8z2rcSYEBDawVt67_570UGuXawyAmBDVWM9MxQSfW0OIuqUrBIrg9tjN2n_xBKq3D3lCZsTGllywdzLY9OVZDET9XWc7Al_AHCd3-fCv95xM\"},{\"@type\":\"WebPage\",\"@id\":\"https:\/\/multihoster.org\/fr\/subyshare\/#webpage\",\"url\":\"https:\/\/multihoster.org\/fr\/subyshare\/\",\"name\":\"Subyshare Premium Compte: Le Filehoster En Un Coup D'\u0153il\",\"isPartOf\":{\"@id\":\"https:\/\/multihoster.org\/#website\"},\"primaryImageOfPage\":{\"@id\":\"https:\/\/multihoster.org\/fr\/subyshare\/#primaryimage\"},\"datePublished\":\"2020-04-08T13:13:08+00:00\",\"dateModified\":\"2020-04-08T13:48:17+00:00\",\"description\":\"Is Subyshare een gerenommeerde aanbieder of niet, dan kunt u het antwoord vinden in de huidige test op Multihoster.org \u279c. Klik nu op \u271a om onze ervaringen te lezen!\",\"breadcrumb\":{\"@id\":\"https:\/\/multihoster.org\/fr\/subyshare\/#breadcrumb\"},\"inLanguage\":\"fr-FR\",\"potentialAction\":[{\"@type\":\"ReadAction\",\"target\":[\"https:\/\/multihoster.org\/fr\/subyshare\/\"]}]},{\"@type\":\"BreadcrumbList\",\"@id\":\"https:\/\/multihoster.org\/fr\/subyshare\/#breadcrumb\",\"itemListElement\":[{\"@type\":\"ListItem\",\"position\":1,\"name\":\"Startseite\",\"item\":\"https:\/\/multihoster.org\/fr\/\"},{\"@type\":\"ListItem\",\"position\":2,\"name\":\"Subyshare Premium Compte: Le Filehoster En Un Coup D&rsquo;\u0153il\"}]}]}<\/script>\n<!-- \/ Yoast SEO plugin. -->","yoast_head_json":{"title":"Subyshare Premium Compte: Le Filehoster En Un Coup D'\u0153il","description":"Is Subyshare een gerenommeerde aanbieder of niet, dan kunt u het antwoord vinden in de huidige test op Multihoster.org \u279c. Klik nu op \u271a om onze ervaringen te lezen!","robots":{"index":"index","follow":"follow","max-snippet":"max-snippet:-1","max-image-preview":"max-image-preview:large","max-video-preview":"max-video-preview:-1"},"canonical":"https:\/\/multihoster.org\/fr\/subyshare\/","og_locale":"fr_FR","og_type":"article","og_title":"Subyshare Premium Compte: Le Filehoster En Un Coup D'\u0153il","og_description":"Is Subyshare een gerenommeerde aanbieder of niet, dan kunt u het antwoord vinden in de huidige test op Multihoster.org \u279c. Klik nu op \u271a om onze ervaringen te lezen!","og_url":"https:\/\/multihoster.org\/fr\/subyshare\/","og_site_name":"Multihoster.org","article_modified_time":"2020-04-08T13:48:17+00:00","og_image":[{"url":"https:\/\/lh5.googleusercontent.com\/UquMrYbmLRQkC4EBiJecFA3UlFC8z2rcSYEBDawVt67_570UGuXawyAmBDVWM9MxQSfW0OIuqUrBIrg9tjN2n_xBKq3D3lCZsTGllywdzLY9OVZDET9XWc7Al_AHCd3-fCv95xM"}],"twitter_card":"summary","twitter_misc":{"Dur\u00e9e de lecture estim\u00e9e":"9 minutes"},"schema":{"@context":"https:\/\/schema.org","@graph":[{"@type":"WebSite","@id":"https:\/\/multihoster.org\/#website","url":"https:\/\/multihoster.org\/","name":"Multihoster.org","description":"Reviews of the major Filehosting services","potentialAction":[{"@type":"SearchAction","target":{"@type":"EntryPoint","urlTemplate":"https:\/\/multihoster.org\/?s={search_term_string}"},"query-input":"required name=search_term_string"}],"inLanguage":"fr-FR"},{"@type":"ImageObject","@id":"https:\/\/multihoster.org\/fr\/subyshare\/#primaryimage","inLanguage":"fr-FR","url":"https:\/\/lh5.googleusercontent.com\/UquMrYbmLRQkC4EBiJecFA3UlFC8z2rcSYEBDawVt67_570UGuXawyAmBDVWM9MxQSfW0OIuqUrBIrg9tjN2n_xBKq3D3lCZsTGllywdzLY9OVZDET9XWc7Al_AHCd3-fCv95xM","contentUrl":"https:\/\/lh5.googleusercontent.com\/UquMrYbmLRQkC4EBiJecFA3UlFC8z2rcSYEBDawVt67_570UGuXawyAmBDVWM9MxQSfW0OIuqUrBIrg9tjN2n_xBKq3D3lCZsTGllywdzLY9OVZDET9XWc7Al_AHCd3-fCv95xM"},{"@type":"WebPage","@id":"https:\/\/multihoster.org\/fr\/subyshare\/#webpage","url":"https:\/\/multihoster.org\/fr\/subyshare\/","name":"Subyshare Premium Compte: Le Filehoster En Un Coup D'\u0153il","isPartOf":{"@id":"https:\/\/multihoster.org\/#website"},"primaryImageOfPage":{"@id":"https:\/\/multihoster.org\/fr\/subyshare\/#primaryimage"},"datePublished":"2020-04-08T13:13:08+00:00","dateModified":"2020-04-08T13:48:17+00:00","description":"Is Subyshare een gerenommeerde aanbieder of niet, dan kunt u het antwoord vinden in de huidige test op Multihoster.org \u279c. Klik nu op \u271a om onze ervaringen te lezen!","breadcrumb":{"@id":"https:\/\/multihoster.org\/fr\/subyshare\/#breadcrumb"},"inLanguage":"fr-FR","potentialAction":[{"@type":"ReadAction","target":["https:\/\/multihoster.org\/fr\/subyshare\/"]}]},{"@type":"BreadcrumbList","@id":"https:\/\/multihoster.org\/fr\/subyshare\/#breadcrumb","itemListElement":[{"@type":"ListItem","position":1,"name":"Startseite","item":"https:\/\/multihoster.org\/fr\/"},{"@type":"ListItem","position":2,"name":"Subyshare Premium Compte: Le Filehoster En Un Coup D&rsquo;\u0153il"}]}]}},"_links":{"self":[{"href":"https:\/\/multihoster.org\/fr\/wp-json\/wp\/v2\/pages\/3438"}],"collection":[{"href":"https:\/\/multihoster.org\/fr\/wp-json\/wp\/v2\/pages"}],"about":[{"href":"https:\/\/multihoster.org\/fr\/wp-json\/wp\/v2\/types\/page"}],"author":[{"embeddable":true,"href":"https:\/\/multihoster.org\/fr\/wp-json\/wp\/v2\/users\/2"}],"replies":[{"embeddable":true,"href":"https:\/\/multihoster.org\/fr\/wp-json\/wp\/v2\/comments?post=3438"}],"version-history":[{"count":1,"href":"https:\/\/multihoster.org\/fr\/wp-json\/wp\/v2\/pages\/3438\/revisions"}],"predecessor-version":[{"id":3447,"href":"https:\/\/multihoster.org\/fr\/wp-json\/wp\/v2\/pages\/3438\/revisions\/3447"}],"wp:attachment":[{"href":"https:\/\/multihoster.org\/fr\/wp-json\/wp\/v2\/media?parent=3438"}],"curies":[{"name":"wp","href":"https:\/\/api.w.org\/{rel}","templated":true}]}}