{"id":3552,"date":"2020-04-15T09:17:01","date_gmt":"2020-04-15T09:17:01","guid":{"rendered":"https:\/\/multihoster.org\/upstore-premium-account-the-filehoster-at-a-glance\/"},"modified":"2020-04-15T10:19:17","modified_gmt":"2020-04-15T10:19:17","slug":"upstore","status":"publish","type":"page","link":"https:\/\/multihoster.org\/fr\/upstore\/","title":{"rendered":"Upstore Premium Compte: Le Filehoster En Un Coup D&rsquo;\u0153il"},"content":{"rendered":"<a class=\"maxbutton-2 maxbutton maxbutton-cta\" target=\"_blank\" rel=\"nofollow noopener\" href=\"\/go\/\"><span class='mb-text'>&gt;&gt; Acc\u00e9der au site original de Linkifier<\/span><\/a>\n\n\n<p><\/p>\n\n\n\n<h2>\u00c0 propos d&rsquo;Upstore<\/h2>\n\n\n\n<p>Gr\u00e2ce \u00e0 la modernisation de cette g\u00e9n\u00e9ration aujourd&rsquo;hui, le r\u00e9seau en nuage est le meilleur moyen de g\u00e9rer les donn\u00e9es et les fichiers. Il s&rsquo;agit d&rsquo;un r\u00e9seau o\u00f9 les appareils sont connect\u00e9s \u00e0 des <a rel=\"noreferrer noopener\" aria-label=\" (opens in a new tab)\" href=\"https:\/\/www.computerhope.com\/jargon\/s\/server.htm\" target=\"_blank\">services <\/a>et des <a rel=\"noreferrer noopener\" aria-label=\"serveurs  (opens in a new tab)\" href=\"https:\/\/www.computerhope.com\/jargon\/s\/server.htm\" target=\"_blank\">serveurs <\/a>en nuage. Les informaticiens ont d\u00e9velopp\u00e9 ce stockage de fichiers dans le nuage appel\u00e9 Upstore et c&rsquo;est la soci\u00e9t\u00e9 Maxiwebconsulting Ltd. qui exploite les services Upstore.<\/p>\n\n\n\n<p>Upstore peut aider les utilisateurs \u00e0 garder leurs dossiers en place et en s\u00e9curit\u00e9 \u00e0 tout moment. Les fichiers ajout\u00e9s par l&rsquo;utilisateur peuvent \u00e9galement \u00eatre t\u00e9l\u00e9charg\u00e9s par d&rsquo;autres utilisateurs. Ils peuvent \u00e9galement \u00eatre partag\u00e9s et g\u00e9r\u00e9s par les utilisateurs, qu&rsquo;ils soient enregistr\u00e9s en tant qu&rsquo;utilisateur de compte gratuit ou de compte Premium.<\/p>\n\n\n\n<p>Heureusement, Upstore peut conserver tout type de fichiers tels que des vid\u00e9os, des chansons, des documents et des images, \u00e0 condition que les fichiers t\u00e9l\u00e9charg\u00e9s soient conformes aux conditions g\u00e9n\u00e9rales d&rsquo;Upstore.<\/p>\n\n\n\n<p>Il est tr\u00e8s utile et pratique pour les gens, en particulier pour les \u00e9tudiants et les hommes d&rsquo;affaires, car ils peuvent enregistrer, t\u00e9l\u00e9charger et transporter leurs fichiers sans avoir besoin de cl\u00e9s USB, de cartes m\u00e9moire ou de disques durs externes, mais bien s\u00fbr avec l&rsquo;aide des connexions internet en tout lieu.<\/p>\n\n\n\n<h3>Interface utilisateur de l&rsquo;Upstore<\/h3>\n\n\n\n<p>Quand on parle de l&rsquo;interface utilisateur d&rsquo;Upstore, on peut dire que son interface est tr\u00e8s basique ou tr\u00e8s simple. Les utilisateurs peuvent facilement naviguer sur les boutons, les fonctions et les caract\u00e9ristiques du site. Cependant, les utilisateurs peuvent profiter de toutes les fonctionnalit\u00e9s et services d&rsquo;Upstore s&rsquo;ils s&rsquo;inscrivent et obtiennent un plan Upstore Premium.<\/p>\n\n\n\n<h2>Compte Upstore Free et Premium<\/h2>\n\n\n\n<h3>Compte gratuit<\/h3>\n\n\n\n<p>Upstore est g\u00e9n\u00e9reux envers les personnes, en particulier celles qui n&rsquo;ont pas les moyens d&rsquo;acheter un compte Upstore Premium. Ils ont donc cr\u00e9\u00e9 un compte gratuit pour que tout le monde puisse utiliser les services Upstore, mais bien s\u00fbr, un compte gratuit a des limitations comme la vitesse de t\u00e9l\u00e9chargement en amont et en aval, la taille de stockage, la taille des fichiers et la bande passante. Les comptes Upstore gratuits sont surtout utilis\u00e9s par les personnes qui ont juste besoin de conserver leurs fichiers pour une courte dur\u00e9e. Oui, vous pouvez utiliser Upstore comme votre stockage temporaire.<\/p>\n\n\n\n<p>Vous trouverez ci-dessous les avantages dont vous b\u00e9n\u00e9ficiez lorsque vous utilisez le compte gratuit d&rsquo;Upstore :<\/p>\n\n\n\n<ul><li>Les utilisateurs ne peuvent pas t\u00e9l\u00e9charger de nombreux fichiers simultan\u00e9ment.<\/li><li> La vitesse de t\u00e9l\u00e9chargement est lente et les t\u00e9l\u00e9chargements ne commencent pas imm\u00e9diatement<\/li><li> Les utilisateurs ne peuvent pas t\u00e9l\u00e9charger de nombreux fichiers, ils doivent attendre que le t\u00e9l\u00e9chargement d&rsquo;un seul fichier soit termin\u00e9 pour en t\u00e9l\u00e9charger un autre \u00e0 nouveau.<\/li><li> La bande passante donn\u00e9e est de 6 gigaoctets (6 Go) par jour<\/li><li> La taille des fichiers \u00e0 t\u00e9l\u00e9charger ne doit pas d\u00e9passer deux gigaoctets (2) Go<\/li><li> La taille du fichier \u00e0 t\u00e9l\u00e9charger ne d\u00e9passe pas 2 Go.<\/li><li> La dur\u00e9e de stockage des fichiers est limit\u00e9e. Les fichiers ne sont stock\u00e9s que pour une courte dur\u00e9e dans le serveur en nuage.<\/li><li> Il est toujours n\u00e9cessaire d&rsquo;entrer le captcha.<\/li><li> Les utilisateurs n&rsquo;ont pas besoin de payer pour le compte Upstore Free pour l&rsquo;utiliser.<\/li><li> Les utilisateurs peuvent voir des annonces sur la page<\/li><li> Les liens de t\u00e9l\u00e9chargement ne sont valables que pour une courte dur\u00e9e.<\/li><\/ul>\n\n\n\n<h3>Compte premium<\/h3>\n\n\n\n<p>Si un utilisateur souhaite t\u00e9l\u00e9charger rapidement sans publicit\u00e9 d\u00e9rangeante, il doit se procurer le plan de compte Upstore Premium. De plus, un utilisateur peut transformer son compte gratuit en compte Premium, mais il doit payer le montant du prix. <\/p>\n\n\n\n<p>Le compte Upstore Premium est principalement utilis\u00e9 par les personnes qui ont besoin de conserver leurs fichiers pendant une longue p\u00e9riode. Oui, vous pouvez utiliser Upstore comme votre stockage permanent.<\/p>\n\n\n\n<p>Vous trouverez ci-dessous les avantages dont vous b\u00e9n\u00e9ficiez lorsque vous utilisez le compte Premium d&rsquo;Upstore :<\/p>\n\n\n\n<ul><li>Les utilisateurs peuvent charger et t\u00e9l\u00e9charger de nombreux fichiers simultan\u00e9ment<\/li><li> Les utilisateurs peuvent t\u00e9l\u00e9charger un fichier imm\u00e9diatement et sans lenteur en un seul clic du bouton de t\u00e9l\u00e9chargement<\/li><li> La vitesse de t\u00e9l\u00e9chargement pour les utilisateurs est de 1000 Mbps<\/li><li> La bande passante donn\u00e9e est de vingt gigaoctets (20 Go) par jour<\/li><li> La taille du fichier \u00e0 t\u00e9l\u00e9charger est de cinq gigaoctets (5 Go) maximum<\/li><li> Il n&rsquo;y a pas de limite de temps pour le stockage des fichiers. Les fichiers sont stock\u00e9s pendant un certain temps dans le serveur en nuage.<\/li><li> Il n&rsquo;est pas n\u00e9cessaire d&rsquo;entrer le <a href=\"https:\/\/www.pandasecurity.com\/mediacenter\/panda-security\/what-is-captcha\/\" target=\"_blank\" rel=\"noreferrer noopener\" aria-label=\"captcha (opens in a new tab)\">captcha<\/a><\/li><li> Il n&rsquo;y a pas de limite de temps pour le t\u00e9l\u00e9chargement des fichiers<\/li><li> Les utilisateurs doivent payer le prix du plan de compte premium Upstore.<\/li><li> La page ne contient pas de publicit\u00e9<\/li><li> Le lien d&rsquo;un fichier \u00e0 partager peut \u00eatre d\u00e9fini par un mot de passe par un utilisateur.<\/li><li> Les liens de t\u00e9l\u00e9chargement sont valables pour une longue p\u00e9riode.<\/li><\/ul>\n\n\n\n<h2>Upstore a-t-il des limites ?<\/h2>\n\n\n\n<p>Oui, c&rsquo;est le cas. Upstore donne des limitations aux utilisateurs gratuits ou non enregistr\u00e9s : Les limitations sont les suivantes :<\/p>\n\n\n\n<ul><li>Pour les utilisateurs gratuits et les utilisateurs non enregistr\u00e9s, Upstore leur donne jusqu&rsquo;\u00e0 6000 Mo par jour pour les t\u00e9l\u00e9chargements, un maximum de deux gigaoctets (2 Go) pour la taille des t\u00e9l\u00e9chargements de fichiers, et un maximum de deux gigaoctets (2 Go) pour la taille des t\u00e9l\u00e9chargements de fichiers.<\/li><li> Pour les utilisateurs Premium &#8211; Upstore leur donne jusqu&rsquo;\u00e0 20 000 Mo par jour pour les t\u00e9l\u00e9chargements, un maximum de cinq gigaoctets (5 Go) pour la taille des fichiers t\u00e9l\u00e9charg\u00e9s, et la taille des fichiers t\u00e9l\u00e9charg\u00e9s est illimit\u00e9e.<\/li><\/ul>\n\n\n\n<h2>Quel est le montant du compte premium de Upstore ?<\/h2>\n\n\n\n<p>Bonne nouvelle \u00e0 tous ! Le compte Upstore Premium n&rsquo;est pas si cher. Oui, beaucoup de gens peuvent se permettre d&rsquo;obtenir ce compte Upstore. Les utilisateurs peuvent choisir parmi quatre (4) diff\u00e9rents types de plans Upstore Premium. Ceux-ci comprennent les prix des plans ci-dessous :<\/p>\n\n\n\n<figure class=\"wp-block-table\"><table class=\"\"><tbody><tr><td class=\"has-text-align-center\" data-align=\"center\"><strong> Upstore Plans de primes <\/strong><\/td><\/tr><\/tbody><\/table><\/figure>\n\n\n\n<figure class=\"wp-block-table\"><table class=\"\"><tbody><tr><td>Dur\u00e9e<\/td><td> Avantages <\/td><td>Prix <\/td><td>Prix par jour <\/td><\/tr><tr><td>Pour 1 mois et 3 jours seulement <\/td><td>Un maximum de 10 fichiers peuvent \u00eatre t\u00e9l\u00e9charg\u00e9s simultan\u00e9ment <\/td><td>11.95 \u20ac <\/td><td>0.36 \u20ac <\/td><\/tr><tr><td>Pour 3 mois <\/td><td>La bande passante peut atteindre 20 Go par jour <\/td><td>25 \u20ac <\/td><td>0.28 \u20ac <\/td><\/tr><tr><td>Pour 6 mois <\/td><td>La vitesse de t\u00e9l\u00e9chargement peut atteindre 1000 Mbps <\/td><td>45 \u20ac <\/td><td>25 \u20ac <\/td><\/tr><tr><td>Pour 1 an ou 12 mois <\/td><td>Totalement s\u00fbr gr\u00e2ce \u00e0 sa vitesse rapide <\/td><td>75 \u20ac <\/td><td>0.21 \u20ac <\/td><\/tr><\/tbody><\/table><\/figure>\n\n\n<a class=\"maxbutton-2 maxbutton maxbutton-cta\" target=\"_blank\" rel=\"nofollow noopener\" href=\"\/go\/\"><span class='mb-text'>&gt;&gt; Acc\u00e9der au site original de Linkifier<\/span><\/a>\n\n\n<p><\/p>\n\n\n\n<h2>Paiement pour le compte premium Upstore<\/h2>\n\n\n\n<p>Si les utilisateurs souhaitent obtenir le compte Upstore Premium, Upstore propose diff\u00e9rentes m\u00e9thodes pour payer leur abonnement. Voir le tableau ci-dessous pour les diff\u00e9rentes m\u00e9thodes de paiement d&rsquo;Upstore.<\/p>\n\n\n\n<figure class=\"wp-block-table\"><table class=\"\"><tbody><tr><td class=\"has-text-align-center\" data-align=\"center\"><strong>LES MODES DE PAIEMENT EN MAGASIN <\/strong><\/td><\/tr><\/tbody><\/table><\/figure>\n\n\n\n<figure class=\"wp-block-table\"><table class=\"\"><tbody><tr><td class=\"has-text-align-center\" data-align=\"center\"><strong>Pour les cartes Visa ou MasterCard (cartes de cr\u00e9dit) <\/strong><\/td><td class=\"has-text-align-center\" data-align=\"center\"><strong>Pour les clients qui sont europ\u00e9ens<\/strong><\/td><\/tr><tr><td class=\"has-text-align-center\" data-align=\"center\"><img loading=\"lazy\" width=\"408\" height=\"54\" class=\"wp-image-3541\" style=\"width: 150px;\" src=\"https:\/\/multihoster.org\/wp-content\/uploads\/2020\/04\/Visa-or-MasterCard-Cards-Credit-Cards.png\" alt=\"Visa or MasterCard Cards (Credit Cards)\" srcset=\"https:\/\/multihoster.org\/wp-content\/uploads\/2020\/04\/Visa-or-MasterCard-Cards-Credit-Cards.png 408w, https:\/\/multihoster.org\/wp-content\/uploads\/2020\/04\/Visa-or-MasterCard-Cards-Credit-Cards-300x40.png 300w\" sizes=\"(max-width: 408px) 100vw, 408px\" \/><br>Carte Visa, carte MasterCard, Maestro, carte cadeau et carte de paiement <\/td><td class=\"has-text-align-center\" data-align=\"center\"><img loading=\"lazy\" width=\"290\" height=\"46\" class=\"wp-image-3532\" style=\"width: 150px;\" src=\"https:\/\/multihoster.org\/wp-content\/uploads\/2020\/04\/Payment-method-of-customers-who-are-European.png\" alt=\"Payment method of customers who are European\"><br>Carte Visa, MasterCard, Qiwi, WebMoney et Moneta <\/td><\/tr><tr><td class=\"has-text-align-center\" data-align=\"center\"><strong>Pour le paiement \u00e9lectronique et les alternatives <\/strong><\/td><td class=\"has-text-align-center\" data-align=\"center\"><strong>Pour Paysera ou virement bancaire <\/strong><\/td><\/tr><tr><td class=\"has-text-align-center\" data-align=\"center\"><img loading=\"lazy\" width=\"401\" height=\"43\" class=\"wp-image-3523\" style=\"width: 150px;\" src=\"https:\/\/multihoster.org\/wp-content\/uploads\/2020\/04\/For-E-Payment-and-Alternatives.png\" alt=\"For E-Payment and Alternatives\" srcset=\"https:\/\/multihoster.org\/wp-content\/uploads\/2020\/04\/For-E-Payment-and-Alternatives.png 401w, https:\/\/multihoster.org\/wp-content\/uploads\/2020\/04\/For-E-Payment-and-Alternatives-300x32.png 300w, https:\/\/multihoster.org\/wp-content\/uploads\/2020\/04\/For-E-Payment-and-Alternatives-392x43.png 392w, https:\/\/multihoster.org\/wp-content\/uploads\/2020\/04\/For-E-Payment-and-Alternatives-390x43.png 390w\" sizes=\"(max-width: 401px) 100vw, 401px\" \/><img loading=\"lazy\" width=\"177\" height=\"45\" class=\"wp-image-3514\" style=\"width: 70px;\" src=\"https:\/\/multihoster.org\/wp-content\/uploads\/2020\/04\/For-E-Payment-and-Alternatives-1.png\" alt=\"For E-Payment and Alternatives\"> <br>Bitcoin, Alipay, PaySafe, WM, Paymer, Ideal, Przelewy 24, MyBank et autres portefeuilles num\u00e9riques <\/td><td class=\"has-text-align-center\" data-align=\"center\"><img loading=\"lazy\" width=\"286\" height=\"48\" class=\"wp-image-3505\" style=\"width: 150px;\" src=\"https:\/\/multihoster.org\/wp-content\/uploads\/2020\/04\/For-Paysera-or-Wire-Transfer.png\" alt=\"For Paysera or Wire Transfer\"><img loading=\"lazy\" width=\"57\" height=\"41\" class=\"wp-image-3496\" style=\"width: 34px;\" src=\"https:\/\/multihoster.org\/wp-content\/uploads\/2020\/04\/For-Paysera-or-Wire-Transfer-1.png\" alt=\"For Paysera or Wire Transfer\"><br>cashU, Safety Pay, Virement bancaire, Euro money, Paysera <\/td><\/tr><\/tbody><\/table><\/figure>\n\n\n\n<p>Un utilisateur peut contacter Upstore par courriel ou par l&rsquo;interm\u00e9diaire du service d&rsquo;assistance s&rsquo;il rencontre un probl\u00e8me concernant le paiement ou s&rsquo;il a besoin d&rsquo;aide pour payer le compte premium Upstore.<\/p>\n\n\n\n<h2>T\u00e9l\u00e9chargement sur Upstore<\/h2>\n\n\n\n<p>Les serveurs d&rsquo;Upstore se trouvent en Europe, donc si un utilisateur de l&rsquo;autre pays t\u00e9l\u00e9charge un fichier, cela peut \u00eatre un peu plus lent, mais Upstore vise actuellement \u00e0 d\u00e9velopper un serveur suppl\u00e9mentaire dans d&rsquo;autres pays en dehors de l&rsquo;Europe.<\/p>\n\n\n\n<p>Un utilisateur peut t\u00e9l\u00e9charger diff\u00e9rents types de fichiers, mais Upstore interdit les autres types de fichiers. Voir ci-dessous pour conna\u00eetre les types de fichiers interdits.<\/p>\n\n\n\n<p>Types de fichiers interdits \u00e0 t\u00e9l\u00e9charger sur Upstore :<\/p>\n\n\n\n<ul><li>Dossiers avec violence<\/li><li> Fichiers avec tout type de porno<\/li><li> Autres dossiers qui ne sont pas conformes aux lois am\u00e9ricaines ou europ\u00e9ennes.<\/li><\/ul>\n\n\n\n<p>De plus, Upstore dispose d&rsquo;un service dans lequel les utilisateurs peuvent \u00e9galement t\u00e9l\u00e9charger un fichier en utilisant des torrents \u00e9ventuels.<\/p>\n\n\n\n<p>Le t\u00e9l\u00e9chargement de fichiers est limit\u00e9 pour les utilisateurs non enregistr\u00e9s et les utilisateurs gratuits, il est donc recommand\u00e9 \u00e0 un utilisateur d&rsquo;avoir un compte Upstore Premium (tout plan Upstore premium).<\/p>\n\n\n\n<p>Le t\u00e9l\u00e9chargement d&rsquo;un fichier peut parfois prendre beaucoup de temps. Les utilisateurs doivent donc v\u00e9rifier la stabilit\u00e9 et la vitesse de leur connexion internet qu&rsquo;ils utilisent actuellement.<\/p>\n\n\n\n<h2>S&rsquo;inscrire pour un compte Upstore<\/h2>\n\n\n\n<p>Si vous souhaitez conserver ou partager vos fichiers, Upstore est un outil sur lequel vous pouvez compter. Upstore est destin\u00e9 \u00e0 tous les utilisateurs et il est gratuit. Tout le monde peut s&rsquo;inscrire ici \u00e0 tout moment pour avoir un compte sur Upstore.<\/p>\n\n\n\n<p>Avoir un compte ici sur Upstore est tout simplement facile et simple. Un utilisateur n&rsquo;a qu&rsquo;\u00e0 inscrire ses coordonn\u00e9es sur le formulaire et \u00e0 l&rsquo;envoyer. Il suffit \u00e0 l&rsquo;utilisateur d&rsquo;indiquer son adresse \u00e9lectronique sur le formulaire et de l&rsquo;envoyer. Apr\u00e8s cela, les utilisateurs peuvent commencer \u00e0 g\u00e9rer, t\u00e9l\u00e9charger et charger des fichiers sur leur compte.<\/p>\n\n\n\n<h2>Abonnements sur Upstore<\/h2>\n\n\n\n<p>Si un abonnement utilisateur est pay\u00e9 pour un (1) mois ou trois (3) mois Upstore premium plan, il ou elle peut avoir le contr\u00f4le de son abonnement, soit de d\u00e9finir les abonnements manuellement, soit de le d\u00e9finir en automatique sur le tableau de bord de l&rsquo;utilisateur. <\/p>\n\n\n\n<h2>Aide d&rsquo;Upstore<\/h2>\n\n\n\n<p>Malheureusement, Upstore n&rsquo;a pas de support pour les chats ou les appels, mais les utilisateurs enregistr\u00e9s ou non enregistr\u00e9s peuvent joindre Upstore par l&rsquo;interm\u00e9diaire de leur service d&rsquo;assistance ou les utilisateurs les contactent g\u00e9n\u00e9ralement par e-mail, puis leur demandent toutes les informations qu&rsquo;ils peuvent avoir.<\/p>\n\n\n\n<h2>Toute suggestion pour Upstore<\/h2>\n\n\n\n<p>L&rsquo;aide du support est tr\u00e8s n\u00e9cessaire pour tous les utilisateurs d&rsquo;Upstore. Pour tout type d&rsquo;utilisateur, il est sugg\u00e9r\u00e9 qu&rsquo;Upstore ait un support pour les chats et les appels, afin que les gens puissent les joindre en temps r\u00e9el et que l&rsquo;\u00e9quipe de support d&rsquo;Upstore puisse r\u00e9pondre aux demandes des utilisateurs imm\u00e9diatement et qu&rsquo;elle puisse leur indiquer les solutions aux probl\u00e8mes des utilisateurs en temps r\u00e9el.<\/p>\n\n\n<a class=\"maxbutton-2 maxbutton maxbutton-cta\" target=\"_blank\" rel=\"nofollow noopener\" href=\"\/go\/\"><span class='mb-text'>&gt;&gt; Acc\u00e9der au site original de Linkifier<\/span><\/a>\n\n\n<p><\/p>\n","protected":false},"excerpt":{"rendered":"<p>\u00c0 propos d&rsquo;Upstore Gr\u00e2ce \u00e0 la modernisation de cette g\u00e9n\u00e9ration aujourd&rsquo;hui, le r\u00e9seau en nuage est le meilleur moyen de<\/p>\n","protected":false},"author":2,"featured_media":0,"parent":0,"menu_order":0,"comment_status":"closed","ping_status":"closed","template":"","meta":[],"yoast_head":"<!-- This site is optimized with the Yoast SEO plugin v18.3 - https:\/\/yoast.com\/wordpress\/plugins\/seo\/ -->\n<title>Upstore Premium Compte: Le Filehoster En Un Coup D&#039;\u0153il<\/title>\n<meta name=\"description\" content=\"Que Upstore soit un fournisseur r\u00e9put\u00e9 ou non, vous pouvez trouver la r\u00e9ponse dans le test actuel sur Multihoster.org \u279c Cliquez maintenant sur \u271a pour lire nos exp\u00e9riences !\" \/>\n<meta name=\"robots\" content=\"index, follow, max-snippet:-1, max-image-preview:large, max-video-preview:-1\" \/>\n<link rel=\"canonical\" href=\"https:\/\/multihoster.org\/fr\/upstore\/\" \/>\n<meta property=\"og:locale\" content=\"fr_FR\" \/>\n<meta property=\"og:type\" content=\"article\" \/>\n<meta property=\"og:title\" content=\"Upstore Premium Compte: Le Filehoster En Un Coup D&#039;\u0153il\" \/>\n<meta property=\"og:description\" content=\"Que Upstore soit un fournisseur r\u00e9put\u00e9 ou non, vous pouvez trouver la r\u00e9ponse dans le test actuel sur Multihoster.org \u279c Cliquez maintenant sur \u271a pour lire nos exp\u00e9riences !\" \/>\n<meta property=\"og:url\" content=\"https:\/\/multihoster.org\/fr\/upstore\/\" \/>\n<meta property=\"og:site_name\" content=\"Multihoster.org\" \/>\n<meta property=\"article:modified_time\" content=\"2020-04-15T10:19:17+00:00\" \/>\n<meta property=\"og:image\" content=\"https:\/\/multihoster.org\/wp-content\/uploads\/2020\/04\/Visa-or-MasterCard-Cards-Credit-Cards.png\" \/>\n<meta name=\"twitter:card\" content=\"summary\" \/>\n<meta name=\"twitter:label1\" content=\"Dur\u00e9e de lecture estim\u00e9e\" \/>\n\t<meta name=\"twitter:data1\" content=\"9 minutes\" \/>\n<script type=\"application\/ld+json\" class=\"yoast-schema-graph\">{\"@context\":\"https:\/\/schema.org\",\"@graph\":[{\"@type\":\"WebSite\",\"@id\":\"https:\/\/multihoster.org\/#website\",\"url\":\"https:\/\/multihoster.org\/\",\"name\":\"Multihoster.org\",\"description\":\"Reviews of the major Filehosting services\",\"potentialAction\":[{\"@type\":\"SearchAction\",\"target\":{\"@type\":\"EntryPoint\",\"urlTemplate\":\"https:\/\/multihoster.org\/?s={search_term_string}\"},\"query-input\":\"required name=search_term_string\"}],\"inLanguage\":\"fr-FR\"},{\"@type\":\"ImageObject\",\"@id\":\"https:\/\/multihoster.org\/fr\/upstore\/#primaryimage\",\"inLanguage\":\"fr-FR\",\"url\":\"https:\/\/multihoster.org\/wp-content\/uploads\/2020\/04\/Visa-or-MasterCard-Cards-Credit-Cards.png\",\"contentUrl\":\"https:\/\/multihoster.org\/wp-content\/uploads\/2020\/04\/Visa-or-MasterCard-Cards-Credit-Cards.png\",\"width\":408,\"height\":54,\"caption\":\"Visa or MasterCard Cards (Credit Cards)\"},{\"@type\":\"WebPage\",\"@id\":\"https:\/\/multihoster.org\/fr\/upstore\/#webpage\",\"url\":\"https:\/\/multihoster.org\/fr\/upstore\/\",\"name\":\"Upstore Premium Compte: Le Filehoster En Un Coup D'\u0153il\",\"isPartOf\":{\"@id\":\"https:\/\/multihoster.org\/#website\"},\"primaryImageOfPage\":{\"@id\":\"https:\/\/multihoster.org\/fr\/upstore\/#primaryimage\"},\"datePublished\":\"2020-04-15T09:17:01+00:00\",\"dateModified\":\"2020-04-15T10:19:17+00:00\",\"description\":\"Que Upstore soit un fournisseur r\u00e9put\u00e9 ou non, vous pouvez trouver la r\u00e9ponse dans le test actuel sur Multihoster.org \u279c Cliquez maintenant sur \u271a pour lire nos exp\u00e9riences !\",\"breadcrumb\":{\"@id\":\"https:\/\/multihoster.org\/fr\/upstore\/#breadcrumb\"},\"inLanguage\":\"fr-FR\",\"potentialAction\":[{\"@type\":\"ReadAction\",\"target\":[\"https:\/\/multihoster.org\/fr\/upstore\/\"]}]},{\"@type\":\"BreadcrumbList\",\"@id\":\"https:\/\/multihoster.org\/fr\/upstore\/#breadcrumb\",\"itemListElement\":[{\"@type\":\"ListItem\",\"position\":1,\"name\":\"Startseite\",\"item\":\"https:\/\/multihoster.org\/fr\/\"},{\"@type\":\"ListItem\",\"position\":2,\"name\":\"Upstore Premium Compte: Le Filehoster En Un Coup D&rsquo;\u0153il\"}]}]}<\/script>\n<!-- \/ Yoast SEO plugin. -->","yoast_head_json":{"title":"Upstore Premium Compte: Le Filehoster En Un Coup D'\u0153il","description":"Que Upstore soit un fournisseur r\u00e9put\u00e9 ou non, vous pouvez trouver la r\u00e9ponse dans le test actuel sur Multihoster.org \u279c Cliquez maintenant sur \u271a pour lire nos exp\u00e9riences !","robots":{"index":"index","follow":"follow","max-snippet":"max-snippet:-1","max-image-preview":"max-image-preview:large","max-video-preview":"max-video-preview:-1"},"canonical":"https:\/\/multihoster.org\/fr\/upstore\/","og_locale":"fr_FR","og_type":"article","og_title":"Upstore Premium Compte: Le Filehoster En Un Coup D'\u0153il","og_description":"Que Upstore soit un fournisseur r\u00e9put\u00e9 ou non, vous pouvez trouver la r\u00e9ponse dans le test actuel sur Multihoster.org \u279c Cliquez maintenant sur \u271a pour lire nos exp\u00e9riences !","og_url":"https:\/\/multihoster.org\/fr\/upstore\/","og_site_name":"Multihoster.org","article_modified_time":"2020-04-15T10:19:17+00:00","og_image":[{"url":"https:\/\/multihoster.org\/wp-content\/uploads\/2020\/04\/Visa-or-MasterCard-Cards-Credit-Cards.png"}],"twitter_card":"summary","twitter_misc":{"Dur\u00e9e de lecture estim\u00e9e":"9 minutes"},"schema":{"@context":"https:\/\/schema.org","@graph":[{"@type":"WebSite","@id":"https:\/\/multihoster.org\/#website","url":"https:\/\/multihoster.org\/","name":"Multihoster.org","description":"Reviews of the major Filehosting services","potentialAction":[{"@type":"SearchAction","target":{"@type":"EntryPoint","urlTemplate":"https:\/\/multihoster.org\/?s={search_term_string}"},"query-input":"required name=search_term_string"}],"inLanguage":"fr-FR"},{"@type":"ImageObject","@id":"https:\/\/multihoster.org\/fr\/upstore\/#primaryimage","inLanguage":"fr-FR","url":"https:\/\/multihoster.org\/wp-content\/uploads\/2020\/04\/Visa-or-MasterCard-Cards-Credit-Cards.png","contentUrl":"https:\/\/multihoster.org\/wp-content\/uploads\/2020\/04\/Visa-or-MasterCard-Cards-Credit-Cards.png","width":408,"height":54,"caption":"Visa or MasterCard Cards (Credit Cards)"},{"@type":"WebPage","@id":"https:\/\/multihoster.org\/fr\/upstore\/#webpage","url":"https:\/\/multihoster.org\/fr\/upstore\/","name":"Upstore Premium Compte: Le Filehoster En Un Coup D'\u0153il","isPartOf":{"@id":"https:\/\/multihoster.org\/#website"},"primaryImageOfPage":{"@id":"https:\/\/multihoster.org\/fr\/upstore\/#primaryimage"},"datePublished":"2020-04-15T09:17:01+00:00","dateModified":"2020-04-15T10:19:17+00:00","description":"Que Upstore soit un fournisseur r\u00e9put\u00e9 ou non, vous pouvez trouver la r\u00e9ponse dans le test actuel sur Multihoster.org \u279c Cliquez maintenant sur \u271a pour lire nos exp\u00e9riences !","breadcrumb":{"@id":"https:\/\/multihoster.org\/fr\/upstore\/#breadcrumb"},"inLanguage":"fr-FR","potentialAction":[{"@type":"ReadAction","target":["https:\/\/multihoster.org\/fr\/upstore\/"]}]},{"@type":"BreadcrumbList","@id":"https:\/\/multihoster.org\/fr\/upstore\/#breadcrumb","itemListElement":[{"@type":"ListItem","position":1,"name":"Startseite","item":"https:\/\/multihoster.org\/fr\/"},{"@type":"ListItem","position":2,"name":"Upstore Premium Compte: Le Filehoster En Un Coup D&rsquo;\u0153il"}]}]}},"_links":{"self":[{"href":"https:\/\/multihoster.org\/fr\/wp-json\/wp\/v2\/pages\/3552"}],"collection":[{"href":"https:\/\/multihoster.org\/fr\/wp-json\/wp\/v2\/pages"}],"about":[{"href":"https:\/\/multihoster.org\/fr\/wp-json\/wp\/v2\/types\/page"}],"author":[{"embeddable":true,"href":"https:\/\/multihoster.org\/fr\/wp-json\/wp\/v2\/users\/2"}],"replies":[{"embeddable":true,"href":"https:\/\/multihoster.org\/fr\/wp-json\/wp\/v2\/comments?post=3552"}],"version-history":[{"count":1,"href":"https:\/\/multihoster.org\/fr\/wp-json\/wp\/v2\/pages\/3552\/revisions"}],"predecessor-version":[{"id":3562,"href":"https:\/\/multihoster.org\/fr\/wp-json\/wp\/v2\/pages\/3552\/revisions\/3562"}],"wp:attachment":[{"href":"https:\/\/multihoster.org\/fr\/wp-json\/wp\/v2\/media?parent=3552"}],"curies":[{"name":"wp","href":"https:\/\/api.w.org\/{rel}","templated":true}]}}