{"id":3597,"date":"2020-04-15T10:37:30","date_gmt":"2020-04-15T10:37:30","guid":{"rendered":"https:\/\/multihoster.org\/bigfile\/"},"modified":"2020-04-15T11:51:21","modified_gmt":"2020-04-15T11:51:21","slug":"bigfile","status":"publish","type":"page","link":"https:\/\/multihoster.org\/fr\/bigfile\/","title":{"rendered":"BigFile Premium Compte: Le Filehoster en un coup d&rsquo;\u0153il"},"content":{"rendered":"\n<div class=\"wp-block-image\"><figure class=\"alignleft size-large\"><img loading=\"lazy\" width=\"250\" height=\"114\" src=\"https:\/\/multihoster.org\/wp-content\/uploads\/2020\/04\/pasted-image-0-1-e1586947238554.png\" alt=\"BigFile logo\" class=\"wp-image-3584\"\/><\/figure><\/div>\n\n\n\n<p>Dites \u00ab\u00a0au revoir\u00a0\u00bb \u00e0 tous les supports de stockage externes tels que les lecteurs flash ou les disques durs externes, car le stockage en ligne des fichiers des utilisateurs est arriv\u00e9 \u00e0 un moment o\u00f9 il est d\u00e9velopp\u00e9 avec l&rsquo;aide de d\u00e9veloppeurs professionnels et peut \u00eatre utilis\u00e9 gr\u00e2ce \u00e0 la connexion internet d&rsquo;un appareil. Ce stockage en ligne est appel\u00e9 le <strong>BigFile<\/strong>.<\/p>\n\n\n<a class=\"maxbutton-2 maxbutton maxbutton-cta\" target=\"_blank\" rel=\"nofollow noopener\" href=\"\/go\/\"><span class='mb-text'>&gt;&gt; Acc\u00e9der au site original de Linkifier<\/span><\/a>\n\n\n<h2>Passage de BigFile<\/h2>\n\n\n\n<p>Bigfile est connu auparavant sous le nom de \u00ab\u00a0Uploadable.ch\u00a0\u00bb. C&rsquo;est l&rsquo;un des sites web les plus connus pour acc\u00e9der, stocker, charger et t\u00e9l\u00e9charger un ou plusieurs fichiers. Bigfile fournit un h\u00e9bergement de fichiers s\u00fbr et fiable et garantit \u00e0 ses utilisateurs une exp\u00e9rience s\u00fbre et s\u00e9curis\u00e9e de leur site ainsi que des transactions de paiement.<\/p>\n\n\n\n<p>En outre, BigFile peut conserver tous les fichiers de l&rsquo;utilisateur, qu&rsquo;il s&rsquo;agisse d&rsquo;un document, de vid\u00e9os, de musique ou d&rsquo;autres types de fichiers, et il peut mettre ces fichiers \u00e0 la disposition d&rsquo;un utilisateur \u00e0 tout moment o\u00f9 il souhaite y acc\u00e9der ou \u00e0 tout moment o\u00f9 il en a besoin, o\u00f9 qu&rsquo;il aille et sur tout appareil dot\u00e9 d&rsquo;une connexion internet qu&rsquo;il utilise. Un utilisateur peut consulter et partager ses fichiers (documents, vid\u00e9os, musique ou autres types de fichiers) sur le site de BigFile en utilisant n&rsquo;importe quel navigateur web et n&rsquo;importe quel appareil.<\/p>\n\n\n\n<p>Si un utilisateur a rencontr\u00e9 des probl\u00e8mes ou des questions, ou s&rsquo;il souhaite simplement poser une question sur le site, les fonctionnalit\u00e9s, les services ou les paiements de BigFile, il peut contacter l&rsquo;\u00e9quipe d&rsquo;assistance de BigFile en remplissant le formulaire de contact sur son site.<\/p>\n\n\n\n<p>Pour utiliser les diff\u00e9rentes fonctionnalit\u00e9s et services du site de BigFile, il doit cr\u00e9er un compte pour \u00eatre enregistr\u00e9 sur le site. De plus, chaque utilisateur doit confirmer et v\u00e9rifier ses comptes pour la s\u00e9curit\u00e9 de toutes les transactions qui seront effectu\u00e9es avec le syst\u00e8me du site BigFile. Un compte confirm\u00e9 et v\u00e9rifi\u00e9 est n\u00e9cessaire pour \u00e9viter toute fraude ou toute fausse transaction. Un utilisateur doit se rappeler qu&rsquo;il ne doit pas partager son compte, en particulier les informations relatives \u00e0 ses paiements, avec d&rsquo;autres utilisateurs ou avec quiconque pour sa s\u00e9curit\u00e9.<\/p>\n\n\n\n<p>BigFile poss\u00e8de deux types de comptes diff\u00e9rents, \u00e0 savoir le compte BigFile gratuit et le compte BigFile Premium. Les utilisateurs peuvent profiter de toutes les fonctionnalit\u00e9s et de tous les services avec le compte premium. BigFile permet aux utilisateurs qui ont un compte premium de t\u00e9l\u00e9charger plusieurs fichiers en m\u00eame temps ; contrairement aux utilisateurs qui ont un compte gratuit, ils n&rsquo;ont qu&rsquo;un nombre limit\u00e9 de t\u00e9l\u00e9chargements de fichiers dont un (1) seul fichier \u00e0 la fois, ils ne peuvent recommencer le t\u00e9l\u00e9chargement pour le fichier suivant qu&rsquo;une fois le t\u00e9l\u00e9chargement du fichier pr\u00e9c\u00e9dent termin\u00e9. Le compte BigFile Premium prend en charge le t\u00e9l\u00e9chargement d&rsquo;un ou plusieurs fichiers avec les acc\u00e9l\u00e9rateurs de t\u00e9l\u00e9chargement qui peuvent augmenter la vitesse de t\u00e9l\u00e9chargement m\u00eame si la connexion Internet de l&rsquo;utilisateur n&rsquo;a pas une vitesse plus \u00e9lev\u00e9e. De plus, le compte premium de BigFile a une vitesse plus \u00e9lev\u00e9e que le compte gratuit car le <a href=\"https:\/\/en.wikipedia.org\/wiki\/Internet_Protocol\" target=\"_blank\" rel=\"noreferrer noopener\" aria-label=\"protocole Internet (opens in a new tab)\">protocole Internet<\/a> ou l&rsquo;adresse IP de l&rsquo;utilisateur est dirig\u00e9 vers les serveurs du site BigFile qui ne sont pas plus encombr\u00e9s pour un trafic moindre que celui des comptes gratuits. <\/p>\n\n\n\n<p>En t\u00e9l\u00e9chargeant un ou plusieurs fichiers depuis le site de Bigfile, un utilisateur peut utiliser un ou plusieurs outils de t\u00e9l\u00e9chargement tels que le gestionnaire de t\u00e9l\u00e9chargement Internet ou IDM, Jdownloader, Download Accelerator Plus ou DAP, Mipon ou tout autre outil qu&rsquo;un utilisateur a l&rsquo;habitude d&rsquo;utiliser.<\/p>\n\n\n\n<ul><li>Facile et accessible \u2043 Un utilisateur peut facilement acc\u00e9der au site de BigFile o\u00f9 il veut et \u00e0 tout moment sans se soucier de la mani\u00e8re de transporter ses dossiers. Il peut \u00e9galement comprendre et s&rsquo;adapter facilement aux caract\u00e9ristiques, fonctions et services du site BigFile, car ils sont simples et basiques.<\/li><li>Sociable \u2043 Tout utilisateur peut utiliser le site de BigFile avec ses camarades de groupe ou ses co\u00e9quipiers ou ses camarades de classe, ses amis, sa famille ou d&rsquo;autres personnes en partageant un ou plusieurs fichiers avec eux. Il peut envoyer son ou ses fichiers sur Internet via les m\u00e9dias sociaux ou par courrier \u00e9lectronique.<\/li><li>Taille de fichier plus importante \u2043 Si un utilisateur opte pour le compte gratuit de BigFile uniquement, il ne disposera que d&rsquo;une taille de stockage limit\u00e9e, \u00e0 savoir deux gigaoctets (2 Go) ou deux mille m\u00e9gaoctets (2 000 Mo), tandis que si un utilisateur opte pour le compte premium de BigFile, il disposera d&rsquo;un espace de stockage de dix gigaoctets (10 Go) ou dix mille m\u00e9gaoctets (10 000 Mo).<\/li><li>Livraison rapide \u2043 La livraison du compte et des codes de produit de BigFile est envoy\u00e9e plus rapidement \u00e0 l&rsquo;adresse \u00e9lectronique de l&rsquo;utilisateur.<\/li><li>Diff\u00e9rentes m\u00e9thodes de paiement \u2043 BigFile prend en charge diff\u00e9rentes m\u00e9thodes de paiement, de sorte que diff\u00e9rents utilisateurs dans le monde peuvent payer ou acheter leurs produits et services.<\/li><li>Site tr\u00e8s s\u00e9curis\u00e9 \u2043 Les fichiers des utilisateurs sont tous prot\u00e9g\u00e9s car BigFile utilise la meilleure technologie de <a rel=\"noreferrer noopener\" aria-label=\"cryptage  (opens in a new tab)\" href=\"https:\/\/en.wikipedia.org\/wiki\/Encryption\" target=\"_blank\">cryptage <\/a>pour les fonctions de s\u00e9curit\u00e9 du site. <\/li><li>\u00c9quipe d&rsquo;assistance 24 heures sur 24 et 7 jours sur 7 \u2043 Le site de BigFile dispose d&rsquo;une \u00e9quipe d&rsquo;assistance pour les chats et les courriels en direct. L&rsquo;\u00e9quipe d&rsquo;assistance est op\u00e9rationnelle et toujours disponible 24 heures sur 24, 7 jours sur 7, chaque semaine.<\/li><\/ul>\n\n\n<a class=\"maxbutton-2 maxbutton maxbutton-cta\" target=\"_blank\" rel=\"nofollow noopener\" href=\"\/go\/\"><span class='mb-text'>&gt;&gt; Acc\u00e9der au site original de Linkifier<\/span><\/a>\n\n\n<h2>Les avantages et les caract\u00e9ristiques du compte premium Bigfile<\/h2>\n\n\n\n<ul><li>Il a la vitesse maximale pour le t\u00e9l\u00e9chargement d&rsquo;un ou plusieurs fichiers. Il n&rsquo;y a pas de limite de vitesse.<\/li><li>La taille du stockage personnel est illimit\u00e9e pour tous les utilisateurs Premium.<\/li><li>Il dispose de dix gigaoctets (10 Go) ou de dix mille m\u00e9gaoctets (10 000 Mo) pour le t\u00e9l\u00e9chargement d&rsquo;un ou plusieurs fichiers.<\/li><li>L&rsquo;archivage des fichiers est illimit\u00e9.<\/li><li>Il dispose d&rsquo;une <a href=\"https:\/\/dictionary.cambridge.org\/us\/dictionary\/english\/bandwidth\" target=\"_blank\" rel=\"noreferrer noopener\" aria-label=\"bande  (opens in a new tab)\">bande <\/a>passante de taille sup\u00e9rieure<\/li><li>Il n&rsquo;y a pas de temps d&rsquo;attente pour le t\u00e9l\u00e9chargement d&rsquo;un ou plusieurs fichiers et aucune publicit\u00e9 lors de l&rsquo;utilisation du site de BigFile.<\/li><li>Il s&rsquo;agit d&rsquo;un site et d&rsquo;un compte 100 % s\u00fbrs et s\u00e9curis\u00e9s.<\/li><li>Il prend en charge la gestion des fichiers.<\/li><li>Il prend en charge le t\u00e9l\u00e9chargement simultan\u00e9 de plusieurs fichiers.<\/li><li>Il dispose d&rsquo;un r\u00e9sum\u00e9 et d&rsquo;une pause pour les t\u00e9l\u00e9chargements.<\/li><li>Il dispose d&rsquo;un acc\u00e9l\u00e9rateur de t\u00e9l\u00e9chargement pour t\u00e9l\u00e9charger des fichiers plus rapidement<\/li><li>Il prend en charge diff\u00e9rents gestionnaires ou outils pour le t\u00e9l\u00e9chargement d&rsquo;un ou plusieurs fichiers.<\/li><\/ul>\n\n\n\n<p>Veuillez consulter les prix ci-dessous pour le compte BigFile gratuit et le compte BigFile Premium.<\/p>\n\n\n\n<figure class=\"wp-block-table\"><table class=\"\"><tbody><tr><td class=\"has-text-align-center\" data-align=\"center\">Prix des comptes BigFile<\/td><\/tr><\/tbody><\/table><\/figure>\n\n\n\n<figure class=\"wp-block-table\"><table class=\"\"><tbody><tr><td>Types de comptes BigFile<\/td><td>Jours ou mois<\/td><td>Prix<\/td><td>La taille de la capacit\u00e9 de stockage<\/td><td>Est-ce que c&rsquo;est s\u00fbr ?<\/td><td>Evaluation de la s\u00e9curit\u00e9<\/td><\/tr><tr><td>Compte gratuit<\/td><td>Z\u00e9ro (0) jours ou Z\u00e9ro (0) mois<\/td><td>00.00 USD<\/td><td>petit <\/td><td>\u2611 OUI<\/td><td>100%<\/td><\/tr><tr><td>\u22c6 Premium Compte<\/td><td>Trente (30) jours ou un (1) mois<\/td><td>15.99 USD<\/td><td>plus grand<\/td><td>\u2611 OUI<\/td><td>100%<\/td><\/tr><tr><td>\u22c6 Premium Compte<\/td><td>Quatre-vingt-dix (90) jours ou un (3) mois<\/td><td>36.99 USD<\/td><td>plus grand<\/td><td>\u2611 OUI<\/td><td>100%<\/td><\/tr><tr><td>\u22c6 Premium Compte<\/td><td>Cent quatre-vingts jours(180) ou six (6) mois<\/td><td>61.90 USD<\/td><td>plus grand<\/td><td>\u2611 OUI<\/td><td>100%<\/td><\/tr><tr><td>\u22c6 Premium Compte<\/td><td>Trois cent soixante-cinq (365) jours ou douze (12) mois<\/td><td>86.99 USD<\/td><td>plus grand<\/td><td>\u2611 OUI<\/td><td>100%<\/td><\/tr><\/tbody><\/table><\/figure>\n\n\n\n<h2>Code de bon pour l&rsquo;activation du BigFile Premium Compte<\/h2>\n\n\n\n<p>Oui, le site du Bigfile prend en charge le paiement via PayPal, VISA ou MasterCard pour les produits premium et les codes de r\u00e9duction. Apr\u00e8s avoir pay\u00e9 le compte premium ou le code de bon, l&rsquo;utilisateur re\u00e7oit un code compos\u00e9 de lettres et de chiffres qu&rsquo;il doit utiliser pour activer le compte premium du BigFile. Sans ce code, le compte d&rsquo;un utilisateur ne sera pas mis \u00e0 niveau vers le compte Premium et il ne pourra pas utiliser les fonctions et les services de ce dernier.<\/p>\n\n\n\n<p><strong>Comment saisir le code du bon s&rsquo;il s&rsquo;agit d&rsquo;un nouvel utilisateur ?<\/strong><\/p>\n\n\n\n<ol><li>Allez sur le site de BigFile et trouvez le bouton pour vous inscrire.<\/li><li>Un utilisateur doit s&rsquo;inscrire pour cr\u00e9er un compte sur le site de BigFile.<\/li><li>L&rsquo;utilisateur doit remplir tous les champs du formulaire d&rsquo;inscription \u00e0 BigFile. Il ou elle doit saisir son nom d&rsquo;utilisateur, son adresse \u00e9lectronique et son mot de passe.<\/li><li>Saisissez le code de bon d&rsquo;achat du compte BigFile Premium dans le champ \u00ab\u00a0Code de bon d&rsquo;achat Premium\u00a0\u00bb.<\/li><li>Ensuite, cliquez sur le bouton \u00ab\u00a0Create Account\u00a0\u00bb pour soumettre toutes les informations d&rsquo;un utilisateur sur le formulaire d&rsquo;inscription du site de BigFile.<\/li><\/ol>\n\n\n\n<figure class=\"wp-block-image\"><img src=\"https:\/\/lh3.googleusercontent.com\/I8_mopX3mrPEEN7JGhuyPdzqO1jj6OrOFL0aF2bXkaQPVaETo4xVYVFGWxV-AR87AX0ydjO2BtvzQJaETNqSxoo1nAeSD6OtWGDOBTpoHd5t9MD_iP4vC7yPtYG5Td6GNSXMCWg7\" alt=\"Enter Voucher Code on the yellow highlighted field\"\/><\/figure>\n\n\n\n<p><strong>Comment saisir le code du bon s&rsquo;il s&rsquo;agit d&rsquo;un utilisateur existant ?<\/strong><\/p>\n\n\n\n<ol><li>Allez sur le site de BigFile et trouvez le bouton pour vous connecter.<\/li><li>Allez \u00e0 la page de connexion du site de BigFile.<\/li><li>Un utilisateur doit se connecter \u00e0 son compte en utilisant le nom d&rsquo;utilisateur et le mot de passe de son compte sur BigFile.<\/li><li>Aller \u00e0 l&rsquo;onglet \u00ab\u00a0Redeem\u00a0\u00bb du site BigFile.<\/li><li>Copiez le code du bon et collez-le dans le champ \u00ab\u00a0Premium Voucher Code\u00a0\u00bb de la page d&rsquo;\u00e9change.<\/li><li>Ensuite, cliquez sur le bouton \u00ab\u00a0Submit\u00a0\u00bb pour appliquer le code du bon et activer le compte Premium de son compte BigFile. Un utilisateur peut maintenant profiter de toutes les fonctionnalit\u00e9s et de tous les services du compte Premium de BigFile.<\/li><\/ol>\n\n\n\n<figure class=\"wp-block-image\"><img src=\"https:\/\/lh5.googleusercontent.com\/Iu478QCvtTkoWyU6zrlZjC1KFVKkaTtq5MCNzq436AgZ5qP-MbuAktwuSDhTjTvvtVbCK7tR0T_bKu3-Z96e_r34TPaBE0pv0-A-Y2bwvoZxUEbX_lQ-21YikzWPKVlFQgycH-ML\" alt=\"Enter Voucher Code on the yellow highlighted field\"\/><\/figure>\n\n\n\n<p>Le d\u00e9lai moyen pour la livraison du produit de BigFile est de vingt-quatre (24) heures \u00e0 trois (3) jours. Ainsi, si un utilisateur effectue un paiement pour le compte premium ou le code du bon d&rsquo;achat de BigFile, il doit attendre dans ce laps de temps pour le recevoir.<\/p>\n\n\n<a class=\"maxbutton-2 maxbutton maxbutton-cta\" target=\"_blank\" rel=\"nofollow noopener\" href=\"\/go\/\"><span class='mb-text'>&gt;&gt; Acc\u00e9der au site original de Linkifier<\/span><\/a>","protected":false},"excerpt":{"rendered":"<p>Dites \u00ab\u00a0au revoir\u00a0\u00bb \u00e0 tous les supports de stockage externes tels que les lecteurs flash ou les disques durs externes,<\/p>\n","protected":false},"author":2,"featured_media":0,"parent":0,"menu_order":0,"comment_status":"closed","ping_status":"closed","template":"","meta":[],"yoast_head":"<!-- This site is optimized with the Yoast SEO plugin v18.3 - https:\/\/yoast.com\/wordpress\/plugins\/seo\/ -->\n<title>BigFile Premium Compte: Le Filehoster en un coup d&#039;\u0153il<\/title>\n<meta name=\"description\" content=\"Que BigFile soit un fournisseur r\u00e9put\u00e9 ou non, vous pouvez trouver la r\u00e9ponse dans le test actuel sur Multihoster.org \u279c Cliquez maintenant sur \u271a pour lire nos exp\u00e9riences !\" \/>\n<meta name=\"robots\" content=\"index, follow, max-snippet:-1, max-image-preview:large, max-video-preview:-1\" \/>\n<link rel=\"canonical\" href=\"https:\/\/multihoster.org\/fr\/bigfile\/\" \/>\n<meta property=\"og:locale\" content=\"fr_FR\" \/>\n<meta property=\"og:type\" content=\"article\" \/>\n<meta property=\"og:title\" content=\"BigFile Premium Compte: Le Filehoster en un coup d&#039;\u0153il\" \/>\n<meta property=\"og:description\" content=\"Que BigFile soit un fournisseur r\u00e9put\u00e9 ou non, vous pouvez trouver la r\u00e9ponse dans le test actuel sur Multihoster.org \u279c Cliquez maintenant sur \u271a pour lire nos exp\u00e9riences !\" \/>\n<meta property=\"og:url\" content=\"https:\/\/multihoster.org\/fr\/bigfile\/\" \/>\n<meta property=\"og:site_name\" content=\"Multihoster.org\" \/>\n<meta property=\"article:modified_time\" content=\"2020-04-15T11:51:21+00:00\" \/>\n<meta property=\"og:image\" content=\"https:\/\/multihoster.org\/wp-content\/uploads\/2020\/04\/pasted-image-0-1-e1586947238554.png\" \/>\n<meta name=\"twitter:card\" content=\"summary\" \/>\n<meta name=\"twitter:label1\" content=\"Dur\u00e9e de lecture estim\u00e9e\" \/>\n\t<meta name=\"twitter:data1\" content=\"8 minutes\" \/>\n<script type=\"application\/ld+json\" class=\"yoast-schema-graph\">{\"@context\":\"https:\/\/schema.org\",\"@graph\":[{\"@type\":\"WebSite\",\"@id\":\"https:\/\/multihoster.org\/#website\",\"url\":\"https:\/\/multihoster.org\/\",\"name\":\"Multihoster.org\",\"description\":\"Reviews of the major Filehosting services\",\"potentialAction\":[{\"@type\":\"SearchAction\",\"target\":{\"@type\":\"EntryPoint\",\"urlTemplate\":\"https:\/\/multihoster.org\/?s={search_term_string}\"},\"query-input\":\"required name=search_term_string\"}],\"inLanguage\":\"fr-FR\"},{\"@type\":\"ImageObject\",\"@id\":\"https:\/\/multihoster.org\/fr\/bigfile\/#primaryimage\",\"inLanguage\":\"fr-FR\",\"url\":\"https:\/\/multihoster.org\/wp-content\/uploads\/2020\/04\/pasted-image-0-1-e1586947238554.png\",\"contentUrl\":\"https:\/\/multihoster.org\/wp-content\/uploads\/2020\/04\/pasted-image-0-1-e1586947238554.png\",\"width\":250,\"height\":114,\"caption\":\"BigFile logo\"},{\"@type\":\"WebPage\",\"@id\":\"https:\/\/multihoster.org\/fr\/bigfile\/#webpage\",\"url\":\"https:\/\/multihoster.org\/fr\/bigfile\/\",\"name\":\"BigFile Premium Compte: Le Filehoster en un coup d'\u0153il\",\"isPartOf\":{\"@id\":\"https:\/\/multihoster.org\/#website\"},\"primaryImageOfPage\":{\"@id\":\"https:\/\/multihoster.org\/fr\/bigfile\/#primaryimage\"},\"datePublished\":\"2020-04-15T10:37:30+00:00\",\"dateModified\":\"2020-04-15T11:51:21+00:00\",\"description\":\"Que BigFile soit un fournisseur r\u00e9put\u00e9 ou non, vous pouvez trouver la r\u00e9ponse dans le test actuel sur Multihoster.org \u279c Cliquez maintenant sur \u271a pour lire nos exp\u00e9riences !\",\"breadcrumb\":{\"@id\":\"https:\/\/multihoster.org\/fr\/bigfile\/#breadcrumb\"},\"inLanguage\":\"fr-FR\",\"potentialAction\":[{\"@type\":\"ReadAction\",\"target\":[\"https:\/\/multihoster.org\/fr\/bigfile\/\"]}]},{\"@type\":\"BreadcrumbList\",\"@id\":\"https:\/\/multihoster.org\/fr\/bigfile\/#breadcrumb\",\"itemListElement\":[{\"@type\":\"ListItem\",\"position\":1,\"name\":\"Startseite\",\"item\":\"https:\/\/multihoster.org\/fr\/\"},{\"@type\":\"ListItem\",\"position\":2,\"name\":\"BigFile Premium Compte: Le Filehoster en un coup d&rsquo;\u0153il\"}]}]}<\/script>\n<!-- \/ Yoast SEO plugin. -->","yoast_head_json":{"title":"BigFile Premium Compte: Le Filehoster en un coup d'\u0153il","description":"Que BigFile soit un fournisseur r\u00e9put\u00e9 ou non, vous pouvez trouver la r\u00e9ponse dans le test actuel sur Multihoster.org \u279c Cliquez maintenant sur \u271a pour lire nos exp\u00e9riences !","robots":{"index":"index","follow":"follow","max-snippet":"max-snippet:-1","max-image-preview":"max-image-preview:large","max-video-preview":"max-video-preview:-1"},"canonical":"https:\/\/multihoster.org\/fr\/bigfile\/","og_locale":"fr_FR","og_type":"article","og_title":"BigFile Premium Compte: Le Filehoster en un coup d'\u0153il","og_description":"Que BigFile soit un fournisseur r\u00e9put\u00e9 ou non, vous pouvez trouver la r\u00e9ponse dans le test actuel sur Multihoster.org \u279c Cliquez maintenant sur \u271a pour lire nos exp\u00e9riences !","og_url":"https:\/\/multihoster.org\/fr\/bigfile\/","og_site_name":"Multihoster.org","article_modified_time":"2020-04-15T11:51:21+00:00","og_image":[{"url":"https:\/\/multihoster.org\/wp-content\/uploads\/2020\/04\/pasted-image-0-1-e1586947238554.png"}],"twitter_card":"summary","twitter_misc":{"Dur\u00e9e de lecture estim\u00e9e":"8 minutes"},"schema":{"@context":"https:\/\/schema.org","@graph":[{"@type":"WebSite","@id":"https:\/\/multihoster.org\/#website","url":"https:\/\/multihoster.org\/","name":"Multihoster.org","description":"Reviews of the major Filehosting services","potentialAction":[{"@type":"SearchAction","target":{"@type":"EntryPoint","urlTemplate":"https:\/\/multihoster.org\/?s={search_term_string}"},"query-input":"required name=search_term_string"}],"inLanguage":"fr-FR"},{"@type":"ImageObject","@id":"https:\/\/multihoster.org\/fr\/bigfile\/#primaryimage","inLanguage":"fr-FR","url":"https:\/\/multihoster.org\/wp-content\/uploads\/2020\/04\/pasted-image-0-1-e1586947238554.png","contentUrl":"https:\/\/multihoster.org\/wp-content\/uploads\/2020\/04\/pasted-image-0-1-e1586947238554.png","width":250,"height":114,"caption":"BigFile logo"},{"@type":"WebPage","@id":"https:\/\/multihoster.org\/fr\/bigfile\/#webpage","url":"https:\/\/multihoster.org\/fr\/bigfile\/","name":"BigFile Premium Compte: Le Filehoster en un coup d'\u0153il","isPartOf":{"@id":"https:\/\/multihoster.org\/#website"},"primaryImageOfPage":{"@id":"https:\/\/multihoster.org\/fr\/bigfile\/#primaryimage"},"datePublished":"2020-04-15T10:37:30+00:00","dateModified":"2020-04-15T11:51:21+00:00","description":"Que BigFile soit un fournisseur r\u00e9put\u00e9 ou non, vous pouvez trouver la r\u00e9ponse dans le test actuel sur Multihoster.org \u279c Cliquez maintenant sur \u271a pour lire nos exp\u00e9riences !","breadcrumb":{"@id":"https:\/\/multihoster.org\/fr\/bigfile\/#breadcrumb"},"inLanguage":"fr-FR","potentialAction":[{"@type":"ReadAction","target":["https:\/\/multihoster.org\/fr\/bigfile\/"]}]},{"@type":"BreadcrumbList","@id":"https:\/\/multihoster.org\/fr\/bigfile\/#breadcrumb","itemListElement":[{"@type":"ListItem","position":1,"name":"Startseite","item":"https:\/\/multihoster.org\/fr\/"},{"@type":"ListItem","position":2,"name":"BigFile Premium Compte: Le Filehoster en un coup d&rsquo;\u0153il"}]}]}},"_links":{"self":[{"href":"https:\/\/multihoster.org\/fr\/wp-json\/wp\/v2\/pages\/3597"}],"collection":[{"href":"https:\/\/multihoster.org\/fr\/wp-json\/wp\/v2\/pages"}],"about":[{"href":"https:\/\/multihoster.org\/fr\/wp-json\/wp\/v2\/types\/page"}],"author":[{"embeddable":true,"href":"https:\/\/multihoster.org\/fr\/wp-json\/wp\/v2\/users\/2"}],"replies":[{"embeddable":true,"href":"https:\/\/multihoster.org\/fr\/wp-json\/wp\/v2\/comments?post=3597"}],"version-history":[{"count":1,"href":"https:\/\/multihoster.org\/fr\/wp-json\/wp\/v2\/pages\/3597\/revisions"}],"predecessor-version":[{"id":3626,"href":"https:\/\/multihoster.org\/fr\/wp-json\/wp\/v2\/pages\/3597\/revisions\/3626"}],"wp:attachment":[{"href":"https:\/\/multihoster.org\/fr\/wp-json\/wp\/v2\/media?parent=3597"}],"curies":[{"name":"wp","href":"https:\/\/api.w.org\/{rel}","templated":true}]}}