{"id":3685,"date":"2020-04-15T15:38:06","date_gmt":"2020-04-15T15:38:06","guid":{"rendered":"https:\/\/multihoster.org\/extmatrix\/"},"modified":"2020-06-01T11:03:09","modified_gmt":"2020-06-01T11:03:09","slug":"extmatrix","status":"publish","type":"page","link":"https:\/\/multihoster.org\/fr\/extmatrix\/","title":{"rendered":"ExtMatrix Premium Compte: Le Filehoster En Un Coup D&rsquo;\u0153il"},"content":{"rendered":"\n<div class=\"wp-block-image\"><figure class=\"aligncenter\"><img src=\"https:\/\/lh6.googleusercontent.com\/ajXxtb78K0qOd80BT2Q0PmNLZ9CoZlNY06w5CnxkVhNTnHG9z_D201mJ-ybLmNBhDo72X1tR4N2dV7HBQXJH5eBBn0pSUXFfou4Jme-DHtzgqVWP2YK2erUAvolG8u27ou0oqD7a\" alt=\"ExtMatrix logo\"\/><\/figure><\/div>\n\n\n<a class=\"maxbutton-2 maxbutton maxbutton-cta\" target=\"_blank\" rel=\"nofollow noopener\" href=\"\/go\/\"><span class='mb-text'>&gt;&gt; Acc\u00e9der au site original de Linkifier<\/span><\/a>\n\n\n<h2>Qu&rsquo;est-ce qu&rsquo;ExtMatrix ?<\/h2>\n\n\n\n<p>ExtMatrix est une plateforme de stockage en ligne dans le nuage que vous pouvez utiliser en sauvegardant diff\u00e9rents types de donn\u00e9es, notamment des images, de la musique, des films, des documents, des fichiers compress\u00e9s, etc. Toutes les donn\u00e9es que vous conservez et stockez vous seront accessibles o\u00f9 que vous alliez, \u00e0 travers le monde. Par cons\u00e9quent, si vous avez besoin d&rsquo;un stockage de fichiers tr\u00e8s abordable et fiable, ExtMatrix est la plateforme qu&rsquo;il vous faut. Elle ne pr\u00e9sente aucune menace active signal\u00e9e r\u00e9cemment par les utilisateurs, la navigation sur ExtMatrix est s\u00fbre et s\u00e9curis\u00e9e.<\/p>\n\n\n\n<ul><li><strong>H\u00e9bergement de fichiers<br><\/strong>L&rsquo;h\u00e9bergement de fichiers est un service qui vous permet de t\u00e9l\u00e9charger et de g\u00e9rer vos fichiers sur le serveur de quelqu&rsquo;un d&rsquo;autre. Il peut \u00eatre h\u00e9berg\u00e9 sur un vrai serveur ou utiliser le stockage en nuage &#8211; le m\u00eame r\u00e9sultat se produirait. Vous t\u00e9l\u00e9chargez vos documents sur le serveur. Et ils y resteront jusqu&rsquo;\u00e0 ce que vous les enleviez (sauf si vos fichiers sont \u00e9limin\u00e9s par l&rsquo;entreprise pour une raison quelconque qui peut avoir enfreint ses conditions g\u00e9n\u00e9rales.<br><\/li><li><strong>Partage de fichiers<br><\/strong>Un service de distribution de fichiers peut \u00eatre consid\u00e9r\u00e9 comme une sorte d&rsquo;h\u00e9bergement de fichiers. Avec le partage de fichiers, vous obtenez seulement le droit de t\u00e9l\u00e9charger et de maintenir vos fichiers sur les serveurs de l&rsquo;entreprise mais aussi de donner aux autres personnes un lien de t\u00e9l\u00e9chargement. Gr\u00e2ce \u00e0 ce lien de t\u00e9l\u00e9chargement, ces autres utilisateurs peuvent obtenir et t\u00e9l\u00e9charger votre fichier pour leur usage.<br><\/li><li><strong>Navigateurs web pris en charge<br><\/strong>1. Google chrome (fortement recommand\u00e9)<br>2. Mozilla Firefox (recommand\u00e9)<br>3. Microsoft Edge<br>4. Safari<\/li><\/ul>\n\n\n\n<h3>Pourquoi choisir ExtMatrix ?<\/h3>\n\n\n\n<p>ExtMatrix est le revendeur d&rsquo;h\u00e9bergement de fichiers le plus populaire, offrant un service fantastique et de bons prix pour les comptes Premium ExtMatrix, leur principale responsabilit\u00e9 est de rester \u00e0 la hauteur. Afin de renforcer et d&rsquo;am\u00e9liorer la relation avec nos clients gr\u00e2ce \u00e0 une r\u00e9ponse plus rapide et des solutions ponctuelles, nous avons opt\u00e9 pour les meilleures \u00e9quipes de support technique professionnel par le biais de Live Support. Les clients peuvent discuter de leur produit et obtenir des solutions instantan\u00e9es en fonction de leurs besoins. Cela permet aux utilisateurs du monde entier de superviser leurs dossiers \u00e0 tout moment. Il est tr\u00e8s utile et pratique pour les gens, en particulier pour les \u00e9tudiants et les hommes d&rsquo;affaires, car ils peuvent enregistrer, t\u00e9l\u00e9charger et transporter leurs fichiers sans avoir besoin de cl\u00e9s USB, de cartes m\u00e9moire ou de disques durs externes, mais bien s\u00fbr avec l&rsquo;aide des connexions Internet en tout lieu. Le groupe peut envoyer des services inclus aux utilisateurs qui recherchent des services de gestion de fichiers rapides, prot\u00e9g\u00e9s et s\u00fbrs.<\/p>\n\n\n\n<h3>En savoir plus sur les caract\u00e9ristiques d&rsquo;ExtMatrix<\/h3>\n\n\n\n<ol><li>Nous conservons divers formats, qu&rsquo;il s&rsquo;agisse de vid\u00e9o, d&rsquo;audio, d&rsquo;images ou de documents.<\/li><li> Il contient un excellent organiseur de fichiers qui permet de g\u00e9rer les documents sans effort.<\/li><li> L&rsquo;adh\u00e9sion Premium vous permettra de b\u00e9n\u00e9ficier des meilleures vitesses de t\u00e9l\u00e9chargement, sans limite et sans r\u00e9serve de vos documents, sans qu&rsquo;aucune publicit\u00e9 ne vous d\u00e9range etc<\/li><\/ol>\n\n\n\n<h2>Caract\u00e9ristiques d&rsquo;ExtMatrix<\/h2>\n\n\n\n<h3>Panel d&rsquo;utilisateurs<\/h3>\n\n\n\n<p>Le panel d&rsquo;utilisateurs est compos\u00e9 des \u00e9l\u00e9ments suivants :<\/p>\n\n\n\n<ul><li><strong>Tableau de bord <\/strong>&#8211; Il indique le statut actuel de l&rsquo;utilisateur, le nombre total de t\u00e9l\u00e9chargements, de fichiers et de stockage.<\/li><li><strong>Gestionnaire de fichiers<\/strong> &#8211; C&rsquo;est la page sur laquelle un utilisateur g\u00e8re ses dossiers et fichiers sur le site ExtMatrix. Elle contient les dossiers cr\u00e9\u00e9s et les fichiers ajout\u00e9s (fichiers actifs et inactifs) d&rsquo;un utilisateur, la taille du dossier ou du fichier, le type de contenu, les liens de ces dossiers et fichiers, la date et l&rsquo;heure du t\u00e9l\u00e9chargement et le nombre de t\u00e9l\u00e9chargements pour un dossier ou un fichier.<\/li><li><strong>T\u00e9l\u00e9chargement multiple<\/strong> &#8211; Un utilisateur peut t\u00e9l\u00e9charger plusieurs fichiers dans n&rsquo;importe quel type de fichier. Il suffit de cliquer sur le bouton \u00ab\u00a0Ajouter des fichiers\u00a0\u00bb et de cliquer sur le bouton \u00ab\u00a0D\u00e9marrer le t\u00e9l\u00e9chargement\u00a0\u00bb pour t\u00e9l\u00e9charger les fichiers que vous venez d&rsquo;ajouter sur le site Openload.<\/li><li><strong>Param\u00e8tres utilisateur <\/strong>&#8211; C&rsquo;est ici que les utilisateurs g\u00e8rent leurs comptes et leurs informations.<\/li><li><strong>Param\u00e8tres de conversion<\/strong> &#8211; C&rsquo;est ici que la conversion d&rsquo;une vid\u00e9o est d\u00e9finie, en convertissant automatiquement la qualit\u00e9 d&rsquo;une vid\u00e9o lorsqu&rsquo;elle est diffus\u00e9e par un utilisateur dans la r\u00e9solution qu&rsquo;il a d\u00e9j\u00e0 d\u00e9finie et enregistr\u00e9e dans les param\u00e8tres de conversion.<\/li><\/ul>\n\n\n\n<h3>T\u00e9l\u00e9chargements<\/h3>\n\n\n\n<p>D\u00e9sormais, le t\u00e9l\u00e9chargement de fichiers est sans tracas !<\/p>\n\n\n\n<p>ExtMatrix est l\u00e0 pour vous aider \u00e0 conserver et \u00e0 organiser vos dossiers afin de vous faciliter la vie. ExtMatrix a un caract\u00e8re unique de simple glisser-d\u00e9poser qui rendra le t\u00e9l\u00e9chargement plus rapide. Il permet \u00e9galement de t\u00e9l\u00e9charger de nombreux fichiers sp\u00e9ciaux de diff\u00e9rents types.<\/p>\n\n\n\n<p>Les utilisateurs peuvent simplement faire glisser leur dossier ou fichier depuis leur appareil et le d\u00e9poser dans leurs fichiers ExtMatrix. Ensuite, ExtMatrix t\u00e9l\u00e9chargera pour vous tout le contenu du dossier ou du fichier.<\/p>\n\n\n\n<p>Le t\u00e9l\u00e9chargement de fichiers ou de dossiers \u00e0 l&rsquo;aide d&rsquo;appareils mobiles peut utiliser l&rsquo;option \u00ab\u00a0Partager vers\u00a0\u00bb et s\u00e9lectionner ExtMatrix pour les t\u00e9l\u00e9charger directement sur le compte ExtMatrix de l&rsquo;utilisateur, ensuite, aller sur le site ExtMatrix et essayer de t\u00e9l\u00e9charger votre fichier<\/p>\n\n\n\n<p>Vous trouverez ci-dessous les types de fichiers qui peuvent \u00eatre t\u00e9l\u00e9charg\u00e9s sur ExtMatrix :<\/p>\n\n\n\n<ul><li>Musique ou audio<\/li><li>Vid\u00e9os<\/li><li>Applications et jeux<\/li><li> Livres ou E-books<\/li><li> Archivage ou compression<\/li><\/ul>\n\n\n<a class=\"maxbutton-2 maxbutton maxbutton-cta\" target=\"_blank\" rel=\"nofollow noopener\" href=\"\/go\/\"><span class='mb-text'>&gt;&gt; Acc\u00e9der au site original de Linkifier<\/span><\/a>\n\n\n<h3>T\u00e9l\u00e9chargements<\/h3>\n\n\n\n<p>Les utilisateurs peuvent facilement t\u00e9l\u00e9charger le fichier \u00e0 partir du site ExtMatrix, du courrier \u00e9lectronique et des m\u00e9dias sociaux, ou n&rsquo;importe o\u00f9 en utilisant le lien donn\u00e9 d&rsquo;ExtMatrix pour les fichiers. Il leur suffit de cliquer sur le lien et ils seront dirig\u00e9s vers le fichier \u00e0 t\u00e9l\u00e9charger. <\/p>\n\n\n\n<h3>Partage<\/h3>\n\n\n\n<p>Le lien n&rsquo;est accessible que pour son propri\u00e9taire et pour l&rsquo;utilisateur partag\u00e9. Il est g\u00e9n\u00e9ralement utilis\u00e9 pour les fichiers de travail priv\u00e9s ou personnels.<\/p>\n\n\n\n<h3>Acc\u00e8s <\/h3>\n\n\n\n<p>Les utilisateurs sont seuls responsables de tout acc\u00e8s et utilisation des services suivants. Les utilisateurs peuvent \u00e9galement acc\u00e9der aux fichiers en utilisant des t\u00e9l\u00e9phones andro\u00efdes, des ios, des ordinateurs de bureau ou des ordinateurs portables.<\/p>\n\n\n\n<h3>Donn\u00e9es <\/h3>\n\n\n\n<p>Les utilisateurs sont seuls responsables des donn\u00e9es qui sont stock\u00e9es sur les serveurs. L&rsquo;utilisateur contr\u00f4le ses donn\u00e9es par le biais du lien qu&rsquo;il a g\u00e9n\u00e9r\u00e9.<\/p>\n\n\n\n<h3>Notifications<\/h3>\n\n\n\n<p>Les utilisateurs avertiront imm\u00e9diatement si un utilisateur remarque une activit\u00e9 indiquant que son compte ou ses donn\u00e9es sont utilis\u00e9s sans autorisation.<\/p>\n\n\n\n<h2>Avantages d&rsquo;ExtMatrix <\/h2>\n\n\n\n<figure class=\"wp-block-table\"><table><tbody><tr><td>Dossier<\/td><td>Premium<\/td><td>Gratuit<\/td><\/tr><tr><td>Vitesse de t\u00e9l\u00e9chargement<\/td><td>Illimit\u00e9<\/td><td>100kb\/s<\/td><\/tr><tr><td>T\u00e9l\u00e9charger la taille du fichier<\/td><td>10.00 GB<\/td><td>250.00 MB<\/td><\/tr><tr><td>Taille du fichier disponible<\/td><td>Illimit\u00e9<\/td><td>100.00 GB<\/td><\/tr><tr><td>Les dossiers inactifs seront supprim\u00e9s<\/td><td>Jamais<\/td><td>30 jour(s)<\/td><\/tr><\/tbody><\/table><\/figure>\n\n\n\n<h2>Comment acheter un compte premium ExtMatrix ?<\/h2>\n\n\n\n<ol><li>Choisissez n&rsquo;importe quel jour qui est valable.<\/li><li>Choisissez la s\u00e9lection PayPal ou Acheter maintenant<\/li><li>Ensuite, vous serez dirig\u00e9 vers les paiements.<\/li><li>Pour le paiement, utilisez votre adresse \u00e9lectronique valide qui est li\u00e9e \u00e0 votre compte Paypal<\/li><li>Vous pouvez utiliser certaines m\u00e9thodes de paiement comme les cartes de cr\u00e9dit\/d\u00e9bit comme Visa, MasterCard, AMEX et JCB par l&rsquo;interm\u00e9diaire de PayPal.<\/li><li>Une fois le paiement effectu\u00e9, vous recevrez un courriel de confirmation dans votre bo\u00eete de r\u00e9ception ou des messages de spam.<\/li><\/ol>\n\n\n\n<figure class=\"wp-block-table\"><table><tbody><tr><td>Plan d&rsquo;ensemble<\/td><td>ExtMatrix Premium Pack 30 jours<\/td><td>ExtMatrix Premium Pack 90 jours<\/td><td>ExtMatrix Premium Pack 180 jours<\/td><td>ExtMatrix Premium Pack 365 jours<\/td><\/tr><tr><td>Nombre de jours<\/td><td>30 jours<\/td><td>90 jours<br><strong>MEILLEURE VENTE<\/strong><\/td><td>180 jours<\/td><td>365 jours<br><strong>MEILLEURE VENTE<\/strong><\/td><\/tr><tr><td>Co\u00fbt par paquet<\/td><td>15 dollars<\/td><td>35 dollars<\/td><td>56 dollars<\/td><td>90 dollars<\/td><\/tr><tr><td>Modes de paiement<\/td><td>Paypal, MasterCard, Visa, Amex<\/td><td>Paypal, MasterCard, Visa, Amex<\/td><td>Paypal, MasterCard, Visa, Amex<\/td><td>Paypal, MasterCard, Visa, Amex<\/td><\/tr><\/tbody><\/table><\/figure>\n\n\n\n<p>*Note : Vous pouvez contacter le support pour plus de d\u00e9tails sur les autres m\u00e9thodes de paiement ExtMatrix.<\/p>\n\n\n\n<p>La taille totale de la page principale d&rsquo;ExtMatrix est de 275,9 kb. Cet effet d\u00e9passe le million de sites web les plus importants et identifie une page web \u00e9norme et non optimis\u00e9e qui peut prendre des ann\u00e9es \u00e0 se charger. 25% des sites web ont besoin de moins de ressources pour se charger. JavaScript prend 244,1 kb, ce qui repr\u00e9sente le volume principal du site.<\/p>\n\n\n\n<h2>Optimisation d&rsquo;ExtMatrix<\/h2>\n\n\n\n<p>Optimisation HTML &#8211; Le contenu HTML peut \u00eatre raccourci et comprim\u00e9 par le serveur d&rsquo;un site web. Le moyen le plus efficace est de comprimer le contenu en utilisant GZIP, ce qui r\u00e9duit la quantit\u00e9 d&rsquo;informations circulant sur le r\u00e9seau entre le serveur et le navigateur. Le syst\u00e8me pr\u00e9sent\u00e9 sur cette fiche est bien simplifi\u00e9. Il est extr\u00eamement conseill\u00e9 de ne pas compresser le contenu de ce site, cela permet d&rsquo;\u00e9conomiser jusqu&rsquo;\u00e0 3,9 kb ou 65% de la taille originale<\/p>\n\n\n\n<ul><li>Original &#8211; 6.0 kb<\/li><li>Apr\u00e8s la minification &#8211; 5.6 kb<\/li><li>Apr\u00e8s compression &#8211; 2,1 ko<\/li><\/ul>\n\n\n\n<p><strong>Optimisation des images<\/strong> &#8211; L&rsquo;optimisation des images peut aider \u00e0 dynamiser un site web. Le tableau montre la variation entre les tailles avant l&rsquo;optimisation. Il est \u00e9vident qu&rsquo;ExtMatrix demande une optimisation des images pour qu&rsquo;elles conservent jusqu&rsquo;\u00e0 7,7 kb ou 51 % du volume original. Les outils les plus admir\u00e9s et les mieux organis\u00e9s pour l&rsquo;optimisation des ic\u00f4nes JPEG et PNG sont Jpegoptim et PNG Crush.<\/p>\n\n\n\n<ul><li>Original &#8211; 15.0 kb<\/li><li> Apr\u00e8s optimisation &#8211; 7,3 ko<\/li><\/ul>\n\n\n\n<p><strong>Optimisation du JavaScript <\/strong>&#8211; Il est pr\u00e9f\u00e9rable de simplifier le JavaScript dans le but d&rsquo;am\u00e9liorer l&rsquo;ex\u00e9cution du site web, la figure montre le montant total actuel de tous les JavaScript. Une fois sa r\u00e9vision et sa compression termin\u00e9es, il est fortement sugg\u00e9r\u00e9 de regrouper et de simplifier tous les enregistrements JavaScript, car il peut conserver jusqu&rsquo;\u00e0 177,4 kb ou 73% de la taille originale. Le navigateur a envoy\u00e9 16 exigences CSS, JavaScript, AJAX et figures afin de rendre totalement la page la plus significative d&rsquo;ExtMatrix. Nous sugg\u00e9rons que certaines archives JavaScript et CSS soient r\u00e9unies en une seule par chaque cat\u00e9gorie. Cela peut r\u00e9duire les besoins en actifs de 7 juste avant 1 pour les Java Scripts, et cela peut affecter la vitesse de chargement de la page.<\/p>\n\n\n\n<ul><li>Original &#8211; 244.1 kb<\/li><li>Apr\u00e8s modification &#8211; 222.1 kb<\/li><li>Apr\u00e8s compression &#8211; 66,7 ko<\/li><\/ul>\n\n\n\n<p><strong>Optimisation CSS<\/strong> &#8211; La modification des fichiers CSS est tr\u00e8s importante pour r\u00e9duire le temps de rendu d&rsquo;une page web. Plus le chargement des fichiers CSS est rapide, plus le rendu d&rsquo;une page est rapide. ExtMatrix a besoin de minifier et de compresser tous les fichiers CSS car il peut sauvegarder jusqu&rsquo;\u00e0 8,4 kb ou 78% de la taille originale.<\/p>\n\n\n\n<ul><li>Original &#8211; 10.7 kb<\/li><li>Apr\u00e8s la minification &#8211; 8.2 kb<\/li><li>Apr\u00e8s compression &#8211; 2,3 ko<\/li><\/ul>\n\n\n\n<h2>Foire aux questions (FAQ)<\/h2>\n\n\n\n<h3><strong>Qu&rsquo;est-ce qu&rsquo;un compte premium ExtMatrix ?<\/strong><\/h3>\n\n\n\n<p>Avec un compte premium, vous pouvez stocker et acc\u00e9der \u00e0 vos fichiers sans aucun temps d&rsquo;attente ni limite. Il suffit d&rsquo;ouvrir un lien ExtMatrix et le t\u00e9l\u00e9chargement d\u00e9marre automatiquement !<\/p>\n\n\n\n<h3><strong>Supprimez-vous les fichiers inactifs ?<\/strong><\/h3>\n\n\n\n<p>Oui, apr\u00e8s 30 jours d&rsquo;inactivit\u00e9. Les fichiers t\u00e9l\u00e9charg\u00e9s en tant qu&rsquo;utilisateur Premium ne seront pas supprim\u00e9s, alors commencez \u00e0 recevoir votre Premium ExtMatrix d\u00e8s maintenant !<\/p>\n\n\n\n<h3><strong>Puis-je rechercher sur les serveurs ExtMatrix les fichiers que j&rsquo;aimerais t\u00e9l\u00e9charger ?<\/strong><\/h3>\n\n\n\n<p>Non ! Nous prot\u00e9geons la vie priv\u00e9e de tous les utilisateurs. Seule la personne qui stocke un fichier sur ExtMatrix peut acc\u00e9der \u00e0 son fichier.<\/p>\n\n\n<a class=\"maxbutton-2 maxbutton maxbutton-cta\" target=\"_blank\" rel=\"nofollow noopener\" href=\"\/go\/\"><span class='mb-text'>&gt;&gt; Acc\u00e9der au site original de Linkifier<\/span><\/a>","protected":false},"excerpt":{"rendered":"<p>Qu&rsquo;est-ce qu&rsquo;ExtMatrix ? ExtMatrix est une plateforme de stockage en ligne dans le nuage que vous pouvez utiliser en sauvegardant<\/p>\n","protected":false},"author":2,"featured_media":0,"parent":0,"menu_order":0,"comment_status":"closed","ping_status":"closed","template":"","meta":[],"yoast_head":"<!-- This site is optimized with the Yoast SEO plugin v18.3 - https:\/\/yoast.com\/wordpress\/plugins\/seo\/ -->\n<title>ExtMatrix Premium Compte \u2013 Le Filehoster En Un Coup D&#039;\u0153il<\/title>\n<meta name=\"description\" content=\"Que ExtMatrix soit un fournisseur r\u00e9put\u00e9 ou non, vous pouvez trouver la r\u00e9ponse dans le test actuel sur Multihoster.org \u279c Cliquez maintenant sur \u271a pour lire nos exp\u00e9riences !\" \/>\n<meta name=\"robots\" content=\"index, follow, max-snippet:-1, max-image-preview:large, max-video-preview:-1\" \/>\n<link rel=\"canonical\" href=\"https:\/\/multihoster.org\/fr\/extmatrix\/\" \/>\n<meta property=\"og:locale\" content=\"fr_FR\" \/>\n<meta property=\"og:type\" content=\"article\" \/>\n<meta property=\"og:title\" content=\"ExtMatrix Premium Compte \u2013 Le Filehoster En Un Coup D&#039;\u0153il\" \/>\n<meta property=\"og:description\" content=\"Que ExtMatrix soit un fournisseur r\u00e9put\u00e9 ou non, vous pouvez trouver la r\u00e9ponse dans le test actuel sur Multihoster.org \u279c Cliquez maintenant sur \u271a pour lire nos exp\u00e9riences !\" \/>\n<meta property=\"og:url\" content=\"https:\/\/multihoster.org\/fr\/extmatrix\/\" \/>\n<meta property=\"og:site_name\" content=\"Multihoster.org\" \/>\n<meta property=\"article:modified_time\" content=\"2020-06-01T11:03:09+00:00\" \/>\n<meta property=\"og:image\" content=\"https:\/\/lh6.googleusercontent.com\/ajXxtb78K0qOd80BT2Q0PmNLZ9CoZlNY06w5CnxkVhNTnHG9z_D201mJ-ybLmNBhDo72X1tR4N2dV7HBQXJH5eBBn0pSUXFfou4Jme-DHtzgqVWP2YK2erUAvolG8u27ou0oqD7a\" \/>\n<meta name=\"twitter:card\" content=\"summary\" \/>\n<meta name=\"twitter:label1\" content=\"Dur\u00e9e de lecture estim\u00e9e\" \/>\n\t<meta name=\"twitter:data1\" content=\"9 minutes\" \/>\n<script type=\"application\/ld+json\" class=\"yoast-schema-graph\">{\"@context\":\"https:\/\/schema.org\",\"@graph\":[{\"@type\":\"WebSite\",\"@id\":\"https:\/\/multihoster.org\/#website\",\"url\":\"https:\/\/multihoster.org\/\",\"name\":\"Multihoster.org\",\"description\":\"Reviews of the major Filehosting services\",\"potentialAction\":[{\"@type\":\"SearchAction\",\"target\":{\"@type\":\"EntryPoint\",\"urlTemplate\":\"https:\/\/multihoster.org\/?s={search_term_string}\"},\"query-input\":\"required name=search_term_string\"}],\"inLanguage\":\"fr-FR\"},{\"@type\":\"ImageObject\",\"@id\":\"https:\/\/multihoster.org\/fr\/extmatrix\/#primaryimage\",\"inLanguage\":\"fr-FR\",\"url\":\"https:\/\/lh6.googleusercontent.com\/ajXxtb78K0qOd80BT2Q0PmNLZ9CoZlNY06w5CnxkVhNTnHG9z_D201mJ-ybLmNBhDo72X1tR4N2dV7HBQXJH5eBBn0pSUXFfou4Jme-DHtzgqVWP2YK2erUAvolG8u27ou0oqD7a\",\"contentUrl\":\"https:\/\/lh6.googleusercontent.com\/ajXxtb78K0qOd80BT2Q0PmNLZ9CoZlNY06w5CnxkVhNTnHG9z_D201mJ-ybLmNBhDo72X1tR4N2dV7HBQXJH5eBBn0pSUXFfou4Jme-DHtzgqVWP2YK2erUAvolG8u27ou0oqD7a\"},{\"@type\":\"WebPage\",\"@id\":\"https:\/\/multihoster.org\/fr\/extmatrix\/#webpage\",\"url\":\"https:\/\/multihoster.org\/fr\/extmatrix\/\",\"name\":\"ExtMatrix Premium Compte \u2013 Le Filehoster En Un Coup D'\u0153il\",\"isPartOf\":{\"@id\":\"https:\/\/multihoster.org\/#website\"},\"primaryImageOfPage\":{\"@id\":\"https:\/\/multihoster.org\/fr\/extmatrix\/#primaryimage\"},\"datePublished\":\"2020-04-15T15:38:06+00:00\",\"dateModified\":\"2020-06-01T11:03:09+00:00\",\"description\":\"Que ExtMatrix soit un fournisseur r\u00e9put\u00e9 ou non, vous pouvez trouver la r\u00e9ponse dans le test actuel sur Multihoster.org \u279c Cliquez maintenant sur \u271a pour lire nos exp\u00e9riences !\",\"breadcrumb\":{\"@id\":\"https:\/\/multihoster.org\/fr\/extmatrix\/#breadcrumb\"},\"inLanguage\":\"fr-FR\",\"potentialAction\":[{\"@type\":\"ReadAction\",\"target\":[\"https:\/\/multihoster.org\/fr\/extmatrix\/\"]}]},{\"@type\":\"BreadcrumbList\",\"@id\":\"https:\/\/multihoster.org\/fr\/extmatrix\/#breadcrumb\",\"itemListElement\":[{\"@type\":\"ListItem\",\"position\":1,\"name\":\"Startseite\",\"item\":\"https:\/\/multihoster.org\/fr\/\"},{\"@type\":\"ListItem\",\"position\":2,\"name\":\"ExtMatrix Premium Compte: Le Filehoster En Un Coup D&rsquo;\u0153il\"}]}]}<\/script>\n<!-- \/ Yoast SEO plugin. -->","yoast_head_json":{"title":"ExtMatrix Premium Compte \u2013 Le Filehoster En Un Coup D'\u0153il","description":"Que ExtMatrix soit un fournisseur r\u00e9put\u00e9 ou non, vous pouvez trouver la r\u00e9ponse dans le test actuel sur Multihoster.org \u279c Cliquez maintenant sur \u271a pour lire nos exp\u00e9riences !","robots":{"index":"index","follow":"follow","max-snippet":"max-snippet:-1","max-image-preview":"max-image-preview:large","max-video-preview":"max-video-preview:-1"},"canonical":"https:\/\/multihoster.org\/fr\/extmatrix\/","og_locale":"fr_FR","og_type":"article","og_title":"ExtMatrix Premium Compte \u2013 Le Filehoster En Un Coup D'\u0153il","og_description":"Que ExtMatrix soit un fournisseur r\u00e9put\u00e9 ou non, vous pouvez trouver la r\u00e9ponse dans le test actuel sur Multihoster.org \u279c Cliquez maintenant sur \u271a pour lire nos exp\u00e9riences !","og_url":"https:\/\/multihoster.org\/fr\/extmatrix\/","og_site_name":"Multihoster.org","article_modified_time":"2020-06-01T11:03:09+00:00","og_image":[{"url":"https:\/\/lh6.googleusercontent.com\/ajXxtb78K0qOd80BT2Q0PmNLZ9CoZlNY06w5CnxkVhNTnHG9z_D201mJ-ybLmNBhDo72X1tR4N2dV7HBQXJH5eBBn0pSUXFfou4Jme-DHtzgqVWP2YK2erUAvolG8u27ou0oqD7a"}],"twitter_card":"summary","twitter_misc":{"Dur\u00e9e de lecture estim\u00e9e":"9 minutes"},"schema":{"@context":"https:\/\/schema.org","@graph":[{"@type":"WebSite","@id":"https:\/\/multihoster.org\/#website","url":"https:\/\/multihoster.org\/","name":"Multihoster.org","description":"Reviews of the major Filehosting services","potentialAction":[{"@type":"SearchAction","target":{"@type":"EntryPoint","urlTemplate":"https:\/\/multihoster.org\/?s={search_term_string}"},"query-input":"required name=search_term_string"}],"inLanguage":"fr-FR"},{"@type":"ImageObject","@id":"https:\/\/multihoster.org\/fr\/extmatrix\/#primaryimage","inLanguage":"fr-FR","url":"https:\/\/lh6.googleusercontent.com\/ajXxtb78K0qOd80BT2Q0PmNLZ9CoZlNY06w5CnxkVhNTnHG9z_D201mJ-ybLmNBhDo72X1tR4N2dV7HBQXJH5eBBn0pSUXFfou4Jme-DHtzgqVWP2YK2erUAvolG8u27ou0oqD7a","contentUrl":"https:\/\/lh6.googleusercontent.com\/ajXxtb78K0qOd80BT2Q0PmNLZ9CoZlNY06w5CnxkVhNTnHG9z_D201mJ-ybLmNBhDo72X1tR4N2dV7HBQXJH5eBBn0pSUXFfou4Jme-DHtzgqVWP2YK2erUAvolG8u27ou0oqD7a"},{"@type":"WebPage","@id":"https:\/\/multihoster.org\/fr\/extmatrix\/#webpage","url":"https:\/\/multihoster.org\/fr\/extmatrix\/","name":"ExtMatrix Premium Compte \u2013 Le Filehoster En Un Coup D'\u0153il","isPartOf":{"@id":"https:\/\/multihoster.org\/#website"},"primaryImageOfPage":{"@id":"https:\/\/multihoster.org\/fr\/extmatrix\/#primaryimage"},"datePublished":"2020-04-15T15:38:06+00:00","dateModified":"2020-06-01T11:03:09+00:00","description":"Que ExtMatrix soit un fournisseur r\u00e9put\u00e9 ou non, vous pouvez trouver la r\u00e9ponse dans le test actuel sur Multihoster.org \u279c Cliquez maintenant sur \u271a pour lire nos exp\u00e9riences !","breadcrumb":{"@id":"https:\/\/multihoster.org\/fr\/extmatrix\/#breadcrumb"},"inLanguage":"fr-FR","potentialAction":[{"@type":"ReadAction","target":["https:\/\/multihoster.org\/fr\/extmatrix\/"]}]},{"@type":"BreadcrumbList","@id":"https:\/\/multihoster.org\/fr\/extmatrix\/#breadcrumb","itemListElement":[{"@type":"ListItem","position":1,"name":"Startseite","item":"https:\/\/multihoster.org\/fr\/"},{"@type":"ListItem","position":2,"name":"ExtMatrix Premium Compte: Le Filehoster En Un Coup D&rsquo;\u0153il"}]}]}},"_links":{"self":[{"href":"https:\/\/multihoster.org\/fr\/wp-json\/wp\/v2\/pages\/3685"}],"collection":[{"href":"https:\/\/multihoster.org\/fr\/wp-json\/wp\/v2\/pages"}],"about":[{"href":"https:\/\/multihoster.org\/fr\/wp-json\/wp\/v2\/types\/page"}],"author":[{"embeddable":true,"href":"https:\/\/multihoster.org\/fr\/wp-json\/wp\/v2\/users\/2"}],"replies":[{"embeddable":true,"href":"https:\/\/multihoster.org\/fr\/wp-json\/wp\/v2\/comments?post=3685"}],"version-history":[{"count":3,"href":"https:\/\/multihoster.org\/fr\/wp-json\/wp\/v2\/pages\/3685\/revisions"}],"predecessor-version":[{"id":4623,"href":"https:\/\/multihoster.org\/fr\/wp-json\/wp\/v2\/pages\/3685\/revisions\/4623"}],"wp:attachment":[{"href":"https:\/\/multihoster.org\/fr\/wp-json\/wp\/v2\/media?parent=3685"}],"curies":[{"name":"wp","href":"https:\/\/api.w.org\/{rel}","templated":true}]}}