{"id":3721,"date":"2020-04-16T09:00:53","date_gmt":"2020-04-16T09:00:53","guid":{"rendered":"https:\/\/multihoster.org\/tusfiles\/"},"modified":"2020-04-16T09:42:39","modified_gmt":"2020-04-16T09:42:39","slug":"tusfiles","status":"publish","type":"page","link":"https:\/\/multihoster.org\/fr\/tusfiles\/","title":{"rendered":"TusFiles Premium Compte: Le Filehoster En Un Coup D&rsquo;\u0153il"},"content":{"rendered":"\n<figure class=\"wp-block-image is-resized\"><img loading=\"lazy\" src=\"https:\/\/lh5.googleusercontent.com\/VhTENL6he9zdRkCtqxyngyJXAG-GUaCUa8ROTiJUAAon7ohctlpp5uCnm4DAJW_yRxhz0Thc2ByUcVr3_gEC7bCDlnPBxDcTWS4EHLx-6pXRxF1bm8XmzhKiPPkmoaUpaxbRwOg\" alt=\"TusFiles logo\" width=\"571\" height=\"191\"\/><\/figure>\n\n\n<a class=\"maxbutton-2 maxbutton maxbutton-cta\" target=\"_blank\" rel=\"nofollow noopener\" href=\"\/go\/\"><span class='mb-text'>&gt;&gt; Acc\u00e9der au site original de Linkifier<\/span><\/a>\n\n\n<p><\/p>\n\n\n\n<h2>Aper\u00e7u des TusFiles<\/h2>\n\n\n\n<p>TusFiles est l&rsquo;un des services d&rsquo;h\u00e9bergement de fichiers s\u00fbrs et gratuits. Il est accessible dans le monde entier et \u00e0 tous les navigateurs web. Les utilisateurs de ce site peuvent acc\u00e9der \u00e0 un fichier, le partager, le t\u00e9l\u00e9charger et l&rsquo;envoyer.<\/p>\n\n\n\n<p>TusFiles dispose de trois (3) types de comptes diff\u00e9rents :<\/p>\n\n\n\n<ol><li>Compte d&rsquo;invit\u00e9 TusFiles &#8211; Il s&rsquo;agit d&rsquo;un compte pour un utilisateur qui n&rsquo;est pas enregistr\u00e9 ou qui n&rsquo;est pas membre de l&rsquo;est autoris\u00e9 \u00e0 acc\u00e9der au site Tusfiles, mais les utilisateurs invit\u00e9s ne peuvent obtenir que des avantages limit\u00e9s et ne peuvent utiliser que des fonctions et services limit\u00e9s de TusFiles. Il y a des retards ou de longues p\u00e9riodes d&rsquo;attente pour les t\u00e9l\u00e9chargements, les annonces et les CAPTCHA.<\/li><li> Compte TusFiles gratuit &#8211; Il s&rsquo;agit d&rsquo;un compte pour un utilisateur qui est enregistr\u00e9 ou qui est membre de TusFiles et qui est autoris\u00e9 \u00e0 acc\u00e9der au site Tusfiles, mais les utilisateurs gratuits ne peuvent obtenir que des avantages limit\u00e9s et ne peuvent utiliser que la plupart des fonctionnalit\u00e9s et services de TusFiles, mais avec une capacit\u00e9 de stockage plus importante et une vitesse plus \u00e9lev\u00e9e que l&rsquo;utilisateur invit\u00e9. Il a \u00e9galement un peu de retard ou un court temps d&rsquo;attente pour les t\u00e9l\u00e9chargements, les annonces et les CAPTCHA.<\/li><li> Compte TusFiles Premium &#8211; Il s&rsquo;agit d&rsquo;un compte pour un utilisateur qui a achet\u00e9 et activ\u00e9 un des plans TusFiles Premium pour son compte dans TusFiles. L&rsquo;utilisateur d&rsquo;un compte TusFiles Premium est autoris\u00e9 \u00e0 acc\u00e9der au site Tusfiles sans avoir de limites dans l&rsquo;utilisation de toutes les fonctionnalit\u00e9s et services de TusFiles. Il n&rsquo;a pas de retard ou de temps d&rsquo;attente pour les t\u00e9l\u00e9chargements, les annonces et les CAPTCHA.<\/li><\/ol>\n\n\n\n<h2>Caract\u00e9ristiques des diff\u00e9rents comptes TusFiles<\/h2>\n\n\n\n<figure class=\"wp-block-table\"><table class=\"\"><tbody><tr><td><br>Caract\u00e9ristiques des TusFiles<\/td><td>Types de TusFiles<br> Compte d&rsquo;invit\u00e9<\/td><td>Types de TusFiles<br> Compte gratuit<\/td><td>Types de TusFiles<br> Compte premium<\/td><\/tr><tr><td>Taille du stockage<\/td><td>1000 GB ou 1 TB<\/td><td>1000 GB ou  1 TB<\/td><td>1000 GB ou 1 TB<\/td><\/tr><tr><td>Taux de la vitesse <\/td><td>limit\u00e9e<\/td><td>limit\u00e9e<\/td><td>illimit\u00e9<\/td><\/tr><tr><td>D\u00e9bit de la bande passante<\/td><td>limit\u00e9e<\/td><td>limit\u00e9e<\/td><td>illimit\u00e9<\/td><\/tr><tr><td>Nombre de t\u00e9l\u00e9chargements<\/td><td>limit\u00e9e<\/td><td>limit\u00e9e<\/td><td>illimit\u00e9<\/td><\/tr><tr><td>Expiration du dossier<\/td><td>Un dossier expire apr\u00e8s sept (7) jours<\/td><td>Un dossier expire apr\u00e8s sept (30) jours<\/td><td>Un dossier n&rsquo;a pas d&rsquo;expiration<\/td><\/tr><tr><td>La taille des fichiers est-elle limit\u00e9e lors du t\u00e9l\u00e9chargement ?<\/td><td>Oui<\/td><td>Oui<\/td><td>Non<\/td><\/tr><tr><td>A des annonces<\/td><td>Oui<\/td><td>Oui<\/td><td>Non<\/td><\/tr><tr><td>A un temps d&rsquo;attente<\/td><td>Oui<\/td><td>Oui<\/td><td>Non<\/td><\/tr><tr><td>A CAPTCHA<\/td><td>Oui<\/td><td>Oui<\/td><td>Non<\/td><\/tr><tr><td>A des retards dans les t\u00e9l\u00e9chargements<\/td><td>Oui<\/td><td>Oui<\/td><td>Non<\/td><\/tr><tr><td>A un t\u00e9l\u00e9chargement direct<\/td><td>Non<\/td><td>Non<\/td><td>Oui<\/td><\/tr><tr><td>Les utilisateurs peuvent t\u00e9l\u00e9charger un fichier simultan\u00e9ment ?<\/td><td>Non<\/td><td>Non<\/td><td>Oui<\/td><\/tr><tr><td>Utilisation d&rsquo;un acc\u00e9l\u00e9rateur pour les t\u00e9l\u00e9chargements<\/td><td>Non<\/td><td>Non<\/td><td>Oui<\/td><\/tr><tr><td>Possibilit\u00e9 de t\u00e9l\u00e9chargement \u00e0 distance \u00e0 l&rsquo;aide d&rsquo;URL<\/td><td>Non<\/td><td>Non<\/td><td>Oui<\/td><\/tr><tr><td>Peut mettre en pause les t\u00e9l\u00e9chargements<\/td><td>Oui<\/td><td>Oui<\/td><td>Oui<\/td><\/tr><tr><td>Peut reprendre les t\u00e9l\u00e9chargements qui ont \u00e9chou\u00e9<\/td><td>Oui<\/td><td>Oui<\/td><td>Oui<\/td><\/tr><tr><td>A acc\u00e8s \u00e0 l&rsquo;utilisation du protocole de transfert de fichiers (FTP)<\/td><td>Oui<\/td><td>Oui<\/td><td>Oui<\/td><\/tr><tr><td>dispose d&rsquo;un syst\u00e8me de s\u00e9curit\u00e9 SSL (Secure Sockets Layer)<\/td><td>Oui<\/td><td>Oui<\/td><td>Oui<\/td><\/tr><tr><td>A un syst\u00e8me d&rsquo;affiliation<\/td><td>Oui<\/td><td>Oui<\/td><td>Oui<\/td><\/tr><tr><td>B\u00e9n\u00e9ficie du soutien de TusFiles<\/td><td>Oui<\/td><td>Oui<\/td><td>Oui<\/td><\/tr><tr><td>Est-ce que c&rsquo;est s\u00fbr et s\u00e9curis\u00e9 ?<\/td><td>Oui<\/td><td>Oui<\/td><td>Oui<\/td><\/tr><\/tbody><\/table><\/figure>\n\n\n\n<h2>Co\u00fbt du compte TusFiles<\/h2>\n\n\n\n<figure class=\"wp-block-table\"><table class=\"\"><tbody><tr><td>Prix du compte TusFiles<\/td><td>Types de TusFiles Compte d&rsquo;invit\u00e9<\/td><td>Types de TusFiles<br> Compte gratuit<\/td><td>Types de TusFiles<br> Compte premium<\/td><\/tr><tr><td>Prix par mois :<\/td><td>00.00 USD<\/td><td>00.00 USD<\/td><td>D\u00e9pend du plan de compte premium TusFile<\/td><\/tr><\/tbody><\/table><\/figure>\n\n\n\n<h2>Forfaits de compte premium TusFiles<\/h2>\n\n\n\n<figure class=\"wp-block-table\"><table class=\"\"><tbody><tr><td>Journ\u00e9es<\/td><td>Prix<\/td><td>Est-ce que c&rsquo;est s\u00fbr et s\u00e9curis\u00e9 ?<\/td><\/tr><tr><td>7<\/td><td>6,50 USD<\/td><td>Oui<\/td><\/tr><tr><td>30<\/td><td>13,99 USD<\/td><td>Oui<\/td><\/tr><tr><td>60<\/td><td>15,99 USD<\/td><td>Oui<\/td><\/tr><tr><td>90<\/td><td>21,99 USD (Vente !)<\/td><td>Oui<\/td><\/tr><tr><td>180<\/td><td>32,99 USD (le prix initial est de 34,99)<\/td><td>Oui<\/td><\/tr><tr><td>365<\/td><td>53,99 USD<\/td><td>Oui<\/td><\/tr><\/tbody><\/table><\/figure>\n\n\n\n<p>Le paiement du plan du compte premium TusFiles est simple et rapide. Il suffit \u00e0 l&rsquo;utilisateur de payer le prix des plans du compte TusFiles Premium gr\u00e2ce \u00e0 la liste des modes de paiement ci-dessous.<\/p>\n\n\n\n<ul><li>Par PayPal<\/li><li> Par le biais des cartes de cr\u00e9dit<\/li><li> Par Rupiah<\/li><li> Par WebMoney Transfer ou WMZ<\/li><li> Par le biais de bitcoin et d&rsquo;autres <a rel=\"noreferrer noopener\" aria-label=\"cryptocurrences (opens in a new tab)\" href=\"https:\/\/www.investopedia.com\/terms\/c\/cryptocurrency.asp\" target=\"_blank\">cryptocurrences<\/a><\/li><\/ul>\n\n\n\n<h3>Activation du compte premium TusFiles<\/h3>\n\n\n\n<p>Pour activer le compte TusFiles Premium, l&rsquo;utilisateur doit disposer d&rsquo;une cl\u00e9 d&rsquo;activation TusFiles Premium. <\/p>\n\n\n\n<ol><li>Un utilisateur doit se rendre sur le site de TusFiles et se connecter \u00e0 son compte. (Si un utilisateur n&rsquo;a pas de compte, il lui suffit d&rsquo;en cr\u00e9er un sur la page d&rsquo;inscription du site TusFiles). Allez sur le site de TusFiles maintenant.<\/li><li> Une fois qu&rsquo;un utilisateur est connect\u00e9, allez \u00e0 la page \u00ab\u00a0Mon compte\u00a0\u00bb de TusFiles.<\/li><li> Mettez la cl\u00e9 du compte TusFiles Premium dans le champ \u00ab\u00a0Activer la cl\u00e9 Premium\u00a0\u00bb.<\/li><li> Un utilisateur doit cliquer sur le bouton \u00a0\u00bb Appliquer \u00a0\u00bb pour appliquer la cl\u00e9 d&rsquo;activation de TusFiles Premium sur son compte, afin qu&rsquo;il puisse d\u00e9sormais utiliser toutes les fonctionnalit\u00e9s et services du compte Tusfiles Premium.<\/li><\/ol>\n\n\n\n<h2>Cr\u00e9er un compte TusFiles : Un guide \u00e9tape par \u00e9tape<\/h2>\n\n\n\n<p>Un utilisateur doit d&rsquo;abord avoir un compte sur TusFiles pour utiliser les diff\u00e9rentes fonctionnalit\u00e9s et services du site TusFiles tels que le partage de fichiers, le t\u00e9l\u00e9chargement de fichiers, le chargement de fichiers et la visualisation des fichiers.<\/p>\n\n\n<a class=\"maxbutton-2 maxbutton maxbutton-cta\" target=\"_blank\" rel=\"nofollow noopener\" href=\"\/go\/\"><span class='mb-text'>&gt;&gt; Acc\u00e9der au site original de Linkifier<\/span><\/a>\n\n\n<p><\/p>\n\n\n\n<p>Pour qu&rsquo;un utilisateur puisse cr\u00e9er un compte pour TusFiles, suivez toutes les \u00e9tapes ci-dessous.<\/p>\n\n\n\n<ol><li>Allez sur le site TusFiles.<\/li><li> Sur la page d&rsquo;accueil de TusFiles, allez dans le coin sup\u00e9rieur droit du site TusFiles, cliquez sur le bouton \u00ab\u00a0Sign up\u00a0\u00bb pour afficher le formulaire d&rsquo;inscription.<\/li><li> L&rsquo;utilisateur doit remplir tous les d\u00e9tails n\u00e9cessaires du formulaire d&rsquo;inscription de TusFiles. (Nom d&rsquo;utilisateur, adresse \u00e9lectronique et mot de passe). N&rsquo;oubliez pas que tous les d\u00e9tails doivent \u00eatre valides.<\/li><li> Pour le mot de passe, l&rsquo;utilisateur doit le retaper pour s&rsquo;assurer que le mot de passe est correctement saisi.<\/li><li> Saisissez le code CAPTCHA figurant sur le formulaire d&rsquo;inscription. Le code CAPTCHA doit \u00eatre correct pour qu&rsquo;un compte soit accept\u00e9.<\/li><li> Cochez la case des Conditions g\u00e9n\u00e9rales et de la Politique de TusFiles pour savoir si un utilisateur est d&rsquo;accord avec tout cela. (Un utilisateur doit d&rsquo;abord lire les Conditions g\u00e9n\u00e9rales et la Politique du site TusFiles).<\/li><li> Cochez le bouton \u00ab\u00a0Soumettre\u00a0\u00bb pour soumettre tous les d\u00e9tails du formulaire d&rsquo;inscription.<ul><li>*If a user entered all the details for the sign-up process are valid, then Tusfiles will automatically save all the details and create a TusFiles account for him or her.<\/li><\/ul><\/li><li>After that, a user needs to confirm his or her account on the TusFiles site via email by just clicking the link that the Tusfiles sent. (TusFiles will send a link to the user\u2019s email address for the activation of a user account.)<\/li><\/ol>\n\n\n\n<p>D\u00e9sormais, un utilisateur peut se connecter \u00e0 tout moment et o\u00f9 il veut !<\/p>\n\n\n\n<h3>Connectez-vous \u00e0 un compte sur TusFiles<\/h3>\n\n\n\n<p>Pour qu&rsquo;un utilisateur puisse se connecter, suivez les quatre (4) \u00e9tapes faciles ci-dessous.<\/p>\n\n\n\n<ol><li>Allez sur le site TusFiles.<\/li><li> Aller \u00e0 la page d&rsquo;identification.<\/li><li> Saisissez le nom d&rsquo;utilisateur et le mot de passe TusFiles.<\/li><li> Cliquez sur \u00ab\u00a0Connexion\u00a0\u00bb.<\/li><\/ol>\n\n\n\n<p>Une fois qu&rsquo;un utilisateur est connect\u00e9, la page se rendra directement \u00e0 la page \u00ab\u00a0Mon compte\u00a0\u00bb du site TusFiles.<\/p>\n\n\n\n<h2>Charger, t\u00e9l\u00e9charger et partager<\/h2>\n\n\n\n<p>Un utilisateur peut consulter, t\u00e9l\u00e9charger, charger et partager n&rsquo;importe quel fichier. Un fichier peut \u00eatre :<\/p>\n\n\n\n<ul><li>un document, <\/li><li> une image, <\/li><li> une vid\u00e9o ou un film, <\/li><li> un enregistrement ou un morceau de musique, <\/li><li> un jeu,<\/li><li> un logiciel,<\/li><li> ou d&rsquo;autres types de fichiers qui ne nuisent pas aux spectateurs ou aux lecteurs et qui ne comportent pas de violence ou de mauvais contenu. <\/li><\/ul>\n\n\n\n<h3><strong>T\u00e9l\u00e9charger un fichier sur un compte de TusFiles<\/strong><\/h3>\n\n\n\n<p>Pour t\u00e9l\u00e9charger un fichier, suivez toutes les \u00e9tapes ci-dessous :<\/p>\n\n\n\n<ol><li>Allez sur la page d&rsquo;accueil du site TusFiles et connectez-vous au compte TusFiles.<\/li><li> Trouvez le bouton \u00ab\u00a0Upload\u00a0\u00bb et cliquez dessus. <\/li><li> L&rsquo;explorateur de fichiers appara\u00eetra sur la page. Allez \u00e0 l&#8217;emplacement du fichier dans l&rsquo;appareil.<\/li><li> S\u00e9lectionnez le ou les fichiers \u00e0 t\u00e9l\u00e9charger et cliquez sur OK. Le fichier sera t\u00e9l\u00e9charg\u00e9 automatiquement. <\/li><li> En attendant que le ou les fichiers soient t\u00e9l\u00e9charg\u00e9s, un utilisateur peut mettre la description du fichier dans la case de description.<\/li><li> Lorsque les t\u00e9l\u00e9chargements sont termin\u00e9s. Le ou les fichiers seront stock\u00e9s dans le serveur de TusFiles.<\/li><\/ol>\n\n\n\n<p>Si un utilisateur invit\u00e9 Tusfiles ou un compte non enregistr\u00e9 a t\u00e9l\u00e9charg\u00e9 un fichier, ce fichier sera expir\u00e9 ou sera supprim\u00e9 apr\u00e8s quinze (15) jours, mais les fichiers qu&rsquo;un utilisateur TusFiles gratuit ou un compte TusFiles enregistr\u00e9 a t\u00e9l\u00e9charg\u00e9s ne seront pas expir\u00e9s ou ne seront pas supprim\u00e9s si ces fichiers sont inf\u00e9rieurs \u00e0 vingt-cinq m\u00e9gaoctets (25 Mo).<\/p>\n\n\n\n<h3><strong>Ouvrir et t\u00e9l\u00e9charger un fichier sur les Tusfiles<\/strong><\/h3>\n\n\n\n<p>Tout le monde peut rechercher un fichier \u00e0 t\u00e9l\u00e9charger sur le site Tusfiles. Les fichiers seront r\u00e9cup\u00e9r\u00e9s dans la base de donn\u00e9es de TusFiles et ceux ci seront t\u00e9l\u00e9charg\u00e9s \u00e0 partir des <a rel=\"noreferrer noopener\" aria-label=\"serveurs  (opens in a new tab)\" href=\"https:\/\/www.webopedia.com\/TERM\/S\/server.html\" target=\"_blank\">serveurs <\/a>ou des lecteurs de TusFiles.<\/p>\n\n\n\n<p>Pour t\u00e9l\u00e9charger un fichier, suivez les quatre (4) \u00e9tapes faciles ci-dessous :<\/p>\n\n\n\n<ol><li>Allez au lien du fichier qu&rsquo;il ou elle veut t\u00e9l\u00e9charger.<\/li><li> La page de t\u00e9l\u00e9chargement du fichier appara\u00eetra avec le nom, la description et la taille du fichier.<\/li><li> Cliquez sur le bouton \u00ab\u00a0D\u00e9marrer le t\u00e9l\u00e9chargement\u00a0\u00bb ou sur le bouton \u00ab\u00a0T\u00e9l\u00e9charger\u00a0\u00bb.<\/li><li> Le fichier sera automatiquement t\u00e9l\u00e9charg\u00e9 par TusFiles.<\/li><\/ol>\n\n\n\n<p>Un utilisateur peut \u00e9galement utiliser n&rsquo;importe quel outil pour t\u00e9l\u00e9charger un fichier tel que le gestionnaire de t\u00e9l\u00e9chargement Internet ou IDM Jdownloader, ou autres.<\/p>\n\n\n\n<h3><strong>Partager un fichier sur Tusfiles<\/strong><\/h3>\n\n\n\n<p>Un utilisateur de TusFiles peut partager les fichiers par le biais du lien <a rel=\"noreferrer noopener\" aria-label=\"URL (Uniform Resource Locator) (opens in a new tab)\" href=\"https:\/\/en.wikipedia.org\/wiki\/URL\" target=\"_blank\">URL (Uniform Resource Locator)<\/a> d&rsquo;un fichier sp\u00e9cifique et les partager dans des e-mails ou sur diff\u00e9rentes plateformes de m\u00e9dias sociaux telles que :<\/p>\n\n\n\n<ul><li>Facebook<\/li><li> Twitter<\/li><li> Youtube, et autres<\/li><\/ul>\n\n\n\n<h2>Gagner de l&rsquo;argent en utilisant Tusfiles<\/h2>\n\n\n\n<p>TusFiles est tr\u00e8s g\u00e9n\u00e9reux dans l&rsquo;aide qu&rsquo;il apporte aux gens. Ils ont un moyen pour les gens de gagner de l&rsquo;argent. Mais avant cela, une personne doit d&rsquo;abord avoir un compte TusFiles Premium. De nombreuses personnes utilisent Tusfiles parce qu&rsquo;elles peuvent gagner de l&rsquo;argent en partageant simplement leurs fichiers t\u00e9l\u00e9charg\u00e9s avec tout le monde pour augmenter le nombre de t\u00e9l\u00e9chargements de ces fichiers.<\/p>\n\n\n\n<p>Un utilisateur peut t\u00e9l\u00e9charger autant de fichiers qu&rsquo;il le souhaite, car TusFiles paie pour le nombre de personnes qui t\u00e9l\u00e9chargent un ou plusieurs fichiers de l&rsquo;utilisateur. En estimant le revenu, pour chaque millier (1000) de t\u00e9l\u00e9chargements, un utilisateur recevra 0,50 USD jusqu&rsquo;\u00e0 10 USD. <\/p>\n\n\n\n<figure class=\"wp-block-table\"><table class=\"\"><tbody><tr><td class=\"has-text-align-center\" data-align=\"center\"><strong>Contacts de TusFiles<\/strong><\/td><\/tr><\/tbody><\/table><\/figure>\n\n\n\n<figure class=\"wp-block-table\"><table class=\"\"><tbody><tr><td>Site web :<\/td><td>http:\/\/www.tusfiles.net<\/td><\/tr><tr><td>Adresse \u00e9lectronique :<\/td><td>contact@tusfiles.net<\/td><\/tr><tr><td>Num\u00e9ro de t\u00e9l\u00e9phone :<\/td><td>(432)-999-000<\/td><\/tr><tr><td>Adresse :<\/td><td>Burgveldweg 21, 5864AJ Meerlo, Netherland<\/td><\/tr><tr><td>Pour le soutien :<\/td><td>support@tusfiles<\/td><\/tr><tr><td>Pour abus :<\/td><td>abuse@tusfiles<\/td><\/tr><tr><td>Pour les bugs du syst\u00e8me et les id\u00e9es :<\/td><td>support@tusfiles<\/td><\/tr><tr><td>Pour les droits d&rsquo;auteur :<\/td><td>dmca@tusfiles<\/td><\/tr><tr><td>Pour la facturation :<\/td><td>billing@tusfiles<\/td><\/tr><\/tbody><\/table><\/figure>\n\n\n\n<figure class=\"wp-block-table\"><table class=\"\"><tbody><tr><td>Si un utilisateur a un probl\u00e8me ou une question concernant le site TusFiles, ses fonctionnalit\u00e9s et ses services, il doit alors contacter l&rsquo;un des contacts de TusFiles ci-dessus. Tous les contacts de TusFiles sont toujours en ligne. Ils sont toujours disponibles 24 heures sur 24 et 7 jours sur 7.<\/td><\/tr><\/tbody><\/table><\/figure>\n\n\n<a class=\"maxbutton-2 maxbutton maxbutton-cta\" target=\"_blank\" rel=\"nofollow noopener\" href=\"\/go\/\"><span class='mb-text'>&gt;&gt; Acc\u00e9der au site original de Linkifier<\/span><\/a>\n\n\n<p><\/p>\n","protected":false},"excerpt":{"rendered":"<p>Aper\u00e7u des TusFiles TusFiles est l&rsquo;un des services d&rsquo;h\u00e9bergement de fichiers s\u00fbrs et gratuits. Il est accessible dans le monde<\/p>\n","protected":false},"author":2,"featured_media":0,"parent":0,"menu_order":0,"comment_status":"closed","ping_status":"closed","template":"","meta":[],"yoast_head":"<!-- This site is optimized with the Yoast SEO plugin v18.3 - https:\/\/yoast.com\/wordpress\/plugins\/seo\/ -->\n<title>TusFiles Premium Compte: Le Filehoster En Un Coup D&#039;\u0153il<\/title>\n<meta name=\"description\" content=\"TusFiles est-il un fournisseur r\u00e9put\u00e9 ou non, vous pouvez trouver la r\u00e9ponse dans le test actuel sur Multihoster.org \u279c Cliquez maintenant sur \u271a pour lire nos exp\u00e9riences !\" \/>\n<meta name=\"robots\" content=\"index, follow, max-snippet:-1, max-image-preview:large, max-video-preview:-1\" \/>\n<link rel=\"canonical\" href=\"https:\/\/multihoster.org\/fr\/tusfiles\/\" \/>\n<meta property=\"og:locale\" content=\"fr_FR\" \/>\n<meta property=\"og:type\" content=\"article\" \/>\n<meta property=\"og:title\" content=\"TusFiles Premium Compte: Le Filehoster En Un Coup D&#039;\u0153il\" \/>\n<meta property=\"og:description\" content=\"TusFiles est-il un fournisseur r\u00e9put\u00e9 ou non, vous pouvez trouver la r\u00e9ponse dans le test actuel sur Multihoster.org \u279c Cliquez maintenant sur \u271a pour lire nos exp\u00e9riences !\" \/>\n<meta property=\"og:url\" content=\"https:\/\/multihoster.org\/fr\/tusfiles\/\" \/>\n<meta property=\"og:site_name\" content=\"Multihoster.org\" \/>\n<meta property=\"article:modified_time\" content=\"2020-04-16T09:42:39+00:00\" \/>\n<meta property=\"og:image\" content=\"https:\/\/lh5.googleusercontent.com\/VhTENL6he9zdRkCtqxyngyJXAG-GUaCUa8ROTiJUAAon7ohctlpp5uCnm4DAJW_yRxhz0Thc2ByUcVr3_gEC7bCDlnPBxDcTWS4EHLx-6pXRxF1bm8XmzhKiPPkmoaUpaxbRwOg\" \/>\n<meta name=\"twitter:card\" content=\"summary\" \/>\n<meta name=\"twitter:label1\" content=\"Dur\u00e9e de lecture estim\u00e9e\" \/>\n\t<meta name=\"twitter:data1\" content=\"9 minutes\" \/>\n<script type=\"application\/ld+json\" class=\"yoast-schema-graph\">{\"@context\":\"https:\/\/schema.org\",\"@graph\":[{\"@type\":\"WebSite\",\"@id\":\"https:\/\/multihoster.org\/#website\",\"url\":\"https:\/\/multihoster.org\/\",\"name\":\"Multihoster.org\",\"description\":\"Reviews of the major Filehosting services\",\"potentialAction\":[{\"@type\":\"SearchAction\",\"target\":{\"@type\":\"EntryPoint\",\"urlTemplate\":\"https:\/\/multihoster.org\/?s={search_term_string}\"},\"query-input\":\"required name=search_term_string\"}],\"inLanguage\":\"fr-FR\"},{\"@type\":\"ImageObject\",\"@id\":\"https:\/\/multihoster.org\/fr\/tusfiles\/#primaryimage\",\"inLanguage\":\"fr-FR\",\"url\":\"https:\/\/lh5.googleusercontent.com\/VhTENL6he9zdRkCtqxyngyJXAG-GUaCUa8ROTiJUAAon7ohctlpp5uCnm4DAJW_yRxhz0Thc2ByUcVr3_gEC7bCDlnPBxDcTWS4EHLx-6pXRxF1bm8XmzhKiPPkmoaUpaxbRwOg\",\"contentUrl\":\"https:\/\/lh5.googleusercontent.com\/VhTENL6he9zdRkCtqxyngyJXAG-GUaCUa8ROTiJUAAon7ohctlpp5uCnm4DAJW_yRxhz0Thc2ByUcVr3_gEC7bCDlnPBxDcTWS4EHLx-6pXRxF1bm8XmzhKiPPkmoaUpaxbRwOg\"},{\"@type\":\"WebPage\",\"@id\":\"https:\/\/multihoster.org\/fr\/tusfiles\/#webpage\",\"url\":\"https:\/\/multihoster.org\/fr\/tusfiles\/\",\"name\":\"TusFiles Premium Compte: Le Filehoster En Un Coup D'\u0153il\",\"isPartOf\":{\"@id\":\"https:\/\/multihoster.org\/#website\"},\"primaryImageOfPage\":{\"@id\":\"https:\/\/multihoster.org\/fr\/tusfiles\/#primaryimage\"},\"datePublished\":\"2020-04-16T09:00:53+00:00\",\"dateModified\":\"2020-04-16T09:42:39+00:00\",\"description\":\"TusFiles est-il un fournisseur r\u00e9put\u00e9 ou non, vous pouvez trouver la r\u00e9ponse dans le test actuel sur Multihoster.org \u279c Cliquez maintenant sur \u271a pour lire nos exp\u00e9riences !\",\"breadcrumb\":{\"@id\":\"https:\/\/multihoster.org\/fr\/tusfiles\/#breadcrumb\"},\"inLanguage\":\"fr-FR\",\"potentialAction\":[{\"@type\":\"ReadAction\",\"target\":[\"https:\/\/multihoster.org\/fr\/tusfiles\/\"]}]},{\"@type\":\"BreadcrumbList\",\"@id\":\"https:\/\/multihoster.org\/fr\/tusfiles\/#breadcrumb\",\"itemListElement\":[{\"@type\":\"ListItem\",\"position\":1,\"name\":\"Startseite\",\"item\":\"https:\/\/multihoster.org\/fr\/\"},{\"@type\":\"ListItem\",\"position\":2,\"name\":\"TusFiles Premium Compte: Le Filehoster En Un Coup D&rsquo;\u0153il\"}]}]}<\/script>\n<!-- \/ Yoast SEO plugin. -->","yoast_head_json":{"title":"TusFiles Premium Compte: Le Filehoster En Un Coup D'\u0153il","description":"TusFiles est-il un fournisseur r\u00e9put\u00e9 ou non, vous pouvez trouver la r\u00e9ponse dans le test actuel sur Multihoster.org \u279c Cliquez maintenant sur \u271a pour lire nos exp\u00e9riences !","robots":{"index":"index","follow":"follow","max-snippet":"max-snippet:-1","max-image-preview":"max-image-preview:large","max-video-preview":"max-video-preview:-1"},"canonical":"https:\/\/multihoster.org\/fr\/tusfiles\/","og_locale":"fr_FR","og_type":"article","og_title":"TusFiles Premium Compte: Le Filehoster En Un Coup D'\u0153il","og_description":"TusFiles est-il un fournisseur r\u00e9put\u00e9 ou non, vous pouvez trouver la r\u00e9ponse dans le test actuel sur Multihoster.org \u279c Cliquez maintenant sur \u271a pour lire nos exp\u00e9riences !","og_url":"https:\/\/multihoster.org\/fr\/tusfiles\/","og_site_name":"Multihoster.org","article_modified_time":"2020-04-16T09:42:39+00:00","og_image":[{"url":"https:\/\/lh5.googleusercontent.com\/VhTENL6he9zdRkCtqxyngyJXAG-GUaCUa8ROTiJUAAon7ohctlpp5uCnm4DAJW_yRxhz0Thc2ByUcVr3_gEC7bCDlnPBxDcTWS4EHLx-6pXRxF1bm8XmzhKiPPkmoaUpaxbRwOg"}],"twitter_card":"summary","twitter_misc":{"Dur\u00e9e de lecture estim\u00e9e":"9 minutes"},"schema":{"@context":"https:\/\/schema.org","@graph":[{"@type":"WebSite","@id":"https:\/\/multihoster.org\/#website","url":"https:\/\/multihoster.org\/","name":"Multihoster.org","description":"Reviews of the major Filehosting services","potentialAction":[{"@type":"SearchAction","target":{"@type":"EntryPoint","urlTemplate":"https:\/\/multihoster.org\/?s={search_term_string}"},"query-input":"required name=search_term_string"}],"inLanguage":"fr-FR"},{"@type":"ImageObject","@id":"https:\/\/multihoster.org\/fr\/tusfiles\/#primaryimage","inLanguage":"fr-FR","url":"https:\/\/lh5.googleusercontent.com\/VhTENL6he9zdRkCtqxyngyJXAG-GUaCUa8ROTiJUAAon7ohctlpp5uCnm4DAJW_yRxhz0Thc2ByUcVr3_gEC7bCDlnPBxDcTWS4EHLx-6pXRxF1bm8XmzhKiPPkmoaUpaxbRwOg","contentUrl":"https:\/\/lh5.googleusercontent.com\/VhTENL6he9zdRkCtqxyngyJXAG-GUaCUa8ROTiJUAAon7ohctlpp5uCnm4DAJW_yRxhz0Thc2ByUcVr3_gEC7bCDlnPBxDcTWS4EHLx-6pXRxF1bm8XmzhKiPPkmoaUpaxbRwOg"},{"@type":"WebPage","@id":"https:\/\/multihoster.org\/fr\/tusfiles\/#webpage","url":"https:\/\/multihoster.org\/fr\/tusfiles\/","name":"TusFiles Premium Compte: Le Filehoster En Un Coup D'\u0153il","isPartOf":{"@id":"https:\/\/multihoster.org\/#website"},"primaryImageOfPage":{"@id":"https:\/\/multihoster.org\/fr\/tusfiles\/#primaryimage"},"datePublished":"2020-04-16T09:00:53+00:00","dateModified":"2020-04-16T09:42:39+00:00","description":"TusFiles est-il un fournisseur r\u00e9put\u00e9 ou non, vous pouvez trouver la r\u00e9ponse dans le test actuel sur Multihoster.org \u279c Cliquez maintenant sur \u271a pour lire nos exp\u00e9riences !","breadcrumb":{"@id":"https:\/\/multihoster.org\/fr\/tusfiles\/#breadcrumb"},"inLanguage":"fr-FR","potentialAction":[{"@type":"ReadAction","target":["https:\/\/multihoster.org\/fr\/tusfiles\/"]}]},{"@type":"BreadcrumbList","@id":"https:\/\/multihoster.org\/fr\/tusfiles\/#breadcrumb","itemListElement":[{"@type":"ListItem","position":1,"name":"Startseite","item":"https:\/\/multihoster.org\/fr\/"},{"@type":"ListItem","position":2,"name":"TusFiles Premium Compte: Le Filehoster En Un Coup D&rsquo;\u0153il"}]}]}},"_links":{"self":[{"href":"https:\/\/multihoster.org\/fr\/wp-json\/wp\/v2\/pages\/3721"}],"collection":[{"href":"https:\/\/multihoster.org\/fr\/wp-json\/wp\/v2\/pages"}],"about":[{"href":"https:\/\/multihoster.org\/fr\/wp-json\/wp\/v2\/types\/page"}],"author":[{"embeddable":true,"href":"https:\/\/multihoster.org\/fr\/wp-json\/wp\/v2\/users\/2"}],"replies":[{"embeddable":true,"href":"https:\/\/multihoster.org\/fr\/wp-json\/wp\/v2\/comments?post=3721"}],"version-history":[{"count":1,"href":"https:\/\/multihoster.org\/fr\/wp-json\/wp\/v2\/pages\/3721\/revisions"}],"predecessor-version":[{"id":3730,"href":"https:\/\/multihoster.org\/fr\/wp-json\/wp\/v2\/pages\/3721\/revisions\/3730"}],"wp:attachment":[{"href":"https:\/\/multihoster.org\/fr\/wp-json\/wp\/v2\/media?parent=3721"}],"curies":[{"name":"wp","href":"https:\/\/api.w.org\/{rel}","templated":true}]}}