{"id":3763,"date":"2020-04-16T11:39:11","date_gmt":"2020-04-16T11:39:11","guid":{"rendered":"https:\/\/multihoster.org\/yunfile-premium-account-the-filehoster-at-a-glance\/"},"modified":"2020-04-16T12:07:49","modified_gmt":"2020-04-16T12:07:49","slug":"yunfile","status":"publish","type":"page","link":"https:\/\/multihoster.org\/fr\/yunfile\/","title":{"rendered":"YunFile Premium Compte: Le Filehoster En Un Coup D&rsquo;\u0153il"},"content":{"rendered":"\n<figure class=\"wp-block-image\"><img src=\"https:\/\/lh4.googleusercontent.com\/fj3S8nsdOLj7HIxsYANKIVnqFTQIpLjmUFGUFsciGOiKAhGMWk0eqW1AEh3Dhm2ld8wO2OHAKpUXdwTHzUvJfH9aRSaRlP8Lnipg7FTuKKm_ALOHzUTIvBOFzSynNUZkEyJiHLI\" alt=\"YunFile logo\"\/><\/figure>\n\n\n<a class=\"maxbutton-2 maxbutton maxbutton-cta\" target=\"_blank\" rel=\"nofollow noopener\" href=\"\/go\/\"><span class='mb-text'>&gt;&gt; Acc\u00e9der au site original de Linkifier<\/span><\/a>\n\n\n<p><\/p>\n\n\n\n<h2>YunFile : \u00c0 propos de <\/h2>\n\n\n\n<p>Si les utilisateurs souhaitent t\u00e9l\u00e9charger et partager facilement leurs fichiers, o\u00f9 qu&rsquo;ils soient et quand ils le souhaitent, et s&rsquo;ils veulent gagner de l&rsquo;argent, ils peuvent utiliser le site de YunFile. <\/p>\n\n\n\n<p>YunFile a \u00e9t\u00e9 fond\u00e9 en 2011. Il s&rsquo;agit d&rsquo;un h\u00e9bergeur de fichiers qui offre aux utilisateurs un service leur permettant d&rsquo;utiliser leur site pour t\u00e9l\u00e9charger, charger et partager des fichiers. Gr\u00e2ce \u00e0 cela, les utilisateurs n&rsquo;ont pas \u00e0 se soucier de la mani\u00e8re dont ils peuvent apporter leurs fichiers car ils peuvent simplement naviguer sur le site de YunFile avec un navigateur web de leur appareil avec une connexion Internet et acc\u00e9der confortablement \u00e0 leurs fichiers tels que des vid\u00e9os, de la musique, des documents et des logiciels o\u00f9 qu&rsquo;ils soient.<\/p>\n\n\n\n<ul><li>Site web simple et facile \u2043 Les utilisateurs peuvent facilement comprendre et naviguer dans les diff\u00e9rentes fonctionnalit\u00e9s des pages web de YunFIle.<\/li><li> Diff\u00e9rents modes de paiement \u2043 YunFile prend en charge diff\u00e9rents modes de paiement pour que ses utilisateurs puissent acheter des comptes premium. Ils permettent \u00e9galement aux revendeurs d&rsquo;utiliser leurs modes de paiement pr\u00e9f\u00e9r\u00e9s.<\/li><li> Assistance \u00e0 la client\u00e8le \u2043 YunFile dispose d&rsquo;un groupe pour aider ses clients ou utilisateurs en cas de probl\u00e8me ou d&rsquo;inqui\u00e9tude. L&rsquo;assistance se fait par t\u00e9l\u00e9phone et par courrier \u00e9lectronique. Ils sont toujours en ligne pendant 24 heures chaque jour, y compris les samedis et dimanches.<\/li><li> T\u00e9l\u00e9chargement facile \u2043 YunFile recommande l&rsquo;utilisation du navigateur Google Chrome pour acc\u00e9der et charger correctement les pages de leur site. Ils prennent en charge le protocole HTTP multi-threads pour un t\u00e9l\u00e9chargement plus rapide des fichiers. Les m\u00e9thodes support\u00e9es pour le t\u00e9l\u00e9chargement sont le t\u00e9l\u00e9chargement par navigateur ou le t\u00e9l\u00e9chargement par s\u00e9lection et le \u00ab\u00a0glisser-d\u00e9poser\u00a0\u00bb.<\/li><li> T\u00e9l\u00e9chargement facile \u2043 Les utilisateurs peuvent utiliser un gestionnaire de t\u00e9l\u00e9chargement ou simplement un t\u00e9l\u00e9chargeur comme le gestionnaire de t\u00e9l\u00e9chargement Internet ou IDM et le Jdownloader pour t\u00e9l\u00e9charger un ou plusieurs fichiers du site de YunFile et les enregistrer sur leurs appareils.<\/li><li> Partage facile de fichiers \u2043 Les utilisateurs peuvent partager leurs fichiers avec d&rsquo;autres personnes via les m\u00e9dias sociaux ou par courrier \u00e9lectronique ou des blogs ou vlogs en utilisant le site de YunFile. Il leur suffit de s&rsquo;assurer qu&rsquo;ils sont toujours connect\u00e9s \u00e0 Internet.<\/li><li> Plans de comptes premium tr\u00e8s bon march\u00e9 \u2043 Les utilisateurs peuvent \u00e9conomiser de l&rsquo;argent car YunFile propose \u00e0 ses utilisateurs des plans de comptes premium \u00e0 un prix tr\u00e8s bas.<\/li><li> Gagner de l&rsquo;argent \u2043 Les utilisateurs peuvent utiliser le site de YunFile pour gagner de l&rsquo;argent gr\u00e2ce \u00e0 leur programme de recommandation qui utilise les m\u00e9thodes de paiement par vente ou PPS, et de paiement par t\u00e9l\u00e9chargement ou PPD. Pour le PPS, YunFile donne aux utilisateurs jusqu&rsquo;\u00e0 soixante-dix pour cent (70 %) pour chaque compte premium vendu et pour le PPD, ils donnent aux utilisateurs jusqu&rsquo;\u00e0 cinquante dollars (50 $) pour chaque mille t\u00e9l\u00e9chargements de fichiers<\/li><\/ul>\n\n\n\n<h2>YunFile : Comptes<\/h2>\n\n\n\n<p>Pour que les utilisateurs puissent acc\u00e9der et utiliser les fonctionnalit\u00e9s et les services du site de YunFile, ils doivent s&rsquo;inscrire et faire v\u00e9rifier leurs comptes. Notez qu&rsquo;ils doivent \u00eatre responsables de la s\u00e9curit\u00e9 et de la confidentialit\u00e9 de leurs propres comptes.<\/p>\n\n\n\n<p>YunFile propose deux types de comptes pour tous les utilisateurs, \u00e0 savoir le compte YunFile gratuit et le compte YunFile Premium. Si les utilisateurs ne souhaitent pas une utilisation limit\u00e9e de toutes les fonctionnalit\u00e9s et services de YunFIle, s&rsquo;ils ne souhaitent pas un t\u00e9l\u00e9chargement \u00e0 faible vitesse d&rsquo;un ou plusieurs fichiers, s&rsquo;ils ne veulent pas de publicit\u00e9s g\u00eanantes sur chaque page du site de YunFile, et s&rsquo;ils souhaitent un espace de stockage plus important, ils doivent alors essayer d&rsquo;obtenir le compte Premium.<\/p>\n\n\n\n<h3>Les avantages d&rsquo;un compte premium YunFile<\/h3>\n\n\n\n<p>\u2713 Les utilisateurs peuvent t\u00e9l\u00e9charger leurs fichiers \u00e0 partir du site de YunFile sans temps d&rsquo;attente et sans capture.<br> \u2713 Les utilisateurs b\u00e9n\u00e9ficieront d&rsquo;une vitesse \u00e9lev\u00e9e et non limit\u00e9e pour le t\u00e9l\u00e9chargement d&rsquo;un ou plusieurs fichiers.<br> \u2713 Le site de YunFile ne comporte aucune publicit\u00e9 lorsque les utilisateurs naviguent sur ses pages et t\u00e9l\u00e9chargent un ou plusieurs fichiers.<br> \u2713 Les utilisateurs ne sont pas limit\u00e9s au t\u00e9l\u00e9chargement de plusieurs fichiers en m\u00eame temps.<br> \u2713 Les utilisateurs auront acc\u00e8s \u00e0 l&rsquo;espace de stockage personnel.<br> \u2713 Les utilisateurs peuvent \u00e9conomiser de l&rsquo;argent.<br> \u2713 Les utilisateurs peuvent rejoindre le programme de parrainage de YunFIle et gagner de l&rsquo;argent.<\/p>\n\n\n\n<p>Veuillez v\u00e9rifier ci-dessous les diff\u00e9rences entre le compte gratuit et le compte premium de YunFile en ce qui concerne ses caract\u00e9ristiques et ses services.<\/p>\n\n\n\n<h3>Compte premium YunFile<\/h3>\n\n\n\n<figure class=\"wp-block-table\"><table class=\"\"><tbody><tr><td>Les caract\u00e9ristiques et les services<\/td><td>Types de compte gratuit YunFile<\/td><td>Types de YunFile \u22c6 Compte premium \u22c6<\/td><\/tr><tr><td>Est-ce que c&rsquo;est gratuit ?<\/td><td>\u2611 Oui<\/td><td>\u2612 Non<\/td><\/tr><tr><td>Le processus de t\u00e9l\u00e9chargement commence-t-il imm\u00e9diatement ?<\/td><td>\u2612 Non<\/td><td>\u2611 Oui<\/td><\/tr><tr><td>Y a-t-il un d\u00e9lai d&rsquo;attente ? <\/td><td>\u2611 Oui<\/td><td>\u2612 Non<\/td><\/tr><tr><td>Quel est le d\u00e9lai d&rsquo;attente pour le t\u00e9l\u00e9chargement d&rsquo;un fichier ? <\/td><td>Il faut environ trente secondes (30 sec) pour lancer le t\u00e9l\u00e9chargement<\/td><td>Il n&rsquo;y a pas de temps d&rsquo;attente<\/td><\/tr><tr><td>Le taux de vitesse lors du t\u00e9l\u00e9chargement d&rsquo;un fichier<\/td><td>Lent et limit\u00e9<\/td><td>Vitesse \u00e9lev\u00e9e et non limit\u00e9e<\/td><\/tr><tr><td>T\u00e9l\u00e9chargement de plusieurs num\u00e9ros de fichiers en m\u00eame temps<\/td><td>\u2612 Non soutenu<\/td><td>\u2611 Soutenu<\/td><\/tr><tr><td>Restriction pour le t\u00e9l\u00e9chargement d&rsquo;un fichier<\/td><td>Un seul fichier est autoris\u00e9 \u00e0 \u00eatre t\u00e9l\u00e9charg\u00e9 toutes les dix minutes (1 fichier \/10 min).<\/td><td>Aucune restriction pour les utilisateurs Premium<\/td><\/tr><tr><td>T\u00e9l\u00e9chargement rapide des fichiers lorsque le serveur de YunFile est occup\u00e9<\/td><td>\u2612 Non<\/td><td>\u2611 Oui<\/td><\/tr><tr><td>T\u00e9l\u00e9chargements multi-lignes<\/td><td>\u2612 Non<\/td><td>\u2611 Oui<\/td><\/tr><tr><td>Reprendre et interrompre le t\u00e9l\u00e9chargement d&rsquo;un fichier<\/td><td>\u2612 Non soutenu<\/td><td>\u2611 Soutenu<\/td><\/tr><tr><td>Dispose-t-il d&rsquo;un acc\u00e9l\u00e9rateur pour le t\u00e9l\u00e9chargement d&rsquo;un fichier ?<\/td><td>\u2612 Non soutenu<\/td><td>\u2611 Soutenu<\/td><\/tr><tr><td>Les utilisateurs peuvent-ils utiliser un outil pour t\u00e9l\u00e9charger un ou plusieurs fichiers ?<\/td><td>\u2611 Oui<\/td><td>\u2611 Oui<\/td><\/tr><tr><td>Taille du stockage<\/td><td>Limit\u00e9e<\/td><td>A un stockage plus important<\/td><\/tr><tr><td>Espace de stockage pour sauvegarder le ou les fichiers t\u00e9l\u00e9charg\u00e9s par les utilisateurs (pour un stockage personnel)<\/td><td>\u2612 Non soutenu<\/td><td>\u2611 Prise en charge &#8211; dispose de son propre espace de stockage pour les utilisateurs Premium La taille de l&rsquo;espace de stockage est de deux mille quarante-huit gigaoctets (2048 Go)<\/td><\/tr><tr><td>Contient-il des annonces ?<\/td><td>\u2611 Oui<\/td><td>\u2612 Non<\/td><\/tr><tr><td>Le CAPTCHA est-il obligatoire ?<\/td><td>\u2611 Oui<\/td><td>\u2612 Non<\/td><\/tr><tr><td>Les paiements sont s\u00e9curis\u00e9s<\/td><td>\u2611 Oui<\/td><td>\u2611 Oui<\/td><\/tr><\/tbody><\/table><\/figure>\n\n\n<a class=\"maxbutton-2 maxbutton maxbutton-cta\" target=\"_blank\" rel=\"nofollow noopener\" href=\"\/go\/\"><span class='mb-text'>&gt;&gt; Acc\u00e9der au site original de Linkifier<\/span><\/a>\n\n\n<p><\/p>\n\n\n\n<p>Veuillez consulter ci-dessous les prix du compte gratuit et des packs de comptes Premium de YunFile.<\/p>\n\n\n\n<h3>Forfaits de compte premium YunFile<\/h3>\n\n\n\n<figure class=\"wp-block-table\"><table class=\"\"><tbody><tr><td>Types de comptes YunFile<\/td><td>Nombre de jours ou de mois<\/td><td>Prix des comptes en dollars<\/td><td>Prix des comptes en nouveaux dollars ta\u00efwanais<\/td><td>Prix des comptes par jour<\/td><td>La capacit\u00e9 de la taille de stockage<\/td><td>Y a-t-il des annonces ?<\/td><td>Est-ce s\u00fbr \u00e0 100% ?<\/td><td>Est-il s\u00fbr \u00e0 100% ?<\/td><\/tr><tr><td>Compte gratuit<\/td><td>Z\u00e9ro (0) jours ou Z\u00e9ro (0) mois<\/td><td>00.00 USD<\/td><td>00.00 NT$<\/td><td>00.00 USD par jour<\/td><td>petit<\/td><td>\u2611 OUI<\/td><td>\u2611 OUI<\/td><td>100%<\/td><\/tr><tr><td>\u22c6Premium Compte<\/td><td>Un (1) jour<\/td><td>03.31 USD<\/td><td>100.00 NT$<\/td><td>03.31 USD par jour <\/td><td>grand<\/td><td>\u2612 NON<\/td><td>\u2611 OUI<\/td><td>100%<\/td><\/tr><tr><td>\u22c6Premium Compte<\/td><td>Seven (7) days<\/td><td>08.27 USD<\/td><td>250.00 NT$<\/td><td>00.36 USD par jour <\/td><td>grand<\/td><td>\u2612 NON<\/td><td>\u2611 OUI<\/td><td>100%<\/td><\/tr><tr><td>\u22c6Premium Compte<\/td><td>Trente (30) jours ou un (1) mois<\/td><td>10.92 USD<\/td><td>330.00 NT$<\/td><td>00.36 USD par jour <\/td><td>grand<\/td><td>\u2612 NON<\/td><td>\u2611 OUI<\/td><td>100%<\/td><\/tr><tr><td>\u22c6Premium Compte<\/td><td>Quatre-vingt-dix (90) jours ou un (3) mois<\/td><td>23.82 USD<\/td><td>720.00 NT$<\/td><td>00.26 USD par jour <\/td><td>grand<\/td><td>\u2612 NON<\/td><td>\u2611 OUI<\/td><td>100%<\/td><\/tr><tr><td>\u22c6Premium Compte<\/td><td>Cent quatre-vingts jours(180) ou six (6) mois<\/td><td>33.74 USD<\/td><td>1020.00 NT$<\/td><td>00.19 USD par jour <\/td><td>grand<\/td><td>\u2612 NON<\/td><td>\u2611 OUI<\/td><td>100%<\/td><\/tr><tr><td>\u22c6Premium Compte<\/td><td>Trois cent soixante-cinq (365) jours ou douze (12) mois<\/td><td>48.63 USD<\/td><td>1470.00 NT$<\/td><td>00.13 USD par jour <\/td><td>grand<\/td><td>\u2612 NON<\/td><td>\u2611 OUI<\/td><td>100%<\/td><\/tr><tr><td>\u22c6Premium Compte<\/td><td>Lifetime<\/td><td>397.00 USD<\/td><td>12,000.00 NT$<\/td><td>00.01 USD par jour <\/td><td>grand<\/td><td>\u2612 NON<\/td><td>\u2611 OUI<\/td><td>100%<\/td><\/tr><\/tbody><\/table><\/figure>\n\n\n\n<figure class=\"wp-block-table\"><table class=\"\"><tbody><tr><td>Modes de paiement de YunFile : Les utilisateurs peuvent payer le compte premium de YunFile via Visa, MasterCard, PayPal, JCB, American Express, Amazon Gift Card, Perfect Money, WebMoney, ou les revendeurs agr\u00e9\u00e9s de YunFile.<\/td><\/tr><\/tbody><\/table><\/figure>\n\n\n\n<p>Si les utilisateurs ont rencontr\u00e9 des probl\u00e8mes ou des questions ou d&rsquo;autres pr\u00e9occupations concernant le site web, les fonctionnalit\u00e9s, les services, les forfaits, les paiements ou l&rsquo;abonnement \u00e0 YunFile, ils peuvent alors essayer de contacter le service client\u00e8le de YunFile sur leur page de contact sur leur site officiel ou s&rsquo;ils ach\u00e8tent le compte premium de YunFile sur les sites web des revendeurs, ils peuvent alors essayer de trouver les coordonn\u00e9es du revendeur pour les contacter.<\/p>\n\n\n<a class=\"maxbutton-2 maxbutton maxbutton-cta\" target=\"_blank\" rel=\"nofollow noopener\" href=\"\/go\/\"><span class='mb-text'>&gt;&gt; Acc\u00e9der au site original de Linkifier<\/span><\/a>\n\n\n<p><\/p>\n","protected":false},"excerpt":{"rendered":"<p>YunFile : \u00c0 propos de Si les utilisateurs souhaitent t\u00e9l\u00e9charger et partager facilement leurs fichiers, o\u00f9 qu&rsquo;ils soient et quand<\/p>\n","protected":false},"author":2,"featured_media":0,"parent":0,"menu_order":0,"comment_status":"closed","ping_status":"closed","template":"","meta":[],"yoast_head":"<!-- This site is optimized with the Yoast SEO plugin v18.3 - https:\/\/yoast.com\/wordpress\/plugins\/seo\/ -->\n<title>YunFile Premium Compte: Le Filehoster En Un Coup D&#039;\u0153il<\/title>\n<meta name=\"description\" content=\"Que YunFile soit un fournisseur r\u00e9put\u00e9 ou non, vous pouvez trouver la r\u00e9ponse dans le test actuel sur Multihoster.org \u279c Cliquez maintenant sur \u271a pour lire nos exp\u00e9riences !\" \/>\n<meta name=\"robots\" content=\"index, follow, max-snippet:-1, max-image-preview:large, max-video-preview:-1\" \/>\n<link rel=\"canonical\" href=\"https:\/\/multihoster.org\/fr\/yunfile\/\" \/>\n<meta property=\"og:locale\" content=\"fr_FR\" \/>\n<meta property=\"og:type\" content=\"article\" \/>\n<meta property=\"og:title\" content=\"YunFile Premium Compte: Le Filehoster En Un Coup D&#039;\u0153il\" \/>\n<meta property=\"og:description\" content=\"Que YunFile soit un fournisseur r\u00e9put\u00e9 ou non, vous pouvez trouver la r\u00e9ponse dans le test actuel sur Multihoster.org \u279c Cliquez maintenant sur \u271a pour lire nos exp\u00e9riences !\" \/>\n<meta property=\"og:url\" content=\"https:\/\/multihoster.org\/fr\/yunfile\/\" \/>\n<meta property=\"og:site_name\" content=\"Multihoster.org\" \/>\n<meta property=\"article:modified_time\" content=\"2020-04-16T12:07:49+00:00\" \/>\n<meta property=\"og:image\" content=\"https:\/\/lh4.googleusercontent.com\/fj3S8nsdOLj7HIxsYANKIVnqFTQIpLjmUFGUFsciGOiKAhGMWk0eqW1AEh3Dhm2ld8wO2OHAKpUXdwTHzUvJfH9aRSaRlP8Lnipg7FTuKKm_ALOHzUTIvBOFzSynNUZkEyJiHLI\" \/>\n<meta name=\"twitter:card\" content=\"summary\" \/>\n<meta name=\"twitter:label1\" content=\"Dur\u00e9e de lecture estim\u00e9e\" \/>\n\t<meta name=\"twitter:data1\" content=\"7 minutes\" \/>\n<script type=\"application\/ld+json\" class=\"yoast-schema-graph\">{\"@context\":\"https:\/\/schema.org\",\"@graph\":[{\"@type\":\"WebSite\",\"@id\":\"https:\/\/multihoster.org\/#website\",\"url\":\"https:\/\/multihoster.org\/\",\"name\":\"Multihoster.org\",\"description\":\"Reviews of the major Filehosting services\",\"potentialAction\":[{\"@type\":\"SearchAction\",\"target\":{\"@type\":\"EntryPoint\",\"urlTemplate\":\"https:\/\/multihoster.org\/?s={search_term_string}\"},\"query-input\":\"required name=search_term_string\"}],\"inLanguage\":\"fr-FR\"},{\"@type\":\"ImageObject\",\"@id\":\"https:\/\/multihoster.org\/fr\/yunfile\/#primaryimage\",\"inLanguage\":\"fr-FR\",\"url\":\"https:\/\/lh4.googleusercontent.com\/fj3S8nsdOLj7HIxsYANKIVnqFTQIpLjmUFGUFsciGOiKAhGMWk0eqW1AEh3Dhm2ld8wO2OHAKpUXdwTHzUvJfH9aRSaRlP8Lnipg7FTuKKm_ALOHzUTIvBOFzSynNUZkEyJiHLI\",\"contentUrl\":\"https:\/\/lh4.googleusercontent.com\/fj3S8nsdOLj7HIxsYANKIVnqFTQIpLjmUFGUFsciGOiKAhGMWk0eqW1AEh3Dhm2ld8wO2OHAKpUXdwTHzUvJfH9aRSaRlP8Lnipg7FTuKKm_ALOHzUTIvBOFzSynNUZkEyJiHLI\"},{\"@type\":\"WebPage\",\"@id\":\"https:\/\/multihoster.org\/fr\/yunfile\/#webpage\",\"url\":\"https:\/\/multihoster.org\/fr\/yunfile\/\",\"name\":\"YunFile Premium Compte: Le Filehoster En Un Coup D'\u0153il\",\"isPartOf\":{\"@id\":\"https:\/\/multihoster.org\/#website\"},\"primaryImageOfPage\":{\"@id\":\"https:\/\/multihoster.org\/fr\/yunfile\/#primaryimage\"},\"datePublished\":\"2020-04-16T11:39:11+00:00\",\"dateModified\":\"2020-04-16T12:07:49+00:00\",\"description\":\"Que YunFile soit un fournisseur r\u00e9put\u00e9 ou non, vous pouvez trouver la r\u00e9ponse dans le test actuel sur Multihoster.org \u279c Cliquez maintenant sur \u271a pour lire nos exp\u00e9riences !\",\"breadcrumb\":{\"@id\":\"https:\/\/multihoster.org\/fr\/yunfile\/#breadcrumb\"},\"inLanguage\":\"fr-FR\",\"potentialAction\":[{\"@type\":\"ReadAction\",\"target\":[\"https:\/\/multihoster.org\/fr\/yunfile\/\"]}]},{\"@type\":\"BreadcrumbList\",\"@id\":\"https:\/\/multihoster.org\/fr\/yunfile\/#breadcrumb\",\"itemListElement\":[{\"@type\":\"ListItem\",\"position\":1,\"name\":\"Startseite\",\"item\":\"https:\/\/multihoster.org\/fr\/\"},{\"@type\":\"ListItem\",\"position\":2,\"name\":\"YunFile Premium Compte: Le Filehoster En Un Coup D&rsquo;\u0153il\"}]}]}<\/script>\n<!-- \/ Yoast SEO plugin. -->","yoast_head_json":{"title":"YunFile Premium Compte: Le Filehoster En Un Coup D'\u0153il","description":"Que YunFile soit un fournisseur r\u00e9put\u00e9 ou non, vous pouvez trouver la r\u00e9ponse dans le test actuel sur Multihoster.org \u279c Cliquez maintenant sur \u271a pour lire nos exp\u00e9riences !","robots":{"index":"index","follow":"follow","max-snippet":"max-snippet:-1","max-image-preview":"max-image-preview:large","max-video-preview":"max-video-preview:-1"},"canonical":"https:\/\/multihoster.org\/fr\/yunfile\/","og_locale":"fr_FR","og_type":"article","og_title":"YunFile Premium Compte: Le Filehoster En Un Coup D'\u0153il","og_description":"Que YunFile soit un fournisseur r\u00e9put\u00e9 ou non, vous pouvez trouver la r\u00e9ponse dans le test actuel sur Multihoster.org \u279c Cliquez maintenant sur \u271a pour lire nos exp\u00e9riences !","og_url":"https:\/\/multihoster.org\/fr\/yunfile\/","og_site_name":"Multihoster.org","article_modified_time":"2020-04-16T12:07:49+00:00","og_image":[{"url":"https:\/\/lh4.googleusercontent.com\/fj3S8nsdOLj7HIxsYANKIVnqFTQIpLjmUFGUFsciGOiKAhGMWk0eqW1AEh3Dhm2ld8wO2OHAKpUXdwTHzUvJfH9aRSaRlP8Lnipg7FTuKKm_ALOHzUTIvBOFzSynNUZkEyJiHLI"}],"twitter_card":"summary","twitter_misc":{"Dur\u00e9e de lecture estim\u00e9e":"7 minutes"},"schema":{"@context":"https:\/\/schema.org","@graph":[{"@type":"WebSite","@id":"https:\/\/multihoster.org\/#website","url":"https:\/\/multihoster.org\/","name":"Multihoster.org","description":"Reviews of the major Filehosting services","potentialAction":[{"@type":"SearchAction","target":{"@type":"EntryPoint","urlTemplate":"https:\/\/multihoster.org\/?s={search_term_string}"},"query-input":"required name=search_term_string"}],"inLanguage":"fr-FR"},{"@type":"ImageObject","@id":"https:\/\/multihoster.org\/fr\/yunfile\/#primaryimage","inLanguage":"fr-FR","url":"https:\/\/lh4.googleusercontent.com\/fj3S8nsdOLj7HIxsYANKIVnqFTQIpLjmUFGUFsciGOiKAhGMWk0eqW1AEh3Dhm2ld8wO2OHAKpUXdwTHzUvJfH9aRSaRlP8Lnipg7FTuKKm_ALOHzUTIvBOFzSynNUZkEyJiHLI","contentUrl":"https:\/\/lh4.googleusercontent.com\/fj3S8nsdOLj7HIxsYANKIVnqFTQIpLjmUFGUFsciGOiKAhGMWk0eqW1AEh3Dhm2ld8wO2OHAKpUXdwTHzUvJfH9aRSaRlP8Lnipg7FTuKKm_ALOHzUTIvBOFzSynNUZkEyJiHLI"},{"@type":"WebPage","@id":"https:\/\/multihoster.org\/fr\/yunfile\/#webpage","url":"https:\/\/multihoster.org\/fr\/yunfile\/","name":"YunFile Premium Compte: Le Filehoster En Un Coup D'\u0153il","isPartOf":{"@id":"https:\/\/multihoster.org\/#website"},"primaryImageOfPage":{"@id":"https:\/\/multihoster.org\/fr\/yunfile\/#primaryimage"},"datePublished":"2020-04-16T11:39:11+00:00","dateModified":"2020-04-16T12:07:49+00:00","description":"Que YunFile soit un fournisseur r\u00e9put\u00e9 ou non, vous pouvez trouver la r\u00e9ponse dans le test actuel sur Multihoster.org \u279c Cliquez maintenant sur \u271a pour lire nos exp\u00e9riences !","breadcrumb":{"@id":"https:\/\/multihoster.org\/fr\/yunfile\/#breadcrumb"},"inLanguage":"fr-FR","potentialAction":[{"@type":"ReadAction","target":["https:\/\/multihoster.org\/fr\/yunfile\/"]}]},{"@type":"BreadcrumbList","@id":"https:\/\/multihoster.org\/fr\/yunfile\/#breadcrumb","itemListElement":[{"@type":"ListItem","position":1,"name":"Startseite","item":"https:\/\/multihoster.org\/fr\/"},{"@type":"ListItem","position":2,"name":"YunFile Premium Compte: Le Filehoster En Un Coup D&rsquo;\u0153il"}]}]}},"_links":{"self":[{"href":"https:\/\/multihoster.org\/fr\/wp-json\/wp\/v2\/pages\/3763"}],"collection":[{"href":"https:\/\/multihoster.org\/fr\/wp-json\/wp\/v2\/pages"}],"about":[{"href":"https:\/\/multihoster.org\/fr\/wp-json\/wp\/v2\/types\/page"}],"author":[{"embeddable":true,"href":"https:\/\/multihoster.org\/fr\/wp-json\/wp\/v2\/users\/2"}],"replies":[{"embeddable":true,"href":"https:\/\/multihoster.org\/fr\/wp-json\/wp\/v2\/comments?post=3763"}],"version-history":[{"count":3,"href":"https:\/\/multihoster.org\/fr\/wp-json\/wp\/v2\/pages\/3763\/revisions"}],"predecessor-version":[{"id":3791,"href":"https:\/\/multihoster.org\/fr\/wp-json\/wp\/v2\/pages\/3763\/revisions\/3791"}],"wp:attachment":[{"href":"https:\/\/multihoster.org\/fr\/wp-json\/wp\/v2\/media?parent=3763"}],"curies":[{"name":"wp","href":"https:\/\/api.w.org\/{rel}","templated":true}]}}