{"id":3817,"date":"2020-04-16T14:55:32","date_gmt":"2020-04-16T14:55:32","guid":{"rendered":"https:\/\/multihoster.org\/movshare\/"},"modified":"2020-04-22T15:17:05","modified_gmt":"2020-04-22T15:17:05","slug":"movshare","status":"publish","type":"page","link":"https:\/\/multihoster.org\/fr\/movshare\/","title":{"rendered":"Movshare Premium Compte: Le Filehoster En Un Coup D&rsquo;\u0153il"},"content":{"rendered":"\n<div class=\"wp-block-image\"><figure class=\"alignleft is-resized\"><img loading=\"lazy\" src=\"https:\/\/lh3.googleusercontent.com\/MLiKmLZbc9NrvE2Mar1qwpZVlqILKjQk8z9aY5Q2gD-uOg307wXEcHv6KvoJnlW5fNz81gNpaduEG_LoToiN2Lu-b_WBGYb0Jpi9cTEc2-6W4yh0MlLHEvpyG1CXXtOW06IQUAzV\" alt=\"Movshare logo\" width=\"223\" height=\"71\"\/><\/figure><\/div>\n\n\n\n<p>\u00c0 l&rsquo;\u00e8re moderne, le d\u00e9placement et le stockage de fichiers volumineux n&rsquo;ont jamais \u00e9t\u00e9 aussi faciles qu&rsquo;aujourd&rsquo;hui. Une recherche rapide sur l&rsquo;internet permet de trouver des centaines et des milliers de sites d&rsquo;h\u00e9bergement et de partage de fichiers, et il peut \u00eatre difficile de trouver celui qui r\u00e9pondra \u00e0 vos besoins. Que ce soit pour un usage personnel ou pour la sauvegarde de fichiers volumineux dans le cadre de vos projets et de votre travail, il peut \u00eatre difficile de trouver un h\u00e9bergeur de fichiers digne de confiance. Movshare est un service rapide, s\u00fbr et fiable. Movshare fournit des services d&rsquo;h\u00e9bergement de fichiers faciles d&rsquo;acc\u00e8s sur plusieurs appareils, en utilisant des technologies et des m\u00e9thodes modernes pour fournir aux utilisateurs un service de qualit\u00e9 sup\u00e9rieure \u00e0 un co\u00fbt moindre que celui des autres services d&rsquo;h\u00e9bergement de fichiers.<\/p>\n\n\n<a class=\"maxbutton-2 maxbutton maxbutton-cta\" target=\"_blank\" rel=\"nofollow noopener\" href=\"\/go\/\"><span class='mb-text'>&gt;&gt; Acc\u00e9der au site original de Linkifier<\/span><\/a>\n\n\n<p><\/p>\n\n\n\n<h2>QU&rsquo;EST-CE QUE LA PRIME MOVSHARE ?<\/h2>\n\n\n\n<p>Movshare est un service d&rsquo;h\u00e9bergement de fichiers fiable, s\u00fbr et simple qui utilise le<a href=\"https:\/\/searchstorage.techtarget.com\/definition\/cloud-storage\" target=\"_blank\" rel=\"noreferrer noopener\" aria-label=\" stockage en nuage (opens in a new tab)\"> stockage en nuage<\/a>, des algorithmes de s\u00e9curit\u00e9 complexes et le cryptage des fichiers pour fournir \u00e0 ses utilisateurs un service rapide et fiable. L&rsquo;inscription \u00e0 un compte Premium vous permettra de profiter de fonctionnalit\u00e9s telles que le t\u00e9l\u00e9chargement de fichiers \u00e0 une vitesse illimit\u00e9e, la synchronisation de fichiers sur vos multiples appareils tels que les smartphones, les ordinateurs de bureau ou les ordinateurs portables, et vous permettra \u00e9galement de partager vos contenus et vos m\u00e9dias avec des centaines d&rsquo;autres utilisateurs dans le monde entier. Movshare permet \u00e9galement \u00e0 ses utilisateurs de t\u00e9l\u00e9charger une grande vari\u00e9t\u00e9 de types de fichiers tels que des photos, des vid\u00e9os, de la musique, des fichiers pdf, des fichiers zip et bien d&rsquo;autres encore.  Tout cela se fait avec facilit\u00e9 et commodit\u00e9. Avec des formules d&rsquo;abonnement \u00e0 partir de 9,99 $, Movshare est l&rsquo;un des services d&rsquo;h\u00e9bergement de fichiers premium les moins chers que vous puissiez proposer aujourd&rsquo;hui, qui offre un service rivalisant avec les sites d&rsquo;h\u00e9bergement de fichiers les plus populaires sans se ruiner et sans compromettre la s\u00e9curit\u00e9.<\/p>\n\n\n\n<h2>POURQUOI UTILISER UN COMPTE PREMIUM MOVSHARE ?<\/h2>\n\n\n\n<div class=\"wp-block-image\"><figure class=\"aligncenter\"><img src=\"https:\/\/lh4.googleusercontent.com\/K3gC3IH67GdYYG4EAprfsJp6Z2PlVgnvtVKGspGdO0zsRkUmp4hAJKciX6eG86Brvf-lfby-6dJpkE8G_DNxX2CTTZA88iMs7Q6XOeDX6oqq-JxNedsMYlaRVEWk5S4aLXclDqHP\" alt=\"Cloud sharing for everyone!\"\/><\/figure><\/div>\n\n\n\n<h3>DES VITESSES ILLIMIT\u00c9ES<\/h3>\n\n\n\n<p>Tous les utilisateurs du compte Premium peuvent t\u00e9l\u00e9charger et envoyer des fichiers \u00e0 leur vitesse maximale. Cela signifie que vous t\u00e9l\u00e9chargerez et chargerez des fichiers \u00e0 la vitesse maximale autoris\u00e9e par votre fournisseur de connexion internet. Contrairement aux utilisateurs gratuits qui auront une <a href=\"https:\/\/techterms.com\/definition\/bandwidth\" target=\"_blank\" rel=\"noreferrer noopener\" aria-label=\"bande passante (opens in a new tab)\">bande passante<\/a> limit\u00e9e lors du chargement et du t\u00e9l\u00e9chargement de fichiers, \u00eatre un utilisateur Premium vous permettra d&rsquo;acc\u00e9der facilement \u00e0 vos fichiers et de les partager sans aucune restriction. Une vitesse rapide et illimit\u00e9e signifie que vous pouvez fournir, partager ou transf\u00e9rer du contenu et des m\u00e9dias plus rapidement que la plupart des utilisateurs et vous permet \u00e9galement d&rsquo;acc\u00e9der sans probl\u00e8me au contenu partag\u00e9 et stock\u00e9 par d&rsquo;autres utilisateurs.<\/p>\n\n\n\n<h3>PAS DE TEMPS D&rsquo;ATTENTE<\/h3>\n\n\n\n<p>Les utilisateurs gratuits devront attendre et regarder les publicit\u00e9s avant de pouvoir t\u00e9l\u00e9charger \u00e0 partir de la vaste biblioth\u00e8que de fichiers et de contenus partag\u00e9s par les utilisateurs de Movshare. Les utilisateurs non privil\u00e9gi\u00e9s auront \u00e9galement une bande passante limit\u00e9e \u00e0 utiliser et ne seront pas prioritaires pour les t\u00e9l\u00e9chargements. Cependant, en vous inscrivant \u00e0 un compte premium, vous pourrez acc\u00e9der instantan\u00e9ment \u00e0 des fichiers volumineux \u00e0 volont\u00e9, sans avoir \u00e0 g\u00e9rer les publicit\u00e9s et \u00e0 attendre le d\u00e9but de votre t\u00e9l\u00e9chargement. Vous pouvez \u00e9galement b\u00e9n\u00e9ficier d&rsquo;une priorit\u00e9 \u00e9lev\u00e9e pour le t\u00e9l\u00e9chargement de fichiers. Lorsque plusieurs utilisateurs t\u00e9l\u00e9chargent le m\u00eame fichier, les utilisateurs Premium sont prioritaires. Les utilisateurs gratuits devront \u00e9galement attendre 2 heures pour pouvoir t\u00e9l\u00e9charger des fichiers cons\u00e9cutifs, en revanche, les titulaires d&rsquo;un compte Premium peuvent acc\u00e9der \u00e0 tout, \u00e0 tout moment et en tout lieu. Un compte Premium vous permet de t\u00e9l\u00e9charger plusieurs fichiers simultan\u00e9ment, sans avoir \u00e0 attendre avant de t\u00e9l\u00e9charger un autre fichier.<\/p>\n\n\n\n<h3>LE STOCKAGE S\u00c9CURIS\u00c9 DES FICHIERS<\/h3>\n\n\n\n<p>Movshare offre \u00e0 ses utilisateurs une protection s\u00fbre et garantie, cependant, les utilisateurs premium auront acc\u00e8s \u00e0 des protocoles et des processus plus s\u00fbrs pour prot\u00e9ger leurs fichiers contre les intentions malveillantes. En offrant aux utilisateurs Premium la possibilit\u00e9 de cacher des fichiers, seuls vous et ceux qui ont les<a href=\"https:\/\/www.free-webhosts.com\/definition\/direct-linking.php\" target=\"_blank\" rel=\"noreferrer noopener\" aria-label=\" liens directs (opens in a new tab)\"> liens directs<\/a> avec un certain fichier peuvent y acc\u00e9der et le t\u00e9l\u00e9charger. Les autres utilisateurs ne pourront pas rechercher les fichiers que vous avez cach\u00e9s dans le r\u00e9pertoire des fichiers de Movshare. Vous aurez \u00e9galement la possibilit\u00e9 de faire prot\u00e9ger vos propres fichiers par un mot de passe, ajoutant ainsi une autre couche de protection qui fonctionne en parall\u00e8le avec le propre service de s\u00e9curit\u00e9 de Movshare. Le cryptage premium de Movshare garantit que tous les fichiers que vous avez t\u00e9l\u00e9charg\u00e9s sont s\u00e9curis\u00e9s et exempts de toute forme de manipulation par un acc\u00e8s non autoris\u00e9 et ill\u00e9gal.<\/p>\n\n\n\n<h3>LIMITE DE STOCKAGE PLUS \u00c9LEV\u00c9E<\/h3>\n\n\n\n<p>En utilisant le stockage en nuage de Movshare, tous les utilisateurs gratuits peuvent disposer d&rsquo;un espace de stockage gratuit allant jusqu&rsquo;\u00e0 10 Go. D&rsquo;autre part, lorsque vous utilisez le service de compte premium, vous b\u00e9n\u00e9ficiez d&rsquo;une capacit\u00e9 de stockage allant jusqu&rsquo;\u00e0 100 Go. Ce stockage est optimis\u00e9 pour les gros fichiers tels que les vid\u00e9os, les projets ou tout autre contenu. Combin\u00e9 \u00e0 des vitesses de t\u00e9l\u00e9chargement et d&rsquo;envoi illimit\u00e9es, la limite de stockage sup\u00e9rieure vous permettra de l&rsquo;utiliser seul sans tracas ni exceptions. Une augmentation flexible de la limite de stockage vous sera \u00e9galement propos\u00e9e lorsque vous choisirez d&rsquo;\u00eatre un utilisateur Premium, afin de r\u00e9pondre \u00e0 vos besoins de stockage rapide et s\u00e9curis\u00e9. Le t\u00e9l\u00e9chargement est \u00e9galement limit\u00e9 \u00e0 1 Go pour les utilisateurs gratuits, mais en tant qu&rsquo;utilisateur premium, vous pouvez t\u00e9l\u00e9charger jusqu&rsquo;\u00e0 4 Go par fichier sur les serveurs en nuage.<\/p>\n\n\n<a class=\"maxbutton-2 maxbutton maxbutton-cta\" target=\"_blank\" rel=\"nofollow noopener\" href=\"\/go\/\"><span class='mb-text'>&gt;&gt; Acc\u00e9der au site original de Linkifier<\/span><\/a>\n\n\n<h3>SYNCHRONISATION DES DOSSIERS<\/h3>\n\n\n\n<p>La synchronisation des fichiers vous permettra d&rsquo;acc\u00e9der \u00e0 vos fichiers \u00e0 tout moment et en tout lieu tant qu&rsquo;il est connect\u00e9 \u00e0 Internet. Que ce soit sur votre ordinateur personnel, votre appareil Android ou iOS, votre ordinateur portable ou votre ordinateur au travail, Movshare garantit toujours que tous les fichiers que vous avez t\u00e9l\u00e9charg\u00e9s sont synchronis\u00e9s entre vos appareils. Cela signifie que toute modification apport\u00e9e \u00e0 un fichier (comme la modification de documents sur un tableur) sera la m\u00eame sur tous vos appareils connect\u00e9s. Cela signifie \u00e9galement que vous aurez moins de temps pour transf\u00e9rer des fichiers \u00e0 partir de diff\u00e9rents appareils, car la mise \u00e0 jour se fait presque en temps r\u00e9el.<\/p>\n\n\n\n<h3>UN SOUTIEN 24 HEURES SUR 24, 7 JOURS SUR 7<\/h3>\n\n\n\n<p>L&rsquo;\u00e9quipe d&rsquo;assistance de Movshare est toujours joignable en cas de probl\u00e8me. Qu&rsquo;il s&rsquo;agisse de probl\u00e8mes d&rsquo;acc\u00e8s \u00e0 leur propre compte, d&rsquo;erreurs dans le t\u00e9l\u00e9chargement de fichiers ou simplement de questions g\u00e9n\u00e9rales sur les services et les outils fournis par Movshare, les utilisateurs peuvent joindre l&rsquo;\u00e9quipe d&rsquo;assistance et obtenir une r\u00e9ponse \u00e0 leur demande en un rien de temps. En tant qu&rsquo;utilisateur Premium, vous aurez une priorit\u00e9 plus \u00e9lev\u00e9e dans la file d&rsquo;attente et vous pourrez discuter avec l&rsquo;\u00e9quipe d&rsquo;assistance en temps r\u00e9el si vous le souhaitez.<\/p>\n\n\n\n<h2>L&rsquo;ABONNEMENT AU SERVICE PREMIUM BON MARCH\u00c9 DE MOVSHARE<\/h2>\n\n\n\n<p>Movshare est l&rsquo;un des services d&rsquo;h\u00e9bergement de fichiers les moins chers dont vous pouvez disposer aujourd&rsquo;hui. Leurs comptes premium pr\u00e9sentent des tonnes d&rsquo;avantages et de b\u00e9n\u00e9fices par rapport aux utilisateurs gratuits. De nombreuses m\u00e9thodes de paiement vous seront propos\u00e9es si vous choisissez de profiter du service de compte premium de Movshare. Compar\u00e9 \u00e0 d&rsquo;autres services d&rsquo;h\u00e9bergement de fichiers sur Internet, l&rsquo;abonnement \u00e0 Movshare est flexible et surtout bon march\u00e9. Cela se fait sans compromettre la qualit\u00e9 et la s\u00e9curit\u00e9 que Movshare fournit \u00e0 ses utilisateurs. Pour seulement 9,99 $, vous pouvez commencer \u00e0 profiter des avantages du compte premium pendant 30 jours. Au cas o\u00f9 vous auriez besoin de plans de stockage plus longs, plusieurs options sont disponibles pour r\u00e9pondre \u00e0 vos besoins. Gr\u00e2ce \u00e0 l&rsquo;\u00e9ventail de choix des plans d&rsquo;abonnement, tout le monde peut b\u00e9n\u00e9ficier des services premium de mani\u00e8re pratique. D&rsquo;autres services d&rsquo;h\u00e9bergement de fichiers vous feront payer plus cher pour presque les m\u00eames fonctionnalit\u00e9s que celles que Movshare peut offrir en mieux. Il n&rsquo;a jamais \u00e9t\u00e9 aussi facile de disposer d&rsquo;un compte premium pour profiter de tous les avantages pratiques \u00e0 votre disposition.<\/p>\n\n\n\n<h2>COMMENT B\u00c9N\u00c9FICIER D&rsquo;UN COMPTE PREMIUM MOVSHARE ?<\/h2>\n\n\n\n<p>Un lien redirigeant vers la page d&rsquo;inscription se trouve sur la page web de Movshare. Con\u00e7ues pour \u00eatre rapides, efficaces et faciles \u00e0 utiliser, toutes les instructions fournies sur la page web permettent \u00e0 toute personne int\u00e9ress\u00e9e par un compte premium de s&rsquo;inscrire sans probl\u00e8me. Il suffit de remplir les informations requises, de choisir la dur\u00e9e de votre abonnement et vous serez redirig\u00e9 vers la page de paiement s\u00e9curis\u00e9. S\u00e9lectionnez votre paiement et attendez l&rsquo;e-mail de confirmation qui vous sera envoy\u00e9. Une fois que vous vous \u00eates connect\u00e9, entrez le code de s\u00e9curit\u00e9 et vous \u00eates pr\u00eat \u00e0 profiter des avantages de Movshare.<\/p>\n\n\n\n<h2>LES PLANS D&rsquo;ABONNEMENT DE MOVSHARE<\/h2>\n\n\n\n<p>Un essai premium de 3 jours est disponible pour les utilisateurs gratuits. Cela inclut la plupart des avantages d&rsquo;un utilisateur premium, cependant, ils auront 15 jours avant que tout fichier, document ou m\u00e9dia qu&rsquo;ils ont t\u00e9l\u00e9charg\u00e9 ne soit supprim\u00e9. Tous les utilisateurs de compte premium auront la possibilit\u00e9 de conserver leurs fichiers stock\u00e9s pour toujours dans nos serveurs en nuage. Si vous choisissez un abonnement plus long, des r\u00e9ductions sont accord\u00e9es aux nouveaux utilisateurs. S&rsquo;abonner au service premium de Movshare de mani\u00e8re cons\u00e9cutive vous permettra \u00e9galement de profiter de ces r\u00e9ductions, et les abonn\u00e9s qui reviennent sont les bienvenus \u00e9galement. Vous pouvez b\u00e9n\u00e9ficier d&rsquo;une r\u00e9duction allant jusqu&rsquo;\u00e0 20 % lorsque vous vous abonnez au service premium pendant 12 mois. Les plans premium de Movshare sont les suivants :<\/p>\n\n\n\n<figure class=\"wp-block-table\"><table class=\"\"><tbody><tr><td>DUR\u00c9E<\/td><td>PRIX<\/td><\/tr><tr><td>3 JOURS PREMIUM<\/td><td>ESSAI GRATUIT <\/td><\/tr><tr><td>30 JOURS PREMIUM<\/td><td>$9.99  <\/td><\/tr><tr><td>60 JOURS PREMIUM<\/td><td>$18.99  <\/td><\/tr><tr><td>90 JOURS PREMIUM<\/td><td>$24.99&nbsp;&nbsp;<\/td><\/tr><tr><td>180 JOURS PREMIUM<\/td><td>$49.99<\/td><\/tr><tr><td>1 AN PREMIUM<\/td><td>$99.99<\/td><\/tr><\/tbody><\/table><\/figure>\n\n\n\n<figure class=\"wp-block-table\"><table class=\"\"><tbody><tr><td>ATTRIBUTIONS<\/td><td> GRATUIT <\/td><td>PREMIUM<\/td><\/tr><tr><td>Limite de t\u00e9l\u00e9chargement\/t\u00e9l\u00e9chargement<\/td><td>1 dossier \u00e0 la fois<\/td><td>Aucune limite<\/td><\/tr><tr><td>Temps d&rsquo;attente pour les t\u00e9l\u00e9chargements<\/td><td>2 heures<\/td><td>Aucune limite<\/td><\/tr><tr><td>Vitesse et allocation de la bande passante<\/td><td>Limit\u00e9e<\/td><td>Illimit\u00e9<\/td><\/tr><tr><td>Dur\u00e9e du dossier<\/td><td>15 jours<\/td><td>Illimit\u00e9<\/td><\/tr><tr><td>Priorit\u00e9 dans la file d&rsquo;attente<\/td><td>Faible<\/td><td>Maximum<\/td><\/tr><\/tbody><\/table><\/figure>\n\n\n\n<p>Movshare dispose d&rsquo;une large gamme de m\u00e9thodes de paiement, vous permettant de profiter des nombreux avantages d&rsquo;\u00eatre un utilisateur premium \u00e0 votre convenance. La plupart des cartes de cr\u00e9dit sont accept\u00e9es, telles que Visa, Mastercard et American Express. Le paiement en ligne via Paypal est \u00e9galement disponible. Plusieurs autres m\u00e9thodes de paiement sont disponibles si vous les trouvez plus pratiques. Movshare s&rsquo;assure que toutes les m\u00e9thodes de paiement sont s\u00fbres et s\u00e9curis\u00e9es.<\/p>\n\n\n\n<div class=\"wp-block-image\"><figure class=\"aligncenter\"><img src=\"https:\/\/lh6.googleusercontent.com\/fzpCdnSsd7rxMxNU1fvvym8MRZgAihM7rvWUXa__J5MIDsaBK3XVYFX6RWAQXNFYM_AauM22kaDp-2_wSJq-xLqFDwUBDin6AvBVFOE_E1VRRNb5bm3nbSYjmPHrRseaOuxK6Xxn\" alt=\"Movshare Payment Methods\"\/><\/figure><\/div>\n\n\n\n<h2>LA VIE PRIV\u00c9E ET LA S\u00c9CURIT\u00c9 DES UTILISATEURS<\/h2>\n\n\n\n<p>Les informations partag\u00e9es par son utilisateur Premium, telles que les donn\u00e9es personnelles, les num\u00e9ros de contact, les mots de passe et les fichiers t\u00e9l\u00e9charg\u00e9s, sont stock\u00e9es et s\u00e9curis\u00e9es par un cryptage complexe. Diff\u00e9rents niveaux de s\u00e9curit\u00e9 sont mis en place pour emp\u00eacher tout acc\u00e8s non autoris\u00e9 \u00e0 vos fichiers et supports stock\u00e9s. Movshare a pour priorit\u00e9 de s&rsquo;assurer que toutes les donn\u00e9es t\u00e9l\u00e9charg\u00e9es vers ses serveurs en nuage sont toujours s\u00e9curis\u00e9es. Une surveillance \u00e9troite et m\u00e9ticuleuse des activit\u00e9s suspectes est toujours assur\u00e9e par des ing\u00e9nieurs et des sp\u00e9cialistes afin d&rsquo;atteindre un niveau de service optimal pour ses utilisateurs.<\/p>\n\n\n<a class=\"maxbutton-2 maxbutton maxbutton-cta\" target=\"_blank\" rel=\"nofollow noopener\" href=\"\/go\/\"><span class='mb-text'>&gt;&gt; Acc\u00e9der au site original de Linkifier<\/span><\/a>","protected":false},"excerpt":{"rendered":"<p>\u00c0 l&rsquo;\u00e8re moderne, le d\u00e9placement et le stockage de fichiers volumineux n&rsquo;ont jamais \u00e9t\u00e9 aussi faciles qu&rsquo;aujourd&rsquo;hui. Une recherche rapide<\/p>\n","protected":false},"author":2,"featured_media":0,"parent":0,"menu_order":0,"comment_status":"closed","ping_status":"closed","template":"","meta":[],"yoast_head":"<!-- This site is optimized with the Yoast SEO plugin v18.3 - https:\/\/yoast.com\/wordpress\/plugins\/seo\/ -->\n<title>Movshare Premium Compte \u2013 Le Filehoster En Un Coup D&#039;\u0153il<\/title>\n<meta name=\"description\" content=\"Movshare est-il un fournisseur r\u00e9put\u00e9 ou non, vous pouvez trouver la r\u00e9ponse dans le test actuel sur Multihoster.org \u279c Cliquez maintenant sur \u271a pour lire nos exp\u00e9riences !\" \/>\n<meta name=\"robots\" content=\"index, follow, max-snippet:-1, max-image-preview:large, max-video-preview:-1\" \/>\n<link rel=\"canonical\" href=\"https:\/\/multihoster.org\/fr\/movshare\/\" \/>\n<meta property=\"og:locale\" content=\"fr_FR\" \/>\n<meta property=\"og:type\" content=\"article\" \/>\n<meta property=\"og:title\" content=\"Movshare Premium Compte \u2013 Le Filehoster En Un Coup D&#039;\u0153il\" \/>\n<meta property=\"og:description\" content=\"Movshare est-il un fournisseur r\u00e9put\u00e9 ou non, vous pouvez trouver la r\u00e9ponse dans le test actuel sur Multihoster.org \u279c Cliquez maintenant sur \u271a pour lire nos exp\u00e9riences !\" \/>\n<meta property=\"og:url\" content=\"https:\/\/multihoster.org\/fr\/movshare\/\" \/>\n<meta property=\"og:site_name\" content=\"Multihoster.org\" \/>\n<meta property=\"article:modified_time\" content=\"2020-04-22T15:17:05+00:00\" \/>\n<meta property=\"og:image\" content=\"https:\/\/lh3.googleusercontent.com\/MLiKmLZbc9NrvE2Mar1qwpZVlqILKjQk8z9aY5Q2gD-uOg307wXEcHv6KvoJnlW5fNz81gNpaduEG_LoToiN2Lu-b_WBGYb0Jpi9cTEc2-6W4yh0MlLHEvpyG1CXXtOW06IQUAzV\" \/>\n<meta name=\"twitter:card\" content=\"summary\" \/>\n<meta name=\"twitter:label1\" content=\"Dur\u00e9e de lecture estim\u00e9e\" \/>\n\t<meta name=\"twitter:data1\" content=\"10 minutes\" \/>\n<script type=\"application\/ld+json\" class=\"yoast-schema-graph\">{\"@context\":\"https:\/\/schema.org\",\"@graph\":[{\"@type\":\"WebSite\",\"@id\":\"https:\/\/multihoster.org\/#website\",\"url\":\"https:\/\/multihoster.org\/\",\"name\":\"Multihoster.org\",\"description\":\"Reviews of the major Filehosting services\",\"potentialAction\":[{\"@type\":\"SearchAction\",\"target\":{\"@type\":\"EntryPoint\",\"urlTemplate\":\"https:\/\/multihoster.org\/?s={search_term_string}\"},\"query-input\":\"required name=search_term_string\"}],\"inLanguage\":\"fr-FR\"},{\"@type\":\"ImageObject\",\"@id\":\"https:\/\/multihoster.org\/fr\/movshare\/#primaryimage\",\"inLanguage\":\"fr-FR\",\"url\":\"https:\/\/lh3.googleusercontent.com\/MLiKmLZbc9NrvE2Mar1qwpZVlqILKjQk8z9aY5Q2gD-uOg307wXEcHv6KvoJnlW5fNz81gNpaduEG_LoToiN2Lu-b_WBGYb0Jpi9cTEc2-6W4yh0MlLHEvpyG1CXXtOW06IQUAzV\",\"contentUrl\":\"https:\/\/lh3.googleusercontent.com\/MLiKmLZbc9NrvE2Mar1qwpZVlqILKjQk8z9aY5Q2gD-uOg307wXEcHv6KvoJnlW5fNz81gNpaduEG_LoToiN2Lu-b_WBGYb0Jpi9cTEc2-6W4yh0MlLHEvpyG1CXXtOW06IQUAzV\"},{\"@type\":\"WebPage\",\"@id\":\"https:\/\/multihoster.org\/fr\/movshare\/#webpage\",\"url\":\"https:\/\/multihoster.org\/fr\/movshare\/\",\"name\":\"Movshare Premium Compte \u2013 Le Filehoster En Un Coup D'\u0153il\",\"isPartOf\":{\"@id\":\"https:\/\/multihoster.org\/#website\"},\"primaryImageOfPage\":{\"@id\":\"https:\/\/multihoster.org\/fr\/movshare\/#primaryimage\"},\"datePublished\":\"2020-04-16T14:55:32+00:00\",\"dateModified\":\"2020-04-22T15:17:05+00:00\",\"description\":\"Movshare est-il un fournisseur r\u00e9put\u00e9 ou non, vous pouvez trouver la r\u00e9ponse dans le test actuel sur Multihoster.org \u279c Cliquez maintenant sur \u271a pour lire nos exp\u00e9riences !\",\"breadcrumb\":{\"@id\":\"https:\/\/multihoster.org\/fr\/movshare\/#breadcrumb\"},\"inLanguage\":\"fr-FR\",\"potentialAction\":[{\"@type\":\"ReadAction\",\"target\":[\"https:\/\/multihoster.org\/fr\/movshare\/\"]}]},{\"@type\":\"BreadcrumbList\",\"@id\":\"https:\/\/multihoster.org\/fr\/movshare\/#breadcrumb\",\"itemListElement\":[{\"@type\":\"ListItem\",\"position\":1,\"name\":\"Startseite\",\"item\":\"https:\/\/multihoster.org\/fr\/\"},{\"@type\":\"ListItem\",\"position\":2,\"name\":\"Movshare Premium Compte: Le Filehoster En Un Coup D&rsquo;\u0153il\"}]}]}<\/script>\n<!-- \/ Yoast SEO plugin. -->","yoast_head_json":{"title":"Movshare Premium Compte \u2013 Le Filehoster En Un Coup D'\u0153il","description":"Movshare est-il un fournisseur r\u00e9put\u00e9 ou non, vous pouvez trouver la r\u00e9ponse dans le test actuel sur Multihoster.org \u279c Cliquez maintenant sur \u271a pour lire nos exp\u00e9riences !","robots":{"index":"index","follow":"follow","max-snippet":"max-snippet:-1","max-image-preview":"max-image-preview:large","max-video-preview":"max-video-preview:-1"},"canonical":"https:\/\/multihoster.org\/fr\/movshare\/","og_locale":"fr_FR","og_type":"article","og_title":"Movshare Premium Compte \u2013 Le Filehoster En Un Coup D'\u0153il","og_description":"Movshare est-il un fournisseur r\u00e9put\u00e9 ou non, vous pouvez trouver la r\u00e9ponse dans le test actuel sur Multihoster.org \u279c Cliquez maintenant sur \u271a pour lire nos exp\u00e9riences !","og_url":"https:\/\/multihoster.org\/fr\/movshare\/","og_site_name":"Multihoster.org","article_modified_time":"2020-04-22T15:17:05+00:00","og_image":[{"url":"https:\/\/lh3.googleusercontent.com\/MLiKmLZbc9NrvE2Mar1qwpZVlqILKjQk8z9aY5Q2gD-uOg307wXEcHv6KvoJnlW5fNz81gNpaduEG_LoToiN2Lu-b_WBGYb0Jpi9cTEc2-6W4yh0MlLHEvpyG1CXXtOW06IQUAzV"}],"twitter_card":"summary","twitter_misc":{"Dur\u00e9e de lecture estim\u00e9e":"10 minutes"},"schema":{"@context":"https:\/\/schema.org","@graph":[{"@type":"WebSite","@id":"https:\/\/multihoster.org\/#website","url":"https:\/\/multihoster.org\/","name":"Multihoster.org","description":"Reviews of the major Filehosting services","potentialAction":[{"@type":"SearchAction","target":{"@type":"EntryPoint","urlTemplate":"https:\/\/multihoster.org\/?s={search_term_string}"},"query-input":"required name=search_term_string"}],"inLanguage":"fr-FR"},{"@type":"ImageObject","@id":"https:\/\/multihoster.org\/fr\/movshare\/#primaryimage","inLanguage":"fr-FR","url":"https:\/\/lh3.googleusercontent.com\/MLiKmLZbc9NrvE2Mar1qwpZVlqILKjQk8z9aY5Q2gD-uOg307wXEcHv6KvoJnlW5fNz81gNpaduEG_LoToiN2Lu-b_WBGYb0Jpi9cTEc2-6W4yh0MlLHEvpyG1CXXtOW06IQUAzV","contentUrl":"https:\/\/lh3.googleusercontent.com\/MLiKmLZbc9NrvE2Mar1qwpZVlqILKjQk8z9aY5Q2gD-uOg307wXEcHv6KvoJnlW5fNz81gNpaduEG_LoToiN2Lu-b_WBGYb0Jpi9cTEc2-6W4yh0MlLHEvpyG1CXXtOW06IQUAzV"},{"@type":"WebPage","@id":"https:\/\/multihoster.org\/fr\/movshare\/#webpage","url":"https:\/\/multihoster.org\/fr\/movshare\/","name":"Movshare Premium Compte \u2013 Le Filehoster En Un Coup D'\u0153il","isPartOf":{"@id":"https:\/\/multihoster.org\/#website"},"primaryImageOfPage":{"@id":"https:\/\/multihoster.org\/fr\/movshare\/#primaryimage"},"datePublished":"2020-04-16T14:55:32+00:00","dateModified":"2020-04-22T15:17:05+00:00","description":"Movshare est-il un fournisseur r\u00e9put\u00e9 ou non, vous pouvez trouver la r\u00e9ponse dans le test actuel sur Multihoster.org \u279c Cliquez maintenant sur \u271a pour lire nos exp\u00e9riences !","breadcrumb":{"@id":"https:\/\/multihoster.org\/fr\/movshare\/#breadcrumb"},"inLanguage":"fr-FR","potentialAction":[{"@type":"ReadAction","target":["https:\/\/multihoster.org\/fr\/movshare\/"]}]},{"@type":"BreadcrumbList","@id":"https:\/\/multihoster.org\/fr\/movshare\/#breadcrumb","itemListElement":[{"@type":"ListItem","position":1,"name":"Startseite","item":"https:\/\/multihoster.org\/fr\/"},{"@type":"ListItem","position":2,"name":"Movshare Premium Compte: Le Filehoster En Un Coup D&rsquo;\u0153il"}]}]}},"_links":{"self":[{"href":"https:\/\/multihoster.org\/fr\/wp-json\/wp\/v2\/pages\/3817"}],"collection":[{"href":"https:\/\/multihoster.org\/fr\/wp-json\/wp\/v2\/pages"}],"about":[{"href":"https:\/\/multihoster.org\/fr\/wp-json\/wp\/v2\/types\/page"}],"author":[{"embeddable":true,"href":"https:\/\/multihoster.org\/fr\/wp-json\/wp\/v2\/users\/2"}],"replies":[{"embeddable":true,"href":"https:\/\/multihoster.org\/fr\/wp-json\/wp\/v2\/comments?post=3817"}],"version-history":[{"count":2,"href":"https:\/\/multihoster.org\/fr\/wp-json\/wp\/v2\/pages\/3817\/revisions"}],"predecessor-version":[{"id":4308,"href":"https:\/\/multihoster.org\/fr\/wp-json\/wp\/v2\/pages\/3817\/revisions\/4308"}],"wp:attachment":[{"href":"https:\/\/multihoster.org\/fr\/wp-json\/wp\/v2\/media?parent=3817"}],"curies":[{"name":"wp","href":"https:\/\/api.w.org\/{rel}","templated":true}]}}