{"id":3854,"date":"2020-04-16T15:50:54","date_gmt":"2020-04-16T15:50:54","guid":{"rendered":"https:\/\/multihoster.org\/filesmonster\/"},"modified":"2020-12-14T18:53:40","modified_gmt":"2020-12-14T18:53:40","slug":"filesmonster","status":"publish","type":"page","link":"https:\/\/multihoster.org\/fr\/filesmonster\/","title":{"rendered":"FilesMonster Premium Compte: Le Filehoster En Un Coup D&rsquo;\u0153il"},"content":{"rendered":"\n<figure class=\"wp-block-image\"><img src=\"https:\/\/lh4.googleusercontent.com\/mVWw15q9QtKDEJl6FY8p7PpoGD8y25cfV1zvM8rwNmbdQ1_g3JR0-LND1TBArjU2VehVrsqaTU1WmepskQnN-N6W0DPIr9lqtZkmPkWw7-dRzoPOCHRGXwpTURs7h7is9TTHoi4\" alt=\"Filesmonster Logo, Filesmonster Premium\"\/><\/figure>\n\n\n<a class=\"maxbutton-2 maxbutton maxbutton-cta\" target=\"_blank\" rel=\"nofollow noopener\" href=\"\/filesmonster\/goto\/\"><span class='mb-text'>&gt;&gt; Acc\u00e9der au site original de Filesmonster<\/span><\/a>\n\n\n<p><\/p>\n\n\n\n<p>La conservation des fichiers est un must, surtout si votre entreprise est plut\u00f4t ax\u00e9e sur le multim\u00e9dia. Apporter un stockage physique externe est un vrai casse-t\u00eate et vous devez brancher votre appareil sur un ordinateur pour pouvoir acc\u00e9der \u00e0 vos fichiers quand vous le souhaitez. Une solution viable consiste \u00e0 stocker vos fichiers en ligne. Il existe de nombreux services de stockage en ligne, mais vous ne pouvez jamais \u00eatre s\u00fbr de la s\u00e9curit\u00e9 de vos m\u00e9dias. Sans compter que c&rsquo;est tr\u00e8s cher et que cela peut vous co\u00fbter plusieurs centaines de dollars par mois.<\/p>\n\n\n\n<p>Cependant, Filesmonster peut fournir n&rsquo;importe quelle solution de stockage en ligne de qualit\u00e9 sup\u00e9rieure, mais avec un nuage sans probl\u00e8me et des frais moins \u00e9lev\u00e9s que les services de stockage en ligne classiques. Les services propos\u00e9s sont de premier ordre et vous pouvez \u00e9galement les am\u00e9liorer en ouvrant un compte Premium chez Filesmonster. Le compte premium offre \u00e9galement des services suppl\u00e9mentaires qui peuvent vous aider \u00e0 organiser tous vos fichiers et documents multim\u00e9dia li\u00e9s au travail.  Filesmonster Premium offre \u00e9galement un moyen de profiter de sa vaste biblioth\u00e8que de contenus et de m\u00e9dias en ligne gr\u00e2ce \u00e0 un partenariat avec diff\u00e9rents services de streaming de haute qualit\u00e9.<\/p>\n\n\n\n<h2>Qu&rsquo;est-ce que Filesmonster ?<\/h2>\n\n\n\n<p>Filesmonster est un service d&rsquo;h\u00e9bergement de fichiers en ligne qui offre \u00e0 ses clients un service de stockage moins cher et un acc\u00e8s facile \u00e0 tous vos fichiers et m\u00e9dias tant que vous \u00eates connect\u00e9 \u00e0 l&rsquo;internet. Filesmonster met \u00e9galement l&rsquo;accent sur la s\u00e9curit\u00e9 des fichiers et s&rsquo;assure toujours que ses <a rel=\"noreferrer noopener\" aria-label=\"nuages  (opens in a new tab)\" href=\"https:\/\/searchstorage.techtarget.com\/definition\/cloud-storage\" target=\"_blank\">nuages <\/a>sont exempts de virus et qu&rsquo;ils ne sont pas expos\u00e9s au vol et au plagiat. Ils offrent \u00e9galement d&rsquo;autres avantages si vous utilisez leur compte bon march\u00e9 Filesmonster Premium. Gr\u00e2ce \u00e0 ce service, vous pouvez b\u00e9n\u00e9ficier d&rsquo;autres fonctionnalit\u00e9s telles que des t\u00e9l\u00e9chargements plus rapides, une capacit\u00e9 de stockage plus importante et une limite de t\u00e9l\u00e9chargement illimit\u00e9e. Le compte FIlesmonster Premium est l&rsquo;un des abonnements d&rsquo;h\u00e9bergement de fichiers premium les moins chers disponibles, car il ne vous co\u00fbtera qu&rsquo;environ 15 dollars par mois. Les autres services premium peuvent vous co\u00fbter jusqu&rsquo;\u00e0 quelques centaines de dollars, tandis que d&rsquo;autres peuvent co\u00fbter pr\u00e8s de mille dollars selon que le service d&rsquo;h\u00e9bergement de fichiers est un site web populaire ou non. Bien que le Filesmonster Premium offre \u00e9galement la m\u00eame qualit\u00e9 de service que les autres services plus connus, le Filesmonster Premium co\u00fbte beaucoup moins cher. C&rsquo;est parfait si vous d\u00e9marrez une petite entreprise qui n\u00e9cessite que vos fichiers num\u00e9riques soient g\u00e9r\u00e9s et accessibles \u00e0 tout moment. Il offre \u00e9galement une protection contre les logiciels <a rel=\"noreferrer noopener\" aria-label=\"malveillants (opens in a new tab)\" href=\"https:\/\/www.malwarebytes.com\/malware\/\" target=\"_blank\">malveillants<\/a>, les pop-ups et autres publicit\u00e9s g\u00eanantes. La version Premium de Filesmonster garantit \u00e9galement que tous vos t\u00e9l\u00e9chargements proviennent de sites web partenaires, ce qui \u00e9vite tout probl\u00e8me de l\u00e9galit\u00e9. T\u00e9l\u00e9chargez, stockez et conservez vos fichiers sans souci lorsque vous utilisez un compte Filesmonster Premium.<\/p>\n\n\n\n<h2>Fonctionnalit\u00e9s et services Premium de Filesmonster<\/h2>\n\n\n\n<p>L&rsquo;ouverture d&rsquo;un compte FIlesmonster Premium vous permet de b\u00e9n\u00e9ficier de services suppl\u00e9mentaires et d&rsquo;une am\u00e9lioration notable du service gratuit.<\/p>\n\n\n\n<figure class=\"wp-block-image\"><img src=\"https:\/\/lh5.googleusercontent.com\/cf15g2mKcENrXzNWavHcm_QtZ6dSGqKvIBATm1dBE0Q8-cVW-iGBE7VIn4WcE1dOxUWkwrzlZ-xwCz60bBWDouXvXNSp2fuodEuXMeTkEaLS65V2TdWKMoz56oyz2nIj0CxVT0Y\" alt=\"Filesmonster Premium features\"\/><\/figure>\n\n\n\n<h3>T\u00e9l\u00e9chargements plus rapides<\/h3>\n\n\n\n<p>La version Premium de Filesmonster ajoute de la bande passante \u00e0 vos t\u00e9l\u00e9chargements. La vitesse de t\u00e9l\u00e9chargement moyenne des services d&rsquo;h\u00e9bergement de fichiers ne se situe qu&rsquo;entre 8 et 15 Mbps. C&rsquo;est acceptable si vous ne stockez que de petits fichiers comme des images, des documents et des fichiers audio, mais cette vitesse de t\u00e9l\u00e9chargement fait d\u00e9faut pour les fichiers plus volumineux comme les vid\u00e9os ou les films, les applications volumineuses et toute une base de donn\u00e9es de sauvegarde. Le FIlesmonster Premium a une vitesse de t\u00e9l\u00e9chargement illimit\u00e9e pour vous permettre d&rsquo;en profiter. Cette vitesse est parfaite pour les tr\u00e8s gros fichiers comme les vid\u00e9os que vous \u00e9ditez ou les grosses applications. Vous pouvez \u00e9galement utiliser cette vitesse pour t\u00e9l\u00e9charger des m\u00e9dias tels que des films et des fichiers audio de haute qualit\u00e9 disponibles sur les sites web partenaires et les services de streaming.<\/p>\n\n\n\n<h3>Streaming m\u00e9diatique<\/h3>\n\n\n\n<p>Le Filesmonster Premium n&rsquo;est pas seulement un service de stockage en ligne, c&rsquo;est aussi un site web de streaming de premier plan. Avec un compte FIlesmonster Premium, vous pouvez profiter gratuitement de milliers de fichiers multim\u00e9dia de haute qualit\u00e9. Les sites de streaming partenaires vous permettent d&rsquo;acc\u00e9der \u00e0 des films et \u00e0 d&rsquo;autres types de m\u00e9dias. Vous avez \u00e9galement la possibilit\u00e9 de t\u00e9l\u00e9charger ces m\u00e9dias et leur caract\u00e8re 100% l\u00e9gal. Profitez d&rsquo;une vaste biblioth\u00e8que de m\u00e9dias de qualit\u00e9 avec un compte Filesmonster Premium.<\/p>\n\n\n\n<h3>T\u00e9l\u00e9chargements r\u00e9sumables<\/h3>\n\n\n\n<p>N&rsquo;est-ce pas un probl\u00e8me si vous t\u00e9l\u00e9chargez un fichier et que vous devez soudainement partir pour une course. Vous ne pouvez pas laisser votre PC de travail ouvert, et d&rsquo;autres services ne permettent pas de reprendre les t\u00e9l\u00e9chargements. Vous devez recommencer le t\u00e9l\u00e9chargement depuis le d\u00e9but. Sans compter que certains gros fichiers peuvent \u00eatre corrompus lorsqu&rsquo;ils sont mis en pause pendant une longue p\u00e9riode. La version Premium de Filesmonster a r\u00e9solu ce probl\u00e8me en autorisant le t\u00e9l\u00e9chargement de vos fichiers \u00e0 nouveau. En interrompant le t\u00e9l\u00e9chargement d&rsquo;un fichier et en le reprenant plus tard, la version Premium de Filesmonster vous permet d&rsquo;acc\u00e9der sans probl\u00e8me \u00e0 vos t\u00e9l\u00e9chargements de fichiers quand et o\u00f9 vous le souhaitez.<\/p>\n\n\n<a class=\"maxbutton-2 maxbutton maxbutton-cta\" target=\"_blank\" rel=\"nofollow noopener\" href=\"\/filesmonster\/goto\/\"><span class='mb-text'>&gt;&gt; Acc\u00e9der au site original de Filesmonster<\/span><\/a>\n\n\n<p><\/p>\n\n\n\n<h3>T\u00e9l\u00e9chargement instantan\u00e9<\/h3>\n\n\n\n<p>Un compte gratuit doit attendre plusieurs secondes pour que son t\u00e9l\u00e9chargement commence. Cela s&rsquo;explique par le fait que les utilisateurs gratuits ont une priorit\u00e9 moindre sur le trafic r\u00e9seau par rapport \u00e0 un compte Filesmonster Premium. Si vous \u00eates press\u00e9, ce temps d&rsquo;attente peut \u00eatre la cause d&rsquo;un retard et prendre beaucoup de temps. L&rsquo;utilisation d&rsquo;un compte FIlesmonster Premium supprime cette restriction. Vous pouvez d\u00e9marrer instantan\u00e9ment votre t\u00e9l\u00e9chargement d\u00e8s que vous cliquez sur le bouton. Le service parfait pour les cr\u00e9ateurs de contenu qui est toujours en mouvement.<\/p>\n\n\n\n<h3>Gestionnaire de t\u00e9l\u00e9chargement<\/h3>\n\n\n\n<p>Il est tr\u00e8s ennuyeux de ne pas pouvoir surveiller les t\u00e9l\u00e9chargements de vos fichiers. Vous n&rsquo;avez aucun moyen de conna\u00eetre l&rsquo;\u00e9tat de votre t\u00e9l\u00e9chargement, sauf s&rsquo;il est termin\u00e9. Cependant, avec un compte Filesmonster Premium, vous pouvez utiliser leur outil innovant qui est le gestionnaire de t\u00e9l\u00e9chargement FIlesmonster. Avec le Download Manager, vous pouvez trier tous vos t\u00e9l\u00e9chargements existants. Vous pouvez voir l&rsquo;\u00e9tat de vos fichiers en temps r\u00e9el et cela vous permet \u00e9galement de g\u00e9rer vos fichiers plus facilement. Le gestionnaire de t\u00e9l\u00e9chargement vous indique la quantit\u00e9 de fichiers que vous avez d\u00e9j\u00e0 t\u00e9l\u00e9charg\u00e9s. Il indique m\u00eame le temps estim\u00e9 avant que vous ne finissiez le t\u00e9l\u00e9chargement de vos fichiers. Le gestionnaire de t\u00e9l\u00e9chargement de Filesmonster vous permet \u00e9galement de d\u00e9finir le fichier que vous allez prioriser pour terminer le t\u00e9l\u00e9chargement. L&rsquo;outil parfait pour g\u00e9rer vos t\u00e9l\u00e9chargements de fichiers m\u00eame si vous \u00eates en d\u00e9placement.<\/p>\n\n\n\n<h3>T\u00e9l\u00e9charger plusieurs fichiers<\/h3>\n\n\n\n<p>Lorsque vous \u00eates press\u00e9, il est tr\u00e8s frustrant de ne pouvoir t\u00e9l\u00e9charger qu&rsquo;un seul fichier. D&rsquo;autres services d&rsquo;h\u00e9bergement de fichiers limitent leurs utilisateurs \u00e0 un seul t\u00e9l\u00e9chargement de fichier afin de r\u00e9duire le trafic r\u00e9seau. D&rsquo;autre part, un compte Filesmonster Premium vous permet d&rsquo;acc\u00e9der \u00e0 plusieurs fichiers en m\u00eame temps. Vous pouvez t\u00e9l\u00e9charger librement des fichiers et des documents multim\u00e9dia tant que votre connexion internet peut g\u00e9rer le trafic de donn\u00e9es. Les cr\u00e9ateurs de sites web qui doivent constamment acc\u00e9der \u00e0 leurs biens et \u00e0 leurs fichiers num\u00e9riques peuvent facilement t\u00e9l\u00e9charger tous les fichiers dont ils ont besoin.<\/p>\n\n\n\n<h3>T\u00e9l\u00e9chargements de fichiers non archiv\u00e9s<\/h3>\n\n\n\n<p><a rel=\"noreferrer noopener\" aria-label=\"L'archivage  (opens in a new tab)\" href=\"https:\/\/searchdatabackup.techtarget.com\/definition\/data-archiving\" target=\"_blank\">L&rsquo;archivage <\/a>est g\u00e9n\u00e9ralement effectu\u00e9 par des services d&rsquo;h\u00e9bergement de fichiers afin de r\u00e9duire le trafic sur le r\u00e9seau. Toutefois, la version Premium de Filesmonster ne permet de t\u00e9l\u00e9charger que des fichiers complets. Comme l&rsquo;archivage a la possibilit\u00e9 de corrompre vos fichiers, le Filesmonster Premium s&rsquo;assure que tous vos t\u00e9l\u00e9chargements de fichiers sont toujours intacts au moment o\u00f9 vous avez termin\u00e9 le t\u00e9l\u00e9chargement.<\/p>\n\n\n\n<h2>Compte premium de Filesmonster : Comment acc\u00e9der \u00e0 votre propre compte ?<\/h2>\n\n\n\n<p>Pour b\u00e9n\u00e9ficier de tous ces services g\u00e9niaux, vous devez disposer d&rsquo;un compte Filesmonster Premium. Les \u00e9tapes sont tr\u00e8s simples et rapides. Il vous suffit d&rsquo;aller sur leur site web et de suivre la page Premium. Remplissez toutes les informations requises et vous serez ensuite redirig\u00e9 vers la fen\u00eatre de paiement. Vous pouvez choisir combien de temps vous allez profiter du service FIlesmonster Premium. Ils proposent \u00e9galement une version d&rsquo;essai de 2 jours afin que vous puissiez d\u00e9cider si vous allez continuer \u00e0 utiliser le service Premium. Les formules sont les suivantes :<\/p>\n\n\n\n<figure class=\"wp-block-table\"><table><tbody><tr><td>DUR\u00c9E<\/td><td>PRIX<\/td><\/tr><tr><td>2 jours<\/td><td>Proc\u00e8s<\/td><\/tr><tr><td>15 jours <\/td><td>$12.00<\/td><\/tr><tr><td>1 mois<\/td><td>$17.00<\/td><\/tr><tr><td>3 mois<\/td><td>$37.00<\/td><\/tr><tr><td>6 mois<\/td><td>$66.00<\/td><\/tr><tr><td>1 an<\/td><td>$116.00<\/td><\/tr><\/tbody><\/table><\/figure>\n\n\n\n<p>Comme vous pouvez le voir, la prime de Filesmonster offre une r\u00e9duction pour la p\u00e9riode que vous choisissez de prolonger. Le forfait d&rsquo;un an peut litt\u00e9ralement vous faire \u00e9conomiser jusqu&rsquo;\u00e0 50 %. Mais si vous n&rsquo;\u00eates pas encore pr\u00eat \u00e0 profiter d&rsquo;une p\u00e9riode aussi longue, vous pouvez choisir la formule qui vous convient. Le forfait d&rsquo;un mois est conseill\u00e9 pour les projets individuels et les six mois sont bons pour les entreprises.<\/p>\n\n\n\n<figure class=\"wp-block-image\"><img src=\"https:\/\/lh3.googleusercontent.com\/_-N1WSd2sWsJUFiEMan-2e9yX0uRDUCET1Vis37Oavn7Ot3p6NMDHlQcBrYxi5Y6uUn8-4-oGyUOeOuBiCkFCyHyiBTr8iJECLDGHbHKsdrFePIffG4mok16YlMEZAErY0kaIs4\" alt=\"Filesmonster Premium payment methods\"\/><\/figure>\n\n\n\n<p>La prime de Filesmonster dispose de m\u00e9thodes de paiement flexibles. Vous pouvez choisir de payer avec VISA, MasterCard ou Maestro. Ils acceptent \u00e9galement les paiements par Bitcoins. Notez qu&rsquo;ils offrent une remise suppl\u00e9mentaire de 10 % aux utilisateurs de Bitcoin, ce qui est tr\u00e8s conseill\u00e9 si vous avez d\u00e9j\u00e0 un fonds sur Bitcoin. Il existe \u00e9galement d&rsquo;autres sites de vente au d\u00e9tail de cl\u00e9s premium qui vous proposent d&rsquo;autres moyens d&rsquo;acheter le service FIlesmonster Premium et certains autres offrent \u00e9galement des r\u00e9ductions. Vous avez la libert\u00e9 de choisir le mode de paiement le plus souhaitable pour vous.<\/p>\n\n\n\n<h2>La prime de Filesmonster est-elle l\u00e9gale ?<\/h2>\n\n\n\n<p>La prime de Filesmonster est d\u00e9finitivement L\u00c9GALE. Tous les m\u00e9dias et les services de streaming qu&rsquo;il propose proviennent de leurs sites web partenaires et de leurs fournisseurs de streaming. Vous pouvez t\u00e9l\u00e9charger tout le contenu que vous voulez sans vous inqui\u00e9ter car tout est sous licence et a la permission de leurs propri\u00e9taires l\u00e9gitimes.<\/p>\n\n\n\n<h2>Filesmonster Premium est-il s\u00fbr ?<\/h2>\n\n\n\n<p>La prime de Filesmonster est s\u00fbre \u00e0 100 %. Le fournisseur de services d&rsquo;h\u00e9bergement de fichiers surveille et s&rsquo;assure que le site web est toujours exempt de publicit\u00e9s g\u00eanantes, de malwares et de spywares. Leur stockage dans le nuage est \u00e9galement renforc\u00e9 par divers protocoles de s\u00e9curit\u00e9 pour emp\u00eacher tout acc\u00e8s non d\u00e9sir\u00e9 aux fichiers et aux informations personnelles des utilisateurs. Le niveau de s\u00e9curit\u00e9 du Filesmonster Premium est toujours maintenu par les administrateurs du service de stockage en ligne. Les contenus et les m\u00e9dias accessibles par les utilisateurs sont \u00e9galement filtr\u00e9s afin que le site reste toujours s\u00fbr pour les enfants. Vous pouvez \u00eatre assur\u00e9 de la s\u00e9curit\u00e9 de vos fichiers avec le Filesmonster Premium.<\/p>\n\n\n<a class=\"maxbutton-2 maxbutton maxbutton-cta\" target=\"_blank\" rel=\"nofollow noopener\" href=\"\/filesmonster\/goto\/\"><span class='mb-text'>&gt;&gt; Acc\u00e9der au site original de Filesmonster<\/span><\/a>\n\n\n<p><\/p>\n","protected":false},"excerpt":{"rendered":"<p>La conservation des fichiers est un must, surtout si votre entreprise est plut\u00f4t ax\u00e9e sur le multim\u00e9dia. Apporter un stockage<\/p>\n","protected":false},"author":2,"featured_media":0,"parent":0,"menu_order":0,"comment_status":"closed","ping_status":"closed","template":"","meta":[],"yoast_head":"<!-- This site is optimized with the Yoast SEO plugin v18.3 - https:\/\/yoast.com\/wordpress\/plugins\/seo\/ -->\n<title>FilesMonster Premium Compte: Le Filehoster En Un Coup D&#039;\u0153il<\/title>\n<meta name=\"description\" content=\"Que FilesMonster soit un fournisseur r\u00e9put\u00e9 ou non, vous pouvez trouver la r\u00e9ponse dans le test actuel sur Multihoster.org \u279c Cliquez maintenant sur \u271a pour lire nos exp\u00e9riences !\" \/>\n<meta name=\"robots\" content=\"index, follow, max-snippet:-1, max-image-preview:large, max-video-preview:-1\" \/>\n<link rel=\"canonical\" href=\"https:\/\/multihoster.org\/fr\/filesmonster\/\" \/>\n<meta property=\"og:locale\" content=\"fr_FR\" \/>\n<meta property=\"og:type\" content=\"article\" \/>\n<meta property=\"og:title\" content=\"FilesMonster Premium Compte: Le Filehoster En Un Coup D&#039;\u0153il\" \/>\n<meta property=\"og:description\" content=\"Que FilesMonster soit un fournisseur r\u00e9put\u00e9 ou non, vous pouvez trouver la r\u00e9ponse dans le test actuel sur Multihoster.org \u279c Cliquez maintenant sur \u271a pour lire nos exp\u00e9riences !\" \/>\n<meta property=\"og:url\" content=\"https:\/\/multihoster.org\/fr\/filesmonster\/\" \/>\n<meta property=\"og:site_name\" content=\"Multihoster.org\" \/>\n<meta property=\"article:modified_time\" content=\"2020-12-14T18:53:40+00:00\" \/>\n<meta property=\"og:image\" content=\"https:\/\/lh4.googleusercontent.com\/mVWw15q9QtKDEJl6FY8p7PpoGD8y25cfV1zvM8rwNmbdQ1_g3JR0-LND1TBArjU2VehVrsqaTU1WmepskQnN-N6W0DPIr9lqtZkmPkWw7-dRzoPOCHRGXwpTURs7h7is9TTHoi4\" \/>\n<meta name=\"twitter:card\" content=\"summary\" \/>\n<meta name=\"twitter:label1\" content=\"Dur\u00e9e de lecture estim\u00e9e\" \/>\n\t<meta name=\"twitter:data1\" content=\"10 minutes\" \/>\n<script type=\"application\/ld+json\" class=\"yoast-schema-graph\">{\"@context\":\"https:\/\/schema.org\",\"@graph\":[{\"@type\":\"WebSite\",\"@id\":\"https:\/\/multihoster.org\/#website\",\"url\":\"https:\/\/multihoster.org\/\",\"name\":\"Multihoster.org\",\"description\":\"Reviews of the major Filehosting services\",\"potentialAction\":[{\"@type\":\"SearchAction\",\"target\":{\"@type\":\"EntryPoint\",\"urlTemplate\":\"https:\/\/multihoster.org\/?s={search_term_string}\"},\"query-input\":\"required name=search_term_string\"}],\"inLanguage\":\"fr-FR\"},{\"@type\":\"ImageObject\",\"@id\":\"https:\/\/multihoster.org\/fr\/filesmonster\/#primaryimage\",\"inLanguage\":\"fr-FR\",\"url\":\"https:\/\/lh4.googleusercontent.com\/mVWw15q9QtKDEJl6FY8p7PpoGD8y25cfV1zvM8rwNmbdQ1_g3JR0-LND1TBArjU2VehVrsqaTU1WmepskQnN-N6W0DPIr9lqtZkmPkWw7-dRzoPOCHRGXwpTURs7h7is9TTHoi4\",\"contentUrl\":\"https:\/\/lh4.googleusercontent.com\/mVWw15q9QtKDEJl6FY8p7PpoGD8y25cfV1zvM8rwNmbdQ1_g3JR0-LND1TBArjU2VehVrsqaTU1WmepskQnN-N6W0DPIr9lqtZkmPkWw7-dRzoPOCHRGXwpTURs7h7is9TTHoi4\"},{\"@type\":\"WebPage\",\"@id\":\"https:\/\/multihoster.org\/fr\/filesmonster\/#webpage\",\"url\":\"https:\/\/multihoster.org\/fr\/filesmonster\/\",\"name\":\"FilesMonster Premium Compte: Le Filehoster En Un Coup D'\u0153il\",\"isPartOf\":{\"@id\":\"https:\/\/multihoster.org\/#website\"},\"primaryImageOfPage\":{\"@id\":\"https:\/\/multihoster.org\/fr\/filesmonster\/#primaryimage\"},\"datePublished\":\"2020-04-16T15:50:54+00:00\",\"dateModified\":\"2020-12-14T18:53:40+00:00\",\"description\":\"Que FilesMonster soit un fournisseur r\u00e9put\u00e9 ou non, vous pouvez trouver la r\u00e9ponse dans le test actuel sur Multihoster.org \u279c Cliquez maintenant sur \u271a pour lire nos exp\u00e9riences !\",\"breadcrumb\":{\"@id\":\"https:\/\/multihoster.org\/fr\/filesmonster\/#breadcrumb\"},\"inLanguage\":\"fr-FR\",\"potentialAction\":[{\"@type\":\"ReadAction\",\"target\":[\"https:\/\/multihoster.org\/fr\/filesmonster\/\"]}]},{\"@type\":\"BreadcrumbList\",\"@id\":\"https:\/\/multihoster.org\/fr\/filesmonster\/#breadcrumb\",\"itemListElement\":[{\"@type\":\"ListItem\",\"position\":1,\"name\":\"Startseite\",\"item\":\"https:\/\/multihoster.org\/fr\/\"},{\"@type\":\"ListItem\",\"position\":2,\"name\":\"FilesMonster Premium Compte: Le Filehoster En Un Coup D&rsquo;\u0153il\"}]}]}<\/script>\n<!-- \/ Yoast SEO plugin. -->","yoast_head_json":{"title":"FilesMonster Premium Compte: Le Filehoster En Un Coup D'\u0153il","description":"Que FilesMonster soit un fournisseur r\u00e9put\u00e9 ou non, vous pouvez trouver la r\u00e9ponse dans le test actuel sur Multihoster.org \u279c Cliquez maintenant sur \u271a pour lire nos exp\u00e9riences !","robots":{"index":"index","follow":"follow","max-snippet":"max-snippet:-1","max-image-preview":"max-image-preview:large","max-video-preview":"max-video-preview:-1"},"canonical":"https:\/\/multihoster.org\/fr\/filesmonster\/","og_locale":"fr_FR","og_type":"article","og_title":"FilesMonster Premium Compte: Le Filehoster En Un Coup D'\u0153il","og_description":"Que FilesMonster soit un fournisseur r\u00e9put\u00e9 ou non, vous pouvez trouver la r\u00e9ponse dans le test actuel sur Multihoster.org \u279c Cliquez maintenant sur \u271a pour lire nos exp\u00e9riences !","og_url":"https:\/\/multihoster.org\/fr\/filesmonster\/","og_site_name":"Multihoster.org","article_modified_time":"2020-12-14T18:53:40+00:00","og_image":[{"url":"https:\/\/lh4.googleusercontent.com\/mVWw15q9QtKDEJl6FY8p7PpoGD8y25cfV1zvM8rwNmbdQ1_g3JR0-LND1TBArjU2VehVrsqaTU1WmepskQnN-N6W0DPIr9lqtZkmPkWw7-dRzoPOCHRGXwpTURs7h7is9TTHoi4"}],"twitter_card":"summary","twitter_misc":{"Dur\u00e9e de lecture estim\u00e9e":"10 minutes"},"schema":{"@context":"https:\/\/schema.org","@graph":[{"@type":"WebSite","@id":"https:\/\/multihoster.org\/#website","url":"https:\/\/multihoster.org\/","name":"Multihoster.org","description":"Reviews of the major Filehosting services","potentialAction":[{"@type":"SearchAction","target":{"@type":"EntryPoint","urlTemplate":"https:\/\/multihoster.org\/?s={search_term_string}"},"query-input":"required name=search_term_string"}],"inLanguage":"fr-FR"},{"@type":"ImageObject","@id":"https:\/\/multihoster.org\/fr\/filesmonster\/#primaryimage","inLanguage":"fr-FR","url":"https:\/\/lh4.googleusercontent.com\/mVWw15q9QtKDEJl6FY8p7PpoGD8y25cfV1zvM8rwNmbdQ1_g3JR0-LND1TBArjU2VehVrsqaTU1WmepskQnN-N6W0DPIr9lqtZkmPkWw7-dRzoPOCHRGXwpTURs7h7is9TTHoi4","contentUrl":"https:\/\/lh4.googleusercontent.com\/mVWw15q9QtKDEJl6FY8p7PpoGD8y25cfV1zvM8rwNmbdQ1_g3JR0-LND1TBArjU2VehVrsqaTU1WmepskQnN-N6W0DPIr9lqtZkmPkWw7-dRzoPOCHRGXwpTURs7h7is9TTHoi4"},{"@type":"WebPage","@id":"https:\/\/multihoster.org\/fr\/filesmonster\/#webpage","url":"https:\/\/multihoster.org\/fr\/filesmonster\/","name":"FilesMonster Premium Compte: Le Filehoster En Un Coup D'\u0153il","isPartOf":{"@id":"https:\/\/multihoster.org\/#website"},"primaryImageOfPage":{"@id":"https:\/\/multihoster.org\/fr\/filesmonster\/#primaryimage"},"datePublished":"2020-04-16T15:50:54+00:00","dateModified":"2020-12-14T18:53:40+00:00","description":"Que FilesMonster soit un fournisseur r\u00e9put\u00e9 ou non, vous pouvez trouver la r\u00e9ponse dans le test actuel sur Multihoster.org \u279c Cliquez maintenant sur \u271a pour lire nos exp\u00e9riences !","breadcrumb":{"@id":"https:\/\/multihoster.org\/fr\/filesmonster\/#breadcrumb"},"inLanguage":"fr-FR","potentialAction":[{"@type":"ReadAction","target":["https:\/\/multihoster.org\/fr\/filesmonster\/"]}]},{"@type":"BreadcrumbList","@id":"https:\/\/multihoster.org\/fr\/filesmonster\/#breadcrumb","itemListElement":[{"@type":"ListItem","position":1,"name":"Startseite","item":"https:\/\/multihoster.org\/fr\/"},{"@type":"ListItem","position":2,"name":"FilesMonster Premium Compte: Le Filehoster En Un Coup D&rsquo;\u0153il"}]}]}},"_links":{"self":[{"href":"https:\/\/multihoster.org\/fr\/wp-json\/wp\/v2\/pages\/3854"}],"collection":[{"href":"https:\/\/multihoster.org\/fr\/wp-json\/wp\/v2\/pages"}],"about":[{"href":"https:\/\/multihoster.org\/fr\/wp-json\/wp\/v2\/types\/page"}],"author":[{"embeddable":true,"href":"https:\/\/multihoster.org\/fr\/wp-json\/wp\/v2\/users\/2"}],"replies":[{"embeddable":true,"href":"https:\/\/multihoster.org\/fr\/wp-json\/wp\/v2\/comments?post=3854"}],"version-history":[{"count":4,"href":"https:\/\/multihoster.org\/fr\/wp-json\/wp\/v2\/pages\/3854\/revisions"}],"predecessor-version":[{"id":5477,"href":"https:\/\/multihoster.org\/fr\/wp-json\/wp\/v2\/pages\/3854\/revisions\/5477"}],"wp:attachment":[{"href":"https:\/\/multihoster.org\/fr\/wp-json\/wp\/v2\/media?parent=3854"}],"curies":[{"name":"wp","href":"https:\/\/api.w.org\/{rel}","templated":true}]}}