{"id":392,"date":"2018-05-22T16:46:10","date_gmt":"2018-05-22T16:46:10","guid":{"rendered":"https:\/\/multihoster.org\/?page_id=392"},"modified":"2018-09-11T06:18:53","modified_gmt":"2018-09-11T06:18:53","slug":"filefactory","status":"publish","type":"page","link":"https:\/\/multihoster.org\/fr\/filefactory\/","title":{"rendered":"Filefactory Premium Debrideur &#8211; L&rsquo;h\u00e9bergeur de fichiers en un coup d&rsquo;\u0153il"},"content":{"rendered":"<p><span lang=\"de\"><img loading=\"lazy\" class=\"alignleft wp-image-240 size-medium\" src=\"https:\/\/multihoster.org\/wp-content\/uploads\/2018\/05\/filefactory_logo-300x86.jpg\" alt=\"logo\" width=\"300\" height=\"86\" srcset=\"https:\/\/multihoster.org\/wp-content\/uploads\/2018\/05\/filefactory_logo-300x86.jpg 300w, https:\/\/multihoster.org\/wp-content\/uploads\/2018\/05\/filefactory_logo.jpg 365w\" sizes=\"(max-width: 300px) 100vw, 300px\" \/><\/span><\/p>\n<p>Sur le site Web de Filefactory, les utilisateurs peuvent \u00e0 la fois t\u00e9l\u00e9charger des fichiers et t\u00e9l\u00e9charger des donn\u00e9es d&rsquo;autres utilisateurs. En plus de la version premium, qui offre une vitesse de t\u00e9l\u00e9chargement illimit\u00e9e, Filefactory offre \u00e9galement une gamme limit\u00e9e de services gratuits et est l&rsquo;un des principaux h\u00e9bergeurs de fichiers depuis 2005.<\/p>\n\n<p><a class=\"fasc-button fasc-size-xlarge fasc-type-glossy fasc-rounded-medium ico-fa fasc-ico-after fa-share\" style=\"background-color: #3f5f69; color: #ffffff;\" target=\"_blank\" rel=\"nofollow\" href=\"https:\/\/multihoster.org\/filefactory\/goto\/\">Allez sur FileFactory.com<\/a><\/p>\n<p>&nbsp;<\/p>\n<h2 class=\"normal\"><span lang=\"de\">Caract\u00e9ristiques positives du fournisseur<br \/>\n<\/span><\/h2>\n<ul>\n<li>Utilisation gratuite et compte Premium<\/li>\n<li>Partage de donn\u00e9es via un compte de m\u00e9dias sociaux<\/li>\n<li>Jusqu&rsquo;\u00e0 5 Go par t\u00e9l\u00e9chargement<\/li>\n<li>Vitesse maximale avec le compte Premium<\/li>\n<li>Abonnement annuel bon march\u00e9 disponible<\/li>\n<\/ul>\n<h2><span lang=\"de\">L&rsquo;offre compl\u00e8te de Filefactory en un coup d&rsquo;\u0153il<br \/>\n<\/span><\/h2>\n<p class=\"normal\"><span lang=\"de\">Si vous voulez d&rsquo;abord essayer le service Filefactory, vous pouvez cr\u00e9er un compte gratuit ou vous connecter via Facebook, Twitter et Google. La vitesse de t\u00e9l\u00e9chargement et le nombre de t\u00e9l\u00e9chargements disponibles par heure ou par jour peuvent \u00eatre limit\u00e9s.<\/span><\/p>\n<p>Si vous voulez t\u00e9l\u00e9charger ou t\u00e9l\u00e9charger des fichiers depuis Filefactory avec une vitesse illimit\u00e9e toute la journ\u00e9e, vous pouvez utiliser le service premium bon march\u00e9. Quatre tarifs sont disponibles ici, chacun d&rsquo;une dur\u00e9e de 30 jours, 90 jours et 180 ou 365 jours. En plus d&rsquo;une vitesse et d&rsquo;un volume de donn\u00e9es illimit\u00e9s, Premium Service vous offre des avantages suppl\u00e9mentaires.<\/p>\n<h2><span lang=\"de\">Offres de bonus<br \/>\n<\/span><\/h2>\n<p class=\"normal\"><span lang=\"de\">Une offre de bonus int\u00e9ressante est le bonus que vous recevez pour recommander Filefactory. Si vous aimez le service haut de gamme du prestataire, vous pouvez facilement le recommander aux membres de votre famille et \u00e0 vos amis et connaissances, ce qui vous donne une commission attrayante.<\/span><\/p>\n<h2><span lang=\"de\">Co\u00fbts et options de paiement<br \/>\n<\/span><\/h2>\n<p><img loading=\"lazy\" class=\"aligncenter wp-image-243 size-full\" src=\"https:\/\/multihoster.org\/wp-content\/uploads\/2018\/05\/prices.jpg\" alt=\"tarifs\" width=\"1442\" height=\"738\" srcset=\"https:\/\/multihoster.org\/wp-content\/uploads\/2018\/05\/prices.jpg 1442w, https:\/\/multihoster.org\/wp-content\/uploads\/2018\/05\/prices-300x154.jpg 300w, https:\/\/multihoster.org\/wp-content\/uploads\/2018\/05\/prices-768x393.jpg 768w, https:\/\/multihoster.org\/wp-content\/uploads\/2018\/05\/prices-1024x524.jpg 1024w\" sizes=\"(max-width: 1442px) 100vw, 1442px\" \/><\/p>\n<p class=\"normal\"><span lang=\"de\">L&rsquo;abonnement de 30 jours est disponible pour 13 $, si vous choisissez la version 90 jours, le co\u00fbt mensuel est de 12 $. Avec les abonnements de 180 jours, vous obtenez le prix d&rsquo;\u00e9pargne de 10 euros et avec l&rsquo;abonnement annuel, le prix tombe \u00e0 seulement 8 euros par mois. En plus de l&rsquo;abonnement, il est \u00e9galement possible d&rsquo;acheter un paquet de donn\u00e9es unique pour augmenter le volume disponible de donn\u00e9es de partage de trafic, qui peut \u00eatre de 2, 5, 10 ou 20 t\u00e9raoctets.<\/span><\/p>\n\n<table id=\"tablepress-21\" class=\"tablepress tablepress-id-21\">\n<thead>\n<tr class=\"row-1 odd\">\n\t<th class=\"column-1\">$13<\/th><th class=\"column-2\">$35<\/th><th class=\"column-3\">$59<\/th><th class=\"column-4\">$94<\/th>\n<\/tr>\n<\/thead>\n<tbody class=\"row-hover\">\n<tr class=\"row-2 even\">\n\t<td class=\"column-1\">30 jours<\/td><td class=\"column-2\">390 jours<\/td><td class=\"column-3\">180 jours<\/td><td class=\"column-4\">365 jours<\/td>\n<\/tr>\n<tr class=\"row-3 odd\">\n\t<td class=\"column-1\">Illimit\u00e9<\/td><td class=\"column-2\">Illimit\u00e9<\/td><td class=\"column-3\">Illimit\u00e9<\/td><td class=\"column-4\">Illimit\u00e9<\/td>\n<\/tr>\n<tr class=\"row-4 even\">\n\t<td class=\"column-1\">T\u00e9l\u00e9chargements illimit\u00e9s<\/td><td class=\"column-2\">T\u00e9l\u00e9chargements illimit\u00e9s<\/td><td class=\"column-3\">T\u00e9l\u00e9chargements illimit\u00e9s<\/td><td class=\"column-4\">T\u00e9l\u00e9chargements illimit\u00e9s<\/td>\n<\/tr>\n<tr class=\"row-5 odd\">\n\t<td class=\"column-1\">Pas de pop-ups<\/td><td class=\"column-2\">Pas de pop-ups<\/td><td class=\"column-3\">Pas de pop-ups<\/td><td class=\"column-4\">Pas de pop-ups<\/td>\n<\/tr>\n<tr class=\"row-6 even\">\n\t<td class=\"column-1\">13 dollars par mois<\/td><td class=\"column-2\">12 dollars par mois<\/td><td class=\"column-3\">10 dollars par mois<\/td><td class=\"column-4\">8 dollars par mois<\/td>\n<\/tr>\n<\/tbody>\n<\/table>\n<!-- #tablepress-21 from cache -->\n<p class=\"normal\"><span lang=\"de\">En ce qui concerne les options de paiement, vous avez besoin d&rsquo;une carte de cr\u00e9dit valide pour acheter un produit chez Filefactory. Il peut s&rsquo;agir d&rsquo;une carte VISA, d&rsquo;une Mastercard ou de la carte American Express. La carte de cr\u00e9dit est d\u00e9pos\u00e9e sur votre compte et utilis\u00e9e par le fournisseur pour un paiement ult\u00e9rieur, et le paiement par carte de cr\u00e9dit garantit que le processus de paiement \u00e0 Filefactory est s\u00fbr, rapide et simple.<\/span><\/p>\n<p class=\"normal\"><span lang=\"de\">S&rsquo;il ne devrait pas \u00eatre possible de payer avec le mode de paiement d\u00e9sir\u00e9 le tarif avec Filefactory, vous pouvez vous rabattre sur la possibilit\u00e9, le produit avec un <a href=\"https:\/\/filesharingshop.com\/filefactory-premium-key-reseller.html\" target=\"_blank\" rel=\"noopener\">Revendeur de Filefactory<\/a> \u00e0 vendre.<\/span><\/p>\n<p>&nbsp;<\/p>\n<p><a class=\"fasc-button fasc-size-xlarge fasc-type-glossy fasc-rounded-medium ico-fa fasc-ico-after fa-share\" style=\"background-color: #3f5f69; color: #ffffff;\" target=\"_blank\" rel=\"nofollow\" href=\"https:\/\/multihoster.org\/filefactory\/goto\/\">Allez sur FileFactory.com<\/a><\/p>\n<h2><span lang=\"de\">Avis de confidentialit\u00e9 et protection des donn\u00e9es<br \/>\n<\/span><\/h2>\n<p class=\"normal\"><span lang=\"de\">Lors de la recherche d&rsquo;un h\u00e9bergeur de fichiers appropri\u00e9, les utilisateurs recherchent naturellement le plus haut niveau de s\u00e9curit\u00e9. C&rsquo;est pourquoi de nombreuses parties int\u00e9ress\u00e9es se demandent si le t\u00e9l\u00e9chargement et le chargement des donn\u00e9es \u00e0 Filefactory sont s\u00e9curis\u00e9s. Nous avons examin\u00e9 de plus pr\u00e8s le fournisseur pour vous et sommes arriv\u00e9s \u00e0 la conclusion que vos donn\u00e9es sont s\u00e9curis\u00e9es et seront trait\u00e9es confidentiellement \u00e0 Filefactory.<br \/>\n<\/span><\/p>\n<p class=\"normal\"><span lang=\"de\">Filefactory garantit un traitement fiable des donn\u00e9es personnelles, qui est utilis\u00e9 pour informer les clients sur l&rsquo;entreprise, l&rsquo;offre et les actions des partenaires. Filefactory utilise vos donn\u00e9es financi\u00e8res exclusivement \u00e0 des fins de v\u00e9rification lors de l&rsquo;achat de produits et services et \u00e0 des fins de facturation. Les donn\u00e9es d\u00e9mographiques sont collect\u00e9es pour adapter le site et la facilit\u00e9 d&rsquo;utilisation \u00e0 l&rsquo;utilisateur.<br \/>\n<\/span><\/p>\n<p class=\"normal\"><span lang=\"de\">En principe, les donn\u00e9es personnelles ne sont transmises \u00e0 des tiers que si elles appartiennent aux partenaires de Filefactory et respectent les m\u00eames directives de protection des donn\u00e9es. Vos donn\u00e9es sont donc entre de bonnes mains non seulement avec Filefactory, mais aussi avec les partenaires commerciaux de l&rsquo;entreprise.<br \/>\n<\/span><\/p>\n<p class=\"normal\"><span lang=\"de\">Si vous souhaitez emp\u00eacher compl\u00e8tement le transfert de vos donn\u00e9es, vous pouvez faire une demande individuelle au fournisseur, mais cela peut se traduire par une plus petite s\u00e9lection de fonctionnalit\u00e9s.<br \/>\n<\/span><\/p>\n<h2><span lang=\"de\">Service apr\u00e8s-vente<br \/>\n<\/span><\/h2>\n<p class=\"normal\"><span lang=\"de\">Pour contacter le service client Filefactory, vous pouvez soit acc\u00e9der au forum d&rsquo;assistance dans la zone membre, soit \u00e9crire un email \u00e0 l&rsquo;assistance.<br \/>\n<\/span><\/p>\n<h2><span lang=\"de\">Convivialit\u00e9<br \/>\n<\/span><\/h2>\n<p><img loading=\"lazy\" class=\"aligncenter wp-image-242 size-full\" src=\"https:\/\/multihoster.org\/wp-content\/uploads\/2018\/05\/filefactory-options.jpg\" alt=\"avantages\" width=\"1519\" height=\"678\" srcset=\"https:\/\/multihoster.org\/wp-content\/uploads\/2018\/05\/filefactory-options.jpg 1519w, https:\/\/multihoster.org\/wp-content\/uploads\/2018\/05\/filefactory-options-300x134.jpg 300w, https:\/\/multihoster.org\/wp-content\/uploads\/2018\/05\/filefactory-options-768x343.jpg 768w, https:\/\/multihoster.org\/wp-content\/uploads\/2018\/05\/filefactory-options-1024x457.jpg 1024w\" sizes=\"(max-width: 1519px) 100vw, 1519px\" \/><\/p>\n<p>Le site Web est tr\u00e8s clairement agenc\u00e9, toutes les informations n\u00e9cessaires sont d\u00e9j\u00e0 visibles sur la page d&rsquo;accueil. En haut de la page d&rsquo;accueil, vous pouvez cr\u00e9er un compte gratuit et vous inscrire via les m\u00e9dias sociaux, de sorte que le processus d&rsquo;inscription ne prend que quelques secondes.<\/p>\n<p>Vous pouvez activer la bo\u00eete de fichiers, \u00e9changer un bon d&rsquo;achat ou connecter votre compte \u00e0 l&rsquo;un de vos comptes de m\u00e9dias sociaux.<\/p>\n<p>En outre, l&rsquo;option Partage du trafic est disponible et les notifications possibles sont \u00e9galement affich\u00e9es dans le r\u00e9sum\u00e9 du compte.<\/p>\n<p>L&rsquo;activation de la Filebox permet \u00e0 d&rsquo;autres utilisateurs de t\u00e9l\u00e9charger des fichiers sur votre compte. Si d\u00e9sir\u00e9, une coche peut \u00eatre utilis\u00e9e pour d\u00e9cider si chaque utilisateur peut t\u00e9l\u00e9charger des fichiers ou seulement les utilisateurs qui ont le mot de passe n\u00e9cessaire. Vous pouvez concevoir l&rsquo;URL individuellement dans ce contexte.<\/p>\n<p>L&rsquo;option Partager le trafic vous permet de rendre vos donn\u00e9es disponibles pour le t\u00e9l\u00e9chargement par d&rsquo;autres utilisateurs, et vous permet \u00e0 nouveau de configurer la protection par mot de passe pour que seuls certains utilisateurs aient acc\u00e8s \u00e0 vos fichiers.<\/p>\n<p>Si vous voulez t\u00e9l\u00e9charger des fichiers vous-m\u00eame, il y a trois fa\u00e7ons diff\u00e9rentes de le faire : vous pouvez faire un t\u00e9l\u00e9chargement local \u00e0 partir de votre ordinateur. La taille maximale par fichier et t\u00e9l\u00e9chargement est de 5 Go, ce qui facilite le t\u00e9l\u00e9chargement de fichiers volumineux en une seule fois.<\/p>\n<p>Pour tous ceux qui recherchent certaines donn\u00e9es \u00e0 Filefactory, la fonction de recherche est recommand\u00e9e. Ici, vous pouvez sp\u00e9cifier ce que vous recherchez et obtenir, tant que d&rsquo;autres utilisateurs ont les fichiers d\u00e9sir\u00e9s et les ont partag\u00e9s pour vous, l&rsquo;acc\u00e8s \u00e0 un grand nombre de paquets de donn\u00e9es. La fonction de recherche vous permet de rechercher dans tous les fichiers ou de rechercher uniquement des fichiers sp\u00e9cifiques dans six cat\u00e9gories &#8211; fichiers audio, fichiers vid\u00e9o, images, programmes, documents et archives.<\/p>\n<h2><span lang=\"de\">Les avantages d&rsquo;un compte premium avec Filefactory<br \/>\n<\/span><\/h2>\n<p class=\"normal\"><span lang=\"de\">Un compte Premium chez Filefactory vous offre une multitude de fonctionnalit\u00e9s qui ne sont pas ou seulement dans une certaine mesure disponibles avec le compte gratuit. Alors que la vitesse de t\u00e9l\u00e9chargement est limit\u00e9e pour les utilisateurs anonymes et les membres normaux, en tant que membre premium, vous avez une vitesse illimit\u00e9e. De plus, contrairement \u00e0 l&rsquo;adh\u00e9sion gratuite avec le Compte Premium, vous pouvez effectuer un nombre infini de t\u00e9l\u00e9chargements en m\u00eame temps.<\/span><\/p>\n<p class=\"normal\"><span lang=\"de\">Alors que les fichiers ne sont stock\u00e9s que pendant 90 jours avec le compte gratuit, les membres Premium peuvent avoir leurs fichiers stock\u00e9s pour une p\u00e9riode illimit\u00e9e. En outre, il y a une limitation horaire ainsi que des p\u00e9riodes d&rsquo;attente possibles avec les membres qui ne sont pas tenus de payer les frais d&rsquo;adh\u00e9sion, alors que ni une p\u00e9riode d&rsquo;attente ni une limitation de t\u00e9l\u00e9chargement ne sont \u00e0 pr\u00e9voir avec le compte Premium.<\/span><\/p>\n<p class=\"normal\"><span lang=\"de\">Si vous choisissez un compte Premium, vous b\u00e9n\u00e9ficiez \u00e9galement de la poursuite automatique des t\u00e9l\u00e9chargements et la plupart des gestionnaires de t\u00e9l\u00e9chargements ne peuvent \u00eatre utilis\u00e9s qu&rsquo;avec le compte Premium.<br \/>\n<\/span><\/p>\n<p class=\"normal\"><span lang=\"de\">Le compte premium est exempt de publicit\u00e9 et vous permet d&rsquo;envoyer des fichiers de liens et de les t\u00e9l\u00e9charger via FTP.<br \/>\n<\/span><\/p>\n<h2><span lang=\"de\">Notre conclusion sur le fournisseur Fichierfactory<br \/>\n<\/span><\/h2>\n<p class=\"normal\"><span lang=\"de\">Enfin, on peut dire que le fournisseur Filefactory satisfait pleinement \u00e0 nos exigences en mati\u00e8re de protection de la vie priv\u00e9e et des donn\u00e9es, tant vous en tant qu&rsquo;utilisateur que vos donn\u00e9es sont en s\u00e9curit\u00e9 avec Filefactory.<br \/>\n<\/span><\/p>\n<p class=\"normal\"><span lang=\"de\">De plus, les membres sans compte Premium ont acc\u00e8s \u00e0 un grand nombre de donn\u00e9es. Les membres Premium peuvent utiliser le service Filefactory sans restriction et ainsi mettre un grand nombre de fichiers \u00e0 la disposition du grand public ainsi que t\u00e9l\u00e9charger des paquets de donn\u00e9es de valeur d&rsquo;autres utilisateurs. Le site est con\u00e7u pour vous permettre de naviguer facilement vers la destination de votre choix, et les principes d&rsquo;utilisation \u00e9quitable et les lignes directrices contre l&rsquo;exploitation des enfants sont louables.<br \/>\n<\/span><\/p>\n<p class=\"normal\"><span lang=\"de\">Utilisez simplement l&rsquo;offre d&rsquo;adh\u00e9sion gratuite de Filefactory pour vous convaincre de la vari\u00e9t\u00e9 des possibilit\u00e9s. Si vous le souhaitez, vous pouvez facilement et en toute s\u00e9curit\u00e9 mettre \u00e0 niveau votre abonnement gratuit avec Filefactory vers un compte Premium en quelques minutes en d\u00e9posant une carte de cr\u00e9dit.<\/span><\/p>\n<p><a class=\"fasc-button fasc-size-xlarge fasc-type-glossy fasc-rounded-medium ico-fa fasc-ico-after fa-share\" style=\"background-color: #3f5f69; color: #ffffff;\" target=\"_blank\" rel=\"nofollow\" href=\"https:\/\/multihoster.org\/filefactory\/goto\/\">Allez sur FileFactory.com<\/a><\/p>\n","protected":false},"excerpt":{"rendered":"<p>Sur le site Web de Filefactory, les utilisateurs peuvent \u00e0 la fois t\u00e9l\u00e9charger des fichiers et t\u00e9l\u00e9charger des donn\u00e9es d&rsquo;autres<\/p>\n","protected":false},"author":2,"featured_media":0,"parent":0,"menu_order":0,"comment_status":"closed","ping_status":"closed","template":"","meta":[],"yoast_head":"<!-- This site is optimized with the Yoast SEO plugin v18.3 - https:\/\/yoast.com\/wordpress\/plugins\/seo\/ -->\n<title>lll\u25b7 Filefactory Premium Account s\u00e9rieux ou non +++++ Test sur Multihoster.org<\/title>\n<meta name=\"description\" content=\"Si Filefactory est un fournisseur de bonne r\u00e9putation ou non, vous pouvez trouver la r\u00e9ponse dans le test actuel sur Multihoster.org \u279c Cliquez maintenant sur \u271a pour lire nos exp\u00e9riences !\" \/>\n<meta name=\"robots\" content=\"index, follow, max-snippet:-1, max-image-preview:large, max-video-preview:-1\" \/>\n<link rel=\"canonical\" href=\"https:\/\/multihoster.org\/fr\/filefactory\/\" \/>\n<meta property=\"og:locale\" content=\"fr_FR\" \/>\n<meta property=\"og:type\" content=\"article\" \/>\n<meta property=\"og:title\" content=\"lll\u25b7 Filefactory Premium Account s\u00e9rieux ou non +++++ Test sur Multihoster.org\" \/>\n<meta property=\"og:description\" content=\"Si Filefactory est un fournisseur de bonne r\u00e9putation ou non, vous pouvez trouver la r\u00e9ponse dans le test actuel sur Multihoster.org \u279c Cliquez maintenant sur \u271a pour lire nos exp\u00e9riences !\" \/>\n<meta property=\"og:url\" content=\"https:\/\/multihoster.org\/fr\/filefactory\/\" \/>\n<meta property=\"og:site_name\" content=\"Multihoster.org\" \/>\n<meta property=\"article:modified_time\" content=\"2018-09-11T06:18:53+00:00\" \/>\n<meta property=\"og:image\" content=\"https:\/\/multihoster.org\/wp-content\/uploads\/2018\/05\/filefactory_logo-300x86.jpg\" \/>\n<meta name=\"twitter:card\" content=\"summary\" \/>\n<meta name=\"twitter:label1\" content=\"Dur\u00e9e de lecture estim\u00e9e\" \/>\n\t<meta name=\"twitter:data1\" content=\"8 minutes\" \/>\n<script type=\"application\/ld+json\" class=\"yoast-schema-graph\">{\"@context\":\"https:\/\/schema.org\",\"@graph\":[{\"@type\":\"WebSite\",\"@id\":\"https:\/\/multihoster.org\/#website\",\"url\":\"https:\/\/multihoster.org\/\",\"name\":\"Multihoster.org\",\"description\":\"Reviews of the major Filehosting services\",\"potentialAction\":[{\"@type\":\"SearchAction\",\"target\":{\"@type\":\"EntryPoint\",\"urlTemplate\":\"https:\/\/multihoster.org\/?s={search_term_string}\"},\"query-input\":\"required name=search_term_string\"}],\"inLanguage\":\"fr-FR\"},{\"@type\":\"ImageObject\",\"@id\":\"https:\/\/multihoster.org\/fr\/filefactory\/#primaryimage\",\"inLanguage\":\"fr-FR\",\"url\":\"https:\/\/multihoster.org\/wp-content\/uploads\/2018\/05\/filefactory_logo.jpg\",\"contentUrl\":\"https:\/\/multihoster.org\/wp-content\/uploads\/2018\/05\/filefactory_logo.jpg\",\"width\":365,\"height\":105},{\"@type\":\"WebPage\",\"@id\":\"https:\/\/multihoster.org\/fr\/filefactory\/#webpage\",\"url\":\"https:\/\/multihoster.org\/fr\/filefactory\/\",\"name\":\"lll\u25b7 Filefactory Premium Account s\u00e9rieux ou non +++++ Test sur Multihoster.org\",\"isPartOf\":{\"@id\":\"https:\/\/multihoster.org\/#website\"},\"primaryImageOfPage\":{\"@id\":\"https:\/\/multihoster.org\/fr\/filefactory\/#primaryimage\"},\"datePublished\":\"2018-05-22T16:46:10+00:00\",\"dateModified\":\"2018-09-11T06:18:53+00:00\",\"description\":\"Si Filefactory est un fournisseur de bonne r\u00e9putation ou non, vous pouvez trouver la r\u00e9ponse dans le test actuel sur Multihoster.org \u279c Cliquez maintenant sur \u271a pour lire nos exp\u00e9riences !\",\"breadcrumb\":{\"@id\":\"https:\/\/multihoster.org\/fr\/filefactory\/#breadcrumb\"},\"inLanguage\":\"fr-FR\",\"potentialAction\":[{\"@type\":\"ReadAction\",\"target\":[\"https:\/\/multihoster.org\/fr\/filefactory\/\"]}]},{\"@type\":\"BreadcrumbList\",\"@id\":\"https:\/\/multihoster.org\/fr\/filefactory\/#breadcrumb\",\"itemListElement\":[{\"@type\":\"ListItem\",\"position\":1,\"name\":\"Startseite\",\"item\":\"https:\/\/multihoster.org\/fr\/\"},{\"@type\":\"ListItem\",\"position\":2,\"name\":\"Filefactory Premium Debrideur &#8211; L&rsquo;h\u00e9bergeur de fichiers en un coup d&rsquo;\u0153il\"}]}]}<\/script>\n<!-- \/ Yoast SEO plugin. -->","yoast_head_json":{"title":"lll\u25b7 Filefactory Premium Account s\u00e9rieux ou non +++++ Test sur Multihoster.org","description":"Si Filefactory est un fournisseur de bonne r\u00e9putation ou non, vous pouvez trouver la r\u00e9ponse dans le test actuel sur Multihoster.org \u279c Cliquez maintenant sur \u271a pour lire nos exp\u00e9riences !","robots":{"index":"index","follow":"follow","max-snippet":"max-snippet:-1","max-image-preview":"max-image-preview:large","max-video-preview":"max-video-preview:-1"},"canonical":"https:\/\/multihoster.org\/fr\/filefactory\/","og_locale":"fr_FR","og_type":"article","og_title":"lll\u25b7 Filefactory Premium Account s\u00e9rieux ou non +++++ Test sur Multihoster.org","og_description":"Si Filefactory est un fournisseur de bonne r\u00e9putation ou non, vous pouvez trouver la r\u00e9ponse dans le test actuel sur Multihoster.org \u279c Cliquez maintenant sur \u271a pour lire nos exp\u00e9riences !","og_url":"https:\/\/multihoster.org\/fr\/filefactory\/","og_site_name":"Multihoster.org","article_modified_time":"2018-09-11T06:18:53+00:00","og_image":[{"url":"https:\/\/multihoster.org\/wp-content\/uploads\/2018\/05\/filefactory_logo-300x86.jpg"}],"twitter_card":"summary","twitter_misc":{"Dur\u00e9e de lecture estim\u00e9e":"8 minutes"},"schema":{"@context":"https:\/\/schema.org","@graph":[{"@type":"WebSite","@id":"https:\/\/multihoster.org\/#website","url":"https:\/\/multihoster.org\/","name":"Multihoster.org","description":"Reviews of the major Filehosting services","potentialAction":[{"@type":"SearchAction","target":{"@type":"EntryPoint","urlTemplate":"https:\/\/multihoster.org\/?s={search_term_string}"},"query-input":"required name=search_term_string"}],"inLanguage":"fr-FR"},{"@type":"ImageObject","@id":"https:\/\/multihoster.org\/fr\/filefactory\/#primaryimage","inLanguage":"fr-FR","url":"https:\/\/multihoster.org\/wp-content\/uploads\/2018\/05\/filefactory_logo.jpg","contentUrl":"https:\/\/multihoster.org\/wp-content\/uploads\/2018\/05\/filefactory_logo.jpg","width":365,"height":105},{"@type":"WebPage","@id":"https:\/\/multihoster.org\/fr\/filefactory\/#webpage","url":"https:\/\/multihoster.org\/fr\/filefactory\/","name":"lll\u25b7 Filefactory Premium Account s\u00e9rieux ou non +++++ Test sur Multihoster.org","isPartOf":{"@id":"https:\/\/multihoster.org\/#website"},"primaryImageOfPage":{"@id":"https:\/\/multihoster.org\/fr\/filefactory\/#primaryimage"},"datePublished":"2018-05-22T16:46:10+00:00","dateModified":"2018-09-11T06:18:53+00:00","description":"Si Filefactory est un fournisseur de bonne r\u00e9putation ou non, vous pouvez trouver la r\u00e9ponse dans le test actuel sur Multihoster.org \u279c Cliquez maintenant sur \u271a pour lire nos exp\u00e9riences !","breadcrumb":{"@id":"https:\/\/multihoster.org\/fr\/filefactory\/#breadcrumb"},"inLanguage":"fr-FR","potentialAction":[{"@type":"ReadAction","target":["https:\/\/multihoster.org\/fr\/filefactory\/"]}]},{"@type":"BreadcrumbList","@id":"https:\/\/multihoster.org\/fr\/filefactory\/#breadcrumb","itemListElement":[{"@type":"ListItem","position":1,"name":"Startseite","item":"https:\/\/multihoster.org\/fr\/"},{"@type":"ListItem","position":2,"name":"Filefactory Premium Debrideur &#8211; L&rsquo;h\u00e9bergeur de fichiers en un coup d&rsquo;\u0153il"}]}]}},"_links":{"self":[{"href":"https:\/\/multihoster.org\/fr\/wp-json\/wp\/v2\/pages\/392"}],"collection":[{"href":"https:\/\/multihoster.org\/fr\/wp-json\/wp\/v2\/pages"}],"about":[{"href":"https:\/\/multihoster.org\/fr\/wp-json\/wp\/v2\/types\/page"}],"author":[{"embeddable":true,"href":"https:\/\/multihoster.org\/fr\/wp-json\/wp\/v2\/users\/2"}],"replies":[{"embeddable":true,"href":"https:\/\/multihoster.org\/fr\/wp-json\/wp\/v2\/comments?post=392"}],"version-history":[{"count":8,"href":"https:\/\/multihoster.org\/fr\/wp-json\/wp\/v2\/pages\/392\/revisions"}],"predecessor-version":[{"id":1340,"href":"https:\/\/multihoster.org\/fr\/wp-json\/wp\/v2\/pages\/392\/revisions\/1340"}],"wp:attachment":[{"href":"https:\/\/multihoster.org\/fr\/wp-json\/wp\/v2\/media?parent=392"}],"curies":[{"name":"wp","href":"https:\/\/api.w.org\/{rel}","templated":true}]}}