{"id":3933,"date":"2020-04-17T12:53:08","date_gmt":"2020-04-17T12:53:08","guid":{"rendered":"https:\/\/multihoster.org\/novamov\/"},"modified":"2020-04-22T15:18:41","modified_gmt":"2020-04-22T15:18:41","slug":"novamov","status":"publish","type":"page","link":"https:\/\/multihoster.org\/fr\/novamov\/","title":{"rendered":"Novamov Premium Compte: Le Filehoster En Un Coup D&rsquo;\u0153il"},"content":{"rendered":"\n<div class=\"wp-block-image\"><figure class=\"alignleft is-resized\"><img loading=\"lazy\" src=\"https:\/\/lh5.googleusercontent.com\/GEGPeWo_cWM4l1VHOyZGKI8iqjxPtmhqBonZwk9iL61NE2uaxrHmbfIXV7K51gYNic8K3vLA-auV1P1LvBH8gTHRgP6iYFCXEbf2phO325P-wCCXA7FH9fWrFrXH08HyES-oYE0g\" alt=\"Novamov official website\" width=\"297\" height=\"188\"\/><\/figure><\/div>\n\n\n\n<p>Novamov est l&rsquo;un des sites que les utilisateurs consultent pour visionner des vid\u00e9os en continu ou pour trouver un fichier. Les utilisateurs peuvent trouver des fichiers vid\u00e9o \u00e0 diffuser en continu ou \u00e0 regarder en ligne gratuitement, par exemple des flux de logiciels, de musique, de documentaires, de jeux ou de tout autre genre de films ou de vid\u00e9os. <\/p>\n\n\n\n<p>Le site Novamov est facile \u00e0 naviguer et il est accessible sur les navigateurs web des appareils des utilisateurs qui disposent d&rsquo;une connexion internet.<\/p>\n\n\n\n<p>De plus, Novamov dispose d&rsquo;une fonctionnalit\u00e9 pour le r\u00e9pertoire des fichiers qui est divis\u00e9 en six (6) cat\u00e9gories, ce sont les logiciels, la musique, les documents, les vid\u00e9os, les vid\u00e9os en streaming et les jeux. Les utilisateurs peuvent y rechercher un fichier en saisissant des mots ou des expressions dans le champ de recherche et en appuyant sur la touche \u00ab\u00a0Entr\u00e9e\u00a0\u00bb ou en cliquant sur le bouton \u00ab\u00a0Go\u00a0\u00bb pour effectuer la recherche.<\/p>\n\n\n\n<p>Les fichiers sur le site de Novamov dans la page de l&rsquo;annuaire sont tri\u00e9s comme suit :<\/p>\n\n\n\n<ul><li>Trier par ordre de r\u00e9cence des dossiers.<\/li><li>Triez les fichiers selon leur nom par ordre alphab\u00e9tique de A \u00e0 Z ou de Z \u00e0 A pour un ordre inverse.<\/li><li>Trier selon la taille des fichiers. (pour les fichiers de petite et grande taille)<\/li><\/ul>\n\n\n<a class=\"maxbutton-2 maxbutton maxbutton-cta\" target=\"_blank\" rel=\"nofollow noopener\" href=\"\/go\/\"><span class='mb-text'>&gt;&gt; Acc\u00e9der au site original de Linkifier<\/span><\/a>\n\n\n<p><\/p>\n\n\n\n<h2>Novamov Premium Compte<\/h2>\n\n\n\n<p>Novamov dispose de deux comptes qui sont le compte gratuit ou le compte premium. Les utilisateurs qui utilisent le compte gratuit ne peuvent acc\u00e9der qu&rsquo;\u00e0 des fonctions et services limit\u00e9s pour le streaming sur le site de Novamov, tandis que les utilisateurs qui se sont inscrits pour le compte premium ont un acc\u00e8s illimit\u00e9 pour tout. Veuillez voir ci-dessous l&rsquo;avantage d&rsquo;\u00eatre un utilisateur premium.<\/p>\n\n\n\n<h3>Les avantages du compte premium Novamov<\/h3>\n\n\n\n<ul><li>Il n&rsquo;y a pas de publicit\u00e9 ni de captures sur les pages web de leur site.<\/li><li>Les vid\u00e9os sont diffus\u00e9es en continu \u00e0 tr\u00e8s grande vitesse.<\/li><li>Les utilisateurs peuvent t\u00e9l\u00e9charger n&rsquo;importe quel fichier vid\u00e9o du site de Novamov en utilisant le gestionnaire de t\u00e9l\u00e9chargement de leur choix.<\/li><li>Les vid\u00e9os que les utilisateurs peuvent lire ou regarder sont en haute d\u00e9finition ou en qualit\u00e9 HD.<\/li><li>Les utilisateurs peuvent regarder ou diffuser en continu n&rsquo;importe quelle vid\u00e9o sans aucune limite.<\/li><li>Les utilisateurs peuvent avoir acc\u00e8s au r\u00e9pertoire des fichiers de Novamov.<\/li><\/ul>\n\n\n\n<h2>Novamov Video Downloader<\/h2>\n\n\n\n<p>Si les utilisateurs veulent t\u00e9l\u00e9charger une vid\u00e9o du site de Novamov, ils peuvent utiliser le \u00ab\u00a0Novamov Video Downloader\u00a0\u00bb. Pour savoir comment t\u00e9l\u00e9charger, il suffit de suivre les cinq (5) \u00e9tapes ci-dessous.<\/p>\n\n\n\n<p>1. Les utilisateurs doivent d&rsquo;abord t\u00e9l\u00e9charger et installer le \u00ab\u00a0Novamov Video Downloader\u00a0\u00bb. Ils peuvent rechercher ce logiciel par le biais de navigateurs web.<\/p>\n\n\n\n<p>2. Une fois que les utilisateurs ont t\u00e9l\u00e9charg\u00e9 et install\u00e9 le t\u00e9l\u00e9chargeur, ils peuvent maintenant se rendre sur le lien de la vid\u00e9o qu&rsquo;ils souhaitent t\u00e9l\u00e9charger.<\/p>\n\n\n\n<p>3. Ouvrez le t\u00e9l\u00e9chargeur de vid\u00e9os Novamov.<\/p>\n\n\n\n<p>4. La fen\u00eatre de connexion appara\u00eetra sur l&rsquo;\u00e9cran des utilisateurs. Ils doivent saisir le mot de passe correct pour acc\u00e9der au t\u00e9l\u00e9chargeur.<\/p>\n\n\n\n<p>5. Entrez \u00ab\u00a0admin\/user\u00a0\u00bb pour le mot de passe. <\/p>\n\n\n\n<p>6. Ensuite, il demandera un code que les utilisateurs pourront obtenir \u00e0 partir des toutes derni\u00e8res cha\u00eenes du lien de la vid\u00e9o. Veuillez vous r\u00e9f\u00e9rer \u00e0 l&rsquo;image ci-dessous pour l&rsquo;exemple. Copiez-le.<\/p>\n\n\n\n<figure class=\"wp-block-image\"><img src=\"https:\/\/lh4.googleusercontent.com\/_KDf_hoqc-1nGkhwvfXEE_sF9487xOwiOlqP3Qr_PK9mM13V9dVNmxam6C5OZgK6tmVwILC7ln2qRWOn9XpQtLFp_nBujGZTAswLP3VRtnD2m5ayfzUaF5dzYwIzhZ0Y7xHGGKLW\" alt=\"code link of the video file\"\/><\/figure>\n\n\n\n<p>7. Copiez-le et collez-le dans le champ \u00ab\u00a0Coller le code ici\u00a0\u00bb comme sur l&rsquo;image ci-dessous.<\/p>\n\n\n\n<p>8. Cliquez sur le \u00ab\u00a0Get Download Link\u00a0\u00bb pour obtenir le fichier vid\u00e9o par le biais du code.<\/p>\n\n\n\n<figure class=\"wp-block-image is-resized\"><img loading=\"lazy\" src=\"https:\/\/lh4.googleusercontent.com\/RvpR8C_uQY3pR0sRocdQYPzBROkiLXUfiRlfzfsgg4du7skfY_7X6EHSbH18JB7NRIjjX78yXSX_ct1qjjguyrWp_1l8xVgLHDb_mgiq8OjF2YlQMiJ5vC2kXOh6WYjiWwFg3CQY\" alt=\"Get the download link\" width=\"204\" height=\"113\"\/><\/figure>\n\n\n\n<p>9. Cliquez sur le lien \u00ab\u00a0Cliquez ici pour t\u00e9l\u00e9charger la vid\u00e9o\u00a0\u00bb. La vid\u00e9o commencera alors \u00e0 \u00eatre t\u00e9l\u00e9charg\u00e9e. Veuillez voir l&rsquo;image ci-dessous.<\/p>\n\n\n\n<figure class=\"wp-block-image is-resized\"><img loading=\"lazy\" src=\"https:\/\/lh6.googleusercontent.com\/5NOwK2jSWWgV5hVqk9p3RAjblqCX5mfImzd0d4uCCmce1nXjpPT3iBAJ57n9zxIcwasRhxkdXHx2yl9_Vmiqku2wDS-iVyINibd7Bc6sHBuyiDgZIXSvpZFzPGwJ8cLQGTHjErHO\" alt=\"Download the video file\" width=\"206\" height=\"115\"\/><\/figure>\n\n\n\n<p>10. La fen\u00eatre de t\u00e9l\u00e9chargement de fichiers appara\u00eet. Cliquez sur le bouton \u00ab\u00a0Enregistrer\u00a0\u00bb pour continuer le t\u00e9l\u00e9chargement.<\/p>\n\n\n\n<figure class=\"wp-block-image is-resized\"><img loading=\"lazy\" src=\"https:\/\/lh4.googleusercontent.com\/0hzF1tMyFK8VYx5sKPrF2bW3lVh7IOsfsqN7R_1JtRABtDXovPIde8ZTBf7FQcyQUnP14l-vTnhB6lz1thGZ4yC6QRe2sxX5nq3dOgdw8JfPWbGWJArKaq-GoMw8sVfewWR-hfUo\" alt=\"save the video\" width=\"208\" height=\"149\"\/><\/figure>\n\n\n\n<p>11. Enfin, attendez que le fichier vid\u00e9o soit compl\u00e8tement t\u00e9l\u00e9charg\u00e9.<\/p>\n\n\n\n<figure class=\"wp-block-image is-resized\"><img loading=\"lazy\" src=\"https:\/\/lh5.googleusercontent.com\/V0XJqir-GvdpSkBWIQZpwY6XxP8N1400lRn0ClNXS3DLMDZeynh-RUCV4Ix15JWp2h2PygWUwO-IK7iD72YKvk6j85jax5jNmwVYKm-NdGSaROL8oQU0-c11RBdBS0EIo2Yo7R_i\" alt=\"video is downloading\" width=\"203\" height=\"135\"\/><\/figure>\n\n\n\n<p>Les utilisateurs peuvent d\u00e9sormais t\u00e9l\u00e9charger les fichiers vid\u00e9o qu&rsquo;ils souhaitent \u00e0 tout moment gr\u00e2ce au logiciel de t\u00e9l\u00e9chargement vid\u00e9o de la Novamov.<\/p>\n\n\n<a class=\"maxbutton-2 maxbutton maxbutton-cta\" target=\"_blank\" rel=\"nofollow noopener\" href=\"\/go\/\"><span class='mb-text'>&gt;&gt; Acc\u00e9der au site original de Linkifier<\/span><\/a>\n\n\n<h2>Novamov : T\u00e9l\u00e9charger une vid\u00e9o<\/h2>\n\n\n\n<p>Si les utilisateurs souhaitent t\u00e9l\u00e9charger un fichier tel qu&rsquo;une vid\u00e9o, une image, un son et un flash, ils peuvent le faire gratuitement sur le site de Novamov. <\/p>\n\n\n\n<p>Pour t\u00e9l\u00e9charger, il suffit de suivre les six (6) \u00e9tapes simples ci-dessous :<\/p>\n\n\n\n<ol><li>Les utilisateurs doivent d&rsquo;abord se connecter au site de Novamov pour t\u00e9l\u00e9charger leurs fichiers. Ils doivent s&rsquo;inscrire s&rsquo;ils ne disposent pas encore d&rsquo;un compte.<\/li><li>Allez \u00e0 la page Upload du site et remplissez le formulaire qui s&rsquo;y trouve (voir l&rsquo;image ci-dessous)<\/li><li>Les utilisateurs doivent s\u00e9lectionner leur fichier en cliquant sur le bouton \u00ab\u00a0Choisir le fichier\u00a0\u00bb. Le r\u00e9pertoire de leur appareil appara\u00eetra pour qu&rsquo;ils puissent localiser le fichier. Ensuite, cliquez sur \u00ab\u00a0OK\u00a0\u00bb.<\/li><li>D\u00e9finissez le nom et la l\u00e9gende du fichier en remplissant les champs de titre et de description.<\/li><li>Choisissez la cat\u00e9gorie du fichier (logiciels, musique, vid\u00e9os en streaming, documentaires et jeux).<\/li><li>Cliquez sur le bouton \u00ab\u00a0T\u00e9l\u00e9charger\u00a0\u00bb pour lancer le processus de t\u00e9l\u00e9chargement. Ils doivent attendre que le t\u00e9l\u00e9chargement de leur fichier soit termin\u00e9.<\/li><\/ol>\n\n\n\n<p>Apr\u00e8s avoir t\u00e9l\u00e9charg\u00e9 le fichier, il sera enregistr\u00e9 dans la base de donn\u00e9es et le serveur de Novamov et sera affich\u00e9 sur le site.<\/p>\n\n\n\n<div class=\"wp-block-image\"><figure class=\"alignleft is-resized\"><img loading=\"lazy\" src=\"https:\/\/lh5.googleusercontent.com\/H9yYqkTQDUyuUqt6FnEiav9q6Ifz17QqOi1bX5ghL1Puur1MqNmv21ta68b3ZZkxaoQt3Dri9mVH5ujnVPX7DOtluJ3wJ7UcKJZg_ubufnzHzkLKNv6cbRrjLKWCEPqhlz4UTdjp\" alt=\"Novanov Upload\" width=\"185\" height=\"106\"\/><\/figure><\/div>\n\n\n\n<p>Souvenez-vous : Les utilisateurs de Novamov sont tenus de t\u00e9l\u00e9charger tout fichier ayant des droits d&rsquo;auteur ou ayant un rapport avec la pornographie, la violence, les questions sexuelles et offensantes. Ils ne sont pas non plus autoris\u00e9s \u00e0 utiliser la m\u00e9thode de hotlinking pour le t\u00e9l\u00e9chargement. Ils peuvent lire les conditions d&rsquo;utilisation (TOS) de Novamov pour en savoir plus \u00e0 ce sujet.<\/p>\n\n\n\n<h2>Novamov : Partager une vid\u00e9o<\/h2>\n\n\n\n<p>Si les utilisateurs veulent partager une vid\u00e9o du site de Novamov, ils peuvent cliquer sur le bouton \u00ab\u00a0Partager sur Facebook\u00a0\u00bb ou sur l&rsquo;ic\u00f4ne de partage elle-m\u00eame pour la partager sur n&rsquo;importe quel site de m\u00e9dia social ou email ou blogs ou vlogs ou sites de forum.<\/p>\n\n\n\n<h2>Novamov : Gagner de l&rsquo;argent<\/h2>\n\n\n\n<p>Novamov donne \u00e0 ses utilisateurs un moyen de gagner de l&rsquo;argent. Les utilisateurs peuvent recevoir jusqu&rsquo;\u00e0 vingt-cinq pour cent (25 %) pour chaque mille t\u00e9l\u00e9chargements de fichiers et jusqu&rsquo;\u00e0 trente pour cent (30 %) pour leurs revenus de parrainage.<\/p>\n\n\n\n<h2>Novamov : Acc\u00e8s au site<\/h2>\n\n\n\n<p>Si les utilisateurs essaient de visiter le site de Novamov maintenant et ne peuvent pas y acc\u00e9der, c&rsquo;est parce que le site de Novamov est hors service ou que leur site a \u00e9t\u00e9 d\u00e9tect\u00e9 comme ayant un contenu prot\u00e9g\u00e9 par des droits d&rsquo;auteur ou que leur domaine a \u00e9t\u00e9 suspendu par EuroDNS. Veuillez voir l&rsquo;image ci-dessous pour r\u00e9f\u00e9rence.<\/p>\n\n\n\n<p>Si les utilisateurs sont dirig\u00e9s vers le site EuroDNS avec le message \u00ab\u00a0Ce nom de domaine a \u00e9t\u00e9 suspendu\u00a0\u00bb, c&rsquo;est en raison de ce qui suit :<\/p>\n\n\n\n<ol><li>Le propri\u00e9taire du site a apport\u00e9 quelques modifications \u00e0 ses coordonn\u00e9es, comme son adresse \u00e9lectronique, mais il a n\u00e9glig\u00e9 de la valider.<\/li><li>Il n&rsquo;y a pas de paiement re\u00e7u pour l&rsquo;h\u00e9bergement du site.<\/li><li>Si le site web sur l&rsquo;h\u00e9bergement partag\u00e9 mais ses performances sont lentes ou tr\u00e8s faibles.<\/li><li>Si le site web viole des droits d&rsquo;auteur ou des politiques.<\/li><\/ol>\n\n\n<a class=\"maxbutton-2 maxbutton maxbutton-cta\" target=\"_blank\" rel=\"nofollow noopener\" href=\"\/go\/\"><span class='mb-text'>&gt;&gt; Acc\u00e9der au site original de Linkifier<\/span><\/a>","protected":false},"excerpt":{"rendered":"<p>Novamov est l&rsquo;un des sites que les utilisateurs consultent pour visionner des vid\u00e9os en continu ou pour trouver un fichier.<\/p>\n","protected":false},"author":2,"featured_media":0,"parent":0,"menu_order":0,"comment_status":"closed","ping_status":"closed","template":"","meta":[],"yoast_head":"<!-- This site is optimized with the Yoast SEO plugin v18.3 - https:\/\/yoast.com\/wordpress\/plugins\/seo\/ -->\n<title>Novamov Premium Compte \u2013 Le Filehoster En Un Coup D&#039;\u0153il<\/title>\n<meta name=\"description\" content=\"Que Novamov soit un fournisseur r\u00e9put\u00e9 ou non, vous pouvez trouver la r\u00e9ponse dans le test actuel sur Multihoster.org \u279c Cliquez maintenant sur \u271a pour lire nos exp\u00e9riences !\" \/>\n<meta name=\"robots\" content=\"index, follow, max-snippet:-1, max-image-preview:large, max-video-preview:-1\" \/>\n<link rel=\"canonical\" href=\"https:\/\/multihoster.org\/fr\/novamov\/\" \/>\n<meta property=\"og:locale\" content=\"fr_FR\" \/>\n<meta property=\"og:type\" content=\"article\" \/>\n<meta property=\"og:title\" content=\"Novamov Premium Compte \u2013 Le Filehoster En Un Coup D&#039;\u0153il\" \/>\n<meta property=\"og:description\" content=\"Que Novamov soit un fournisseur r\u00e9put\u00e9 ou non, vous pouvez trouver la r\u00e9ponse dans le test actuel sur Multihoster.org \u279c Cliquez maintenant sur \u271a pour lire nos exp\u00e9riences !\" \/>\n<meta property=\"og:url\" content=\"https:\/\/multihoster.org\/fr\/novamov\/\" \/>\n<meta property=\"og:site_name\" content=\"Multihoster.org\" \/>\n<meta property=\"article:modified_time\" content=\"2020-04-22T15:18:41+00:00\" \/>\n<meta property=\"og:image\" content=\"https:\/\/lh5.googleusercontent.com\/GEGPeWo_cWM4l1VHOyZGKI8iqjxPtmhqBonZwk9iL61NE2uaxrHmbfIXV7K51gYNic8K3vLA-auV1P1LvBH8gTHRgP6iYFCXEbf2phO325P-wCCXA7FH9fWrFrXH08HyES-oYE0g\" \/>\n<meta name=\"twitter:card\" content=\"summary\" \/>\n<meta name=\"twitter:label1\" content=\"Dur\u00e9e de lecture estim\u00e9e\" \/>\n\t<meta name=\"twitter:data1\" content=\"6 minutes\" \/>\n<script type=\"application\/ld+json\" class=\"yoast-schema-graph\">{\"@context\":\"https:\/\/schema.org\",\"@graph\":[{\"@type\":\"WebSite\",\"@id\":\"https:\/\/multihoster.org\/#website\",\"url\":\"https:\/\/multihoster.org\/\",\"name\":\"Multihoster.org\",\"description\":\"Reviews of the major Filehosting services\",\"potentialAction\":[{\"@type\":\"SearchAction\",\"target\":{\"@type\":\"EntryPoint\",\"urlTemplate\":\"https:\/\/multihoster.org\/?s={search_term_string}\"},\"query-input\":\"required name=search_term_string\"}],\"inLanguage\":\"fr-FR\"},{\"@type\":\"ImageObject\",\"@id\":\"https:\/\/multihoster.org\/fr\/novamov\/#primaryimage\",\"inLanguage\":\"fr-FR\",\"url\":\"https:\/\/lh5.googleusercontent.com\/GEGPeWo_cWM4l1VHOyZGKI8iqjxPtmhqBonZwk9iL61NE2uaxrHmbfIXV7K51gYNic8K3vLA-auV1P1LvBH8gTHRgP6iYFCXEbf2phO325P-wCCXA7FH9fWrFrXH08HyES-oYE0g\",\"contentUrl\":\"https:\/\/lh5.googleusercontent.com\/GEGPeWo_cWM4l1VHOyZGKI8iqjxPtmhqBonZwk9iL61NE2uaxrHmbfIXV7K51gYNic8K3vLA-auV1P1LvBH8gTHRgP6iYFCXEbf2phO325P-wCCXA7FH9fWrFrXH08HyES-oYE0g\"},{\"@type\":\"WebPage\",\"@id\":\"https:\/\/multihoster.org\/fr\/novamov\/#webpage\",\"url\":\"https:\/\/multihoster.org\/fr\/novamov\/\",\"name\":\"Novamov Premium Compte \u2013 Le Filehoster En Un Coup D'\u0153il\",\"isPartOf\":{\"@id\":\"https:\/\/multihoster.org\/#website\"},\"primaryImageOfPage\":{\"@id\":\"https:\/\/multihoster.org\/fr\/novamov\/#primaryimage\"},\"datePublished\":\"2020-04-17T12:53:08+00:00\",\"dateModified\":\"2020-04-22T15:18:41+00:00\",\"description\":\"Que Novamov soit un fournisseur r\u00e9put\u00e9 ou non, vous pouvez trouver la r\u00e9ponse dans le test actuel sur Multihoster.org \u279c Cliquez maintenant sur \u271a pour lire nos exp\u00e9riences !\",\"breadcrumb\":{\"@id\":\"https:\/\/multihoster.org\/fr\/novamov\/#breadcrumb\"},\"inLanguage\":\"fr-FR\",\"potentialAction\":[{\"@type\":\"ReadAction\",\"target\":[\"https:\/\/multihoster.org\/fr\/novamov\/\"]}]},{\"@type\":\"BreadcrumbList\",\"@id\":\"https:\/\/multihoster.org\/fr\/novamov\/#breadcrumb\",\"itemListElement\":[{\"@type\":\"ListItem\",\"position\":1,\"name\":\"Startseite\",\"item\":\"https:\/\/multihoster.org\/fr\/\"},{\"@type\":\"ListItem\",\"position\":2,\"name\":\"Novamov Premium Compte: Le Filehoster En Un Coup D&rsquo;\u0153il\"}]}]}<\/script>\n<!-- \/ Yoast SEO plugin. -->","yoast_head_json":{"title":"Novamov Premium Compte \u2013 Le Filehoster En Un Coup D'\u0153il","description":"Que Novamov soit un fournisseur r\u00e9put\u00e9 ou non, vous pouvez trouver la r\u00e9ponse dans le test actuel sur Multihoster.org \u279c Cliquez maintenant sur \u271a pour lire nos exp\u00e9riences !","robots":{"index":"index","follow":"follow","max-snippet":"max-snippet:-1","max-image-preview":"max-image-preview:large","max-video-preview":"max-video-preview:-1"},"canonical":"https:\/\/multihoster.org\/fr\/novamov\/","og_locale":"fr_FR","og_type":"article","og_title":"Novamov Premium Compte \u2013 Le Filehoster En Un Coup D'\u0153il","og_description":"Que Novamov soit un fournisseur r\u00e9put\u00e9 ou non, vous pouvez trouver la r\u00e9ponse dans le test actuel sur Multihoster.org \u279c Cliquez maintenant sur \u271a pour lire nos exp\u00e9riences !","og_url":"https:\/\/multihoster.org\/fr\/novamov\/","og_site_name":"Multihoster.org","article_modified_time":"2020-04-22T15:18:41+00:00","og_image":[{"url":"https:\/\/lh5.googleusercontent.com\/GEGPeWo_cWM4l1VHOyZGKI8iqjxPtmhqBonZwk9iL61NE2uaxrHmbfIXV7K51gYNic8K3vLA-auV1P1LvBH8gTHRgP6iYFCXEbf2phO325P-wCCXA7FH9fWrFrXH08HyES-oYE0g"}],"twitter_card":"summary","twitter_misc":{"Dur\u00e9e de lecture estim\u00e9e":"6 minutes"},"schema":{"@context":"https:\/\/schema.org","@graph":[{"@type":"WebSite","@id":"https:\/\/multihoster.org\/#website","url":"https:\/\/multihoster.org\/","name":"Multihoster.org","description":"Reviews of the major Filehosting services","potentialAction":[{"@type":"SearchAction","target":{"@type":"EntryPoint","urlTemplate":"https:\/\/multihoster.org\/?s={search_term_string}"},"query-input":"required name=search_term_string"}],"inLanguage":"fr-FR"},{"@type":"ImageObject","@id":"https:\/\/multihoster.org\/fr\/novamov\/#primaryimage","inLanguage":"fr-FR","url":"https:\/\/lh5.googleusercontent.com\/GEGPeWo_cWM4l1VHOyZGKI8iqjxPtmhqBonZwk9iL61NE2uaxrHmbfIXV7K51gYNic8K3vLA-auV1P1LvBH8gTHRgP6iYFCXEbf2phO325P-wCCXA7FH9fWrFrXH08HyES-oYE0g","contentUrl":"https:\/\/lh5.googleusercontent.com\/GEGPeWo_cWM4l1VHOyZGKI8iqjxPtmhqBonZwk9iL61NE2uaxrHmbfIXV7K51gYNic8K3vLA-auV1P1LvBH8gTHRgP6iYFCXEbf2phO325P-wCCXA7FH9fWrFrXH08HyES-oYE0g"},{"@type":"WebPage","@id":"https:\/\/multihoster.org\/fr\/novamov\/#webpage","url":"https:\/\/multihoster.org\/fr\/novamov\/","name":"Novamov Premium Compte \u2013 Le Filehoster En Un Coup D'\u0153il","isPartOf":{"@id":"https:\/\/multihoster.org\/#website"},"primaryImageOfPage":{"@id":"https:\/\/multihoster.org\/fr\/novamov\/#primaryimage"},"datePublished":"2020-04-17T12:53:08+00:00","dateModified":"2020-04-22T15:18:41+00:00","description":"Que Novamov soit un fournisseur r\u00e9put\u00e9 ou non, vous pouvez trouver la r\u00e9ponse dans le test actuel sur Multihoster.org \u279c Cliquez maintenant sur \u271a pour lire nos exp\u00e9riences !","breadcrumb":{"@id":"https:\/\/multihoster.org\/fr\/novamov\/#breadcrumb"},"inLanguage":"fr-FR","potentialAction":[{"@type":"ReadAction","target":["https:\/\/multihoster.org\/fr\/novamov\/"]}]},{"@type":"BreadcrumbList","@id":"https:\/\/multihoster.org\/fr\/novamov\/#breadcrumb","itemListElement":[{"@type":"ListItem","position":1,"name":"Startseite","item":"https:\/\/multihoster.org\/fr\/"},{"@type":"ListItem","position":2,"name":"Novamov Premium Compte: Le Filehoster En Un Coup D&rsquo;\u0153il"}]}]}},"_links":{"self":[{"href":"https:\/\/multihoster.org\/fr\/wp-json\/wp\/v2\/pages\/3933"}],"collection":[{"href":"https:\/\/multihoster.org\/fr\/wp-json\/wp\/v2\/pages"}],"about":[{"href":"https:\/\/multihoster.org\/fr\/wp-json\/wp\/v2\/types\/page"}],"author":[{"embeddable":true,"href":"https:\/\/multihoster.org\/fr\/wp-json\/wp\/v2\/users\/2"}],"replies":[{"embeddable":true,"href":"https:\/\/multihoster.org\/fr\/wp-json\/wp\/v2\/comments?post=3933"}],"version-history":[{"count":3,"href":"https:\/\/multihoster.org\/fr\/wp-json\/wp\/v2\/pages\/3933\/revisions"}],"predecessor-version":[{"id":4318,"href":"https:\/\/multihoster.org\/fr\/wp-json\/wp\/v2\/pages\/3933\/revisions\/4318"}],"wp:attachment":[{"href":"https:\/\/multihoster.org\/fr\/wp-json\/wp\/v2\/media?parent=3933"}],"curies":[{"name":"wp","href":"https:\/\/api.w.org\/{rel}","templated":true}]}}