{"id":3971,"date":"2020-04-17T14:05:21","date_gmt":"2020-04-17T14:05:21","guid":{"rendered":"https:\/\/multihoster.org\/euroshare\/"},"modified":"2020-06-01T12:41:35","modified_gmt":"2020-06-01T12:41:35","slug":"euroshare","status":"publish","type":"page","link":"https:\/\/multihoster.org\/fr\/euroshare\/","title":{"rendered":"Euroshare Premium Compte: Le Filehoster En Un Coup D&rsquo;\u0153il"},"content":{"rendered":"\n<p>Il y a tellement de fournisseurs de <a rel=\"noreferrer noopener\" aria-label=\"stockage en ligne (opens in a new tab)\" href=\"https:\/\/cloud.google.com\/storage\" target=\"_blank\">stockage en ligne<\/a> dans le nuage. \u00c0 l&rsquo;heure du num\u00e9rique, les espaces num\u00e9riques sont \u00e9galement envi\u00e9s sur le World Wide Web (WWW). D\u00e9couvrez Euroshare et d\u00e9couvrez en quoi Euroshare est diff\u00e9rent de votre fournisseur de stockage dans le nuage moyen.<\/p>\n\n\n\n<p>La plate-forme Euroshare, par le biais du compte premium Euroshare, est le fournisseur de stockage dans le nuage le plus r\u00e9put\u00e9 et le plus utilis\u00e9 dans les pays d&rsquo;Europe et, lentement, dans le monde entier. Soyez inform\u00e9s en consultant l&rsquo;article ci-dessous qui pr\u00e9sente les d\u00e9tails de la plateforme Euroshare, les informations g\u00e9n\u00e9rales sur Euroshare, la cr\u00e9ation d&rsquo;un compte de stockage dans le nuage Euroshare, les souscriptions de comptes de stockage dans le nuage Euroshare et quelques questions fr\u00e9quemment pos\u00e9es sur la plateforme Euroshare.<\/p>\n\n\n\n<figure class=\"wp-block-image\"><img src=\"https:\/\/lh3.googleusercontent.com\/VTnQu4OZ5FfXOlm95g35ntT2Gy6rVpChgvrLZpofPjotisXKCmjPxuOhFnzYLbxvWldiEqYE1H9_4zeRXqacKhgLrV_b7VfwHvfOODlsjx9ZA43TuT7O1b_Km1VX8LKzEVBnARo\" alt=\"\"\/><figcaption> Euroshare Website Interface <\/figcaption><\/figure>\n\n\n<a class=\"maxbutton-2 maxbutton maxbutton-cta\" target=\"_blank\" rel=\"nofollow noopener\" href=\"\/go\/\"><span class='mb-text'>&gt;&gt; Acc\u00e9der au site original de Linkifier<\/span><\/a>\n\n\n<p><\/p>\n\n\n\n<h2>Avantage de l&rsquo;utilisation de la plate-forme de stockage dans le nuage d&rsquo;Euroshare<\/h2>\n\n\n\n<p>1. T\u00e9l\u00e9chargez et organisez facilement vos fichiers &#8211; vous pouvez facilement t\u00e9l\u00e9charger et organiser vos fichiers dans le syst\u00e8me de notre plateforme. La plateforme dispose d&rsquo;une fonction de glisser-d\u00e9poser pour vous aider \u00e0 g\u00e9rer vos fichiers personnels et priv\u00e9s. La plate-forme adapte dynamiquement son site web \u00e0 diff\u00e9rents navigateurs Internet tels qu&rsquo;Internet Explorer, Microsoft Edge, Google Chrome. Tor Browser, Safari, Opera, UC Browser, UC Web et tous les autres types de navigateurs utilis\u00e9s pour surfer sur le World Wide Web (WWW).<\/p>\n\n\n\n<p>2. Partagez facilement vos fichiers sur diff\u00e9rentes plateformes &#8211; le stockage dans le nuage Euroshare stocke vos fichiers et est int\u00e9gr\u00e9 \u00e0 diverses fonctions de compatibilit\u00e9. Cela permet au site web de g\u00e9n\u00e9rer automatiquement des codes HTML pour vos fichiers qui peuvent \u00eatre partag\u00e9s et visualis\u00e9s sur diff\u00e9rentes plateformes de m\u00e9dias sociaux telles que Facebook, Instagram, Google Plus, Twitter, YouTube, Myspace et toutes les autres plateformes de partage sur le web.<\/p>\n\n\n\n<figure class=\"wp-block-image\"><img src=\"https:\/\/lh5.googleusercontent.com\/EB3eHSNoIzMT6-dcDIfuLWrZrXQ3wIC4zmcrgacsqX5-viUdY92CB-EcDLmZSX2io-1vSfZLcZcv_aphVjbx0jG6uYFLKQj20jztFG5FAGERBiIkOOytDIOjabeg2v_zizZxDHI\" alt=\"\"\/><\/figure>\n\n\n\n<p>La plate-forme Euroshare s&rsquo;adapte dynamiquement \u00e0 divers sites web<\/p>\n\n\n\n<p>3. T\u00e9l\u00e9chargement rapide et instantan\u00e9 &#8211; Nous offrons la fonction de t\u00e9l\u00e9chargement la plus accessible et la plus efficace par rapport \u00e0 votre fournisseur de stockage en ligne habituel. Notre compte Euroshare gratuit et notre compte Euroshare Premium offrent l&rsquo;option de t\u00e9l\u00e9chargement et de chargement la plus stable pour tous vos fichiers.<\/p>\n\n\n\n<p>4. Nous offrons le cryptage de s\u00e9curit\u00e9 le plus \u00e9lev\u00e9 pour les fichiers de votre compte &#8211; Que ce soit pour la sauvegarde du stockage lui-m\u00eame, la plateforme Euroshare gardera tous vos fichiers en s\u00e9curit\u00e9, qu&rsquo;il s&rsquo;agisse d&rsquo;une image, d&rsquo;un son, d&rsquo;une vid\u00e9o, d&rsquo;un document, d&rsquo;une pr\u00e9sentation, de fichiers compress\u00e9s ou de tout autre type de fichier pr\u00e9sent dans notre monde num\u00e9rique actuel gr\u00e2ce \u00e0 notre <a rel=\"noreferrer noopener\" aria-label=\"programmation  (opens in a new tab)\" href=\"https:\/\/www.khanacademy.org\/computing\/computer-programming\/programming\/intro-to-programming\/v\/programming-intro\" target=\"_blank\">programmation <\/a>avanc\u00e9e et au cryptage int\u00e9gr\u00e9 dans son site web afin que vous n&rsquo;ayez \u00e0 vous soucier d&rsquo;aucune forme de piratage ou de vol de donn\u00e9es.<\/p>\n\n\n\n<p>Maintenant que vous savez comment Euroshare, gr\u00e2ce \u00e0 son compte gratuit Euroshare et \u00e0 son compte premium Euroshare, se positionne par rapport \u00e0 ses concurrents, nous sommes heureux de vous montrer comment souscrire \u00e0 un compte Euroshare de stockage dans le nuage. Lisez l&rsquo;article ci-dessous et commencez \u00e0 t\u00e9l\u00e9charger en utilisant notre plateforme.<\/p>\n\n\n\n<h2>Enregistrer un compte de stockage dans le nuage Euroshare<\/h2>\n\n\n\n<p>L&rsquo;enregistrement d&rsquo;un compte est aussi simple que l&rsquo;ABC. Nous vous accompagnerons tout au long des \u00e9tapes afin que vous puissiez commencer \u00e0 profiter de l&rsquo;accessibilit\u00e9 et de l&rsquo;efficacit\u00e9 de notre plateforme de stockage dans le nuage.<\/p>\n\n\n\n<p>1. Entrez votre nom complet avec votre pr\u00e9nom, votre nom et votre second pr\u00e9nom corrects. Nous vous demanderons \u00e9galement votre titre (Dr, Engr., Arch., M., Mme ou Mlle) pour que nous puissions nous adresser \u00e0 vous et vous saluer correctement.<\/p>\n\n\n\n<p>2. Fournissez une adresse \u00e9lectronique fonctionnelle. C&rsquo;est \u00e0 cette adresse que nous vous enverrons un courrier \u00e9lectronique pour confirmer votre compte Euroshare. Nous vous demanderons \u00e9galement un nom d&rsquo;utilisateur unique pour votre compte afin de garantir l&rsquo;authenticit\u00e9 de chaque utilisateur de la plateforme de stockage en ligne Euroshare.<\/p>\n\n\n\n<p>3. Lisez et cochez la case \u00ab\u00a0Accepter nos conditions g\u00e9n\u00e9rales\u00a0\u00bb. Cochez \u00e9galement nos conditions de confidentialit\u00e9 \u00ab\u00a0reCaptcha\u00a0\u00bb. Nous incluons ces fonctionnalit\u00e9s pour garantir les droits num\u00e9riques et les droits \u00e0 la vie priv\u00e9e de chacun de nos utilisateurs gr\u00e2ce au Digital Millennium Copyright Act (<a rel=\"noreferrer noopener\" aria-label=\"DMCA (opens in a new tab)\" href=\"https:\/\/www.dmca.com\/\" target=\"_blank\">DMCA<\/a>).<\/p>\n\n\n\n<p>4. Enfin, cliquez sur le bouton \u00ab\u00a0S&rsquo;inscrire\u00a0\u00bb et nous vous enverrons imm\u00e9diatement un lien de confirmation par e-mail pour confirmer votre compte. Veuillez v\u00e9rifier vos filtres anti-spam et vos dossiers de courrier \u00e9lectronique ind\u00e9sirable au cas o\u00f9 vous n&rsquo;auriez rien re\u00e7u. Apr\u00e8s avoir confirm\u00e9 votre compte, vous avez d\u00e9j\u00e0 votre propre compte personnel Euroshare gratuit.<\/p>\n\n\n\n<p>Vous pourriez vouloir des fonctionnalit\u00e9s suppl\u00e9mentaires d&rsquo;Euroshare le TLD Registrar Solutions Ltd. a d\u00e9velopp\u00e9 Euroshare Premium Account lire ci-dessous et laissez-vous inspirer par ses abonnements flexibles et ses fonctionnalit\u00e9s.<\/p>\n\n\n\n<h2>Introduction du compte premium Euroshare<\/h2>\n\n\n\n<p>Le compte premium Euroshare est dot\u00e9 de nombreuses fonctions et caract\u00e9ristiques. Voici les raisons pour lesquelles Euroshare est appr\u00e9ci\u00e9 par de nombreux utilisateurs \u00e0 travers le monde.<\/p>\n\n\n\n<ol><li>T\u00e9l\u00e9chargez instantan\u00e9ment des fichiers sans aucun temps d&rsquo;attente.<\/li><li> Sans aucune publicit\u00e9 g\u00eanante.<\/li><li> Prend en charge le t\u00e9l\u00e9chargement simultan\u00e9 illimit\u00e9.<\/li><li> Il offre des vitesses de t\u00e9l\u00e9chargement illimit\u00e9es.<\/li><li> Prend en charge les gestionnaires de t\u00e9l\u00e9chargement tiers.<\/li><li> Offre un stockage illimit\u00e9 en nuage.<\/li><li> Les fichiers seront conserv\u00e9s en toute s\u00e9curit\u00e9 pour toujours.<\/li><li> Pas de quota de t\u00e9l\u00e9chargement par jour.<\/li><li> Tr\u00e8s abordable et accessible.<\/li><li> Les informations des utilisateurs sont s\u00e9curis\u00e9es et crypt\u00e9es au maximum.<\/li><\/ol>\n\n\n\n<p>Vous pouvez choisir parmi nos diff\u00e9rentes options de paiement abordables et flexibles ci-dessous.<\/p>\n\n\n\n<p>Tableau 1. Options de paiement abordables et flexibles du compte premium Euroshare<\/p>\n\n\n<a class=\"maxbutton-2 maxbutton maxbutton-cta\" target=\"_blank\" rel=\"nofollow noopener\" href=\"\/go\/\"><span class='mb-text'>&gt;&gt; Acc\u00e9der au site original de Linkifier<\/span><\/a>\n\n\n<p><\/p>\n\n\n\n<p><strong>Types de compte premium Euroshare<\/strong><\/p>\n\n\n\n<figure class=\"wp-block-table\"><table><tbody><tr><td>Caract\u00e9ristiques sp\u00e9cifiques<\/td><td>Compte premium Euroshare pendant 7 jours<\/td><td>Compte premium Euroshare pour 1 mois<\/td><td>Compte premium Euroshare pendant 3 mois<\/td><td>Compte premium Euroshare pendant 6 mois<\/td><td>Compte premium Euroshare pour 1 an<\/td><\/tr><tr><td>Montant total du paiement<\/td><td>1,00 EUR<\/td><td>3,50 EUR<\/td><td>8,00 EUR<\/td><td>16,00 EUR<\/td><td>31,00 EUR<\/td><\/tr><tr><td>Paiement total par jour<\/td><td>0,14 EUR par jour<\/td><td>0,11 EUR par jour<\/td><td>0,09 EUR par jour<\/td><td>0,09 EUR par jour<\/td><td>0,08 EUR par jour<\/td><\/tr><tr><td>S\u00e9curit\u00e9 et confidentialit\u00e9 des paiements<\/td><td>Traitement des paiements crypt\u00e9s (conforme \u00e0 la DMCA)<\/td><td>Traitement des paiements crypt\u00e9s (conforme \u00e0 la DMCA)<\/td><td>Traitement des paiements crypt\u00e9s (conforme \u00e0 la DMCA)<\/td><td>Traitement des paiements crypt\u00e9s (conforme \u00e0 la DMCA)<\/td><td>Traitement des paiements crypt\u00e9s (conforme \u00e0 la DMCA)<\/td><\/tr><tr><td>Support de paiement<\/td><td>MasterCard, Visa, Amex et Discover<\/td><td>MasterCard, Visa, Amex et Discover<\/td><td>MasterCard, Visa, Amex et Discover<\/td><td>MasterCard, Visa, Amex et Discover<\/td><td>MasterCard, Visa, Amex et Discover<\/td><\/tr><\/tbody><\/table><\/figure>\n\n\n\n<p>Comme vous le voyez, le compte premium Euroshare propose des types de comptes souples et abordables :<\/p>\n\n\n\n<ul><li>Vous pouvez choisir de payer 1,00 EUR pour avoir un compte premium pendant 7 jours, soit seulement 0,14 EUR par jour ; ou le<\/li><li> 3,50 EUR pour avoir un compte premium pendant 1 mois, soit seulement 0,11 EUR par jour ; ou le<\/li><li> 8,00 EUR pour avoir un compte premium pendant 3 mois, soit seulement 0,09 EUR par jour ; ou le<\/li><li> 16,00 EUR pour avoir un compte premium pendant 6 mois, ce qui ne repr\u00e9sente que 0,09 EUR par jour ; ou enfin<\/li><li> choisissez notre option la plus souple et la plus abordable. Avec un montant total de 31,00 euros, vous pouvez utiliser notre compte premium Euroshare pendant un an pour seulement 0,08 euros par jour.<\/li><\/ul>\n\n\n\n<figure class=\"wp-block-image\"><img src=\"https:\/\/lh6.googleusercontent.com\/-eGmRLsaVSpY0sp0uKekyQmuK5N50RBKx9r4stFdK_IoXfkEElkVdBq1R7pEW4fXaK3QZt3WCd1fXbEz9QXN4jbO_krYpIzXgzSNol4RnFvAb9ALbOf-KkdeWLTsaor-Wlo94KM\" alt=\"Transmit Your Payments Through our Partners\"\/><\/figure>\n\n\n\n<p>Transmettez vos paiements par l&rsquo;interm\u00e9diaire de nos partenaires<\/p>\n\n\n\n<p>Vous pouvez facilement transmettre vos frais d&rsquo;inscription par l&rsquo;interm\u00e9diaire de nos <a rel=\"noreferrer noopener\" aria-label=\"partenaires  (opens in a new tab)\" href=\"http:\/\/www.wisegeek.net\/what-is-a-financial-services-corporation.htm\" target=\"_blank\">partenaires <\/a>: MasterCard, Visa, Amex et Discover. De plus, tous les comptes premium b\u00e9n\u00e9ficient d&rsquo;une <a rel=\"noreferrer noopener\" aria-label=\"s\u00e9curit\u00e9  (opens in a new tab)\" href=\"https:\/\/computersciencewiki.org\/index.php\/Client-side_scripting_and_server-side_scripting\" target=\"_blank\">s\u00e9curit\u00e9 <\/a>et d&rsquo;une protection de la vie priv\u00e9e gr\u00e2ce \u00e0 un traitement crypt\u00e9 des paiements conforme \u00e0 la norme DMCA. Ce sont ces constitutions qui font que les fournisseurs concurrents de stockage dans le nuage envient la plate-forme Euroshare.<\/p>\n\n\n\n<h2>Derni\u00e8res r\u00e9flexions sur le stockage dans le nuage d&rsquo;Euroshare<\/h2>\n\n\n\n<p>Il offre une grande vari\u00e9t\u00e9 de caract\u00e9ristiques et de fonctionnalit\u00e9s ainsi que des types de comptes de paiement abordables et accessibles. La soci\u00e9t\u00e9 TLD Registrar Solutions Ltd., par l&rsquo;interm\u00e9diaire de ses dirigeants, de ses ing\u00e9nieurs informatiques et de ses experts en programmation de logiciels, continuera \u00e0 trouver des moyens de d\u00e9velopper continuellement notre plate-forme afin de fournir le meilleur espace pour vos biens num\u00e9riques \u00e0 tout jamais.<\/p>\n\n\n\n<h2>Questions fr\u00e9quemment pos\u00e9es sur Euroshare (FAQ)<\/h2>\n\n\n\n<h3>Puis-je appeler le service client\u00e8le d&rsquo;Euroshare Cloud Storage ?<\/h3>\n\n\n\n<p>La direction d&rsquo;Euroshare dispose d&rsquo;un repr\u00e9sentant du service client\u00e8le (CSR) que vous pouvez contacter via contact@euroshare.eu<\/p>\n\n\n\n<h3> Qui a d\u00e9velopp\u00e9 la plate-forme Euroshare ?<\/h3>\n\n\n\n<p>Euroshare Cloud storage est d\u00e9velopp\u00e9 par les ing\u00e9nieurs en logiciel et les experts en programmation informatique sous le TLD Registrar Solutions Ltd. le 27 mars 2015.<\/p>\n\n\n\n<h3> Puis-je utiliser le stockage dans le nuage d&rsquo;Euroshare pour toujours ?<\/h3>\n\n\n\n<p>Nous assurons la s\u00e9curit\u00e9 de tous vos fichiers dans la base de donn\u00e9es Euroshare pour toujours, car nous avons renforc\u00e9 notre plateforme avec les derni\u00e8res technologies en mati\u00e8re de programmation et de g\u00e9nie logiciel.<\/p>\n\n\n\n<h3> O\u00f9 puis-je payer pour passer au compte premium Euroshare ?<\/h3>\n\n\n\n<p>Vous pouvez payer \u00e0 distance par l&rsquo;interm\u00e9diaire de nos partenaires dans le monde entier via MasterCard, Visa, Amex et Discover<\/p>\n\n\n\n<h3> Euroshare offre-t-il un compte gratuit ?<\/h3>\n\n\n\n<p>Oui, d\u00e8s que vous confirmez votre compte, vous \u00eates d\u00e9j\u00e0 titulaire d&rsquo;un compte gratuit Euroshare qui offre une vari\u00e9t\u00e9 de fonctions et de meilleures caract\u00e9ristiques, en particulier le stockage illimit\u00e9 dans le nuage dont vous pouvez profiter.<\/p>\n\n\n<a class=\"maxbutton-2 maxbutton maxbutton-cta\" target=\"_blank\" rel=\"nofollow noopener\" href=\"\/go\/\"><span class='mb-text'>&gt;&gt; Acc\u00e9der au site original de Linkifier<\/span><\/a>\n\n\n<p><\/p>\n","protected":false},"excerpt":{"rendered":"<p>Il y a tellement de fournisseurs de stockage en ligne dans le nuage. \u00c0 l&rsquo;heure du num\u00e9rique, les espaces num\u00e9riques<\/p>\n","protected":false},"author":2,"featured_media":0,"parent":0,"menu_order":0,"comment_status":"closed","ping_status":"closed","template":"","meta":[],"yoast_head":"<!-- This site is optimized with the Yoast SEO plugin v18.3 - https:\/\/yoast.com\/wordpress\/plugins\/seo\/ -->\n<title>Euroshare Premium Compte: Le Filehoster En Un Coup D&#039;\u0153il<\/title>\n<meta name=\"description\" content=\"Euroshare est-il un fournisseur r\u00e9put\u00e9 ou non, vous pouvez trouver la r\u00e9ponse dans le test actuel sur Multihoster.org \u279c Cliquez maintenant sur \u271a pour lire nos exp\u00e9riences !\" \/>\n<meta name=\"robots\" content=\"index, follow, max-snippet:-1, max-image-preview:large, max-video-preview:-1\" \/>\n<link rel=\"canonical\" href=\"https:\/\/multihoster.org\/fr\/euroshare\/\" \/>\n<meta property=\"og:locale\" content=\"fr_FR\" \/>\n<meta property=\"og:type\" content=\"article\" \/>\n<meta property=\"og:title\" content=\"Euroshare Premium Compte: Le Filehoster En Un Coup D&#039;\u0153il\" \/>\n<meta property=\"og:description\" content=\"Euroshare est-il un fournisseur r\u00e9put\u00e9 ou non, vous pouvez trouver la r\u00e9ponse dans le test actuel sur Multihoster.org \u279c Cliquez maintenant sur \u271a pour lire nos exp\u00e9riences !\" \/>\n<meta property=\"og:url\" content=\"https:\/\/multihoster.org\/fr\/euroshare\/\" \/>\n<meta property=\"og:site_name\" content=\"Multihoster.org\" \/>\n<meta property=\"article:modified_time\" content=\"2020-06-01T12:41:35+00:00\" \/>\n<meta property=\"og:image\" content=\"https:\/\/lh3.googleusercontent.com\/VTnQu4OZ5FfXOlm95g35ntT2Gy6rVpChgvrLZpofPjotisXKCmjPxuOhFnzYLbxvWldiEqYE1H9_4zeRXqacKhgLrV_b7VfwHvfOODlsjx9ZA43TuT7O1b_Km1VX8LKzEVBnARo\" \/>\n<meta name=\"twitter:card\" content=\"summary\" \/>\n<meta name=\"twitter:label1\" content=\"Dur\u00e9e de lecture estim\u00e9e\" \/>\n\t<meta name=\"twitter:data1\" content=\"8 minutes\" \/>\n<script type=\"application\/ld+json\" class=\"yoast-schema-graph\">{\"@context\":\"https:\/\/schema.org\",\"@graph\":[{\"@type\":\"WebSite\",\"@id\":\"https:\/\/multihoster.org\/#website\",\"url\":\"https:\/\/multihoster.org\/\",\"name\":\"Multihoster.org\",\"description\":\"Reviews of the major Filehosting services\",\"potentialAction\":[{\"@type\":\"SearchAction\",\"target\":{\"@type\":\"EntryPoint\",\"urlTemplate\":\"https:\/\/multihoster.org\/?s={search_term_string}\"},\"query-input\":\"required name=search_term_string\"}],\"inLanguage\":\"fr-FR\"},{\"@type\":\"ImageObject\",\"@id\":\"https:\/\/multihoster.org\/fr\/euroshare\/#primaryimage\",\"inLanguage\":\"fr-FR\",\"url\":\"https:\/\/lh3.googleusercontent.com\/VTnQu4OZ5FfXOlm95g35ntT2Gy6rVpChgvrLZpofPjotisXKCmjPxuOhFnzYLbxvWldiEqYE1H9_4zeRXqacKhgLrV_b7VfwHvfOODlsjx9ZA43TuT7O1b_Km1VX8LKzEVBnARo\",\"contentUrl\":\"https:\/\/lh3.googleusercontent.com\/VTnQu4OZ5FfXOlm95g35ntT2Gy6rVpChgvrLZpofPjotisXKCmjPxuOhFnzYLbxvWldiEqYE1H9_4zeRXqacKhgLrV_b7VfwHvfOODlsjx9ZA43TuT7O1b_Km1VX8LKzEVBnARo\"},{\"@type\":\"WebPage\",\"@id\":\"https:\/\/multihoster.org\/fr\/euroshare\/#webpage\",\"url\":\"https:\/\/multihoster.org\/fr\/euroshare\/\",\"name\":\"Euroshare Premium Compte: Le Filehoster En Un Coup D'\u0153il\",\"isPartOf\":{\"@id\":\"https:\/\/multihoster.org\/#website\"},\"primaryImageOfPage\":{\"@id\":\"https:\/\/multihoster.org\/fr\/euroshare\/#primaryimage\"},\"datePublished\":\"2020-04-17T14:05:21+00:00\",\"dateModified\":\"2020-06-01T12:41:35+00:00\",\"description\":\"Euroshare est-il un fournisseur r\u00e9put\u00e9 ou non, vous pouvez trouver la r\u00e9ponse dans le test actuel sur Multihoster.org \u279c Cliquez maintenant sur \u271a pour lire nos exp\u00e9riences !\",\"breadcrumb\":{\"@id\":\"https:\/\/multihoster.org\/fr\/euroshare\/#breadcrumb\"},\"inLanguage\":\"fr-FR\",\"potentialAction\":[{\"@type\":\"ReadAction\",\"target\":[\"https:\/\/multihoster.org\/fr\/euroshare\/\"]}]},{\"@type\":\"BreadcrumbList\",\"@id\":\"https:\/\/multihoster.org\/fr\/euroshare\/#breadcrumb\",\"itemListElement\":[{\"@type\":\"ListItem\",\"position\":1,\"name\":\"Startseite\",\"item\":\"https:\/\/multihoster.org\/fr\/\"},{\"@type\":\"ListItem\",\"position\":2,\"name\":\"Euroshare Premium Compte: Le Filehoster En Un Coup D&rsquo;\u0153il\"}]}]}<\/script>\n<!-- \/ Yoast SEO plugin. -->","yoast_head_json":{"title":"Euroshare Premium Compte: Le Filehoster En Un Coup D'\u0153il","description":"Euroshare est-il un fournisseur r\u00e9put\u00e9 ou non, vous pouvez trouver la r\u00e9ponse dans le test actuel sur Multihoster.org \u279c Cliquez maintenant sur \u271a pour lire nos exp\u00e9riences !","robots":{"index":"index","follow":"follow","max-snippet":"max-snippet:-1","max-image-preview":"max-image-preview:large","max-video-preview":"max-video-preview:-1"},"canonical":"https:\/\/multihoster.org\/fr\/euroshare\/","og_locale":"fr_FR","og_type":"article","og_title":"Euroshare Premium Compte: Le Filehoster En Un Coup D'\u0153il","og_description":"Euroshare est-il un fournisseur r\u00e9put\u00e9 ou non, vous pouvez trouver la r\u00e9ponse dans le test actuel sur Multihoster.org \u279c Cliquez maintenant sur \u271a pour lire nos exp\u00e9riences !","og_url":"https:\/\/multihoster.org\/fr\/euroshare\/","og_site_name":"Multihoster.org","article_modified_time":"2020-06-01T12:41:35+00:00","og_image":[{"url":"https:\/\/lh3.googleusercontent.com\/VTnQu4OZ5FfXOlm95g35ntT2Gy6rVpChgvrLZpofPjotisXKCmjPxuOhFnzYLbxvWldiEqYE1H9_4zeRXqacKhgLrV_b7VfwHvfOODlsjx9ZA43TuT7O1b_Km1VX8LKzEVBnARo"}],"twitter_card":"summary","twitter_misc":{"Dur\u00e9e de lecture estim\u00e9e":"8 minutes"},"schema":{"@context":"https:\/\/schema.org","@graph":[{"@type":"WebSite","@id":"https:\/\/multihoster.org\/#website","url":"https:\/\/multihoster.org\/","name":"Multihoster.org","description":"Reviews of the major Filehosting services","potentialAction":[{"@type":"SearchAction","target":{"@type":"EntryPoint","urlTemplate":"https:\/\/multihoster.org\/?s={search_term_string}"},"query-input":"required name=search_term_string"}],"inLanguage":"fr-FR"},{"@type":"ImageObject","@id":"https:\/\/multihoster.org\/fr\/euroshare\/#primaryimage","inLanguage":"fr-FR","url":"https:\/\/lh3.googleusercontent.com\/VTnQu4OZ5FfXOlm95g35ntT2Gy6rVpChgvrLZpofPjotisXKCmjPxuOhFnzYLbxvWldiEqYE1H9_4zeRXqacKhgLrV_b7VfwHvfOODlsjx9ZA43TuT7O1b_Km1VX8LKzEVBnARo","contentUrl":"https:\/\/lh3.googleusercontent.com\/VTnQu4OZ5FfXOlm95g35ntT2Gy6rVpChgvrLZpofPjotisXKCmjPxuOhFnzYLbxvWldiEqYE1H9_4zeRXqacKhgLrV_b7VfwHvfOODlsjx9ZA43TuT7O1b_Km1VX8LKzEVBnARo"},{"@type":"WebPage","@id":"https:\/\/multihoster.org\/fr\/euroshare\/#webpage","url":"https:\/\/multihoster.org\/fr\/euroshare\/","name":"Euroshare Premium Compte: Le Filehoster En Un Coup D'\u0153il","isPartOf":{"@id":"https:\/\/multihoster.org\/#website"},"primaryImageOfPage":{"@id":"https:\/\/multihoster.org\/fr\/euroshare\/#primaryimage"},"datePublished":"2020-04-17T14:05:21+00:00","dateModified":"2020-06-01T12:41:35+00:00","description":"Euroshare est-il un fournisseur r\u00e9put\u00e9 ou non, vous pouvez trouver la r\u00e9ponse dans le test actuel sur Multihoster.org \u279c Cliquez maintenant sur \u271a pour lire nos exp\u00e9riences !","breadcrumb":{"@id":"https:\/\/multihoster.org\/fr\/euroshare\/#breadcrumb"},"inLanguage":"fr-FR","potentialAction":[{"@type":"ReadAction","target":["https:\/\/multihoster.org\/fr\/euroshare\/"]}]},{"@type":"BreadcrumbList","@id":"https:\/\/multihoster.org\/fr\/euroshare\/#breadcrumb","itemListElement":[{"@type":"ListItem","position":1,"name":"Startseite","item":"https:\/\/multihoster.org\/fr\/"},{"@type":"ListItem","position":2,"name":"Euroshare Premium Compte: Le Filehoster En Un Coup D&rsquo;\u0153il"}]}]}},"_links":{"self":[{"href":"https:\/\/multihoster.org\/fr\/wp-json\/wp\/v2\/pages\/3971"}],"collection":[{"href":"https:\/\/multihoster.org\/fr\/wp-json\/wp\/v2\/pages"}],"about":[{"href":"https:\/\/multihoster.org\/fr\/wp-json\/wp\/v2\/types\/page"}],"author":[{"embeddable":true,"href":"https:\/\/multihoster.org\/fr\/wp-json\/wp\/v2\/users\/2"}],"replies":[{"embeddable":true,"href":"https:\/\/multihoster.org\/fr\/wp-json\/wp\/v2\/comments?post=3971"}],"version-history":[{"count":4,"href":"https:\/\/multihoster.org\/fr\/wp-json\/wp\/v2\/pages\/3971\/revisions"}],"predecessor-version":[{"id":4658,"href":"https:\/\/multihoster.org\/fr\/wp-json\/wp\/v2\/pages\/3971\/revisions\/4658"}],"wp:attachment":[{"href":"https:\/\/multihoster.org\/fr\/wp-json\/wp\/v2\/media?parent=3971"}],"curies":[{"name":"wp","href":"https:\/\/api.w.org\/{rel}","templated":true}]}}