{"id":4012,"date":"2020-04-20T09:20:34","date_gmt":"2020-04-20T09:20:34","guid":{"rendered":"https:\/\/multihoster.org\/worldbytez\/"},"modified":"2020-04-20T12:15:28","modified_gmt":"2020-04-20T12:15:28","slug":"worldbytez","status":"publish","type":"page","link":"https:\/\/multihoster.org\/fr\/worldbytez\/","title":{"rendered":"Worldbytez Premium Compte: Le Filehoster En Un Coup D&rsquo;\u0153il"},"content":{"rendered":"\n<figure class=\"wp-block-image\"><img src=\"https:\/\/lh3.googleusercontent.com\/ZwKTn0qxlK9t2UpSPpApEe5RhukrV4XOwXWiMt7O2uS0uv62mqTWd7VBNkqdXw4yWEDJzMqcFq0fT2OOMQqR42ZbpbcLCdrawC7hLUuslDrahfg4QkcU5hu6ewz3tARyzoY346g\" alt=\"Worldbytez logo\"\/><\/figure>\n\n\n\n<p>Worldbytez est l&rsquo;un de ces fournisseurs d&rsquo;h\u00e9bergement de fichiers qui propose un stockage ou une sauvegarde \u00e0 distance ou en ligne. Il prend en charge le t\u00e9l\u00e9chargement, le partage et le t\u00e9l\u00e9chargement des fichiers d&rsquo;un utilisateur ou de son client. Il dispose d&rsquo;un site web accessible sur les navigateurs web de tous les appareils et d&rsquo;une version logicielle accessible sur les syst\u00e8mes d&rsquo;exploitation Windows, Mac OS X et Linux.<\/p>\n\n\n\n<p>Le 17 octobre 2019, Worldbytez a publi\u00e9 et annonc\u00e9 les nouvelles concernant les utilisateurs invit\u00e9s ou non enregistr\u00e9s de son site web. Le Worldbytez leur a donn\u00e9 un tr\u00e8s bon service dans lequel ils peuvent maintenant profiter du t\u00e9l\u00e9chargement d&rsquo;un fichier ou de fichiers avec une vitesse beaucoup plus rapide que le compte gratuit de Worldbytez et ils peuvent t\u00e9l\u00e9charger n&rsquo;importe quel fichier qu&rsquo;ils veulent sans limitations de vitesse.<\/p>\n\n\n<a class=\"maxbutton-2 maxbutton maxbutton-cta\" target=\"_blank\" rel=\"nofollow noopener\" href=\"\/go\/\"><span class='mb-text'>&gt;&gt; Acc\u00e9der au site original de Linkifier<\/span><\/a>\n\n\n<p><\/p>\n\n\n\n<h2>La route des nuages de Worldbytez<\/h2>\n\n\n\n<p>Worldbytez dispose d&rsquo;un disque en nuage dans lequel un utilisateur peut stocker ses donn\u00e9es ou ses fichiers en toute s\u00e9curit\u00e9 dans le serveur du nuage.<\/p>\n\n\n\n<p>Il peut \u00eatre accessible par les diff\u00e9rents <a rel=\"noreferrer noopener\" aria-label=\"syst\u00e8mes d'exploitation (opens in a new tab)\" href=\"https:\/\/www.webopedia.com\/TERM\/O\/operating_system.html\" target=\"_blank\">syst\u00e8mes d&rsquo;exploitation<\/a> ou OS d&rsquo;un appareil tel que :<\/p>\n\n\n\n<ul><li>Microsoft Windows<\/li><li> Mac OS X<\/li><li> Linux ou Ubuntu<\/li><\/ul>\n\n\n\n<h3>Pour les utilisateurs qui utilisent Microsoft Windows<\/h3>\n\n\n\n<ol><li>Un utilisateur doit ouvrir l&#8217;emplacement \u00ab\u00a0Mon ordinateur\u00a0\u00bb de son appareil.<\/li><li> Trouvez l&rsquo;ic\u00f4ne du \u00ab\u00a0R\u00e9seau\u00a0\u00bb situ\u00e9e \u00e0 gauche du \u00ab\u00a0Poste de travail\u00a0\u00bb. Ensuite, cliquez dessus avec le bouton droit de la souris. <\/li><li> Les options du r\u00e9seau s&rsquo;affichent. Ensuite, choisissez et cliquez sur la \u00ab\u00a0Carte du lecteur r\u00e9seau\u00a0\u00bb.<\/li><li> Entrez le lien URL Worldbytez \u00ab\u00a0https:\/\/worldbytez.com\/webdav\/\u00a0\u00bb.<\/li><li> Le disque Worldbytez appara\u00eetra. Maintenant, un utilisateur doit entrer son compte d&rsquo;utilisateur et son mot de passe dans Worldbytez pour se connecter.<\/li><\/ol>\n\n\n\n<h3>Pour les utilisateurs qui utilisent Mac OS X<\/h3>\n\n\n\n<ol><li>Un utilisateur doit se rendre dans le \u00ab\u00a0Finder\u00a0\u00bb de son appareil Mac OS X.<\/li><li> Choisissez et cliquez sur le bouton \u00ab\u00a0Connect to Server\u00a0\u00bb.<\/li><li> Entrez le lien URL Worldbytez \u00ab\u00a0https:\/\/worldbytez.com\/webdav\/\u00a0\u00bb.<\/li><li> Le disque Worldbytez appara\u00eetra. Maintenant, l&rsquo;utilisateur doit entrer son compte d&rsquo;utilisateur et son mot de passe dans Worldbytez pour se connecter.<\/li><\/ol>\n\n\n\n<h3>Pour les utilisateurs qui utilisent Linux ou Ubuntu<\/h3>\n\n\n\n<ol><li>Un utilisateur doit se rendre au gestionnaire de fichiers de son appareil Linux. <\/li><li> Allez dans la barre de menu et cliquez sur \u00ab\u00a0Fichiers\u00a0\u00bb.<\/li><li> Choisissez et cliquez sur le bouton \u00ab\u00a0Connect to Server\u00a0\u00bb.<\/li><li> Entrez le lien <a rel=\"noreferrer noopener\" aria-label=\"URL  (opens in a new tab)\" href=\"https:\/\/www.webopedia.com\/TERM\/U\/URL.html\" target=\"_blank\">URL <\/a>Worldbytez \u00ab\u00a0https:\/\/worldbytez.com\/webdav\/\u00a0\u00bb.<\/li><li> Le lecteur en nuage de Worldbytez appara\u00eetra. Maintenant, un utilisateur doit entrer son compte d&rsquo;utilisateur et son mot de passe dans Worldbytez pour se connecter.<\/li><\/ol>\n\n\n\n<h2>Les outils de Worldbytez<\/h2>\n\n\n\n<p>Worldbytez prend en charge les appareils de bureau et les appareils mobiles avec les syst\u00e8mes d&rsquo;exploitation Windows, Mac OS X et Android. Ils ont d\u00e9velopp\u00e9 le logiciel de Worldbytez, afin qu&rsquo;un utilisateur puisse le t\u00e9l\u00e9charger et y acc\u00e9der facilement sur ses appareils.<\/p>\n\n\n\n<p>Pour les appareils de bureau (Pour Windows et Mac OS X) :<\/p>\n\n\n\n<p>\u2713 Il prend en charge le t\u00e9l\u00e9chargement pour le FTP et le Multi-threaded.<br> \u2713 Supporte le proxy HTTP.<br> \u2713 Il dispose d&rsquo;une fonction pour g\u00e9rer les fichiers, notamment pour le t\u00e9l\u00e9chargement, le renommage et la suppression de fichiers.<br> \u2713 Il peut copier le contenu du dossier.<\/p>\n\n\n\n<p>Pour les appareils Android :<\/p>\n\n\n\n<p>\u2713 Il prend en charge le t\u00e9l\u00e9chargement pour le Multi-threaded.<br> \u2713 Il dispose de gestionnaires de fichiers.<br> \u2713 Il dispose d&rsquo;une fonction pour g\u00e9rer les fichiers, notamment pour le t\u00e9l\u00e9chargement, la navigation, la copie, la suppression et le d\u00e9placement de fichiers.<\/p>\n\n\n\n<h2>T\u00e9l\u00e9charger Gestionnaires pour Worldbytez<\/h2>\n\n\n\n<p>Worldbytez recommande toujours qu&rsquo;un utilisateur utilise un gestionnaire de t\u00e9l\u00e9chargement tel que le gestionnaire de t\u00e9l\u00e9chargement Internet ou IDM et le JDownloader car les serveurs du site Worldbytez fonctionnent parfaitement pour t\u00e9l\u00e9charger un fichier en utilisant ces gestionnaires de t\u00e9l\u00e9chargement, mais un utilisateur peut \u00e9galement utiliser d&rsquo;autres gestionnaires de t\u00e9l\u00e9chargement auxquels il est habitu\u00e9.<\/p>\n\n\n\n<p>Supprimer le lien de Worldbytez<\/p>\n\n\n\n<p>Un utilisateur peut supprimer un ou plusieurs fichiers qu&rsquo;il a mis en ligne sur le site de Worldbytez. Worldbytez fournira toujours un \u00ab\u00a0lien de suppression\u00a0\u00bb apr\u00e8s qu&rsquo;un utilisateur a fini de t\u00e9l\u00e9charger un fichier, afin qu&rsquo;il puisse supprimer un fichier en un seul clic. Si un utilisateur a perdu le lien de suppression d&rsquo;un fichier, il ou elle peut simplement attendre la date d&rsquo;expiration du fichier. Le syst\u00e8me Worldbytez sera responsable de la suppression automatique du ou des fichiers de l&rsquo;utilisateur \u00e0 partir de son site, de ses bases de donn\u00e9es et de ses serveurs.<\/p>\n\n\n\n<h2>Plans de comptes premium Worldbytez<\/h2>\n\n\n\n<figure class=\"wp-block-table\"><table class=\"\"><tbody><tr><td>Le nombre de jours de prime :<\/td><td>60<\/td><td>100<\/td><td>180<\/td><td>365<\/td><td>750<\/td><\/tr><tr><td>Les prix :<\/td><td>18.00 Euros<\/td><td>22.00 Euros<\/td><td>36.00 Euros<\/td><td>60.00 Euros<\/td><td>90.00 Euros<\/td><\/tr><tr><td>Pas de temps d&rsquo;attente :<\/td><td>\u2713<\/td><td>\u2713<\/td><td>\u2713<\/td><td>\u2713<\/td><td>\u2713<\/td><\/tr><tr><td>Pas de CAPTCHA :<\/td><td>\u2713<\/td><td>\u2713<\/td><td>\u2713<\/td><td>\u2713<\/td><td>\u2713<\/td><\/tr><\/tbody><\/table><\/figure>\n\n\n\n<figure class=\"wp-block-table\"><table class=\"\"><tbody><tr><td>Un utilisateur peut payer par les moyens de paiement suivants : Worldbytez Resellers, PayPal, Visa, MasterCard, American Express, Discover, Paysafecard, VivaPayments, Bitcoin ou Altcoin cryptocurrency, Economy et Emedia.<\/td><\/tr><\/tbody><\/table><\/figure>\n\n\n\n<p><strong>Worldbytez Premium Traffic Plans<\/strong><\/p>\n\n\n\n<figure class=\"wp-block-table\"><table class=\"\"><tbody><tr><td>Taille de stockage :<\/td><td>4048 gigaoctets<\/td><td>8200 gigaoctets<\/td><td>30500 gigaoctets <\/td><td>50500 gigaoctets <\/td><td>Pas de limites<\/td><\/tr><tr><td>Les prix :<\/td><td>\u20ac 4.99<\/td><td>\u20ac&nbsp; 7.99<\/td><td>\u20ac&nbsp; 19.99<\/td><td>\u20ac&nbsp; 39.99<\/td><td>\u20ac&nbsp; 79.99<\/td><\/tr><\/tbody><\/table><\/figure>\n\n\n\n<figure class=\"wp-block-table\"><table class=\"\"><tbody><tr><td>Un utilisateur peut payer par les moyens de paiement suivants : Visa, MasterCard, American Express, Discover, Bitcoin ou Altcoin.<\/td><\/tr><\/tbody><\/table><\/figure>\n\n\n<a class=\"maxbutton-2 maxbutton maxbutton-cta\" target=\"_blank\" rel=\"nofollow noopener\" href=\"\/go\/\"><span class='mb-text'>&gt;&gt; Acc\u00e9der au site original de Linkifier<\/span><\/a>\n\n\n<p><\/p>\n\n\n\n<h3>Le processus d&rsquo;activation du compte premium WorldBytez<\/h3>\n\n\n\n<p>Apr\u00e8s avoir achet\u00e9 le plan de compte premium Worldbytez, l&rsquo;utilisateur doit proc\u00e9der \u00e0 l&rsquo;activation du service de celui-ci. Pour activer le service du compte premium, il ou elle doit avoir une cl\u00e9 ou un code d&rsquo;activation pour le compte premium Worldbytez.  La cl\u00e9 ou le code d&rsquo;activation peut \u00eatre achet\u00e9 chez les revendeurs officiels de Worldbytez. <\/p>\n\n\n\n<p>Si un utilisateur poss\u00e8de d\u00e9j\u00e0 un code de cl\u00e9 d&rsquo;activation pour le compte Worldbytez Premium, il doit alors suivre les instructions ci-dessous :<\/p>\n\n\n\n<ol><li>Un utilisateur doit d&rsquo;abord se connecter \u00e0 son compte sur la page de connexion de WorldBytez (https:\/\/worldbytez.com\/login.html) ou s&rsquo;il n&rsquo;a pas encore de compte, il doit ensuite se rendre sur la page d&rsquo;enregistrement du site web de Worldbytez (https:\/\/worldbytez.com\/register.html) pour cr\u00e9er un compte. <\/li><li> Apr\u00e8s qu&rsquo;un utilisateur se soit connect\u00e9 \u00e0 son compte sur le site web de Worldbytez. Rendez-vous sur la page \u00ab\u00a0Mon compte\u00a0\u00bb de Worldbytez (https:\/\/worldbytez.com\/?op=my_account)<\/li><li> Trouvez le champ \u00ab\u00a0Apply Premium Key\u00a0\u00bb pour entrer la cl\u00e9 ou le code d&rsquo;activation du compte Worldbytez Premium. <\/li><li> Le bouton \u00ab\u00a0Appliquer\u00a0\u00bb doit toujours \u00eatre cliqu\u00e9 pour appliquer la cl\u00e9 ou le code d&rsquo;activation au compte de l&rsquo;utilisateur \u00e0 activer. Lorsque le compte est activ\u00e9, un utilisateur peut maintenant profiter des caract\u00e9ristiques et des services du compte Premium de theWorldbytez.<\/li><\/ol>\n\n\n\n<p><strong>Comment un utilisateur peut-il avoir un code d&rsquo;activation ou un code de bon d&rsquo;achat pour le compte Worldbytez Premium ?<\/strong><\/p>\n\n\n\n<p>Un utilisateur peut acheter un code d&rsquo;activation ou un code de <a rel=\"noreferrer noopener\" aria-label=\"bon  (opens in a new tab)\" href=\"https:\/\/dictionary.cambridge.org\/us\/dictionary\/english\/voucher\" target=\"_blank\">bon <\/a>pour le compte Worldbytez Premium aupr\u00e8s de n&rsquo;importe lequel des revendeurs officiels du Worldbytez. Pour acheter, il suffit de suivre les instructions ci-dessous :<\/p>\n\n\n\n<p>1. Un utilisateur doit se rendre sur les sites web o\u00f9 il y a des revendeurs officiels de Worldbytez.<\/p>\n\n\n\n<p>2. Un utilisateur peut rechercher un code de bon d&rsquo;achat comme sur l&rsquo;image ci-dessous. Trouvez un code comme celui-l\u00e0 sur les sites web des revendeurs officiels de Worldbytez.<\/p>\n\n\n\n<figure class=\"wp-block-image\"><img src=\"https:\/\/lh4.googleusercontent.com\/x9dESrr048atR0TPpugQH3ZgMa-Ja5VQXFe9gbPC3MwNcsle4Vhx4hFofb1OxRqIS-b5D2JoIww8RI5LRaLBA7uRfwEGXEExiqlgnJUwQBda78wmt2mUJx8nSlE8eBFYEo54qvE\" alt=\"sample voucher code\"\/><\/figure>\n\n\n\n<p>3. Obtenez le code du bon aupr\u00e8s des revendeurs ou un utilisateur peut les contacter par le biais du contact fourni par les revendeurs sur le site web.<\/p>\n\n\n\n<p>Si un utilisateur rencontre un probl\u00e8me lors de l&rsquo;achat d&rsquo;un code d&rsquo;activation ou d&rsquo;un code de bon d&rsquo;achat, il doit contacter le revendeur de Worldbytez ou par la page de contact de son site web (https:\/\/worldbytez.com\/contact.html) ou par son courriel \u00e0 info.worldbytez@gmail.com.<\/p>\n\n\n\n<h2>Les revendeurs de Worldbytez<\/h2>\n\n\n\n<p>Vous souhaitez devenir l&rsquo;un des revendeurs des codes d&rsquo;activation ou des codes de bon d&rsquo;achat du compte Worldbytez Premium et du compte Worldbytez Premium ?<\/p>\n\n\n\n<p>Les revendeurs Worldbytez peuvent vendre les comptes Worldbytez Premium et les codes d&rsquo;activation des comptes Worldbytez Premium ou les codes de bon d&rsquo;achat. La soci\u00e9t\u00e9 Worldbytez accorde \u00e0 ses revendeurs officiels une remise sur les produits Worldbytez qu&rsquo;ils vendront sur le march\u00e9 en ligne. Le montant initial de la r\u00e9duction que Worldbytez accorde \u00e0 tous ses revendeurs est de vingt pour cent (20 %).<\/p>\n\n\n\n<p>Parfois, un revendeur d\u00e9cide d&rsquo;accorder une remise sur le prix des produits qu&rsquo;il vend, afin qu&rsquo;un utilisateur ou un client puisse \u00e9conomiser de l&rsquo;argent lorsqu&rsquo;il ach\u00e8te chez un revendeur. <\/p>\n\n\n\n<p>Si un utilisateur souhaite devenir l&rsquo;un des revendeurs officiels de Worldbytez, il ou elle doit envoyer un courriel \u00e0 Worldbytez \u00e0 info@worldbytez.com en incluant les informations requises ci-dessous :<\/p>\n\n\n\n<p>\u2713 Nom complet de l&rsquo;utilisateur<br> \u2713 Pays o\u00f9 se trouve l&rsquo;utilisateur<br> \u2713 Quel est le lieu o\u00f9 il souhaite vendre les produits de Worldbytez ?<br> \u2713 Le mode de paiement qu&rsquo;il ou elle pr\u00e9f\u00e8re.<br> \u2713 Combien un utilisateur peut-il vendre chaque semaine ?<br> \u2713 Le nom d&rsquo;utilisateur qu&rsquo;il ou elle veut pour son compte revendeur.<br> \u2713 Le lien du site web o\u00f9 un utilisateur pr\u00e9voit de vendre les produits de Worldbytez.<\/p>\n\n\n\n<p>Ensuite, si un utilisateur est approuv\u00e9 par Worldbytez pour \u00eatre un revendeur, il ou elle recevra un message de confirmation \u00e0 son adresse \u00e9lectronique avec des informations suppl\u00e9mentaires de Worldbytez.<\/p>\n\n\n\n<figure class=\"wp-block-table\"><table class=\"\"><tbody><tr><td>Nom du site web<\/td><td>Modalit\u00e9s de paiement<\/td><\/tr><tr><td> D-keys <\/td><td>Par MasterCard, virement bancaire ou \u00e9lectronique, VivaWallet, cartes de cr\u00e9dit mondiales, cartes pr\u00e9pay\u00e9es, cartes de d\u00e9bit, Visa et Visa Electron, Maestro, et autres<\/td><\/tr><tr><td>Lobi<\/td><td>Par virement bancaire ou bancaire \u00e9lectronique, cartes pr\u00e9pay\u00e9es, cartes de d\u00e9bit, MasterCard, Maestro, cartes de cr\u00e9dit mondiales, Visa et Visa Electron, et autres<\/td><\/tr><tr><td>Digitadiko<\/td><td>Par Paypal, banque \u00e9lectronique ou virement bancaire, Bitcoin ou Altcoin, d\u00e9p\u00f4t bancaire, cartes de cr\u00e9dit, MasterCard, Visa, Visa Electron, Maestro, American Express, Paysafecard, Payza, Skrill, CashU, Ukash, OKpay, Webmoney, SMS, et autres<\/td><\/tr><tr><td>Economy-Shop<\/td><td>Par Paypal, banque \u00e9lectronique ou virement bancaire, Visa et Visa Electron, cartes pr\u00e9pay\u00e9es, cartes de d\u00e9bit, cartes de cr\u00e9dit mondiales, Maestro, MasterCard, et autres<\/td><\/tr><tr><td>EMediaShop<\/td><td>Par Paypal, banque \u00e9lectronique ou virement bancaire, MasterCard, cartes pr\u00e9pay\u00e9es, cartes de d\u00e9bit, Visa et Visa Electron, cartes de cr\u00e9dit mondiales, Maestro, et autres<\/td><\/tr><\/tbody><\/table><\/figure>\n\n\n\n<p>Un utilisateur peut \u00e9galement proposer \u00e0 Worldbytez le mode de paiement qu&rsquo;il utilise. Il ou elle est libre d&rsquo;en faire part \u00e0 Worldbytez par l&rsquo;interm\u00e9diaire de son courrier \u00e9lectronique (info.worldbytez@gmail.com) ou de sa page de contact.<\/p>\n\n\n\n<p>Un utilisateur doit toujours s&rsquo;assurer qu&rsquo;il ou elle saisit ses informations correctement et valablement, afin qu&rsquo;il n&rsquo;y ait pas de probl\u00e8mes lorsqu&rsquo;il ou elle paie \u00e0 Worldbytez ou lorsque Worldbytez le paie.<\/p>\n\n\n\n<p>Si un utilisateur souhaite annuler son abonnement au service de compte Premium Worldbytez \u00e0 tout moment, mais que Worldbytez ne prend pas en charge le service de remboursement pour ses utilisateurs ou clients pour l&rsquo;instant.<\/p>\n\n\n\n<h3>Informations sur la soci\u00e9t\u00e9 Worldbytez<\/h3>\n\n\n\n<figure class=\"wp-block-table\"><table class=\"\"><tbody><tr><td>Nom de la soci\u00e9t\u00e9 (officiel) :<\/td><td>Worldbytez LTD<\/td><\/tr><tr><td>Adresse de localisation :<\/td><td>Toma Mitov St. No. 18, 1st floor<\/td><\/tr><tr><td>Pays Emplacement :<\/td><td>Bulgaria<\/td><\/tr><tr><td>Code postal (ville) :<\/td><td>Blagoevgrad District,Municipality of Petrich,2850<\/td><\/tr><tr><td>ID de la taxe sur la valeur ajout\u00e9e (TVA)<\/td><td>204850418<\/td><\/tr><tr><td>T\u00e9l. Num\u00e9ro :<\/td><td>+359-877-005-642 (Contact them from 12:00 to 22:00)<\/td><\/tr><tr><td>Email Ajouter :<\/td><td>info.worldbytez@gmail.com<\/td><\/tr><\/tbody><\/table><\/figure>\n\n\n<a class=\"maxbutton-2 maxbutton maxbutton-cta\" target=\"_blank\" rel=\"nofollow noopener\" href=\"\/go\/\"><span class='mb-text'>&gt;&gt; Acc\u00e9der au site original de Linkifier<\/span><\/a>\n\n\n<p><\/p>\n","protected":false},"excerpt":{"rendered":"<p>Worldbytez est l&rsquo;un de ces fournisseurs d&rsquo;h\u00e9bergement de fichiers qui propose un stockage ou une sauvegarde \u00e0 distance ou en<\/p>\n","protected":false},"author":2,"featured_media":0,"parent":0,"menu_order":0,"comment_status":"closed","ping_status":"closed","template":"","meta":[],"yoast_head":"<!-- This site is optimized with the Yoast SEO plugin v18.3 - https:\/\/yoast.com\/wordpress\/plugins\/seo\/ -->\n<title>Worldbytez Premium Compte: Le Filehoster En Un Coup D&#039;\u0153il<\/title>\n<meta name=\"description\" content=\"Que Worldbytez soit un fournisseur r\u00e9put\u00e9 ou non, vous pouvez trouver la r\u00e9ponse dans le test actuel sur Multihoster.org \u279c Cliquez maintenant sur \u271a pour lire nos exp\u00e9riences !\" \/>\n<meta name=\"robots\" content=\"index, follow, max-snippet:-1, max-image-preview:large, max-video-preview:-1\" \/>\n<link rel=\"canonical\" href=\"https:\/\/multihoster.org\/fr\/worldbytez\/\" \/>\n<meta property=\"og:locale\" content=\"fr_FR\" \/>\n<meta property=\"og:type\" content=\"article\" \/>\n<meta property=\"og:title\" content=\"Worldbytez Premium Compte: Le Filehoster En Un Coup D&#039;\u0153il\" \/>\n<meta property=\"og:description\" content=\"Que Worldbytez soit un fournisseur r\u00e9put\u00e9 ou non, vous pouvez trouver la r\u00e9ponse dans le test actuel sur Multihoster.org \u279c Cliquez maintenant sur \u271a pour lire nos exp\u00e9riences !\" \/>\n<meta property=\"og:url\" content=\"https:\/\/multihoster.org\/fr\/worldbytez\/\" \/>\n<meta property=\"og:site_name\" content=\"Multihoster.org\" \/>\n<meta property=\"article:modified_time\" content=\"2020-04-20T12:15:28+00:00\" \/>\n<meta property=\"og:image\" content=\"https:\/\/lh3.googleusercontent.com\/ZwKTn0qxlK9t2UpSPpApEe5RhukrV4XOwXWiMt7O2uS0uv62mqTWd7VBNkqdXw4yWEDJzMqcFq0fT2OOMQqR42ZbpbcLCdrawC7hLUuslDrahfg4QkcU5hu6ewz3tARyzoY346g\" \/>\n<meta name=\"twitter:card\" content=\"summary\" \/>\n<meta name=\"twitter:label1\" content=\"Dur\u00e9e de lecture estim\u00e9e\" \/>\n\t<meta name=\"twitter:data1\" content=\"9 minutes\" \/>\n<script type=\"application\/ld+json\" class=\"yoast-schema-graph\">{\"@context\":\"https:\/\/schema.org\",\"@graph\":[{\"@type\":\"WebSite\",\"@id\":\"https:\/\/multihoster.org\/#website\",\"url\":\"https:\/\/multihoster.org\/\",\"name\":\"Multihoster.org\",\"description\":\"Reviews of the major Filehosting services\",\"potentialAction\":[{\"@type\":\"SearchAction\",\"target\":{\"@type\":\"EntryPoint\",\"urlTemplate\":\"https:\/\/multihoster.org\/?s={search_term_string}\"},\"query-input\":\"required name=search_term_string\"}],\"inLanguage\":\"fr-FR\"},{\"@type\":\"ImageObject\",\"@id\":\"https:\/\/multihoster.org\/fr\/worldbytez\/#primaryimage\",\"inLanguage\":\"fr-FR\",\"url\":\"https:\/\/lh3.googleusercontent.com\/ZwKTn0qxlK9t2UpSPpApEe5RhukrV4XOwXWiMt7O2uS0uv62mqTWd7VBNkqdXw4yWEDJzMqcFq0fT2OOMQqR42ZbpbcLCdrawC7hLUuslDrahfg4QkcU5hu6ewz3tARyzoY346g\",\"contentUrl\":\"https:\/\/lh3.googleusercontent.com\/ZwKTn0qxlK9t2UpSPpApEe5RhukrV4XOwXWiMt7O2uS0uv62mqTWd7VBNkqdXw4yWEDJzMqcFq0fT2OOMQqR42ZbpbcLCdrawC7hLUuslDrahfg4QkcU5hu6ewz3tARyzoY346g\"},{\"@type\":\"WebPage\",\"@id\":\"https:\/\/multihoster.org\/fr\/worldbytez\/#webpage\",\"url\":\"https:\/\/multihoster.org\/fr\/worldbytez\/\",\"name\":\"Worldbytez Premium Compte: Le Filehoster En Un Coup D'\u0153il\",\"isPartOf\":{\"@id\":\"https:\/\/multihoster.org\/#website\"},\"primaryImageOfPage\":{\"@id\":\"https:\/\/multihoster.org\/fr\/worldbytez\/#primaryimage\"},\"datePublished\":\"2020-04-20T09:20:34+00:00\",\"dateModified\":\"2020-04-20T12:15:28+00:00\",\"description\":\"Que Worldbytez soit un fournisseur r\u00e9put\u00e9 ou non, vous pouvez trouver la r\u00e9ponse dans le test actuel sur Multihoster.org \u279c Cliquez maintenant sur \u271a pour lire nos exp\u00e9riences !\",\"breadcrumb\":{\"@id\":\"https:\/\/multihoster.org\/fr\/worldbytez\/#breadcrumb\"},\"inLanguage\":\"fr-FR\",\"potentialAction\":[{\"@type\":\"ReadAction\",\"target\":[\"https:\/\/multihoster.org\/fr\/worldbytez\/\"]}]},{\"@type\":\"BreadcrumbList\",\"@id\":\"https:\/\/multihoster.org\/fr\/worldbytez\/#breadcrumb\",\"itemListElement\":[{\"@type\":\"ListItem\",\"position\":1,\"name\":\"Startseite\",\"item\":\"https:\/\/multihoster.org\/fr\/\"},{\"@type\":\"ListItem\",\"position\":2,\"name\":\"Worldbytez Premium Compte: Le Filehoster En Un Coup D&rsquo;\u0153il\"}]}]}<\/script>\n<!-- \/ Yoast SEO plugin. -->","yoast_head_json":{"title":"Worldbytez Premium Compte: Le Filehoster En Un Coup D'\u0153il","description":"Que Worldbytez soit un fournisseur r\u00e9put\u00e9 ou non, vous pouvez trouver la r\u00e9ponse dans le test actuel sur Multihoster.org \u279c Cliquez maintenant sur \u271a pour lire nos exp\u00e9riences !","robots":{"index":"index","follow":"follow","max-snippet":"max-snippet:-1","max-image-preview":"max-image-preview:large","max-video-preview":"max-video-preview:-1"},"canonical":"https:\/\/multihoster.org\/fr\/worldbytez\/","og_locale":"fr_FR","og_type":"article","og_title":"Worldbytez Premium Compte: Le Filehoster En Un Coup D'\u0153il","og_description":"Que Worldbytez soit un fournisseur r\u00e9put\u00e9 ou non, vous pouvez trouver la r\u00e9ponse dans le test actuel sur Multihoster.org \u279c Cliquez maintenant sur \u271a pour lire nos exp\u00e9riences !","og_url":"https:\/\/multihoster.org\/fr\/worldbytez\/","og_site_name":"Multihoster.org","article_modified_time":"2020-04-20T12:15:28+00:00","og_image":[{"url":"https:\/\/lh3.googleusercontent.com\/ZwKTn0qxlK9t2UpSPpApEe5RhukrV4XOwXWiMt7O2uS0uv62mqTWd7VBNkqdXw4yWEDJzMqcFq0fT2OOMQqR42ZbpbcLCdrawC7hLUuslDrahfg4QkcU5hu6ewz3tARyzoY346g"}],"twitter_card":"summary","twitter_misc":{"Dur\u00e9e de lecture estim\u00e9e":"9 minutes"},"schema":{"@context":"https:\/\/schema.org","@graph":[{"@type":"WebSite","@id":"https:\/\/multihoster.org\/#website","url":"https:\/\/multihoster.org\/","name":"Multihoster.org","description":"Reviews of the major Filehosting services","potentialAction":[{"@type":"SearchAction","target":{"@type":"EntryPoint","urlTemplate":"https:\/\/multihoster.org\/?s={search_term_string}"},"query-input":"required name=search_term_string"}],"inLanguage":"fr-FR"},{"@type":"ImageObject","@id":"https:\/\/multihoster.org\/fr\/worldbytez\/#primaryimage","inLanguage":"fr-FR","url":"https:\/\/lh3.googleusercontent.com\/ZwKTn0qxlK9t2UpSPpApEe5RhukrV4XOwXWiMt7O2uS0uv62mqTWd7VBNkqdXw4yWEDJzMqcFq0fT2OOMQqR42ZbpbcLCdrawC7hLUuslDrahfg4QkcU5hu6ewz3tARyzoY346g","contentUrl":"https:\/\/lh3.googleusercontent.com\/ZwKTn0qxlK9t2UpSPpApEe5RhukrV4XOwXWiMt7O2uS0uv62mqTWd7VBNkqdXw4yWEDJzMqcFq0fT2OOMQqR42ZbpbcLCdrawC7hLUuslDrahfg4QkcU5hu6ewz3tARyzoY346g"},{"@type":"WebPage","@id":"https:\/\/multihoster.org\/fr\/worldbytez\/#webpage","url":"https:\/\/multihoster.org\/fr\/worldbytez\/","name":"Worldbytez Premium Compte: Le Filehoster En Un Coup D'\u0153il","isPartOf":{"@id":"https:\/\/multihoster.org\/#website"},"primaryImageOfPage":{"@id":"https:\/\/multihoster.org\/fr\/worldbytez\/#primaryimage"},"datePublished":"2020-04-20T09:20:34+00:00","dateModified":"2020-04-20T12:15:28+00:00","description":"Que Worldbytez soit un fournisseur r\u00e9put\u00e9 ou non, vous pouvez trouver la r\u00e9ponse dans le test actuel sur Multihoster.org \u279c Cliquez maintenant sur \u271a pour lire nos exp\u00e9riences !","breadcrumb":{"@id":"https:\/\/multihoster.org\/fr\/worldbytez\/#breadcrumb"},"inLanguage":"fr-FR","potentialAction":[{"@type":"ReadAction","target":["https:\/\/multihoster.org\/fr\/worldbytez\/"]}]},{"@type":"BreadcrumbList","@id":"https:\/\/multihoster.org\/fr\/worldbytez\/#breadcrumb","itemListElement":[{"@type":"ListItem","position":1,"name":"Startseite","item":"https:\/\/multihoster.org\/fr\/"},{"@type":"ListItem","position":2,"name":"Worldbytez Premium Compte: Le Filehoster En Un Coup D&rsquo;\u0153il"}]}]}},"_links":{"self":[{"href":"https:\/\/multihoster.org\/fr\/wp-json\/wp\/v2\/pages\/4012"}],"collection":[{"href":"https:\/\/multihoster.org\/fr\/wp-json\/wp\/v2\/pages"}],"about":[{"href":"https:\/\/multihoster.org\/fr\/wp-json\/wp\/v2\/types\/page"}],"author":[{"embeddable":true,"href":"https:\/\/multihoster.org\/fr\/wp-json\/wp\/v2\/users\/2"}],"replies":[{"embeddable":true,"href":"https:\/\/multihoster.org\/fr\/wp-json\/wp\/v2\/comments?post=4012"}],"version-history":[{"count":3,"href":"https:\/\/multihoster.org\/fr\/wp-json\/wp\/v2\/pages\/4012\/revisions"}],"predecessor-version":[{"id":4044,"href":"https:\/\/multihoster.org\/fr\/wp-json\/wp\/v2\/pages\/4012\/revisions\/4044"}],"wp:attachment":[{"href":"https:\/\/multihoster.org\/fr\/wp-json\/wp\/v2\/media?parent=4012"}],"curies":[{"name":"wp","href":"https:\/\/api.w.org\/{rel}","templated":true}]}}