{"id":4051,"date":"2020-04-20T12:20:17","date_gmt":"2020-04-20T12:20:17","guid":{"rendered":"https:\/\/multihoster.org\/icerbox\/"},"modified":"2020-04-20T12:50:33","modified_gmt":"2020-04-20T12:50:33","slug":"icerbox","status":"publish","type":"page","link":"https:\/\/multihoster.org\/fr\/icerbox\/","title":{"rendered":"Icerbox Premium Compte: Le Filehoster En Un Coup D&rsquo;\u0153il"},"content":{"rendered":"<a class=\"maxbutton-2 maxbutton maxbutton-cta\" target=\"_blank\" rel=\"nofollow noopener\" href=\"\/go\/\"><span class='mb-text'>&gt;&gt; Acc\u00e9der au site original de Linkifier<\/span><\/a>\n\n\n<p><\/p>\n\n\n\n<h2>Qu&rsquo;est-ce que l&rsquo;Icerbox ?<\/h2>\n\n\n\n<figure class=\"wp-block-image\"><img src=\"https:\/\/lh3.googleusercontent.com\/493jzcDX3PFt-Lt4SzyCUiMVL0kxnjE6P0HOZhCqmVcMoXTpG1Y-ZLhg51E6BcSVBUnWtZKDSkPAV93vpvaRYBqO7t0CUSYNX_YvYEzLePQxXWa2jTTsfKVAKx5fduxWmtxehI4\" alt=\"Icerbox Logo\"\/><\/figure>\n\n\n\n<p>Icerbox est un service de stockage dans le nuage qui a une mani\u00e8re tr\u00e8s simple de donner \u00e0 ses utilisateurs un service satisfaisant et des fonctionnalit\u00e9s innovantes. Icerbox Premium a un syst\u00e8me de gestion tr\u00e8s pratique qui offre une vitesse de connexion plus rapide, une plus grande capacit\u00e9 de stockage et un service de stockage en nuage s\u00e9curis\u00e9. Il dispose \u00e9galement d&rsquo;une fonction multit\u00e2che qui permet aux utilisateurs de t\u00e9l\u00e9charger et de charger plusieurs fichiers pour un transfert et un acc\u00e8s plus faciles. Cette fonction est \u00e9galement disponible aupr\u00e8s d&rsquo;autres services d&rsquo;h\u00e9bergement de fichiers en ligne, mais Icerbox Premium vous permet de profiter de ces services premium \u00e0 un prix plus avantageux.<\/p>\n\n\n\n<h2>Pourquoi un compte Icerbox Premium ?<\/h2>\n\n\n\n<p>L&rsquo;Icerbox est bon en soi, mais les utilisateurs peuvent am\u00e9liorer consid\u00e9rablement leur service en ayant un compte Icerbox Premium. Le compte Icerbox Premium permet d&rsquo;acc\u00e9der \u00e0 une vaste liste de fonctionnalit\u00e9s int\u00e9ressantes et innovantes. Avec un compte Icerbox Premium, les utilisateurs ont droit \u00e0 une capacit\u00e9 de stockage plus \u00e9lev\u00e9e et \u00e0 des connexions plus rapides au serveur. Les utilisateurs Premium b\u00e9n\u00e9ficient d&rsquo;une bande passante plus \u00e9lev\u00e9e pour assurer un acc\u00e8s plus rapide \u00e0 leur propre stockage, sans parler de la priorit\u00e9 \u00e9lev\u00e9e accord\u00e9e au trafic r\u00e9seau. Les utilisateurs d&rsquo;Icerbox Premium sont \u00e9galement \u00e0 l&rsquo;abri des pop-ups et des publicit\u00e9s ennuyeuses. Ces services co\u00fbtent tous un peu moins de cent dollars par mois.<\/p>\n\n\n\n<h3>Sauvegarde des donn\u00e9es<\/h3>\n\n\n\n<p>L&rsquo;Icerbox Premium est dot\u00e9 d&rsquo;une fonction de sauvegarde qui peut \u00eatre utilis\u00e9e pour s\u00e9curiser les fichiers importants en vue d&rsquo;une utilisation ult\u00e9rieure. La s\u00e9curit\u00e9 des fichiers est tr\u00e8s importante pour les propri\u00e9taires d&rsquo;entreprises qui ont trop de documents \u00e0 conserver. Le bon sens veut que les entreprises disposent d&rsquo;un grand nombre de documents qu&rsquo;elles ne peuvent pas se permettre de perdre, comme les fiches de paie, les registres de pr\u00e9sence et les fichiers de donn\u00e9es des employ\u00e9s. Les \u00e9tudiants ont \u00e9galement une forte demande en mati\u00e8re de s\u00e9curit\u00e9 des donn\u00e9es. Les projets et les pr\u00e9sentations peuvent \u00eatre enregistr\u00e9s dans le nuage et peuvent \u00eatre consult\u00e9s ult\u00e9rieurement si n\u00e9cessaire. L&rsquo;Icerbox Premium peut \u00eatre d&rsquo;une grande aide pour la sauvegarde des fichiers. Avec une connexion tr\u00e8s s\u00fbre et rapide, l&rsquo;Icerbox Premium est un excellent service de stockage dans le nuage pour ceux qui ont une priorit\u00e9 \u00e9lev\u00e9e pour la s\u00e9curit\u00e9 des fichiers importants.<\/p>\n\n\n\n<h3>Acc\u00e8s multi-plateforme <\/h3>\n\n\n\n<p>Il est ind\u00e9niable que l&rsquo;\u00e9poque actuelle est tr\u00e8s rapide et que certaines personnes ne peuvent pas suivre le rythme de la gestion de leurs fichiers et de leurs m\u00e9dias. Mais depuis le d\u00e9veloppement des applications mobiles, ces probl\u00e8mes insignifiants ont \u00e9t\u00e9 r\u00e9solus. Les gens peuvent d\u00e9sormais contr\u00f4ler la gestion de leurs donn\u00e9es gr\u00e2ce aux applications mobiles. Heureusement, l&rsquo;Icerbox Premium offre une connectivit\u00e9 multi-plateforme. Les utilisateurs peuvent acc\u00e9der \u00e0 leurs fichiers par le biais de leurs appareils mobiles. Que ce soit sous Windows, Android ou IOS, le service de stockage dans le nuage Icerbox Premium assure vos arri\u00e8res. Cette large capacit\u00e9 multi-plateforme offre des moyens plus flexibles et plus faciles de g\u00e9rer enti\u00e8rement vos besoins en mati\u00e8re de conservation de fichiers et de documents. Cette fonction multi-plateforme est \u00e9galement parfaite pour les artistes et photographes num\u00e9riques qui ont besoin que leurs \u0153uvres soient t\u00e9l\u00e9charg\u00e9es en toute s\u00e9curit\u00e9 sur leur propre stockage en ligne.<\/p>\n\n\n\n<h3>Stockage s\u00e9curis\u00e9 dans le nuage<\/h3>\n\n\n\n<p>L&rsquo;une des principales raisons pour lesquelles les gens s&rsquo;abonnent \u00e0 des services de stockage dans le nuage est la s\u00e9curit\u00e9 de leurs fichiers importants. Mais il existe d&rsquo;autres services d&rsquo;h\u00e9bergement de fichiers dont le stockage et la base de donn\u00e9es sont faciles \u00e0 pirater. Cela peut \u00eatre tr\u00e8s mauvais, surtout si vous conservez des documents ou des m\u00e9dias importants dans votre stockage dans le nuage. L&rsquo;Icerbox Premium, en revanche, dispose d&rsquo;un stockage en nuage tr\u00e8s s\u00e9curis\u00e9. L&rsquo;Icerbox utilise des centres de donn\u00e9es pour s&rsquo;assurer que tous les fichiers que ses utilisateurs t\u00e9l\u00e9chargent sont stock\u00e9s en toute s\u00e9curit\u00e9 dans leur nuage. Sur Internet, de nombreuses entit\u00e9s malveillantes attendent simplement de voler des fichiers et des m\u00e9dias importants \u00e0 des victimes potentielles, mais les fonctions de s\u00e9curit\u00e9 de l&rsquo;Icerbox Premium suppriment les risques de piratage et de vol de m\u00e9dias et de documents.<\/p>\n\n\n\n<h3>Une capacit\u00e9 de stockage plus importante <\/h3>\n\n\n\n<p>Avec un compte Icerbox Premium, vous b\u00e9n\u00e9ficiez d&rsquo;une capacit\u00e9 de stockage accrue. Normalement, les utilisateurs gratuits ne disposent que d&rsquo;un espace de stockage limit\u00e9, mais un compte Icerbox Premium vous permet de b\u00e9n\u00e9ficier d&rsquo;un espace de stockage en nuage d&rsquo;une capacit\u00e9 totale de 1 To. Stockez tous les fichiers que vous voulez sans vous soucier de l&rsquo;\u00e9puisement de la capacit\u00e9 de stockage disponible. Qu&rsquo;il s&rsquo;agisse de fichiers multim\u00e9dia ou de fichiers vid\u00e9o de grande taille, Icerbox Premium vous offre une capacit\u00e9 de stockage qui peut accueillir des fichiers de grande taille. Les cr\u00e9ateurs de contenu peuvent profiter de cette grande capacit\u00e9 de stockage en t\u00e9l\u00e9chargeant leurs contenus en ligne et en conservant leurs \u0153uvres en toute s\u00e9curit\u00e9 dans le stockage sur le cloud.<\/p>\n\n\n\n<h3>Pas de publicit\u00e9<\/h3>\n\n\n\n<p>Contrairement au compte gratuit qui tire ses revenus des publicit\u00e9s, le compte Icerbox Premium est exempt de ces fen\u00eatres publicitaires g\u00eanantes. Profitez du service Icerbox Premium sans \u00eatre d\u00e9rang\u00e9 par des publicit\u00e9s qui peuvent vous amener sur d&rsquo;autres sites web.<\/p>\n\n\n<a class=\"maxbutton-2 maxbutton maxbutton-cta\" target=\"_blank\" rel=\"nofollow noopener\" href=\"\/go\/\"><span class='mb-text'>&gt;&gt; Acc\u00e9der au site original de Linkifier<\/span><\/a>\n\n\n<p><\/p>\n\n\n\n<h3>Liens directs<\/h3>\n\n\n\n<p>T\u00e9l\u00e9charger vos fichiers et autres contenus \u00e0 partir du stockage en nuage Icerbox Premium est tr\u00e8s facile avec un compte Icerbox Premium. Les utilisateurs d&rsquo;un compte Premium peuvent utiliser des URL et des liens directs pour un acc\u00e8s plus rapide \u00e0 leurs fichiers et contenus. Ces URL peuvent \u00e9galement \u00eatre utilis\u00e9es pour partager leurs fichiers avec qui ils le souhaitent. Cette fonction de compte Icerbox Premium permet une gestion sans probl\u00e8me de vos fichiers. Il est conseill\u00e9 d&rsquo;utiliser cette fonction sur le lieu de travail. Les personnes qui travaillent sur un projet peuvent facilement partager leurs fichiers importants avec un simple lien. Les autres personnes du groupe peuvent ensuite t\u00e9l\u00e9charger les fichiers par elles-m\u00eames. Cette fonction de lien direct de l&rsquo;Icerbox Premium offre un moyen tr\u00e8s simple mais s\u00fbr de partager des fichiers importants entre amis et pairs. Il vous suffit de copier et de coller l&rsquo;URL et votre fichier est pr\u00eat \u00e0 \u00eatre utilis\u00e9.<\/p>\n\n\n\n<figure class=\"wp-block-image\"><img src=\"https:\/\/lh3.googleusercontent.com\/HQNhdcagPamIueLOxgMqcKHczdiPnzCTHziaGCU8fl5jGCfi34JrXESuIjWn0wckTDMEg2hYRWAlCrPd-qL0EjhOMWbgBcBfa0rrMKEaq-Q14OSdRbdSa0AYVaM81sHcnq4BFbw\" alt=\"Icerbox Premium features\"\/><\/figure>\n\n\n\n<h2>Comment obtenir votre propre compte Icerbox Premium ?<\/h2>\n\n\n\n<p>L&rsquo;Icerbox Premium propose de nombreuses formules flexibles. Vous pouvez choisir un abonnement qui correspond parfaitement \u00e0 vos besoins et \u00e0 votre activit\u00e9. Les utilisateurs peuvent choisir librement parmi trois types de comptes, le compte de base, le compte moyen et le compte gros. Tous ont des formules diff\u00e9rentes en fonction des besoins de leurs utilisateurs.<\/p>\n\n\n\n<p>Voici une comparaison des types de comptes Premium :<\/p>\n\n\n\n<figure class=\"wp-block-table\"><table class=\"\"><tbody><tr><td>Type de compte<\/td><td>De base<\/td><td>Moyen<\/td><td>Grand<\/td><\/tr><tr><td>Dur\u00e9e<\/td><td>1 mois<\/td><td>3 mois<\/td><td>6 mois<\/td><\/tr><tr><td>Taille de stockage<\/td><td>500 GB<\/td><td>750 GB<\/td><td>1 TB<\/td><\/tr><tr><td>Vitesse<\/td><td>Illimit\u00e9<\/td><td>Illimit\u00e9<\/td><td>Illimit\u00e9<\/td><\/tr><tr><td>Co\u00fbt<\/td><td>$17<\/td><td>$40<\/td><td>$70<\/td><\/tr><tr><td>Moyenne par jour<\/td><td>0,57 $ par jour<\/td><td>0,44 $ par jour<\/td><td>0,39 $ par jour<\/td><\/tr><\/tbody><\/table><\/figure>\n\n\n\n<p>Vous constaterez peut-\u00eatre que plus le compte est important, plus le montant que vous pouvez \u00e9conomiser est \u00e9lev\u00e9, car le co\u00fbt moyen par jour diminue \u00e9galement. Toutefois, le compte que vous choisirez d\u00e9pend toujours de vos besoins et de vos capacit\u00e9s financi\u00e8res.<\/p>\n\n\n\n<p>L&rsquo;Icerbox Premium offre \u00e9galement diff\u00e9rents moyens flexibles de recevoir des paiements. Il s&rsquo;agit notamment de MasterCard, VISA et PayPal. Vous pouvez \u00e9galement choisir parmi les revendeurs en ligne.<\/p>\n\n\n\n<figure class=\"wp-block-image\"><img src=\"https:\/\/lh5.googleusercontent.com\/Fs4nM-oeJK_bUhXeZfMF4JLqTpAPCBk3ZkK53lVTJ_LJGBKCJBMJXhtX--nKfr7GuNutQ3mEAoCn-7hiAd0NqrZ2Jh-8J86HHfExiefjzlFo36keZAoJrqcQjsxrUIE1B3SJDXE\" alt=\"Icerbox Premium packages\"\/><\/figure>\n\n\n\n<h2>Compte Icerbox Premium : Le meilleur service complet d&rsquo;h\u00e9bergement de fichiers<\/h2>\n\n\n\n<p>Le besoin d&rsquo;une gestion des fichiers et des m\u00e9dias meilleure et plus rapide est relativement croissant en raison de la fa\u00e7on dont les gens comptent davantage sur le passage au num\u00e9rique dans tous les domaines. Des travaux scolaires aux documents importants des entreprises, tout est aujourd&rsquo;hui converti en fichiers num\u00e9riques. Avec cette tendance, ainsi que le besoin de services de stockage faciles et rapides. L&rsquo;Icerbox Premium poss\u00e8de toutes les fonctionnalit\u00e9s et les services n\u00e9cessaires pour r\u00e9pondre pleinement \u00e0 ce besoin d&rsquo;acc\u00e8s rapide aux fichiers et aux m\u00e9dias. Avec un stockage en nuage s\u00e9curis\u00e9, les utilisateurs peuvent \u00eatre assur\u00e9s de la s\u00e9curit\u00e9 de leurs fichiers. La vitesse et l&rsquo;am\u00e9lioration de la bande passante sont d&rsquo;autres \u00e9l\u00e9ments qui font de l&rsquo;Icerbox Premium un meilleur choix que la plupart des services d&rsquo;h\u00e9bergement de fichiers au m\u00eame prix. L&rsquo;Icerbox Premium, malgr\u00e9 son prix d&rsquo;abonnement peu \u00e9lev\u00e9, ne manque pas de meilleurs services. Si vous \u00eates un \u00e9tudiant ou un cr\u00e9ateur de contenu num\u00e9rique, en particulier, l&rsquo;Icerbox Premium est le meilleur service de stockage en ligne dans le nuage que vous pouvez trouver.<\/p>\n\n\n<a class=\"maxbutton-2 maxbutton maxbutton-cta\" target=\"_blank\" rel=\"nofollow noopener\" href=\"\/go\/\"><span class='mb-text'>&gt;&gt; Acc\u00e9der au site original de Linkifier<\/span><\/a>\n\n\n<p><\/p>\n","protected":false},"excerpt":{"rendered":"<p>Qu&rsquo;est-ce que l&rsquo;Icerbox ? Icerbox est un service de stockage dans le nuage qui a une mani\u00e8re tr\u00e8s simple de<\/p>\n","protected":false},"author":2,"featured_media":0,"parent":0,"menu_order":0,"comment_status":"closed","ping_status":"closed","template":"","meta":[],"yoast_head":"<!-- This site is optimized with the Yoast SEO plugin v18.3 - https:\/\/yoast.com\/wordpress\/plugins\/seo\/ -->\n<title>Icerbox Premium Compte: Le Filehoster En Un Coup D&#039;\u0153il<\/title>\n<meta name=\"description\" content=\"Icerbox est-il un fournisseur r\u00e9put\u00e9 ou non, vous pouvez trouver la r\u00e9ponse dans le test actuel sur Multihoster.org \u279c Cliquez maintenant sur \u271a pour lire nos exp\u00e9riences !\" \/>\n<meta name=\"robots\" content=\"index, follow, max-snippet:-1, max-image-preview:large, max-video-preview:-1\" \/>\n<link rel=\"canonical\" href=\"https:\/\/multihoster.org\/fr\/icerbox\/\" \/>\n<meta property=\"og:locale\" content=\"fr_FR\" \/>\n<meta property=\"og:type\" content=\"article\" \/>\n<meta property=\"og:title\" content=\"Icerbox Premium Compte: Le Filehoster En Un Coup D&#039;\u0153il\" \/>\n<meta property=\"og:description\" content=\"Icerbox est-il un fournisseur r\u00e9put\u00e9 ou non, vous pouvez trouver la r\u00e9ponse dans le test actuel sur Multihoster.org \u279c Cliquez maintenant sur \u271a pour lire nos exp\u00e9riences !\" \/>\n<meta property=\"og:url\" content=\"https:\/\/multihoster.org\/fr\/icerbox\/\" \/>\n<meta property=\"og:site_name\" content=\"Multihoster.org\" \/>\n<meta property=\"article:modified_time\" content=\"2020-04-20T12:50:33+00:00\" \/>\n<meta property=\"og:image\" content=\"https:\/\/lh3.googleusercontent.com\/493jzcDX3PFt-Lt4SzyCUiMVL0kxnjE6P0HOZhCqmVcMoXTpG1Y-ZLhg51E6BcSVBUnWtZKDSkPAV93vpvaRYBqO7t0CUSYNX_YvYEzLePQxXWa2jTTsfKVAKx5fduxWmtxehI4\" \/>\n<meta name=\"twitter:card\" content=\"summary\" \/>\n<meta name=\"twitter:label1\" content=\"Dur\u00e9e de lecture estim\u00e9e\" \/>\n\t<meta name=\"twitter:data1\" content=\"7 minutes\" \/>\n<script type=\"application\/ld+json\" class=\"yoast-schema-graph\">{\"@context\":\"https:\/\/schema.org\",\"@graph\":[{\"@type\":\"WebSite\",\"@id\":\"https:\/\/multihoster.org\/#website\",\"url\":\"https:\/\/multihoster.org\/\",\"name\":\"Multihoster.org\",\"description\":\"Reviews of the major Filehosting services\",\"potentialAction\":[{\"@type\":\"SearchAction\",\"target\":{\"@type\":\"EntryPoint\",\"urlTemplate\":\"https:\/\/multihoster.org\/?s={search_term_string}\"},\"query-input\":\"required name=search_term_string\"}],\"inLanguage\":\"fr-FR\"},{\"@type\":\"ImageObject\",\"@id\":\"https:\/\/multihoster.org\/fr\/icerbox\/#primaryimage\",\"inLanguage\":\"fr-FR\",\"url\":\"https:\/\/lh3.googleusercontent.com\/493jzcDX3PFt-Lt4SzyCUiMVL0kxnjE6P0HOZhCqmVcMoXTpG1Y-ZLhg51E6BcSVBUnWtZKDSkPAV93vpvaRYBqO7t0CUSYNX_YvYEzLePQxXWa2jTTsfKVAKx5fduxWmtxehI4\",\"contentUrl\":\"https:\/\/lh3.googleusercontent.com\/493jzcDX3PFt-Lt4SzyCUiMVL0kxnjE6P0HOZhCqmVcMoXTpG1Y-ZLhg51E6BcSVBUnWtZKDSkPAV93vpvaRYBqO7t0CUSYNX_YvYEzLePQxXWa2jTTsfKVAKx5fduxWmtxehI4\"},{\"@type\":\"WebPage\",\"@id\":\"https:\/\/multihoster.org\/fr\/icerbox\/#webpage\",\"url\":\"https:\/\/multihoster.org\/fr\/icerbox\/\",\"name\":\"Icerbox Premium Compte: Le Filehoster En Un Coup D'\u0153il\",\"isPartOf\":{\"@id\":\"https:\/\/multihoster.org\/#website\"},\"primaryImageOfPage\":{\"@id\":\"https:\/\/multihoster.org\/fr\/icerbox\/#primaryimage\"},\"datePublished\":\"2020-04-20T12:20:17+00:00\",\"dateModified\":\"2020-04-20T12:50:33+00:00\",\"description\":\"Icerbox est-il un fournisseur r\u00e9put\u00e9 ou non, vous pouvez trouver la r\u00e9ponse dans le test actuel sur Multihoster.org \u279c Cliquez maintenant sur \u271a pour lire nos exp\u00e9riences !\",\"breadcrumb\":{\"@id\":\"https:\/\/multihoster.org\/fr\/icerbox\/#breadcrumb\"},\"inLanguage\":\"fr-FR\",\"potentialAction\":[{\"@type\":\"ReadAction\",\"target\":[\"https:\/\/multihoster.org\/fr\/icerbox\/\"]}]},{\"@type\":\"BreadcrumbList\",\"@id\":\"https:\/\/multihoster.org\/fr\/icerbox\/#breadcrumb\",\"itemListElement\":[{\"@type\":\"ListItem\",\"position\":1,\"name\":\"Startseite\",\"item\":\"https:\/\/multihoster.org\/fr\/\"},{\"@type\":\"ListItem\",\"position\":2,\"name\":\"Icerbox Premium Compte: Le Filehoster En Un Coup D&rsquo;\u0153il\"}]}]}<\/script>\n<!-- \/ Yoast SEO plugin. -->","yoast_head_json":{"title":"Icerbox Premium Compte: Le Filehoster En Un Coup D'\u0153il","description":"Icerbox est-il un fournisseur r\u00e9put\u00e9 ou non, vous pouvez trouver la r\u00e9ponse dans le test actuel sur Multihoster.org \u279c Cliquez maintenant sur \u271a pour lire nos exp\u00e9riences !","robots":{"index":"index","follow":"follow","max-snippet":"max-snippet:-1","max-image-preview":"max-image-preview:large","max-video-preview":"max-video-preview:-1"},"canonical":"https:\/\/multihoster.org\/fr\/icerbox\/","og_locale":"fr_FR","og_type":"article","og_title":"Icerbox Premium Compte: Le Filehoster En Un Coup D'\u0153il","og_description":"Icerbox est-il un fournisseur r\u00e9put\u00e9 ou non, vous pouvez trouver la r\u00e9ponse dans le test actuel sur Multihoster.org \u279c Cliquez maintenant sur \u271a pour lire nos exp\u00e9riences !","og_url":"https:\/\/multihoster.org\/fr\/icerbox\/","og_site_name":"Multihoster.org","article_modified_time":"2020-04-20T12:50:33+00:00","og_image":[{"url":"https:\/\/lh3.googleusercontent.com\/493jzcDX3PFt-Lt4SzyCUiMVL0kxnjE6P0HOZhCqmVcMoXTpG1Y-ZLhg51E6BcSVBUnWtZKDSkPAV93vpvaRYBqO7t0CUSYNX_YvYEzLePQxXWa2jTTsfKVAKx5fduxWmtxehI4"}],"twitter_card":"summary","twitter_misc":{"Dur\u00e9e de lecture estim\u00e9e":"7 minutes"},"schema":{"@context":"https:\/\/schema.org","@graph":[{"@type":"WebSite","@id":"https:\/\/multihoster.org\/#website","url":"https:\/\/multihoster.org\/","name":"Multihoster.org","description":"Reviews of the major Filehosting services","potentialAction":[{"@type":"SearchAction","target":{"@type":"EntryPoint","urlTemplate":"https:\/\/multihoster.org\/?s={search_term_string}"},"query-input":"required name=search_term_string"}],"inLanguage":"fr-FR"},{"@type":"ImageObject","@id":"https:\/\/multihoster.org\/fr\/icerbox\/#primaryimage","inLanguage":"fr-FR","url":"https:\/\/lh3.googleusercontent.com\/493jzcDX3PFt-Lt4SzyCUiMVL0kxnjE6P0HOZhCqmVcMoXTpG1Y-ZLhg51E6BcSVBUnWtZKDSkPAV93vpvaRYBqO7t0CUSYNX_YvYEzLePQxXWa2jTTsfKVAKx5fduxWmtxehI4","contentUrl":"https:\/\/lh3.googleusercontent.com\/493jzcDX3PFt-Lt4SzyCUiMVL0kxnjE6P0HOZhCqmVcMoXTpG1Y-ZLhg51E6BcSVBUnWtZKDSkPAV93vpvaRYBqO7t0CUSYNX_YvYEzLePQxXWa2jTTsfKVAKx5fduxWmtxehI4"},{"@type":"WebPage","@id":"https:\/\/multihoster.org\/fr\/icerbox\/#webpage","url":"https:\/\/multihoster.org\/fr\/icerbox\/","name":"Icerbox Premium Compte: Le Filehoster En Un Coup D'\u0153il","isPartOf":{"@id":"https:\/\/multihoster.org\/#website"},"primaryImageOfPage":{"@id":"https:\/\/multihoster.org\/fr\/icerbox\/#primaryimage"},"datePublished":"2020-04-20T12:20:17+00:00","dateModified":"2020-04-20T12:50:33+00:00","description":"Icerbox est-il un fournisseur r\u00e9put\u00e9 ou non, vous pouvez trouver la r\u00e9ponse dans le test actuel sur Multihoster.org \u279c Cliquez maintenant sur \u271a pour lire nos exp\u00e9riences !","breadcrumb":{"@id":"https:\/\/multihoster.org\/fr\/icerbox\/#breadcrumb"},"inLanguage":"fr-FR","potentialAction":[{"@type":"ReadAction","target":["https:\/\/multihoster.org\/fr\/icerbox\/"]}]},{"@type":"BreadcrumbList","@id":"https:\/\/multihoster.org\/fr\/icerbox\/#breadcrumb","itemListElement":[{"@type":"ListItem","position":1,"name":"Startseite","item":"https:\/\/multihoster.org\/fr\/"},{"@type":"ListItem","position":2,"name":"Icerbox Premium Compte: Le Filehoster En Un Coup D&rsquo;\u0153il"}]}]}},"_links":{"self":[{"href":"https:\/\/multihoster.org\/fr\/wp-json\/wp\/v2\/pages\/4051"}],"collection":[{"href":"https:\/\/multihoster.org\/fr\/wp-json\/wp\/v2\/pages"}],"about":[{"href":"https:\/\/multihoster.org\/fr\/wp-json\/wp\/v2\/types\/page"}],"author":[{"embeddable":true,"href":"https:\/\/multihoster.org\/fr\/wp-json\/wp\/v2\/users\/2"}],"replies":[{"embeddable":true,"href":"https:\/\/multihoster.org\/fr\/wp-json\/wp\/v2\/comments?post=4051"}],"version-history":[{"count":1,"href":"https:\/\/multihoster.org\/fr\/wp-json\/wp\/v2\/pages\/4051\/revisions"}],"predecessor-version":[{"id":4061,"href":"https:\/\/multihoster.org\/fr\/wp-json\/wp\/v2\/pages\/4051\/revisions\/4061"}],"wp:attachment":[{"href":"https:\/\/multihoster.org\/fr\/wp-json\/wp\/v2\/media?parent=4051"}],"curies":[{"name":"wp","href":"https:\/\/api.w.org\/{rel}","templated":true}]}}