{"id":4111,"date":"2020-04-21T11:37:48","date_gmt":"2020-04-21T11:37:48","guid":{"rendered":"https:\/\/multihoster.org\/wipfiles\/"},"modified":"2020-04-21T12:10:02","modified_gmt":"2020-04-21T12:10:02","slug":"wipfiles","status":"publish","type":"page","link":"https:\/\/multihoster.org\/fr\/wipfiles\/","title":{"rendered":"WipFiles Premium Compte: Le Filehoster En Un Coup D&rsquo;\u0153il"},"content":{"rendered":"\n<figure class=\"wp-block-image\"><img src=\"https:\/\/lh5.googleusercontent.com\/bTpIFx537dT-rest-gAP3KZZQkErDmcV1CfuQEo4e0CqhVqUiWRKJNFvA_m0cN-o6cAS9cgFIdx33rQ16G9W5XHjJx52FBjTPKn7geqWRoSYrqyb3wRpKQ1plPi2_YMDZda5atg\" alt=\"WipFiles logo\"\/><\/figure>\n\n\n\n<p>WipFiles est l&rsquo;un des fournisseurs d&rsquo;h\u00e9bergement de fichiers et dispose de trois types de comptes diff\u00e9rents pour ses utilisateurs : Le compte gratuit WipFiles, le compte enregistr\u00e9 WipFiles et le compte Premium WipFiles.<\/p>\n\n\n\n<p>Si un utilisateur a un probl\u00e8me avec la mani\u00e8re dont il va maintenir ses dossiers en place sans avoir \u00e0 s&rsquo;en pr\u00e9occuper toujours, voici la solution dont il a besoin pour sa vie quotidienne. Voici WipFiles qui est pr\u00eat \u00e0 aider tout le monde avec ses fonctionnalit\u00e9s et services de gestion de fichiers. Un utilisateur peut utiliser WipFiles pour garder ses fichiers en place o\u00f9 qu&rsquo;il se trouve et il peut y acc\u00e9der ou les ouvrir quand il le souhaite sans avoir \u00e0 se soucier de rien, surtout si c&rsquo;est pour un besoin urgent comme la pr\u00e9sentation d&rsquo;un projet ou d&rsquo;un rapport, la recherche ou la r\u00e9daction d&rsquo;une th\u00e8se et d&rsquo;autres choses importantes. <\/p>\n\n\n\n<p>De plus, un utilisateur peut stocker, t\u00e9l\u00e9charger, acc\u00e9der, charger et partager ses donn\u00e9es ou ses fichiers sans avoir recours \u00e0 un stockage externe ou \u00e0 un pilote externe, car WipFiles offre un <a rel=\"noreferrer noopener\" aria-label=\"espace de stockage (opens in a new tab)\" href=\"https:\/\/techterms.com\/definition\/storagecapacity\" target=\"_blank\">espace de stockage<\/a> permettant \u00e0 un utilisateur de <a rel=\"noreferrer noopener\" aria-label=\"sauvegarder  (opens in a new tab)\" href=\"https:\/\/www.yourdictionary.com\/back-up\" target=\"_blank\">sauvegarder <\/a>ou de r\u00e9cup\u00e9rer ses donn\u00e9es ou ses fichiers \u00e0 tout moment et en tout lieu gr\u00e2ce \u00e0 l&rsquo;aide de la connexion internet. WipFiles fait office de stockage dans un monde en ligne ou virtuel.<\/p>\n\n\n\n<p>Le site WipFiles est tr\u00e8s simple et basique et peut \u00eatre facilement compris et utilis\u00e9 par diff\u00e9rents types d&rsquo;utilisateurs. Le site de WipFiles est \u00e9galement pris en charge par certaines langues, de sorte que les utilisateurs peuvent passer \u00e0 une langue qu&rsquo;ils peuvent facilement comprendre. Les langues prises en charge par le site WipFiles sont l&rsquo;anglais, le russe, le fran\u00e7ais, l&rsquo;allemand, le turc, l&rsquo;arabe, le polonais, le tha\u00ef, le japonais, l&rsquo;espagnol, le hongrois et l&rsquo;indon\u00e9sien.<\/p>\n\n\n\n<p>Un utilisateur peut \u00e9galement faire des b\u00e9n\u00e9fices en utilisant le site WipFiles en partageant simplement ses fichiers t\u00e9l\u00e9charg\u00e9s sur des sites de m\u00e9dias sociaux, des blogs ou des courriels.<\/p>\n\n\n\n<p>Pourquoi un utilisateur devrait-il opter pour le compte premium WipFiles ?<\/p>\n\n\n\n<p>\u2714 Il n&rsquo;y a pas de limite au t\u00e9l\u00e9chargement d&rsquo;un ou plusieurs fichiers.<br> \u2714 Il n&rsquo;y a pas de limite quant \u00e0 la taille d&rsquo;un ou plusieurs fichiers \u00e0 t\u00e9l\u00e9charger.<br> \u2714 Il n&rsquo;y a pas de limite en ce qui concerne la taille de l&rsquo;espace de stockage.<br> \u2714 Il y a un volume de vingt-quatre gigaoctets (24 Go) pour les t\u00e9l\u00e9chargements chaque jour.<br> \u2714 Il permet le t\u00e9l\u00e9chargement \u00e0 distance d&rsquo;un ou plusieurs fichiers.<br> \u2714 Il dispose d&rsquo;acc\u00e9l\u00e9rateurs pour le t\u00e9l\u00e9chargement d&rsquo;un ou de plusieurs fichiers.<br> \u2714 Il peut reprendre ou interrompre le t\u00e9l\u00e9chargement d&rsquo;un ou plusieurs fichiers.<br> \u2714 Il n&rsquo;a pas de d\u00e9lais pour les t\u00e9l\u00e9chargements.<br> \u2714 Il n&rsquo;a pas de captcha.<br> \u2714 Il n&rsquo;y a pas de <a href=\"https:\/\/www.merriam-webster.com\/dictionary\/advertisement\" target=\"_blank\" rel=\"noreferrer noopener\" aria-label=\"publicit\u00e9 (opens in a new tab)\">publicit\u00e9<\/a>.<br> \u2714 Il ne supprime pas les fichiers t\u00e9l\u00e9charg\u00e9s, mais il le fera si le propri\u00e9taire ou le t\u00e9l\u00e9chargeur demande la suppression.<\/p>\n\n\n<a class=\"maxbutton-2 maxbutton maxbutton-cta\" target=\"_blank\" rel=\"nofollow noopener\" href=\"\/go\/\"><span class='mb-text'>&gt;&gt; Acc\u00e9der au site original de Linkifier<\/span><\/a>\n\n\n<p><\/p>\n\n\n\n<h2>WipFiles Premium Compte <\/h2>\n\n\n\n<h3>Les diff\u00e9rentes caract\u00e9ristiques des types de comptes WipFiles<\/h3>\n\n\n\n<figure class=\"wp-block-table\"><table class=\"\"><tbody><tr><td><br>Caract\u00e9ristiques des fichiers WipFiles <\/td><td>Gratuit<\/td><td>Enregistr\u00e9<\/td><td>Premium<\/td><\/tr><tr><td>Taille d&rsquo;un fichier \u00e0 t\u00e9l\u00e9charger (Max)<\/td><td>Cent m\u00e9gaoctets (100 MB)<\/td><td>Mille cinq cents m\u00e9gaoctets (1500 MB)<\/td><td> Mille cinq cents m\u00e9gaoctets (1500 MB) <\/td><\/tr><tr><td>Taille de la capacit\u00e9 de l&rsquo;espace de stockage<\/td><td>Tr\u00e8s limit\u00e9<\/td><td>Limit\u00e9e<\/td><td>Grande capacit\u00e9 de stockage<\/td><\/tr><tr><td>Taille du volume du t\u00e9l\u00e9chargement<\/td><td>Dispose de quatre gigaoctets (4 Go) en trois (3) jours<\/td><td>Dispose de sept gigaoctets (7 Go) en trois (3) jours<\/td><td>Dispose de sept gigaoctets (7 Go) en trois (3) jours<\/td><\/tr><tr><td>T\u00e9l\u00e9chargement d&rsquo;un ou plusieurs fichiers \u00e0 l&rsquo;aide du t\u00e9l\u00e9chargement \u00e0 distance par URL<\/td><td>\u2612 Non soutenu<\/td><td>\u2612 Non soutenu<\/td><td>\u2611 Soutenu<\/td><\/tr><tr><td>Utilisation d&rsquo;acc\u00e9l\u00e9rateurs pour le t\u00e9l\u00e9chargement d&rsquo;un ou plusieurs fichiers<\/td><td>\u2611 Soutenu<\/td><td>\u2611 Soutenu<\/td><td>\u2611 Soutenu<\/td><\/tr><tr><td>Reprendre le t\u00e9l\u00e9chargement d&rsquo;un ou plusieurs fichiers<\/td><td>\u2611 Soutenu<\/td><td>\u2611 Soutenu<\/td><td>\u2611 Soutenu<\/td><\/tr><tr><td>T\u00e9l\u00e9chargement d&rsquo;un ou plusieurs fichiers sans d\u00e9lai ni attente<\/td><td>\u2612 Non soutenu<\/td><td>\u2612 Non soutenu<\/td><td>\u2611 Soutenu<\/td><\/tr><tr><td>T\u00e9l\u00e9chargement d&rsquo;un fichier ou de fichiers sans captcha<\/td><td>\u2612 Non soutenu<\/td><td>\u2611 Soutenu<\/td><td>\u2611 Soutenu<\/td><\/tr><tr><td>Pages sans publicit\u00e9<\/td><td>\u2612 Non soutenu<\/td><td>\u2612 Non soutenu<\/td><td>\u2611 Soutenu<\/td><\/tr><tr><td>Suppression du ou des fichiers de l&rsquo;utilisateur<\/td><td>Les fichiers ne seront jamais supprim\u00e9s<\/td><td>Les fichiers ne seront jamais supprim\u00e9s<\/td><td>Les fichiers ne seront jamais supprim\u00e9s<\/td><\/tr><\/tbody><\/table><\/figure>\n\n\n\n<p>Un utilisateur doit payer le prix d&rsquo;un plan de compte premium WipFiles s\u00e9lectionn\u00e9 pour qu&rsquo;il puisse utiliser toutes les fonctionnalit\u00e9s et services premium de WipFiles. Veuillez voir ci-dessous les diff\u00e9rentes m\u00e9thodes de paiement pour payer le compte premium de WipFiles.<\/p>\n\n\n\n<h3>Les prix du plan de compte premium WipFiles<\/h3>\n\n\n\n<figure class=\"wp-block-table\"><table class=\"\"><tbody><tr><td>Jours # :<\/td><td>30<\/td><td>90<\/td><td>180<\/td><td>365<\/td><\/tr><tr><td>Prix :<\/td><td>12,95 USD<\/td><td>32,50 USD<\/td><td>58,45 USD<\/td><td>99,95 USD<\/td><\/tr><tr><td>Modes de paiement :<\/td><td>Un utilisateur peut payer WipFiles Premium Account Plan via Visa, MasterCard et PayPal<\/td><\/tr><\/tbody><\/table><\/figure>\n\n\n\n<p>Un utilisateur peut \u00e9galement acheter ou payer le plan de compte premium WipFiles et le code d&rsquo;activation ou le code de bon d&rsquo;achat du compte premium WipFiles aupr\u00e8s des revendeurs officiels de WipFiles. Veuillez voir ci-dessous les diff\u00e9rents revendeurs agr\u00e9\u00e9s de WipFiles et les m\u00e9thodes de paiement qu&rsquo;ils prennent en charge.<\/p>\n\n\n<a class=\"maxbutton-2 maxbutton maxbutton-cta\" target=\"_blank\" rel=\"nofollow noopener\" href=\"\/go\/\"><span class='mb-text'>&gt;&gt; Acc\u00e9der au site original de Linkifier<\/span><\/a>\n\n\n<p><\/p>\n\n\n\n<h2>Les revendeurs WipFiles et leur mode de paiement<\/h2>\n\n\n\n<figure class=\"wp-block-table\"><table class=\"\"><tbody><tr><td>Nom du site web<\/td><td>Modalit\u00e9s de paiement<\/td><td>Contact de l&rsquo;\u00e9quipe de soutien <\/td><\/tr><tr><td>KeyInstant<\/td><td>Carte de cr\u00e9dit ou de d\u00e9bit, PayPal, VISA, MasterCard, American Express, JCB, Discover, CashU, Diners Club, Bitcoin ou Altcoin, UnionPay, Paysera, Amazon Payments, Paysafecard, Skrill, WebMoney Transfer, Neteller, Payza, LavaPay, Perfect Money, OKPay, Payssion, Payeer, Neosurf.<\/td><td>support@keyinstant.com<\/td><\/tr><tr><td>PremiumAccountz.com<\/td><td>PayPal, VISA, MasterCard, American Express, JCB, Discover, Diners Club, UnionPay, AliPay, Amazon Payments, Paysafecard, Skrill, Bitcoin ou Altcoin, WebMoney Transfer, OKPay, Payssion, CashU, Neosurf.<\/td><td>support@premiumaccountz.com<\/td><\/tr><tr><td>uTop.us<\/td><td>PayPal, Payza, Skrill, Automated Clearing House ou ACH, virement bancaire ou t\u00e9l\u00e9graphique, Alipay, Alfa-Click, BitCoin ou Altcoin ou LiteCoin et autres monnaies cryptographiques, B-Pay, Cash4wm, CashU, OneCard, Visa, Mastercard, Amex, JCB, EasyPayWay, virement bancaire local (pour la Chine), UnionPay (ABC, BOC, CCB, ICBC, CMB, PSBC), Inde (SBI, Axis, ou Kotak), National Electronic Funds Transfer (NEFT), Liqpay, Online Banking (pour les pays du Royaume-Uni (RU), Autriche, Australie, Belgique, Belarus, Br\u00e9sil, Estonie, Allemagne, Inde, Lithunia, Lettonie, Pays-Bas, Nouvelle-Z\u00e9lande, Pologne, Russie, Slovaquie et Ukraine), Money Gram, Neteller, Okpay, Payeer, PerfectMoney, PaySera, Paxum, POLI, Qiwi, SafetyPay, paiements par SMS ou par carte de cr\u00e9dit, Ukash, Unistream, Wallet One, WebMoney Transfer (WebMoney Japan, WME ou WMR ou WMZ), Wester Union, Yandex Money, Z-Payments, OOOpay, SWIFT, PaySafeCard, Banamex, Banco do Brasil, Bancomer, Bradesco, Caixa, Banco Ita\u00fa, Oxxo, Santander Mexico et Openbucks (paiements par carte cadeau).<\/td><td>uTop@uTop.us<\/td><\/tr><tr><td>Digitadiko<\/td><td>Paypal, cartes de cr\u00e9dit, Paysafecard, d\u00e9p\u00f4t bancaire, CashU, ClickandBuy, carte de cr\u00e9dit\/d\u00e9bit, Maestro, MasterCard, Visa ou Visa Electron, Ukash, OKpay, Bitcoin ou Altcoin, Webmoney Transfer, paiement par sms ou SMS, Payza, Skrill, Ideal, Sofort, Giropay, banque \u00e9lectronique (pour les pays d&rsquo;Autriche, Belgique, R\u00e9publique tch\u00e8que, Pays-Bas, Lituanie et Slovaquie), Western Union et autres.<\/td><td>sales@digitadiko.com<\/td><\/tr><tr><td>OneClickReseller<\/td><td>Cartes de cr\u00e9dit (Visa, Mastercard, JCB, Diners, American Express, Discover WORLDWIDE), Paysafecard (USA ou EUROPE), cartes de d\u00e9bit, d\u00e9bit direct, Moneybookers, Skrill, BitCoins ou Altcoins, Inpay (Virement bancaire local pour les \u00c9tats-Unis d&rsquo;Am\u00e9rique (USA) ou le Royaume-Uni (UK) ou l&rsquo;Europe ou l&rsquo;Australie ou la Chine, et autres), Alipay, paiement par SMS ou message texte, CashU, Perfect Money, Virement bancaire local pour l&rsquo;Am\u00e9rique du Sud et l&rsquo;Europe (SafetyPay), Paysera, Webmoney Transfer, Western Union<\/td><td>Sales@OneClickReseller.com<\/td><\/tr><tr><td>FilePlanet Premium<\/td><td>VISA, MasterCard, Paysafecard, Sofort, Moneybookers, cashU, Przelewy24, SafetyPay, OKPAY, Bitcoin ou Altcoin ou Litecoin ou Dogecoin, WebMoney Transfer, Perfect Money, paiement par SMS ou SMS, Banque \u00e9lectronique, Virement bancaire ou t\u00e9l\u00e9graphique, Privat24, QIWI, Yandex.Money<\/td><td>dnlreseller@gmail.com<\/td><\/tr><tr><td>Hotfile Premium Store<\/td><td>Cartes de cr\u00e9dit (Visa et Mastercard), cartes de d\u00e9bit (India 52 Banks), Net Banking, Cash Cards, Cash Deposit (ICICI et SBI Bank), National Electronic Funds Transfer (NEFT), Western Union, Demand Draft, Cheque Deposit, Webmoney Transfer, Bitcoins ou Altcoins, Money Gram<\/td><td>hotfilepremiumstore@gmail.com<\/td><\/tr><tr><td>BigShareShop<\/td><td>Bitcoins ou Altcoins, PayPal, WebMoney Transfer, CashU, Perfect Money, Sofort, Skrill, Payza, OKPay (portefeuille num\u00e9rique)<\/td><td>info@bigshareshop.com<\/td><\/tr><\/tbody><\/table><\/figure>\n\n\n\n<p>Pour des pays sp\u00e9cifiques :<\/p>\n\n\n\n<figure class=\"wp-block-table\"><table class=\"\"><tbody><tr><td>PayNow.taobao.com (Asie et Chine)<\/td><td>Taobao, Alipay, UnionPay, cartes de cr\u00e9dit et toutes les autres banques chinoises<\/td><td>spider@live.in<\/td><\/tr><tr><td>Prime en roupies (Inde)<\/td><td>Carte de cr\u00e9dit en Inde uniquement, Visa et Mastercard en Inde uniquement, Carte de d\u00e9bit (India 52 Banks ), Net Banking, Cash Cards, Cash Deposit (ICICI et SBI Bank), National Electronic Funds Transfer (NEFT), Western Union, Demand Draft, Cheque Deposit, Webmoney Transfer, Bitcoins ou Altcoin, Money Gram<\/td><td>premiuminrupees@gmail.com<\/td><\/tr><\/tbody><\/table><\/figure>\n\n\n\n<p><\/p>\n\n\n\n<h2>Apprenez comment activer le compte Premium de WipFiles<\/h2>\n\n\n\n<p>L&rsquo;activation du compte Premium de WipFiles est tr\u00e8s importante pour qu&rsquo;un utilisateur puisse utiliser et profiter de toutes ses fonctionnalit\u00e9s et services. Pour activer le compte premium de WipFiles, l&rsquo;utilisateur doit acheter le code ou la cl\u00e9 d&rsquo;activation sur le site de WipFiles ou sur le site o\u00f9 se trouvent des revendeurs agr\u00e9\u00e9s de WipFiles. Veuillez suivre les instructions ci-dessous pour l&rsquo;activer.<\/p>\n\n\n\n<ol><li>Un utilisateur doit s&rsquo;inscrire sur la page d&rsquo;enregistrement de WipFiles (http:\/\/wipfiles.net\/?op=registration) pour cr\u00e9er son compte WipFiles. Lorsque son compte a \u00e9t\u00e9 cr\u00e9\u00e9 et confirm\u00e9, il peut se connecter \u00e0 son compte sur la page de connexion de WipFiles \u00e0 http:\/\/wipfiles.net\/login.html pour aller sur sa page \u00ab\u00a0Mon compte\u00a0\u00bb (http:\/\/wipfiles.net\/?op=my_account).<\/li><li> Lorsqu&rsquo;un utilisateur se trouve sur la page \u00ab\u00a0Mon compte\u00a0\u00bb de WipFiles, cherchez le champ \u00ab\u00a0Apply Premium Key\u00a0\u00bb.<\/li><li> Dans le champ \u00ab\u00a0Apply Premium Key\u00a0\u00bb, veuillez coller le code ou la cl\u00e9 d&rsquo;activation du compte WipFiles Premium (voir l&rsquo;exemple ci-dessous).<\/li><li> Cliquez sur le bouton \u00ab\u00a0Appliquer\u00a0\u00bb pour que le code apparaisse sur son compte Premium (Voir l&rsquo;exemple ci-dessous.)<\/li><\/ol>\n\n\n\n<figure class=\"wp-block-image\"><img src=\"https:\/\/lh5.googleusercontent.com\/7WJRfpCm7A2oCIuAOLw7hQrc1eQBl_Xa0AbKbg9DGrm_q6MZ2QMHBgm9bD3GFdI5xicbq-QZ1WyRme8MKIYhFgUi98uMjo-YESsIU7BqQAvVqI7ZLEcFkMGzFvLjY6iNtsGOGus\" alt=\"WipFiles Premium Account Activation\"\/><\/figure>\n\n\n\n<h2>Contacter le support WipFiles<\/h2>\n\n\n\n<p>Si un utilisateur est libre de contacter WipFiles s&rsquo;il a des questions concernant les paiements, les revendeurs, les fichiers, les fonctionnalit\u00e9s et les services, et les produits du site WipFiles ou par l&rsquo;interm\u00e9diaire de son email \u00e0 info.worldbytez@gmail.com ou de sa page de contact sur son site web \u00e0 http:\/\/wipfiles.net\/contact.html, mais il doit d&rsquo;abord lire la Foire aux questions ou FAQ (http:\/\/wipfiles.net\/faq.html) et les Conditions de service de WipFiles (http:\/\/wipfiles.net\/tos.html) avant de contacter l&rsquo;\u00e9quipe de support WipFiles.<\/p>\n\n\n<a class=\"maxbutton-2 maxbutton maxbutton-cta\" target=\"_blank\" rel=\"nofollow noopener\" href=\"\/go\/\"><span class='mb-text'>&gt;&gt; Acc\u00e9der au site original de Linkifier<\/span><\/a>\n\n\n<p><\/p>\n","protected":false},"excerpt":{"rendered":"<p>WipFiles est l&rsquo;un des fournisseurs d&rsquo;h\u00e9bergement de fichiers et dispose de trois types de comptes diff\u00e9rents pour ses utilisateurs :<\/p>\n","protected":false},"author":2,"featured_media":0,"parent":0,"menu_order":0,"comment_status":"closed","ping_status":"closed","template":"","meta":[],"yoast_head":"<!-- This site is optimized with the Yoast SEO plugin v18.3 - https:\/\/yoast.com\/wordpress\/plugins\/seo\/ -->\n<title>WipFiles Premium Compte: Le Filehoster En Un Coup D&#039;\u0153il<\/title>\n<meta name=\"description\" content=\"Que WipFiles soit un fournisseur r\u00e9put\u00e9 ou non, vous pouvez trouver la r\u00e9ponse dans le test actuel sur Multihoster.org \u279c Cliquez maintenant sur \u271a pour lire nos exp\u00e9riences !\" \/>\n<meta name=\"robots\" content=\"index, follow, max-snippet:-1, max-image-preview:large, max-video-preview:-1\" \/>\n<link rel=\"canonical\" href=\"https:\/\/multihoster.org\/fr\/wipfiles\/\" \/>\n<meta property=\"og:locale\" content=\"fr_FR\" \/>\n<meta property=\"og:type\" content=\"article\" \/>\n<meta property=\"og:title\" content=\"WipFiles Premium Compte: Le Filehoster En Un Coup D&#039;\u0153il\" \/>\n<meta property=\"og:description\" content=\"Que WipFiles soit un fournisseur r\u00e9put\u00e9 ou non, vous pouvez trouver la r\u00e9ponse dans le test actuel sur Multihoster.org \u279c Cliquez maintenant sur \u271a pour lire nos exp\u00e9riences !\" \/>\n<meta property=\"og:url\" content=\"https:\/\/multihoster.org\/fr\/wipfiles\/\" \/>\n<meta property=\"og:site_name\" content=\"Multihoster.org\" \/>\n<meta property=\"article:modified_time\" content=\"2020-04-21T12:10:02+00:00\" \/>\n<meta property=\"og:image\" content=\"https:\/\/lh5.googleusercontent.com\/bTpIFx537dT-rest-gAP3KZZQkErDmcV1CfuQEo4e0CqhVqUiWRKJNFvA_m0cN-o6cAS9cgFIdx33rQ16G9W5XHjJx52FBjTPKn7geqWRoSYrqyb3wRpKQ1plPi2_YMDZda5atg\" \/>\n<meta name=\"twitter:card\" content=\"summary\" \/>\n<meta name=\"twitter:label1\" content=\"Dur\u00e9e de lecture estim\u00e9e\" \/>\n\t<meta name=\"twitter:data1\" content=\"8 minutes\" \/>\n<script type=\"application\/ld+json\" class=\"yoast-schema-graph\">{\"@context\":\"https:\/\/schema.org\",\"@graph\":[{\"@type\":\"WebSite\",\"@id\":\"https:\/\/multihoster.org\/#website\",\"url\":\"https:\/\/multihoster.org\/\",\"name\":\"Multihoster.org\",\"description\":\"Reviews of the major Filehosting services\",\"potentialAction\":[{\"@type\":\"SearchAction\",\"target\":{\"@type\":\"EntryPoint\",\"urlTemplate\":\"https:\/\/multihoster.org\/?s={search_term_string}\"},\"query-input\":\"required name=search_term_string\"}],\"inLanguage\":\"fr-FR\"},{\"@type\":\"ImageObject\",\"@id\":\"https:\/\/multihoster.org\/fr\/wipfiles\/#primaryimage\",\"inLanguage\":\"fr-FR\",\"url\":\"https:\/\/lh5.googleusercontent.com\/bTpIFx537dT-rest-gAP3KZZQkErDmcV1CfuQEo4e0CqhVqUiWRKJNFvA_m0cN-o6cAS9cgFIdx33rQ16G9W5XHjJx52FBjTPKn7geqWRoSYrqyb3wRpKQ1plPi2_YMDZda5atg\",\"contentUrl\":\"https:\/\/lh5.googleusercontent.com\/bTpIFx537dT-rest-gAP3KZZQkErDmcV1CfuQEo4e0CqhVqUiWRKJNFvA_m0cN-o6cAS9cgFIdx33rQ16G9W5XHjJx52FBjTPKn7geqWRoSYrqyb3wRpKQ1plPi2_YMDZda5atg\"},{\"@type\":\"WebPage\",\"@id\":\"https:\/\/multihoster.org\/fr\/wipfiles\/#webpage\",\"url\":\"https:\/\/multihoster.org\/fr\/wipfiles\/\",\"name\":\"WipFiles Premium Compte: Le Filehoster En Un Coup D'\u0153il\",\"isPartOf\":{\"@id\":\"https:\/\/multihoster.org\/#website\"},\"primaryImageOfPage\":{\"@id\":\"https:\/\/multihoster.org\/fr\/wipfiles\/#primaryimage\"},\"datePublished\":\"2020-04-21T11:37:48+00:00\",\"dateModified\":\"2020-04-21T12:10:02+00:00\",\"description\":\"Que WipFiles soit un fournisseur r\u00e9put\u00e9 ou non, vous pouvez trouver la r\u00e9ponse dans le test actuel sur Multihoster.org \u279c Cliquez maintenant sur \u271a pour lire nos exp\u00e9riences !\",\"breadcrumb\":{\"@id\":\"https:\/\/multihoster.org\/fr\/wipfiles\/#breadcrumb\"},\"inLanguage\":\"fr-FR\",\"potentialAction\":[{\"@type\":\"ReadAction\",\"target\":[\"https:\/\/multihoster.org\/fr\/wipfiles\/\"]}]},{\"@type\":\"BreadcrumbList\",\"@id\":\"https:\/\/multihoster.org\/fr\/wipfiles\/#breadcrumb\",\"itemListElement\":[{\"@type\":\"ListItem\",\"position\":1,\"name\":\"Startseite\",\"item\":\"https:\/\/multihoster.org\/fr\/\"},{\"@type\":\"ListItem\",\"position\":2,\"name\":\"WipFiles Premium Compte: Le Filehoster En Un Coup D&rsquo;\u0153il\"}]}]}<\/script>\n<!-- \/ Yoast SEO plugin. -->","yoast_head_json":{"title":"WipFiles Premium Compte: Le Filehoster En Un Coup D'\u0153il","description":"Que WipFiles soit un fournisseur r\u00e9put\u00e9 ou non, vous pouvez trouver la r\u00e9ponse dans le test actuel sur Multihoster.org \u279c Cliquez maintenant sur \u271a pour lire nos exp\u00e9riences !","robots":{"index":"index","follow":"follow","max-snippet":"max-snippet:-1","max-image-preview":"max-image-preview:large","max-video-preview":"max-video-preview:-1"},"canonical":"https:\/\/multihoster.org\/fr\/wipfiles\/","og_locale":"fr_FR","og_type":"article","og_title":"WipFiles Premium Compte: Le Filehoster En Un Coup D'\u0153il","og_description":"Que WipFiles soit un fournisseur r\u00e9put\u00e9 ou non, vous pouvez trouver la r\u00e9ponse dans le test actuel sur Multihoster.org \u279c Cliquez maintenant sur \u271a pour lire nos exp\u00e9riences !","og_url":"https:\/\/multihoster.org\/fr\/wipfiles\/","og_site_name":"Multihoster.org","article_modified_time":"2020-04-21T12:10:02+00:00","og_image":[{"url":"https:\/\/lh5.googleusercontent.com\/bTpIFx537dT-rest-gAP3KZZQkErDmcV1CfuQEo4e0CqhVqUiWRKJNFvA_m0cN-o6cAS9cgFIdx33rQ16G9W5XHjJx52FBjTPKn7geqWRoSYrqyb3wRpKQ1plPi2_YMDZda5atg"}],"twitter_card":"summary","twitter_misc":{"Dur\u00e9e de lecture estim\u00e9e":"8 minutes"},"schema":{"@context":"https:\/\/schema.org","@graph":[{"@type":"WebSite","@id":"https:\/\/multihoster.org\/#website","url":"https:\/\/multihoster.org\/","name":"Multihoster.org","description":"Reviews of the major Filehosting services","potentialAction":[{"@type":"SearchAction","target":{"@type":"EntryPoint","urlTemplate":"https:\/\/multihoster.org\/?s={search_term_string}"},"query-input":"required name=search_term_string"}],"inLanguage":"fr-FR"},{"@type":"ImageObject","@id":"https:\/\/multihoster.org\/fr\/wipfiles\/#primaryimage","inLanguage":"fr-FR","url":"https:\/\/lh5.googleusercontent.com\/bTpIFx537dT-rest-gAP3KZZQkErDmcV1CfuQEo4e0CqhVqUiWRKJNFvA_m0cN-o6cAS9cgFIdx33rQ16G9W5XHjJx52FBjTPKn7geqWRoSYrqyb3wRpKQ1plPi2_YMDZda5atg","contentUrl":"https:\/\/lh5.googleusercontent.com\/bTpIFx537dT-rest-gAP3KZZQkErDmcV1CfuQEo4e0CqhVqUiWRKJNFvA_m0cN-o6cAS9cgFIdx33rQ16G9W5XHjJx52FBjTPKn7geqWRoSYrqyb3wRpKQ1plPi2_YMDZda5atg"},{"@type":"WebPage","@id":"https:\/\/multihoster.org\/fr\/wipfiles\/#webpage","url":"https:\/\/multihoster.org\/fr\/wipfiles\/","name":"WipFiles Premium Compte: Le Filehoster En Un Coup D'\u0153il","isPartOf":{"@id":"https:\/\/multihoster.org\/#website"},"primaryImageOfPage":{"@id":"https:\/\/multihoster.org\/fr\/wipfiles\/#primaryimage"},"datePublished":"2020-04-21T11:37:48+00:00","dateModified":"2020-04-21T12:10:02+00:00","description":"Que WipFiles soit un fournisseur r\u00e9put\u00e9 ou non, vous pouvez trouver la r\u00e9ponse dans le test actuel sur Multihoster.org \u279c Cliquez maintenant sur \u271a pour lire nos exp\u00e9riences !","breadcrumb":{"@id":"https:\/\/multihoster.org\/fr\/wipfiles\/#breadcrumb"},"inLanguage":"fr-FR","potentialAction":[{"@type":"ReadAction","target":["https:\/\/multihoster.org\/fr\/wipfiles\/"]}]},{"@type":"BreadcrumbList","@id":"https:\/\/multihoster.org\/fr\/wipfiles\/#breadcrumb","itemListElement":[{"@type":"ListItem","position":1,"name":"Startseite","item":"https:\/\/multihoster.org\/fr\/"},{"@type":"ListItem","position":2,"name":"WipFiles Premium Compte: Le Filehoster En Un Coup D&rsquo;\u0153il"}]}]}},"_links":{"self":[{"href":"https:\/\/multihoster.org\/fr\/wp-json\/wp\/v2\/pages\/4111"}],"collection":[{"href":"https:\/\/multihoster.org\/fr\/wp-json\/wp\/v2\/pages"}],"about":[{"href":"https:\/\/multihoster.org\/fr\/wp-json\/wp\/v2\/types\/page"}],"author":[{"embeddable":true,"href":"https:\/\/multihoster.org\/fr\/wp-json\/wp\/v2\/users\/2"}],"replies":[{"embeddable":true,"href":"https:\/\/multihoster.org\/fr\/wp-json\/wp\/v2\/comments?post=4111"}],"version-history":[{"count":2,"href":"https:\/\/multihoster.org\/fr\/wp-json\/wp\/v2\/pages\/4111\/revisions"}],"predecessor-version":[{"id":4128,"href":"https:\/\/multihoster.org\/fr\/wp-json\/wp\/v2\/pages\/4111\/revisions\/4128"}],"wp:attachment":[{"href":"https:\/\/multihoster.org\/fr\/wp-json\/wp\/v2\/media?parent=4111"}],"curies":[{"name":"wp","href":"https:\/\/api.w.org\/{rel}","templated":true}]}}